{"id":2740,"date":"2015-10-29T09:52:26","date_gmt":"2015-10-29T08:52:26","guid":{"rendered":"http:\/\/internacional.umh.es\/?page_id=2740"},"modified":"2024-01-15T08:48:51","modified_gmt":"2024-01-15T07:48:51","slug":"internacionalizacion","status":"publish","type":"page","link":"https:\/\/internacional.umh.es\/ca\/internacionalizacion\/","title":{"rendered":"INTERNACIONALITZACI\u00d3"},"content":{"rendered":"<p><\/p>\n<p style=\"text-align: justify\"><strong>L&#8217;\u00c0rea d&#8217;Internacionalitzaci\u00f3 de la Universitat Miguel Hern\u00e1ndez<\/strong> serveix de suport al <a href=\"https:\/\/www.umh.es\/contenido\/Universidad\/:uor_1798\/datos_val.html\" rel=\"noopener\" title=\"Ho veur\u00e0s en una nova finestra\" target=\"_blank\">Vicerectorat d&#8217;Internatzionalitzaci\u00f3 y cooperaci\u00f3<\/a> en accions estrat\u00e8giques per a potenciar la visibilitat i la projecci\u00f3 internacional de la UMH, atraure estudiants i personal docent i investigador d&#8217;universitats estrangeres de prestigi i facilitar la participaci\u00f3 de la comunitat universit\u00e0ria en programes de mobilitat internacional.<\/p>\n<p style=\"text-align: justify\">Per a aix\u00f2, l&#8217;\u00c0rea d&#8217;Internacionalitzaci\u00f3 s&#8217;encarrega de:<\/p>\n<ul>\n<li style=\"text-align: justify\">Identificar i realitzar el seguiment d&#8217;oportunitats per a donar suport a la pol\u00edtica d&#8217;internacionalitzaci\u00f3 de la UMH.<\/li>\n<li style=\"text-align: justify\">Coordinar les accions transversals per a l&#8217;establiment de les accions estrat\u00e8giques d&#8217;internacionalitzaci\u00f3.<\/li>\n<li style=\"text-align: justify\">Informar i assessorar la comunitat universit\u00e0ria sobre convocat\u00f2ries i accions en l&#8217;\u00e0mbit de les relacions transnacionals, la cooperaci\u00f3 internacional i els programes acad\u00e8mics conjunts.<\/li>\n<li style=\"text-align: justify\">Gestionar les convocat\u00f2ries d&#8217;ajudes de mobilitat internacional per al PDI i el PAS.<\/li>\n<\/ul>\n<hr>\n<ul>\n<li><a href=\"https:\/\/internacional.umh.es\/ca\/internacionalizacion\/internacionalizacion-de-la-docencia-universitaria-en-la-umh\/\" title=\"Accedeix al contingut multim\u00e8dia del Curs formatiu sobre internacionalitzaci\u00f3 de la doc\u00e8ncia\">Mira y descarrega les sessions del curs d&#8217;Internacionalitzaci\u00f3 de la doc\u00e8ncia universit\u00e0ria<\/a><\/li>\n<\/ul>\n<p>&nbsp;<\/p>","protected":false},"excerpt":{"rendered":"<p>L&#8217;\u00c0rea d&#8217;Internacionalitzaci\u00f3 de la Universitat Miguel Hern\u00e1ndez serveix de suport al Vicerectorat d&#8217;Internatzionalitzaci\u00f3 y cooperaci\u00f3 en accions estrat\u00e8giques per a potenciar la visibilitat i la projecci\u00f3 internacional de la UMH, atraure estudiants i personal docent i investigador d&#8217;universitats estrangeres de prestigi i facilitar la participaci\u00f3 de la comunitat universit\u00e0ria en programes de mobilitat internacional.<br \/>\nPer a [&#8230;]<\/p>\n","protected":false},"author":5216,"featured_media":0,"parent":0,"menu_order":4,"comment_status":"closed","ping_status":"closed","template":"","meta":{"ngg_post_thumbnail":0,"_links_to":"","_links_to_target":""},"yoast_head":"<!-- This site is optimized with the Yoast SEO plugin v17.5 - https:\/\/yoast.com\/wordpress\/plugins\/seo\/ -->\n<meta name=\"description\" content=\"El \u00c1rea de Internacionalizaci\u00f3n, desde el Vicerrec. Internacionalizaci\u00f3n y Cooperaci\u00f3n, potencia la visibilidad-proyecci\u00f3n internacional UMH.\" \/>\n<meta name=\"robots\" content=\"index, follow, max-snippet:-1, max-image-preview:large, max-video-preview:-1\" \/>\n<link rel=\"canonical\" href=\"https:\/\/internacional.umh.es\/ca\/internacionalizacion\/\" \/>\n<meta property=\"og:locale\" content=\"ca_ES\" \/>\n<meta property=\"og:type\" content=\"article\" \/>\n<meta property=\"og:title\" content=\"INTERNACIONALITZACI\u00d3 - Internacionalitzaci\u00f3 i Cooperaci\u00f3\" \/>\n<meta property=\"og:description\" content=\"El \u00c1rea de Internacionalizaci\u00f3n, desde el Vicerrec. Internacionalizaci\u00f3n y Cooperaci\u00f3n, potencia la visibilidad-proyecci\u00f3n internacional UMH.\" \/>\n<meta property=\"og:url\" content=\"https:\/\/internacional.umh.es\/en\/internacionalizacion\/\" \/>\n<meta property=\"og:site_name\" content=\"Internacionalitzaci\u00f3 i Cooperaci\u00f3\" \/>\n<meta property=\"article:modified_time\" content=\"2024-01-15T07:48:51+00:00\" \/>\n<meta name=\"twitter:card\" content=\"summary_large_image\" \/>\n<meta name=\"twitter:label1\" content=\"Est. reading time\" \/>\n\t<meta name=\"twitter:data1\" content=\"2 minuts\" \/>\n<script type=\"application\/ld+json\" class=\"yoast-schema-graph\">{\"@context\":\"https:\/\/schema.org\",\"@graph\":[{\"@type\":\"WebSite\",\"@id\":\"https:\/\/internacional.umh.es\/en\/#website\",\"url\":\"https:\/\/internacional.umh.es\/en\/\",\"name\":\"Internacionalitzaci\\u00f3 i Cooperaci\\u00f3\",\"description\":\"Universitat Miguel Hern\\u00e1ndez d&#039;Elx\",\"potentialAction\":[{\"@type\":\"SearchAction\",\"target\":{\"@type\":\"EntryPoint\",\"urlTemplate\":\"https:\/\/internacional.umh.es\/en\/?s={search_term_string}\"},\"query-input\":\"required name=search_term_string\"}],\"inLanguage\":\"ca\"},{\"@type\":\"WebPage\",\"@id\":\"https:\/\/internacional.umh.es\/en\/internacionalizacion\/#webpage\",\"url\":\"https:\/\/internacional.umh.es\/en\/internacionalizacion\/\",\"name\":\"INTERNACIONALITZACI\\u00d3 - Internacionalitzaci\\u00f3 i Cooperaci\\u00f3\",\"isPartOf\":{\"@id\":\"https:\/\/internacional.umh.es\/en\/#website\"},\"datePublished\":\"2015-10-29T08:52:26+00:00\",\"dateModified\":\"2024-01-15T07:48:51+00:00\",\"description\":\"El \\u00c1rea de Internacionalizaci\\u00f3n, desde el Vicerrec. Internacionalizaci\\u00f3n y Cooperaci\\u00f3n, potencia la visibilidad-proyecci\\u00f3n internacional UMH.\",\"breadcrumb\":{\"@id\":\"https:\/\/internacional.umh.es\/en\/internacionalizacion\/#breadcrumb\"},\"inLanguage\":\"ca\",\"potentialAction\":[{\"@type\":\"ReadAction\",\"target\":[\"https:\/\/internacional.umh.es\/en\/internacionalizacion\/\"]}]},{\"@type\":\"BreadcrumbList\",\"@id\":\"https:\/\/internacional.umh.es\/en\/internacionalizacion\/#breadcrumb\",\"itemListElement\":[{\"@type\":\"ListItem\",\"position\":1,\"name\":\"Home\",\"item\":\"https:\/\/internacional.umh.es\/en\/\"},{\"@type\":\"ListItem\",\"position\":2,\"name\":\"INTERNATIONALIZATION\"}]}]}<\/script>\n<!-- \/ Yoast SEO plugin. -->","yoast_head_json":{"description":"El \u00c1rea de Internacionalizaci\u00f3n, desde el Vicerrec. Internacionalizaci\u00f3n y Cooperaci\u00f3n, potencia la visibilidad-proyecci\u00f3n internacional UMH.","robots":{"index":"index","follow":"follow","max-snippet":"max-snippet:-1","max-image-preview":"max-image-preview:large","max-video-preview":"max-video-preview:-1"},"canonical":"https:\/\/internacional.umh.es\/ca\/internacionalizacion\/","og_locale":"ca_ES","og_type":"article","og_title":"INTERNACIONALITZACI\u00d3 - Internacionalitzaci\u00f3 i Cooperaci\u00f3","og_description":"El \u00c1rea de Internacionalizaci\u00f3n, desde el Vicerrec. Internacionalizaci\u00f3n y Cooperaci\u00f3n, potencia la visibilidad-proyecci\u00f3n internacional UMH.","og_url":"https:\/\/internacional.umh.es\/en\/internacionalizacion\/","og_site_name":"Internacionalitzaci\u00f3 i Cooperaci\u00f3","article_modified_time":"2024-01-15T07:48:51+00:00","twitter_card":"summary_large_image","twitter_misc":{"Est. reading time":"2 minuts"},"schema":{"@context":"https:\/\/schema.org","@graph":[{"@type":"WebSite","@id":"https:\/\/internacional.umh.es\/en\/#website","url":"https:\/\/internacional.umh.es\/en\/","name":"Internacionalitzaci\u00f3 i Cooperaci\u00f3","description":"Universitat Miguel Hern\u00e1ndez d&#039;Elx","potentialAction":[{"@type":"SearchAction","target":{"@type":"EntryPoint","urlTemplate":"https:\/\/internacional.umh.es\/en\/?s={search_term_string}"},"query-input":"required name=search_term_string"}],"inLanguage":"ca"},{"@type":"WebPage","@id":"https:\/\/internacional.umh.es\/en\/internacionalizacion\/#webpage","url":"https:\/\/internacional.umh.es\/en\/internacionalizacion\/","name":"INTERNACIONALITZACI\u00d3 - Internacionalitzaci\u00f3 i Cooperaci\u00f3","isPartOf":{"@id":"https:\/\/internacional.umh.es\/en\/#website"},"datePublished":"2015-10-29T08:52:26+00:00","dateModified":"2024-01-15T07:48:51+00:00","description":"El \u00c1rea de Internacionalizaci\u00f3n, desde el Vicerrec. Internacionalizaci\u00f3n y Cooperaci\u00f3n, potencia la visibilidad-proyecci\u00f3n internacional UMH.","breadcrumb":{"@id":"https:\/\/internacional.umh.es\/en\/internacionalizacion\/#breadcrumb"},"inLanguage":"ca","potentialAction":[{"@type":"ReadAction","target":["https:\/\/internacional.umh.es\/en\/internacionalizacion\/"]}]},{"@type":"BreadcrumbList","@id":"https:\/\/internacional.umh.es\/en\/internacionalizacion\/#breadcrumb","itemListElement":[{"@type":"ListItem","position":1,"name":"Home","item":"https:\/\/internacional.umh.es\/en\/"},{"@type":"ListItem","position":2,"name":"INTERNATIONALIZATION"}]}]}},"_links":{"self":[{"href":"https:\/\/internacional.umh.es\/ca\/wp-json\/wp\/v2\/pages\/2740"}],"collection":[{"href":"https:\/\/internacional.umh.es\/ca\/wp-json\/wp\/v2\/pages"}],"about":[{"href":"https:\/\/internacional.umh.es\/ca\/wp-json\/wp\/v2\/types\/page"}],"author":[{"embeddable":true,"href":"https:\/\/internacional.umh.es\/ca\/wp-json\/wp\/v2\/users\/5216"}],"replies":[{"embeddable":true,"href":"https:\/\/internacional.umh.es\/ca\/wp-json\/wp\/v2\/comments?post=2740"}],"version-history":[{"count":0,"href":"https:\/\/internacional.umh.es\/ca\/wp-json\/wp\/v2\/pages\/2740\/revisions"}],"wp:attachment":[{"href":"https:\/\/internacional.umh.es\/ca\/wp-json\/wp\/v2\/media?parent=2740"}],"curies":[{"name":"wp","href":"https:\/\/api.w.org\/{rel}","templated":true}]}}