{"id":2743,"date":"2015-10-29T10:02:31","date_gmt":"2015-10-29T09:02:31","guid":{"rendered":"http:\/\/internacional.umh.es\/?page_id=2743"},"modified":"2023-12-01T09:54:42","modified_gmt":"2023-12-01T08:54:42","slug":"acles","status":"publish","type":"page","link":"https:\/\/internacional.umh.es\/ca\/internacionalizacion\/acles\/","title":{"rendered":"ACLES: ex\u00e0mens de certificaci\u00f3 d&#8217;angl\u00e9s"},"content":{"rendered":"<p><img loading=\"lazy\" class=\"alignleft wp-image-2512\" src=\"https:\/\/internacional.umh.es\/files\/2015\/07\/logo_acles.png\" title=\"Els ex\u00e0mens oficials Associaci\u00f3 de Centres de Llengua en l'Ensenyament Superior (ACLES) es realitzen en la UMH\" alt=\"ACLES logo\" width=\"110\" height=\"147\"><\/p>\n<p style=\"text-align: justify\">L&#8217;examen CERTACLES d&#8217;acreditaci\u00f3 ling\u00fc\u00edstica de la Universitat Miguel Hern\u00e1ndez \u00e9s una prova que s&#8217;adapta al model establit per l&#8217;Associaci\u00f3 <strong><a href=\"http:\/\/www.acles.es\" target=\"_blank\" title=\"Ho veur\u00e0s en una nova finestra\" rel=\"noopener noreferrer\">de Centres de Llengua en l&#8217;Ensenyament Superior (ACLES),<\/a><\/strong> filial de la Confederaci\u00f3 Europea de Centres de Lleng\u00fces en l&#8217;Ensenyament Superior (CERCLES) que agrupa m\u00e9s de 300 universitats de 27 pa\u00efsos europeus.<\/p>\n<p style=\"text-align: justify\">\u00c9s una prova reconeguda per la Confer\u00e8ncia de Rectors d&#8217;Universitats Espanyoles (CRUE) i v\u00e0lida per a l&#8217;acreditaci\u00f3 de compet\u00e8ncia ling\u00fc\u00edstica en lleng\u00fces estrangeres en l&#8217;\u00e0mbit territorial de la Comunitat valenciana (per a informaci\u00f3, sobre el reconeixement en altres comunitats, s&#8217;haur\u00e0 de consultar <strong><a href=\"https:\/\/www.acles.es\/es\/reconocimientos\" title=\"Ho veur\u00e0s en una nova finestra\" target=\"_blank\" rel=\"noopener\">acles.es\/es\/reconocimientos<\/a>.<\/strong> Aquesta <a href=\"https:\/\/internacional.umh.es\/2021\/04\/29\/acles-examenes-de-certificacion-de-ingles-mayo-2021\/\" rel=\"noopener\" target=\"_blank\" title=\"Accede a pruebas anteriores\">certificaci\u00f3<\/a> est\u00e0 desvinculada de qualsevol mena de curs de formaci\u00f3 o d&#8217;acreditaci\u00f3 anterior, \u00e9s a dir, que es tracta d&#8217;una prova independent, deslligada dels cursos de llengua estrangera impartits pel Centre d&#8217;idiomes de la UMH o de qualsevol altre curs, i per a la qual no \u00e9s necessari haver superat un curs o haver acreditat nivells inferiors.<\/p>\n<hr>\n<p><strong>INFORMACI\u00d3 GENERAL<\/strong><\/p>\n<p>Els ex\u00e0mens de ACLES han passat a gestionar-se a trav\u00e9s del Centre d&#8217;Idiomes de la UMH.<\/p>\n<ul>\n<li><strong><a href=\"https:\/\/www.idiomasumh.es\/es\/ingles\/certificaciones-acles\" target=\"Ho veur\u00e0s en una nova finestra\" rel=\"noopener\">Pot accedir a la informaci\u00f3 a trav\u00e9s d&#8217;idiomasumh.es\/es\/ingles\/certificaciones-acles<\/a><\/strong><\/li>\n<\/ul>\n<p>&nbsp;<\/p>","protected":false},"excerpt":{"rendered":"<p>L&#8217;examen CERTACLES d&#8217;acreditaci\u00f3 ling\u00fc\u00edstica de la Universitat Miguel Hern\u00e1ndez \u00e9s una prova que s&#8217;adapta al model establit per l&#8217;Associaci\u00f3 de Centres de Llengua en l&#8217;Ensenyament Superior (ACLES), filial de la Confederaci\u00f3 Europea de Centres de Lleng\u00fces en l&#8217;Ensenyament Superior (CERCLES) que agrupa m\u00e9s de 300 universitats de 27 pa\u00efsos europeus.<br \/>\n\u00c9s una prova reconeguda per la [&#8230;]<\/p>\n","protected":false},"author":3296,"featured_media":0,"parent":2740,"menu_order":1,"comment_status":"closed","ping_status":"closed","template":"","meta":{"ngg_post_thumbnail":0,"_links_to":"","_links_to_target":""},"yoast_head":"<!-- This site is optimized with the Yoast SEO plugin v17.5 - https:\/\/yoast.com\/wordpress\/plugins\/seo\/ -->\n<meta name=\"description\" content=\"El examen CERTACLES de acreditaci\u00f3n ling\u00fc\u00edstica de la UMH se adapta al de la Asociaci\u00f3n de Centros de Lengua en la Ense\u00f1anza Superior (ACLES)\" \/>\n<meta name=\"robots\" content=\"index, follow, max-snippet:-1, max-image-preview:large, max-video-preview:-1\" \/>\n<link rel=\"canonical\" href=\"https:\/\/internacional.umh.es\/ca\/internacionalizacion\/acles\/\" \/>\n<meta property=\"og:locale\" content=\"ca_ES\" \/>\n<meta property=\"og:type\" content=\"article\" \/>\n<meta property=\"og:title\" content=\"ACLES: ex\u00e0mens de certificaci\u00f3 d&#039;angl\u00e9s - Internacionalitzaci\u00f3 i Cooperaci\u00f3\" \/>\n<meta property=\"og:description\" content=\"El examen CERTACLES de acreditaci\u00f3n ling\u00fc\u00edstica de la UMH se adapta al de la Asociaci\u00f3n de Centros de Lengua en la Ense\u00f1anza Superior (ACLES)\" \/>\n<meta property=\"og:url\" content=\"https:\/\/internacional.umh.es\/en\/internacionalizacion\/acles\/\" \/>\n<meta property=\"og:site_name\" content=\"Internacionalitzaci\u00f3 i Cooperaci\u00f3\" \/>\n<meta property=\"article:modified_time\" content=\"2023-12-01T08:54:42+00:00\" \/>\n<meta property=\"og:image\" content=\"https:\/\/internacional.umh.es\/files\/2015\/07\/logo_acles.png\" \/>\n<meta name=\"twitter:card\" content=\"summary_large_image\" \/>\n<meta name=\"twitter:label1\" content=\"Est. reading time\" \/>\n\t<meta name=\"twitter:data1\" content=\"3 minuts\" \/>\n<script type=\"application\/ld+json\" class=\"yoast-schema-graph\">{\"@context\":\"https:\/\/schema.org\",\"@graph\":[{\"@type\":\"WebSite\",\"@id\":\"https:\/\/internacional.umh.es\/en\/#website\",\"url\":\"https:\/\/internacional.umh.es\/en\/\",\"name\":\"Internacionalitzaci\\u00f3 i Cooperaci\\u00f3\",\"description\":\"Universitat Miguel Hern\\u00e1ndez d&#039;Elx\",\"potentialAction\":[{\"@type\":\"SearchAction\",\"target\":{\"@type\":\"EntryPoint\",\"urlTemplate\":\"https:\/\/internacional.umh.es\/en\/?s={search_term_string}\"},\"query-input\":\"required name=search_term_string\"}],\"inLanguage\":\"ca\"},{\"@type\":\"ImageObject\",\"@id\":\"https:\/\/internacional.umh.es\/en\/internacionalizacion\/acles\/#primaryimage\",\"inLanguage\":\"ca\",\"url\":\"https:\/\/internacional.umh.es\/files\/2015\/07\/logo_acles.png\",\"contentUrl\":\"https:\/\/internacional.umh.es\/files\/2015\/07\/logo_acles.png\",\"width\":219,\"height\":292,\"caption\":\"ACLES logo\"},{\"@type\":\"WebPage\",\"@id\":\"https:\/\/internacional.umh.es\/en\/internacionalizacion\/acles\/#webpage\",\"url\":\"https:\/\/internacional.umh.es\/en\/internacionalizacion\/acles\/\",\"name\":\"ACLES: ex\\u00e0mens de certificaci\\u00f3 d'angl\\u00e9s - Internacionalitzaci\\u00f3 i Cooperaci\\u00f3\",\"isPartOf\":{\"@id\":\"https:\/\/internacional.umh.es\/en\/#website\"},\"primaryImageOfPage\":{\"@id\":\"https:\/\/internacional.umh.es\/en\/internacionalizacion\/acles\/#primaryimage\"},\"datePublished\":\"2015-10-29T09:02:31+00:00\",\"dateModified\":\"2023-12-01T08:54:42+00:00\",\"description\":\"El examen CERTACLES de acreditaci\\u00f3n ling\\u00fc\\u00edstica de la UMH se adapta al de la Asociaci\\u00f3n de Centros de Lengua en la Ense\\u00f1anza Superior (ACLES)\",\"breadcrumb\":{\"@id\":\"https:\/\/internacional.umh.es\/en\/internacionalizacion\/acles\/#breadcrumb\"},\"inLanguage\":\"ca\",\"potentialAction\":[{\"@type\":\"ReadAction\",\"target\":[\"https:\/\/internacional.umh.es\/en\/internacionalizacion\/acles\/\"]}]},{\"@type\":\"BreadcrumbList\",\"@id\":\"https:\/\/internacional.umh.es\/en\/internacionalizacion\/acles\/#breadcrumb\",\"itemListElement\":[{\"@type\":\"ListItem\",\"position\":1,\"name\":\"Home\",\"item\":\"https:\/\/internacional.umh.es\/en\/\"},{\"@type\":\"ListItem\",\"position\":2,\"name\":\"INTERNATIONALIZATION\",\"item\":\"https:\/\/internacional.umh.es\/en\/internacionalizacion\/\"},{\"@type\":\"ListItem\",\"position\":3,\"name\":\"ACLES English Certification Examinations\"}]}]}<\/script>\n<!-- \/ Yoast SEO plugin. -->","yoast_head_json":{"description":"El examen CERTACLES de acreditaci\u00f3n ling\u00fc\u00edstica de la UMH se adapta al de la Asociaci\u00f3n de Centros de Lengua en la Ense\u00f1anza Superior (ACLES)","robots":{"index":"index","follow":"follow","max-snippet":"max-snippet:-1","max-image-preview":"max-image-preview:large","max-video-preview":"max-video-preview:-1"},"canonical":"https:\/\/internacional.umh.es\/ca\/internacionalizacion\/acles\/","og_locale":"ca_ES","og_type":"article","og_title":"ACLES: ex\u00e0mens de certificaci\u00f3 d'angl\u00e9s - Internacionalitzaci\u00f3 i Cooperaci\u00f3","og_description":"El examen CERTACLES de acreditaci\u00f3n ling\u00fc\u00edstica de la UMH se adapta al de la Asociaci\u00f3n de Centros de Lengua en la Ense\u00f1anza Superior (ACLES)","og_url":"https:\/\/internacional.umh.es\/en\/internacionalizacion\/acles\/","og_site_name":"Internacionalitzaci\u00f3 i Cooperaci\u00f3","article_modified_time":"2023-12-01T08:54:42+00:00","og_image":[{"url":"https:\/\/internacional.umh.es\/files\/2015\/07\/logo_acles.png"}],"twitter_card":"summary_large_image","twitter_misc":{"Est. reading time":"3 minuts"},"schema":{"@context":"https:\/\/schema.org","@graph":[{"@type":"WebSite","@id":"https:\/\/internacional.umh.es\/en\/#website","url":"https:\/\/internacional.umh.es\/en\/","name":"Internacionalitzaci\u00f3 i Cooperaci\u00f3","description":"Universitat Miguel Hern\u00e1ndez d&#039;Elx","potentialAction":[{"@type":"SearchAction","target":{"@type":"EntryPoint","urlTemplate":"https:\/\/internacional.umh.es\/en\/?s={search_term_string}"},"query-input":"required name=search_term_string"}],"inLanguage":"ca"},{"@type":"ImageObject","@id":"https:\/\/internacional.umh.es\/en\/internacionalizacion\/acles\/#primaryimage","inLanguage":"ca","url":"https:\/\/internacional.umh.es\/files\/2015\/07\/logo_acles.png","contentUrl":"https:\/\/internacional.umh.es\/files\/2015\/07\/logo_acles.png","width":219,"height":292,"caption":"ACLES logo"},{"@type":"WebPage","@id":"https:\/\/internacional.umh.es\/en\/internacionalizacion\/acles\/#webpage","url":"https:\/\/internacional.umh.es\/en\/internacionalizacion\/acles\/","name":"ACLES: ex\u00e0mens de certificaci\u00f3 d'angl\u00e9s - Internacionalitzaci\u00f3 i Cooperaci\u00f3","isPartOf":{"@id":"https:\/\/internacional.umh.es\/en\/#website"},"primaryImageOfPage":{"@id":"https:\/\/internacional.umh.es\/en\/internacionalizacion\/acles\/#primaryimage"},"datePublished":"2015-10-29T09:02:31+00:00","dateModified":"2023-12-01T08:54:42+00:00","description":"El examen CERTACLES de acreditaci\u00f3n ling\u00fc\u00edstica de la UMH se adapta al de la Asociaci\u00f3n de Centros de Lengua en la Ense\u00f1anza Superior (ACLES)","breadcrumb":{"@id":"https:\/\/internacional.umh.es\/en\/internacionalizacion\/acles\/#breadcrumb"},"inLanguage":"ca","potentialAction":[{"@type":"ReadAction","target":["https:\/\/internacional.umh.es\/en\/internacionalizacion\/acles\/"]}]},{"@type":"BreadcrumbList","@id":"https:\/\/internacional.umh.es\/en\/internacionalizacion\/acles\/#breadcrumb","itemListElement":[{"@type":"ListItem","position":1,"name":"Home","item":"https:\/\/internacional.umh.es\/en\/"},{"@type":"ListItem","position":2,"name":"INTERNATIONALIZATION","item":"https:\/\/internacional.umh.es\/en\/internacionalizacion\/"},{"@type":"ListItem","position":3,"name":"ACLES English Certification Examinations"}]}]}},"_links":{"self":[{"href":"https:\/\/internacional.umh.es\/ca\/wp-json\/wp\/v2\/pages\/2743"}],"collection":[{"href":"https:\/\/internacional.umh.es\/ca\/wp-json\/wp\/v2\/pages"}],"about":[{"href":"https:\/\/internacional.umh.es\/ca\/wp-json\/wp\/v2\/types\/page"}],"author":[{"embeddable":true,"href":"https:\/\/internacional.umh.es\/ca\/wp-json\/wp\/v2\/users\/3296"}],"replies":[{"embeddable":true,"href":"https:\/\/internacional.umh.es\/ca\/wp-json\/wp\/v2\/comments?post=2743"}],"version-history":[{"count":0,"href":"https:\/\/internacional.umh.es\/ca\/wp-json\/wp\/v2\/pages\/2743\/revisions"}],"up":[{"embeddable":true,"href":"https:\/\/internacional.umh.es\/ca\/wp-json\/wp\/v2\/pages\/2740"}],"wp:attachment":[{"href":"https:\/\/internacional.umh.es\/ca\/wp-json\/wp\/v2\/media?parent=2743"}],"curies":[{"name":"wp","href":"https:\/\/api.w.org\/{rel}","templated":true}]}}