{"id":2754,"date":"2015-10-29T10:45:46","date_gmt":"2015-10-29T09:45:46","guid":{"rendered":"http:\/\/internacional.umh.es\/?page_id=2754"},"modified":"2020-12-14T12:53:26","modified_gmt":"2020-12-14T11:53:26","slug":"convocatorias-anteriores","status":"publish","type":"page","link":"https:\/\/internacional.umh.es\/ca\/movilidad\/estudiantes\/erasmus\/convocatorias-anteriores\/","title":{"rendered":"<span lang=\"es\">(Espa\u00f1ol) Convocatorias anteriores<\/span>"},"content":{"rendered":"<p class=\"qtranxs-available-languages-message qtranxs-available-languages-message-ca\">Ho sent, per\u00f2 aquesta entrada nom\u00e9s est\u00e0 disponible en <a href=\"https:\/\/internacional.umh.es\/es\/wp-json\/wp\/v2\/pages\/2754\" class=\"qtranxs-available-language-link qtranxs-available-language-link-es\" title=\"Espa\u00f1ol\">Espanyol Europeu<\/a>.<\/p>","protected":false},"excerpt":{"rendered":"<p>Ho sent, per\u00f2 aquesta entrada nom\u00e9s est\u00e0 disponible en Espanyol Europeu.<\/p>\n","protected":false},"author":3296,"featured_media":0,"parent":10,"menu_order":6,"comment_status":"closed","ping_status":"closed","template":"","meta":{"ngg_post_thumbnail":0,"_links_to":"","_links_to_target":""},"yoast_head":"<!-- This site is optimized with the Yoast SEO plugin v17.5 - https:\/\/yoast.com\/wordpress\/plugins\/seo\/ -->\n<meta name=\"robots\" content=\"index, follow, max-snippet:-1, max-image-preview:large, max-video-preview:-1\" \/>\n<link rel=\"canonical\" href=\"https:\/\/internacional.umh.es\/ca\/movilidad\/estudiantes\/erasmus\/convocatorias-anteriores\/\" \/>\n<meta property=\"og:locale\" content=\"ca_ES\" \/>\n<meta property=\"og:type\" content=\"article\" \/>\n<meta property=\"og:title\" content=\"Convocatorias anteriores - Internacionalitzaci\u00f3 i Cooperaci\u00f3\" \/>\n<meta property=\"og:description\" content=\"Ho sent, per\u00f2 aquesta entrada nom\u00e9s est\u00e0 disponible en Espanyol Europeu.\" \/>\n<meta property=\"og:url\" content=\"https:\/\/internacional.umh.es\/movilidad\/estudiantes\/erasmus\/convocatorias-anteriores\/\" \/>\n<meta property=\"og:site_name\" content=\"Internacionalitzaci\u00f3 i Cooperaci\u00f3\" \/>\n<meta property=\"article:modified_time\" content=\"2020-12-14T11:53:26+00:00\" \/>\n<meta name=\"twitter:card\" content=\"summary_large_image\" \/>\n<script type=\"application\/ld+json\" class=\"yoast-schema-graph\">{\"@context\":\"https:\/\/schema.org\",\"@graph\":[{\"@type\":\"WebSite\",\"@id\":\"https:\/\/internacional.umh.es\/en\/#website\",\"url\":\"https:\/\/internacional.umh.es\/en\/\",\"name\":\"Internacionalitzaci\\u00f3 i Cooperaci\\u00f3\",\"description\":\"Universitat Miguel Hern\\u00e1ndez d&#039;Elx\",\"potentialAction\":[{\"@type\":\"SearchAction\",\"target\":{\"@type\":\"EntryPoint\",\"urlTemplate\":\"https:\/\/internacional.umh.es\/en\/?s={search_term_string}\"},\"query-input\":\"required name=search_term_string\"}],\"inLanguage\":\"ca\"},{\"@type\":\"WebPage\",\"@id\":\"https:\/\/internacional.umh.es\/movilidad\/estudiantes\/erasmus\/convocatorias-anteriores\/#webpage\",\"url\":\"https:\/\/internacional.umh.es\/movilidad\/estudiantes\/erasmus\/convocatorias-anteriores\/\",\"name\":\"Convocatorias anteriores - Internacionalitzaci\\u00f3 i Cooperaci\\u00f3\",\"isPartOf\":{\"@id\":\"https:\/\/internacional.umh.es\/en\/#website\"},\"datePublished\":\"2015-10-29T09:45:46+00:00\",\"dateModified\":\"2020-12-14T11:53:26+00:00\",\"breadcrumb\":{\"@id\":\"https:\/\/internacional.umh.es\/movilidad\/estudiantes\/erasmus\/convocatorias-anteriores\/#breadcrumb\"},\"inLanguage\":\"ca\",\"potentialAction\":[{\"@type\":\"ReadAction\",\"target\":[\"https:\/\/internacional.umh.es\/movilidad\/estudiantes\/erasmus\/convocatorias-anteriores\/\"]}]},{\"@type\":\"BreadcrumbList\",\"@id\":\"https:\/\/internacional.umh.es\/movilidad\/estudiantes\/erasmus\/convocatorias-anteriores\/#breadcrumb\",\"itemListElement\":[{\"@type\":\"ListItem\",\"position\":1,\"name\":\"Home\",\"item\":\"https:\/\/internacional.umh.es\/en\/\"},{\"@type\":\"ListItem\",\"position\":2,\"name\":\"MOBILITY\",\"item\":\"https:\/\/internacional.umh.es\/en\/movilidad\/\"},{\"@type\":\"ListItem\",\"position\":3,\"name\":\"Estudiantes\",\"item\":\"https:\/\/internacional.umh.es\/movilidad\/estudiantes\/\"},{\"@type\":\"ListItem\",\"position\":4,\"name\":\"ERASMUS\",\"item\":\"https:\/\/internacional.umh.es\/movilidad\/estudiantes\/erasmus\/\"},{\"@type\":\"ListItem\",\"position\":5,\"name\":\"(Espa\\u00f1ol) Convocatorias anteriores\"}]}]}<\/script>\n<!-- \/ Yoast SEO plugin. -->","yoast_head_json":{"robots":{"index":"index","follow":"follow","max-snippet":"max-snippet:-1","max-image-preview":"max-image-preview:large","max-video-preview":"max-video-preview:-1"},"canonical":"https:\/\/internacional.umh.es\/ca\/movilidad\/estudiantes\/erasmus\/convocatorias-anteriores\/","og_locale":"ca_ES","og_type":"article","og_title":"Convocatorias anteriores - Internacionalitzaci\u00f3 i Cooperaci\u00f3","og_description":"Ho sent, per\u00f2 aquesta entrada nom\u00e9s est\u00e0 disponible en Espanyol Europeu.","og_url":"https:\/\/internacional.umh.es\/movilidad\/estudiantes\/erasmus\/convocatorias-anteriores\/","og_site_name":"Internacionalitzaci\u00f3 i Cooperaci\u00f3","article_modified_time":"2020-12-14T11:53:26+00:00","twitter_card":"summary_large_image","schema":{"@context":"https:\/\/schema.org","@graph":[{"@type":"WebSite","@id":"https:\/\/internacional.umh.es\/en\/#website","url":"https:\/\/internacional.umh.es\/en\/","name":"Internacionalitzaci\u00f3 i Cooperaci\u00f3","description":"Universitat Miguel Hern\u00e1ndez d&#039;Elx","potentialAction":[{"@type":"SearchAction","target":{"@type":"EntryPoint","urlTemplate":"https:\/\/internacional.umh.es\/en\/?s={search_term_string}"},"query-input":"required name=search_term_string"}],"inLanguage":"ca"},{"@type":"WebPage","@id":"https:\/\/internacional.umh.es\/movilidad\/estudiantes\/erasmus\/convocatorias-anteriores\/#webpage","url":"https:\/\/internacional.umh.es\/movilidad\/estudiantes\/erasmus\/convocatorias-anteriores\/","name":"Convocatorias anteriores - Internacionalitzaci\u00f3 i Cooperaci\u00f3","isPartOf":{"@id":"https:\/\/internacional.umh.es\/en\/#website"},"datePublished":"2015-10-29T09:45:46+00:00","dateModified":"2020-12-14T11:53:26+00:00","breadcrumb":{"@id":"https:\/\/internacional.umh.es\/movilidad\/estudiantes\/erasmus\/convocatorias-anteriores\/#breadcrumb"},"inLanguage":"ca","potentialAction":[{"@type":"ReadAction","target":["https:\/\/internacional.umh.es\/movilidad\/estudiantes\/erasmus\/convocatorias-anteriores\/"]}]},{"@type":"BreadcrumbList","@id":"https:\/\/internacional.umh.es\/movilidad\/estudiantes\/erasmus\/convocatorias-anteriores\/#breadcrumb","itemListElement":[{"@type":"ListItem","position":1,"name":"Home","item":"https:\/\/internacional.umh.es\/en\/"},{"@type":"ListItem","position":2,"name":"MOBILITY","item":"https:\/\/internacional.umh.es\/en\/movilidad\/"},{"@type":"ListItem","position":3,"name":"Estudiantes","item":"https:\/\/internacional.umh.es\/movilidad\/estudiantes\/"},{"@type":"ListItem","position":4,"name":"ERASMUS","item":"https:\/\/internacional.umh.es\/movilidad\/estudiantes\/erasmus\/"},{"@type":"ListItem","position":5,"name":"(Espa\u00f1ol) Convocatorias anteriores"}]}]}},"_links":{"self":[{"href":"https:\/\/internacional.umh.es\/ca\/wp-json\/wp\/v2\/pages\/2754"}],"collection":[{"href":"https:\/\/internacional.umh.es\/ca\/wp-json\/wp\/v2\/pages"}],"about":[{"href":"https:\/\/internacional.umh.es\/ca\/wp-json\/wp\/v2\/types\/page"}],"author":[{"embeddable":true,"href":"https:\/\/internacional.umh.es\/ca\/wp-json\/wp\/v2\/users\/3296"}],"replies":[{"embeddable":true,"href":"https:\/\/internacional.umh.es\/ca\/wp-json\/wp\/v2\/comments?post=2754"}],"version-history":[{"count":0,"href":"https:\/\/internacional.umh.es\/ca\/wp-json\/wp\/v2\/pages\/2754\/revisions"}],"up":[{"embeddable":true,"href":"https:\/\/internacional.umh.es\/ca\/wp-json\/wp\/v2\/pages\/10"}],"wp:attachment":[{"href":"https:\/\/internacional.umh.es\/ca\/wp-json\/wp\/v2\/media?parent=2754"}],"curies":[{"name":"wp","href":"https:\/\/api.w.org\/{rel}","templated":true}]}}