{"id":28,"date":"2010-09-06T11:09:21","date_gmt":"2010-09-06T11:09:21","guid":{"rendered":"http:\/\/internacional.umh.es\/acogida\/programa-buddy\/"},"modified":"2026-01-20T15:42:44","modified_gmt":"2026-01-20T14:42:44","slug":"programa-buddy","status":"publish","type":"page","link":"https:\/\/internacional.umh.es\/ca\/incoming\/welcome-office\/programa-buddy\/","title":{"rendered":"Programa Buddy"},"content":{"rendered":"<p><\/p>\n<h2><strong>Qu\u00e8 \u00e9s el Programa Buddy?<\/strong><\/h2>\n<p style=\"text-align: justify\"><img loading=\"lazy\" class=\"alignleft wp-image-11993\" title=\"Alguns dels assistents al Dinar internacional cel\u00b7lebrada pel Club Erasmus de la UMH\" src=\"https:\/\/internacional.umh.es\/files\/2019\/07\/DSC_0962-1024x683.jpg\" alt=\"Dinar Internacional Club Erasmus 2018-19\" width=\"450\" height=\"300\" srcset=\"https:\/\/internacional.umh.es\/files\/2019\/07\/DSC_0962-1024x683.jpg 1024w, https:\/\/internacional.umh.es\/files\/2019\/07\/DSC_0962-300x200.jpg 300w, https:\/\/internacional.umh.es\/files\/2019\/07\/DSC_0962-768x512.jpg 768w\" sizes=\"(max-width: 450px) 100vw, 450px\" \/>El Programa Buddy \u00e9s un programa desenvolupat pel Servei de Relacions Internacionals, amb la finalitat d&#8217;ajudar els estudiants d&#8217;intercanvi a integrar-se social i acad\u00e8micament en la Universitat Miguel Hern\u00e1ndez.<\/p>\n<h3><strong>En qu\u00e8 consisteix?<\/strong><\/h3>\n<p style=\"text-align: justify\">Consisteix a apadrinar estudiants d&#8217;intercanvi que vinguen a la UMH durant el pr\u00f2xim curs. L&#8217;objectiu \u00e9s que aquests estudiants estrangers s&#8217;incorporen amb facilitat a la <a title=\"Coneix els avantatges per ser estudiant de la UMH\" href=\"https:\/\/internacional.umh.es\/ca\/incoming\/welcome-office\/vida-universitaria\/\">\u201cvida UMH\u201d<\/a>. A canvi, l&#8217;estudiant UMH pot beneficiar-se de con\u00e9ixer gent d&#8217;altres pa\u00efsos, cultura, idioma, etc. i es valorar\u00e0 positivament en les sol\u00b7licituds del programa Erasmus+ Estudios.<\/p>\n<h3><strong>Quins s\u00f3n els objectius?<\/strong><\/h3>\n<ul>\n<li>Integrar als estudiants d&#8217;intercanvi en la universitat.<\/li>\n<li>Ajudar els alumnes d&#8217;intercanvi a adaptar-se a la vida acad\u00e8mica i social espanyola.<\/li>\n<li>Practicar un idioma estranger per part de tots dos.<\/li>\n<li>Con\u00e9ixer noves persones, els seus idiomes, els seus costums, la seua cultura\u2026<\/li>\n<\/ul>\n<h3><strong>Quines funcions ha de realitzar un Buddy?<\/strong><\/h3>\n<ul>\n<li>Ajudar a l&#8217;estudiant d&#8217;intercanvi en la mesura de les seues possibilitats.<\/li>\n<li>Rebre al seu company estranger i ensenyar-li a despla\u00e7ar-se pel campus.<\/li>\n<li>Ajudar en la cerca d&#8217;allotjament. <a title=\"Ho veuer\u00e0s en una nova finestra\" href=\"http:\/\/ve.umh.es\/nido\/buscar.asp\" target=\"_blank\" rel=\"noopener noreferrer\">Accedeix al programa NIDO (Castell\u00e0)<\/a>.<\/li>\n<li>Integrar-li en l&#8217;ambient juvenil i universitari de la ciutat.<\/li>\n<li>Introduir-li en la cultura i en la societat espanyola fins a aconseguir que siga un m\u00e9s d&#8217;ella.<\/li>\n<\/ul>\n<h3><strong>Quins avantatges t\u00e9 ser Buddy?<\/strong><\/h3>\n<ul>\n<li>Podr\u00e0s practicar l&#8217;idioma que vulgues, ja que aparellem a les persones en funci\u00f3 dels idiomes que parlen. Incl\u00f2s l&#8217;espanyol! No \u00e9s necessari que s\u00e0pies angl\u00e9s per a poder participar.<\/li>\n<li>Organitzem activitats exclusives per als Erasmus a les quals est\u00e0s convidat\/per formar part del programa.<\/li>\n<li>Guanyar\u00e0s un punt en acabar el curs que et servir\u00e0 per a tindre m\u00e9s possibilitats d&#8217;anar-te d&#8217;Erasmus.<\/li>\n<li><span style=\"font-weight: 400\">Coneixer\u00e0s a gent de tot arreu del m\u00f3n.<\/span><\/li>\n<\/ul>\n<h3><strong>Com puc ser Buddy?<\/strong><\/h3>\n<p style=\"text-align: justify\">Per a poder ser buddy d&#8217;un estudiant d&#8217;intercanvi, <strong><a href=\"https:\/\/forms.gle\/ZradeHKWj3NdQz7N8\" target=\"_blank\" rel=\"noopener\">nom\u00e9s has d&#8217;emplenar el seg\u00fcent FORMULARI (Castell\u00e0<\/a>)&nbsp;<br \/>\nRecorda que has d&#8217;iniciar sessi\u00f3 amb el teu correu <strong>@goumh.umh.es<\/strong> per a poder enviar el formulari, a trav\u00e9s de <a title=\"Ho veru\u00e0s en una nova finestra\" href=\"https:\/\/workspace.umh.es\/gmail\/acceso-a-gmail-umh\/\" target=\"_blank\" rel=\"noopener noreferrer\">goumh.es<\/a>.<\/strong><\/p>\n<p style=\"text-align: justify\">Una vegada rebuda la teua sol\u00b7licitud, el Servei de Relacions Internacionals et comunicar\u00e0 les dades de l&#8217;estudiant apadrinat.<\/p>\n<h3><strong>Com puc sol\u00b7licitar un Buddy?<\/strong><\/h3>\n<p><a href=\"https:\/\/forms.gle\/dYWxJTUhqznigYq96\" target=\"_blank\" rel=\"noopener\">Pots sol\u00b7licitar un estudiant buddy perqu\u00e8 resolga els teus dubtes i t&#8217;acompanye durant els teus primers dies en la universitat <strong>mitjan\u00e7ant aquest formulari (Google forms)<\/strong><\/a><\/p>\n<h3><strong>COM SOL\u00b7LICITAR EL CERTIFICAT BUDDY?<\/strong><\/h3>\n<p>Escriu a programa.buddy@umh.es<\/p>\n<p><strong>OBLIGACIONS A COMPLIR:<\/strong><\/p>\n<ul>\n<li>Ajudar al teu Buddy en la mesura de les teues possibilitats.<\/li>\n<li>Rebre-li i ensenyar-li a despla\u00e7ar-se pel Campus.<\/li>\n<li>Ajudar-lo en la busca d&#8217;allotjament.<\/li>\n<li>Integrar-li en l&#8217;ambient juvenil i universitari de la ciutat.<\/li>\n<li>Introduir a ell@s la cultura i la societat local.<\/li>\n<\/ul>\n<h3><strong>COM HO ACREDITE?<\/strong><\/h3>\n<p>Envia&#8217;ns evid\u00e8ncies que has exercit com *buddy: WhatsApp, correus, fotos\u2026.. Avaluaci\u00f3 positiva de la teua *incoming.<br \/>\nQue ens digues:<\/p>\n<ul>\n<li>El teu nom complet.<\/li>\n<li>El teu DNI.<\/li>\n<li>El nom complet del teu *buddy.<\/li>\n<li>El seu correu.<\/li>\n<li>El per\u00edode en el qual vas exercir.<\/li>\n<\/ul>\n<h3><strong>QUAN PUC SOL\u00b7LICITAR-HO?<\/strong><\/h3>\n<p>Al final de cadascun dels quadrimestres, quan la mobilitat estiga a punt d&#8217;acabar (no obstant aix\u00f2, si \u00e9s de curs complet, tamb\u00e9 podr\u00e0s sol\u00b7licitar-ho). A mitat de semestre es far\u00e0 un seguiment de la relaci\u00f3 i, de tindre resposta positiva de totes dues parts, es podr\u00e0 avan\u00e7ar l&#8217;emissi\u00f3 del certificat.<\/p>\n<h3>QU\u00c8 PASSA SI NO PUC ACREDITAR-HO?Es plantegen dos situacions:<\/h3>\n<ul>\n<li>No tindre evid\u00e8ncies (p. ex. en canviar de m\u00f2bil): comenta-ho en compartir la *info del punt 3.<\/li>\n<li>*Incoming no contesta ni al correu d&#8217;avaluaci\u00f3 ni a tu: envia&#8217;ns proves dels teus intents de posar-te en contacte.<\/li>\n<\/ul>\n<h4><strong>Tens algun dubte?<\/strong><\/h4>\n<p style=\"text-align: justify\">Escriu-nos a<a title=\"Ho veuer\u00e0s en una nova finestra\" href=\"mailto:programa.buddy@umh.es\"> programa.buddy@umh.es <\/a> o contacta&#8217;ns per les nostres xarxes socials:<\/p>\n<p style=\"text-align: justify\"><b>Instagram<\/b>: <a href=\"https:\/\/www.instagram.com\/cluberasmusumh\/\" target=\"_blank\" rel=\"noopener\">@cluberasmusumh<\/a><\/p>\n<p><\/p>","protected":false},"excerpt":{"rendered":"<p>Qu\u00e8 \u00e9s el Programa Buddy?<br \/>\nEl Programa Buddy \u00e9s un programa desenvolupat pel Servei de Relacions Internacionals, amb la finalitat d&#8217;ajudar els estudiants d&#8217;intercanvi a integrar-se social i acad\u00e8micament en la Universitat Miguel Hern\u00e1ndez.<br \/>\nEn qu\u00e8 consisteix?<br \/>\nConsisteix a apadrinar estudiants d&#8217;intercanvi que vinguen a la UMH durant el pr\u00f2xim curs. L&#8217;objectiu \u00e9s que aquests estudiants estrangers s&#8217;incorporen [&#8230;]<\/p>\n","protected":false},"author":30,"featured_media":0,"parent":15497,"menu_order":2,"comment_status":"closed","ping_status":"closed","template":"","meta":{"ngg_post_thumbnail":0,"_links_to":"","_links_to_target":""},"yoast_head":"<!-- This site is optimized with the Yoast SEO plugin v17.5 - https:\/\/yoast.com\/wordpress\/plugins\/seo\/ -->\n<meta name=\"description\" content=\"El Programa Buddy, por el Servicio de Relaciones Internacionales, ayuda a estudiantes incoming a integrarse social y acad\u00e9micamente en la UMH.\" \/>\n<meta name=\"robots\" content=\"index, follow, max-snippet:-1, max-image-preview:large, max-video-preview:-1\" \/>\n<link rel=\"canonical\" href=\"https:\/\/internacional.umh.es\/ca\/incoming\/welcome-office\/programa-buddy\/\" \/>\n<meta property=\"og:locale\" content=\"ca_ES\" \/>\n<meta property=\"og:type\" content=\"article\" \/>\n<meta property=\"og:title\" content=\"Programa Buddy - Internacionalitzaci\u00f3 i Cooperaci\u00f3\" \/>\n<meta property=\"og:description\" content=\"El Programa Buddy, por el Servicio de Relaciones Internacionales, ayuda a estudiantes incoming a integrarse social y acad\u00e9micamente en la UMH.\" \/>\n<meta property=\"og:url\" content=\"https:\/\/internacional.umh.es\/incoming\/welcome-office\/programa-buddy\/\" \/>\n<meta property=\"og:site_name\" content=\"Internacionalitzaci\u00f3 i Cooperaci\u00f3\" \/>\n<meta property=\"article:modified_time\" content=\"2026-01-20T14:42:44+00:00\" \/>\n<meta property=\"og:image\" content=\"https:\/\/internacional.umh.es\/files\/2026\/01\/WhatsApp-Image-2026-01-20-at-12.43.39-245x300.jpeg\" \/>\n<meta name=\"twitter:card\" content=\"summary_large_image\" \/>\n<meta name=\"twitter:label1\" content=\"Est. reading time\" \/>\n\t<meta name=\"twitter:data1\" content=\"3 minuts\" \/>\n<script type=\"application\/ld+json\" class=\"yoast-schema-graph\">{\"@context\":\"https:\/\/schema.org\",\"@graph\":[{\"@type\":\"WebSite\",\"@id\":\"https:\/\/internacional.umh.es\/en\/#website\",\"url\":\"https:\/\/internacional.umh.es\/en\/\",\"name\":\"Internacionalitzaci\\u00f3 i Cooperaci\\u00f3\",\"description\":\"Universitat Miguel Hern\\u00e1ndez d&#039;Elx\",\"potentialAction\":[{\"@type\":\"SearchAction\",\"target\":{\"@type\":\"EntryPoint\",\"urlTemplate\":\"https:\/\/internacional.umh.es\/en\/?s={search_term_string}\"},\"query-input\":\"required name=search_term_string\"}],\"inLanguage\":\"ca\"},{\"@type\":\"ImageObject\",\"@id\":\"https:\/\/internacional.umh.es\/incoming\/welcome-office\/programa-buddy\/#primaryimage\",\"inLanguage\":\"ca\",\"url\":\"https:\/\/internacional.umh.es\/files\/2026\/01\/WhatsApp-Image-2026-01-20-at-12.43.39.jpeg\",\"contentUrl\":\"https:\/\/internacional.umh.es\/files\/2026\/01\/WhatsApp-Image-2026-01-20-at-12.43.39.jpeg\",\"width\":1673,\"height\":2048},{\"@type\":\"WebPage\",\"@id\":\"https:\/\/internacional.umh.es\/incoming\/welcome-office\/programa-buddy\/#webpage\",\"url\":\"https:\/\/internacional.umh.es\/incoming\/welcome-office\/programa-buddy\/\",\"name\":\"Programa Buddy - Internacionalitzaci\\u00f3 i Cooperaci\\u00f3\",\"isPartOf\":{\"@id\":\"https:\/\/internacional.umh.es\/en\/#website\"},\"primaryImageOfPage\":{\"@id\":\"https:\/\/internacional.umh.es\/incoming\/welcome-office\/programa-buddy\/#primaryimage\"},\"datePublished\":\"2010-09-06T11:09:21+00:00\",\"dateModified\":\"2026-01-20T14:42:44+00:00\",\"description\":\"El Programa Buddy, por el Servicio de Relaciones Internacionales, ayuda a estudiantes incoming a integrarse social y acad\\u00e9micamente en la UMH.\",\"breadcrumb\":{\"@id\":\"https:\/\/internacional.umh.es\/incoming\/welcome-office\/programa-buddy\/#breadcrumb\"},\"inLanguage\":\"ca\",\"potentialAction\":[{\"@type\":\"ReadAction\",\"target\":[\"https:\/\/internacional.umh.es\/incoming\/welcome-office\/programa-buddy\/\"]}]},{\"@type\":\"BreadcrumbList\",\"@id\":\"https:\/\/internacional.umh.es\/incoming\/welcome-office\/programa-buddy\/#breadcrumb\",\"itemListElement\":[{\"@type\":\"ListItem\",\"position\":1,\"name\":\"Home\",\"item\":\"https:\/\/internacional.umh.es\/en\/\"},{\"@type\":\"ListItem\",\"position\":2,\"name\":\"INCOMING\",\"item\":\"https:\/\/internacional.umh.es\/incoming\/\"},{\"@type\":\"ListItem\",\"position\":3,\"name\":\"Welcome Office\",\"item\":\"https:\/\/internacional.umh.es\/incoming\/welcome-office\/\"},{\"@type\":\"ListItem\",\"position\":4,\"name\":\"Programa Buddy\"}]}]}<\/script>\n<!-- \/ Yoast SEO plugin. -->","yoast_head_json":{"description":"El Programa Buddy, por el Servicio de Relaciones Internacionales, ayuda a estudiantes incoming a integrarse social y acad\u00e9micamente en la UMH.","robots":{"index":"index","follow":"follow","max-snippet":"max-snippet:-1","max-image-preview":"max-image-preview:large","max-video-preview":"max-video-preview:-1"},"canonical":"https:\/\/internacional.umh.es\/ca\/incoming\/welcome-office\/programa-buddy\/","og_locale":"ca_ES","og_type":"article","og_title":"Programa Buddy - Internacionalitzaci\u00f3 i Cooperaci\u00f3","og_description":"El Programa Buddy, por el Servicio de Relaciones Internacionales, ayuda a estudiantes incoming a integrarse social y acad\u00e9micamente en la UMH.","og_url":"https:\/\/internacional.umh.es\/incoming\/welcome-office\/programa-buddy\/","og_site_name":"Internacionalitzaci\u00f3 i Cooperaci\u00f3","article_modified_time":"2026-01-20T14:42:44+00:00","og_image":[{"url":"https:\/\/internacional.umh.es\/files\/2026\/01\/WhatsApp-Image-2026-01-20-at-12.43.39-245x300.jpeg"}],"twitter_card":"summary_large_image","twitter_misc":{"Est. reading time":"3 minuts"},"schema":{"@context":"https:\/\/schema.org","@graph":[{"@type":"WebSite","@id":"https:\/\/internacional.umh.es\/en\/#website","url":"https:\/\/internacional.umh.es\/en\/","name":"Internacionalitzaci\u00f3 i Cooperaci\u00f3","description":"Universitat Miguel Hern\u00e1ndez d&#039;Elx","potentialAction":[{"@type":"SearchAction","target":{"@type":"EntryPoint","urlTemplate":"https:\/\/internacional.umh.es\/en\/?s={search_term_string}"},"query-input":"required name=search_term_string"}],"inLanguage":"ca"},{"@type":"ImageObject","@id":"https:\/\/internacional.umh.es\/incoming\/welcome-office\/programa-buddy\/#primaryimage","inLanguage":"ca","url":"https:\/\/internacional.umh.es\/files\/2026\/01\/WhatsApp-Image-2026-01-20-at-12.43.39.jpeg","contentUrl":"https:\/\/internacional.umh.es\/files\/2026\/01\/WhatsApp-Image-2026-01-20-at-12.43.39.jpeg","width":1673,"height":2048},{"@type":"WebPage","@id":"https:\/\/internacional.umh.es\/incoming\/welcome-office\/programa-buddy\/#webpage","url":"https:\/\/internacional.umh.es\/incoming\/welcome-office\/programa-buddy\/","name":"Programa Buddy - Internacionalitzaci\u00f3 i Cooperaci\u00f3","isPartOf":{"@id":"https:\/\/internacional.umh.es\/en\/#website"},"primaryImageOfPage":{"@id":"https:\/\/internacional.umh.es\/incoming\/welcome-office\/programa-buddy\/#primaryimage"},"datePublished":"2010-09-06T11:09:21+00:00","dateModified":"2026-01-20T14:42:44+00:00","description":"El Programa Buddy, por el Servicio de Relaciones Internacionales, ayuda a estudiantes incoming a integrarse social y acad\u00e9micamente en la UMH.","breadcrumb":{"@id":"https:\/\/internacional.umh.es\/incoming\/welcome-office\/programa-buddy\/#breadcrumb"},"inLanguage":"ca","potentialAction":[{"@type":"ReadAction","target":["https:\/\/internacional.umh.es\/incoming\/welcome-office\/programa-buddy\/"]}]},{"@type":"BreadcrumbList","@id":"https:\/\/internacional.umh.es\/incoming\/welcome-office\/programa-buddy\/#breadcrumb","itemListElement":[{"@type":"ListItem","position":1,"name":"Home","item":"https:\/\/internacional.umh.es\/en\/"},{"@type":"ListItem","position":2,"name":"INCOMING","item":"https:\/\/internacional.umh.es\/incoming\/"},{"@type":"ListItem","position":3,"name":"Welcome Office","item":"https:\/\/internacional.umh.es\/incoming\/welcome-office\/"},{"@type":"ListItem","position":4,"name":"Programa Buddy"}]}]}},"_links":{"self":[{"href":"https:\/\/internacional.umh.es\/ca\/wp-json\/wp\/v2\/pages\/28"}],"collection":[{"href":"https:\/\/internacional.umh.es\/ca\/wp-json\/wp\/v2\/pages"}],"about":[{"href":"https:\/\/internacional.umh.es\/ca\/wp-json\/wp\/v2\/types\/page"}],"author":[{"embeddable":true,"href":"https:\/\/internacional.umh.es\/ca\/wp-json\/wp\/v2\/users\/30"}],"replies":[{"embeddable":true,"href":"https:\/\/internacional.umh.es\/ca\/wp-json\/wp\/v2\/comments?post=28"}],"version-history":[{"count":0,"href":"https:\/\/internacional.umh.es\/ca\/wp-json\/wp\/v2\/pages\/28\/revisions"}],"up":[{"embeddable":true,"href":"https:\/\/internacional.umh.es\/ca\/wp-json\/wp\/v2\/pages\/15497"}],"wp:attachment":[{"href":"https:\/\/internacional.umh.es\/ca\/wp-json\/wp\/v2\/media?parent=28"}],"curies":[{"name":"wp","href":"https:\/\/api.w.org\/{rel}","templated":true}]}}