{"id":28474,"date":"2022-12-20T11:45:11","date_gmt":"2022-12-20T10:45:11","guid":{"rendered":"https:\/\/internacional.umh.es\/?page_id=28474"},"modified":"2024-03-22T13:45:03","modified_gmt":"2024-03-22T12:45:03","slug":"incoming-22-23-septiembre","status":"publish","type":"page","link":"https:\/\/internacional.umh.es\/ca\/incoming-22-23-septiembre\/","title":{"rendered":"<span lang=\"es\">(Espa\u00f1ol) INCOMING (Septiembre 2022-23)<\/span>"},"content":{"rendered":"<p class=\"qtranxs-available-languages-message qtranxs-available-languages-message-ca\">Ho sent, per\u00f2 aquesta entrada nom\u00e9s est\u00e0 disponible en <a href=\"https:\/\/internacional.umh.es\/es\/wp-json\/wp\/v2\/pages\/28474\" class=\"qtranxs-available-language-link qtranxs-available-language-link-es\" title=\"Espa\u00f1ol\">Espanyol Europeu<\/a> i <a href=\"https:\/\/internacional.umh.es\/en\/wp-json\/wp\/v2\/pages\/28474\" class=\"qtranxs-available-language-link qtranxs-available-language-link-en\" title=\"English\">Angl\u00e8s Americ\u00e0<\/a>.<\/p>","protected":false},"excerpt":{"rendered":"<p>Ho sent, per\u00f2 aquesta entrada nom\u00e9s est\u00e0 disponible en Espanyol Europeu i Angl\u00e8s Americ\u00e0.<\/p>\n","protected":false},"author":3107,"featured_media":0,"parent":0,"menu_order":0,"comment_status":"closed","ping_status":"closed","template":"","meta":{"ngg_post_thumbnail":0,"_links_to":"","_links_to_target":""},"yoast_head":"<!-- This site is optimized with the Yoast SEO plugin v17.5 - https:\/\/yoast.com\/wordpress\/plugins\/seo\/ -->\n<meta name=\"description\" content=\"La Semana de Bienvenida, Welcome Days, de la UMH ofrece tips para aprovechar al m\u00e1ximo tu experiencia internacional como estudiante incoming\" \/>\n<meta name=\"robots\" content=\"index, follow, max-snippet:-1, max-image-preview:large, max-video-preview:-1\" \/>\n<link rel=\"canonical\" href=\"https:\/\/internacional.umh.es\/ca\/incoming-22-23-septiembre\/\" \/>\n<meta property=\"og:locale\" content=\"ca_ES\" \/>\n<meta property=\"og:type\" content=\"article\" \/>\n<meta property=\"og:title\" content=\"(Espa\u00f1ol) INCOMING (Septiembre 2022-23) - Internacionalitzaci\u00f3 i Cooperaci\u00f3\" \/>\n<meta property=\"og:description\" content=\"La Semana de Bienvenida, Welcome Days, de la UMH ofrece tips para aprovechar al m\u00e1ximo tu experiencia internacional como estudiante incoming\" \/>\n<meta property=\"og:url\" content=\"https:\/\/internacional.umh.es\/en\/incoming-22-23-septiembre\/\" \/>\n<meta property=\"og:site_name\" content=\"Internacionalitzaci\u00f3 i Cooperaci\u00f3\" \/>\n<meta property=\"article:modified_time\" content=\"2024-03-22T12:45:03+00:00\" \/>\n<meta property=\"og:image\" content=\"https:\/\/internacional.umh.es\/files\/2022\/09\/Publicaciones-Instagram-14-300x300.png\" \/>\n<meta name=\"twitter:card\" content=\"summary_large_image\" \/>\n<meta name=\"twitter:label1\" content=\"Est. reading time\" \/>\n\t<meta name=\"twitter:data1\" content=\"3 minuts\" \/>\n<script type=\"application\/ld+json\" class=\"yoast-schema-graph\">{\"@context\":\"https:\/\/schema.org\",\"@graph\":[{\"@type\":\"WebSite\",\"@id\":\"https:\/\/internacional.umh.es\/en\/#website\",\"url\":\"https:\/\/internacional.umh.es\/en\/\",\"name\":\"Internacionalitzaci\\u00f3 i Cooperaci\\u00f3\",\"description\":\"Universitat Miguel Hern\\u00e1ndez d&#039;Elx\",\"potentialAction\":[{\"@type\":\"SearchAction\",\"target\":{\"@type\":\"EntryPoint\",\"urlTemplate\":\"https:\/\/internacional.umh.es\/en\/?s={search_term_string}\"},\"query-input\":\"required name=search_term_string\"}],\"inLanguage\":\"ca\"},{\"@type\":\"ImageObject\",\"@id\":\"https:\/\/internacional.umh.es\/en\/incoming-22-23-septiembre\/#primaryimage\",\"inLanguage\":\"ca\",\"url\":\"https:\/\/internacional.umh.es\/files\/2022\/09\/Publicaciones-Instagram-14.png\",\"contentUrl\":\"https:\/\/internacional.umh.es\/files\/2022\/09\/Publicaciones-Instagram-14.png\",\"width\":1080,\"height\":1080},{\"@type\":\"WebPage\",\"@id\":\"https:\/\/internacional.umh.es\/en\/incoming-22-23-septiembre\/#webpage\",\"url\":\"https:\/\/internacional.umh.es\/en\/incoming-22-23-septiembre\/\",\"name\":\"<span lang=\\\"es\\\">(Espa\\u00f1ol) INCOMING (Septiembre 2022-23) - Internacionalitzaci\\u00f3 i Cooperaci\\u00f3<\/span>\",\"isPartOf\":{\"@id\":\"https:\/\/internacional.umh.es\/en\/#website\"},\"primaryImageOfPage\":{\"@id\":\"https:\/\/internacional.umh.es\/en\/incoming-22-23-septiembre\/#primaryimage\"},\"datePublished\":\"2022-12-20T10:45:11+00:00\",\"dateModified\":\"2024-03-22T12:45:03+00:00\",\"description\":\"La Semana de Bienvenida, Welcome Days, de la UMH ofrece tips para aprovechar al m\\u00e1ximo tu experiencia internacional como estudiante incoming\",\"breadcrumb\":{\"@id\":\"https:\/\/internacional.umh.es\/en\/incoming-22-23-septiembre\/#breadcrumb\"},\"inLanguage\":\"ca\",\"potentialAction\":[{\"@type\":\"ReadAction\",\"target\":[\"https:\/\/internacional.umh.es\/en\/incoming-22-23-septiembre\/\"]}]},{\"@type\":\"BreadcrumbList\",\"@id\":\"https:\/\/internacional.umh.es\/en\/incoming-22-23-septiembre\/#breadcrumb\",\"itemListElement\":[{\"@type\":\"ListItem\",\"position\":1,\"name\":\"Home\",\"item\":\"https:\/\/internacional.umh.es\/en\/\"},{\"@type\":\"ListItem\",\"position\":2,\"name\":\"INCOMING (September 2022-2023)\"}]}]}<\/script>\n<!-- \/ Yoast SEO plugin. -->","yoast_head_json":{"description":"La Semana de Bienvenida, Welcome Days, de la UMH ofrece tips para aprovechar al m\u00e1ximo tu experiencia internacional como estudiante incoming","robots":{"index":"index","follow":"follow","max-snippet":"max-snippet:-1","max-image-preview":"max-image-preview:large","max-video-preview":"max-video-preview:-1"},"canonical":"https:\/\/internacional.umh.es\/ca\/incoming-22-23-septiembre\/","og_locale":"ca_ES","og_type":"article","og_title":"(Espa\u00f1ol) INCOMING (Septiembre 2022-23) - Internacionalitzaci\u00f3 i Cooperaci\u00f3","og_description":"La Semana de Bienvenida, Welcome Days, de la UMH ofrece tips para aprovechar al m\u00e1ximo tu experiencia internacional como estudiante incoming","og_url":"https:\/\/internacional.umh.es\/en\/incoming-22-23-septiembre\/","og_site_name":"Internacionalitzaci\u00f3 i Cooperaci\u00f3","article_modified_time":"2024-03-22T12:45:03+00:00","og_image":[{"url":"https:\/\/internacional.umh.es\/files\/2022\/09\/Publicaciones-Instagram-14-300x300.png"}],"twitter_card":"summary_large_image","twitter_misc":{"Est. reading time":"3 minuts"},"schema":{"@context":"https:\/\/schema.org","@graph":[{"@type":"WebSite","@id":"https:\/\/internacional.umh.es\/en\/#website","url":"https:\/\/internacional.umh.es\/en\/","name":"Internacionalitzaci\u00f3 i Cooperaci\u00f3","description":"Universitat Miguel Hern\u00e1ndez d&#039;Elx","potentialAction":[{"@type":"SearchAction","target":{"@type":"EntryPoint","urlTemplate":"https:\/\/internacional.umh.es\/en\/?s={search_term_string}"},"query-input":"required name=search_term_string"}],"inLanguage":"ca"},{"@type":"ImageObject","@id":"https:\/\/internacional.umh.es\/en\/incoming-22-23-septiembre\/#primaryimage","inLanguage":"ca","url":"https:\/\/internacional.umh.es\/files\/2022\/09\/Publicaciones-Instagram-14.png","contentUrl":"https:\/\/internacional.umh.es\/files\/2022\/09\/Publicaciones-Instagram-14.png","width":1080,"height":1080},{"@type":"WebPage","@id":"https:\/\/internacional.umh.es\/en\/incoming-22-23-septiembre\/#webpage","url":"https:\/\/internacional.umh.es\/en\/incoming-22-23-septiembre\/","name":"<span lang=\"es\">(Espa\u00f1ol) INCOMING (Septiembre 2022-23) - Internacionalitzaci\u00f3 i Cooperaci\u00f3<\/span>","isPartOf":{"@id":"https:\/\/internacional.umh.es\/en\/#website"},"primaryImageOfPage":{"@id":"https:\/\/internacional.umh.es\/en\/incoming-22-23-septiembre\/#primaryimage"},"datePublished":"2022-12-20T10:45:11+00:00","dateModified":"2024-03-22T12:45:03+00:00","description":"La Semana de Bienvenida, Welcome Days, de la UMH ofrece tips para aprovechar al m\u00e1ximo tu experiencia internacional como estudiante incoming","breadcrumb":{"@id":"https:\/\/internacional.umh.es\/en\/incoming-22-23-septiembre\/#breadcrumb"},"inLanguage":"ca","potentialAction":[{"@type":"ReadAction","target":["https:\/\/internacional.umh.es\/en\/incoming-22-23-septiembre\/"]}]},{"@type":"BreadcrumbList","@id":"https:\/\/internacional.umh.es\/en\/incoming-22-23-septiembre\/#breadcrumb","itemListElement":[{"@type":"ListItem","position":1,"name":"Home","item":"https:\/\/internacional.umh.es\/en\/"},{"@type":"ListItem","position":2,"name":"INCOMING (September 2022-2023)"}]}]}},"_links":{"self":[{"href":"https:\/\/internacional.umh.es\/ca\/wp-json\/wp\/v2\/pages\/28474"}],"collection":[{"href":"https:\/\/internacional.umh.es\/ca\/wp-json\/wp\/v2\/pages"}],"about":[{"href":"https:\/\/internacional.umh.es\/ca\/wp-json\/wp\/v2\/types\/page"}],"author":[{"embeddable":true,"href":"https:\/\/internacional.umh.es\/ca\/wp-json\/wp\/v2\/users\/3107"}],"replies":[{"embeddable":true,"href":"https:\/\/internacional.umh.es\/ca\/wp-json\/wp\/v2\/comments?post=28474"}],"version-history":[{"count":0,"href":"https:\/\/internacional.umh.es\/ca\/wp-json\/wp\/v2\/pages\/28474\/revisions"}],"wp:attachment":[{"href":"https:\/\/internacional.umh.es\/ca\/wp-json\/wp\/v2\/media?parent=28474"}],"curies":[{"name":"wp","href":"https:\/\/api.w.org\/{rel}","templated":true}]}}