{"id":28662,"date":"2023-01-20T12:41:29","date_gmt":"2023-01-20T11:41:29","guid":{"rendered":"https:\/\/internacional.umh.es\/?page_id=28662"},"modified":"2024-03-22T13:28:41","modified_gmt":"2024-03-22T12:28:41","slug":"destino-pas-formacion-2022","status":"publish","type":"page","link":"https:\/\/internacional.umh.es\/ca\/destino-pas-formacion-2022\/","title":{"rendered":"<span lang=\"es\">(Espa\u00f1ol) DESTINO PAS FORMACI\u00d3N 2022<\/span>"},"content":{"rendered":"<p class=\"qtranxs-available-languages-message qtranxs-available-languages-message-ca\">Ho sent, per\u00f2 aquesta entrada nom\u00e9s est\u00e0 disponible en <a href=\"https:\/\/internacional.umh.es\/es\/wp-json\/wp\/v2\/pages\/28662\" class=\"qtranxs-available-language-link qtranxs-available-language-link-es\" title=\"Espa\u00f1ol\">Espanyol Europeu<\/a> i <a href=\"https:\/\/internacional.umh.es\/en\/wp-json\/wp\/v2\/pages\/28662\" class=\"qtranxs-available-language-link qtranxs-available-language-link-en\" title=\"English\">Angl\u00e8s Americ\u00e0<\/a>.<\/p>","protected":false},"excerpt":{"rendered":"<p>Ho sent, per\u00f2 aquesta entrada nom\u00e9s est\u00e0 disponible en Espanyol Europeu i Angl\u00e8s Americ\u00e0.<\/p>\n","protected":false},"author":3107,"featured_media":0,"parent":0,"menu_order":0,"comment_status":"closed","ping_status":"closed","template":"","meta":{"ngg_post_thumbnail":0,"_links_to":"","_links_to_target":""},"yoast_head":"<!-- This site is optimized with the Yoast SEO plugin v17.5 - https:\/\/yoast.com\/wordpress\/plugins\/seo\/ -->\n<meta name=\"description\" content=\"El Vicerrectorado de RR.II. de la UMH publica el listado de ayudas internacionalizaci\u00f3n \u2013 Programa DESTINO PAS \u2013 Formaci\u00f3n 2022\" \/>\n<meta name=\"robots\" content=\"index, follow, max-snippet:-1, max-image-preview:large, max-video-preview:-1\" \/>\n<link rel=\"canonical\" href=\"https:\/\/internacional.umh.es\/ca\/destino-pas-formacion-2022\/\" \/>\n<meta property=\"og:locale\" content=\"ca_ES\" \/>\n<meta property=\"og:type\" content=\"article\" \/>\n<meta property=\"og:title\" content=\"(Espa\u00f1ol) DESTINO PAS FORMACI\u00d3N 2022 - Internacionalitzaci\u00f3 i Cooperaci\u00f3\" \/>\n<meta property=\"og:description\" content=\"El Vicerrectorado de RR.II. de la UMH publica el listado de ayudas internacionalizaci\u00f3n \u2013 Programa DESTINO PAS \u2013 Formaci\u00f3n 2022\" \/>\n<meta property=\"og:url\" content=\"https:\/\/internacional.umh.es\/destino-pas-formacion-2022\/\" \/>\n<meta property=\"og:site_name\" content=\"Internacionalitzaci\u00f3 i Cooperaci\u00f3\" \/>\n<meta property=\"article:modified_time\" content=\"2024-03-22T12:28:41+00:00\" \/>\n<meta name=\"twitter:card\" content=\"summary_large_image\" \/>\n<meta name=\"twitter:label1\" content=\"Est. reading time\" \/>\n\t<meta name=\"twitter:data1\" content=\"5 minuts\" \/>\n<script type=\"application\/ld+json\" class=\"yoast-schema-graph\">{\"@context\":\"https:\/\/schema.org\",\"@graph\":[{\"@type\":\"WebSite\",\"@id\":\"https:\/\/internacional.umh.es\/en\/#website\",\"url\":\"https:\/\/internacional.umh.es\/en\/\",\"name\":\"Internacionalitzaci\\u00f3 i Cooperaci\\u00f3\",\"description\":\"Universitat Miguel Hern\\u00e1ndez d&#039;Elx\",\"potentialAction\":[{\"@type\":\"SearchAction\",\"target\":{\"@type\":\"EntryPoint\",\"urlTemplate\":\"https:\/\/internacional.umh.es\/en\/?s={search_term_string}\"},\"query-input\":\"required name=search_term_string\"}],\"inLanguage\":\"ca\"},{\"@type\":\"WebPage\",\"@id\":\"https:\/\/internacional.umh.es\/destino-pas-formacion-2022\/#webpage\",\"url\":\"https:\/\/internacional.umh.es\/destino-pas-formacion-2022\/\",\"name\":\"<span lang=\\\"es\\\">(Espa\\u00f1ol) DESTINO PAS FORMACI\\u00d3N 2022 - Internacionalitzaci\\u00f3 i Cooperaci\\u00f3<\/span>\",\"isPartOf\":{\"@id\":\"https:\/\/internacional.umh.es\/en\/#website\"},\"datePublished\":\"2023-01-20T11:41:29+00:00\",\"dateModified\":\"2024-03-22T12:28:41+00:00\",\"description\":\"El Vicerrectorado de RR.II. de la UMH publica el listado de ayudas internacionalizaci\\u00f3n \\u2013 Programa DESTINO PAS \\u2013 Formaci\\u00f3n 2022\",\"breadcrumb\":{\"@id\":\"https:\/\/internacional.umh.es\/destino-pas-formacion-2022\/#breadcrumb\"},\"inLanguage\":\"ca\",\"potentialAction\":[{\"@type\":\"ReadAction\",\"target\":[\"https:\/\/internacional.umh.es\/destino-pas-formacion-2022\/\"]}]},{\"@type\":\"BreadcrumbList\",\"@id\":\"https:\/\/internacional.umh.es\/destino-pas-formacion-2022\/#breadcrumb\",\"itemListElement\":[{\"@type\":\"ListItem\",\"position\":1,\"name\":\"Home\",\"item\":\"https:\/\/internacional.umh.es\/en\/\"},{\"@type\":\"ListItem\",\"position\":2,\"name\":\"DESTINO PAS FORMACI\\u00d3N 2022\"}]}]}<\/script>\n<!-- \/ Yoast SEO plugin. -->","yoast_head_json":{"description":"El Vicerrectorado de RR.II. de la UMH publica el listado de ayudas internacionalizaci\u00f3n \u2013 Programa DESTINO PAS \u2013 Formaci\u00f3n 2022","robots":{"index":"index","follow":"follow","max-snippet":"max-snippet:-1","max-image-preview":"max-image-preview:large","max-video-preview":"max-video-preview:-1"},"canonical":"https:\/\/internacional.umh.es\/ca\/destino-pas-formacion-2022\/","og_locale":"ca_ES","og_type":"article","og_title":"(Espa\u00f1ol) DESTINO PAS FORMACI\u00d3N 2022 - Internacionalitzaci\u00f3 i Cooperaci\u00f3","og_description":"El Vicerrectorado de RR.II. de la UMH publica el listado de ayudas internacionalizaci\u00f3n \u2013 Programa DESTINO PAS \u2013 Formaci\u00f3n 2022","og_url":"https:\/\/internacional.umh.es\/destino-pas-formacion-2022\/","og_site_name":"Internacionalitzaci\u00f3 i Cooperaci\u00f3","article_modified_time":"2024-03-22T12:28:41+00:00","twitter_card":"summary_large_image","twitter_misc":{"Est. reading time":"5 minuts"},"schema":{"@context":"https:\/\/schema.org","@graph":[{"@type":"WebSite","@id":"https:\/\/internacional.umh.es\/en\/#website","url":"https:\/\/internacional.umh.es\/en\/","name":"Internacionalitzaci\u00f3 i Cooperaci\u00f3","description":"Universitat Miguel Hern\u00e1ndez d&#039;Elx","potentialAction":[{"@type":"SearchAction","target":{"@type":"EntryPoint","urlTemplate":"https:\/\/internacional.umh.es\/en\/?s={search_term_string}"},"query-input":"required name=search_term_string"}],"inLanguage":"ca"},{"@type":"WebPage","@id":"https:\/\/internacional.umh.es\/destino-pas-formacion-2022\/#webpage","url":"https:\/\/internacional.umh.es\/destino-pas-formacion-2022\/","name":"<span lang=\"es\">(Espa\u00f1ol) DESTINO PAS FORMACI\u00d3N 2022 - Internacionalitzaci\u00f3 i Cooperaci\u00f3<\/span>","isPartOf":{"@id":"https:\/\/internacional.umh.es\/en\/#website"},"datePublished":"2023-01-20T11:41:29+00:00","dateModified":"2024-03-22T12:28:41+00:00","description":"El Vicerrectorado de RR.II. de la UMH publica el listado de ayudas internacionalizaci\u00f3n \u2013 Programa DESTINO PAS \u2013 Formaci\u00f3n 2022","breadcrumb":{"@id":"https:\/\/internacional.umh.es\/destino-pas-formacion-2022\/#breadcrumb"},"inLanguage":"ca","potentialAction":[{"@type":"ReadAction","target":["https:\/\/internacional.umh.es\/destino-pas-formacion-2022\/"]}]},{"@type":"BreadcrumbList","@id":"https:\/\/internacional.umh.es\/destino-pas-formacion-2022\/#breadcrumb","itemListElement":[{"@type":"ListItem","position":1,"name":"Home","item":"https:\/\/internacional.umh.es\/en\/"},{"@type":"ListItem","position":2,"name":"DESTINO PAS FORMACI\u00d3N 2022"}]}]}},"_links":{"self":[{"href":"https:\/\/internacional.umh.es\/ca\/wp-json\/wp\/v2\/pages\/28662"}],"collection":[{"href":"https:\/\/internacional.umh.es\/ca\/wp-json\/wp\/v2\/pages"}],"about":[{"href":"https:\/\/internacional.umh.es\/ca\/wp-json\/wp\/v2\/types\/page"}],"author":[{"embeddable":true,"href":"https:\/\/internacional.umh.es\/ca\/wp-json\/wp\/v2\/users\/3107"}],"replies":[{"embeddable":true,"href":"https:\/\/internacional.umh.es\/ca\/wp-json\/wp\/v2\/comments?post=28662"}],"version-history":[{"count":0,"href":"https:\/\/internacional.umh.es\/ca\/wp-json\/wp\/v2\/pages\/28662\/revisions"}],"wp:attachment":[{"href":"https:\/\/internacional.umh.es\/ca\/wp-json\/wp\/v2\/media?parent=28662"}],"curies":[{"name":"wp","href":"https:\/\/api.w.org\/{rel}","templated":true}]}}