{"id":28683,"date":"2023-01-20T13:47:29","date_gmt":"2023-01-20T12:47:29","guid":{"rendered":"https:\/\/internacional.umh.es\/?page_id=28683"},"modified":"2024-03-22T13:11:50","modified_gmt":"2024-03-22T12:11:50","slug":"destino-pdi-2022","status":"publish","type":"page","link":"https:\/\/internacional.umh.es\/ca\/destino-pdi-2022\/","title":{"rendered":"destino-pdi-2022"},"content":{"rendered":"<p><\/p>\n<p style=\"text-align: justify\"><span style=\"color: #ff0000\"><strong>NOU (22\/02\/2022):<\/strong><\/span> El Vicerectorat de Relacions Internacionals de la Universitat Miguel Hern\u00e1ndez (UMH) d&#8217;Elx publica la convocat\u00f2ria del <strong>programa d&#8217;ajudes a la mobilitat per a activitats d&#8217;internacionalitzaci\u00f3 \u2013 Programa DESTINO PDI\u2013 Doc\u00e8ncia 2022.<\/strong><\/p>\n<ul>\n<li><a title=\"Ho veur\u00e0s en una nova finestra\" href=\"https:\/\/internacional.umh.es\/files\/2022\/02\/Publicado-BOUMH.-RR_00551_2022.pdf\" target=\"_blank\" rel=\"noopener\">Pots consultar les bases de la convocat\u00f2ria en el seg\u00fcent enlla\u00e7 (731Kb .pdf)<\/a><\/li>\n<li><a title=\"Ho veur\u00e0s en una nova finestra\" target=\"_blank\" href=\"https:\/\/internacional.umh.es\/files\/2022\/02\/Publicado-DOGV.2022_1502.pdf\" rel=\"noopener\">Publicat en el DOGV (171Kb .pdf)<\/a><\/li>\n<\/ul>\n<p style=\"font-weight: 400\">El termini de presentaci\u00f3 de sol\u00b7licituds ser\u00e0 fins a l&#8217;11 de mar\u00e7 de 2022.<\/p>\n<p style=\"text-align: justify\">Les estades d&#8217;aquesta convocat\u00f2ria hauran de realitzar-se<strong> fins al 31 de desembre de 2022.<\/strong><\/p>\n<ul>\n<li><a title=\"Ho veur\u00e0s en una nova finestra\" href=\"https:\/\/internacional.umh.es\/files\/2022\/02\/Anexo-II_SOLICITUD-PDI-2022.docx\" target=\"_blank\" rel=\"noopener\">Annex II: Model de sol\u00b7licitud (92Kb Castell\u00e0 .docx)<\/a><\/li>\n<li><a title=\"Ho veur\u00e0s en una nova finestra\" href=\"https:\/\/internacional.umh.es\/files\/2022\/02\/ANEXO-III-ACUERDO-MOVIL-PDI2022.docx\" target=\"_blank\" rel=\"noopener\">Annex III: Acord de Mobilitat (93Kb Castell\u00e0 .docx)<\/a><\/li>\n<li><a title=\"Ho veur\u00e0s en una nova finestra\" href=\"https:\/\/internacional.umh.es\/files\/2022\/02\/ANEXO-IV-LISTADO-DE-PAISES-ASOCIADOS.pdf\" target=\"_blank\" rel=\"noopener\">Annex IV: Llistat de Pa\u00efsos associats (132Kb Castell\u00e0 .pdf)<\/a><\/li>\n<li><a title=\"Ho veur\u00e0s en una nova finestra\" href=\"https:\/\/internacional.umh.es\/files\/2022\/02\/ANEXO-V-CERTIFICADO-ESTANCIA-PDI.docx\" target=\"_blank\" rel=\"noopener\">Annex V: Certificat d&#8217;estada (90Kb Castell\u00e0 .docx)<\/a><\/li>\n<li><a title=\"Ho veur\u00e0s en una nova finestra\" href=\"https:\/\/internacional.umh.es\/files\/2022\/02\/ANEXO-VI-MEMORIA-PDI.docx\" target=\"_blank\" rel=\"noopener\">Annex VI: Mem\u00f2ria final (86Kb Castell\u00e0 .docx)<\/a><\/li>\n<\/ul>\n<p>&nbsp;<br \/>\nLa documentaci\u00f3 a aportar ser\u00e0 la seg\u00fcent:<\/p>\n<ol>\n<li>Sol\u00b7licitud emplenada i signada<\/li>\n<li>Documents <strong>acreditatius<\/strong> dels m\u00e8rits al\u00b7legats.<\/li>\n<li><strong>Carta d&#8217;invitaci\u00f3<\/strong> de la instituci\u00f3 de dest\u00ed. Es podr\u00e0 aportar qualsevol document, tant en suport f\u00edsic com electr\u00f2nic, sempre que vengen subscrits per la persona autoritzada i <strong>es fa\u00e7a expressa refer\u00e8ncia al sol\u00b7licitant i a l&#8217;activitat docent proposta.<\/strong><\/li>\n<li><strong>Acord de Mobilitat de l&#8217;Annex III<\/strong>, emplenat i signat pel sol\u00b7licitant (no es requereix la signatura de l&#8217;organitzaci\u00f3 de dest\u00ed en el moment de presentar la sol\u00b7licitud).<\/li>\n<\/ol>\n<p>&nbsp;<br \/>\n<strong>Passos a seguir per a presentar la sol\u00b7licitud a trav\u00e9s de la Seu Electr\u00f2nica:<\/strong><\/p>\n<ol>\n<li style=\"list-style-type: none\">\n<ol>\n<li>Clicar a \u201c<strong>Tramitar<\/strong>\u201d.<\/li>\n<li>Introduir <strong>usuari<\/strong> i <strong>contrasenya<\/strong> de personal UMH.<\/li>\n<li>Emplenar les <strong>dades personals<\/strong> en cas de faltar alguna dada.<\/li>\n<li>Quan es carregue la \u00abInst\u00e0ncia general\u00bb, en l&#8217;apartat \u201cSol\u00b7licitud\u201d triar:\u2013 En el camp<strong> \u201cDirigit a\u201d: el Servei de Relacions Internacionals, Cooperaci\u00f3 al Desenvolupament i Voluntariat.<\/strong><br \/>\n\u2013 En el camp \u201cExposa-Sol\u00b7licita\u201d: indicar Presente sol\u00b7licitud per a participar en la convocat\u00f2ria del Programa <strong>ajudes a la mobilitat per a activitats d&#8217;internacionalitzaci\u00f3 \u2013 Programa DEST\u00cd PDI\u2013 Doc\u00e8ncia 2022<\/strong>\u201d<\/li>\n<p><\/p>\n<li>Adjuntar documentaci\u00f3 requerida.<\/li>\n<li>Clicar a \u201c<strong>Presentar en Registre\u201d<\/strong><\/li>\n<\/ol>\n<hr>\n<h4><u>Convocat\u00f2ries anteriors<\/u><\/h4>\n<ul>\n<li><a title=\"Accedeix ara a les novetats convocat\u00f2ria Programa DESTNO PDI UMH 2020 i 2021\" href=\"https:\/\/internacional.umh.\u00e9s\/dest\u00ed-pdi-2020-i-2021\/\">DESTINO PDI 2020 i DESTINO 2021<\/a><\/li>\n<li><a title=\"Accedeix ara a les novetats convocatoria Programa DESTINO PDI UMH 2019\" href=\"https:\/\/internacional.umh.es\/destino-pdi-2019\/\">DESTINO PDI 2019<\/a><\/li>\n<li><a title=\"Accedeix ara a les novetats convocat\u00f2ria Programa DESTINO PDI UMH 2018\" href=\"https:\/\/internacional.umh.es\/destino-pdi-2018\/\">DESTINO PDI 2018<\/a><\/li>\n<li><a title=\"Accedeix ara a les novetats convocat\u00f2ria Programa DESTINO PDI UMH 2017\" href=\"https:\/\/internacional.umh.es\/destino-pdi-2017\/\">DESTINO PDI 2017<\/a><\/li>\n<li><a title=\"Accedeix ara a les novetats convocat\u00f2ria Programa DESTINO PDI UMH 2016\" href=\"https:\/\/internacional.umh.es\/destino-pdi-2016\/\">DESTINO PDI 2016<\/a><\/li>\n<\/ul>\n<p>&nbsp;<\/p>","protected":false},"excerpt":{"rendered":"<p>NOU (22\/02\/2022): El Vicerectorat de Relacions Internacionals de la Universitat Miguel Hern\u00e1ndez (UMH) d&#8217;Elx publica la convocat\u00f2ria del programa d&#8217;ajudes a la mobilitat per a activitats d&#8217;internacionalitzaci\u00f3 \u2013 Programa DESTINO PDI\u2013 Doc\u00e8ncia 2022.<\/p>\n<p>Pots consultar les bases de la convocat\u00f2ria en el seg\u00fcent enlla\u00e7 (731Kb .pdf)<br \/>\nPublicat en el DOGV (171Kb .pdf)<\/p>\n<p>El termini de presentaci\u00f3 de sol\u00b7licituds [&#8230;]<\/p>\n","protected":false},"author":54,"featured_media":0,"parent":0,"menu_order":0,"comment_status":"closed","ping_status":"closed","template":"","meta":{"ngg_post_thumbnail":0,"_links_to":"","_links_to_target":""},"yoast_head":"<!-- This site is optimized with the Yoast SEO plugin v17.5 - https:\/\/yoast.com\/wordpress\/plugins\/seo\/ -->\n<meta name=\"robots\" content=\"index, follow, max-snippet:-1, max-image-preview:large, max-video-preview:-1\" \/>\n<link rel=\"canonical\" href=\"https:\/\/internacional.umh.es\/ca\/destino-pdi-2022\/\" \/>\n<meta property=\"og:locale\" content=\"ca_ES\" \/>\n<meta property=\"og:type\" content=\"article\" \/>\n<meta property=\"og:title\" content=\"destino-pdi-2022 - Internacionalitzaci\u00f3 i Cooperaci\u00f3\" \/>\n<meta property=\"og:description\" content=\"NOU (22\/02\/2022): El Vicerectorat de Relacions Internacionals de la Universitat Miguel Hern\u00e1ndez (UMH) d&#8217;Elx publica la convocat\u00f2ria del programa d&#8217;ajudes a la mobilitat per a activitats d&#8217;internacionalitzaci\u00f3 \u2013 Programa DESTINO PDI\u2013 Doc\u00e8ncia 2022. Pots consultar les bases de la convocat\u00f2ria en el seg\u00fcent enlla\u00e7 (731Kb .pdf) Publicat en el DOGV (171Kb .pdf) El termini de presentaci\u00f3 de sol\u00b7licituds [...]\" \/>\n<meta property=\"og:url\" content=\"https:\/\/internacional.umh.es\/destino-pdi-2022\/\" \/>\n<meta property=\"og:site_name\" content=\"Internacionalitzaci\u00f3 i Cooperaci\u00f3\" \/>\n<meta property=\"article:modified_time\" content=\"2024-03-22T12:11:50+00:00\" \/>\n<meta name=\"twitter:card\" content=\"summary_large_image\" \/>\n<meta name=\"twitter:label1\" content=\"Est. reading time\" \/>\n\t<meta name=\"twitter:data1\" content=\"7 minuts\" \/>\n<script type=\"application\/ld+json\" class=\"yoast-schema-graph\">{\"@context\":\"https:\/\/schema.org\",\"@graph\":[{\"@type\":\"WebSite\",\"@id\":\"https:\/\/internacional.umh.es\/en\/#website\",\"url\":\"https:\/\/internacional.umh.es\/en\/\",\"name\":\"Internacionalitzaci\\u00f3 i Cooperaci\\u00f3\",\"description\":\"Universitat Miguel Hern\\u00e1ndez d&#039;Elx\",\"potentialAction\":[{\"@type\":\"SearchAction\",\"target\":{\"@type\":\"EntryPoint\",\"urlTemplate\":\"https:\/\/internacional.umh.es\/en\/?s={search_term_string}\"},\"query-input\":\"required name=search_term_string\"}],\"inLanguage\":\"ca\"},{\"@type\":\"WebPage\",\"@id\":\"https:\/\/internacional.umh.es\/destino-pdi-2022\/#webpage\",\"url\":\"https:\/\/internacional.umh.es\/destino-pdi-2022\/\",\"name\":\"destino-pdi-2022 - Internacionalitzaci\\u00f3 i Cooperaci\\u00f3\",\"isPartOf\":{\"@id\":\"https:\/\/internacional.umh.es\/en\/#website\"},\"datePublished\":\"2023-01-20T12:47:29+00:00\",\"dateModified\":\"2024-03-22T12:11:50+00:00\",\"breadcrumb\":{\"@id\":\"https:\/\/internacional.umh.es\/destino-pdi-2022\/#breadcrumb\"},\"inLanguage\":\"ca\",\"potentialAction\":[{\"@type\":\"ReadAction\",\"target\":[\"https:\/\/internacional.umh.es\/destino-pdi-2022\/\"]}]},{\"@type\":\"BreadcrumbList\",\"@id\":\"https:\/\/internacional.umh.es\/destino-pdi-2022\/#breadcrumb\",\"itemListElement\":[{\"@type\":\"ListItem\",\"position\":1,\"name\":\"Home\",\"item\":\"https:\/\/internacional.umh.es\/en\/\"},{\"@type\":\"ListItem\",\"position\":2,\"name\":\"destino-pdi-2022\"}]}]}<\/script>\n<!-- \/ Yoast SEO plugin. -->","yoast_head_json":{"robots":{"index":"index","follow":"follow","max-snippet":"max-snippet:-1","max-image-preview":"max-image-preview:large","max-video-preview":"max-video-preview:-1"},"canonical":"https:\/\/internacional.umh.es\/ca\/destino-pdi-2022\/","og_locale":"ca_ES","og_type":"article","og_title":"destino-pdi-2022 - Internacionalitzaci\u00f3 i Cooperaci\u00f3","og_description":"NOU (22\/02\/2022): El Vicerectorat de Relacions Internacionals de la Universitat Miguel Hern\u00e1ndez (UMH) d&#8217;Elx publica la convocat\u00f2ria del programa d&#8217;ajudes a la mobilitat per a activitats d&#8217;internacionalitzaci\u00f3 \u2013 Programa DESTINO PDI\u2013 Doc\u00e8ncia 2022. Pots consultar les bases de la convocat\u00f2ria en el seg\u00fcent enlla\u00e7 (731Kb .pdf) Publicat en el DOGV (171Kb .pdf) El termini de presentaci\u00f3 de sol\u00b7licituds [...]","og_url":"https:\/\/internacional.umh.es\/destino-pdi-2022\/","og_site_name":"Internacionalitzaci\u00f3 i Cooperaci\u00f3","article_modified_time":"2024-03-22T12:11:50+00:00","twitter_card":"summary_large_image","twitter_misc":{"Est. reading time":"7 minuts"},"schema":{"@context":"https:\/\/schema.org","@graph":[{"@type":"WebSite","@id":"https:\/\/internacional.umh.es\/en\/#website","url":"https:\/\/internacional.umh.es\/en\/","name":"Internacionalitzaci\u00f3 i Cooperaci\u00f3","description":"Universitat Miguel Hern\u00e1ndez d&#039;Elx","potentialAction":[{"@type":"SearchAction","target":{"@type":"EntryPoint","urlTemplate":"https:\/\/internacional.umh.es\/en\/?s={search_term_string}"},"query-input":"required name=search_term_string"}],"inLanguage":"ca"},{"@type":"WebPage","@id":"https:\/\/internacional.umh.es\/destino-pdi-2022\/#webpage","url":"https:\/\/internacional.umh.es\/destino-pdi-2022\/","name":"destino-pdi-2022 - Internacionalitzaci\u00f3 i Cooperaci\u00f3","isPartOf":{"@id":"https:\/\/internacional.umh.es\/en\/#website"},"datePublished":"2023-01-20T12:47:29+00:00","dateModified":"2024-03-22T12:11:50+00:00","breadcrumb":{"@id":"https:\/\/internacional.umh.es\/destino-pdi-2022\/#breadcrumb"},"inLanguage":"ca","potentialAction":[{"@type":"ReadAction","target":["https:\/\/internacional.umh.es\/destino-pdi-2022\/"]}]},{"@type":"BreadcrumbList","@id":"https:\/\/internacional.umh.es\/destino-pdi-2022\/#breadcrumb","itemListElement":[{"@type":"ListItem","position":1,"name":"Home","item":"https:\/\/internacional.umh.es\/en\/"},{"@type":"ListItem","position":2,"name":"destino-pdi-2022"}]}]}},"_links":{"self":[{"href":"https:\/\/internacional.umh.es\/ca\/wp-json\/wp\/v2\/pages\/28683"}],"collection":[{"href":"https:\/\/internacional.umh.es\/ca\/wp-json\/wp\/v2\/pages"}],"about":[{"href":"https:\/\/internacional.umh.es\/ca\/wp-json\/wp\/v2\/types\/page"}],"author":[{"embeddable":true,"href":"https:\/\/internacional.umh.es\/ca\/wp-json\/wp\/v2\/users\/54"}],"replies":[{"embeddable":true,"href":"https:\/\/internacional.umh.es\/ca\/wp-json\/wp\/v2\/comments?post=28683"}],"version-history":[{"count":0,"href":"https:\/\/internacional.umh.es\/ca\/wp-json\/wp\/v2\/pages\/28683\/revisions"}],"wp:attachment":[{"href":"https:\/\/internacional.umh.es\/ca\/wp-json\/wp\/v2\/media?parent=28683"}],"curies":[{"name":"wp","href":"https:\/\/api.w.org\/{rel}","templated":true}]}}