{"id":28938,"date":"2023-02-09T09:08:11","date_gmt":"2023-02-09T08:08:11","guid":{"rendered":"https:\/\/internacional.umh.es\/?page_id=28938"},"modified":"2024-11-13T14:45:24","modified_gmt":"2024-11-13T13:45:24","slug":"ayuda-humanitaria","status":"publish","type":"page","link":"https:\/\/internacional.umh.es\/ca\/cooperacion-y-voluntariado\/ayuda-humanitaria\/","title":{"rendered":"Ajuda humanit\u00e0ria"},"content":{"rendered":"<p><\/p>\n<h2><strong>L\u00cdBIA<\/strong><\/h2>\n<p style=\"text-align: justify\"><img loading=\"lazy\" class=\"wp-image-31882 alignleft\" src=\"https:\/\/internacional.umh.es\/files\/2023\/09\/bandera-de-libia-e1695714661262-300x201.png\" alt=\"Libia bandera\" title=\"Ferm comprom\u00eds de la UMH a prestar el seu suport a les ONGD despr\u00e9s del cicl\u00f3 tropical de L\u00edbia\" width=\"172\" height=\"115\" srcset=\"https:\/\/internacional.umh.es\/files\/2023\/09\/bandera-de-libia-e1695714661262-300x201.png 300w, https:\/\/internacional.umh.es\/files\/2023\/09\/bandera-de-libia-e1695714661262-768x515.png 768w, https:\/\/internacional.umh.es\/files\/2023\/09\/bandera-de-libia-e1695714661262.png 800w\" sizes=\"(max-width: 172px) 100vw, 172px\" \/> La Universitat Miguel Hern\u00e1ndez (UMH) d&#8217;Elx t\u00e9 el ferm comprom\u00eds de prestar el seu suport a les ONGD i ag\u00e8ncies humanit\u00e0ries que estan actuant per a fer front a les conseq\u00fc\u00e8ncies ocasionades pel cicl\u00f3 tropical Daniel va arribar al nord-est de L\u00edbia el passat 10 de setembre. Des de l&#8217;\u00c0rea <strong> de Cooperaci\u00f3 al Desenvolupament i Voluntariat de la UMH <\/strong>volem traslladar-vos la informaci\u00f3 sobre la resposta que estan oferint les ONGD per a donar refugi, alimentaci\u00f3, educaci\u00f3, aigua i sanejament, i assist\u00e8ncia sanit\u00e0ria a totes les v\u00edctimes del terratr\u00e9mol.<\/p>\n<p style=\"text-align: justify\"><a title=\"Ho veur\u00e0s en una nova finestra\" href=\"https:\/\/internacional.umh.es\/2023\/09\/26\/31878\/\">M\u00e9s informaci\u00f3 sobre les ONGD que han activat els seus protocols d&#8217;emerg\u00e8ncia i acci\u00f3 humanit\u00e0ria<\/a> per a aconseguir fons amb l&#8217;objectiu de distribuir productes de primera necessitat i serveis sanitaris en les zones afectades.<\/p>\n<hr>\n<h2><strong>EL MARROC<\/strong><\/h2>\n<p style=\"text-align: justify\"><img loading=\"lazy\" class=\"wp-image-31825 alignleft\" src=\"https:\/\/internacional.umh.es\/files\/2023\/09\/Bandera-de-Marruecos-e1694761971512-300x201.png\" alt=\"El Marroc bandera\" title=\"Ferm comprom\u00eds de la UMH a prestar el seu suport a les ONGD per a pal\u00b7liar els efectes del terratr\u00e9mol del Marroc\" width=\"172\" height=\"115\" srcset=\"https:\/\/internacional.umh.es\/files\/2023\/09\/Bandera-de-Marruecos-e1694761971512-300x201.png 300w, https:\/\/internacional.umh.es\/files\/2023\/09\/Bandera-de-Marruecos-e1694761971512-768x515.png 768w, https:\/\/internacional.umh.es\/files\/2023\/09\/Bandera-de-Marruecos-e1694761971512.png 800w\" sizes=\"(max-width: 172px) 100vw, 172px\" \/> La UMH d&#8217;Elx t\u00e9 el ferm comprom\u00eds de prestar el seu suport a les ONGD i ag\u00e8ncies humanit\u00e0ries que estan actuant per a fer front a les conseq\u00fc\u00e8ncies ocasionades pel terratr\u00e9mol al Marroc el 8 de setembre. Des de <strong>l&#8217;\u00c0rea de Cooperaci\u00f3 al Desenvolupament i Voluntariat de la UMH <\/strong>volem traslladar-vos la informaci\u00f3, proporcionada per la Coordinadora Valenciana de ONGDs, sobre la resposta que estan oferint les ONGD per a donar refugi, alimentaci\u00f3, educaci\u00f3, aigua i sanejament, i assist\u00e8ncia sanit\u00e0ria a totes les v\u00edctimes del terratr\u00e9mol.<\/p>\n<p style=\"text-align: justify\"><a title=\"Ho veur\u00e0s en una nova finestra\" href=\"https:\/\/internacional.umh.es\/2023\/09\/15\/ayuda-humanitaria-en-marruecos\/\">M\u00e9s informaci\u00f3 sobre les ONGD que han activat els seus protocols d&#8217;emerg\u00e8ncia i acci\u00f3 humanit\u00e0ria<\/a> per a aconseguir fons amb l&#8217;objectiu de distribuir productes de primera necessitat i serveis sanitaris en les zones afectades.<\/p>\n<hr>\n<h2><strong>TURQUIA I S\u00cdRIA<\/strong><\/h2>\n<p style=\"text-align: justify\"><img loading=\"lazy\" class=\"wp-image-28944 alignleft\" title=\"Comprom\u00eds de la UMH en l'ajuda als damnificats pel terratr\u00e9mol de Turquia de 2023\" src=\"https:\/\/internacional.umh.es\/files\/2023\/02\/ilustracion-bandera-turquia_53876-27134-300x158.jpeg\" alt=\"Bandera Turquia ayuda\" width=\"217\" height=\"114\" srcset=\"https:\/\/internacional.umh.es\/files\/2023\/02\/ilustracion-bandera-turquia_53876-27134-300x158.jpeg 300w, https:\/\/internacional.umh.es\/files\/2023\/02\/ilustracion-bandera-turquia_53876-27134-1024x540.jpeg 1024w, https:\/\/internacional.umh.es\/files\/2023\/02\/ilustracion-bandera-turquia_53876-27134-768x405.jpeg 768w, https:\/\/internacional.umh.es\/files\/2023\/02\/ilustracion-bandera-turquia_53876-27134.jpeg 1480w\" sizes=\"(max-width: 217px) 100vw, 217px\" \/> <img loading=\"lazy\" class=\"wp-image-28947 alignleft\" title=\"Ferm comprom\u00eds de la UMH en l'ajuda als damnificats pel terratr\u00e9mol de S\u00edria de 2023\" src=\"https:\/\/internacional.umh.es\/files\/2023\/02\/Flag_of_Syria.svg-300x200.png\" alt=\"Bandera S\u00edria ayuda\" width=\"171\" height=\"114\" srcset=\"https:\/\/internacional.umh.es\/files\/2023\/02\/Flag_of_Syria.svg-300x200.png 300w, https:\/\/internacional.umh.es\/files\/2023\/02\/Flag_of_Syria.svg-768x512.png 768w, https:\/\/internacional.umh.es\/files\/2023\/02\/Flag_of_Syria.svg.png 800w\" sizes=\"(max-width: 171px) 100vw, 171px\" \/> La UMH t\u00e9 el ferm comprom\u00eds de prestar el seu suport a les ONGD i ag\u00e8ncies humanit\u00e0ries que estan actuant per a donar refugi, aigua, aliment i assist\u00e8ncia a la poblaci\u00f3 que s&#8217;ha vist afectada pels terratr\u00e9mols que han assolat el sud de Turquia i el nord de S\u00edria el 6 de febrer. Per aix\u00f2, des de  <strong>l&#8217;\u00c0rea de Cooperaci\u00f3 al Desenvolupament i Voluntariat de la UMH <\/strong><strong>volem traslladar-vos la informaci\u00f3 proporcionada per la Coordinadora Valenciana de ONGDs, <\/strong>amb la qual ve col\u00b7laborant molt activament en multitud d&#8217;iniciatives i actuacions a conseq\u00fc\u00e8ncia del conveni de col\u00b7laboraci\u00f3 que totes dues entitats tenen subscrit, sobre les diverses <b>formes responsables d&#8217;ajudar<\/b> davant aquesta emerg\u00e8ncia humanit\u00e0ria.<\/p>\n<p style=\"text-align: justify\">En l&#8217;enlla\u00e7 seg\u00fcent de la CVONGD podeu trobar testimoniatges de les ONGD que treballen ja en les zones afectades, i com es pot contribuir a l&#8217;ajuda humanit\u00e0ria d&#8217;emerg\u00e8ncia que comen\u00e7a a desplegar-se:<\/p>\n<ul>\n<li><a title=\"Ho veur\u00e0s en una nova finestra\" href=\"https:\/\/urldefense.com\/v3\/__https:\/\/www.cvongd.org\/es\/noticias\/noticias-de-la-cooperacion\/terremoto-en-turquia-y-siria-los-testimonios-y-la-respuesta-que-estan-ofreciendo-las-ongd\/__;!!D9dNQwwGXtA!W4yNYxLZKDGwHh289mgFtxWvusEnhFJmggxREwauMLeRPMDMpw7IO4cwsPq10Pf0CuoO84t4YQ1wglFu$\" target=\"_blank\" rel=\"noopener\" data-saferedirecturl=\"https:\/\/www.google.com\/url?q=https:\/\/urldefense.com\/v3\/__https:\/\/www.cvongd.org\/es\/noticias\/noticias-de-la-cooperacion\/terremoto-en-turquia-y-siria-los-testimonios-y-la-respuesta-que-estan-ofreciendo-las-ongd\/__;!!D9dNQwwGXtA!W4yNYxLZKDGwHh289mgFtxWvusEnhFJmggxREwauMLeRPMDMpw7IO4cwsPq10Pf0CuoO84t4YQ1wglFu$&amp;source=gmail&amp;ust=1676012278834000&amp;usg=AOvVaw3UVhHUlHQZhclglRoNKRXf\">cvongd.org\/es\/noticias\/noticias-de-la-cooperacion\/terremoto-en-turquia-y-siria-los-testimonios-y-la-respuesta-que-estan-ofreciendo-las-ongd<\/a><\/li>\n<\/ul>\n<p style=\"text-align: justify\">Tingueu present que les entitats prefereixen que les <a title=\"Ho veur\u00e0s en una nova finestra\" href=\"https:\/\/urldefense.com\/v3\/__https:\/\/coordinadoraongd.org\/faq\/se-prefiere-la-colaboracion-mediante-donaciones-economicas-no-bienes-especie\/__;!!D9dNQwwGXtA!W4yNYxLZKDGwHh289mgFtxWvusEnhFJmggxREwauMLeRPMDMpw7IO4cwsPq10Pf0CuoO84t4YS3QDk-5$\" target=\"_blank\" rel=\"noopener\" data-saferedirecturl=\"https:\/\/www.google.com\/url?q=https:\/\/urldefense.com\/v3\/__https:\/\/coordinadoraongd.org\/faq\/se-prefiere-la-colaboracion-mediante-donaciones-economicas-no-bienes-especie\/__;!!D9dNQwwGXtA!W4yNYxLZKDGwHh289mgFtxWvusEnhFJmggxREwauMLeRPMDMpw7IO4cwsPq10Pf0CuoO84t4YS3QDk-5$&amp;source=gmail&amp;ust=1676012278834000&amp;usg=AOvVaw0BxTK-m3OJ97TThw0950y3\">aportacions siguen de car\u00e0cter econ\u00f2mic m\u00e9s que en esp\u00e8cie.<\/a><\/p>\n<hr>\n<h2><strong>UCRA\u00cfNA<\/strong><\/h2>\n<p style=\"text-align: justify\"><img loading=\"lazy\" class=\"size-medium wp-image-28941 alignleft\" title=\"La UMH es torne amb l'assist\u00e8ncia en mat\u00e8ria log\u00edstica, econ\u00f2mica i sanit\u00e0ria amb el poble ucra\u00efn\u00e9s\" src=\"https:\/\/internacional.umh.es\/files\/2023\/02\/Banner-Ucrania-Formulario-300x100.png\" alt=\"La UMH amb Ucran\u00efa banner\" width=\"300\" height=\"100\" srcset=\"https:\/\/internacional.umh.es\/files\/2023\/02\/Banner-Ucrania-Formulario-300x100.png 300w, https:\/\/internacional.umh.es\/files\/2023\/02\/Banner-Ucrania-Formulario-1024x341.png 1024w, https:\/\/internacional.umh.es\/files\/2023\/02\/Banner-Ucrania-Formulario-768x256.png 768w, https:\/\/internacional.umh.es\/files\/2023\/02\/Banner-Ucrania-Formulario.png 1500w\" sizes=\"(max-width: 300px) 100vw, 300px\" \/> La Universitat Miguel Hern\u00e1ndez (UMH) d&#8217;Elx t\u00e9 el ferm comprom\u00eds de prestar el seu suport a les ONGD i ag\u00e8ncies humanit\u00e0ries que estan actuant per a donar refugi, aigua, aliments, medicaments i assist\u00e8ncia a la poblaci\u00f3 ucra\u00efnesa. Per aix\u00f2, davant les diverses consultes realitzades durant aquests dies per la comunitat universit\u00e0ria, <strong>el Vicerectorat d&#8217;Internacionalitzaci\u00f3 i Cooperaci\u00f3 ha recopilat informaci\u00f3<\/strong> sobre les diverses <strong>formes responsables d&#8217;ajudar<\/strong> a aquestes entitats. A m\u00e9s, ha habilitat el correu electr\u00f2nic <strong><a href=\"mailto:ayudaucrania@umh.es\" title=\"Lo ver\u00e1s en una nueva ventana\" rel=\"noopener\" target=\"_blank\">ayudaucrania@umh.es<\/a><\/strong> per a resoldre dubtes respecte a possibles formes de cooperaci\u00f3 i ajuda humanit\u00e0ria, i la web:<\/p>\n<ul>\n<li><a title=\"Ho veur\u00e0s en una nova finestra\" href=\"https:\/\/umhconucrania.umh.es\/\" target=\"_blank\" rel=\"noopener\">umhconucrania.umh.es<\/a><\/li>\n<\/ul>\n<p style=\"text-align: justify\"><a title=\"Accedeix per a m\u00e9s informaci\u00f3 sobre el projecte d'ajuda a Ucra\u00efna\" href=\"https:\/\/internacional.umh.es\/2022\/03\/04\/umhconucrania\/\">Obtingues m\u00e9s informaci\u00f3 sobre AJUDA AMB UCRA\u00cfNA<\/a><\/p>\n<p><\/p>","protected":false},"excerpt":{"rendered":"<p>L\u00cdBIA<br \/>\n La Universitat Miguel Hern\u00e1ndez (UMH) d&#8217;Elx t\u00e9 el ferm comprom\u00eds de prestar el seu suport a les ONGD i ag\u00e8ncies humanit\u00e0ries que estan actuant per a fer front a les conseq\u00fc\u00e8ncies ocasionades pel cicl\u00f3 tropical Daniel va arribar al nord-est de L\u00edbia el passat 10 de setembre. Des de l&#8217;\u00c0rea  de Cooperaci\u00f3 al [&#8230;]<\/p>\n","protected":false},"author":54,"featured_media":0,"parent":3982,"menu_order":0,"comment_status":"closed","ping_status":"closed","template":"","meta":{"ngg_post_thumbnail":0,"_links_to":"","_links_to_target":""},"yoast_head":"<!-- This site is optimized with the Yoast SEO plugin v17.5 - https:\/\/yoast.com\/wordpress\/plugins\/seo\/ -->\n<meta name=\"description\" content=\"La UMH se compromete a prestar ayuda humanitaria a las ONGD y agencias para la poblaci\u00f3n afectada de Libia, Marruecos, Turqu\u00eda, Siria, Ucrania\" \/>\n<meta name=\"robots\" content=\"index, follow, max-snippet:-1, max-image-preview:large, max-video-preview:-1\" \/>\n<link rel=\"canonical\" href=\"https:\/\/internacional.umh.es\/ca\/cooperacion-y-voluntariado\/ayuda-humanitaria\/\" \/>\n<meta property=\"og:locale\" content=\"ca_ES\" \/>\n<meta property=\"og:type\" content=\"article\" \/>\n<meta property=\"og:title\" content=\"Ajuda humanit\u00e0ria - Internacionalitzaci\u00f3 i Cooperaci\u00f3\" \/>\n<meta property=\"og:description\" content=\"La UMH se compromete a prestar ayuda humanitaria a las ONGD y agencias para la poblaci\u00f3n afectada de Libia, Marruecos, Turqu\u00eda, Siria, Ucrania\" \/>\n<meta property=\"og:url\" content=\"https:\/\/internacional.umh.es\/ca\/cooperacion-y-voluntariado\/ayuda-humanitaria\/\" \/>\n<meta property=\"og:site_name\" content=\"Internacionalitzaci\u00f3 i Cooperaci\u00f3\" \/>\n<meta property=\"article:modified_time\" content=\"2024-11-13T13:45:24+00:00\" \/>\n<meta property=\"og:image\" content=\"https:\/\/internacional.umh.es\/files\/2024\/10\/GLOBALUMH-1-300x169.png\" \/>\n<meta name=\"twitter:card\" content=\"summary_large_image\" \/>\n<meta name=\"twitter:label1\" content=\"Est. reading time\" \/>\n\t<meta name=\"twitter:data1\" content=\"2 minuts\" \/>\n<script type=\"application\/ld+json\" class=\"yoast-schema-graph\">{\"@context\":\"https:\/\/schema.org\",\"@graph\":[{\"@type\":\"WebSite\",\"@id\":\"https:\/\/internacional.umh.es\/en\/#website\",\"url\":\"https:\/\/internacional.umh.es\/en\/\",\"name\":\"Internacionalitzaci\\u00f3 i Cooperaci\\u00f3\",\"description\":\"Universitat Miguel Hern\\u00e1ndez d&#039;Elx\",\"potentialAction\":[{\"@type\":\"SearchAction\",\"target\":{\"@type\":\"EntryPoint\",\"urlTemplate\":\"https:\/\/internacional.umh.es\/en\/?s={search_term_string}\"},\"query-input\":\"required name=search_term_string\"}],\"inLanguage\":\"ca\"},{\"@type\":\"ImageObject\",\"@id\":\"https:\/\/internacional.umh.es\/ca\/cooperacion-y-voluntariado\/ayuda-humanitaria\/#primaryimage\",\"inLanguage\":\"ca\",\"url\":\"https:\/\/internacional.umh.es\/files\/2024\/10\/GLOBALUMH-1.png\",\"contentUrl\":\"https:\/\/internacional.umh.es\/files\/2024\/10\/GLOBALUMH-1.png\",\"width\":1920,\"height\":1080},{\"@type\":\"WebPage\",\"@id\":\"https:\/\/internacional.umh.es\/ca\/cooperacion-y-voluntariado\/ayuda-humanitaria\/#webpage\",\"url\":\"https:\/\/internacional.umh.es\/ca\/cooperacion-y-voluntariado\/ayuda-humanitaria\/\",\"name\":\"Ajuda humanit\\u00e0ria - Internacionalitzaci\\u00f3 i Cooperaci\\u00f3\",\"isPartOf\":{\"@id\":\"https:\/\/internacional.umh.es\/en\/#website\"},\"primaryImageOfPage\":{\"@id\":\"https:\/\/internacional.umh.es\/ca\/cooperacion-y-voluntariado\/ayuda-humanitaria\/#primaryimage\"},\"datePublished\":\"2023-02-09T08:08:11+00:00\",\"dateModified\":\"2024-11-13T13:45:24+00:00\",\"description\":\"La UMH se compromete a prestar ayuda humanitaria a las ONGD y agencias para la poblaci\\u00f3n afectada de Libia, Marruecos, Turqu\\u00eda, Siria, Ucrania\",\"breadcrumb\":{\"@id\":\"https:\/\/internacional.umh.es\/ca\/cooperacion-y-voluntariado\/ayuda-humanitaria\/#breadcrumb\"},\"inLanguage\":\"ca\",\"potentialAction\":[{\"@type\":\"ReadAction\",\"target\":[\"https:\/\/internacional.umh.es\/ca\/cooperacion-y-voluntariado\/ayuda-humanitaria\/\"]}]},{\"@type\":\"BreadcrumbList\",\"@id\":\"https:\/\/internacional.umh.es\/ca\/cooperacion-y-voluntariado\/ayuda-humanitaria\/#breadcrumb\",\"itemListElement\":[{\"@type\":\"ListItem\",\"position\":1,\"name\":\"Home\",\"item\":\"https:\/\/internacional.umh.es\/en\/\"},{\"@type\":\"ListItem\",\"position\":2,\"name\":\"COOPERACI\\u00d3 I VOLUNTARIAT\",\"item\":\"https:\/\/internacional.umh.es\/ca\/cooperacion-y-voluntariado\/\"},{\"@type\":\"ListItem\",\"position\":3,\"name\":\"Ajuda humanit\\u00e0ria\"}]}]}<\/script>\n<!-- \/ Yoast SEO plugin. -->","yoast_head_json":{"description":"La UMH se compromete a prestar ayuda humanitaria a las ONGD y agencias para la poblaci\u00f3n afectada de Libia, Marruecos, Turqu\u00eda, Siria, Ucrania","robots":{"index":"index","follow":"follow","max-snippet":"max-snippet:-1","max-image-preview":"max-image-preview:large","max-video-preview":"max-video-preview:-1"},"canonical":"https:\/\/internacional.umh.es\/ca\/cooperacion-y-voluntariado\/ayuda-humanitaria\/","og_locale":"ca_ES","og_type":"article","og_title":"Ajuda humanit\u00e0ria - Internacionalitzaci\u00f3 i Cooperaci\u00f3","og_description":"La UMH se compromete a prestar ayuda humanitaria a las ONGD y agencias para la poblaci\u00f3n afectada de Libia, Marruecos, Turqu\u00eda, Siria, Ucrania","og_url":"https:\/\/internacional.umh.es\/ca\/cooperacion-y-voluntariado\/ayuda-humanitaria\/","og_site_name":"Internacionalitzaci\u00f3 i Cooperaci\u00f3","article_modified_time":"2024-11-13T13:45:24+00:00","og_image":[{"url":"https:\/\/internacional.umh.es\/files\/2024\/10\/GLOBALUMH-1-300x169.png"}],"twitter_card":"summary_large_image","twitter_misc":{"Est. reading time":"2 minuts"},"schema":{"@context":"https:\/\/schema.org","@graph":[{"@type":"WebSite","@id":"https:\/\/internacional.umh.es\/en\/#website","url":"https:\/\/internacional.umh.es\/en\/","name":"Internacionalitzaci\u00f3 i Cooperaci\u00f3","description":"Universitat Miguel Hern\u00e1ndez d&#039;Elx","potentialAction":[{"@type":"SearchAction","target":{"@type":"EntryPoint","urlTemplate":"https:\/\/internacional.umh.es\/en\/?s={search_term_string}"},"query-input":"required name=search_term_string"}],"inLanguage":"ca"},{"@type":"ImageObject","@id":"https:\/\/internacional.umh.es\/ca\/cooperacion-y-voluntariado\/ayuda-humanitaria\/#primaryimage","inLanguage":"ca","url":"https:\/\/internacional.umh.es\/files\/2024\/10\/GLOBALUMH-1.png","contentUrl":"https:\/\/internacional.umh.es\/files\/2024\/10\/GLOBALUMH-1.png","width":1920,"height":1080},{"@type":"WebPage","@id":"https:\/\/internacional.umh.es\/ca\/cooperacion-y-voluntariado\/ayuda-humanitaria\/#webpage","url":"https:\/\/internacional.umh.es\/ca\/cooperacion-y-voluntariado\/ayuda-humanitaria\/","name":"Ajuda humanit\u00e0ria - Internacionalitzaci\u00f3 i Cooperaci\u00f3","isPartOf":{"@id":"https:\/\/internacional.umh.es\/en\/#website"},"primaryImageOfPage":{"@id":"https:\/\/internacional.umh.es\/ca\/cooperacion-y-voluntariado\/ayuda-humanitaria\/#primaryimage"},"datePublished":"2023-02-09T08:08:11+00:00","dateModified":"2024-11-13T13:45:24+00:00","description":"La UMH se compromete a prestar ayuda humanitaria a las ONGD y agencias para la poblaci\u00f3n afectada de Libia, Marruecos, Turqu\u00eda, Siria, Ucrania","breadcrumb":{"@id":"https:\/\/internacional.umh.es\/ca\/cooperacion-y-voluntariado\/ayuda-humanitaria\/#breadcrumb"},"inLanguage":"ca","potentialAction":[{"@type":"ReadAction","target":["https:\/\/internacional.umh.es\/ca\/cooperacion-y-voluntariado\/ayuda-humanitaria\/"]}]},{"@type":"BreadcrumbList","@id":"https:\/\/internacional.umh.es\/ca\/cooperacion-y-voluntariado\/ayuda-humanitaria\/#breadcrumb","itemListElement":[{"@type":"ListItem","position":1,"name":"Home","item":"https:\/\/internacional.umh.es\/en\/"},{"@type":"ListItem","position":2,"name":"COOPERACI\u00d3 I VOLUNTARIAT","item":"https:\/\/internacional.umh.es\/ca\/cooperacion-y-voluntariado\/"},{"@type":"ListItem","position":3,"name":"Ajuda humanit\u00e0ria"}]}]}},"_links":{"self":[{"href":"https:\/\/internacional.umh.es\/ca\/wp-json\/wp\/v2\/pages\/28938"}],"collection":[{"href":"https:\/\/internacional.umh.es\/ca\/wp-json\/wp\/v2\/pages"}],"about":[{"href":"https:\/\/internacional.umh.es\/ca\/wp-json\/wp\/v2\/types\/page"}],"author":[{"embeddable":true,"href":"https:\/\/internacional.umh.es\/ca\/wp-json\/wp\/v2\/users\/54"}],"replies":[{"embeddable":true,"href":"https:\/\/internacional.umh.es\/ca\/wp-json\/wp\/v2\/comments?post=28938"}],"version-history":[{"count":0,"href":"https:\/\/internacional.umh.es\/ca\/wp-json\/wp\/v2\/pages\/28938\/revisions"}],"up":[{"embeddable":true,"href":"https:\/\/internacional.umh.es\/ca\/wp-json\/wp\/v2\/pages\/3982"}],"wp:attachment":[{"href":"https:\/\/internacional.umh.es\/ca\/wp-json\/wp\/v2\/media?parent=28938"}],"curies":[{"name":"wp","href":"https:\/\/api.w.org\/{rel}","templated":true}]}}