{"id":2907,"date":"2015-12-16T17:29:39","date_gmt":"2015-12-16T16:29:39","guid":{"rendered":"http:\/\/internacional.umh.es\/?page_id=2907"},"modified":"2026-03-18T12:39:02","modified_gmt":"2026-03-18T11:39:02","slug":"erasmuspracticas","status":"publish","type":"page","link":"https:\/\/internacional.umh.es\/ca\/movilidad\/estudiantes\/erasmus\/erasmuspracticas\/","title":{"rendered":"ERASMUS+ Pr\u00e0ctiques"},"content":{"rendered":"<p><img loading=\"lazy\" class=\"alignnone wp-image-17289\" title=\"Los proyectos listados est\u00e1n cofinanciados por el programa Erasmus+ de la Uni\u00f3n Europea\" src=\"https:\/\/internacional.umh.es\/files\/2020\/11\/logo-erasmus-plus-300x61.png\" alt=\"Logo Erasmus+ Pr\u00e1cticas logo\" width=\"275\" height=\"56\" srcset=\"https:\/\/internacional.umh.es\/files\/2020\/11\/logo-erasmus-plus-300x61.png 300w, https:\/\/internacional.umh.es\/files\/2020\/11\/logo-erasmus-plus-768x156.png 768w, https:\/\/internacional.umh.es\/files\/2020\/11\/logo-erasmus-plus-1024x209.png 1024w, https:\/\/internacional.umh.es\/files\/2020\/11\/logo-erasmus-plus.png 1758w\" sizes=\"(max-width: 275px) 100vw, 275px\" \/><img loading=\"lazy\" class=\"alignnone wp-image-17766\" title=\"Las sesiones informativas y programa Erasmus+ forman parte de la oferta del Servicio de Relaciones Internacionales de la UMH\" src=\"https:\/\/internacional.umh.es\/files\/2021\/01\/logo-cofinanciado-ue-300x69.png\" alt=\"Logo proyectos cofinanciados por el programa Erasmus+ de la Uni\u00f3n Europea\" width=\"274\" height=\"63\" srcset=\"https:\/\/internacional.umh.es\/files\/2021\/01\/logo-cofinanciado-ue-300x69.png 300w, https:\/\/internacional.umh.es\/files\/2021\/01\/logo-cofinanciado-ue.png 512w\" sizes=\"(max-width: 274px) 100vw, 274px\" \/><\/p>\n<hr>\n<p style=\"text-align: justify\"><strong><span style=\"color: #ff0000\">NOU (27\/10\/23):<\/span><\/strong> El Vicerectorat d&#8217;Internacionalitzaci\u00f3 i Cooperaci\u00f3 de la Universitat Miguel Hern\u00e1ndez (UMH) d&#8217;Elx publica el <strong>llistat definitiu d&#8217;ajudes concedides de la convocat\u00f2ria Erasmus+ Pr\u00e1cticas 2023\/2024:<\/strong><\/p>\n<ul>\n<li><a href=\"https:\/\/internacional.umh.es\/files\/2023\/10\/Publicado.-RR_03090_2023.pdf\" title=\"Ho veur\u00e0s en una nova finestra\" target=\"_blank\" rel=\"noopener\"><strong>Llistat definitiu d&#8217;ajudes concedides (467Kb .pdf)<\/strong><\/a><\/li>\n<\/ul>\n<hr>\n<p><strong>(03\/10\/2023): <\/strong>El Vicerectorat d&#8217;Internacionalitzaci\u00f3 i Cooperaci\u00f3 de la Universitat Miguel Hern\u00e1ndez (UMH) d&#8217;Elx publica el <strong>llistat provisional d&#8217;ajudes concedides de la convocat\u00f2ria Erasmus+ Pr\u00e1cticas 2023\/2024<\/strong><\/p>\n<ul style=\"text-align: justify\">\n<li><a href=\"https:\/\/internacional.umh.es\/files\/2023\/10\/Publicado-BOUMH_Listado-provi.-ayudas-concedidas-2023-2024-Erasmus-practicas-1.pdf\" target=\"_blank\" rel=\"noopener\" title=\"Ho veur\u00e0s en una nova finestra\"><strong>Llistat provisional d&#8217;ajudes concedides (467Mb .pdf)<\/strong><\/a><\/li>\n<\/ul>\n<p style=\"text-align: justify\">Aquelles persones que desitgen presentar <strong>al\u00b7legacions<\/strong> o esmenar la seua sol\u00b7licitud tenen fins al <strong> 13 d&#8217;octubre de 2023<\/strong> per a fer-ho, a trav\u00e9s de la seu electr\u00f2nica de la UMH.<\/p>\n<hr>\n<p><strong>(19\/07\/2023): <\/strong>El Vicerectorat d&#8217;Internacionalitzaci\u00f3 i Cooperaci\u00f3 de la Universitat Miguel Hern\u00e1ndez (UMH) d&#8217;Elx publica el <strong>llistat provisional de sol\u00b7licituds admeses, excloses de la convocat\u00f2ria Erasmus+ Pr\u00e1cticas 2023\/2024<\/strong><\/p>\n<ul>\n<li><a href=\"https:\/\/internacional.umh.es\/files\/2023\/07\/Publi.-BOUMH.-provisional-solicitudes.pdf\" target=\"_blank\" rel=\"noopener\" title=\"Ho veur\u00e0s en una nova finestra\"><strong>Llistat provisional de sol\u00b7licituds admeses i excloses (1,5Mb .pdf)<\/strong><\/a><\/li>\n<\/ul>\n<p> Aquelles persones que desitgen presentar al\u00b7legacions o esmenar la seua sol\u00b7licitud tenen <strong>fins al 31 de juliol de 2023<\/strong> per a fer-ho, a trav\u00e9s de la seu electr\u00f2nica de la UMH seguint aquests passos:<\/p>\n<ol>\n<li>Entrar en l&#8217;apartat els meus tr\u00e0mits de la seu electr\u00f2nica: <a href=\"https:\/\/universite.umh.es\/MisTramites\" data-saferedirecturl=\"https:\/\/www.google.com\/url?q=https:\/\/universite.umh.es\/MisTramites&amp;source=gmail&amp;ust=1689851518997000&amp;usg=AOvVaw0MINifwbhewyaquLNU75Ls\" target=\"_blank\" title=\"Ho veur\u00e0s en una nova finestra\" rel=\"noopener\"><strong>universite.umh.es\/mistramites<\/strong><\/a><\/li>\n<li>Introduir <strong>usuari contrasenya <\/strong>d&#8217;estudiant UMH.<\/li>\n<li>Entrar en l&#8217;apartat \u201cexpedients\u201d.<\/li>\n<li>Seleccionar l&#8217;expedient obert, en relaci\u00f3 a aquesta convocat\u00f2ria de places Erasmus, clicar en la part dreta el bot\u00f3 \u201cdetalle\u201d i triar l&#8217;opci\u00f3 \u201cesmenar\/altres tr\u00e0mits\u201d<\/li>\n<li>Emplenar l&#8217;apartat \u201cexposa\/sol\u00b7licita de la inst\u00e0ncia general indicant el motiu de la petici\u00f3\u201d<\/li>\n<li>Adjuntar arxiu, si \u00e9s el cas<\/li>\n<li>Clicar a \u201c<strong>Presentar en Registre\u201d<\/strong><\/li>\n<\/ol>\n<hr>\n<p style=\"text-align: justify\"><strong>(23\/06\/23): <\/strong>El Vicerectorat d&#8217;Internacionalitzaci\u00f3 i Cooperaci\u00f3 de la Universitat Miguel Hern\u00e1ndez (UMH) d&#8217;Elx publica la <strong>convocat\u00f2ria Erasmus+ Pr\u00e1cticas per al curs 2023\/2024<\/strong>. Els interessats hauran de realitzar la sol\u00b7licitud de manera en l\u00ednia i presentar-la, al costat de la resta de la documentaci\u00f3, a trav\u00e9s de la seu electr\u00f2nica. Una vegada formalitzada la sol\u00b7licitud, haur\u00e0 de punxar sobre el bot\u00f3 \u201cregistrar sol\u00b7licitud\u201d que li portar\u00e0 directament a la presentaci\u00f3 de la documentaci\u00f3 per seu electr\u00f2nica.<\/p>\n<p style=\"text-align: justify\">Pots consultar les <strong>bases de la convocat\u00f2ria<\/strong>, els criteris de concessi\u00f3 i el procediment de sol\u00b7licitud punxant en el seg\u00fcent enlla\u00e7 al document:<\/p>\n<ul style=\"text-align: justify\">\n<li><a href=\"https:\/\/internacional.umh.es\/files\/2023\/06\/Publica.-BOUMH.-RR_01599_2023.pdf\" target=\"_blank\" title=\"Ho veur\u00e0s en una nova finestra\" rel=\"noopener\"><strong>Publicaci\u00f3 en BOUMH (1,7Mb .pdf)<\/strong><\/a><\/li>\n<\/ul>\n<ul style=\"text-align: justify\">\n<li><a href=\"https:\/\/internacional.umh.es\/files\/2023\/06\/Publica.-DOGV.-2023_7053.pdf\" target=\"_blank\" title=\"Ho veur\u00e0s en una nova finestra\" rel=\"noopener\"><strong>Publicaci\u00f3 en el DOGV (200Kb .pdf)<\/strong><\/a><\/li>\n<\/ul>\n<p style=\"text-align: justify\">La duraci\u00f3 de les pr\u00e0ctiques no ha de ser inferior a 2 mesos ni superior a 12 mesos per cicle d&#8217;estudis (entenent-se com a cicle d&#8217;estudis: grau, m\u00e0ster i doctorat) havent d&#8217;acabar obligat\u00f2riament <strong>amb data m\u00e0xima el 15 de juliol de 2024.<\/strong><\/p>\n<p style=\"text-align: justify\">La sol\u00b7licitud es realitzar\u00e0 <strong>EN L\u00cdNIA<\/strong>, a trav\u00e9s de l&#8217;acc\u00e9s personalitzat dels estudiants (<a href=\"https:\/\/universite.umh.es\/app\/gestion\/paginas\/movilidadInternacionalEstudiantesOut.asp\" data-saferedirecturl=\"https:\/\/www.google.com\/url?q=https:\/\/universite.umh.es\/app\/gestion\/paginas\/movilidadInternacionalEstudiantesOut.asp&amp;source=gmail&amp;ust=1687589353743000&amp;usg=AOvVaw3QkEsWRtk-fu2clS1FClSl\" target=\"_blank\" title=\"Ho veur\u00e0s en una nova finestra\" rel=\"noopener\"><strong>sol\u00b7licitud<\/strong><\/a>)<\/p>\n<p style=\"text-align: justify\">El termini de presentaci\u00f3 de sol\u00b7licituds ser\u00e0 <strong>del 23\/06\/2023 al 6\/07\/2023<\/strong><\/p>\n<p style=\"text-align: justify\">La documentaci\u00f3 a aportar ser\u00e0 la seg\u00fcent:<\/p>\n<ol>\n<li style=\"text-align: justify\">Sol\u00b7licitud signada (una vegada realitzada la inscripci\u00f3 EN L\u00cdNIA, l&#8217;estudiant ha de descarregar el PDF i signar-lo).<\/li>\n<li style=\"text-align: justify\">Certificat d&#8217;acceptaci\u00f3 de l&#8217;empresa.<\/li>\n<li style=\"text-align: justify\">C\u00f2pia del DNI, passaport o perm\u00eds de resid\u00e8ncia.<\/li>\n<li style=\"text-align: justify\">C\u00f2pia de l&#8217;expedient acad\u00e8mic personal (sense validesa acad\u00e8mica).<\/li>\n<li style=\"text-align: justify\">Curriculum vitae<\/li>\n<li style=\"text-align: justify\">C\u00f2pia del certificat o document acreditatiu de coneixements d&#8217;idiomes.<\/li>\n<li style=\"text-align: justify\">Learning Agreement for Traineeship signat pel sol\u00b7licitant i l&#8217;empresa d&#8217;acolliment: <a href=\"https:\/\/internacional.umh.es\/files\/2022\/12\/AnexoII.-HE-Learning-agreement_traineeships_Proyec2021-EN.docx\" data-saferedirecturl=\"https:\/\/www.google.com\/url?q=https:\/\/internacional.umh.es\/files\/2022\/12\/AnexoII.-HE-Learning-agreement_traineeships_Proyec2021-EN.docx&amp;source=gmail&amp;ust=1687589353743000&amp;usg=AOvVaw0hA7xM3Kv38VTH6a3AsqGO\"><strong> model de l&#8217;Annex II (80Kb Angl\u00e8s .docx)<\/strong><\/a><\/li>\n<li style=\"text-align: justify\">Credencial d&#8217;haver sigut becari MEC durant el curs acad\u00e8mic 2022\/2023, si \u00e9s el cas.<\/li>\n<li style=\"text-align: justify\">Declaraci\u00f3 responsable de no estar incurs en circumst\u00e0ncies que impedeixen obtindre la condici\u00f3 de beneficiari <strong>(<a href=\"https:\/\/internacional.umh.es\/files\/2023\/06\/AUTORIZACION-PARA-LA-CONSULTA-TELEMATICA-DE-DATOS-Y-DECLARACION-RESPONSABLE-DE-NO-ESTAR-INCURSO-1.docx\" target=\"_blank\" rel=\"noopener\" title=\"Ho veur\u00e0s en una nova finestra\">document (238Kb Castell\u00e0 .docx)<\/a>)<\/strong>.<\/li>\n<\/ol>\n<hr>\n<h4><strong>Convocat\u00f2ries anteriors:<\/strong><\/h4>\n<ul>\n<li><a title=\"Accedeix ara a tota la informaci\u00f3 sobre la convocat\u00f2ria 2022-23\" href=\"https:\/\/internacional.umh.es\/ca\/erasmus-practicas-2022-2023\/\"><strong>Erasmus+ Pr\u00e0ctiques 2022\/2023<\/strong><\/a><\/li>\n<li><a title=\"Accedeix ahora a toda la informaci\u00f3n sobre la convocatoria 2021-22\" href=\"https:\/\/internacional.umh.es\/ca\/movilidad\/estudiantes\/erasmus\/erasmuspracticas\/convocatoria-2021-2022\/\"><strong>Erasmus+ Pr\u00e0ctiques 2021\/2022<\/strong><\/a><\/li>\n<li><a title=\"Accedeix ara a tota la informaci\u00f3 sobre la convocat\u00f2ria 2020-21\" href=\"https:\/\/internacional.umh.es\/ca\/movilidad\/estudiantes\/erasmus\/erasmuspracticas\/erasmus-practicas-2020-2021\/\"><strong>Erasmus+ Pr\u00e0ctiques 2020\/2021<\/strong><\/a><\/li>\n<li><strong><a title=\"Accedeix ara a tota la informaci\u00f3 sobre la convocat\u00f2ria 2019-20\" href=\"https:\/\/internacional.umh.es\/ca\/movilidad\/estudiantes\/erasmus\/erasmuspracticas\/erasmus-practicas-2019-2020\/\">Erasmus+ Pr\u00e0ctiques 2019\/2020<\/a><\/strong><\/li>\n<li><strong><a title=\"Accedeix ara a tota la informaci\u00f3 sobre la convocat\u00f2ria 2018-19\" href=\"https:\/\/internacional.umh.es\/ca\/erasmus-practiques-2018-2019\/\">Erasmus+ Pr\u00e0ctiques 2018\/2019<\/a><\/strong><\/li>\n<li><strong><a title=\"Accedeix ara a tota la informaci\u00f3 sobre la convocat\u00f2ria 2017-18\" href=\"https:\/\/internacional.umh.es\/ca\/erasmus-practicas-2017-2018\/\">Erasmus+ Pr\u00e0ctiques 2017\/2018<\/a><\/strong><\/li>\n<li><a title=\"Accedeix ara a tota la informaci\u00f3 sobre la convocat\u00f2ria 2016-17\" href=\"https:\/\/internacional.umh.es\/ca\/erasmus-practicas-20162017\/\" target=\"_blank\" rel=\"noopener noreferrer\"><strong>Erasmus+ Pr\u00e0ctiques 2016\/2017<\/strong><\/a><\/li>\n<\/ul>\n<p>&nbsp;<\/p>","protected":false},"excerpt":{"rendered":"<p>NOU (27\/10\/23): El Vicerectorat d&#8217;Internacionalitzaci\u00f3 i Cooperaci\u00f3 de la Universitat Miguel Hern\u00e1ndez (UMH) d&#8217;Elx publica el llistat definitiu d&#8217;ajudes concedides de la convocat\u00f2ria Erasmus+ Pr\u00e1cticas 2023\/2024:<\/p>\n<p>Llistat definitiu d&#8217;ajudes concedides (467Kb .pdf)<\/p>\n<p>(03\/10\/2023): El Vicerectorat d&#8217;Internacionalitzaci\u00f3 i Cooperaci\u00f3 de la Universitat Miguel Hern\u00e1ndez (UMH) d&#8217;Elx publica el llistat provisional d&#8217;ajudes concedides de la convocat\u00f2ria Erasmus+ Pr\u00e1cticas 2023\/2024<\/p>\n<p>Llistat [&#8230;]<\/p>\n","protected":false},"author":3296,"featured_media":0,"parent":10,"menu_order":1,"comment_status":"closed","ping_status":"closed","template":"","meta":{"ngg_post_thumbnail":0,"_links_to":"","_links_to_target":""},"yoast_head":"<!-- This site is optimized with the Yoast SEO plugin v17.5 - https:\/\/yoast.com\/wordpress\/plugins\/seo\/ -->\n<meta name=\"description\" content=\"El Vicerect de Rel Internacionales UMH publica la convocatoria Erasmus+ Pr\u00e1cticas en organizaciones p\u00fablicas\/privadas de pa\u00edses participantes\" \/>\n<meta name=\"robots\" content=\"index, follow, max-snippet:-1, max-image-preview:large, max-video-preview:-1\" \/>\n<link rel=\"canonical\" href=\"https:\/\/internacional.umh.es\/ca\/movilidad\/estudiantes\/erasmus\/erasmuspracticas\/\" \/>\n<meta property=\"og:locale\" content=\"ca_ES\" \/>\n<meta property=\"og:type\" content=\"article\" \/>\n<meta property=\"og:title\" content=\"ERASMUS+ Pr\u00e0ctiques - Internacionalitzaci\u00f3 i Cooperaci\u00f3\" \/>\n<meta property=\"og:description\" content=\"El Vicerect de Rel Internacionales UMH publica la convocatoria Erasmus+ Pr\u00e1cticas en organizaciones p\u00fablicas\/privadas de pa\u00edses participantes\" \/>\n<meta property=\"og:url\" content=\"https:\/\/internacional.umh.es\/movilidad\/estudiantes\/erasmus\/erasmuspracticas\/\" \/>\n<meta property=\"og:site_name\" content=\"Internacionalitzaci\u00f3 i Cooperaci\u00f3\" \/>\n<meta property=\"article:modified_time\" content=\"2026-03-18T11:39:02+00:00\" \/>\n<meta property=\"og:image\" content=\"https:\/\/internacional.umh.es\/files\/2020\/11\/logo-erasmus-plus-300x61.png\" \/>\n<meta name=\"twitter:card\" content=\"summary_large_image\" \/>\n<meta name=\"twitter:label1\" content=\"Est. reading time\" \/>\n\t<meta name=\"twitter:data1\" content=\"6 minuts\" \/>\n<script type=\"application\/ld+json\" class=\"yoast-schema-graph\">{\"@context\":\"https:\/\/schema.org\",\"@graph\":[{\"@type\":\"WebSite\",\"@id\":\"https:\/\/internacional.umh.es\/en\/#website\",\"url\":\"https:\/\/internacional.umh.es\/en\/\",\"name\":\"Internacionalitzaci\\u00f3 i Cooperaci\\u00f3\",\"description\":\"Universitat Miguel Hern\\u00e1ndez d&#039;Elx\",\"potentialAction\":[{\"@type\":\"SearchAction\",\"target\":{\"@type\":\"EntryPoint\",\"urlTemplate\":\"https:\/\/internacional.umh.es\/en\/?s={search_term_string}\"},\"query-input\":\"required name=search_term_string\"}],\"inLanguage\":\"ca\"},{\"@type\":\"ImageObject\",\"@id\":\"https:\/\/internacional.umh.es\/movilidad\/estudiantes\/erasmus\/erasmuspracticas\/#primaryimage\",\"inLanguage\":\"ca\",\"url\":\"https:\/\/internacional.umh.es\/files\/2020\/11\/logo-erasmus-plus.png\",\"contentUrl\":\"https:\/\/internacional.umh.es\/files\/2020\/11\/logo-erasmus-plus.png\",\"width\":1758,\"height\":358,\"caption\":\"Logo Erasmus+\"},{\"@type\":\"WebPage\",\"@id\":\"https:\/\/internacional.umh.es\/movilidad\/estudiantes\/erasmus\/erasmuspracticas\/#webpage\",\"url\":\"https:\/\/internacional.umh.es\/movilidad\/estudiantes\/erasmus\/erasmuspracticas\/\",\"name\":\"ERASMUS+ Pr\\u00e0ctiques - Internacionalitzaci\\u00f3 i Cooperaci\\u00f3\",\"isPartOf\":{\"@id\":\"https:\/\/internacional.umh.es\/en\/#website\"},\"primaryImageOfPage\":{\"@id\":\"https:\/\/internacional.umh.es\/movilidad\/estudiantes\/erasmus\/erasmuspracticas\/#primaryimage\"},\"datePublished\":\"2015-12-16T16:29:39+00:00\",\"dateModified\":\"2026-03-18T11:39:02+00:00\",\"description\":\"El Vicerect de Rel Internacionales UMH publica la convocatoria Erasmus+ Pr\\u00e1cticas en organizaciones p\\u00fablicas\/privadas de pa\\u00edses participantes\",\"breadcrumb\":{\"@id\":\"https:\/\/internacional.umh.es\/movilidad\/estudiantes\/erasmus\/erasmuspracticas\/#breadcrumb\"},\"inLanguage\":\"ca\",\"potentialAction\":[{\"@type\":\"ReadAction\",\"target\":[\"https:\/\/internacional.umh.es\/movilidad\/estudiantes\/erasmus\/erasmuspracticas\/\"]}]},{\"@type\":\"BreadcrumbList\",\"@id\":\"https:\/\/internacional.umh.es\/movilidad\/estudiantes\/erasmus\/erasmuspracticas\/#breadcrumb\",\"itemListElement\":[{\"@type\":\"ListItem\",\"position\":1,\"name\":\"Home\",\"item\":\"https:\/\/internacional.umh.es\/en\/\"},{\"@type\":\"ListItem\",\"position\":2,\"name\":\"MOBILITY\",\"item\":\"https:\/\/internacional.umh.es\/en\/movilidad\/\"},{\"@type\":\"ListItem\",\"position\":3,\"name\":\"Estudiantes\",\"item\":\"https:\/\/internacional.umh.es\/movilidad\/estudiantes\/\"},{\"@type\":\"ListItem\",\"position\":4,\"name\":\"ERASMUS\",\"item\":\"https:\/\/internacional.umh.es\/movilidad\/estudiantes\/erasmus\/\"},{\"@type\":\"ListItem\",\"position\":5,\"name\":\"ERASMUS+ Pr\\u00e1cticas\"}]}]}<\/script>\n<!-- \/ Yoast SEO plugin. -->","yoast_head_json":{"description":"El Vicerect de Rel Internacionales UMH publica la convocatoria Erasmus+ Pr\u00e1cticas en organizaciones p\u00fablicas\/privadas de pa\u00edses participantes","robots":{"index":"index","follow":"follow","max-snippet":"max-snippet:-1","max-image-preview":"max-image-preview:large","max-video-preview":"max-video-preview:-1"},"canonical":"https:\/\/internacional.umh.es\/ca\/movilidad\/estudiantes\/erasmus\/erasmuspracticas\/","og_locale":"ca_ES","og_type":"article","og_title":"ERASMUS+ Pr\u00e0ctiques - Internacionalitzaci\u00f3 i Cooperaci\u00f3","og_description":"El Vicerect de Rel Internacionales UMH publica la convocatoria Erasmus+ Pr\u00e1cticas en organizaciones p\u00fablicas\/privadas de pa\u00edses participantes","og_url":"https:\/\/internacional.umh.es\/movilidad\/estudiantes\/erasmus\/erasmuspracticas\/","og_site_name":"Internacionalitzaci\u00f3 i Cooperaci\u00f3","article_modified_time":"2026-03-18T11:39:02+00:00","og_image":[{"url":"https:\/\/internacional.umh.es\/files\/2020\/11\/logo-erasmus-plus-300x61.png"}],"twitter_card":"summary_large_image","twitter_misc":{"Est. reading time":"6 minuts"},"schema":{"@context":"https:\/\/schema.org","@graph":[{"@type":"WebSite","@id":"https:\/\/internacional.umh.es\/en\/#website","url":"https:\/\/internacional.umh.es\/en\/","name":"Internacionalitzaci\u00f3 i Cooperaci\u00f3","description":"Universitat Miguel Hern\u00e1ndez d&#039;Elx","potentialAction":[{"@type":"SearchAction","target":{"@type":"EntryPoint","urlTemplate":"https:\/\/internacional.umh.es\/en\/?s={search_term_string}"},"query-input":"required name=search_term_string"}],"inLanguage":"ca"},{"@type":"ImageObject","@id":"https:\/\/internacional.umh.es\/movilidad\/estudiantes\/erasmus\/erasmuspracticas\/#primaryimage","inLanguage":"ca","url":"https:\/\/internacional.umh.es\/files\/2020\/11\/logo-erasmus-plus.png","contentUrl":"https:\/\/internacional.umh.es\/files\/2020\/11\/logo-erasmus-plus.png","width":1758,"height":358,"caption":"Logo Erasmus+"},{"@type":"WebPage","@id":"https:\/\/internacional.umh.es\/movilidad\/estudiantes\/erasmus\/erasmuspracticas\/#webpage","url":"https:\/\/internacional.umh.es\/movilidad\/estudiantes\/erasmus\/erasmuspracticas\/","name":"ERASMUS+ Pr\u00e0ctiques - Internacionalitzaci\u00f3 i Cooperaci\u00f3","isPartOf":{"@id":"https:\/\/internacional.umh.es\/en\/#website"},"primaryImageOfPage":{"@id":"https:\/\/internacional.umh.es\/movilidad\/estudiantes\/erasmus\/erasmuspracticas\/#primaryimage"},"datePublished":"2015-12-16T16:29:39+00:00","dateModified":"2026-03-18T11:39:02+00:00","description":"El Vicerect de Rel Internacionales UMH publica la convocatoria Erasmus+ Pr\u00e1cticas en organizaciones p\u00fablicas\/privadas de pa\u00edses participantes","breadcrumb":{"@id":"https:\/\/internacional.umh.es\/movilidad\/estudiantes\/erasmus\/erasmuspracticas\/#breadcrumb"},"inLanguage":"ca","potentialAction":[{"@type":"ReadAction","target":["https:\/\/internacional.umh.es\/movilidad\/estudiantes\/erasmus\/erasmuspracticas\/"]}]},{"@type":"BreadcrumbList","@id":"https:\/\/internacional.umh.es\/movilidad\/estudiantes\/erasmus\/erasmuspracticas\/#breadcrumb","itemListElement":[{"@type":"ListItem","position":1,"name":"Home","item":"https:\/\/internacional.umh.es\/en\/"},{"@type":"ListItem","position":2,"name":"MOBILITY","item":"https:\/\/internacional.umh.es\/en\/movilidad\/"},{"@type":"ListItem","position":3,"name":"Estudiantes","item":"https:\/\/internacional.umh.es\/movilidad\/estudiantes\/"},{"@type":"ListItem","position":4,"name":"ERASMUS","item":"https:\/\/internacional.umh.es\/movilidad\/estudiantes\/erasmus\/"},{"@type":"ListItem","position":5,"name":"ERASMUS+ Pr\u00e1cticas"}]}]}},"_links":{"self":[{"href":"https:\/\/internacional.umh.es\/ca\/wp-json\/wp\/v2\/pages\/2907"}],"collection":[{"href":"https:\/\/internacional.umh.es\/ca\/wp-json\/wp\/v2\/pages"}],"about":[{"href":"https:\/\/internacional.umh.es\/ca\/wp-json\/wp\/v2\/types\/page"}],"author":[{"embeddable":true,"href":"https:\/\/internacional.umh.es\/ca\/wp-json\/wp\/v2\/users\/3296"}],"replies":[{"embeddable":true,"href":"https:\/\/internacional.umh.es\/ca\/wp-json\/wp\/v2\/comments?post=2907"}],"version-history":[{"count":0,"href":"https:\/\/internacional.umh.es\/ca\/wp-json\/wp\/v2\/pages\/2907\/revisions"}],"up":[{"embeddable":true,"href":"https:\/\/internacional.umh.es\/ca\/wp-json\/wp\/v2\/pages\/10"}],"wp:attachment":[{"href":"https:\/\/internacional.umh.es\/ca\/wp-json\/wp\/v2\/media?parent=2907"}],"curies":[{"name":"wp","href":"https:\/\/api.w.org\/{rel}","templated":true}]}}