{"id":29573,"date":"2023-03-17T10:08:34","date_gmt":"2023-03-17T09:08:34","guid":{"rendered":"https:\/\/internacional.umh.es\/?page_id=29573"},"modified":"2026-03-10T12:06:16","modified_gmt":"2026-03-10T11:06:16","slug":"sprint","status":"publish","type":"page","link":"https:\/\/internacional.umh.es\/ca\/internacionalizacion\/sprint\/","title":{"rendered":"Programa SPRINT"},"content":{"rendered":"<p><\/p>\n<h3><strong>PROGRAMA SPRINT PER A PROJECTES INTERNACIONALS D&#8217;INVESTIGACI\u00d3 (SPRINT-UMH-FAPESP)<\/strong><\/h3>\n<p><img loading=\"lazy\" class=\"size-medium wp-image-29594\" title=\"S'estableix un nou conveni de col\u00b7laboraci\u00f3 del Programa SPRINT per a projectes internacionals d'investigaci\u00f3\" src=\"https:\/\/internacional.umh.es\/files\/2023\/03\/Logo-UMH-FAPESP-programa-SPRINT-colaboracion-300x64.png\" alt=\"UMH FAPESP programa SPRINT logo\" width=\"500\" height=\"107\" srcset=\"https:\/\/internacional.umh.es\/files\/2023\/03\/Logo-UMH-FAPESP-programa-SPRINT-colaboracion-300x64.png 300w, https:\/\/internacional.umh.es\/files\/2023\/03\/Logo-UMH-FAPESP-programa-SPRINT-colaboracion-1024x219.png 1024w, https:\/\/internacional.umh.es\/files\/2023\/03\/Logo-UMH-FAPESP-programa-SPRINT-colaboracion-768x164.png 768w, https:\/\/internacional.umh.es\/files\/2023\/03\/Logo-UMH-FAPESP-programa-SPRINT-colaboracion.png 1296w\" sizes=\"(max-width: 500px) 100vw, 500px\" \/><\/p>\n<p style=\"text-align: justify\"><span style=\"color: #ff0000\"><strong>NOU (15\/03\/2024):<\/strong> <\/span>En virtut del referit conveni, i com primera acci\u00f3 per a promoure aquesta col\u00b7laboraci\u00f3 en mobilitat internacional, la FAPESP i la UMH fan p\u00fablica aquesta convocat\u00f2ria anunciada simult\u00e0niament de propostes per a l&#8217;intercanvi d&#8217;investigadors en els termes i condicions del SPRINT, segona edici\u00f3 2024 (<a href=\"http:\/\/www.fapesp.br\/sprint\/\" title=\"Ho veur\u00e0s en una nova finestra\" target=\"_blank\" rel=\"noopener\" data-saferedirecturl=\"https:\/\/www.google.com\/url?q=http:\/\/www.fapesp.br\/sprint\/&amp;source=gmail&amp;ust=1710585001771000&amp;usg=AOvVaw0Vr-x1PkL22DYg2mWUVIsO\">fapesp.br\/sprint\/<\/a>)<\/p>\n<p style=\"text-align: justify\">L&#8217;objecte principal d&#8217;aquest programa \u00e9s proporcionar finan\u00e7ament per a la fase inicial de col\u00b7laboracions conjuntes d&#8217;investigaci\u00f3 internacional (finan\u00e7ament inicial o sement) mitjan\u00e7ant la mobilitat col\u00b7laborativa del PDI de la UMH i investigadors de l&#8217;Estat de S\u00e3o Paulo finan\u00e7ats per la FAPESP, amb la finalitat de desenvolupar un projecte d&#8217;investigaci\u00f3 conjunt a llarg termini.<\/p>\n<ul>\n<li><a href=\"https:\/\/internacional.umh.es\/files\/2024\/03\/Publicado-BOUMH.-RR_00721_2024.pdf\" target=\"_blank\" rel=\"noopener\">Convocat\u00f2ria completa (4,05Mb .pdf)<\/a><\/li>\n<li><a href=\"https:\/\/internacional.umh.es\/files\/2024\/04\/Correccion-de-errores.-RR_00806_2024.pdf\" target=\"_blank\" rel=\"noopener\">Correcci\u00f3 d&#8217;errors (1,24Mb .pdf)<\/a><\/li>\n<\/ul>\n<p>La data l\u00edmit per a entregar les vostres propostes \u00e9s el 24 de juny 2024 (incl\u00f2s)<\/p>\n<p><strong>Annexos a la convocat\u00f2ria:<\/strong><\/p>\n<ul>\n<li><a href=\"https:\/\/internacional.umh.es\/files\/2024\/03\/Anexo-II-Solicitud.-definitivo-ano-2024.docx\" target=\"_blank\" title=\"Ho veur\u00e0s en una nova finestra\" rel=\"noopener\">ANNEX II-Model de sol\u00b7licitud definitiu (247Kb .docx)<\/a><\/li>\n<li><a href=\"https:\/\/internacional.umh.es\/files\/2024\/03\/Anexo-III-Memoria-SPRINT.-Definitivo-2024.docx\" target=\"_blank\" title=\"Ho veur\u00e0s en una nova finestra\" rel=\"noopener\">ANNEX III-Mem\u00f2ria SPRINT definitiu (254Kb .docx)<\/a><\/li>\n<li><a href=\"https:\/\/internacional.umh.es\/files\/2024\/03\/Anexo-IV-Informe-SPRINT-2024.-definitivo-1.docx\" target=\"_blank\" title=\"Ho veur\u00e0s en una nova finestra\" rel=\"noopener\">ANNEX IV-Informe-SPRINT-2024 definitiu (254Kb .docx)<\/a><\/li>\n<li><a href=\"https:\/\/internacional.umh.es\/files\/2024\/03\/Anexo-V-Memoria-final-SPRINT-2024-definitivo-1.docx\" target=\"_blank\" title=\"Ho veur\u00e0s en una nova finestra\" rel=\"noopener\">ANNEX V-Mem\u00f2ria final SPRINT-2024 (255Kb .docx)<\/a><\/li>\n<li><a href=\"https:\/\/internacional.umh.es\/files\/2024\/03\/Anexo-V-memoria-resultados-finales.-SPRINT-2025-1.docx\" target=\"_blank\" title=\"Ho veur\u00e0s en una nova finestra\" rel=\"noopener\">ANNEX V- Mem\u00f2ria resultats finals SPRINT 2025 (256 .docx)<\/a><\/li>\n<\/ul>\n<hr>\n<p><\/p>\n<h4><strong>Convocat\u00f2ries anteriors<\/strong><\/h4>\n<ul>\n<li><a href=\"https:\/\/internacional.umh.es\/ca\/sprint-convocatoria-2022-2023\/\" title=\"Amplia ara informaci\u00f3 sobre la convocat\u00f2ria Sprint 2022-2023\">Convocat\u00f2ria 2022\/2023<\/a><\/li>\n<\/ul>\n<p><\/p>","protected":false},"excerpt":{"rendered":"<p>PROGRAMA SPRINT PER A PROJECTES INTERNACIONALS D&#8217;INVESTIGACI\u00d3 (SPRINT-UMH-FAPESP)<\/p>\n<p>NOU (15\/03\/2024): En virtut del referit conveni, i com primera acci\u00f3 per a promoure aquesta col\u00b7laboraci\u00f3 en mobilitat internacional, la FAPESP i la UMH fan p\u00fablica aquesta convocat\u00f2ria anunciada simult\u00e0niament de propostes per a l&#8217;intercanvi d&#8217;investigadors en els termes i condicions del SPRINT, segona edici\u00f3 2024 (fapesp.br\/sprint\/)<br \/>\nL&#8217;objecte principal [&#8230;]<\/p>\n","protected":false},"author":3107,"featured_media":0,"parent":2740,"menu_order":10,"comment_status":"closed","ping_status":"closed","template":"","meta":{"ngg_post_thumbnail":0,"_links_to":"","_links_to_target":""},"yoast_head":"<!-- This site is optimized with the Yoast SEO plugin v17.5 - https:\/\/yoast.com\/wordpress\/plugins\/seo\/ -->\n<meta name=\"description\" content=\"Programa SPRINT proyectos internacionales de investigaci\u00f3n (SPRINT-UMH-FAPESP) cooperaci\u00f3n cient\u00edfica y tecnol\u00f3gica entre investigadores\" \/>\n<meta name=\"robots\" content=\"index, follow, max-snippet:-1, max-image-preview:large, max-video-preview:-1\" \/>\n<link rel=\"canonical\" href=\"https:\/\/internacional.umh.es\/ca\/internacionalizacion\/sprint\/\" \/>\n<meta property=\"og:locale\" content=\"ca_ES\" \/>\n<meta property=\"og:type\" content=\"article\" \/>\n<meta property=\"og:title\" content=\"Programa SPRINT - Internacionalitzaci\u00f3 i Cooperaci\u00f3\" \/>\n<meta property=\"og:description\" content=\"Programa SPRINT proyectos internacionales de investigaci\u00f3n (SPRINT-UMH-FAPESP) cooperaci\u00f3n cient\u00edfica y tecnol\u00f3gica entre investigadores\" \/>\n<meta property=\"og:url\" content=\"https:\/\/internacional.umh.es\/internacionalizacion\/sprint\/\" \/>\n<meta property=\"og:site_name\" content=\"Internacionalitzaci\u00f3 i Cooperaci\u00f3\" \/>\n<meta property=\"article:modified_time\" content=\"2026-03-10T11:06:16+00:00\" \/>\n<meta property=\"og:image\" content=\"https:\/\/internacional.umh.es\/files\/2023\/03\/Logo-UMH-FAPESP-programa-SPRINT-colaboracion-300x64.png\" \/>\n<meta name=\"twitter:card\" content=\"summary_large_image\" \/>\n<meta name=\"twitter:label1\" content=\"Est. reading time\" \/>\n\t<meta name=\"twitter:data1\" content=\"2 minuts\" \/>\n<script type=\"application\/ld+json\" class=\"yoast-schema-graph\">{\"@context\":\"https:\/\/schema.org\",\"@graph\":[{\"@type\":\"WebSite\",\"@id\":\"https:\/\/internacional.umh.es\/en\/#website\",\"url\":\"https:\/\/internacional.umh.es\/en\/\",\"name\":\"Internacionalitzaci\\u00f3 i Cooperaci\\u00f3\",\"description\":\"Universitat Miguel Hern\\u00e1ndez d&#039;Elx\",\"potentialAction\":[{\"@type\":\"SearchAction\",\"target\":{\"@type\":\"EntryPoint\",\"urlTemplate\":\"https:\/\/internacional.umh.es\/en\/?s={search_term_string}\"},\"query-input\":\"required name=search_term_string\"}],\"inLanguage\":\"ca\"},{\"@type\":\"ImageObject\",\"@id\":\"https:\/\/internacional.umh.es\/internacionalizacion\/sprint\/#primaryimage\",\"inLanguage\":\"ca\",\"url\":\"https:\/\/internacional.umh.es\/files\/2023\/03\/Logo-UMH-FAPESP-programa-SPRINT-colaboracion.png\",\"contentUrl\":\"https:\/\/internacional.umh.es\/files\/2023\/03\/Logo-UMH-FAPESP-programa-SPRINT-colaboracion.png\",\"width\":1296,\"height\":277,\"caption\":\"UMH FAPESP programa SPRINT logo\"},{\"@type\":\"WebPage\",\"@id\":\"https:\/\/internacional.umh.es\/internacionalizacion\/sprint\/#webpage\",\"url\":\"https:\/\/internacional.umh.es\/internacionalizacion\/sprint\/\",\"name\":\"Programa SPRINT - Internacionalitzaci\\u00f3 i Cooperaci\\u00f3\",\"isPartOf\":{\"@id\":\"https:\/\/internacional.umh.es\/en\/#website\"},\"primaryImageOfPage\":{\"@id\":\"https:\/\/internacional.umh.es\/internacionalizacion\/sprint\/#primaryimage\"},\"datePublished\":\"2023-03-17T09:08:34+00:00\",\"dateModified\":\"2026-03-10T11:06:16+00:00\",\"description\":\"Programa SPRINT proyectos internacionales de investigaci\\u00f3n (SPRINT-UMH-FAPESP) cooperaci\\u00f3n cient\\u00edfica y tecnol\\u00f3gica entre investigadores\",\"breadcrumb\":{\"@id\":\"https:\/\/internacional.umh.es\/internacionalizacion\/sprint\/#breadcrumb\"},\"inLanguage\":\"ca\",\"potentialAction\":[{\"@type\":\"ReadAction\",\"target\":[\"https:\/\/internacional.umh.es\/internacionalizacion\/sprint\/\"]}]},{\"@type\":\"BreadcrumbList\",\"@id\":\"https:\/\/internacional.umh.es\/internacionalizacion\/sprint\/#breadcrumb\",\"itemListElement\":[{\"@type\":\"ListItem\",\"position\":1,\"name\":\"Home\",\"item\":\"https:\/\/internacional.umh.es\/en\/\"},{\"@type\":\"ListItem\",\"position\":2,\"name\":\"INTERNATIONALIZATION\",\"item\":\"https:\/\/internacional.umh.es\/en\/internacionalizacion\/\"},{\"@type\":\"ListItem\",\"position\":3,\"name\":\"Programa SPRINT\"}]}]}<\/script>\n<!-- \/ Yoast SEO plugin. -->","yoast_head_json":{"description":"Programa SPRINT proyectos internacionales de investigaci\u00f3n (SPRINT-UMH-FAPESP) cooperaci\u00f3n cient\u00edfica y tecnol\u00f3gica entre investigadores","robots":{"index":"index","follow":"follow","max-snippet":"max-snippet:-1","max-image-preview":"max-image-preview:large","max-video-preview":"max-video-preview:-1"},"canonical":"https:\/\/internacional.umh.es\/ca\/internacionalizacion\/sprint\/","og_locale":"ca_ES","og_type":"article","og_title":"Programa SPRINT - Internacionalitzaci\u00f3 i Cooperaci\u00f3","og_description":"Programa SPRINT proyectos internacionales de investigaci\u00f3n (SPRINT-UMH-FAPESP) cooperaci\u00f3n cient\u00edfica y tecnol\u00f3gica entre investigadores","og_url":"https:\/\/internacional.umh.es\/internacionalizacion\/sprint\/","og_site_name":"Internacionalitzaci\u00f3 i Cooperaci\u00f3","article_modified_time":"2026-03-10T11:06:16+00:00","og_image":[{"url":"https:\/\/internacional.umh.es\/files\/2023\/03\/Logo-UMH-FAPESP-programa-SPRINT-colaboracion-300x64.png"}],"twitter_card":"summary_large_image","twitter_misc":{"Est. reading time":"2 minuts"},"schema":{"@context":"https:\/\/schema.org","@graph":[{"@type":"WebSite","@id":"https:\/\/internacional.umh.es\/en\/#website","url":"https:\/\/internacional.umh.es\/en\/","name":"Internacionalitzaci\u00f3 i Cooperaci\u00f3","description":"Universitat Miguel Hern\u00e1ndez d&#039;Elx","potentialAction":[{"@type":"SearchAction","target":{"@type":"EntryPoint","urlTemplate":"https:\/\/internacional.umh.es\/en\/?s={search_term_string}"},"query-input":"required name=search_term_string"}],"inLanguage":"ca"},{"@type":"ImageObject","@id":"https:\/\/internacional.umh.es\/internacionalizacion\/sprint\/#primaryimage","inLanguage":"ca","url":"https:\/\/internacional.umh.es\/files\/2023\/03\/Logo-UMH-FAPESP-programa-SPRINT-colaboracion.png","contentUrl":"https:\/\/internacional.umh.es\/files\/2023\/03\/Logo-UMH-FAPESP-programa-SPRINT-colaboracion.png","width":1296,"height":277,"caption":"UMH FAPESP programa SPRINT logo"},{"@type":"WebPage","@id":"https:\/\/internacional.umh.es\/internacionalizacion\/sprint\/#webpage","url":"https:\/\/internacional.umh.es\/internacionalizacion\/sprint\/","name":"Programa SPRINT - Internacionalitzaci\u00f3 i Cooperaci\u00f3","isPartOf":{"@id":"https:\/\/internacional.umh.es\/en\/#website"},"primaryImageOfPage":{"@id":"https:\/\/internacional.umh.es\/internacionalizacion\/sprint\/#primaryimage"},"datePublished":"2023-03-17T09:08:34+00:00","dateModified":"2026-03-10T11:06:16+00:00","description":"Programa SPRINT proyectos internacionales de investigaci\u00f3n (SPRINT-UMH-FAPESP) cooperaci\u00f3n cient\u00edfica y tecnol\u00f3gica entre investigadores","breadcrumb":{"@id":"https:\/\/internacional.umh.es\/internacionalizacion\/sprint\/#breadcrumb"},"inLanguage":"ca","potentialAction":[{"@type":"ReadAction","target":["https:\/\/internacional.umh.es\/internacionalizacion\/sprint\/"]}]},{"@type":"BreadcrumbList","@id":"https:\/\/internacional.umh.es\/internacionalizacion\/sprint\/#breadcrumb","itemListElement":[{"@type":"ListItem","position":1,"name":"Home","item":"https:\/\/internacional.umh.es\/en\/"},{"@type":"ListItem","position":2,"name":"INTERNATIONALIZATION","item":"https:\/\/internacional.umh.es\/en\/internacionalizacion\/"},{"@type":"ListItem","position":3,"name":"Programa SPRINT"}]}]}},"_links":{"self":[{"href":"https:\/\/internacional.umh.es\/ca\/wp-json\/wp\/v2\/pages\/29573"}],"collection":[{"href":"https:\/\/internacional.umh.es\/ca\/wp-json\/wp\/v2\/pages"}],"about":[{"href":"https:\/\/internacional.umh.es\/ca\/wp-json\/wp\/v2\/types\/page"}],"author":[{"embeddable":true,"href":"https:\/\/internacional.umh.es\/ca\/wp-json\/wp\/v2\/users\/3107"}],"replies":[{"embeddable":true,"href":"https:\/\/internacional.umh.es\/ca\/wp-json\/wp\/v2\/comments?post=29573"}],"version-history":[{"count":0,"href":"https:\/\/internacional.umh.es\/ca\/wp-json\/wp\/v2\/pages\/29573\/revisions"}],"up":[{"embeddable":true,"href":"https:\/\/internacional.umh.es\/ca\/wp-json\/wp\/v2\/pages\/2740"}],"wp:attachment":[{"href":"https:\/\/internacional.umh.es\/ca\/wp-json\/wp\/v2\/media?parent=29573"}],"curies":[{"name":"wp","href":"https:\/\/api.w.org\/{rel}","templated":true}]}}