{"id":296,"date":"2011-12-05T14:21:19","date_gmt":"2011-12-05T13:21:19","guid":{"rendered":"http:\/\/internacional.umh.es\/pdi\/medidas-umh-de-impulso-a-la-docencia-en-ingles\/"},"modified":"2024-02-19T09:06:35","modified_gmt":"2024-02-19T08:06:35","slug":"docencia-en-ingles","status":"publish","type":"page","link":"https:\/\/internacional.umh.es\/ca\/internacionalizacion\/aiefi-internacionalizacion-de-centros\/docencia-en-ingles\/","title":{"rendered":"Doc\u00e8ncia en angl\u00e8s"},"content":{"rendered":"<p><\/p>\n<p style=\"text-align: justify\">El present programa gestiona el reconeixement de la doc\u00e8ncia en angl\u00e9s del PDI de la Universitat Miguel Hern\u00e1ndez d&#8217;Elx, sense perjudici que professorat extern a la universitat puga impartir doc\u00e8ncia en angl\u00e9s en un M\u00e0ster universitari sota la directa supervisi\u00f3 i responsabilitat dels directors de M\u00e0ster.<\/p>\n<h4><strong>Objectius del Programa<\/strong><\/h4>\n<p>Incrementar la dimensi\u00f3 internacional dels processos formatius de la UMH oferint als seus estudiants:<\/p>\n<ul>\n<li>Assignatures optatives impartides en llengua anglesa per PDI de la UMH en les Titulacions de Grau.<\/li>\n<li>Assignatures de titulacions de M\u00e0ster Universitari impartides en llengua anglesa per PDI de la UMH.<\/li>\n<\/ul>\n<hr>\n<h4><u>Convocat\u00f2ria 2017\/2018<\/u><\/h4>\n<ul>\n<li><a href=\"https:\/\/registro.umh.es\/files\/2017\/02\/RE_2017_001_1536.pdf\" title=\"Documento no disponible\"><b>Convocat\u00f2ria del Programa de mesures d&#8217;impuls i reconeixement a l&#8217;activitat docent en llengua anglesa en la UMH per al curs 2017\/2018<\/b><\/a><\/li>\n<li><strong><a href=\"https:\/\/registro.umh.es\/files\/2017\/03\/RE_2017_001_4794.pdf\" target=\"_blank\" rel=\"noopener noreferrer\" title=\"Document no disponible\">Publicat el llistat definitiu d&#8217;assignatures (.pdf)<\/a><\/strong><\/li>\n<li><strong><a href=\"https:\/\/internacional.umh.es\/files\/2014\/04\/Plan-medidas-impulso-docencia-ingl%C3%A9s.pdf\" title=\"Ho veur\u00e0s en una nova finestra\" target=\"_blank\" rel=\"noopener\">Programa de mesures d&#8217;impuls i reconeixement a l&#8217;activitat docent realitzada en llengua anglesa pel professorat de la UMH (168Kb .pdf)<\/a><\/strong><\/li>\n<li><a href=\"https:\/\/internacional.umh.es\/files\/2022\/04\/Docencia-ingles_Anexo_II_Individual.docx\" title=\"Ho veur\u00e0s en una nova finestra\"><strong>Model de sol\u00b7licitud disponible en l&#8217;annex II de la convocat\u00f2ria (16kb Castell\u00e0 .docx)<\/strong><\/a><\/li>\n<\/ul>\n<p>&nbsp;<\/p>","protected":false},"excerpt":{"rendered":"<p>El present programa gestiona el reconeixement de la doc\u00e8ncia en angl\u00e9s del PDI de la Universitat Miguel Hern\u00e1ndez d&#8217;Elx, sense perjudici que professorat extern a la universitat puga impartir doc\u00e8ncia en angl\u00e9s en un M\u00e0ster universitari sota la directa supervisi\u00f3 i responsabilitat dels directors de M\u00e0ster.<br \/>\nObjectius del Programa<br \/>\nIncrementar la dimensi\u00f3 internacional dels processos formatius de [&#8230;]<\/p>\n","protected":false},"author":30,"featured_media":0,"parent":3128,"menu_order":3,"comment_status":"closed","ping_status":"closed","template":"","meta":{"ngg_post_thumbnail":0,"_links_to":"","_links_to_target":""},"yoast_head":"<!-- This site is optimized with the Yoast SEO plugin v17.5 - https:\/\/yoast.com\/wordpress\/plugins\/seo\/ -->\n<meta name=\"description\" content=\"El programa gestiona el reconocimiento de la docencia en ingl\u00e9s del PDI UMH, sin perjuicio de que profesorado externo imparta en un M\u00e1ster.\" \/>\n<meta name=\"robots\" content=\"index, follow, max-snippet:-1, max-image-preview:large, max-video-preview:-1\" \/>\n<link rel=\"canonical\" href=\"https:\/\/internacional.umh.es\/ca\/internacionalizacion\/aiefi-internacionalizacion-de-centros\/docencia-en-ingles\/\" \/>\n<meta property=\"og:locale\" content=\"ca_ES\" \/>\n<meta property=\"og:type\" content=\"article\" \/>\n<meta property=\"og:title\" content=\"Doc\u00e8ncia en angl\u00e8s - Internacionalitzaci\u00f3 i Cooperaci\u00f3\" \/>\n<meta property=\"og:description\" content=\"El programa gestiona el reconocimiento de la docencia en ingl\u00e9s del PDI UMH, sin perjuicio de que profesorado externo imparta en un M\u00e1ster.\" \/>\n<meta property=\"og:url\" content=\"https:\/\/internacional.umh.es\/internacionalizacion\/aiefi-internacionalizacion-de-centros\/docencia-en-ingles\/\" \/>\n<meta property=\"og:site_name\" content=\"Internacionalitzaci\u00f3 i Cooperaci\u00f3\" \/>\n<meta property=\"article:modified_time\" content=\"2024-02-19T08:06:35+00:00\" \/>\n<meta name=\"twitter:card\" content=\"summary_large_image\" \/>\n<meta name=\"twitter:label1\" content=\"Est. reading time\" \/>\n\t<meta name=\"twitter:data1\" content=\"1 minut\" \/>\n<script type=\"application\/ld+json\" class=\"yoast-schema-graph\">{\"@context\":\"https:\/\/schema.org\",\"@graph\":[{\"@type\":\"WebSite\",\"@id\":\"https:\/\/internacional.umh.es\/en\/#website\",\"url\":\"https:\/\/internacional.umh.es\/en\/\",\"name\":\"Internacionalitzaci\\u00f3 i Cooperaci\\u00f3\",\"description\":\"Universitat Miguel Hern\\u00e1ndez d&#039;Elx\",\"potentialAction\":[{\"@type\":\"SearchAction\",\"target\":{\"@type\":\"EntryPoint\",\"urlTemplate\":\"https:\/\/internacional.umh.es\/en\/?s={search_term_string}\"},\"query-input\":\"required name=search_term_string\"}],\"inLanguage\":\"ca\"},{\"@type\":\"WebPage\",\"@id\":\"https:\/\/internacional.umh.es\/internacionalizacion\/aiefi-internacionalizacion-de-centros\/docencia-en-ingles\/#webpage\",\"url\":\"https:\/\/internacional.umh.es\/internacionalizacion\/aiefi-internacionalizacion-de-centros\/docencia-en-ingles\/\",\"name\":\"Doc\\u00e8ncia en angl\\u00e8s - Internacionalitzaci\\u00f3 i Cooperaci\\u00f3\",\"isPartOf\":{\"@id\":\"https:\/\/internacional.umh.es\/en\/#website\"},\"datePublished\":\"2011-12-05T13:21:19+00:00\",\"dateModified\":\"2024-02-19T08:06:35+00:00\",\"description\":\"El programa gestiona el reconocimiento de la docencia en ingl\\u00e9s del PDI UMH, sin perjuicio de que profesorado externo imparta en un M\\u00e1ster.\",\"breadcrumb\":{\"@id\":\"https:\/\/internacional.umh.es\/internacionalizacion\/aiefi-internacionalizacion-de-centros\/docencia-en-ingles\/#breadcrumb\"},\"inLanguage\":\"ca\",\"potentialAction\":[{\"@type\":\"ReadAction\",\"target\":[\"https:\/\/internacional.umh.es\/internacionalizacion\/aiefi-internacionalizacion-de-centros\/docencia-en-ingles\/\"]}]},{\"@type\":\"BreadcrumbList\",\"@id\":\"https:\/\/internacional.umh.es\/internacionalizacion\/aiefi-internacionalizacion-de-centros\/docencia-en-ingles\/#breadcrumb\",\"itemListElement\":[{\"@type\":\"ListItem\",\"position\":1,\"name\":\"Home\",\"item\":\"https:\/\/internacional.umh.es\/en\/\"},{\"@type\":\"ListItem\",\"position\":2,\"name\":\"INTERNATIONALIZATION\",\"item\":\"https:\/\/internacional.umh.es\/en\/internacionalizacion\/\"},{\"@type\":\"ListItem\",\"position\":3,\"name\":\"AIEFI-Internacionalizaci\\u00f3n de centros\",\"item\":\"https:\/\/internacional.umh.es\/internacionalizacion\/aiefi-internacionalizacion-de-centros\/\"},{\"@type\":\"ListItem\",\"position\":4,\"name\":\"Teaching in English\"}]}]}<\/script>\n<!-- \/ Yoast SEO plugin. -->","yoast_head_json":{"description":"El programa gestiona el reconocimiento de la docencia en ingl\u00e9s del PDI UMH, sin perjuicio de que profesorado externo imparta en un M\u00e1ster.","robots":{"index":"index","follow":"follow","max-snippet":"max-snippet:-1","max-image-preview":"max-image-preview:large","max-video-preview":"max-video-preview:-1"},"canonical":"https:\/\/internacional.umh.es\/ca\/internacionalizacion\/aiefi-internacionalizacion-de-centros\/docencia-en-ingles\/","og_locale":"ca_ES","og_type":"article","og_title":"Doc\u00e8ncia en angl\u00e8s - Internacionalitzaci\u00f3 i Cooperaci\u00f3","og_description":"El programa gestiona el reconocimiento de la docencia en ingl\u00e9s del PDI UMH, sin perjuicio de que profesorado externo imparta en un M\u00e1ster.","og_url":"https:\/\/internacional.umh.es\/internacionalizacion\/aiefi-internacionalizacion-de-centros\/docencia-en-ingles\/","og_site_name":"Internacionalitzaci\u00f3 i Cooperaci\u00f3","article_modified_time":"2024-02-19T08:06:35+00:00","twitter_card":"summary_large_image","twitter_misc":{"Est. reading time":"1 minut"},"schema":{"@context":"https:\/\/schema.org","@graph":[{"@type":"WebSite","@id":"https:\/\/internacional.umh.es\/en\/#website","url":"https:\/\/internacional.umh.es\/en\/","name":"Internacionalitzaci\u00f3 i Cooperaci\u00f3","description":"Universitat Miguel Hern\u00e1ndez d&#039;Elx","potentialAction":[{"@type":"SearchAction","target":{"@type":"EntryPoint","urlTemplate":"https:\/\/internacional.umh.es\/en\/?s={search_term_string}"},"query-input":"required name=search_term_string"}],"inLanguage":"ca"},{"@type":"WebPage","@id":"https:\/\/internacional.umh.es\/internacionalizacion\/aiefi-internacionalizacion-de-centros\/docencia-en-ingles\/#webpage","url":"https:\/\/internacional.umh.es\/internacionalizacion\/aiefi-internacionalizacion-de-centros\/docencia-en-ingles\/","name":"Doc\u00e8ncia en angl\u00e8s - Internacionalitzaci\u00f3 i Cooperaci\u00f3","isPartOf":{"@id":"https:\/\/internacional.umh.es\/en\/#website"},"datePublished":"2011-12-05T13:21:19+00:00","dateModified":"2024-02-19T08:06:35+00:00","description":"El programa gestiona el reconocimiento de la docencia en ingl\u00e9s del PDI UMH, sin perjuicio de que profesorado externo imparta en un M\u00e1ster.","breadcrumb":{"@id":"https:\/\/internacional.umh.es\/internacionalizacion\/aiefi-internacionalizacion-de-centros\/docencia-en-ingles\/#breadcrumb"},"inLanguage":"ca","potentialAction":[{"@type":"ReadAction","target":["https:\/\/internacional.umh.es\/internacionalizacion\/aiefi-internacionalizacion-de-centros\/docencia-en-ingles\/"]}]},{"@type":"BreadcrumbList","@id":"https:\/\/internacional.umh.es\/internacionalizacion\/aiefi-internacionalizacion-de-centros\/docencia-en-ingles\/#breadcrumb","itemListElement":[{"@type":"ListItem","position":1,"name":"Home","item":"https:\/\/internacional.umh.es\/en\/"},{"@type":"ListItem","position":2,"name":"INTERNATIONALIZATION","item":"https:\/\/internacional.umh.es\/en\/internacionalizacion\/"},{"@type":"ListItem","position":3,"name":"AIEFI-Internacionalizaci\u00f3n de centros","item":"https:\/\/internacional.umh.es\/internacionalizacion\/aiefi-internacionalizacion-de-centros\/"},{"@type":"ListItem","position":4,"name":"Teaching in English"}]}]}},"_links":{"self":[{"href":"https:\/\/internacional.umh.es\/ca\/wp-json\/wp\/v2\/pages\/296"}],"collection":[{"href":"https:\/\/internacional.umh.es\/ca\/wp-json\/wp\/v2\/pages"}],"about":[{"href":"https:\/\/internacional.umh.es\/ca\/wp-json\/wp\/v2\/types\/page"}],"author":[{"embeddable":true,"href":"https:\/\/internacional.umh.es\/ca\/wp-json\/wp\/v2\/users\/30"}],"replies":[{"embeddable":true,"href":"https:\/\/internacional.umh.es\/ca\/wp-json\/wp\/v2\/comments?post=296"}],"version-history":[{"count":0,"href":"https:\/\/internacional.umh.es\/ca\/wp-json\/wp\/v2\/pages\/296\/revisions"}],"up":[{"embeddable":true,"href":"https:\/\/internacional.umh.es\/ca\/wp-json\/wp\/v2\/pages\/3128"}],"wp:attachment":[{"href":"https:\/\/internacional.umh.es\/ca\/wp-json\/wp\/v2\/media?parent=296"}],"curies":[{"name":"wp","href":"https:\/\/api.w.org\/{rel}","templated":true}]}}