{"id":29630,"date":"2023-03-24T13:11:31","date_gmt":"2023-03-24T12:11:31","guid":{"rendered":"https:\/\/internacional.umh.es\/?page_id=29630"},"modified":"2026-03-11T09:46:01","modified_gmt":"2026-03-11T08:46:01","slug":"prodic-umh","status":"publish","type":"page","link":"https:\/\/internacional.umh.es\/ca\/internacionalizacion\/prodic-umh\/","title":{"rendered":"PRODIC-UMH"},"content":{"rendered":"<p><\/p>\n<p style=\"text-align: justify\"><span style=\"color: #ff0000\"><strong>NOU (05\/03\/2024):<\/strong><\/span> El Vicerectorat d&#8217;Internacionalitzaci\u00f3 i Cooperaci\u00f3 de la Universitat Miguel Hern\u00e1ndez (UMH) d&#8217;Elx ha publicat la convocat\u00f2ria del Programa <strong> de projectes docents d&#8217;internacionalitzaci\u00f3 a casa (PRODIC-UMH)<\/strong> per al curs acad\u00e8mic 2024\/2025.<\/p>\n<ul>\n<li><a href=\"https:\/\/internacional.umh.es\/files\/2024\/03\/RR_00626_2024.pdf\" target=\"_blank\" title=\"Ho veur\u00e0s en una nova finestra\" rel=\"noopener\">Text complet de la convocat\u00f2ria (2,12Mb .pdf)<\/a><\/li>\n<\/ul>\n<p>El termini de presentaci\u00f3 de sol\u00b7licituds ser\u00e0 <strong>fins al 15 d&#8217;abril de 2024.<\/strong><\/p>\n<p>Documentaci\u00f3 a aportar:<\/p>\n<ul>\n<li><a href=\"https:\/\/internacional.umh.es\/files\/2024\/03\/Anexo-II-Modelo-de-solicitud.-PRODIC-2024.docx\" target=\"_blank\" title=\"Ho veur\u00e0s en una nova finestra\" rel=\"noopener\">Annex II: Model de sol\u00b7licitud (252Kb .docx)<\/a><\/li>\n<li><a href=\"https:\/\/internacional.umh.es\/files\/2024\/03\/Anexo-III-Memoria-de-solicitud.-PRODIC-2024.docx\" target=\"_blank\" title=\"Ho veur\u00e0s en una nova finestra\" rel=\"noopener\">Annex III: Mem\u00f2ria de sol\u00b7licitud (250Kb .docx)<\/a><\/li>\n<\/ul>\n<p>Paral\u00b7lelament, els sol\u00b7licitants hauran d&#8217;entregar la mem\u00f2ria del projecte, segons annex III, a trav\u00e9s del formulari habilitat en la seg\u00fcent adre\u00e7a: <a href=\"https:\/\/forms.gle\/SA6wNSnsein5iEgf9\" target=\"_blank\" title=\"Ho veur\u00e0s en una nova finestra\" rel=\"noopener\" data-saferedirecturl=\"https:\/\/www.google.com\/url?q=https:\/\/forms.gle\/SA6wNSnsein5iEgf9&amp;source=gmail&amp;ust=1709656386071000&amp;usg=AOvVaw1cKOJCP1Me7hb3cabUIexU\">forms.gle\/SA6wNSnsein5iEgf9 (Castell\u00e0)<\/a><\/li>\n<p style=\"text-align: justify\">Els beneficiaris d&#8217;una ajuda hauran de justificar la seua execuci\u00f3 aportant la seg\u00fcent documentaci\u00f3 en els per\u00edodes indicats a continuaci\u00f3:<\/p>\n<ul>\n<li>Amb data l\u00edmit el 20 de desembre de 2024 la justificaci\u00f3 de les despeses realitzades <strong>en l&#8217;anualitat 2024<\/strong><\/li>\n<li>Amb data l\u00edmit el 31 de juliol de 2025 la justificaci\u00f3 de les despeses realitzades en <strong>l&#8217;anualitat del 2025<\/strong><\/li>\n<\/ul>\n<ul>\n<li><a href=\"https:\/\/internacional.umh.es\/files\/2024\/03\/Anexo-IV-Justificacion-economica.-PRODIC-2024.docx\" title=\"Ho veur\u00e0s en una nova finestra\" target=\"_blank\" rel=\"noopener\">Annex IV (245Kb .docx)<\/a>, adjuntant els justificants de despeses realitzades a trav\u00e9s del seg\u00fcent formulari:<br \/>\n<a href=\"https:\/\/forms.gle\/L9Z9xcGkE4y1bJGe8\" data-saferedirecturl=\"https:\/\/www.google.com\/url?q=https:\/\/forms.gle\/L9Z9xcGkE4y1bJGe8&amp;source=gmail&amp;ust=1709656386071000&amp;usg=AOvVaw30fhJAY0XQrElKMUNU8yVs\" target=\"_blank\" title=\"Ho veur\u00e0s en una nova finestra\" rel=\"noopener\">forms.gle\/L9Z9xcGkE4y1bJGe8 (Castell\u00e0)<\/a><\/li>\n<\/ul>\n<p style=\"text-align: justify\">Finalitzat el projecte s&#8217;haur\u00e0 d&#8217;enviar una mem\u00f2ria de resultats d&#8217;aquest projecte amb data l\u00edmit el 31 de juliol de 2025, segons <a href=\"https:\/\/internacional.umh.es\/files\/2024\/03\/Anexo-V-Memoria-final.-PRODIC-2024.docx\" target=\"_blank\" title=\"Ho veur\u00e0s en una nova finestra\" rel=\"noopener\">l&#8217;Annex V (249Kb .docx)<\/a>, a trav\u00e9s del seg\u00fcent formulari: <a href=\"https:\/\/forms.gle\/hA7ZxChkjGXzHYPf7\" data-saferedirecturl=\"https:\/\/www.google.com\/url?q=https:\/\/forms.gle\/hA7ZxChkjGXzHYPf7&amp;source=gmail&amp;ust=1709656386071000&amp;usg=AOvVaw3dOv4I_hMtERIFQ1WHlaa7\" title=\"Ho veur\u00e0s en una nova finestra\" target=\"_blank\" rel=\"noopener\">forms.gle\/hA7ZxChkjGXzHYPf7 (Castell\u00e0)<\/a><\/p>\n<hr>\n<p><a href=\"https:\/\/internacional.umh.es\/ca\/prodic-umh-convocatorias-anteriores\/\" title=\"Accedeix ara a m\u00e9s informaci\u00f3 sobre convocat\u00f2ries anteriors del Programa PRODIC-UMH\">Convocat\u00f2ries anteriors<\/a><\/p>","protected":false},"excerpt":{"rendered":"<p>NOU (05\/03\/2024): El Vicerectorat d&#8217;Internacionalitzaci\u00f3 i Cooperaci\u00f3 de la Universitat Miguel Hern\u00e1ndez (UMH) d&#8217;Elx ha publicat la convocat\u00f2ria del Programa  de projectes docents d&#8217;internacionalitzaci\u00f3 a casa (PRODIC-UMH) per al curs acad\u00e8mic 2024\/2025.<\/p>\n<p>Text complet de la convocat\u00f2ria (2,12Mb .pdf)<\/p>\n<p>El termini de presentaci\u00f3 de sol\u00b7licituds ser\u00e0 fins al 15 d&#8217;abril de 2024.<br \/>\nDocumentaci\u00f3 a aportar:<\/p>\n<p>Annex II: Model [&#8230;]<\/p>\n","protected":false},"author":3107,"featured_media":0,"parent":2740,"menu_order":9,"comment_status":"closed","ping_status":"closed","template":"","meta":{"ngg_post_thumbnail":0,"_links_to":"","_links_to_target":""},"yoast_head":"<!-- This site is optimized with the Yoast SEO plugin v17.5 - https:\/\/yoast.com\/wordpress\/plugins\/seo\/ -->\n<meta name=\"description\" content=\"El Vicerrectorado de RR.II. de la UMH publica el Programa de proyectos docentes de internacionalizaci\u00f3n en casa PRODIC-UMH 2023-2024\" \/>\n<meta name=\"robots\" content=\"index, follow, max-snippet:-1, max-image-preview:large, max-video-preview:-1\" \/>\n<link rel=\"canonical\" href=\"https:\/\/internacional.umh.es\/ca\/internacionalizacion\/prodic-umh\/\" \/>\n<meta property=\"og:locale\" content=\"ca_ES\" \/>\n<meta property=\"og:type\" content=\"article\" \/>\n<meta property=\"og:title\" content=\"PRODIC-UMH - Internacionalitzaci\u00f3 i Cooperaci\u00f3\" \/>\n<meta property=\"og:description\" content=\"El Vicerrectorado de RR.II. de la UMH publica el Programa de proyectos docentes de internacionalizaci\u00f3n en casa PRODIC-UMH 2023-2024\" \/>\n<meta property=\"og:url\" content=\"https:\/\/internacional.umh.es\/internacionalizacion\/prodic-umh\/\" \/>\n<meta property=\"og:site_name\" content=\"Internacionalitzaci\u00f3 i Cooperaci\u00f3\" \/>\n<meta property=\"article:modified_time\" content=\"2026-03-11T08:46:01+00:00\" \/>\n<meta property=\"og:image\" content=\"https:\/\/internacional.umh.es\/files\/2025\/06\/Publicaciones-Instagram-90-300x300.png\" \/>\n<meta name=\"twitter:card\" content=\"summary_large_image\" \/>\n<meta name=\"twitter:label1\" content=\"Est. reading time\" \/>\n\t<meta name=\"twitter:data1\" content=\"2 minuts\" \/>\n<script type=\"application\/ld+json\" class=\"yoast-schema-graph\">{\"@context\":\"https:\/\/schema.org\",\"@graph\":[{\"@type\":\"WebSite\",\"@id\":\"https:\/\/internacional.umh.es\/en\/#website\",\"url\":\"https:\/\/internacional.umh.es\/en\/\",\"name\":\"Internacionalitzaci\\u00f3 i Cooperaci\\u00f3\",\"description\":\"Universitat Miguel Hern\\u00e1ndez d&#039;Elx\",\"potentialAction\":[{\"@type\":\"SearchAction\",\"target\":{\"@type\":\"EntryPoint\",\"urlTemplate\":\"https:\/\/internacional.umh.es\/en\/?s={search_term_string}\"},\"query-input\":\"required name=search_term_string\"}],\"inLanguage\":\"ca\"},{\"@type\":\"ImageObject\",\"@id\":\"https:\/\/internacional.umh.es\/internacionalizacion\/prodic-umh\/#primaryimage\",\"inLanguage\":\"ca\",\"url\":\"https:\/\/internacional.umh.es\/files\/2025\/06\/Publicaciones-Instagram-90.png\",\"contentUrl\":\"https:\/\/internacional.umh.es\/files\/2025\/06\/Publicaciones-Instagram-90.png\",\"width\":1080,\"height\":1080},{\"@type\":\"WebPage\",\"@id\":\"https:\/\/internacional.umh.es\/internacionalizacion\/prodic-umh\/#webpage\",\"url\":\"https:\/\/internacional.umh.es\/internacionalizacion\/prodic-umh\/\",\"name\":\"PRODIC-UMH - Internacionalitzaci\\u00f3 i Cooperaci\\u00f3\",\"isPartOf\":{\"@id\":\"https:\/\/internacional.umh.es\/en\/#website\"},\"primaryImageOfPage\":{\"@id\":\"https:\/\/internacional.umh.es\/internacionalizacion\/prodic-umh\/#primaryimage\"},\"datePublished\":\"2023-03-24T12:11:31+00:00\",\"dateModified\":\"2026-03-11T08:46:01+00:00\",\"description\":\"El Vicerrectorado de RR.II. de la UMH publica el Programa de proyectos docentes de internacionalizaci\\u00f3n en casa PRODIC-UMH 2023-2024\",\"breadcrumb\":{\"@id\":\"https:\/\/internacional.umh.es\/internacionalizacion\/prodic-umh\/#breadcrumb\"},\"inLanguage\":\"ca\",\"potentialAction\":[{\"@type\":\"ReadAction\",\"target\":[\"https:\/\/internacional.umh.es\/internacionalizacion\/prodic-umh\/\"]}]},{\"@type\":\"BreadcrumbList\",\"@id\":\"https:\/\/internacional.umh.es\/internacionalizacion\/prodic-umh\/#breadcrumb\",\"itemListElement\":[{\"@type\":\"ListItem\",\"position\":1,\"name\":\"Home\",\"item\":\"https:\/\/internacional.umh.es\/en\/\"},{\"@type\":\"ListItem\",\"position\":2,\"name\":\"INTERNATIONALIZATION\",\"item\":\"https:\/\/internacional.umh.es\/en\/internacionalizacion\/\"},{\"@type\":\"ListItem\",\"position\":3,\"name\":\"PRODIC-UMH\"}]}]}<\/script>\n<!-- \/ Yoast SEO plugin. -->","yoast_head_json":{"description":"El Vicerrectorado de RR.II. de la UMH publica el Programa de proyectos docentes de internacionalizaci\u00f3n en casa PRODIC-UMH 2023-2024","robots":{"index":"index","follow":"follow","max-snippet":"max-snippet:-1","max-image-preview":"max-image-preview:large","max-video-preview":"max-video-preview:-1"},"canonical":"https:\/\/internacional.umh.es\/ca\/internacionalizacion\/prodic-umh\/","og_locale":"ca_ES","og_type":"article","og_title":"PRODIC-UMH - Internacionalitzaci\u00f3 i Cooperaci\u00f3","og_description":"El Vicerrectorado de RR.II. de la UMH publica el Programa de proyectos docentes de internacionalizaci\u00f3n en casa PRODIC-UMH 2023-2024","og_url":"https:\/\/internacional.umh.es\/internacionalizacion\/prodic-umh\/","og_site_name":"Internacionalitzaci\u00f3 i Cooperaci\u00f3","article_modified_time":"2026-03-11T08:46:01+00:00","og_image":[{"url":"https:\/\/internacional.umh.es\/files\/2025\/06\/Publicaciones-Instagram-90-300x300.png"}],"twitter_card":"summary_large_image","twitter_misc":{"Est. reading time":"2 minuts"},"schema":{"@context":"https:\/\/schema.org","@graph":[{"@type":"WebSite","@id":"https:\/\/internacional.umh.es\/en\/#website","url":"https:\/\/internacional.umh.es\/en\/","name":"Internacionalitzaci\u00f3 i Cooperaci\u00f3","description":"Universitat Miguel Hern\u00e1ndez d&#039;Elx","potentialAction":[{"@type":"SearchAction","target":{"@type":"EntryPoint","urlTemplate":"https:\/\/internacional.umh.es\/en\/?s={search_term_string}"},"query-input":"required name=search_term_string"}],"inLanguage":"ca"},{"@type":"ImageObject","@id":"https:\/\/internacional.umh.es\/internacionalizacion\/prodic-umh\/#primaryimage","inLanguage":"ca","url":"https:\/\/internacional.umh.es\/files\/2025\/06\/Publicaciones-Instagram-90.png","contentUrl":"https:\/\/internacional.umh.es\/files\/2025\/06\/Publicaciones-Instagram-90.png","width":1080,"height":1080},{"@type":"WebPage","@id":"https:\/\/internacional.umh.es\/internacionalizacion\/prodic-umh\/#webpage","url":"https:\/\/internacional.umh.es\/internacionalizacion\/prodic-umh\/","name":"PRODIC-UMH - Internacionalitzaci\u00f3 i Cooperaci\u00f3","isPartOf":{"@id":"https:\/\/internacional.umh.es\/en\/#website"},"primaryImageOfPage":{"@id":"https:\/\/internacional.umh.es\/internacionalizacion\/prodic-umh\/#primaryimage"},"datePublished":"2023-03-24T12:11:31+00:00","dateModified":"2026-03-11T08:46:01+00:00","description":"El Vicerrectorado de RR.II. de la UMH publica el Programa de proyectos docentes de internacionalizaci\u00f3n en casa PRODIC-UMH 2023-2024","breadcrumb":{"@id":"https:\/\/internacional.umh.es\/internacionalizacion\/prodic-umh\/#breadcrumb"},"inLanguage":"ca","potentialAction":[{"@type":"ReadAction","target":["https:\/\/internacional.umh.es\/internacionalizacion\/prodic-umh\/"]}]},{"@type":"BreadcrumbList","@id":"https:\/\/internacional.umh.es\/internacionalizacion\/prodic-umh\/#breadcrumb","itemListElement":[{"@type":"ListItem","position":1,"name":"Home","item":"https:\/\/internacional.umh.es\/en\/"},{"@type":"ListItem","position":2,"name":"INTERNATIONALIZATION","item":"https:\/\/internacional.umh.es\/en\/internacionalizacion\/"},{"@type":"ListItem","position":3,"name":"PRODIC-UMH"}]}]}},"_links":{"self":[{"href":"https:\/\/internacional.umh.es\/ca\/wp-json\/wp\/v2\/pages\/29630"}],"collection":[{"href":"https:\/\/internacional.umh.es\/ca\/wp-json\/wp\/v2\/pages"}],"about":[{"href":"https:\/\/internacional.umh.es\/ca\/wp-json\/wp\/v2\/types\/page"}],"author":[{"embeddable":true,"href":"https:\/\/internacional.umh.es\/ca\/wp-json\/wp\/v2\/users\/3107"}],"replies":[{"embeddable":true,"href":"https:\/\/internacional.umh.es\/ca\/wp-json\/wp\/v2\/comments?post=29630"}],"version-history":[{"count":0,"href":"https:\/\/internacional.umh.es\/ca\/wp-json\/wp\/v2\/pages\/29630\/revisions"}],"up":[{"embeddable":true,"href":"https:\/\/internacional.umh.es\/ca\/wp-json\/wp\/v2\/pages\/2740"}],"wp:attachment":[{"href":"https:\/\/internacional.umh.es\/ca\/wp-json\/wp\/v2\/media?parent=29630"}],"curies":[{"name":"wp","href":"https:\/\/api.w.org\/{rel}","templated":true}]}}