{"id":3062,"date":"2016-12-15T09:19:23","date_gmt":"2016-12-15T08:19:23","guid":{"rendered":"http:\/\/internacional.umh.es\/?page_id=3062"},"modified":"2025-12-22T15:06:47","modified_gmt":"2025-12-22T14:06:47","slug":"compromisos-y-resultados","status":"publish","type":"page","link":"https:\/\/internacional.umh.es\/ca\/conocenos\/servicio-de-relaciones-internacionales-cooperacion-al-desarrollo-y-voluntariado\/compromisos-y-resultados\/","title":{"rendered":"Compromisos i resultats"},"content":{"rendered":"<p><\/p>\n<h5><strong>Carta de serveis<\/strong><\/h5>\n<p>Consulta ac\u00ed la nostra <a href=\"https:\/\/cartadeservicios.umh.es\/cartas_servicio\/ori\/index.html\" target=\"_blank\" rel=\"noopener\">carta de serveis<\/a><\/p>\n<hr>\n<h5><strong>Compromisos ambientales<\/strong><\/h5>\n<p>El Servicio de Relaciones Internacionales, Cooperaci\u00f3n al Desarrollo y Voluntariado de la UMH participa anualmente en el&nbsp;<a href=\"https:\/\/www.umhsostenible.com\/objetivos-ambientales\/\" target=\"_blank\" rel=\"noopener\" data-saferedirecturl=\"https:\/\/www.google.com\/url?q=https:\/\/www.umhsostenible.com\/objetivos-ambientales\/&amp;source=gmail&amp;ust=1725519573268000&amp;usg=AOvVaw1xO-YS1CGPwtZ424COHevJ\">Programa de Objetivos Ambientales<\/a>&nbsp;como herramienta para la mejora y el reconocimiento de nuestro comportamiento ambiental, y act\u00faa de acuerdo a la&nbsp;<a href=\"https:\/\/www.umhsostenible.com\/el-area-ambiental-y-desarrollo-sostenible-de-la-umh\/#politica\" target=\"_blank\" rel=\"noopener\" data-saferedirecturl=\"https:\/\/www.google.com\/url?q=https:\/\/www.umhsostenible.com\/el-area-ambiental-y-desarrollo-sostenible-de-la-umh\/%23politica&amp;source=gmail&amp;ust=1725519573268000&amp;usg=AOvVaw0kMJPuiS4pxMtMVx5l4W0m\">Pol\u00edtica Ambiental de la UMH<\/a>, la cual recoge los&nbsp;<b>compromisos ambientales<\/b>&nbsp;de la Universidad Miguel Hern\u00e1ndez de Elche para la mejora de su desempe\u00f1o ambiental en sus actividades de gesti\u00f3n, investigaci\u00f3n, transferencia de conocimiento y formaci\u00f3n.<\/p>\n<hr>\n<h5><strong>Mem\u00f2ria d\u00b4activitats<\/strong><\/h5>\n<p style=\"text-align: justify\">Les mem\u00f2ries d&#8217;activitats del <a title=\"Accedeix ara a la p\u00e0gina institucional del Servei en la web de la UMH\" href=\"https:\/\/www.umh.es\/contenido\/Universidad\/:uor_7864\/datos_val.html\" target=\"_blank\" rel=\"noopener\">Servei de Relacions Internacionals, Cooperaci\u00f3 al Desenvolupament i Voluntariat<\/a> s\u00f3n un instrument de <a title=\"Ho veur\u00e0s en una nova finestra\" href=\"https:\/\/calidad.umh.es\/?lang=ca\" target=\"_blank\" rel=\"noopener\">comprom\u00eds de qualitat<\/a> amb la Universitat Miguel Hern\u00e1ndez d&#8217;Elx.<\/p>\n<table style=\"border: none\">\n<tbody>\n<tr style=\"border: none\">\n<td><a title=\"Descarrega un avan\u00e7 de la Mem\u00f2ria d'activitats del curs 2022-23 en una nova finestra\" href=\"https:\/\/internacional.umh.es\/files\/2024\/04\/Memoria_SRII_2022-2023_Val.pdf\" target=\"_blank\" rel=\"noopener\"><img loading=\"lazy\" class=\"alignleft wp-image-32467\" title=\"Descarrega la Mem\u00f2ria d'activitats del curs 2022-23 en una nova finestra\" src=\"https:\/\/internacional.umh.es\/files\/2023\/11\/Memoria-Curso-2022-23-boto.png\" alt=\"Bot\u00f3 Mem\u00f2ries activitats Curso 2022-23\" width=\"209\" height=\"68\"><\/a><\/p>\n<p style=\"text-align: center;font-size: 13px\"><strong>(9Mb .pdf)<\/strong><\/p>\n<\/td>\n<td><a title=\"Descarrega la Mem\u00f2ria d'activitats del curs 2021-22 en una nova finestra\" href=\"https:\/\/internacional.umh.es\/files\/2023\/12\/Memoria_activitats_2021-22_val.pdf\" target=\"_blank\" rel=\"noopener\"><img loading=\"lazy\" class=\"wp-image-26511 size-medium alignleft\" title=\"Descarrega la Mem\u00f2ria d'activitats del curs 2021-22 en una nova finestra\" src=\"https:\/\/internacional.umh.es\/files\/2022\/05\/VAL2122-300x97.png\" alt=\"Bot\u00f3 Mem\u00f2ria activtats Curs 2021-22\" width=\"209\" height=\"68\" srcset=\"https:\/\/internacional.umh.es\/files\/2022\/05\/VAL2122-300x97.png 300w, https:\/\/internacional.umh.es\/files\/2022\/05\/VAL2122.png 472w\" sizes=\"(max-width: 209px) 100vw, 209px\" \/><\/a><\/p>\n<p style=\"text-align: center;font-size: 13px\"><strong>(11Mb .pdf)<\/strong><\/p>\n<\/td>\n<td><a title=\"Ho veur\u00e0s en una nova finestra\" href=\"https:\/\/internacional.umh.es\/files\/2023\/11\/Memoria_activitats_2020-21_val.pdf\" target=\"_blank\" rel=\"noopener\"><img loading=\"lazy\" class=\"alignleft wp-image-26511\" title=\"https:\/\/internacional.umh.es\/files\/2022\/05\/Memoria21_final-modificaciones_val_final_maig2022-1.pdf\" src=\"https:\/\/internacional.umh.es\/files\/2022\/05\/VAL2021.png\" alt=\"Bot\u00f3 Mem\u00f2ria activtats Curs 2020-21\" width=\"209\" height=\"68\"><\/a><\/p>\n<p style=\"text-align: center;font-size: 13px\"><strong>(6Mb .pdf)<\/strong><\/p>\n<\/td>\n<\/tr>\n<tr style=\"border: none\">\n<td><a title=\"Descarrega la Mem\u00f2ria d'activitats del curs 2019-20 en una nova finestra\" href=\"https:\/\/internacional.umh.es\/files\/2021\/03\/Memoria-Relaciones-Internacionales_feb_2020-21_val.pdf\" target=\"_blank\" rel=\"noopener noreferrer\"><img loading=\"lazy\" class=\"alignleft wp-image-17751\" title=\"Descarrega la Mem\u00f2ria d'activitats del curs 2019-20 en una nova finestra\" src=\"https:\/\/internacional.umh.es\/files\/2022\/05\/VAL1920.png\" alt=\"Bot\u00f3 Mem\u00f2ria 2019-20\" width=\"209\" height=\"68\"><\/a><\/p>\n<p style=\"text-align: center;font-size: 13px\"><strong>(5,77Mb .pdf)<\/strong><\/p>\n<\/td>\n<td><a title=\"Descarrega la Mem\u00f2ria d'activitats del curs 2018-19 en una nova finestra\" href=\"https:\/\/internacional.umh.es\/files\/2019\/12\/Memoria-RRIICDV-2018-19.pdf\" target=\"_blank\" rel=\"noopener noreferrer\"><img loading=\"lazy\" class=\"alignleft wp-image-16191\" title=\"Descarrega la Mem\u00f2ria d'activitats del curs 2018-19 en una nova finestra\" src=\"https:\/\/internacional.umh.es\/files\/2022\/05\/VAL1819.png\" alt=\"Bot\u00f3 Mem\u00f2ria 2018-19\" width=\"209\" height=\"68\"><\/a><\/p>\n<p style=\"text-align: center;font-size: 13px\"><strong>(3,80Mb Castell\u00e0 .pdf)<\/strong><\/p>\n<\/td>\n<td><a title=\"Descarrega la Mem\u00f2ria d'activitats del curs 2017-18 en una nova finestra\" href=\"https:\/\/internacional.umh.es\/files\/2022\/02\/Memoria-RRIICDV-2017-18.pdf\" target=\"_blank\" rel=\"noopener noreferrer\"><img loading=\"lazy\" class=\"wp-image-16188 alignleft\" title=\"Descarrega la Mem\u00f2ria d'activitats del curs 2017-18 en una nova finestra\" src=\"https:\/\/internacional.umh.es\/files\/2022\/05\/VAL-1718.png\" alt=\"Bot\u00f3n Memoria 2017-18\" width=\"209\" height=\"68\"><\/a><\/p>\n<p style=\"text-align: center;font-size: 13px\"><strong>(2,85Mb Castell\u00e0 .pdf)<\/strong><\/p>\n<\/td>\n<\/tr>\n<tr style=\"border: none\">\n<td><a title=\"Descarrega la Mem\u00f2ria d'activitats del curs 2016-17 en una nova finestra\" href=\"https:\/\/internacional.umh.es\/files\/2018\/07\/Memoria-RRIICDV-2016-2017-web.pdf\" target=\"_blank\" rel=\"noopener noreferrer\"><img loading=\"lazy\" class=\"wp-image-16188 alignleft\" title=\"Descarrega la Mem\u00f2ria d'activitats del curs 2016-17 en una nova finestra\" src=\"https:\/\/internacional.umh.es\/files\/2022\/05\/VAL1617.png\" alt=\"Bot\u00f3 Mem\u00f2ria 2016-17\" width=\"209\" height=\"68\"><\/a><\/p>\n<p style=\"text-align: center;font-size: 13px\"><strong>(1,22Mb Castell\u00e0 .pdf)<\/strong><\/p>\n<\/td>\n<td><a title=\"Descarrega la Mem\u00f2ria d'activitats del curs 2015-16 en una nova finestra\" href=\"https:\/\/internacional.umh.es\/files\/2022\/02\/2015-16-Memoria-SRRIICDV-UMH.pdf\" target=\"_blank\" rel=\"noopener\"><img loading=\"lazy\" class=\"alignleft wp-image-16187\" title=\"Descarrega la Mem\u00f2ria d'activitats del curs 2015-16 en una nova finestra\" src=\"https:\/\/internacional.umh.es\/files\/2022\/05\/VAL1516.png\" alt=\"Bot\u00f3 Mem\u00f2ria 2015-16\" width=\"209\" height=\"68\"><\/a><\/p>\n<p style=\"text-align: center;font-size: 13px\"><strong>(542Kb Castell\u00e0 .pdf)<\/strong><\/p>\n<\/td>\n<td><a title=\"Descarrega la Mem\u00f2ria d'activitats del curs 2014-15 en una nova finestra\" href=\"https:\/\/internacional.umh.es\/files\/2016\/02\/Memoria_actividades_14_15_RRII-1.pdf\" target=\"_blank\" rel=\"noopener noreferrer\"><img loading=\"lazy\" class=\"wp-image-16184 alignleft\" title=\"Descarrega la Mem\u00f2ria d'activitats del curs 2014-15 en una nova finestra\" src=\"https:\/\/internacional.umh.es\/files\/2022\/05\/VAL1415.png\" alt=\"Bot\u00f3 Mem\u00f2ria 2014-15\" width=\"209\" height=\"68\"><\/a><\/p>\n<p style=\"text-align: center;font-size: 13px\"><strong>(6,10Mb Castell\u00e0 .pdf)<\/strong><\/p>\n<\/td>\n<\/tr>\n<\/tbody>\n<\/table>\n<p><\/p>","protected":false},"excerpt":{"rendered":"<p>Carta de serveis<br \/>\nConsulta ac\u00ed la nostra carta de serveis<\/p>\n<p>Compromisos ambientales<br \/>\nEl Servicio de Relaciones Internacionales, Cooperaci\u00f3n al Desarrollo y Voluntariado de la UMH participa anualmente en el&nbsp;Programa de Objetivos Ambientales&nbsp;como herramienta para la mejora y el reconocimiento de nuestro comportamiento ambiental, y act\u00faa de acuerdo a la&nbsp;Pol\u00edtica Ambiental de la UMH, la cual recoge los&nbsp;compromisos ambientales&nbsp;de [&#8230;]<\/p>\n","protected":false},"author":3296,"featured_media":0,"parent":2524,"menu_order":4,"comment_status":"closed","ping_status":"closed","template":"","meta":{"ngg_post_thumbnail":0,"_links_to":"","_links_to_target":""},"yoast_head":"<!-- This site is optimized with the Yoast SEO plugin v17.5 - https:\/\/yoast.com\/wordpress\/plugins\/seo\/ -->\n<meta name=\"description\" content=\"Las memorias de actividades del Servicio de RR.II., Coop. al Des. y Voluntariado son un instrumento de compromiso de calidad con la UMH.\" \/>\n<meta name=\"robots\" content=\"index, follow, max-snippet:-1, max-image-preview:large, max-video-preview:-1\" \/>\n<link rel=\"canonical\" href=\"https:\/\/internacional.umh.es\/ca\/conocenos\/servicio-de-relaciones-internacionales-cooperacion-al-desarrollo-y-voluntariado\/compromisos-y-resultados\/\" \/>\n<meta property=\"og:locale\" content=\"ca_ES\" \/>\n<meta property=\"og:type\" content=\"article\" \/>\n<meta property=\"og:title\" content=\"Compromisos i resultats - Internacionalitzaci\u00f3 i Cooperaci\u00f3\" \/>\n<meta property=\"og:description\" content=\"Las memorias de actividades del Servicio de RR.II., Coop. al Des. y Voluntariado son un instrumento de compromiso de calidad con la UMH.\" \/>\n<meta property=\"og:url\" content=\"https:\/\/internacional.umh.es\/conocenos\/servicio-de-relaciones-internacionales-cooperacion-al-desarrollo-y-voluntariado\/compromisos-y-resultados\/\" \/>\n<meta property=\"og:site_name\" content=\"Internacionalitzaci\u00f3 i Cooperaci\u00f3\" \/>\n<meta property=\"article:modified_time\" content=\"2025-12-22T14:06:47+00:00\" \/>\n<meta property=\"og:image\" content=\"https:\/\/internacional.umh.es\/files\/2025\/12\/Leer-mas-1-300x100.png\" \/>\n<meta name=\"twitter:card\" content=\"summary_large_image\" \/>\n<meta name=\"twitter:label1\" content=\"Est. reading time\" \/>\n\t<meta name=\"twitter:data1\" content=\"3 minuts\" \/>\n<script type=\"application\/ld+json\" class=\"yoast-schema-graph\">{\"@context\":\"https:\/\/schema.org\",\"@graph\":[{\"@type\":\"WebSite\",\"@id\":\"https:\/\/internacional.umh.es\/en\/#website\",\"url\":\"https:\/\/internacional.umh.es\/en\/\",\"name\":\"Internacionalitzaci\\u00f3 i Cooperaci\\u00f3\",\"description\":\"Universitat Miguel Hern\\u00e1ndez d&#039;Elx\",\"potentialAction\":[{\"@type\":\"SearchAction\",\"target\":{\"@type\":\"EntryPoint\",\"urlTemplate\":\"https:\/\/internacional.umh.es\/en\/?s={search_term_string}\"},\"query-input\":\"required name=search_term_string\"}],\"inLanguage\":\"ca\"},{\"@type\":\"ImageObject\",\"@id\":\"https:\/\/internacional.umh.es\/conocenos\/servicio-de-relaciones-internacionales-cooperacion-al-desarrollo-y-voluntariado\/compromisos-y-resultados\/#primaryimage\",\"inLanguage\":\"ca\",\"url\":\"https:\/\/internacional.umh.es\/files\/2025\/12\/Leer-mas-1.png\",\"contentUrl\":\"https:\/\/internacional.umh.es\/files\/2025\/12\/Leer-mas-1.png\",\"width\":709,\"height\":236},{\"@type\":\"WebPage\",\"@id\":\"https:\/\/internacional.umh.es\/conocenos\/servicio-de-relaciones-internacionales-cooperacion-al-desarrollo-y-voluntariado\/compromisos-y-resultados\/#webpage\",\"url\":\"https:\/\/internacional.umh.es\/conocenos\/servicio-de-relaciones-internacionales-cooperacion-al-desarrollo-y-voluntariado\/compromisos-y-resultados\/\",\"name\":\"Compromisos i resultats - Internacionalitzaci\\u00f3 i Cooperaci\\u00f3\",\"isPartOf\":{\"@id\":\"https:\/\/internacional.umh.es\/en\/#website\"},\"primaryImageOfPage\":{\"@id\":\"https:\/\/internacional.umh.es\/conocenos\/servicio-de-relaciones-internacionales-cooperacion-al-desarrollo-y-voluntariado\/compromisos-y-resultados\/#primaryimage\"},\"datePublished\":\"2016-12-15T08:19:23+00:00\",\"dateModified\":\"2025-12-22T14:06:47+00:00\",\"description\":\"Las memorias de actividades del Servicio de RR.II., Coop. al Des. y Voluntariado son un instrumento de compromiso de calidad con la UMH.\",\"breadcrumb\":{\"@id\":\"https:\/\/internacional.umh.es\/conocenos\/servicio-de-relaciones-internacionales-cooperacion-al-desarrollo-y-voluntariado\/compromisos-y-resultados\/#breadcrumb\"},\"inLanguage\":\"ca\",\"potentialAction\":[{\"@type\":\"ReadAction\",\"target\":[\"https:\/\/internacional.umh.es\/conocenos\/servicio-de-relaciones-internacionales-cooperacion-al-desarrollo-y-voluntariado\/compromisos-y-resultados\/\"]}]},{\"@type\":\"BreadcrumbList\",\"@id\":\"https:\/\/internacional.umh.es\/conocenos\/servicio-de-relaciones-internacionales-cooperacion-al-desarrollo-y-voluntariado\/compromisos-y-resultados\/#breadcrumb\",\"itemListElement\":[{\"@type\":\"ListItem\",\"position\":1,\"name\":\"Home\",\"item\":\"https:\/\/internacional.umh.es\/en\/\"},{\"@type\":\"ListItem\",\"position\":2,\"name\":\"ABOUT US\",\"item\":\"https:\/\/internacional.umh.es\/en\/conocenos\/\"},{\"@type\":\"ListItem\",\"position\":3,\"name\":\"Service of International Relations and Cooperation\",\"item\":\"https:\/\/internacional.umh.es\/en\/conocenos\/servicio-de-relaciones-internacionales-cooperacion-al-desarrollo-y-voluntariado\/\"},{\"@type\":\"ListItem\",\"position\":4,\"name\":\"Compromisos y resultados\"}]}]}<\/script>\n<!-- \/ Yoast SEO plugin. -->","yoast_head_json":{"description":"Las memorias de actividades del Servicio de RR.II., Coop. al Des. y Voluntariado son un instrumento de compromiso de calidad con la UMH.","robots":{"index":"index","follow":"follow","max-snippet":"max-snippet:-1","max-image-preview":"max-image-preview:large","max-video-preview":"max-video-preview:-1"},"canonical":"https:\/\/internacional.umh.es\/ca\/conocenos\/servicio-de-relaciones-internacionales-cooperacion-al-desarrollo-y-voluntariado\/compromisos-y-resultados\/","og_locale":"ca_ES","og_type":"article","og_title":"Compromisos i resultats - Internacionalitzaci\u00f3 i Cooperaci\u00f3","og_description":"Las memorias de actividades del Servicio de RR.II., Coop. al Des. y Voluntariado son un instrumento de compromiso de calidad con la UMH.","og_url":"https:\/\/internacional.umh.es\/conocenos\/servicio-de-relaciones-internacionales-cooperacion-al-desarrollo-y-voluntariado\/compromisos-y-resultados\/","og_site_name":"Internacionalitzaci\u00f3 i Cooperaci\u00f3","article_modified_time":"2025-12-22T14:06:47+00:00","og_image":[{"url":"https:\/\/internacional.umh.es\/files\/2025\/12\/Leer-mas-1-300x100.png"}],"twitter_card":"summary_large_image","twitter_misc":{"Est. reading time":"3 minuts"},"schema":{"@context":"https:\/\/schema.org","@graph":[{"@type":"WebSite","@id":"https:\/\/internacional.umh.es\/en\/#website","url":"https:\/\/internacional.umh.es\/en\/","name":"Internacionalitzaci\u00f3 i Cooperaci\u00f3","description":"Universitat Miguel Hern\u00e1ndez d&#039;Elx","potentialAction":[{"@type":"SearchAction","target":{"@type":"EntryPoint","urlTemplate":"https:\/\/internacional.umh.es\/en\/?s={search_term_string}"},"query-input":"required name=search_term_string"}],"inLanguage":"ca"},{"@type":"ImageObject","@id":"https:\/\/internacional.umh.es\/conocenos\/servicio-de-relaciones-internacionales-cooperacion-al-desarrollo-y-voluntariado\/compromisos-y-resultados\/#primaryimage","inLanguage":"ca","url":"https:\/\/internacional.umh.es\/files\/2025\/12\/Leer-mas-1.png","contentUrl":"https:\/\/internacional.umh.es\/files\/2025\/12\/Leer-mas-1.png","width":709,"height":236},{"@type":"WebPage","@id":"https:\/\/internacional.umh.es\/conocenos\/servicio-de-relaciones-internacionales-cooperacion-al-desarrollo-y-voluntariado\/compromisos-y-resultados\/#webpage","url":"https:\/\/internacional.umh.es\/conocenos\/servicio-de-relaciones-internacionales-cooperacion-al-desarrollo-y-voluntariado\/compromisos-y-resultados\/","name":"Compromisos i resultats - Internacionalitzaci\u00f3 i Cooperaci\u00f3","isPartOf":{"@id":"https:\/\/internacional.umh.es\/en\/#website"},"primaryImageOfPage":{"@id":"https:\/\/internacional.umh.es\/conocenos\/servicio-de-relaciones-internacionales-cooperacion-al-desarrollo-y-voluntariado\/compromisos-y-resultados\/#primaryimage"},"datePublished":"2016-12-15T08:19:23+00:00","dateModified":"2025-12-22T14:06:47+00:00","description":"Las memorias de actividades del Servicio de RR.II., Coop. al Des. y Voluntariado son un instrumento de compromiso de calidad con la UMH.","breadcrumb":{"@id":"https:\/\/internacional.umh.es\/conocenos\/servicio-de-relaciones-internacionales-cooperacion-al-desarrollo-y-voluntariado\/compromisos-y-resultados\/#breadcrumb"},"inLanguage":"ca","potentialAction":[{"@type":"ReadAction","target":["https:\/\/internacional.umh.es\/conocenos\/servicio-de-relaciones-internacionales-cooperacion-al-desarrollo-y-voluntariado\/compromisos-y-resultados\/"]}]},{"@type":"BreadcrumbList","@id":"https:\/\/internacional.umh.es\/conocenos\/servicio-de-relaciones-internacionales-cooperacion-al-desarrollo-y-voluntariado\/compromisos-y-resultados\/#breadcrumb","itemListElement":[{"@type":"ListItem","position":1,"name":"Home","item":"https:\/\/internacional.umh.es\/en\/"},{"@type":"ListItem","position":2,"name":"ABOUT US","item":"https:\/\/internacional.umh.es\/en\/conocenos\/"},{"@type":"ListItem","position":3,"name":"Service of International Relations and Cooperation","item":"https:\/\/internacional.umh.es\/en\/conocenos\/servicio-de-relaciones-internacionales-cooperacion-al-desarrollo-y-voluntariado\/"},{"@type":"ListItem","position":4,"name":"Compromisos y resultados"}]}]}},"_links":{"self":[{"href":"https:\/\/internacional.umh.es\/ca\/wp-json\/wp\/v2\/pages\/3062"}],"collection":[{"href":"https:\/\/internacional.umh.es\/ca\/wp-json\/wp\/v2\/pages"}],"about":[{"href":"https:\/\/internacional.umh.es\/ca\/wp-json\/wp\/v2\/types\/page"}],"author":[{"embeddable":true,"href":"https:\/\/internacional.umh.es\/ca\/wp-json\/wp\/v2\/users\/3296"}],"replies":[{"embeddable":true,"href":"https:\/\/internacional.umh.es\/ca\/wp-json\/wp\/v2\/comments?post=3062"}],"version-history":[{"count":0,"href":"https:\/\/internacional.umh.es\/ca\/wp-json\/wp\/v2\/pages\/3062\/revisions"}],"up":[{"embeddable":true,"href":"https:\/\/internacional.umh.es\/ca\/wp-json\/wp\/v2\/pages\/2524"}],"wp:attachment":[{"href":"https:\/\/internacional.umh.es\/ca\/wp-json\/wp\/v2\/media?parent=3062"}],"curies":[{"name":"wp","href":"https:\/\/api.w.org\/{rel}","templated":true}]}}