{"id":31813,"date":"2023-09-13T09:07:56","date_gmt":"2023-09-13T07:07:56","guid":{"rendered":"https:\/\/internacional.umh.es\/?page_id=31813"},"modified":"2025-11-06T14:50:23","modified_gmt":"2025-11-06T13:50:23","slug":"convocatoria-de-premios-a-proyectos-solidarios-en-los-que-participen-estudiantes-de-la-umh","status":"publish","type":"page","link":"https:\/\/internacional.umh.es\/ca\/cooperacion-y-voluntariado\/convocatorias\/convocatoria-de-premios-a-proyectos-solidarios-en-los-que-participen-estudiantes-de-la-umh\/","title":{"rendered":"Projectes Solidaris"},"content":{"rendered":"<p><\/p>\n<p style=\"text-align: justify\"><img loading=\"lazy\" class=\"alignleft size-medium wp-image-22314\" src=\"https:\/\/internacional.umh.es\/files\/2021\/09\/Publicaciones-Instagram-11-300x300.png\" alt=\"Premios a proyectos solidarios estudiantes UMH\" title=\"Consulta la informaci\u00f3 m\u00e9s rellevant sobre els Premis a projectes solidaris per a estudiants de la UMH\n\" width=\"300\" height=\"300\" srcset=\"https:\/\/internacional.umh.es\/files\/2021\/09\/Publicaciones-Instagram-11-300x300.png 300w, https:\/\/internacional.umh.es\/files\/2021\/09\/Publicaciones-Instagram-11-150x150.png 150w, https:\/\/internacional.umh.es\/files\/2021\/09\/Publicaciones-Instagram-11-768x768.png 768w, https:\/\/internacional.umh.es\/files\/2021\/09\/Publicaciones-Instagram-11-1024x1024.png 1024w, https:\/\/internacional.umh.es\/files\/2021\/09\/Publicaciones-Instagram-11-32x32.png 32w, https:\/\/internacional.umh.es\/files\/2021\/09\/Publicaciones-Instagram-11-64x64.png 64w, https:\/\/internacional.umh.es\/files\/2021\/09\/Publicaciones-Instagram-11-96x96.png 96w, https:\/\/internacional.umh.es\/files\/2021\/09\/Publicaciones-Instagram-11-128x128.png 128w, https:\/\/internacional.umh.es\/files\/2021\/09\/Publicaciones-Instagram-11.png 1080w\" sizes=\"(max-width: 300px) 100vw, 300px\" \/>La Universitat Miguel Hern\u00e1ndez d&#8217;Elx publica la <strong>convocat\u00f2ria de premis a projectes solidaris en els quals participe l&#8217;estudiantat de la UMH.<\/strong><\/p>\n<p style=\"text-align: justify\">L&#8217;objecte de la present convocat\u00f2ria, \u00e9s impulsar la participaci\u00f3 dels estudiants de la UMH en projectes d&#8217;entitats sense \u00e0nim de lucre (associaci\u00f3 o fundaci\u00f3 inscrita en el registre corresponent) que promoguen una millora en la qualitat de vida dels col\u00b7lectius exclosos o en risc d&#8217;exclusi\u00f3, i per a aix\u00f2 es premiaran projectes que contribu\u00efsquen a abordar solucions als problemes que afecten els sectors m\u00e9s vulnerables de la poblaci\u00f3 potenciant la capacitat de les persones que integren aquests sectors perqu\u00e8 puguen trobar solucions viables i exemplaritzants a algun dels seus problemes i\/o necessitats.<\/p>\n<p>&nbsp;<br \/>\n<span style=\"color: #ff0000\"><strong>NOU 29\/11\/23:<\/strong><\/span> <a href=\"https:\/\/internacional.umh.es\/files\/2023\/11\/RR_03503_2023.pdf\" target=\"_blank\" title=\"Ho veur\u00e0s en una nova finestra\" rel=\"noopener\">Concessi\u00f3 definitiva Premi Projecte Solidari (816Kb .pdf)<\/a><\/p>\n<p><strong>14\/11\/23:<\/strong> <a href=\"https:\/\/internacional.umh.es\/files\/2023\/11\/ES_U05500001_2023_DOCH-0000000000000000000382118.pdf\" target=\"_blank\" title=\"Ho veur\u00e0s en una nova finestra\" rel=\"noopener\">Concessi\u00f3 provisional dels premis (670Kb .pdf)<\/a><\/p>\n<p><strong>3\/11\/23: <\/strong><a href=\"https:\/\/internacional.umh.es\/files\/2023\/11\/ES_U05500001_2023_DOCH-0000000000000000000371196.pdf\" target=\"_blank\" title=\"Ho veur\u00e0s en una nova finestra\" rel=\"noopener\">Llistat definitiu de sol\u00b7licituds admeses i excloses (473Kb .pdf)<\/a><\/p>\n<p><strong>16\/10\/23:<\/strong> <a href=\"https:\/\/internacional.umh.es\/files\/2023\/10\/ES_U05500001_2023_DOCH-0000000000000000000349549.pdf\" target=\"_blank\" title=\"Ho veur\u00e0s en una nova finestra\" rel=\"noopener\">Llistat provisional de sol\u00b7licituds admeses i excloses (1,11Mb .pdf)<\/a><\/p>\n<p>El termini d&#8217;esmena \u00e9s del 16 fins al 27 d&#8217;octubre.<\/p>\n<hr>\n<p><strong>13\/09\/23:<\/strong> <a href=\"https:\/\/internacional.umh.es\/files\/2023\/09\/2023_9263.pdf\" target=\"_blank\" title=\"Ho veur\u00e0s en una nova finestra\" rel=\"noopener\">Publicaci\u00f3 en el DOGV (202Kb .pdf)<\/a><\/p>\n<p>El termini de presentaci\u00f3 de sol\u00b7licituds finalitza el dia 26 de setembre.<\/p>\n<p>Per a consultar les bases de la convocat\u00f2ria:<\/p>\n<ul>\n<li><a href=\"https:\/\/internacional.umh.es\/files\/2021\/09\/RR_02296_2023.pdf\" target=\"_blank\" title=\"Ho veur\u00e0s en una nova finestra\" rel=\"noopener\">Convocat\u00f2ria premis a projectes solidaris en els quals participen estudiants de la UMH_2023 (3,47Mb .pdf )<\/a><\/li>\n<\/ul>\n<p style=\"text-align: justify\">L&#8217;enfocament dels projectes estar\u00e0 basat en els Objectius de Desenvolupament Sostenible definits per l&#8217;Organitzaci\u00f3 de Nacions Unides en la seua Agenda 2030. Per a m\u00e9s informaci\u00f3 sobre els ODS pot consultar el seu web: <a href=\"https:\/\/www.agenda2030.gob.es\/objetivos\/home.htm\" target=\"_blank\" title=\"Ho veur\u00e0s en una nova finestra\" rel=\"noopener\">agenda2030.gob.es\/objetivos\/home.htm<\/a><\/p>\n<hr>\n<h3><strong>Convocat\u00f2ria 2022<\/strong><\/h3>\n<ul>\n<li><strong><a href=\"https:\/\/internacional.umh.es\/files\/2022\/12\/RR_03300_2022.pdf\" target=\"_blank\" title=\"Ho veur\u00e0s en una nova finestra\" rel=\"noopener\">Adjudicaci\u00f3 definitiva (294Kb .pdf)<\/a><\/strong><\/li>\n<li><strong><a href=\"https:\/\/internacional.umh.es\/files\/2022\/11\/ES_U05500001_2022_DOCH-0000000000000000000268865.pdf\" target=\"_blank\" title=\"Ho veur\u00e0s en una nova finestra\" rel=\"noopener\">Adjudicaci\u00f3 provisional (304Kb .pdf)<\/a><\/strong><\/li>\n<li><strong><a href=\"https:\/\/internacional.umh.es\/files\/2022\/10\/es_u05500001_2022_doch-0000000000000000000246179.pdf\" target=\"_*blank\" title=\"Ho veur\u00e0s en una nova finestra\" rel=\"*noopener noopener\">Llistat definitiu de sol\u00b7licituds admeses i excloses (961Kb .pdf)<\/a><\/strong><\/li>\n<li><strong><a href=\"https:\/\/internacional.umh.es\/files\/2021\/09\/2022_8124.pdf\" target=\"_blank\" title=\"Ho veur\u00e0s en una nova finestra\" rel=\"noopener\">Publicaci\u00f3 en el DOGV (170Kb .pdf)<\/a><\/strong><\/li>\n<li><strong><a href=\"https:\/\/boumh.umh.es\/files\/2022\/09\/RR_02189_2022.pdf\" target=\"_blank\" title=\"Ho veur\u00e0s en una nova finestra\" rel=\"noopener\">Convocat\u00f2ria (526Kb .pdf)<\/a><\/strong><\/li>\n<\/ul>\n<p><\/p>\n<h3><strong>Convocat\u00f2ria 2021<\/strong><\/h3>\n<ul>\n<li><strong><a href=\"https:\/\/internacional.umh.es\/files\/2021\/09\/RR_04954_2021.pdf\" target=\"_blank\" title=\"Ho veur\u00e0s en una nova finestra\" rel=\"noopener\">Adjudicaci\u00f3 definitiva (281Kb .pdf)<\/a><\/strong><\/li>\n<li><strong><a href=\"https:\/\/internacional.umh.es\/2021\/11\/08\/adjudicacion-provisional-de-premios-a-proyectos-solidarios-en-los-que-participen-estudiantes-de-la-umh\/\" title=\"Accedeix ara a m\u00e9s informaci\u00f3\" rel=\"noopener\">Adjudicaci\u00f3 provisional<\/a><\/strong><\/li>\n<li><strong><a href=\"https:\/\/boumh.umh.es\/files\/2021\/10\/ES_U05500108_2021_DOCH-1062711740M1634555400428R.pdf\" target=\"_blank\" title=\"Ho veur\u00e0s en una nova finestra\" rel=\"noopener\">Llistat definitiu de sol\u00b7licituds admeses i excloses (271Kb .pdf)<\/a><\/strong><\/li>\n<li><strong><a href=\"https:\/\/dogv.gva.es\/datos\/2021\/09\/14\/pdf\/2021_9097.pdf\" target=\"_blank\" title=\"Ho veur\u00e0s en una nova finestra\" rel=\"noopener\">Publicaci\u00f3 en DOGV (208Kb .pdf)<\/a><\/strong><\/li>\n<li><strong><a href=\"https:\/\/boumh.umh.es\/files\/2021\/09\/RR_03894_2021.pdf\" target=\"_blank\" title=\"Ho veur\u00e0s en una nova finestra\" rel=\"noopener\">Convocat\u00f2ria (462Kb .pdf)<\/a><\/strong><\/li>\n<\/ul>\n<p><\/p>","protected":false},"excerpt":{"rendered":"<p>La Universitat Miguel Hern\u00e1ndez d&#8217;Elx publica la convocat\u00f2ria de premis a projectes solidaris en els quals participe l&#8217;estudiantat de la UMH.<br \/>\nL&#8217;objecte de la present convocat\u00f2ria, \u00e9s impulsar la participaci\u00f3 dels estudiants de la UMH en projectes d&#8217;entitats sense \u00e0nim de lucre (associaci\u00f3 o fundaci\u00f3 inscrita en el registre corresponent) que promoguen una millora en la [&#8230;]<\/p>\n","protected":false},"author":6508,"featured_media":0,"parent":8048,"menu_order":5,"comment_status":"closed","ping_status":"closed","template":"","meta":{"ngg_post_thumbnail":0,"_links_to":"","_links_to_target":""},"yoast_head":"<!-- This site is optimized with the Yoast SEO plugin v17.5 - https:\/\/yoast.com\/wordpress\/plugins\/seo\/ -->\n<meta name=\"description\" content=\"La UMH publica la convocatoria de premios a proyectos solidarios en los que participe el estudiantado de la Universidad Miguel Hern\u00e1ndez\" \/>\n<meta name=\"robots\" content=\"index, follow, max-snippet:-1, max-image-preview:large, max-video-preview:-1\" \/>\n<link rel=\"canonical\" href=\"https:\/\/internacional.umh.es\/ca\/cooperacion-y-voluntariado\/convocatorias\/convocatoria-de-premios-a-proyectos-solidarios-en-los-que-participen-estudiantes-de-la-umh\/\" \/>\n<meta property=\"og:locale\" content=\"ca_ES\" \/>\n<meta property=\"og:type\" content=\"article\" \/>\n<meta property=\"og:title\" content=\"Projectes Solidaris - Internacionalitzaci\u00f3 i Cooperaci\u00f3\" \/>\n<meta property=\"og:description\" content=\"La UMH publica la convocatoria de premios a proyectos solidarios en los que participe el estudiantado de la Universidad Miguel Hern\u00e1ndez\" \/>\n<meta property=\"og:url\" content=\"https:\/\/internacional.umh.es\/ca\/cooperacion-y-voluntariado\/convocatorias\/convocatoria-de-premios-a-proyectos-solidarios-en-los-que-participen-estudiantes-de-la-umh\/\" \/>\n<meta property=\"og:site_name\" content=\"Internacionalitzaci\u00f3 i Cooperaci\u00f3\" \/>\n<meta property=\"article:modified_time\" content=\"2025-11-06T13:50:23+00:00\" \/>\n<meta property=\"og:image\" content=\"https:\/\/internacional.umh.es\/files\/2021\/09\/Publicaciones-Instagram-11-300x300.png\" \/>\n<meta name=\"twitter:card\" content=\"summary_large_image\" \/>\n<meta name=\"twitter:label1\" content=\"Est. reading time\" \/>\n\t<meta name=\"twitter:data1\" content=\"3 minuts\" \/>\n<script type=\"application\/ld+json\" class=\"yoast-schema-graph\">{\"@context\":\"https:\/\/schema.org\",\"@graph\":[{\"@type\":\"WebSite\",\"@id\":\"https:\/\/internacional.umh.es\/en\/#website\",\"url\":\"https:\/\/internacional.umh.es\/en\/\",\"name\":\"Internacionalitzaci\\u00f3 i Cooperaci\\u00f3\",\"description\":\"Universitat Miguel Hern\\u00e1ndez d&#039;Elx\",\"potentialAction\":[{\"@type\":\"SearchAction\",\"target\":{\"@type\":\"EntryPoint\",\"urlTemplate\":\"https:\/\/internacional.umh.es\/en\/?s={search_term_string}\"},\"query-input\":\"required name=search_term_string\"}],\"inLanguage\":\"ca\"},{\"@type\":\"ImageObject\",\"@id\":\"https:\/\/internacional.umh.es\/ca\/cooperacion-y-voluntariado\/convocatorias\/convocatoria-de-premios-a-proyectos-solidarios-en-los-que-participen-estudiantes-de-la-umh\/#primaryimage\",\"inLanguage\":\"ca\",\"url\":\"https:\/\/internacional.umh.es\/files\/2021\/09\/Publicaciones-Instagram-11.png\",\"contentUrl\":\"https:\/\/internacional.umh.es\/files\/2021\/09\/Publicaciones-Instagram-11.png\",\"width\":1080,\"height\":1080,\"caption\":\"Premios a proyectos solidarios estudiantes UMH\"},{\"@type\":\"WebPage\",\"@id\":\"https:\/\/internacional.umh.es\/ca\/cooperacion-y-voluntariado\/convocatorias\/convocatoria-de-premios-a-proyectos-solidarios-en-los-que-participen-estudiantes-de-la-umh\/#webpage\",\"url\":\"https:\/\/internacional.umh.es\/ca\/cooperacion-y-voluntariado\/convocatorias\/convocatoria-de-premios-a-proyectos-solidarios-en-los-que-participen-estudiantes-de-la-umh\/\",\"name\":\"Projectes Solidaris - Internacionalitzaci\\u00f3 i Cooperaci\\u00f3\",\"isPartOf\":{\"@id\":\"https:\/\/internacional.umh.es\/en\/#website\"},\"primaryImageOfPage\":{\"@id\":\"https:\/\/internacional.umh.es\/ca\/cooperacion-y-voluntariado\/convocatorias\/convocatoria-de-premios-a-proyectos-solidarios-en-los-que-participen-estudiantes-de-la-umh\/#primaryimage\"},\"datePublished\":\"2023-09-13T07:07:56+00:00\",\"dateModified\":\"2025-11-06T13:50:23+00:00\",\"description\":\"La UMH publica la convocatoria de premios a proyectos solidarios en los que participe el estudiantado de la Universidad Miguel Hern\\u00e1ndez\",\"breadcrumb\":{\"@id\":\"https:\/\/internacional.umh.es\/ca\/cooperacion-y-voluntariado\/convocatorias\/convocatoria-de-premios-a-proyectos-solidarios-en-los-que-participen-estudiantes-de-la-umh\/#breadcrumb\"},\"inLanguage\":\"ca\",\"potentialAction\":[{\"@type\":\"ReadAction\",\"target\":[\"https:\/\/internacional.umh.es\/ca\/cooperacion-y-voluntariado\/convocatorias\/convocatoria-de-premios-a-proyectos-solidarios-en-los-que-participen-estudiantes-de-la-umh\/\"]}]},{\"@type\":\"BreadcrumbList\",\"@id\":\"https:\/\/internacional.umh.es\/ca\/cooperacion-y-voluntariado\/convocatorias\/convocatoria-de-premios-a-proyectos-solidarios-en-los-que-participen-estudiantes-de-la-umh\/#breadcrumb\",\"itemListElement\":[{\"@type\":\"ListItem\",\"position\":1,\"name\":\"Home\",\"item\":\"https:\/\/internacional.umh.es\/en\/\"},{\"@type\":\"ListItem\",\"position\":2,\"name\":\"COOPERACI\\u00d3 I VOLUNTARIAT\",\"item\":\"https:\/\/internacional.umh.es\/ca\/cooperacion-y-voluntariado\/\"},{\"@type\":\"ListItem\",\"position\":3,\"name\":\"Convocat\\u00f2ries\",\"item\":\"https:\/\/internacional.umh.es\/ca\/cooperacion-y-voluntariado\/convocatorias\/\"},{\"@type\":\"ListItem\",\"position\":4,\"name\":\"Projectes Solidaris\"}]}]}<\/script>\n<!-- \/ Yoast SEO plugin. -->","yoast_head_json":{"description":"La UMH publica la convocatoria de premios a proyectos solidarios en los que participe el estudiantado de la Universidad Miguel Hern\u00e1ndez","robots":{"index":"index","follow":"follow","max-snippet":"max-snippet:-1","max-image-preview":"max-image-preview:large","max-video-preview":"max-video-preview:-1"},"canonical":"https:\/\/internacional.umh.es\/ca\/cooperacion-y-voluntariado\/convocatorias\/convocatoria-de-premios-a-proyectos-solidarios-en-los-que-participen-estudiantes-de-la-umh\/","og_locale":"ca_ES","og_type":"article","og_title":"Projectes Solidaris - Internacionalitzaci\u00f3 i Cooperaci\u00f3","og_description":"La UMH publica la convocatoria de premios a proyectos solidarios en los que participe el estudiantado de la Universidad Miguel Hern\u00e1ndez","og_url":"https:\/\/internacional.umh.es\/ca\/cooperacion-y-voluntariado\/convocatorias\/convocatoria-de-premios-a-proyectos-solidarios-en-los-que-participen-estudiantes-de-la-umh\/","og_site_name":"Internacionalitzaci\u00f3 i Cooperaci\u00f3","article_modified_time":"2025-11-06T13:50:23+00:00","og_image":[{"url":"https:\/\/internacional.umh.es\/files\/2021\/09\/Publicaciones-Instagram-11-300x300.png"}],"twitter_card":"summary_large_image","twitter_misc":{"Est. reading time":"3 minuts"},"schema":{"@context":"https:\/\/schema.org","@graph":[{"@type":"WebSite","@id":"https:\/\/internacional.umh.es\/en\/#website","url":"https:\/\/internacional.umh.es\/en\/","name":"Internacionalitzaci\u00f3 i Cooperaci\u00f3","description":"Universitat Miguel Hern\u00e1ndez d&#039;Elx","potentialAction":[{"@type":"SearchAction","target":{"@type":"EntryPoint","urlTemplate":"https:\/\/internacional.umh.es\/en\/?s={search_term_string}"},"query-input":"required name=search_term_string"}],"inLanguage":"ca"},{"@type":"ImageObject","@id":"https:\/\/internacional.umh.es\/ca\/cooperacion-y-voluntariado\/convocatorias\/convocatoria-de-premios-a-proyectos-solidarios-en-los-que-participen-estudiantes-de-la-umh\/#primaryimage","inLanguage":"ca","url":"https:\/\/internacional.umh.es\/files\/2021\/09\/Publicaciones-Instagram-11.png","contentUrl":"https:\/\/internacional.umh.es\/files\/2021\/09\/Publicaciones-Instagram-11.png","width":1080,"height":1080,"caption":"Premios a proyectos solidarios estudiantes UMH"},{"@type":"WebPage","@id":"https:\/\/internacional.umh.es\/ca\/cooperacion-y-voluntariado\/convocatorias\/convocatoria-de-premios-a-proyectos-solidarios-en-los-que-participen-estudiantes-de-la-umh\/#webpage","url":"https:\/\/internacional.umh.es\/ca\/cooperacion-y-voluntariado\/convocatorias\/convocatoria-de-premios-a-proyectos-solidarios-en-los-que-participen-estudiantes-de-la-umh\/","name":"Projectes Solidaris - Internacionalitzaci\u00f3 i Cooperaci\u00f3","isPartOf":{"@id":"https:\/\/internacional.umh.es\/en\/#website"},"primaryImageOfPage":{"@id":"https:\/\/internacional.umh.es\/ca\/cooperacion-y-voluntariado\/convocatorias\/convocatoria-de-premios-a-proyectos-solidarios-en-los-que-participen-estudiantes-de-la-umh\/#primaryimage"},"datePublished":"2023-09-13T07:07:56+00:00","dateModified":"2025-11-06T13:50:23+00:00","description":"La UMH publica la convocatoria de premios a proyectos solidarios en los que participe el estudiantado de la Universidad Miguel Hern\u00e1ndez","breadcrumb":{"@id":"https:\/\/internacional.umh.es\/ca\/cooperacion-y-voluntariado\/convocatorias\/convocatoria-de-premios-a-proyectos-solidarios-en-los-que-participen-estudiantes-de-la-umh\/#breadcrumb"},"inLanguage":"ca","potentialAction":[{"@type":"ReadAction","target":["https:\/\/internacional.umh.es\/ca\/cooperacion-y-voluntariado\/convocatorias\/convocatoria-de-premios-a-proyectos-solidarios-en-los-que-participen-estudiantes-de-la-umh\/"]}]},{"@type":"BreadcrumbList","@id":"https:\/\/internacional.umh.es\/ca\/cooperacion-y-voluntariado\/convocatorias\/convocatoria-de-premios-a-proyectos-solidarios-en-los-que-participen-estudiantes-de-la-umh\/#breadcrumb","itemListElement":[{"@type":"ListItem","position":1,"name":"Home","item":"https:\/\/internacional.umh.es\/en\/"},{"@type":"ListItem","position":2,"name":"COOPERACI\u00d3 I VOLUNTARIAT","item":"https:\/\/internacional.umh.es\/ca\/cooperacion-y-voluntariado\/"},{"@type":"ListItem","position":3,"name":"Convocat\u00f2ries","item":"https:\/\/internacional.umh.es\/ca\/cooperacion-y-voluntariado\/convocatorias\/"},{"@type":"ListItem","position":4,"name":"Projectes Solidaris"}]}]}},"_links":{"self":[{"href":"https:\/\/internacional.umh.es\/ca\/wp-json\/wp\/v2\/pages\/31813"}],"collection":[{"href":"https:\/\/internacional.umh.es\/ca\/wp-json\/wp\/v2\/pages"}],"about":[{"href":"https:\/\/internacional.umh.es\/ca\/wp-json\/wp\/v2\/types\/page"}],"author":[{"embeddable":true,"href":"https:\/\/internacional.umh.es\/ca\/wp-json\/wp\/v2\/users\/6508"}],"replies":[{"embeddable":true,"href":"https:\/\/internacional.umh.es\/ca\/wp-json\/wp\/v2\/comments?post=31813"}],"version-history":[{"count":0,"href":"https:\/\/internacional.umh.es\/ca\/wp-json\/wp\/v2\/pages\/31813\/revisions"}],"up":[{"embeddable":true,"href":"https:\/\/internacional.umh.es\/ca\/wp-json\/wp\/v2\/pages\/8048"}],"wp:attachment":[{"href":"https:\/\/internacional.umh.es\/ca\/wp-json\/wp\/v2\/media?parent=31813"}],"curies":[{"name":"wp","href":"https:\/\/api.w.org\/{rel}","templated":true}]}}