{"id":32578,"date":"2023-12-13T10:20:47","date_gmt":"2023-12-13T09:20:47","guid":{"rendered":"https:\/\/internacional.umh.es\/?page_id=32578"},"modified":"2025-02-17T10:13:56","modified_gmt":"2025-02-17T09:13:56","slug":"erasmus-estudios-2024-2025","status":"publish","type":"page","link":"https:\/\/internacional.umh.es\/ca\/movilidad\/estudiantes\/erasmus\/erasmus-estudios-2024-2025\/","title":{"rendered":"Erasmus+ Estudis 2024\/2025"},"content":{"rendered":"<p><img loading=\"lazy\" class=\"alignnone size-medium wp-image-29978\" src=\"https:\/\/internacional.umh.es\/files\/2023\/05\/es_cofinanciado_por_la_union_europea_pos-300x63.png\" alt=\"Cofinan\u00e7at per la Uni\u00f3 Europea logo\" title=\"Erasmus+ Estudios cofinan\u00e7ats per la UE\" width=\"300\" height=\"63\" srcset=\"https:\/\/internacional.umh.es\/files\/2023\/05\/es_cofinanciado_por_la_union_europea_pos-300x63.png 300w, https:\/\/internacional.umh.es\/files\/2023\/05\/es_cofinanciado_por_la_union_europea_pos-1024x215.png 1024w, https:\/\/internacional.umh.es\/files\/2023\/05\/es_cofinanciado_por_la_union_europea_pos-768x161.png 768w, https:\/\/internacional.umh.es\/files\/2023\/05\/es_cofinanciado_por_la_union_europea_pos-1536x322.png 1536w, https:\/\/internacional.umh.es\/files\/2023\/05\/es_cofinanciado_por_la_union_europea_pos-2048x429.png 2048w\" sizes=\"(max-width: 300px) 100vw, 300px\" \/><\/a><\/p>\n<h3><strong>Convocat\u00f2ria 2024\/25<\/strong><\/h3>\n<p style=\"text-align: justify\"><strong><span style=\"color: #ff0000\">NOU (12\/01\/24):<\/span> <\/strong>El Vicerectorat d&#8217;Internacionalitzaci\u00f3 i Cooperaci\u00f3 publica la convocat\u00f2ria del programa de mobilitat internacional ERASMUS + amb finalitats d&#8217;estudis per al curs acad\u00e8mic 2024\/2025.<\/p>\n<p>El Termini de presentaci\u00f3 de sol\u00b7licituds ser\u00e0<strong> del 12 al 22 de gener de 2024.<\/strong><\/p>\n<ul>\n<li><a href=\"https:\/\/internacional.umh.es\/files\/2023\/12\/Publicada-la-convocatoria.-RR_03792_2023.pdf\" target=\"_blank\" title=\"Ho veur\u00e0s en una nova finestra\" rel=\"noopener\">Text complet de la convocat\u00f2ria (2,8Mb .pdf)<\/a><\/li>\n<li><a href=\"https:\/\/internacional.umh.es\/files\/2024\/01\/Publicar-este.-catalogo-PLAZAS-2024-2025-pintado_11_01_2024.pdf\" target=\"_blank\" title=\"Ho veur\u00e0s en una nova finestra\" rel=\"noopener\">Cat\u00e0leg definitiu de places oferides 2024\/2025 (613 Kb .pdf)<\/a><\/li>\n<\/ul>\n<p>Tota la documentaci\u00f3 que haja d&#8217;aportar-se es presentar\u00e0 a trav\u00e9s de la:<\/p>\n<ul>\n<li><a href=\"https:\/\/sede.umh.es\/ca\/procedimientos\/mobilitat-programa-internacional-deixida-per-a-estudiants\/\" title=\"Ho veur\u00e0s en una nova finestra\" target=\"_blank\" rel=\"noopener\">sede.umh.es\/procedimientos\/movilidad-programa-internacional-de-salida-para-estudiantes<\/a><\/li>\n<\/ul>\n<p style=\"text-align: justify\">La sol\u00b7licitud haur\u00e0 de realitzar-se en l\u00ednia a trav\u00e9s de l&#8217;acc\u00e9s personalitzat (apartat \u00abProgrames d&#8217;intercanvi\u00bb &gt; \u00abMobilitat d&#8217;estudiants en programes d&#8217;intercanvi\u00bb &gt; (\u00abPrograma ERASMUS ESTUDIANTS. Convocat\u00f2ria: 2024\u00bb). Una vegada emplenada i signada, perqu\u00e8 siga tinguda en compte s&#8217;ha de presentar per registre en l&#8217;enlla\u00e7 que indica \u201cRegistrar Sol\u00b7licitud\u201d <strong>amb data l\u00edmit el 22 de gener de 2024<\/strong>.<\/p>\n<p>La documentaci\u00f3 a aportar ser\u00e0 la seg\u00fcent:<\/p>\n<ol>\n<li><strong>Sol\u00b7licitud<\/strong> signada (una vegada realitzada la sol\u00b7licitud en l\u00ednia)<\/li>\n<li><strong>Fotoc\u00f2pia<\/strong> del DNI, passaport o perm\u00eds de resid\u00e8ncia.<\/li>\n<li>C\u00f2pia de l&#8217;expedient <strong><\/strong> acad\u00e8mic personal (sense validesa acad\u00e8mica).<\/li>\n<li style=\"text-align: justify\">C\u00f2pia del certificat <strong><\/strong> o document acreditatiu de coneixements d&#8217;idiomes <strong><\/strong>. Aquells estudiants que hagen realitzat el test de nivell d&#8217;algun idioma en el Centre d&#8217;idiomes, hauran de presentar c\u00f2pia del resguard del pagament de taxes de la prova. El Servei de Relacions Internacionals, Cooperaci\u00f3 al Desenvolupament i Voluntariat verificar\u00e0 aquesta dada i adjuntar\u00e0 el resultat de la prova.<\/li>\n<li>Curriculum vitae, si \u00e9s el cas. (Veure annex II Llistat de places amb entrevista)<\/li>\n<li>Certificaci\u00f3 <strong>Buddy<\/strong>, si \u00e9s el cas.<\/li>\n<li>Certificaci\u00f3 alumne <strong>Promotor<\/strong>, si \u00e9s el cas.<\/li>\n<\/ol>\n<hr>\n<h3><strong>Test de nivell per a programa Erasmus+<\/strong><\/h3>\n<p style=\"text-align: justify\"><strong>(11\/12\/23):<\/strong> Si pertanys a la Comunitat UMH i sol\u00b7licitar\u00e0s una estada Erasmus, recorda que has d&#8217;acreditar el teu nivell d&#8217;idioma del pa\u00eds de destinaci\u00f3. Podr\u00e0s fer-ho b\u00e9 presentant un certificat oficial d&#8217;idiomes, o b\u00e9 realitzant una prova de nivell.<\/p>\n<p style=\"text-align: justify\">A continuaci\u00f3, t&#8217;expliquem tots els detalls d&#8217;aquesta prova de nivell, que es realitza en el Centre d&#8217;Idiomes de la UMH, per als idiomes <strong>angl\u00e9s, franc\u00e9s, itali\u00e0 i\/o alemany<\/strong>.<\/p>\n<p style=\"text-align: justify\">Podran presentar-se tant estudiants com professors de la UMH o membres del Personal d&#8217;Administraci\u00f3 i Serveis (PAS) de la UMH que vulguen participar en el programa Erasmus o programa de mobilitat i que no puguen acreditar el seu nivell amb un t\u00edtol oficial.<\/p>\n<p><strong><u><em>Termini de matr\u00edcula:<\/em><\/u><\/strong><\/p>\n<ul>\n<li class=\"rteindent2\"><i><u>ITALI\u00c0:<\/u> fins al 14 de desembre a les 10:00h.<\/i>(places limitades).<\/li>\n<li class=\"rteindent2\"><em><u>ALEMANY:<\/u> fins al 18 de desembre a les 10:00h.<\/em>(places limitades)<i>.<\/i><\/li>\n<li class=\"rteindent2\"><em><u>FRANC\u00c9S:<\/u> fins al 19 de desembre a les 10:00h.<\/em>(places limitades).<\/li>\n<li class=\"rteindent2\"><i><u>ANGL\u00c9S<\/u>: fins al 21 de desembre a les 10:00h.<\/i>(places limitades).<\/li>\n<\/ul>\n<ul>\n<li><a href=\"https:\/\/www.idiomasumh.es\/es\/test-de-nivel\/erasmus\" title=\"Ho veur\u00e0s en una nova finestra\" target=\"_blank\" rel=\"noopener\">Consulta tota la informaci\u00f3 en la web del Centre d&#8217;Idiomes de la UMH<\/a><\/li>\n<\/ul>\n<p><\/p>","protected":false},"excerpt":{"rendered":"<p>Convocat\u00f2ria 2024\/25<br \/>\nNOU (12\/01\/24): El Vicerectorat d&#8217;Internacionalitzaci\u00f3 i Cooperaci\u00f3 publica la convocat\u00f2ria del programa de mobilitat internacional ERASMUS + amb finalitats d&#8217;estudis per al curs acad\u00e8mic 2024\/2025.<br \/>\nEl Termini de presentaci\u00f3 de sol\u00b7licituds ser\u00e0 del 12 al 22 de gener de 2024.<\/p>\n<p>Text complet de la convocat\u00f2ria (2,8Mb .pdf)<br \/>\nCat\u00e0leg definitiu de places oferides 2024\/2025 (613 Kb .pdf)<\/p>\n<p>Tota la [&#8230;]<\/p>\n","protected":false},"author":6508,"featured_media":0,"parent":10,"menu_order":2,"comment_status":"closed","ping_status":"closed","template":"","meta":{"ngg_post_thumbnail":0,"_links_to":"","_links_to_target":""},"yoast_head":"<!-- This site is optimized with the Yoast SEO plugin v17.5 - https:\/\/yoast.com\/wordpress\/plugins\/seo\/ -->\n<meta name=\"robots\" content=\"index, follow, max-snippet:-1, max-image-preview:large, max-video-preview:-1\" \/>\n<link rel=\"canonical\" href=\"https:\/\/internacional.umh.es\/ca\/movilidad\/estudiantes\/erasmus\/erasmus-estudios-2024-2025\/\" \/>\n<meta property=\"og:locale\" content=\"ca_ES\" \/>\n<meta property=\"og:type\" content=\"article\" \/>\n<meta property=\"og:title\" content=\"Erasmus+ Estudis 2024\/2025 - Internacionalitzaci\u00f3 i Cooperaci\u00f3\" \/>\n<meta property=\"og:description\" content=\"Convocat\u00f2ria 2024\/25 NOU (12\/01\/24): El Vicerectorat d&#8217;Internacionalitzaci\u00f3 i Cooperaci\u00f3 publica la convocat\u00f2ria del programa de mobilitat internacional ERASMUS + amb finalitats d&#8217;estudis per al curs acad\u00e8mic 2024\/2025. El Termini de presentaci\u00f3 de sol\u00b7licituds ser\u00e0 del 12 al 22 de gener de 2024. Text complet de la convocat\u00f2ria (2,8Mb .pdf) Cat\u00e0leg definitiu de places oferides 2024\/2025 (613 Kb .pdf) Tota la [...]\" \/>\n<meta property=\"og:url\" content=\"https:\/\/internacional.umh.es\/movilidad\/estudiantes\/erasmus\/erasmus-estudios-2024-2025\/\" \/>\n<meta property=\"og:site_name\" content=\"Internacionalitzaci\u00f3 i Cooperaci\u00f3\" \/>\n<meta property=\"article:modified_time\" content=\"2025-02-17T09:13:56+00:00\" \/>\n<meta property=\"og:image\" content=\"https:\/\/internacional.umh.es\/files\/2023\/05\/es_cofinanciado_por_la_union_europea_pos-300x63.png\" \/>\n<meta name=\"twitter:card\" content=\"summary_large_image\" \/>\n<meta name=\"twitter:label1\" content=\"Est. reading time\" \/>\n\t<meta name=\"twitter:data1\" content=\"13 minuts\" \/>\n<script type=\"application\/ld+json\" class=\"yoast-schema-graph\">{\"@context\":\"https:\/\/schema.org\",\"@graph\":[{\"@type\":\"WebSite\",\"@id\":\"https:\/\/internacional.umh.es\/en\/#website\",\"url\":\"https:\/\/internacional.umh.es\/en\/\",\"name\":\"Internacionalitzaci\\u00f3 i Cooperaci\\u00f3\",\"description\":\"Universitat Miguel Hern\\u00e1ndez d&#039;Elx\",\"potentialAction\":[{\"@type\":\"SearchAction\",\"target\":{\"@type\":\"EntryPoint\",\"urlTemplate\":\"https:\/\/internacional.umh.es\/en\/?s={search_term_string}\"},\"query-input\":\"required name=search_term_string\"}],\"inLanguage\":\"ca\"},{\"@type\":\"ImageObject\",\"@id\":\"https:\/\/internacional.umh.es\/movilidad\/estudiantes\/erasmus\/erasmus-estudios-2024-2025\/#primaryimage\",\"inLanguage\":\"ca\",\"url\":\"https:\/\/internacional.umh.es\/files\/2023\/05\/es_cofinanciado_por_la_union_europea_pos.png\",\"contentUrl\":\"https:\/\/internacional.umh.es\/files\/2023\/05\/es_cofinanciado_por_la_union_europea_pos.png\",\"width\":8493,\"height\":1780},{\"@type\":\"WebPage\",\"@id\":\"https:\/\/internacional.umh.es\/movilidad\/estudiantes\/erasmus\/erasmus-estudios-2024-2025\/#webpage\",\"url\":\"https:\/\/internacional.umh.es\/movilidad\/estudiantes\/erasmus\/erasmus-estudios-2024-2025\/\",\"name\":\"Erasmus+ Estudis 2024\/2025 - Internacionalitzaci\\u00f3 i Cooperaci\\u00f3\",\"isPartOf\":{\"@id\":\"https:\/\/internacional.umh.es\/en\/#website\"},\"primaryImageOfPage\":{\"@id\":\"https:\/\/internacional.umh.es\/movilidad\/estudiantes\/erasmus\/erasmus-estudios-2024-2025\/#primaryimage\"},\"datePublished\":\"2023-12-13T09:20:47+00:00\",\"dateModified\":\"2025-02-17T09:13:56+00:00\",\"breadcrumb\":{\"@id\":\"https:\/\/internacional.umh.es\/movilidad\/estudiantes\/erasmus\/erasmus-estudios-2024-2025\/#breadcrumb\"},\"inLanguage\":\"ca\",\"potentialAction\":[{\"@type\":\"ReadAction\",\"target\":[\"https:\/\/internacional.umh.es\/movilidad\/estudiantes\/erasmus\/erasmus-estudios-2024-2025\/\"]}]},{\"@type\":\"BreadcrumbList\",\"@id\":\"https:\/\/internacional.umh.es\/movilidad\/estudiantes\/erasmus\/erasmus-estudios-2024-2025\/#breadcrumb\",\"itemListElement\":[{\"@type\":\"ListItem\",\"position\":1,\"name\":\"Home\",\"item\":\"https:\/\/internacional.umh.es\/en\/\"},{\"@type\":\"ListItem\",\"position\":2,\"name\":\"MOBILITY\",\"item\":\"https:\/\/internacional.umh.es\/en\/movilidad\/\"},{\"@type\":\"ListItem\",\"position\":3,\"name\":\"Estudiantes\",\"item\":\"https:\/\/internacional.umh.es\/movilidad\/estudiantes\/\"},{\"@type\":\"ListItem\",\"position\":4,\"name\":\"ERASMUS\",\"item\":\"https:\/\/internacional.umh.es\/movilidad\/estudiantes\/erasmus\/\"},{\"@type\":\"ListItem\",\"position\":5,\"name\":\"2024-2025 Erasmus+ Study Places\"}]}]}<\/script>\n<!-- \/ Yoast SEO plugin. -->","yoast_head_json":{"robots":{"index":"index","follow":"follow","max-snippet":"max-snippet:-1","max-image-preview":"max-image-preview:large","max-video-preview":"max-video-preview:-1"},"canonical":"https:\/\/internacional.umh.es\/ca\/movilidad\/estudiantes\/erasmus\/erasmus-estudios-2024-2025\/","og_locale":"ca_ES","og_type":"article","og_title":"Erasmus+ Estudis 2024\/2025 - Internacionalitzaci\u00f3 i Cooperaci\u00f3","og_description":"Convocat\u00f2ria 2024\/25 NOU (12\/01\/24): El Vicerectorat d&#8217;Internacionalitzaci\u00f3 i Cooperaci\u00f3 publica la convocat\u00f2ria del programa de mobilitat internacional ERASMUS + amb finalitats d&#8217;estudis per al curs acad\u00e8mic 2024\/2025. El Termini de presentaci\u00f3 de sol\u00b7licituds ser\u00e0 del 12 al 22 de gener de 2024. Text complet de la convocat\u00f2ria (2,8Mb .pdf) Cat\u00e0leg definitiu de places oferides 2024\/2025 (613 Kb .pdf) Tota la [...]","og_url":"https:\/\/internacional.umh.es\/movilidad\/estudiantes\/erasmus\/erasmus-estudios-2024-2025\/","og_site_name":"Internacionalitzaci\u00f3 i Cooperaci\u00f3","article_modified_time":"2025-02-17T09:13:56+00:00","og_image":[{"url":"https:\/\/internacional.umh.es\/files\/2023\/05\/es_cofinanciado_por_la_union_europea_pos-300x63.png"}],"twitter_card":"summary_large_image","twitter_misc":{"Est. reading time":"13 minuts"},"schema":{"@context":"https:\/\/schema.org","@graph":[{"@type":"WebSite","@id":"https:\/\/internacional.umh.es\/en\/#website","url":"https:\/\/internacional.umh.es\/en\/","name":"Internacionalitzaci\u00f3 i Cooperaci\u00f3","description":"Universitat Miguel Hern\u00e1ndez d&#039;Elx","potentialAction":[{"@type":"SearchAction","target":{"@type":"EntryPoint","urlTemplate":"https:\/\/internacional.umh.es\/en\/?s={search_term_string}"},"query-input":"required name=search_term_string"}],"inLanguage":"ca"},{"@type":"ImageObject","@id":"https:\/\/internacional.umh.es\/movilidad\/estudiantes\/erasmus\/erasmus-estudios-2024-2025\/#primaryimage","inLanguage":"ca","url":"https:\/\/internacional.umh.es\/files\/2023\/05\/es_cofinanciado_por_la_union_europea_pos.png","contentUrl":"https:\/\/internacional.umh.es\/files\/2023\/05\/es_cofinanciado_por_la_union_europea_pos.png","width":8493,"height":1780},{"@type":"WebPage","@id":"https:\/\/internacional.umh.es\/movilidad\/estudiantes\/erasmus\/erasmus-estudios-2024-2025\/#webpage","url":"https:\/\/internacional.umh.es\/movilidad\/estudiantes\/erasmus\/erasmus-estudios-2024-2025\/","name":"Erasmus+ Estudis 2024\/2025 - Internacionalitzaci\u00f3 i Cooperaci\u00f3","isPartOf":{"@id":"https:\/\/internacional.umh.es\/en\/#website"},"primaryImageOfPage":{"@id":"https:\/\/internacional.umh.es\/movilidad\/estudiantes\/erasmus\/erasmus-estudios-2024-2025\/#primaryimage"},"datePublished":"2023-12-13T09:20:47+00:00","dateModified":"2025-02-17T09:13:56+00:00","breadcrumb":{"@id":"https:\/\/internacional.umh.es\/movilidad\/estudiantes\/erasmus\/erasmus-estudios-2024-2025\/#breadcrumb"},"inLanguage":"ca","potentialAction":[{"@type":"ReadAction","target":["https:\/\/internacional.umh.es\/movilidad\/estudiantes\/erasmus\/erasmus-estudios-2024-2025\/"]}]},{"@type":"BreadcrumbList","@id":"https:\/\/internacional.umh.es\/movilidad\/estudiantes\/erasmus\/erasmus-estudios-2024-2025\/#breadcrumb","itemListElement":[{"@type":"ListItem","position":1,"name":"Home","item":"https:\/\/internacional.umh.es\/en\/"},{"@type":"ListItem","position":2,"name":"MOBILITY","item":"https:\/\/internacional.umh.es\/en\/movilidad\/"},{"@type":"ListItem","position":3,"name":"Estudiantes","item":"https:\/\/internacional.umh.es\/movilidad\/estudiantes\/"},{"@type":"ListItem","position":4,"name":"ERASMUS","item":"https:\/\/internacional.umh.es\/movilidad\/estudiantes\/erasmus\/"},{"@type":"ListItem","position":5,"name":"2024-2025 Erasmus+ Study Places"}]}]}},"_links":{"self":[{"href":"https:\/\/internacional.umh.es\/ca\/wp-json\/wp\/v2\/pages\/32578"}],"collection":[{"href":"https:\/\/internacional.umh.es\/ca\/wp-json\/wp\/v2\/pages"}],"about":[{"href":"https:\/\/internacional.umh.es\/ca\/wp-json\/wp\/v2\/types\/page"}],"author":[{"embeddable":true,"href":"https:\/\/internacional.umh.es\/ca\/wp-json\/wp\/v2\/users\/6508"}],"replies":[{"embeddable":true,"href":"https:\/\/internacional.umh.es\/ca\/wp-json\/wp\/v2\/comments?post=32578"}],"version-history":[{"count":0,"href":"https:\/\/internacional.umh.es\/ca\/wp-json\/wp\/v2\/pages\/32578\/revisions"}],"up":[{"embeddable":true,"href":"https:\/\/internacional.umh.es\/ca\/wp-json\/wp\/v2\/pages\/10"}],"wp:attachment":[{"href":"https:\/\/internacional.umh.es\/ca\/wp-json\/wp\/v2\/media?parent=32578"}],"curies":[{"name":"wp","href":"https:\/\/api.w.org\/{rel}","templated":true}]}}