{"id":32612,"date":"2023-12-18T09:28:23","date_gmt":"2023-12-18T08:28:23","guid":{"rendered":"https:\/\/internacional.umh.es\/?page_id=32612"},"modified":"2024-03-20T17:14:18","modified_gmt":"2024-03-20T16:14:18","slug":"incoming-septiembre-2022-23","status":"publish","type":"page","link":"https:\/\/internacional.umh.es\/ca\/incoming-septiembre-2022-23\/","title":{"rendered":"INCOMING (Setembre 2022-23)"},"content":{"rendered":"<p><\/p>\n<h3>JORNADES DE BENVINGUDA<\/h3>\n<p><img loading=\"lazy\" class=\"alignleft wp-image-31650\" title=\"No dubtes a apuntar-te com a estudiant Incoming, Destino o SICUE als Welcome Days de setembre 2023\" src=\"https:\/\/internacional.umh.es\/files\/2023\/09\/Welcome-Days-Sept-2023-212x300.png\" alt=\"Welcome Days UMH setembre 2023 incoming cartelL\" width=\"250\" height=\"354\" srcset=\"https:\/\/internacional.umh.es\/files\/2023\/09\/Welcome-Days-Sept-2023-212x300.png 212w, https:\/\/internacional.umh.es\/files\/2023\/09\/Welcome-Days-Sept-2023-724x1024.png 724w, https:\/\/internacional.umh.es\/files\/2023\/09\/Welcome-Days-Sept-2023-768x1086.png 768w, https:\/\/internacional.umh.es\/files\/2023\/09\/Welcome-Days-Sept-2023-1086x1536.png 1086w, https:\/\/internacional.umh.es\/files\/2023\/09\/Welcome-Days-Sept-2023.png 1414w\" sizes=\"(max-width: 250px) 100vw, 250px\" \/><\/p>\n<p>Benvinguts i benvingudes a la Universitat Miguel Hern\u00e0ndez!<br \/>\nVolem donar-te la benvinguda a la UMH i per a aix\u00f2, hem preparat unes jornades en l\u00ednia en les quals et donarem tots els consells perqu\u00e8 aprofites al m\u00e0xim la teua experi\u00e8ncia amb nosaltres. <\/p>\n<p>Descobreix els nostres dies de benvinguda!<\/p>\n<p style=\"text-align: justify\">Durant els dies <strong>14 i 15 de setembre de 2023<\/strong> t&#8217;esperem des de les 13.00 h. a les 14.30 h. i des de les 10.00 h. fins a les 11.50 h. respectivament per a comen\u00e7ar a con\u00e9ixer la nostra universitat.<\/p>\n<p><strong>* Invitaci\u00f3:<\/strong> enviada per email a estudiants Incoming, Destino i SICUE UMH.<br \/>\n<strong>* Tancament de termini:<\/strong> dimarts 12 de setembre a les 12.00 h.<\/p>\n<p>Durant estes jornades coneixer\u00e0s:<\/p>\n<ul>\n<li>Al personal que gestiona els serveis<\/li>\n<li>Com presentar documentaci\u00f3<\/li>\n<li>Possibilitats de trobar allotjament<\/li>\n<li>Instal\u00b7lacions<\/li>\n<li>Biblioteques<\/li>\n<li>Tips de la vida universit\u00e0ria<\/li>\n<li>Oferta esportiva i de salut<\/li>\n<li>Cantines i restaurants<\/li>\n<li>Oferta cultural<\/li>\n<li>Club Erasmus<\/li>\n<li>Programa Buddy<\/li>\n<\/ul>\n<p style=\"text-align: justify\">Hem preparat trobades virtuals mitjan\u00e7ant <strong>GOOGLE MEET<\/strong> amb personal de la UMH que resoldr\u00e0 els teus dubtes i t&#8217;explicar\u00e0, de primera m\u00e0, tot el que pots fer en la nostra universitat. Estem segurs que la teua estada ac\u00ed ser\u00e0 inoblidable. Descobreix el programa d&#8217;activitats que realitzarem:<\/p>\n<ul>\n<li><a href=\"https:\/\/view.genial.ly\/64f58a2400cf1900126bc8c7\/presentation-welcome-days-umh-septiembre-2023\" target=\"_blank\" rel=\"noopener\" title=\"Ho veur\u00e0s en una nova finestra\"><strong>Programa WELCOME DAYS (Genially)<\/strong><\/a><\/li>\n<\/ul>\n<p>La programaci\u00f3 podria estar subjecta a modificacions.<\/p>\n<p><strong>PRESENTACIONS WELCOME DAYS<\/strong><\/p>\n<ul>\n<li><a href=\"https:\/\/drive.google.com\/file\/d\/1xdwyjt-SDAMNa5IQpyNl0gGK4QtRa259\/view?usp=sharing\" rel=\"noopener\" target=\"_blank\" title=\"Ho veur\u00e0s en una nova finestra\">Welcome to UMH 2022\/23 (3,5Mb .pdf)<\/a><\/li>\n<li><a href=\"https:\/\/cultura.umh.es\/\" rel=\"noopener\" target=\"_blank\" title=\"Ho veur\u00e0s en una nova finestra\">Oficina de Cultura, Igualtat i Diversitat<\/a><\/li>\n<li><a title=\"Ho veur\u00e0s en una nova finestra\" href=\"https:\/\/drive.google.com\/file\/d\/1q1NVVZwxzv_ymFyqQUPBk1YAmKwOb2oh\/view?usp=drive_link\" target=\"_blank\" rel=\"noopener\">Centre d&#8217;Idiomes UMH (731Kb .pdf)<\/a><\/li>\n<li><a href=\"https:\/\/drive.google.com\/file\/d\/1YLLvQgkg0XigPSJv5K5KE8FUf19xDTov\/view?usp=drive_link\" rel=\"noopener\" target=\"_blank\" title=\"Ho veur\u00e0s en una nova finestra\">Deportes UMH (1,8Mb .pdf)<\/a><\/li>\n<li><a href=\"https:\/\/biblioteca.umh.es\/\" rel=\"noopener\" target=\"_blank\" title=\"Ho veur\u00e0s en una nova finestra\">Biblioteques UMH<\/a><\/li>\n<li><a title=\"Ho veur\u00e0s en una nova finestra\" href=\"https:\/\/drive.google.com\/file\/d\/17355NF_HeYJNixWqzGL5nBfCKVx23IXK\/view?usp=drive_link\" target=\"_blank\" rel=\"noopener\">Documents i Gesti\u00f3 2022-2023 (1,3Mb .pdf)<\/a><\/li>\n<li><a title=\"Ho veur\u00e0s en una nova finestra\" href=\"https:\/\/drive.google.com\/file\/d\/1GPUHIs37VqaHhfiUdkEt2CpHkd--SfK1\/view?usp=drive_link\" target=\"_blank\" rel=\"noopener\">Concurs Take a Selfie (3Mb .pdf)<\/a><\/li>\n<\/ul>\n<hr>\n<h4><strong>JORNADES DE BENVINGUDA ANTERIORS:<\/strong><\/h4>\n<ul>\n<li><a title=\"Accedeix a tots els materials de l'edici\u00f3 dels Welcome Days de gener en l'edici\u00f3 2022-23\" href=\"https:\/\/internacional.umh.es\/ca\/incoming-enero-2022-23\/\">Jornades de benvinguda 2022\/2023 (gener)<\/a><\/li>\n<li><a title=\"Accedeix a tots els materials de l'edici\u00f3 dels Welcome Days de setembre en l'edici\u00f3 2022-23\" href=\"https:\/\/internacional.umh.es\/ca\/incoming-22-23-setembre\/\">Jornades de benvinguda 2022\/2023 (setembre)<\/a><\/li>\n<li><a title=\"Accedeix a tots els materials de l'edici\u00f3 dels Welcome Days de febrer en l'edici\u00f3 2021-22\" href=\"https:\/\/internacional.umh.es\/ca\/english-incoming-21-22-febrero\/\">Jornades de benvinguda 2021\/2022 (febrer)<\/a><\/li>\n<li><a title=\"Accedeix a tots els materials de l'edici\u00f3 dels Welcome Days de setembre en l'edici\u00f3 2021-22\" href=\"https:\/\/internacional.umh.es\/ca\/jornadas-de-bienvenida-2021-2022-septiembre\/\">Jornades de benvinguda 2021\/2022 (setembre)<\/a><\/li>\n<li><a title=\"Accedeix a totes les novetats els materials de l'edici\u00f3 dels Welcome Days de setembre en l'edici\u00f3 2020-21\" href=\"https:\/\/internacional.umh.es\/ca\/jornadas-de-bienvenida-2020-2021\/\">Jornades de benvinguda 2020\/2021 (setembre)<\/a><\/li>\n<\/ul>\n<hr>\n<p><\/p>\n<h5><strong>Servei de Relacions Internacionals, Cooperaci\u00f3 al Desenvolupament i Voluntariat<\/strong><\/h5>\n<p><strong>Ubicaci\u00f3<\/strong><br \/>\nUniversitat Miguel Hern\u00e1ndez<br \/>\nEdificio La G\u00e0l\u00b7lia, 1a planta<br \/>\nAvinguda de la Universitat, s\/n \u2013 03202 Elx<br \/>\nTel.: +34 966 658 710<br \/>\n<strong><a title=\"Ho veur\u00e0s en una nova finestra\" href=\"mailto:incoming@umh.es\" target=\"_blank\" rel=\"noopener\">incoming@umh.es<\/a><\/strong><br \/>\n<a title=\"Ho veur\u00e0s en una nova finestra\" href=\"https:\/\/universite.umh.es\/localizaciones\/default.htm?&amp;selT=estancias&amp;selI=E05P1058\" target=\"_blank\" rel=\"noopener\">Localitza el Servei d&#8217;RR.II. de la UMH en el mapa<\/a><\/p>\n<p><strong>Horari<\/strong><br \/>\nDe dilluns a divendres<br \/>\nDe 09.00 h. a 14.00 h.<\/p>","protected":false},"excerpt":{"rendered":"<p>JORNADES DE BENVINGUDA<\/p>\n<p>Benvinguts i benvingudes a la Universitat Miguel Hern\u00e0ndez!<br \/>\nVolem donar-te la benvinguda a la UMH i per a aix\u00f2, hem preparat unes jornades en l\u00ednia en les quals et donarem tots els consells perqu\u00e8 aprofites al m\u00e0xim la teua experi\u00e8ncia amb nosaltres.<br \/>\nDescobreix els nostres dies de benvinguda!<br \/>\nDurant els dies 14 i 15 de [&#8230;]<\/p>\n","protected":false},"author":3107,"featured_media":0,"parent":0,"menu_order":2,"comment_status":"closed","ping_status":"closed","template":"","meta":{"ngg_post_thumbnail":0,"_links_to":"","_links_to_target":""},"yoast_head":"<!-- This site is optimized with the Yoast SEO plugin v17.5 - https:\/\/yoast.com\/wordpress\/plugins\/seo\/ -->\n<meta name=\"description\" content=\"La Semana de Bienvenida, Welcome Days, de la UMH ofrece tips para aprovechar al m\u00e1ximo tu experiencia internacional como estudiante incoming\" \/>\n<meta name=\"robots\" content=\"index, follow, max-snippet:-1, max-image-preview:large, max-video-preview:-1\" \/>\n<link rel=\"canonical\" href=\"https:\/\/internacional.umh.es\/ca\/incoming-septiembre-2022-23\/\" \/>\n<meta property=\"og:locale\" content=\"ca_ES\" \/>\n<meta property=\"og:type\" content=\"article\" \/>\n<meta property=\"og:title\" content=\"INCOMING (Setembre 2022-23) - Internacionalitzaci\u00f3 i Cooperaci\u00f3\" \/>\n<meta property=\"og:description\" content=\"La Semana de Bienvenida, Welcome Days, de la UMH ofrece tips para aprovechar al m\u00e1ximo tu experiencia internacional como estudiante incoming\" \/>\n<meta property=\"og:url\" content=\"https:\/\/internacional.umh.es\/en\/incoming-septiembre-2022-23\/\" \/>\n<meta property=\"og:site_name\" content=\"Internacionalitzaci\u00f3 i Cooperaci\u00f3\" \/>\n<meta property=\"article:modified_time\" content=\"2024-03-20T16:14:18+00:00\" \/>\n<meta property=\"og:image\" content=\"https:\/\/internacional.umh.es\/files\/2023\/09\/Welcome-Days-Sept-2023-212x300.png\" \/>\n<meta name=\"twitter:card\" content=\"summary_large_image\" \/>\n<meta name=\"twitter:label1\" content=\"Est. reading time\" \/>\n\t<meta name=\"twitter:data1\" content=\"5 minuts\" \/>\n<script type=\"application\/ld+json\" class=\"yoast-schema-graph\">{\"@context\":\"https:\/\/schema.org\",\"@graph\":[{\"@type\":\"WebSite\",\"@id\":\"https:\/\/internacional.umh.es\/en\/#website\",\"url\":\"https:\/\/internacional.umh.es\/en\/\",\"name\":\"Internacionalitzaci\\u00f3 i Cooperaci\\u00f3\",\"description\":\"Universitat Miguel Hern\\u00e1ndez d&#039;Elx\",\"potentialAction\":[{\"@type\":\"SearchAction\",\"target\":{\"@type\":\"EntryPoint\",\"urlTemplate\":\"https:\/\/internacional.umh.es\/en\/?s={search_term_string}\"},\"query-input\":\"required name=search_term_string\"}],\"inLanguage\":\"ca\"},{\"@type\":\"ImageObject\",\"@id\":\"https:\/\/internacional.umh.es\/en\/incoming-septiembre-2022-23\/#primaryimage\",\"inLanguage\":\"ca\",\"url\":\"https:\/\/internacional.umh.es\/files\/2023\/09\/Welcome-Days-Sept-2023.png\",\"contentUrl\":\"https:\/\/internacional.umh.es\/files\/2023\/09\/Welcome-Days-Sept-2023.png\",\"width\":1414,\"height\":2000,\"caption\":\"Welcome Days Sept 2023 cartel\"},{\"@type\":\"WebPage\",\"@id\":\"https:\/\/internacional.umh.es\/en\/incoming-septiembre-2022-23\/#webpage\",\"url\":\"https:\/\/internacional.umh.es\/en\/incoming-septiembre-2022-23\/\",\"name\":\"INCOMING (Setembre 2022-23) - Internacionalitzaci\\u00f3 i Cooperaci\\u00f3\",\"isPartOf\":{\"@id\":\"https:\/\/internacional.umh.es\/en\/#website\"},\"primaryImageOfPage\":{\"@id\":\"https:\/\/internacional.umh.es\/en\/incoming-septiembre-2022-23\/#primaryimage\"},\"datePublished\":\"2023-12-18T08:28:23+00:00\",\"dateModified\":\"2024-03-20T16:14:18+00:00\",\"description\":\"La Semana de Bienvenida, Welcome Days, de la UMH ofrece tips para aprovechar al m\\u00e1ximo tu experiencia internacional como estudiante incoming\",\"breadcrumb\":{\"@id\":\"https:\/\/internacional.umh.es\/en\/incoming-septiembre-2022-23\/#breadcrumb\"},\"inLanguage\":\"ca\",\"potentialAction\":[{\"@type\":\"ReadAction\",\"target\":[\"https:\/\/internacional.umh.es\/en\/incoming-septiembre-2022-23\/\"]}]},{\"@type\":\"BreadcrumbList\",\"@id\":\"https:\/\/internacional.umh.es\/en\/incoming-septiembre-2022-23\/#breadcrumb\",\"itemListElement\":[{\"@type\":\"ListItem\",\"position\":1,\"name\":\"Home\",\"item\":\"https:\/\/internacional.umh.es\/en\/\"},{\"@type\":\"ListItem\",\"position\":2,\"name\":\"INCOMING (September 2022-23)\"}]}]}<\/script>\n<!-- \/ Yoast SEO plugin. -->","yoast_head_json":{"description":"La Semana de Bienvenida, Welcome Days, de la UMH ofrece tips para aprovechar al m\u00e1ximo tu experiencia internacional como estudiante incoming","robots":{"index":"index","follow":"follow","max-snippet":"max-snippet:-1","max-image-preview":"max-image-preview:large","max-video-preview":"max-video-preview:-1"},"canonical":"https:\/\/internacional.umh.es\/ca\/incoming-septiembre-2022-23\/","og_locale":"ca_ES","og_type":"article","og_title":"INCOMING (Setembre 2022-23) - Internacionalitzaci\u00f3 i Cooperaci\u00f3","og_description":"La Semana de Bienvenida, Welcome Days, de la UMH ofrece tips para aprovechar al m\u00e1ximo tu experiencia internacional como estudiante incoming","og_url":"https:\/\/internacional.umh.es\/en\/incoming-septiembre-2022-23\/","og_site_name":"Internacionalitzaci\u00f3 i Cooperaci\u00f3","article_modified_time":"2024-03-20T16:14:18+00:00","og_image":[{"url":"https:\/\/internacional.umh.es\/files\/2023\/09\/Welcome-Days-Sept-2023-212x300.png"}],"twitter_card":"summary_large_image","twitter_misc":{"Est. reading time":"5 minuts"},"schema":{"@context":"https:\/\/schema.org","@graph":[{"@type":"WebSite","@id":"https:\/\/internacional.umh.es\/en\/#website","url":"https:\/\/internacional.umh.es\/en\/","name":"Internacionalitzaci\u00f3 i Cooperaci\u00f3","description":"Universitat Miguel Hern\u00e1ndez d&#039;Elx","potentialAction":[{"@type":"SearchAction","target":{"@type":"EntryPoint","urlTemplate":"https:\/\/internacional.umh.es\/en\/?s={search_term_string}"},"query-input":"required name=search_term_string"}],"inLanguage":"ca"},{"@type":"ImageObject","@id":"https:\/\/internacional.umh.es\/en\/incoming-septiembre-2022-23\/#primaryimage","inLanguage":"ca","url":"https:\/\/internacional.umh.es\/files\/2023\/09\/Welcome-Days-Sept-2023.png","contentUrl":"https:\/\/internacional.umh.es\/files\/2023\/09\/Welcome-Days-Sept-2023.png","width":1414,"height":2000,"caption":"Welcome Days Sept 2023 cartel"},{"@type":"WebPage","@id":"https:\/\/internacional.umh.es\/en\/incoming-septiembre-2022-23\/#webpage","url":"https:\/\/internacional.umh.es\/en\/incoming-septiembre-2022-23\/","name":"INCOMING (Setembre 2022-23) - Internacionalitzaci\u00f3 i Cooperaci\u00f3","isPartOf":{"@id":"https:\/\/internacional.umh.es\/en\/#website"},"primaryImageOfPage":{"@id":"https:\/\/internacional.umh.es\/en\/incoming-septiembre-2022-23\/#primaryimage"},"datePublished":"2023-12-18T08:28:23+00:00","dateModified":"2024-03-20T16:14:18+00:00","description":"La Semana de Bienvenida, Welcome Days, de la UMH ofrece tips para aprovechar al m\u00e1ximo tu experiencia internacional como estudiante incoming","breadcrumb":{"@id":"https:\/\/internacional.umh.es\/en\/incoming-septiembre-2022-23\/#breadcrumb"},"inLanguage":"ca","potentialAction":[{"@type":"ReadAction","target":["https:\/\/internacional.umh.es\/en\/incoming-septiembre-2022-23\/"]}]},{"@type":"BreadcrumbList","@id":"https:\/\/internacional.umh.es\/en\/incoming-septiembre-2022-23\/#breadcrumb","itemListElement":[{"@type":"ListItem","position":1,"name":"Home","item":"https:\/\/internacional.umh.es\/en\/"},{"@type":"ListItem","position":2,"name":"INCOMING (September 2022-23)"}]}]}},"_links":{"self":[{"href":"https:\/\/internacional.umh.es\/ca\/wp-json\/wp\/v2\/pages\/32612"}],"collection":[{"href":"https:\/\/internacional.umh.es\/ca\/wp-json\/wp\/v2\/pages"}],"about":[{"href":"https:\/\/internacional.umh.es\/ca\/wp-json\/wp\/v2\/types\/page"}],"author":[{"embeddable":true,"href":"https:\/\/internacional.umh.es\/ca\/wp-json\/wp\/v2\/users\/3107"}],"replies":[{"embeddable":true,"href":"https:\/\/internacional.umh.es\/ca\/wp-json\/wp\/v2\/comments?post=32612"}],"version-history":[{"count":0,"href":"https:\/\/internacional.umh.es\/ca\/wp-json\/wp\/v2\/pages\/32612\/revisions"}],"wp:attachment":[{"href":"https:\/\/internacional.umh.es\/ca\/wp-json\/wp\/v2\/media?parent=32612"}],"curies":[{"name":"wp","href":"https:\/\/api.w.org\/{rel}","templated":true}]}}