{"id":33764,"date":"2024-03-05T10:42:56","date_gmt":"2024-03-05T09:42:56","guid":{"rendered":"https:\/\/internacional.umh.es\/?page_id=33764"},"modified":"2024-03-18T14:50:43","modified_gmt":"2024-03-18T13:50:43","slug":"prodic-umh-2022","status":"publish","type":"page","link":"https:\/\/internacional.umh.es\/ca\/prodic-umh-2022\/","title":{"rendered":"PRODIC-UMH 2022"},"content":{"rendered":"<p><\/p>\n<p style=\"text-align: justify\"><strong><span style=\"color: #ff0000\">NOU (23\/06\/2022): <\/span><\/strong>El Vicerectorat d&#8217;Internacionalitzaci\u00f3 i Cooperaci\u00f3 publica el llistat definitiu d&#8217;ajudes concedides de la convocat\u00f2ria del Programa de projectes docents d&#8217;internacionalitzaci\u00f3 a casa (PRODIC-UMH) 2022.<\/p>\n<ul>\n<li><a href=\"https:\/\/internacional.umh.es\/files\/2022\/06\/Publicado-BOUMH.-RR_01688_2022.pdf\" target=\"_blank\" rel=\"noopener\" title=\"Ho veur\u00e0s en una nova finestra\">Concessi\u00f3 definitiva d&#8217;ajudes concedides (347Kb .pdf)<\/a><\/li>\n<\/ul>\n<p style=\"text-align: justify\"><strong>(07\/06\/2022):<\/strong> El Vicerectorat d&#8217;Internacionalitzaci\u00f3 i Cooperaci\u00f3 publica el llistat provisional d&#8217;ajudes concedides de la convocat\u00f2ria del Programa de projectes docents d&#8217;internacionalitzaci\u00f3 a casa (PRODIC-UMH) 2022.<\/p>\n<p>Pots consultar el llistat a continuaci\u00f3:<\/p>\n<ul>\n<li><strong><a href=\"https:\/\/internacional.umh.es\/files\/2022\/06\/Publicado-BOUMH.adjudicacio-provisional-PRODIC2022.pdf\" target=\"_blank\" rel=\"noopener\" title=\"Ho veur\u00e0s en una nova finestra\">Llistat provisional d&#8217;ajudes adjudicades (324Kb .pdf)<\/a><\/strong><\/li>\n<\/ul>\n<p style=\"text-align: justify\"><strong>(27\/05\/2022):<\/strong> El Vicerectorat d&#8217;Internacionalitzaci\u00f3 i Cooperaci\u00f3 publica el llistat definitiu de sol\u00b7licituds admeses i excloses de la primera convocat\u00f2ria del Programa <strong> de projectes docents d&#8217;internacionalitzaci\u00f3 a casa (PRODIC-UMH) 2022.<\/strong><\/p>\n<p>Pots consultar el llistat a continuaci\u00f3:<\/p>\n<ul>\n<li><strong><a href=\"https:\/\/internacional.umh.es\/files\/2022\/05\/Publicacion-BOUMH.-Listado-definitivo-solici-admitidas-y-excluidas.pdf\" target=\"_blank\" rel=\"noopener\">Llistat definitiu de sol\u00b7licituds admeses i excloses (243Kb.pdf)<\/a><\/strong><\/li>\n<\/ul>\n<p style=\"text-align: justify\"><strong>(21\/03\/2022):<\/strong> El Vicerectorat d&#8217;Internacionalitzaci\u00f3 i Cooperaci\u00f3 publica el llistat provisional de sol\u00b7licituds admeses i excloses de la convocat\u00f2ria del Programa <strong> de projectes docents d&#8217;internacionalitzaci\u00f3 a casa (PRODIC-UMH) 2022.<\/strong><\/p>\n<p>Pots consultar el llistat a continuaci\u00f3:<\/p>\n<ul>\n<li><a title=\"Ho veur\u00e0s en una nova finestra\" href=\"https:\/\/internacional.umh.es\/internacionalizacion\/prodic-umh\/es_u05500001_2022_doch-0000000000000000000012839\/\" target=\"_blank\" rel=\"noopener\"><strong>Llistat de sol\u00b7licituds provisionalment admeses i excloses (320Kb .pdf)<\/strong><\/a><\/li>\n<\/ul>\n<p style=\"font-weight: 400\">Les persones interessades a presentar al\u00b7legacions poden fer-ho fins a l&#8217;1 <strong> d&#8217;abril de 2022 <\/strong>a trav\u00e9s de la seu electr\u00f2nica de la UMH.<\/p>\n<p style=\"text-align: justify\"><strong>(18\/02\/2022):<\/strong> El Vicerectorat d&#8217;Internacionalitzaci\u00f3 i Cooperaci\u00f3 de la Universitat Miguel Hern\u00e1ndez (UMH) d&#8217;Elx ha publicat la convocat\u00f2ria del Programa <strong> de projectes docents d&#8217;internacionalitzaci\u00f3 a casa (PRODIC-UMH)<\/strong> per al curs acad\u00e8mic 2022\/2023.<\/p>\n<p>Aquest programa es finan\u00e7ar\u00e0 amb fons propis de la UMH, per una quantia m\u00e0xima total de 30.000\u20ac, a ra\u00f3 de 1.000\u20ac m\u00e0xim per projecte docent seleccionat.<\/p>\n<ul>\n<li><a title=\"Ho veur\u00e0s en una nova finestra\" href=\"https:\/\/internacional.umh.es\/files\/2022\/02\/Publicacion-BOUMH-resolucion-00511_2022.pdf\" target=\"_blank\" rel=\"noopener\">Pots consultar les bases de la convocat\u00f2ria en el seg\u00fcent enlla\u00e7 (619Kb .pdf)<\/a><\/li>\n<\/ul>\n<p>El termini de presentaci\u00f3 de sol\u00b7licituds <strong>ser\u00e0 fins al dia 9 de mar\u00e7 (inclusivament).<\/strong><\/p>\n<p>Documentaci\u00f3 a aportar:<\/p>\n<ul>\n<li><a title=\"Ho veur\u00e0s en una nova finestra\" href=\"https:\/\/internacional.umh.es\/files\/2022\/02\/Anexo-II-Modelo-de-solicitud.-PRODIC-2022.docx\" target=\"_blank\" rel=\"noopener\">Annex II: sol\u00b7licitud (251Kb .docx)<\/a><\/li>\n<li><a title=\"Ho veur\u00e0s en una nova finestra\" href=\"https:\/\/internacional.umh.es\/files\/2022\/02\/Anexo-III-Memoria-de-solicitud.-PRODIC-2022-definitivo.docx\" target=\"_blank\" rel=\"noopener\">Annex III: Mem\u00f2ria del Projecte (250Kb .docx)<\/a><\/li>\n<\/ul>\n<p style=\"text-align: justify\">La sol\u00b7licitud (annex II) s&#8217;haur\u00e0 de presentar <strong><u>a trav\u00e9s de la seu electr\u00f2nica de la UMH<\/u><\/strong> dirigida al Servei de Relacions Internacionals i la mem\u00f2ria del projecte (annex III) a trav\u00e9s del formulari habilitat en la seg\u00fcent adre\u00e7a: <a title=\"Ho veur\u00e0s en una nova finestra\" href=\"https:\/\/forms.gle\/WKELiECcs8LbDrxQA\" target=\"_blank\" rel=\"noopener\" data-saferedirecturl=\"https:\/\/www.google.com\/url?q=https:\/\/forms.gle\/WKELiECcs8LbDrxQA&amp;source=gmail&amp;ust=1645258193917000&amp;usg=AOvVaw0junzTI-yL0daJ463u9WqO\">forms.gle\/WKELiECcs8LbDrxQA<\/a><\/p>\n<p>Documentaci\u00f3 per a la justificaci\u00f3 de les ajudes concedides, finalitzat el termini d&#8217;execuci\u00f3:<\/p>\n<ul>\n<li><a title=\"Ho veur\u00e0s en una nova finestra\" href=\"https:\/\/internacional.umh.es\/files\/2022\/02\/Anexo-IV-Justificacion-economica.-PRODIC-2022.docx\" target=\"_blank\" rel=\"noopener\">Annex IV: Justificaci\u00f3 Econ\u00f2mica (243Kb .docx)<\/a> a trav\u00e9s del seg\u00fcent formulari: <a title=\"Ho veur\u00e0s en una nova finestra\" href=\"https:\/\/forms.gle\/BxR5RCoexhQcA8Mj7\" target=\"_blank\" rel=\"noopener\" data-saferedirecturl=\"https:\/\/www.google.com\/url?q=https:\/\/forms.gle\/BxR5RCoexhQcA8Mj7&amp;source=gmail&amp;ust=1645258193917000&amp;usg=AOvVaw1BTa2QlOBLAlzunyHvSqqd\">forms.gle\/BxR5RCoexhQcA8Mj7<\/a><\/li>\n<li><a href=\"https:\/\/internacional.umh.es\/files\/2022\/02\/Anexo-V-Memoria-final.-PRODIC-2022.docx\" target=\"_blank\" rel=\"noopener\">Annex V: Mem\u00f2ria final (247Kb .docx)<\/a>; a trav\u00e9s del seg\u00fcent formulari: <a title=\"Ho veur\u00e0s en una nova finestra\" href=\"https:\/\/forms.gle\/Y3pK11cYJpVhaVYw5\" target=\"_blank\" rel=\"noopener\" data-saferedirecturl=\"https:\/\/www.google.com\/url?q=https:\/\/forms.gle\/Y3pK11cYJpVhaVYw5&amp;source=gmail&amp;ust=1645258193917000&amp;usg=AOvVaw3cl-lADTfDjc2oHeCArlqL\">forms.gle\/Y3pK11cYJpVhaVYw5<\/a><\/li>\n<\/ul>\n<p>&nbsp;<\/p>","protected":false},"excerpt":{"rendered":"<p>NOU (23\/06\/2022): El Vicerectorat d&#8217;Internacionalitzaci\u00f3 i Cooperaci\u00f3 publica el llistat definitiu d&#8217;ajudes concedides de la convocat\u00f2ria del Programa de projectes docents d&#8217;internacionalitzaci\u00f3 a casa (PRODIC-UMH) 2022.<\/p>\n<p>Concessi\u00f3 definitiva d&#8217;ajudes concedides (347Kb .pdf)<\/p>\n<p>(07\/06\/2022): El Vicerectorat d&#8217;Internacionalitzaci\u00f3 i Cooperaci\u00f3 publica el llistat provisional d&#8217;ajudes concedides de la convocat\u00f2ria del Programa de projectes docents d&#8217;internacionalitzaci\u00f3 a casa (PRODIC-UMH) 2022.<br \/>\nPots [&#8230;]<\/p>\n","protected":false},"author":6508,"featured_media":0,"parent":0,"menu_order":0,"comment_status":"closed","ping_status":"closed","template":"","meta":{"ngg_post_thumbnail":0,"_links_to":"","_links_to_target":""},"yoast_head":"<!-- This site is optimized with the Yoast SEO plugin v17.5 - https:\/\/yoast.com\/wordpress\/plugins\/seo\/ -->\n<meta name=\"robots\" content=\"index, follow, max-snippet:-1, max-image-preview:large, max-video-preview:-1\" \/>\n<link rel=\"canonical\" href=\"https:\/\/internacional.umh.es\/ca\/prodic-umh-2022\/\" \/>\n<meta property=\"og:locale\" content=\"ca_ES\" \/>\n<meta property=\"og:type\" content=\"article\" \/>\n<meta property=\"og:title\" content=\"PRODIC-UMH 2022 - Internacionalitzaci\u00f3 i Cooperaci\u00f3\" \/>\n<meta property=\"og:description\" content=\"NOU (23\/06\/2022): El Vicerectorat d&#8217;Internacionalitzaci\u00f3 i Cooperaci\u00f3 publica el llistat definitiu d&#8217;ajudes concedides de la convocat\u00f2ria del Programa de projectes docents d&#8217;internacionalitzaci\u00f3 a casa (PRODIC-UMH) 2022. Concessi\u00f3 definitiva d&#8217;ajudes concedides (347Kb .pdf) (07\/06\/2022): El Vicerectorat d&#8217;Internacionalitzaci\u00f3 i Cooperaci\u00f3 publica el llistat provisional d&#8217;ajudes concedides de la convocat\u00f2ria del Programa de projectes docents d&#8217;internacionalitzaci\u00f3 a casa (PRODIC-UMH) 2022. Pots [...]\" \/>\n<meta property=\"og:url\" content=\"https:\/\/internacional.umh.es\/prodic-umh-2022\/\" \/>\n<meta property=\"og:site_name\" content=\"Internacionalitzaci\u00f3 i Cooperaci\u00f3\" \/>\n<meta property=\"article:modified_time\" content=\"2024-03-18T13:50:43+00:00\" \/>\n<meta name=\"twitter:card\" content=\"summary_large_image\" \/>\n<meta name=\"twitter:label1\" content=\"Est. reading time\" \/>\n\t<meta name=\"twitter:data1\" content=\"6 minuts\" \/>\n<script type=\"application\/ld+json\" class=\"yoast-schema-graph\">{\"@context\":\"https:\/\/schema.org\",\"@graph\":[{\"@type\":\"WebSite\",\"@id\":\"https:\/\/internacional.umh.es\/en\/#website\",\"url\":\"https:\/\/internacional.umh.es\/en\/\",\"name\":\"Internacionalitzaci\\u00f3 i Cooperaci\\u00f3\",\"description\":\"Universitat Miguel Hern\\u00e1ndez d&#039;Elx\",\"potentialAction\":[{\"@type\":\"SearchAction\",\"target\":{\"@type\":\"EntryPoint\",\"urlTemplate\":\"https:\/\/internacional.umh.es\/en\/?s={search_term_string}\"},\"query-input\":\"required name=search_term_string\"}],\"inLanguage\":\"ca\"},{\"@type\":\"WebPage\",\"@id\":\"https:\/\/internacional.umh.es\/prodic-umh-2022\/#webpage\",\"url\":\"https:\/\/internacional.umh.es\/prodic-umh-2022\/\",\"name\":\"PRODIC-UMH 2022 - Internacionalitzaci\\u00f3 i Cooperaci\\u00f3\",\"isPartOf\":{\"@id\":\"https:\/\/internacional.umh.es\/en\/#website\"},\"datePublished\":\"2024-03-05T09:42:56+00:00\",\"dateModified\":\"2024-03-18T13:50:43+00:00\",\"breadcrumb\":{\"@id\":\"https:\/\/internacional.umh.es\/prodic-umh-2022\/#breadcrumb\"},\"inLanguage\":\"ca\",\"potentialAction\":[{\"@type\":\"ReadAction\",\"target\":[\"https:\/\/internacional.umh.es\/prodic-umh-2022\/\"]}]},{\"@type\":\"BreadcrumbList\",\"@id\":\"https:\/\/internacional.umh.es\/prodic-umh-2022\/#breadcrumb\",\"itemListElement\":[{\"@type\":\"ListItem\",\"position\":1,\"name\":\"Home\",\"item\":\"https:\/\/internacional.umh.es\/en\/\"},{\"@type\":\"ListItem\",\"position\":2,\"name\":\"PRODIC-UMH 2022\"}]}]}<\/script>\n<!-- \/ Yoast SEO plugin. -->","yoast_head_json":{"robots":{"index":"index","follow":"follow","max-snippet":"max-snippet:-1","max-image-preview":"max-image-preview:large","max-video-preview":"max-video-preview:-1"},"canonical":"https:\/\/internacional.umh.es\/ca\/prodic-umh-2022\/","og_locale":"ca_ES","og_type":"article","og_title":"PRODIC-UMH 2022 - Internacionalitzaci\u00f3 i Cooperaci\u00f3","og_description":"NOU (23\/06\/2022): El Vicerectorat d&#8217;Internacionalitzaci\u00f3 i Cooperaci\u00f3 publica el llistat definitiu d&#8217;ajudes concedides de la convocat\u00f2ria del Programa de projectes docents d&#8217;internacionalitzaci\u00f3 a casa (PRODIC-UMH) 2022. Concessi\u00f3 definitiva d&#8217;ajudes concedides (347Kb .pdf) (07\/06\/2022): El Vicerectorat d&#8217;Internacionalitzaci\u00f3 i Cooperaci\u00f3 publica el llistat provisional d&#8217;ajudes concedides de la convocat\u00f2ria del Programa de projectes docents d&#8217;internacionalitzaci\u00f3 a casa (PRODIC-UMH) 2022. Pots [...]","og_url":"https:\/\/internacional.umh.es\/prodic-umh-2022\/","og_site_name":"Internacionalitzaci\u00f3 i Cooperaci\u00f3","article_modified_time":"2024-03-18T13:50:43+00:00","twitter_card":"summary_large_image","twitter_misc":{"Est. reading time":"6 minuts"},"schema":{"@context":"https:\/\/schema.org","@graph":[{"@type":"WebSite","@id":"https:\/\/internacional.umh.es\/en\/#website","url":"https:\/\/internacional.umh.es\/en\/","name":"Internacionalitzaci\u00f3 i Cooperaci\u00f3","description":"Universitat Miguel Hern\u00e1ndez d&#039;Elx","potentialAction":[{"@type":"SearchAction","target":{"@type":"EntryPoint","urlTemplate":"https:\/\/internacional.umh.es\/en\/?s={search_term_string}"},"query-input":"required name=search_term_string"}],"inLanguage":"ca"},{"@type":"WebPage","@id":"https:\/\/internacional.umh.es\/prodic-umh-2022\/#webpage","url":"https:\/\/internacional.umh.es\/prodic-umh-2022\/","name":"PRODIC-UMH 2022 - Internacionalitzaci\u00f3 i Cooperaci\u00f3","isPartOf":{"@id":"https:\/\/internacional.umh.es\/en\/#website"},"datePublished":"2024-03-05T09:42:56+00:00","dateModified":"2024-03-18T13:50:43+00:00","breadcrumb":{"@id":"https:\/\/internacional.umh.es\/prodic-umh-2022\/#breadcrumb"},"inLanguage":"ca","potentialAction":[{"@type":"ReadAction","target":["https:\/\/internacional.umh.es\/prodic-umh-2022\/"]}]},{"@type":"BreadcrumbList","@id":"https:\/\/internacional.umh.es\/prodic-umh-2022\/#breadcrumb","itemListElement":[{"@type":"ListItem","position":1,"name":"Home","item":"https:\/\/internacional.umh.es\/en\/"},{"@type":"ListItem","position":2,"name":"PRODIC-UMH 2022"}]}]}},"_links":{"self":[{"href":"https:\/\/internacional.umh.es\/ca\/wp-json\/wp\/v2\/pages\/33764"}],"collection":[{"href":"https:\/\/internacional.umh.es\/ca\/wp-json\/wp\/v2\/pages"}],"about":[{"href":"https:\/\/internacional.umh.es\/ca\/wp-json\/wp\/v2\/types\/page"}],"author":[{"embeddable":true,"href":"https:\/\/internacional.umh.es\/ca\/wp-json\/wp\/v2\/users\/6508"}],"replies":[{"embeddable":true,"href":"https:\/\/internacional.umh.es\/ca\/wp-json\/wp\/v2\/comments?post=33764"}],"version-history":[{"count":0,"href":"https:\/\/internacional.umh.es\/ca\/wp-json\/wp\/v2\/pages\/33764\/revisions"}],"wp:attachment":[{"href":"https:\/\/internacional.umh.es\/ca\/wp-json\/wp\/v2\/media?parent=33764"}],"curies":[{"name":"wp","href":"https:\/\/api.w.org\/{rel}","templated":true}]}}