{"id":3405,"date":"2016-05-26T12:39:24","date_gmt":"2016-05-26T10:39:24","guid":{"rendered":"http:\/\/internacional.umh.es\/?page_id=3405"},"modified":"2023-11-10T14:45:56","modified_gmt":"2023-11-10T13:45:56","slug":"becas-umh-para-estudiantes-de-dobles-titulaciones","status":"publish","type":"page","link":"https:\/\/internacional.umh.es\/ca\/movilidad\/estudiantes\/becas-umh-para-estudiantes-de-dobles-titulaciones\/","title":{"rendered":"Beques UMH: dobles titulacions"},"content":{"rendered":"<p><\/p>\n<h4>&nbsp;<\/h4>\n<p>&nbsp;<img loading=\"lazy\" class=\"alignleft wp-image-19942 size-medium\" title=\"Clica per a m\u00e9s informaci\u00f3 sobre Dobles M\u00e0sters en una nova finestra\" src=\"https:\/\/internacional.umh.es\/files\/2021\/05\/12-e1699620170570-300x164.png\" alt=\"Dobles M\u00e0sters UMH bot\u00f3\" width=\"300\" height=\"164\" srcset=\"https:\/\/internacional.umh.es\/files\/2021\/05\/12-e1699620170570-300x164.png 300w, https:\/\/internacional.umh.es\/files\/2021\/05\/12-e1699620170570.png 410w\" sizes=\"(max-width: 300px) 100vw, 300px\" \/><a href=\"https:\/\/internacional.umh.es\/ca\/movilidad\/estudiantes\/becas-umh-para-estudiantes-de-dobles-titulaciones\/dobles-doctorados-cotutela-internacional\/\"><img loading=\"lazy\" class=\"alignleft wp-image-19945 size-medium\" title=\"Clica per a m\u00e9s informaci\u00f3 sobre Dobles Doctorats en una nova finestra\" src=\"https:\/\/internacional.umh.es\/files\/2021\/05\/14-e1699620212632-300x163.png\" alt=\"Dobles Doctorats cotutela internacional\" width=\"300\" height=\"163\" srcset=\"https:\/\/internacional.umh.es\/files\/2021\/05\/14-e1699620212632-300x163.png 300w, https:\/\/internacional.umh.es\/files\/2021\/05\/14-e1699620212632.png 410w\" sizes=\"(max-width: 300px) 100vw, 300px\" \/><\/a><\/p>","protected":false},"excerpt":{"rendered":"<p>&nbsp;<br \/>\n&nbsp;<\/p>\n","protected":false},"author":3296,"featured_media":0,"parent":169,"menu_order":4,"comment_status":"closed","ping_status":"closed","template":"","meta":{"ngg_post_thumbnail":0,"_links_to":"","_links_to_target":""},"yoast_head":"<!-- This site is optimized with the Yoast SEO plugin v17.5 - https:\/\/yoast.com\/wordpress\/plugins\/seo\/ -->\n<meta name=\"description\" content=\"Las dobles titulaciones en la Universidad Miguel Hern\u00e1ndez se corresponden con Dobles m\u00e1steres y Dobles Doctorados cotutela internacional.\" \/>\n<meta name=\"robots\" content=\"index, follow, max-snippet:-1, max-image-preview:large, max-video-preview:-1\" \/>\n<link rel=\"canonical\" href=\"https:\/\/internacional.umh.es\/ca\/movilidad\/estudiantes\/becas-umh-para-estudiantes-de-dobles-titulaciones\/\" \/>\n<meta property=\"og:locale\" content=\"ca_ES\" \/>\n<meta property=\"og:type\" content=\"article\" \/>\n<meta property=\"og:title\" content=\"Beques UMH: dobles titulacions - Internacionalitzaci\u00f3 i Cooperaci\u00f3\" \/>\n<meta property=\"og:description\" content=\"Las dobles titulaciones en la Universidad Miguel Hern\u00e1ndez se corresponden con Dobles m\u00e1steres y Dobles Doctorados cotutela internacional.\" \/>\n<meta property=\"og:url\" content=\"https:\/\/internacional.umh.es\/movilidad\/estudiantes\/becas-umh-para-estudiantes-de-dobles-titulaciones\/\" \/>\n<meta property=\"og:site_name\" content=\"Internacionalitzaci\u00f3 i Cooperaci\u00f3\" \/>\n<meta property=\"article:modified_time\" content=\"2023-11-10T13:45:56+00:00\" \/>\n<meta property=\"og:image\" content=\"https:\/\/internacional.umh.es\/files\/2021\/05\/8-300x173.png\" \/>\n<meta name=\"twitter:card\" content=\"summary_large_image\" \/>\n<meta name=\"twitter:label1\" content=\"Est. reading time\" \/>\n\t<meta name=\"twitter:data1\" content=\"1 minut\" \/>\n<script type=\"application\/ld+json\" class=\"yoast-schema-graph\">{\"@context\":\"https:\/\/schema.org\",\"@graph\":[{\"@type\":\"WebSite\",\"@id\":\"https:\/\/internacional.umh.es\/en\/#website\",\"url\":\"https:\/\/internacional.umh.es\/en\/\",\"name\":\"Internacionalitzaci\\u00f3 i Cooperaci\\u00f3\",\"description\":\"Universitat Miguel Hern\\u00e1ndez d&#039;Elx\",\"potentialAction\":[{\"@type\":\"SearchAction\",\"target\":{\"@type\":\"EntryPoint\",\"urlTemplate\":\"https:\/\/internacional.umh.es\/en\/?s={search_term_string}\"},\"query-input\":\"required name=search_term_string\"}],\"inLanguage\":\"ca\"},{\"@type\":\"ImageObject\",\"@id\":\"https:\/\/internacional.umh.es\/movilidad\/estudiantes\/becas-umh-para-estudiantes-de-dobles-titulaciones\/#primaryimage\",\"inLanguage\":\"ca\",\"url\":\"https:\/\/internacional.umh.es\/files\/2021\/05\/8.png\",\"contentUrl\":\"https:\/\/internacional.umh.es\/files\/2021\/05\/8.png\",\"width\":410,\"height\":236,\"caption\":\"Dobles M\\u00e1steres bot\\u00f3n\"},{\"@type\":\"WebPage\",\"@id\":\"https:\/\/internacional.umh.es\/movilidad\/estudiantes\/becas-umh-para-estudiantes-de-dobles-titulaciones\/#webpage\",\"url\":\"https:\/\/internacional.umh.es\/movilidad\/estudiantes\/becas-umh-para-estudiantes-de-dobles-titulaciones\/\",\"name\":\"Beques UMH: dobles titulacions - Internacionalitzaci\\u00f3 i Cooperaci\\u00f3\",\"isPartOf\":{\"@id\":\"https:\/\/internacional.umh.es\/en\/#website\"},\"primaryImageOfPage\":{\"@id\":\"https:\/\/internacional.umh.es\/movilidad\/estudiantes\/becas-umh-para-estudiantes-de-dobles-titulaciones\/#primaryimage\"},\"datePublished\":\"2016-05-26T10:39:24+00:00\",\"dateModified\":\"2023-11-10T13:45:56+00:00\",\"description\":\"Las dobles titulaciones en la Universidad Miguel Hern\\u00e1ndez se corresponden con Dobles m\\u00e1steres y Dobles Doctorados cotutela internacional.\",\"breadcrumb\":{\"@id\":\"https:\/\/internacional.umh.es\/movilidad\/estudiantes\/becas-umh-para-estudiantes-de-dobles-titulaciones\/#breadcrumb\"},\"inLanguage\":\"ca\",\"potentialAction\":[{\"@type\":\"ReadAction\",\"target\":[\"https:\/\/internacional.umh.es\/movilidad\/estudiantes\/becas-umh-para-estudiantes-de-dobles-titulaciones\/\"]}]},{\"@type\":\"BreadcrumbList\",\"@id\":\"https:\/\/internacional.umh.es\/movilidad\/estudiantes\/becas-umh-para-estudiantes-de-dobles-titulaciones\/#breadcrumb\",\"itemListElement\":[{\"@type\":\"ListItem\",\"position\":1,\"name\":\"Home\",\"item\":\"https:\/\/internacional.umh.es\/en\/\"},{\"@type\":\"ListItem\",\"position\":2,\"name\":\"MOBILITY\",\"item\":\"https:\/\/internacional.umh.es\/en\/movilidad\/\"},{\"@type\":\"ListItem\",\"position\":3,\"name\":\"Estudiantes\",\"item\":\"https:\/\/internacional.umh.es\/movilidad\/estudiantes\/\"},{\"@type\":\"ListItem\",\"position\":4,\"name\":\"UMH Grants: Dual Degree Programs\"}]}]}<\/script>\n<!-- \/ Yoast SEO plugin. -->","yoast_head_json":{"description":"Las dobles titulaciones en la Universidad Miguel Hern\u00e1ndez se corresponden con Dobles m\u00e1steres y Dobles Doctorados cotutela internacional.","robots":{"index":"index","follow":"follow","max-snippet":"max-snippet:-1","max-image-preview":"max-image-preview:large","max-video-preview":"max-video-preview:-1"},"canonical":"https:\/\/internacional.umh.es\/ca\/movilidad\/estudiantes\/becas-umh-para-estudiantes-de-dobles-titulaciones\/","og_locale":"ca_ES","og_type":"article","og_title":"Beques UMH: dobles titulacions - Internacionalitzaci\u00f3 i Cooperaci\u00f3","og_description":"Las dobles titulaciones en la Universidad Miguel Hern\u00e1ndez se corresponden con Dobles m\u00e1steres y Dobles Doctorados cotutela internacional.","og_url":"https:\/\/internacional.umh.es\/movilidad\/estudiantes\/becas-umh-para-estudiantes-de-dobles-titulaciones\/","og_site_name":"Internacionalitzaci\u00f3 i Cooperaci\u00f3","article_modified_time":"2023-11-10T13:45:56+00:00","og_image":[{"url":"https:\/\/internacional.umh.es\/files\/2021\/05\/8-300x173.png"}],"twitter_card":"summary_large_image","twitter_misc":{"Est. reading time":"1 minut"},"schema":{"@context":"https:\/\/schema.org","@graph":[{"@type":"WebSite","@id":"https:\/\/internacional.umh.es\/en\/#website","url":"https:\/\/internacional.umh.es\/en\/","name":"Internacionalitzaci\u00f3 i Cooperaci\u00f3","description":"Universitat Miguel Hern\u00e1ndez d&#039;Elx","potentialAction":[{"@type":"SearchAction","target":{"@type":"EntryPoint","urlTemplate":"https:\/\/internacional.umh.es\/en\/?s={search_term_string}"},"query-input":"required name=search_term_string"}],"inLanguage":"ca"},{"@type":"ImageObject","@id":"https:\/\/internacional.umh.es\/movilidad\/estudiantes\/becas-umh-para-estudiantes-de-dobles-titulaciones\/#primaryimage","inLanguage":"ca","url":"https:\/\/internacional.umh.es\/files\/2021\/05\/8.png","contentUrl":"https:\/\/internacional.umh.es\/files\/2021\/05\/8.png","width":410,"height":236,"caption":"Dobles M\u00e1steres bot\u00f3n"},{"@type":"WebPage","@id":"https:\/\/internacional.umh.es\/movilidad\/estudiantes\/becas-umh-para-estudiantes-de-dobles-titulaciones\/#webpage","url":"https:\/\/internacional.umh.es\/movilidad\/estudiantes\/becas-umh-para-estudiantes-de-dobles-titulaciones\/","name":"Beques UMH: dobles titulacions - Internacionalitzaci\u00f3 i Cooperaci\u00f3","isPartOf":{"@id":"https:\/\/internacional.umh.es\/en\/#website"},"primaryImageOfPage":{"@id":"https:\/\/internacional.umh.es\/movilidad\/estudiantes\/becas-umh-para-estudiantes-de-dobles-titulaciones\/#primaryimage"},"datePublished":"2016-05-26T10:39:24+00:00","dateModified":"2023-11-10T13:45:56+00:00","description":"Las dobles titulaciones en la Universidad Miguel Hern\u00e1ndez se corresponden con Dobles m\u00e1steres y Dobles Doctorados cotutela internacional.","breadcrumb":{"@id":"https:\/\/internacional.umh.es\/movilidad\/estudiantes\/becas-umh-para-estudiantes-de-dobles-titulaciones\/#breadcrumb"},"inLanguage":"ca","potentialAction":[{"@type":"ReadAction","target":["https:\/\/internacional.umh.es\/movilidad\/estudiantes\/becas-umh-para-estudiantes-de-dobles-titulaciones\/"]}]},{"@type":"BreadcrumbList","@id":"https:\/\/internacional.umh.es\/movilidad\/estudiantes\/becas-umh-para-estudiantes-de-dobles-titulaciones\/#breadcrumb","itemListElement":[{"@type":"ListItem","position":1,"name":"Home","item":"https:\/\/internacional.umh.es\/en\/"},{"@type":"ListItem","position":2,"name":"MOBILITY","item":"https:\/\/internacional.umh.es\/en\/movilidad\/"},{"@type":"ListItem","position":3,"name":"Estudiantes","item":"https:\/\/internacional.umh.es\/movilidad\/estudiantes\/"},{"@type":"ListItem","position":4,"name":"UMH Grants: Dual Degree Programs"}]}]}},"_links":{"self":[{"href":"https:\/\/internacional.umh.es\/ca\/wp-json\/wp\/v2\/pages\/3405"}],"collection":[{"href":"https:\/\/internacional.umh.es\/ca\/wp-json\/wp\/v2\/pages"}],"about":[{"href":"https:\/\/internacional.umh.es\/ca\/wp-json\/wp\/v2\/types\/page"}],"author":[{"embeddable":true,"href":"https:\/\/internacional.umh.es\/ca\/wp-json\/wp\/v2\/users\/3296"}],"replies":[{"embeddable":true,"href":"https:\/\/internacional.umh.es\/ca\/wp-json\/wp\/v2\/comments?post=3405"}],"version-history":[{"count":0,"href":"https:\/\/internacional.umh.es\/ca\/wp-json\/wp\/v2\/pages\/3405\/revisions"}],"up":[{"embeddable":true,"href":"https:\/\/internacional.umh.es\/ca\/wp-json\/wp\/v2\/pages\/169"}],"wp:attachment":[{"href":"https:\/\/internacional.umh.es\/ca\/wp-json\/wp\/v2\/media?parent=3405"}],"curies":[{"name":"wp","href":"https:\/\/api.w.org\/{rel}","templated":true}]}}