{"id":34570,"date":"2024-05-03T11:03:01","date_gmt":"2024-05-03T09:03:01","guid":{"rendered":"https:\/\/internacional.umh.es\/?page_id=34570"},"modified":"2025-01-15T11:39:48","modified_gmt":"2025-01-15T10:39:48","slug":"becas-tordesillas","status":"publish","type":"page","link":"https:\/\/internacional.umh.es\/ca\/internacionalizacion\/becas-tordesillas\/","title":{"rendered":"Beques Tordesillas"},"content":{"rendered":"<p><img loading=\"lazy\" class=\"size-medium wp-image-17876 aligncenter\" src=\"https:\/\/internacional.umh.es\/files\/2021\/01\/tordesillas-300x141-300x141.jpg\" alt=\"Grup Tordesillas logo\" title=\"Coneix al detall tota la informaci\u00f3 de la convocat\u00f2ria del Grup Tordesillas\" width=\"300\" height=\"141\"><\/p>\n<h3><strong>Convocat\u00f2ria 2024<\/strong><\/h3>\n<p style=\"text-align: justify\">En el marc del grup Tordesillas, i de l&#8217;acord espec\u00edfic del Col\u00b7legi <a href=\"https:\/\/www.grupotordesillas.net\/colegios-doctorales\/salud-publica-historia-ciencia\/\" title=\"Ho veur\u00e0s en una nova finestra\" rel=\"noopener\" target=\"_blank\"> Doctoral Tordesillas de Salut P\u00fablica i Hist\u00f2ria de la Ci\u00e8ncia (CDT-SPHC)<\/a> per a la col\u00b7laboraci\u00f3 Acad\u00e8mic-Cient\u00edfica en l&#8217;\u00e0mbit del <a href=\"https:\/\/internacional.umh.es\/ca\/internacionalizacion\/postgrado\/\" rel=\"noopener\" target=\"_blank\" title=\"Ho veur\u00e0s en una nova finestra\">postgrau <\/a> entre la Universitat Miguel Hern\u00e1ndez d&#8217;Elx, la Universitat de Porto, la Universitat de Sao Paulo i la Universitat Federal de Uberlandia, s&#8217;estableix la present convocat\u00f2ria per a la mobilitat d&#8217;estudiants de doctorat i de personal docent i investigador.<\/p>\n<p style=\"text-align: justify\">La present convocat\u00f2ria est\u00e0 destinada a seleccionar estudiantat de doctorat matriculat en el programa de doctorat oficial de la facultat de Medicina de la UMH: programa de Salut P\u00fablica, Ci\u00e8ncies M\u00e8diques i Quir\u00fargiques per a realitzar una estada internacional d&#8217;investigaci\u00f3 en algun dels programes de postgrau de Ci\u00e8ncies de la Salut de les universitats que integren el CDT durant l&#8217;any 2024. De la mateixa manera, est\u00e0 destinada a seleccionar personal docent i investigador de la UMH, membre d&#8217;aquest programa de doctorat per a realitzar una estada internacional d&#8217;investigaci\u00f3.<\/p>\n<p><\/p>","protected":false},"excerpt":{"rendered":"<p>Convocat\u00f2ria 2024<br \/>\nEn el marc del grup Tordesillas, i de l&#8217;acord espec\u00edfic del Col\u00b7legi  Doctoral Tordesillas de Salut P\u00fablica i Hist\u00f2ria de la Ci\u00e8ncia (CDT-SPHC) per a la col\u00b7laboraci\u00f3 Acad\u00e8mic-Cient\u00edfica en l&#8217;\u00e0mbit del postgrau  entre la Universitat Miguel Hern\u00e1ndez d&#8217;Elx, la Universitat de Porto, la Universitat de Sao Paulo i la Universitat Federal de [&#8230;]<\/p>\n","protected":false},"author":6508,"featured_media":0,"parent":2740,"menu_order":2,"comment_status":"closed","ping_status":"closed","template":"","meta":{"ngg_post_thumbnail":0,"_links_to":"","_links_to_target":""},"yoast_head":"<!-- This site is optimized with the Yoast SEO plugin v17.5 - https:\/\/yoast.com\/wordpress\/plugins\/seo\/ -->\n<meta name=\"description\" content=\"El grupo Tordesillas en el marco del acuerdo de colaboraci\u00f3n entre la UMH, la Universidad de Porto, la de Sao Paolo y la Federal de Uberlandia\" \/>\n<meta name=\"robots\" content=\"index, follow, max-snippet:-1, max-image-preview:large, max-video-preview:-1\" \/>\n<link rel=\"canonical\" href=\"https:\/\/internacional.umh.es\/ca\/internacionalizacion\/becas-tordesillas\/\" \/>\n<meta property=\"og:locale\" content=\"ca_ES\" \/>\n<meta property=\"og:type\" content=\"article\" \/>\n<meta property=\"og:title\" content=\"Beques Tordesillas - Internacionalitzaci\u00f3 i Cooperaci\u00f3\" \/>\n<meta property=\"og:description\" content=\"El grupo Tordesillas en el marco del acuerdo de colaboraci\u00f3n entre la UMH, la Universidad de Porto, la de Sao Paolo y la Federal de Uberlandia\" \/>\n<meta property=\"og:url\" content=\"https:\/\/internacional.umh.es\/en\/internacionalizacion\/becas-tordesillas\/\" \/>\n<meta property=\"og:site_name\" content=\"Internacionalitzaci\u00f3 i Cooperaci\u00f3\" \/>\n<meta property=\"article:modified_time\" content=\"2025-01-15T10:39:48+00:00\" \/>\n<meta property=\"og:image\" content=\"https:\/\/internacional.umh.es\/files\/2021\/01\/tordesillas-300x141-300x141.jpg\" \/>\n<meta name=\"twitter:card\" content=\"summary_large_image\" \/>\n<meta name=\"twitter:label1\" content=\"Est. reading time\" \/>\n\t<meta name=\"twitter:data1\" content=\"2 minuts\" \/>\n<script type=\"application\/ld+json\" class=\"yoast-schema-graph\">{\"@context\":\"https:\/\/schema.org\",\"@graph\":[{\"@type\":\"WebSite\",\"@id\":\"https:\/\/internacional.umh.es\/en\/#website\",\"url\":\"https:\/\/internacional.umh.es\/en\/\",\"name\":\"Internacionalitzaci\\u00f3 i Cooperaci\\u00f3\",\"description\":\"Universitat Miguel Hern\\u00e1ndez d&#039;Elx\",\"potentialAction\":[{\"@type\":\"SearchAction\",\"target\":{\"@type\":\"EntryPoint\",\"urlTemplate\":\"https:\/\/internacional.umh.es\/en\/?s={search_term_string}\"},\"query-input\":\"required name=search_term_string\"}],\"inLanguage\":\"ca\"},{\"@type\":\"ImageObject\",\"@id\":\"https:\/\/internacional.umh.es\/en\/internacionalizacion\/becas-tordesillas\/#primaryimage\",\"inLanguage\":\"ca\",\"url\":\"https:\/\/internacional.umh.es\/files\/2021\/01\/tordesillas-300x141.jpg\",\"contentUrl\":\"https:\/\/internacional.umh.es\/files\/2021\/01\/tordesillas-300x141.jpg\",\"width\":300,\"height\":141,\"caption\":\"Grupo Tordesillas logo\"},{\"@type\":\"WebPage\",\"@id\":\"https:\/\/internacional.umh.es\/en\/internacionalizacion\/becas-tordesillas\/#webpage\",\"url\":\"https:\/\/internacional.umh.es\/en\/internacionalizacion\/becas-tordesillas\/\",\"name\":\"Beques Tordesillas - Internacionalitzaci\\u00f3 i Cooperaci\\u00f3\",\"isPartOf\":{\"@id\":\"https:\/\/internacional.umh.es\/en\/#website\"},\"primaryImageOfPage\":{\"@id\":\"https:\/\/internacional.umh.es\/en\/internacionalizacion\/becas-tordesillas\/#primaryimage\"},\"datePublished\":\"2024-05-03T09:03:01+00:00\",\"dateModified\":\"2025-01-15T10:39:48+00:00\",\"description\":\"El grupo Tordesillas en el marco del acuerdo de colaboraci\\u00f3n entre la UMH, la Universidad de Porto, la de Sao Paolo y la Federal de Uberlandia\",\"breadcrumb\":{\"@id\":\"https:\/\/internacional.umh.es\/en\/internacionalizacion\/becas-tordesillas\/#breadcrumb\"},\"inLanguage\":\"ca\",\"potentialAction\":[{\"@type\":\"ReadAction\",\"target\":[\"https:\/\/internacional.umh.es\/en\/internacionalizacion\/becas-tordesillas\/\"]}]},{\"@type\":\"BreadcrumbList\",\"@id\":\"https:\/\/internacional.umh.es\/en\/internacionalizacion\/becas-tordesillas\/#breadcrumb\",\"itemListElement\":[{\"@type\":\"ListItem\",\"position\":1,\"name\":\"Home\",\"item\":\"https:\/\/internacional.umh.es\/en\/\"},{\"@type\":\"ListItem\",\"position\":2,\"name\":\"INTERNATIONALIZATION\",\"item\":\"https:\/\/internacional.umh.es\/en\/internacionalizacion\/\"},{\"@type\":\"ListItem\",\"position\":3,\"name\":\"Tordesillas Grants\"}]}]}<\/script>\n<!-- \/ Yoast SEO plugin. -->","yoast_head_json":{"description":"El grupo Tordesillas en el marco del acuerdo de colaboraci\u00f3n entre la UMH, la Universidad de Porto, la de Sao Paolo y la Federal de Uberlandia","robots":{"index":"index","follow":"follow","max-snippet":"max-snippet:-1","max-image-preview":"max-image-preview:large","max-video-preview":"max-video-preview:-1"},"canonical":"https:\/\/internacional.umh.es\/ca\/internacionalizacion\/becas-tordesillas\/","og_locale":"ca_ES","og_type":"article","og_title":"Beques Tordesillas - Internacionalitzaci\u00f3 i Cooperaci\u00f3","og_description":"El grupo Tordesillas en el marco del acuerdo de colaboraci\u00f3n entre la UMH, la Universidad de Porto, la de Sao Paolo y la Federal de Uberlandia","og_url":"https:\/\/internacional.umh.es\/en\/internacionalizacion\/becas-tordesillas\/","og_site_name":"Internacionalitzaci\u00f3 i Cooperaci\u00f3","article_modified_time":"2025-01-15T10:39:48+00:00","og_image":[{"url":"https:\/\/internacional.umh.es\/files\/2021\/01\/tordesillas-300x141-300x141.jpg"}],"twitter_card":"summary_large_image","twitter_misc":{"Est. reading time":"2 minuts"},"schema":{"@context":"https:\/\/schema.org","@graph":[{"@type":"WebSite","@id":"https:\/\/internacional.umh.es\/en\/#website","url":"https:\/\/internacional.umh.es\/en\/","name":"Internacionalitzaci\u00f3 i Cooperaci\u00f3","description":"Universitat Miguel Hern\u00e1ndez d&#039;Elx","potentialAction":[{"@type":"SearchAction","target":{"@type":"EntryPoint","urlTemplate":"https:\/\/internacional.umh.es\/en\/?s={search_term_string}"},"query-input":"required name=search_term_string"}],"inLanguage":"ca"},{"@type":"ImageObject","@id":"https:\/\/internacional.umh.es\/en\/internacionalizacion\/becas-tordesillas\/#primaryimage","inLanguage":"ca","url":"https:\/\/internacional.umh.es\/files\/2021\/01\/tordesillas-300x141.jpg","contentUrl":"https:\/\/internacional.umh.es\/files\/2021\/01\/tordesillas-300x141.jpg","width":300,"height":141,"caption":"Grupo Tordesillas logo"},{"@type":"WebPage","@id":"https:\/\/internacional.umh.es\/en\/internacionalizacion\/becas-tordesillas\/#webpage","url":"https:\/\/internacional.umh.es\/en\/internacionalizacion\/becas-tordesillas\/","name":"Beques Tordesillas - Internacionalitzaci\u00f3 i Cooperaci\u00f3","isPartOf":{"@id":"https:\/\/internacional.umh.es\/en\/#website"},"primaryImageOfPage":{"@id":"https:\/\/internacional.umh.es\/en\/internacionalizacion\/becas-tordesillas\/#primaryimage"},"datePublished":"2024-05-03T09:03:01+00:00","dateModified":"2025-01-15T10:39:48+00:00","description":"El grupo Tordesillas en el marco del acuerdo de colaboraci\u00f3n entre la UMH, la Universidad de Porto, la de Sao Paolo y la Federal de Uberlandia","breadcrumb":{"@id":"https:\/\/internacional.umh.es\/en\/internacionalizacion\/becas-tordesillas\/#breadcrumb"},"inLanguage":"ca","potentialAction":[{"@type":"ReadAction","target":["https:\/\/internacional.umh.es\/en\/internacionalizacion\/becas-tordesillas\/"]}]},{"@type":"BreadcrumbList","@id":"https:\/\/internacional.umh.es\/en\/internacionalizacion\/becas-tordesillas\/#breadcrumb","itemListElement":[{"@type":"ListItem","position":1,"name":"Home","item":"https:\/\/internacional.umh.es\/en\/"},{"@type":"ListItem","position":2,"name":"INTERNATIONALIZATION","item":"https:\/\/internacional.umh.es\/en\/internacionalizacion\/"},{"@type":"ListItem","position":3,"name":"Tordesillas Grants"}]}]}},"_links":{"self":[{"href":"https:\/\/internacional.umh.es\/ca\/wp-json\/wp\/v2\/pages\/34570"}],"collection":[{"href":"https:\/\/internacional.umh.es\/ca\/wp-json\/wp\/v2\/pages"}],"about":[{"href":"https:\/\/internacional.umh.es\/ca\/wp-json\/wp\/v2\/types\/page"}],"author":[{"embeddable":true,"href":"https:\/\/internacional.umh.es\/ca\/wp-json\/wp\/v2\/users\/6508"}],"replies":[{"embeddable":true,"href":"https:\/\/internacional.umh.es\/ca\/wp-json\/wp\/v2\/comments?post=34570"}],"version-history":[{"count":0,"href":"https:\/\/internacional.umh.es\/ca\/wp-json\/wp\/v2\/pages\/34570\/revisions"}],"up":[{"embeddable":true,"href":"https:\/\/internacional.umh.es\/ca\/wp-json\/wp\/v2\/pages\/2740"}],"wp:attachment":[{"href":"https:\/\/internacional.umh.es\/ca\/wp-json\/wp\/v2\/media?parent=34570"}],"curies":[{"name":"wp","href":"https:\/\/api.w.org\/{rel}","templated":true}]}}