{"id":3742,"date":"2017-10-12T14:45:08","date_gmt":"2017-10-12T12:45:08","guid":{"rendered":"http:\/\/internacional.umh.es\/?page_id=3742"},"modified":"2024-05-28T10:10:35","modified_gmt":"2024-05-28T08:10:35","slug":"area-de-estudios-hispanounidenses","status":"publish","type":"page","link":"https:\/\/internacional.umh.es\/ca\/internacionalizacion\/area-de-estudios-hispanounidenses\/","title":{"rendered":"\u00c0rea d&#8217;Estudis Hispanounidencs"},"content":{"rendered":"<p><\/p>\n<h3><strong>Qu\u00e8 \u00e9s l&#8217;\u00c0rea d&#8217;Estudis Hispanounidenses de la UMH?<\/strong><\/h3>\n<p><img loading=\"lazy\" class=\"alignleft wp-image-3743\" title=\"La C\u00e0tedra Miguel Hern\u00e1ndez vela per l'estudi i la difusi\u00f3 de la vida i obra del poeta\" src=\"https:\/\/internacional.umh.es\/files\/2016\/10\/28-06-12-c\u00e1tedra-miguel-hern\u00e1ndez.jpg\" alt=\"Logo C\u00e0tedra Miguel Hern\u00e1ndez UMH\" width=\"161\" height=\"109\" srcset=\"https:\/\/internacional.umh.es\/files\/2016\/10\/28-06-12-c\u00e1tedra-miguel-hern\u00e1ndez.jpg 600w, https:\/\/internacional.umh.es\/files\/2016\/10\/28-06-12-c\u00e1tedra-miguel-hern\u00e1ndez-300x204.jpg 300w\" sizes=\"(max-width: 161px) 100vw, 161px\" \/> <\/p>\n<p style=\"text-align: justify\">L&#8217;\u00c0rea <strong>d&#8217;Estudis Hispanounidencs<\/strong> de la UMH dep\u00e9n de la <strong><em><a title=\"Accedeix a la web de la C\u00e0tedra per a obtindre m\u00e9s informaci\u00f3 en una nova finestra\" href=\"https:\/\/catedramiguelhernandez.umh.es\/novedades\/\" target=\"_blank\" rel=\"noopener noreferrer\">C\u00e0tedra Miguel Hern\u00e1ndez<\/a><\/em><\/strong> i \u00e9s una iniciativa cultural coordinada pels vicerectorats de Relacions Institucionals i Relacions Internacionals de la Universitat Miguel Hern\u00e1ndez d&#8217;Elx (Alacant, Espanya). L&#8217;\u00c0rea t\u00e9 el doble objectiu de promoure, estudiar i divulgar el m\u00f3n cultural, literari i art\u00edstic de l&#8217;hisp\u00e0nic als Estats Units; a m\u00e9s de difondre entre la comunitat acad\u00e8mica hispanounidenc la vida i obra del<a title=\"Accedeix a la biografia de Miguel Hern\u00e1ndez amb m\u00e9s detall en una nova finestra\" href=\"https:\/\/catedramiguelhernandez.umh.es\/el-poeta\/bibliografia\/\" target=\"_blank\" rel=\"noopener noreferrer\"> poeta Miguel Hern\u00e1ndez.<\/a><\/p>\n<p style=\"text-align: justify\">Entre els objectius espec\u00edfics de l&#8217;\u00c0rea <strong>d&#8217;Estudis Hispanounidencs<\/strong> de la UMH destaca l&#8217;establiment d&#8217;un marc d&#8217;actuaci\u00f3 i col\u00b7laboraci\u00f3 amb universitats nord-americanes que promoga la trobada de la <em>literatura chicana<\/em> i la <em>literatura hernandiana<\/em>, i que t\u00e9 el seu procedent en l&#8217;acord de col\u00b7laboraci\u00f3 entre la UMH i la Universitat de Xile per a l&#8217;agermanament de les c\u00e0tedres Miguel Hern\u00e1ndez i Pablo Neruda.<\/p>\n<p><iframe loading=\"lazy\"  style=\"display: block; margin: 0px auto;\"  id=\"_ytid_53346\"  width=\"480\" height=\"270\"  data-origwidth=\"480\" data-origheight=\"270\" src=\"https:\/\/www.youtube.com\/embed\/OL1w6yMiL5I?enablejsapi=1&#038;autoplay=0&#038;cc_load_policy=0&#038;cc_lang_pref=&#038;iv_load_policy=1&#038;loop=0&#038;modestbranding=0&#038;rel=1&#038;fs=1&#038;playsinline=0&#038;autohide=2&#038;theme=dark&#038;color=red&#038;controls=1&#038;\" class=\"__youtube_prefs__  epyt-is-override  no-lazyload\" title=\"YouTube player\"  allow=\"accelerometer; autoplay; clipboard-write; encrypted-media; gyroscope; picture-in-picture\" allowfullscreen data-no-lazy=\"1\" data-skipgform_ajax_framebjll=\"\"><\/iframe><\/p>\n<h3><strong>Quines s\u00f3n les funcions de la C\u00e0tedra Miguel Hern\u00e1ndez en l&#8217;\u00c0rea d&#8217;Estudis Hispanounidencs de la UMH?<\/strong><\/h3>\n<ol>\n<li>Propagar en la comunitat universit\u00e0ria la vida i obra de Miguel Hern\u00e1ndez.<\/li>\n<li>Afavorir la promoci\u00f3, impuls i desenvolupament de quantes accions i activitats puguen contribuir a millorar la projecci\u00f3 social de la C\u00e0tedra.<\/li>\n<li>Fomentar la col\u00b7laboraci\u00f3 i la realitzaci\u00f3 de convenis amb altres institucions i organismes p\u00fablics i privats.<\/li>\n<li>Organitzar i fomentar cursos, seminaris, reunions cient\u00edfiques i f\u00f2rums oberts de debat i reflexi\u00f3, aix\u00ed com programes d&#8217;estudi i investigaci\u00f3.<\/li>\n<\/ol>\n<p><iframe loading=\"lazy\"  style=\"display: block; margin: 0px auto;\"  id=\"_ytid_42411\"  width=\"480\" height=\"270\"  data-origwidth=\"480\" data-origheight=\"270\" src=\"https:\/\/www.youtube.com\/embed\/DYHe5J76uhM?enablejsapi=1&#038;autoplay=0&#038;cc_load_policy=0&#038;cc_lang_pref=&#038;iv_load_policy=1&#038;loop=0&#038;modestbranding=0&#038;rel=1&#038;fs=1&#038;playsinline=0&#038;autohide=2&#038;theme=dark&#038;color=red&#038;controls=1&#038;\" class=\"__youtube_prefs__  epyt-is-override  no-lazyload\" title=\"YouTube player\"  allow=\"accelerometer; autoplay; clipboard-write; encrypted-media; gyroscope; picture-in-picture\" allowfullscreen data-no-lazy=\"1\" data-skipgform_ajax_framebjll=\"\"><\/iframe><br \/>\n<\/p>\n<hr>\n<h4><strong>Premi Novell Internacional de Poesia<\/strong><\/h4>\n<p><img loading=\"lazy\" class=\"alignleft wp-image-3772\" title=\"No dubtes i participa en el Premi Novell Internacional de Poesia Universit\u00e0ria convocat per la UMH\" src=\"https:\/\/internacional.umh.es\/files\/2016\/10\/NOVEL-CARTEL-2016-page-001.jpg\" alt=\"Cartell Premi Novell Internacional Poesia Universit\u00e0ria UMH\" width=\"198\" height=\"280\" srcset=\"https:\/\/internacional.umh.es\/files\/2016\/10\/NOVEL-CARTEL-2016-page-001.jpg 1240w, https:\/\/internacional.umh.es\/files\/2016\/10\/NOVEL-CARTEL-2016-page-001-212x300.jpg 212w, https:\/\/internacional.umh.es\/files\/2016\/10\/NOVEL-CARTEL-2016-page-001-768x1086.jpg 768w, https:\/\/internacional.umh.es\/files\/2016\/10\/NOVEL-CARTEL-2016-page-001-724x1024.jpg 724w\" sizes=\"(max-width: 198px) 100vw, 198px\" \/><\/p>\n<p style=\"text-align: justify\">La C\u00e0tedra Miguel Hern\u00e1ndez de la UMH, en col\u00b7laboraci\u00f3 amb la C\u00e0tedra Pablo Neurda de la Universitat de Xile, convoca el <strong>Premi Novell Internacional de Poesia<\/strong>, en el qual poden participar estudiants tant d&#8217;universitats espanyoles com estrangeres menors de 25 anys i que no hagen publicat cap obra po\u00e8tica. Els poemes s\u00f3n de tem\u00e0tica lliure amb una extensi\u00f3 entre 400 i 800 versos.<\/p>\n<p style=\"text-align: justify\">Els treballs poden enviar-se <strong><a title=\"Ho veur\u00e0s en una nova finestra\" href=\"mailto:noveldepoesia@ecu.fm\" target=\"_blank\" rel=\"noopener noreferrer\">aa noveldepoesia@ecu.fm<\/a><\/strong> fins al <strong>31 de desembre de 2016<\/strong>. La dotaci\u00f3 econ\u00f2mica del premi \u00e9s de 2000 euros al costat de la publicaci\u00f3 de l&#8217;obra.<\/p>\n<ul>\n<li><a title=\"Els veur\u00e0s en una nova finestra\" href=\"https:\/\/catedramiguelhernandez.umh.es\/files\/2016\/05\/Bases-premio-novel-internacional-de-poes%C3%ADa-2016.pdf\" target=\"_blank\" rel=\"noopener noreferrer\">Consulta les bases de la convocat\u00f2ria (676Kb .pdf)<\/a><\/li>\n<\/ul>\n<p><\/p>\n<hr>\n<h4><strong>VII Concurs de curtmetratges<\/strong><\/h4>\n<p style=\"text-align: justify\">La C\u00e0tedra Miguel Hern\u00e1ndez de la Universitat Miguel Hern\u00e1ndez (UMH) d&#8217;Elx, en col\u00b7laboraci\u00f3 amb la Fundaci\u00f3 Cultural Miguel Hern\u00e1ndez i l&#8217;Ajuntament d&#8217;Elx, ha convocat la VII edici\u00f3 del Concurs de Curtmetratges sobre Miguel Hern\u00e1ndez. En aquesta edici\u00f3 s&#8217;ha establit un \u00fanic premi, dotat amb 2.000 euros i un diploma acreditatiu. El termini de lliurament de treballs finalitzar\u00e0 l&#8217;11 de juny de 2017.<\/p>\n<ul>\n<li><a title=\"Ho veur\u00e0s en una nova finestra\" href=\"https:\/\/registro.umh.es\/files\/2016\/12\/RE_2016_001_19845.pdf\" target=\"_blank\" rel=\"noopener noreferrer\"> Consulta les bases de la convocat\u00f2ria<\/a> i m\u00e9s informaci\u00f3 en la <a title=\"Ho veur\u00e0s en una nova finestra\" href=\"https:\/\/catedramiguelhernandez.umh.es\/\" target=\"_blank\" rel=\"noopener noreferrer\">web de la C\u00e0tedra Miguel Hern\u00e0ndez<\/a><\/li>\n<\/ul>\n<p><iframe loading=\"lazy\"  style=\"display: block; margin: 0px auto;\"  id=\"_ytid_45689\"  width=\"480\" height=\"270\"  data-origwidth=\"480\" data-origheight=\"270\" src=\"https:\/\/www.youtube.com\/embed\/VwCLHbixkDk?enablejsapi=1&#038;autoplay=0&#038;cc_load_policy=0&#038;cc_lang_pref=&#038;iv_load_policy=1&#038;loop=0&#038;modestbranding=0&#038;rel=1&#038;fs=1&#038;playsinline=0&#038;autohide=2&#038;theme=dark&#038;color=red&#038;controls=1&#038;\" class=\"__youtube_prefs__  epyt-is-override  no-lazyload\" title=\"YouTube player\"  allow=\"accelerometer; autoplay; clipboard-write; encrypted-media; gyroscope; picture-in-picture\" allowfullscreen data-no-lazy=\"1\" data-skipgform_ajax_framebjll=\"\"><\/iframe><\/p>\n<p><iframe loading=\"lazy\"  style=\"display: block; margin: 0px auto;\"  id=\"_ytid_86566\"  width=\"480\" height=\"270\"  data-origwidth=\"480\" data-origheight=\"270\" src=\"https:\/\/www.youtube.com\/embed\/B51SV4bdd2A?enablejsapi=1&#038;autoplay=0&#038;cc_load_policy=0&#038;cc_lang_pref=&#038;iv_load_policy=1&#038;loop=0&#038;modestbranding=0&#038;rel=1&#038;fs=1&#038;playsinline=0&#038;autohide=2&#038;theme=dark&#038;color=red&#038;controls=1&#038;\" class=\"__youtube_prefs__  epyt-is-override  no-lazyload\" title=\"YouTube player\"  allow=\"accelerometer; autoplay; clipboard-write; encrypted-media; gyroscope; picture-in-picture\" allowfullscreen data-no-lazy=\"1\" data-skipgform_ajax_framebjll=\"\"><\/iframe><\/p>\n<p style=\"text-align: justify\">Per a m\u00e9s informaci\u00f3 sobre l&#8217;\u00c0rea d&#8217;Estudis Hispanounidencs, <a title=\"Ho veur\u00e0s en una nova finestra\" href=\"mailto:studyabroad@umh.es\" target=\"_blank\" rel=\"noopener noreferrer\">studyabroad@umh.es<\/a> o amb el <a title=\"Contacta amb el Servici per m\u00e9s informaci\u00f3\" href=\"https:\/\/internacional.umh.es\/ca\/conocenos\/servicio-de-relaciones-internacionales-cooperacion-al-desarrollo-y-voluntariado\/\">Servei de Relacions Internacionals<\/a><\/p>\n<p><\/p>","protected":false},"excerpt":{"rendered":"<p>Qu\u00e8 \u00e9s l&#8217;\u00c0rea d&#8217;Estudis Hispanounidenses de la UMH?<\/p>\n<p>L&#8217;\u00c0rea d&#8217;Estudis Hispanounidencs de la UMH dep\u00e9n de la C\u00e0tedra Miguel Hern\u00e1ndez i \u00e9s una iniciativa cultural coordinada pels vicerectorats de Relacions Institucionals i Relacions Internacionals de la Universitat Miguel Hern\u00e1ndez d&#8217;Elx (Alacant, Espanya). L&#8217;\u00c0rea t\u00e9 el doble objectiu de promoure, estudiar i divulgar el m\u00f3n cultural, [&#8230;]<\/p>\n","protected":false},"author":3296,"featured_media":0,"parent":2740,"menu_order":1,"comment_status":"closed","ping_status":"closed","template":"","meta":{"ngg_post_thumbnail":0,"_links_to":"","_links_to_target":""},"yoast_head":"<!-- This site is optimized with the Yoast SEO plugin v17.5 - https:\/\/yoast.com\/wordpress\/plugins\/seo\/ -->\n<meta name=\"description\" content=\"El \u00c1rea de Estudios Hispanounidenses\u00a0UMH depende de C\u00e1tedra Miguel Hern\u00e1ndez, iniciativa de los vicerrectorados de Relaciones Institucionales\" \/>\n<meta name=\"robots\" content=\"index, follow, max-snippet:-1, max-image-preview:large, max-video-preview:-1\" \/>\n<link rel=\"canonical\" href=\"https:\/\/internacional.umh.es\/ca\/internacionalizacion\/area-de-estudios-hispanounidenses\/\" \/>\n<meta property=\"og:locale\" content=\"ca_ES\" \/>\n<meta property=\"og:type\" content=\"article\" \/>\n<meta property=\"og:title\" content=\"\u00c0rea d&#039;Estudis Hispanounidencs - Internacionalitzaci\u00f3 i Cooperaci\u00f3\" \/>\n<meta property=\"og:description\" content=\"El \u00c1rea de Estudios Hispanounidenses\u00a0UMH depende de C\u00e1tedra Miguel Hern\u00e1ndez, iniciativa de los vicerrectorados de Relaciones Institucionales\" \/>\n<meta property=\"og:url\" content=\"https:\/\/internacional.umh.es\/en\/internacionalizacion\/area-de-estudios-hispanounidenses\/\" \/>\n<meta property=\"og:site_name\" content=\"Internacionalitzaci\u00f3 i Cooperaci\u00f3\" \/>\n<meta property=\"article:modified_time\" content=\"2024-05-28T08:10:35+00:00\" \/>\n<meta property=\"og:image\" content=\"https:\/\/internacional.umh.es\/files\/2016\/10\/28-06-12-c\u00e1tedra-miguel-hern\u00e1ndez.jpg\" \/>\n<meta name=\"twitter:card\" content=\"summary_large_image\" \/>\n<meta name=\"twitter:label1\" content=\"Est. reading time\" \/>\n\t<meta name=\"twitter:data1\" content=\"3 minuts\" \/>\n<script type=\"application\/ld+json\" class=\"yoast-schema-graph\">{\"@context\":\"https:\/\/schema.org\",\"@graph\":[{\"@type\":\"WebSite\",\"@id\":\"https:\/\/internacional.umh.es\/en\/#website\",\"url\":\"https:\/\/internacional.umh.es\/en\/\",\"name\":\"Internacionalitzaci\\u00f3 i Cooperaci\\u00f3\",\"description\":\"Universitat Miguel Hern\\u00e1ndez d&#039;Elx\",\"potentialAction\":[{\"@type\":\"SearchAction\",\"target\":{\"@type\":\"EntryPoint\",\"urlTemplate\":\"https:\/\/internacional.umh.es\/en\/?s={search_term_string}\"},\"query-input\":\"required name=search_term_string\"}],\"inLanguage\":\"ca\"},{\"@type\":\"ImageObject\",\"@id\":\"https:\/\/internacional.umh.es\/en\/internacionalizacion\/area-de-estudios-hispanounidenses\/#primaryimage\",\"inLanguage\":\"ca\",\"url\":\"https:\/\/internacional.umh.es\/files\/2016\/10\/28-06-12-c\\u00e1tedra-miguel-hern\\u00e1ndez.jpg\",\"contentUrl\":\"https:\/\/internacional.umh.es\/files\/2016\/10\/28-06-12-c\\u00e1tedra-miguel-hern\\u00e1ndez.jpg\",\"width\":600,\"height\":407},{\"@type\":\"WebPage\",\"@id\":\"https:\/\/internacional.umh.es\/en\/internacionalizacion\/area-de-estudios-hispanounidenses\/#webpage\",\"url\":\"https:\/\/internacional.umh.es\/en\/internacionalizacion\/area-de-estudios-hispanounidenses\/\",\"name\":\"\\u00c0rea d'Estudis Hispanounidencs - Internacionalitzaci\\u00f3 i Cooperaci\\u00f3\",\"isPartOf\":{\"@id\":\"https:\/\/internacional.umh.es\/en\/#website\"},\"primaryImageOfPage\":{\"@id\":\"https:\/\/internacional.umh.es\/en\/internacionalizacion\/area-de-estudios-hispanounidenses\/#primaryimage\"},\"datePublished\":\"2017-10-12T12:45:08+00:00\",\"dateModified\":\"2024-05-28T08:10:35+00:00\",\"description\":\"El \\u00c1rea de Estudios Hispanounidenses\\u00a0UMH depende de C\\u00e1tedra Miguel Hern\\u00e1ndez, iniciativa de los vicerrectorados de Relaciones Institucionales\",\"breadcrumb\":{\"@id\":\"https:\/\/internacional.umh.es\/en\/internacionalizacion\/area-de-estudios-hispanounidenses\/#breadcrumb\"},\"inLanguage\":\"ca\",\"potentialAction\":[{\"@type\":\"ReadAction\",\"target\":[\"https:\/\/internacional.umh.es\/en\/internacionalizacion\/area-de-estudios-hispanounidenses\/\"]}]},{\"@type\":\"BreadcrumbList\",\"@id\":\"https:\/\/internacional.umh.es\/en\/internacionalizacion\/area-de-estudios-hispanounidenses\/#breadcrumb\",\"itemListElement\":[{\"@type\":\"ListItem\",\"position\":1,\"name\":\"Home\",\"item\":\"https:\/\/internacional.umh.es\/en\/\"},{\"@type\":\"ListItem\",\"position\":2,\"name\":\"INTERNATIONALIZATION\",\"item\":\"https:\/\/internacional.umh.es\/en\/internacionalizacion\/\"},{\"@type\":\"ListItem\",\"position\":3,\"name\":\"Area of US Hispanic Studies\"}]}]}<\/script>\n<!-- \/ Yoast SEO plugin. -->","yoast_head_json":{"description":"El \u00c1rea de Estudios Hispanounidenses\u00a0UMH depende de C\u00e1tedra Miguel Hern\u00e1ndez, iniciativa de los vicerrectorados de Relaciones Institucionales","robots":{"index":"index","follow":"follow","max-snippet":"max-snippet:-1","max-image-preview":"max-image-preview:large","max-video-preview":"max-video-preview:-1"},"canonical":"https:\/\/internacional.umh.es\/ca\/internacionalizacion\/area-de-estudios-hispanounidenses\/","og_locale":"ca_ES","og_type":"article","og_title":"\u00c0rea d'Estudis Hispanounidencs - Internacionalitzaci\u00f3 i Cooperaci\u00f3","og_description":"El \u00c1rea de Estudios Hispanounidenses\u00a0UMH depende de C\u00e1tedra Miguel Hern\u00e1ndez, iniciativa de los vicerrectorados de Relaciones Institucionales","og_url":"https:\/\/internacional.umh.es\/en\/internacionalizacion\/area-de-estudios-hispanounidenses\/","og_site_name":"Internacionalitzaci\u00f3 i Cooperaci\u00f3","article_modified_time":"2024-05-28T08:10:35+00:00","og_image":[{"url":"https:\/\/internacional.umh.es\/files\/2016\/10\/28-06-12-c\u00e1tedra-miguel-hern\u00e1ndez.jpg"}],"twitter_card":"summary_large_image","twitter_misc":{"Est. reading time":"3 minuts"},"schema":{"@context":"https:\/\/schema.org","@graph":[{"@type":"WebSite","@id":"https:\/\/internacional.umh.es\/en\/#website","url":"https:\/\/internacional.umh.es\/en\/","name":"Internacionalitzaci\u00f3 i Cooperaci\u00f3","description":"Universitat Miguel Hern\u00e1ndez d&#039;Elx","potentialAction":[{"@type":"SearchAction","target":{"@type":"EntryPoint","urlTemplate":"https:\/\/internacional.umh.es\/en\/?s={search_term_string}"},"query-input":"required name=search_term_string"}],"inLanguage":"ca"},{"@type":"ImageObject","@id":"https:\/\/internacional.umh.es\/en\/internacionalizacion\/area-de-estudios-hispanounidenses\/#primaryimage","inLanguage":"ca","url":"https:\/\/internacional.umh.es\/files\/2016\/10\/28-06-12-c\u00e1tedra-miguel-hern\u00e1ndez.jpg","contentUrl":"https:\/\/internacional.umh.es\/files\/2016\/10\/28-06-12-c\u00e1tedra-miguel-hern\u00e1ndez.jpg","width":600,"height":407},{"@type":"WebPage","@id":"https:\/\/internacional.umh.es\/en\/internacionalizacion\/area-de-estudios-hispanounidenses\/#webpage","url":"https:\/\/internacional.umh.es\/en\/internacionalizacion\/area-de-estudios-hispanounidenses\/","name":"\u00c0rea d'Estudis Hispanounidencs - Internacionalitzaci\u00f3 i Cooperaci\u00f3","isPartOf":{"@id":"https:\/\/internacional.umh.es\/en\/#website"},"primaryImageOfPage":{"@id":"https:\/\/internacional.umh.es\/en\/internacionalizacion\/area-de-estudios-hispanounidenses\/#primaryimage"},"datePublished":"2017-10-12T12:45:08+00:00","dateModified":"2024-05-28T08:10:35+00:00","description":"El \u00c1rea de Estudios Hispanounidenses\u00a0UMH depende de C\u00e1tedra Miguel Hern\u00e1ndez, iniciativa de los vicerrectorados de Relaciones Institucionales","breadcrumb":{"@id":"https:\/\/internacional.umh.es\/en\/internacionalizacion\/area-de-estudios-hispanounidenses\/#breadcrumb"},"inLanguage":"ca","potentialAction":[{"@type":"ReadAction","target":["https:\/\/internacional.umh.es\/en\/internacionalizacion\/area-de-estudios-hispanounidenses\/"]}]},{"@type":"BreadcrumbList","@id":"https:\/\/internacional.umh.es\/en\/internacionalizacion\/area-de-estudios-hispanounidenses\/#breadcrumb","itemListElement":[{"@type":"ListItem","position":1,"name":"Home","item":"https:\/\/internacional.umh.es\/en\/"},{"@type":"ListItem","position":2,"name":"INTERNATIONALIZATION","item":"https:\/\/internacional.umh.es\/en\/internacionalizacion\/"},{"@type":"ListItem","position":3,"name":"Area of US Hispanic Studies"}]}]}},"_links":{"self":[{"href":"https:\/\/internacional.umh.es\/ca\/wp-json\/wp\/v2\/pages\/3742"}],"collection":[{"href":"https:\/\/internacional.umh.es\/ca\/wp-json\/wp\/v2\/pages"}],"about":[{"href":"https:\/\/internacional.umh.es\/ca\/wp-json\/wp\/v2\/types\/page"}],"author":[{"embeddable":true,"href":"https:\/\/internacional.umh.es\/ca\/wp-json\/wp\/v2\/users\/3296"}],"replies":[{"embeddable":true,"href":"https:\/\/internacional.umh.es\/ca\/wp-json\/wp\/v2\/comments?post=3742"}],"version-history":[{"count":0,"href":"https:\/\/internacional.umh.es\/ca\/wp-json\/wp\/v2\/pages\/3742\/revisions"}],"up":[{"embeddable":true,"href":"https:\/\/internacional.umh.es\/ca\/wp-json\/wp\/v2\/pages\/2740"}],"wp:attachment":[{"href":"https:\/\/internacional.umh.es\/ca\/wp-json\/wp\/v2\/media?parent=3742"}],"curies":[{"name":"wp","href":"https:\/\/api.w.org\/{rel}","templated":true}]}}