{"id":3767,"date":"2016-10-20T11:25:51","date_gmt":"2016-10-20T09:25:51","guid":{"rendered":"http:\/\/internacional.umh.es\/?page_id=3767"},"modified":"2024-12-04T14:53:15","modified_gmt":"2024-12-04T13:53:15","slug":"estudiante-visitante","status":"publish","type":"page","link":"https:\/\/internacional.umh.es\/ca\/internacionalizacion\/estudiante-visitante\/","title":{"rendered":"Estudiant visitant"},"content":{"rendered":"<p><\/p>\n<p style=\"text-align: justify\"><img loading=\"lazy\" class=\"size-medium wp-image-26808 alignleft\" title=\"El estudiant visitant UMH pot cursar alguna assignatura i\/o realitzar un per\u00edode de pr\u00e0ctiques fora dels programes de mobilitat\" src=\"https:\/\/internacional.umh.es\/files\/2022\/06\/Estudiantes-visitantes-UMH-300x200.jpg\" alt=\"Estudiant visitant R\u00e0dio UMH\" width=\"300\" height=\"200\" srcset=\"https:\/\/internacional.umh.es\/files\/2022\/06\/Estudiantes-visitantes-UMH-300x200.jpg 300w, https:\/\/internacional.umh.es\/files\/2022\/06\/Estudiantes-visitantes-UMH-1024x683.jpg 1024w, https:\/\/internacional.umh.es\/files\/2022\/06\/Estudiantes-visitantes-UMH-768x512.jpg 768w, https:\/\/internacional.umh.es\/files\/2022\/06\/Estudiantes-visitantes-UMH-1536x1024.jpg 1536w, https:\/\/internacional.umh.es\/files\/2022\/06\/Estudiantes-visitantes-UMH-2048x1365.jpg 2048w\" sizes=\"(max-width: 300px) 100vw, 300px\" \/> Esta normativa regula la situaci\u00f3 de l&#8217;estudiant visitant que desitja cursar alguna assignatura i\/o realitzar un per\u00edode d&#8217;activitats tutelades en la UMH, fora dels programes oficials de mobilitat, acords o convenis d&#8217;intercanvi interuniversitari.<br \/>\nL&#8217;estudiant visitant podr\u00e0 triar les assignatures que desitge dins de l&#8217;oferta d&#8217;estudis oficials de la UMH, per\u00f2 el <b>nombre de cr\u00e8dits matriculats no podr\u00e0 superar els 30 en el cas d&#8217;un semestre o els 60 en el cas de l&#8217;any acad\u00e8mic complet.<\/b> En el cas de les estades pr\u00e0ctiques, l&#8217;estudiant haur\u00e0 de realitzar entre 25 i 40 hores setmanals de pr\u00e0ctiques, on 25 hores equivalen a un cr\u00e8dit, repartides en estades d&#8217;una duraci\u00f3 m\u00ednima d&#8217;un mes i m\u00e0xima de sis mesos.<\/p>\n<p style=\"text-align: justify\">Finalitzat el per\u00edode d&#8217;estada de l&#8217;estudiant visitant este rebr\u00e0 una <b>certificaci\u00f3<\/b> en el qual constaran les dades personals de l&#8217;estudiant, les assignatures cursades, les pr\u00e0ctiques realitzades, el nombre de cr\u00e8dits, les qualificacions obtingudes i el per\u00edode en el qual s&#8217;han realitzat les activitats.<\/p>\n<p style=\"text-align: justify\">La condici\u00f3 d&#8217;estudiant <i> visitant<\/i> adquirida despr\u00e9s de la matr\u00edcula possibilita a este per a fer \u00fas de les instal\u00b7lacions i serveis de la UMH i a la corresponent acreditaci\u00f3 com a tal. La realitzaci\u00f3 d&#8217;estades sota esta modalitat no dona dret a l&#8217;obtenci\u00f3 d&#8217;un t\u00edtol universitari de la UMH, si b\u00e9 l&#8217;estudiant podria sol\u00b7licitar el reconeixement o transfer\u00e8ncia de cr\u00e8dits en cas d&#8217;accedir posteriorment a estudis oficials de la UMH.<\/p>\n<ul>\n<li><a href=\"https:\/\/internacional.umh.es\/files\/2016\/10\/Not.-acu.-mod.-Normativa-Figura-del-Alumno-Visitante-UMH-1-1.pdf\" target=\"_blank\" rel=\"noopener\" title=\"Ho veur\u00e0s en una nova finestra\"><b>Consulta el text complet de l&#8217;actual normativa d&#8217;Estudiant Visitant (856Kb Castell\u00e0 .pdf)<\/b><\/a><\/li>\n<li><a href=\"https:\/\/internacional.umh.es\/files\/2022\/09\/Paginas-desdeTOMO-III.-modif.-1_ESTUDIANTES-VISITANTES.pdf\" target=\"_blank\" rel=\"noopener\" title=\"Ho veur\u00e0s en una nova finestra\"><b>Revisa les taxes aplicables a l&#8217;estudiant visitant (203Kb Castell\u00e0 .pdf)<\/b><\/a><\/li>\n<li><a href=\"https:\/\/internacional.umh.es\/files\/2022\/09\/Tasas-2022-2023_primer-curso-provisional-1.pdf\" target=\"_blank\" rel=\"noopener\" title=\"Ho veur\u00e0s en una nova finestra\"><b>Consulta les taxes acad\u00e8miques en vigor (144Kb Castell\u00e0 .pdf)<\/b><\/a><\/li>\n<\/ul>\n<p><\/p>\n<h3><strong>Procediments i documentaci\u00f3 necess\u00e0ria<\/strong><\/h3>\n<p>Pot sol\u00b7licitar-se admissi\u00f3 com a estudiant visitant en la UMH en dos tipus o modalitats:<\/p>\n<ol>\n<li>\n<p><b>Per Estudis<\/b> (per a cursar assignatures d&#8217;algun dels plans d&#8217;estudi de titulacions oficials de la UMH).<\/p>\n<ul>\n<li><span>Els interessats han d&#8217;emplenar el formulari de sol\u00b7licitud i enviar-lo per correu electr\u00f2nic, juntament amb la resta de la documentaci\u00f3 requerida a <\/span><a href=\"mailto:movilidad@umh.es\" target=\"_blank\" title=\"Ho veur\u00e0s en una nova finestra\" rel=\"noopener\"><strong>movilidad@umh.es<\/strong><\/a><\/li>\n<li><b><a href=\"https:\/\/internacional.umh.es\/files\/2022\/12\/Estancia-estudios-solicitud-bilingue.doc\" target=\"_blank\" rel=\"noopener\" title=\"Ho veur\u00e0s en una nova finestra\">Desc\u00e0rrega el formulari de sol\u00b7licitud per a la realitzaci\u00f3 d&#8217;estudis (126Kb Castell\u00e0\/angl\u00e9s .doc)<\/a><\/b><\/li>\n<\/ul>\n<p><\/p>\n<li><b>Per Activitats Tutelades<\/b> (per a realitzar una estada amb activitats monitorades i sota la supervisi\u00f3 d&#8217;un mentor UMH).<\/li>\n<ul>\n<li>Els interessats han de contactar a un responsable acad\u00e8mic UMH que accepte actuar com a tutor de les activitats com a Estudiant Visitant.<\/li>\n<li>Els interessats han de realitzar una sol\u00b7licitud en l\u00ednia com a &#8220;estudiant visitant per activitats\u201d tutelades per al curs corresponent i pujar a la plataforma en l\u00ednia de sol\u00b7licituds &#8220;Incoming&#8221; a la UMH la documentaci\u00f3 requerida.<\/li>\n<li><b><a href=\"https:\/\/internacional.umh.es\/files\/2022\/12\/Estancia-Tutelada-solicitud-bilingue.doc\" target=\"_blank\" rel=\"noopener\" title=\"Ho veur\u00e0s en una nova finestra\">Desc\u00e0rrega el formulari de sol\u00b7licitud per a la realitzaci\u00f3 d&#8217;Activitats Tutelades (126Kb Castell\u00e0\/angl\u00e9s .doc)<\/a><\/b>\n<ul>\n<li><a href=\"https:\/\/universite.umh.es\/SolicitudIncoming\/loginVisitantes.aspx\" target=\"_blank\" rel=\"noopener\" title=\"Ho veur\u00e0s en una nova finestra\"><b>PLATAFORMA EN L\u00cdNIA per a la realitzaci\u00f3 d&#8217;activitats tutelades<\/b><\/a><\/li>\n<\/ul>\n<\/li>\n<\/ul>\n<\/ol>\n<p>Per a m\u00e9s informaci\u00f3, <a href=\"mailto:movilidad@umh.es\" target=\"_blank\" rel=\"noopener\" title=\"Ho veur\u00e0s en una nova finestra\"><b>movilidad@umh.es<\/b><\/a><\/p>\n<p><\/p>","protected":false},"excerpt":{"rendered":"<p> Esta normativa regula la situaci\u00f3 de l&#8217;estudiant visitant que desitja cursar alguna assignatura i\/o realitzar un per\u00edode d&#8217;activitats tutelades en la UMH, fora dels programes oficials de mobilitat, acords o convenis d&#8217;intercanvi interuniversitari.<br \/>\nL&#8217;estudiant visitant podr\u00e0 triar les assignatures que desitge dins de l&#8217;oferta d&#8217;estudis oficials de la UMH, per\u00f2 el nombre de cr\u00e8dits matriculats [&#8230;]<\/p>\n","protected":false},"author":3296,"featured_media":0,"parent":2740,"menu_order":3,"comment_status":"closed","ping_status":"closed","template":"","meta":{"ngg_post_thumbnail":0,"_links_to":"","_links_to_target":""},"yoast_head":"<!-- This site is optimized with the Yoast SEO plugin v17.5 - https:\/\/yoast.com\/wordpress\/plugins\/seo\/ -->\n<meta name=\"description\" content=\"El estudiante visitante podr\u00e1 elegir las asignaturas de la oferta de estudios oficiales o bien realizar un periodo de pr\u00e1cticas en la UMH.\" \/>\n<meta name=\"robots\" content=\"index, follow, max-snippet:-1, max-image-preview:large, max-video-preview:-1\" \/>\n<link rel=\"canonical\" href=\"https:\/\/internacional.umh.es\/ca\/internacionalizacion\/estudiante-visitante\/\" \/>\n<meta property=\"og:locale\" content=\"ca_ES\" \/>\n<meta property=\"og:type\" content=\"article\" \/>\n<meta property=\"og:title\" content=\"Estudiant visitant - Internacionalitzaci\u00f3 i Cooperaci\u00f3\" \/>\n<meta property=\"og:description\" content=\"El estudiante visitante podr\u00e1 elegir las asignaturas de la oferta de estudios oficiales o bien realizar un periodo de pr\u00e1cticas en la UMH.\" \/>\n<meta property=\"og:url\" content=\"https:\/\/internacional.umh.es\/en\/internacionalizacion\/estudiante-visitante\/\" \/>\n<meta property=\"og:site_name\" content=\"Internacionalitzaci\u00f3 i Cooperaci\u00f3\" \/>\n<meta property=\"article:modified_time\" content=\"2024-12-04T13:53:15+00:00\" \/>\n<meta property=\"og:image\" content=\"https:\/\/internacional.umh.es\/files\/2022\/06\/Estudiantes-visitantes-UMH-300x200.jpg\" \/>\n<meta name=\"twitter:card\" content=\"summary_large_image\" \/>\n<meta name=\"twitter:label1\" content=\"Est. reading time\" \/>\n\t<meta name=\"twitter:data1\" content=\"2 minuts\" \/>\n<script type=\"application\/ld+json\" class=\"yoast-schema-graph\">{\"@context\":\"https:\/\/schema.org\",\"@graph\":[{\"@type\":\"WebSite\",\"@id\":\"https:\/\/internacional.umh.es\/en\/#website\",\"url\":\"https:\/\/internacional.umh.es\/en\/\",\"name\":\"Internacionalitzaci\\u00f3 i Cooperaci\\u00f3\",\"description\":\"Universitat Miguel Hern\\u00e1ndez d&#039;Elx\",\"potentialAction\":[{\"@type\":\"SearchAction\",\"target\":{\"@type\":\"EntryPoint\",\"urlTemplate\":\"https:\/\/internacional.umh.es\/en\/?s={search_term_string}\"},\"query-input\":\"required name=search_term_string\"}],\"inLanguage\":\"ca\"},{\"@type\":\"ImageObject\",\"@id\":\"https:\/\/internacional.umh.es\/en\/internacionalizacion\/estudiante-visitante\/#primaryimage\",\"inLanguage\":\"ca\",\"url\":\"https:\/\/internacional.umh.es\/files\/2022\/06\/Estudiantes-visitantes-UMH-300x200.jpg\",\"contentUrl\":\"https:\/\/internacional.umh.es\/files\/2022\/06\/Estudiantes-visitantes-UMH-300x200.jpg\"},{\"@type\":\"WebPage\",\"@id\":\"https:\/\/internacional.umh.es\/en\/internacionalizacion\/estudiante-visitante\/#webpage\",\"url\":\"https:\/\/internacional.umh.es\/en\/internacionalizacion\/estudiante-visitante\/\",\"name\":\"Estudiant visitant - Internacionalitzaci\\u00f3 i Cooperaci\\u00f3\",\"isPartOf\":{\"@id\":\"https:\/\/internacional.umh.es\/en\/#website\"},\"primaryImageOfPage\":{\"@id\":\"https:\/\/internacional.umh.es\/en\/internacionalizacion\/estudiante-visitante\/#primaryimage\"},\"datePublished\":\"2016-10-20T09:25:51+00:00\",\"dateModified\":\"2024-12-04T13:53:15+00:00\",\"description\":\"El estudiante visitante podr\\u00e1 elegir las asignaturas de la oferta de estudios oficiales o bien realizar un periodo de pr\\u00e1cticas en la UMH.\",\"breadcrumb\":{\"@id\":\"https:\/\/internacional.umh.es\/en\/internacionalizacion\/estudiante-visitante\/#breadcrumb\"},\"inLanguage\":\"ca\",\"potentialAction\":[{\"@type\":\"ReadAction\",\"target\":[\"https:\/\/internacional.umh.es\/en\/internacionalizacion\/estudiante-visitante\/\"]}]},{\"@type\":\"BreadcrumbList\",\"@id\":\"https:\/\/internacional.umh.es\/en\/internacionalizacion\/estudiante-visitante\/#breadcrumb\",\"itemListElement\":[{\"@type\":\"ListItem\",\"position\":1,\"name\":\"Home\",\"item\":\"https:\/\/internacional.umh.es\/en\/\"},{\"@type\":\"ListItem\",\"position\":2,\"name\":\"INTERNATIONALIZATION\",\"item\":\"https:\/\/internacional.umh.es\/en\/internacionalizacion\/\"},{\"@type\":\"ListItem\",\"position\":3,\"name\":\"Visiting student\"}]}]}<\/script>\n<!-- \/ Yoast SEO plugin. -->","yoast_head_json":{"description":"El estudiante visitante podr\u00e1 elegir las asignaturas de la oferta de estudios oficiales o bien realizar un periodo de pr\u00e1cticas en la UMH.","robots":{"index":"index","follow":"follow","max-snippet":"max-snippet:-1","max-image-preview":"max-image-preview:large","max-video-preview":"max-video-preview:-1"},"canonical":"https:\/\/internacional.umh.es\/ca\/internacionalizacion\/estudiante-visitante\/","og_locale":"ca_ES","og_type":"article","og_title":"Estudiant visitant - Internacionalitzaci\u00f3 i Cooperaci\u00f3","og_description":"El estudiante visitante podr\u00e1 elegir las asignaturas de la oferta de estudios oficiales o bien realizar un periodo de pr\u00e1cticas en la UMH.","og_url":"https:\/\/internacional.umh.es\/en\/internacionalizacion\/estudiante-visitante\/","og_site_name":"Internacionalitzaci\u00f3 i Cooperaci\u00f3","article_modified_time":"2024-12-04T13:53:15+00:00","og_image":[{"url":"https:\/\/internacional.umh.es\/files\/2022\/06\/Estudiantes-visitantes-UMH-300x200.jpg"}],"twitter_card":"summary_large_image","twitter_misc":{"Est. reading time":"2 minuts"},"schema":{"@context":"https:\/\/schema.org","@graph":[{"@type":"WebSite","@id":"https:\/\/internacional.umh.es\/en\/#website","url":"https:\/\/internacional.umh.es\/en\/","name":"Internacionalitzaci\u00f3 i Cooperaci\u00f3","description":"Universitat Miguel Hern\u00e1ndez d&#039;Elx","potentialAction":[{"@type":"SearchAction","target":{"@type":"EntryPoint","urlTemplate":"https:\/\/internacional.umh.es\/en\/?s={search_term_string}"},"query-input":"required name=search_term_string"}],"inLanguage":"ca"},{"@type":"ImageObject","@id":"https:\/\/internacional.umh.es\/en\/internacionalizacion\/estudiante-visitante\/#primaryimage","inLanguage":"ca","url":"https:\/\/internacional.umh.es\/files\/2022\/06\/Estudiantes-visitantes-UMH-300x200.jpg","contentUrl":"https:\/\/internacional.umh.es\/files\/2022\/06\/Estudiantes-visitantes-UMH-300x200.jpg"},{"@type":"WebPage","@id":"https:\/\/internacional.umh.es\/en\/internacionalizacion\/estudiante-visitante\/#webpage","url":"https:\/\/internacional.umh.es\/en\/internacionalizacion\/estudiante-visitante\/","name":"Estudiant visitant - Internacionalitzaci\u00f3 i Cooperaci\u00f3","isPartOf":{"@id":"https:\/\/internacional.umh.es\/en\/#website"},"primaryImageOfPage":{"@id":"https:\/\/internacional.umh.es\/en\/internacionalizacion\/estudiante-visitante\/#primaryimage"},"datePublished":"2016-10-20T09:25:51+00:00","dateModified":"2024-12-04T13:53:15+00:00","description":"El estudiante visitante podr\u00e1 elegir las asignaturas de la oferta de estudios oficiales o bien realizar un periodo de pr\u00e1cticas en la UMH.","breadcrumb":{"@id":"https:\/\/internacional.umh.es\/en\/internacionalizacion\/estudiante-visitante\/#breadcrumb"},"inLanguage":"ca","potentialAction":[{"@type":"ReadAction","target":["https:\/\/internacional.umh.es\/en\/internacionalizacion\/estudiante-visitante\/"]}]},{"@type":"BreadcrumbList","@id":"https:\/\/internacional.umh.es\/en\/internacionalizacion\/estudiante-visitante\/#breadcrumb","itemListElement":[{"@type":"ListItem","position":1,"name":"Home","item":"https:\/\/internacional.umh.es\/en\/"},{"@type":"ListItem","position":2,"name":"INTERNATIONALIZATION","item":"https:\/\/internacional.umh.es\/en\/internacionalizacion\/"},{"@type":"ListItem","position":3,"name":"Visiting student"}]}]}},"_links":{"self":[{"href":"https:\/\/internacional.umh.es\/ca\/wp-json\/wp\/v2\/pages\/3767"}],"collection":[{"href":"https:\/\/internacional.umh.es\/ca\/wp-json\/wp\/v2\/pages"}],"about":[{"href":"https:\/\/internacional.umh.es\/ca\/wp-json\/wp\/v2\/types\/page"}],"author":[{"embeddable":true,"href":"https:\/\/internacional.umh.es\/ca\/wp-json\/wp\/v2\/users\/3296"}],"replies":[{"embeddable":true,"href":"https:\/\/internacional.umh.es\/ca\/wp-json\/wp\/v2\/comments?post=3767"}],"version-history":[{"count":0,"href":"https:\/\/internacional.umh.es\/ca\/wp-json\/wp\/v2\/pages\/3767\/revisions"}],"up":[{"embeddable":true,"href":"https:\/\/internacional.umh.es\/ca\/wp-json\/wp\/v2\/pages\/2740"}],"wp:attachment":[{"href":"https:\/\/internacional.umh.es\/ca\/wp-json\/wp\/v2\/media?parent=3767"}],"curies":[{"name":"wp","href":"https:\/\/api.w.org\/{rel}","templated":true}]}}