{"id":3971,"date":"2017-01-23T10:53:38","date_gmt":"2017-01-23T09:53:38","guid":{"rendered":"http:\/\/internacional.umh.es\/?page_id=3971"},"modified":"2026-03-06T13:41:54","modified_gmt":"2026-03-06T12:41:54","slug":"voluntariado-en-ruanda","status":"publish","type":"page","link":"https:\/\/internacional.umh.es\/ca\/cooperacion-y-voluntariado\/voluntariado\/voluntariado-en-ruanda\/","title":{"rendered":"Voluntariat a Ruanda"},"content":{"rendered":"<p><\/p>\n<p style=\"text-align: justify\">L&#8217;objectiu d&#8217;aquest programa de Voluntariat de Cooperaci\u00f3 Internacional al Desenvolupament de la UMH a Ruanda \u00e9s la formaci\u00f3 del voluntariat a nivell teoricopr\u00e0ctic, i la realitzaci\u00f3 d&#8217;activitats de voluntariat en cooperaci\u00f3 al desenvolupament. Est\u00e0 <strong>destinat a tots els col\u00b7lectius de la UMH<\/strong>: Personal Docent i Investigador, Personal T\u00e8cnic i de Gesti\u00f3 i d&#8217;Administraci\u00f3 i Serveis, estudiantat i alumni. El programa es duu a terme anualment des de 2011 (excepte 2020-2022 a conseq\u00fc\u00e8ncia del COVID), durant els mesos de juliol i agost. Dos grups de voluntariat viatgen a la nostra seu de<strong> Ruanda, situada en Nemba<\/strong> (Gakenke, North Province), romanent en la mateixa 2 o 4 setmanes (segons el grup), realitzant activitats formatives i de voluntariat en cooperaci\u00f3 al desenvolupament.<\/p>\n<ul>\n<li>Els objectius de les activitats formatives s\u00f3n:\n<ul>\n<li>Proporcionar als voluntaris una visi\u00f3 integral sobre el voluntariat social a nivell local i internacional, en el context d&#8217;un m\u00f3n desigual.<\/li>\n<li>Contribuir a la formaci\u00f3 de persones compromeses amb la transformaci\u00f3 del nostre m\u00f3n, en el marc dels Objectius de Desenvolupament Sostenible de l&#8217;agenda 2030 de les Nacions Unides.<\/li>\n<\/ul>\n<p>&nbsp;<\/li>\n<li>Les accions de cooperaci\u00f3 al desenvolupament es desenvolupen en diferents \u00e0mbits:\n<ul>\n<li>Capacitaci\u00f3 del personal educatiu i administratiu de centres d&#8217;ensenyament primari i secundari<\/li>\n<li>Refor\u00e7 educatiu a l&#8217;alumnat d&#8217;aquestes escoles<\/li>\n<li>Suport al personal sanitari ruand\u00e9s de l&#8217;Hospital de Nemba<\/li>\n<li>Atenci\u00f3 soci-sanit\u00e0ria a pacients i familiars de l&#8217;hospital de Nemba<\/li>\n<\/ul>\n<\/li>\n<\/ul>\n<div style=\"width: 640px;\" class=\"wp-video\"><video class=\"wp-video-shortcode\" id=\"video-3971-3\" width=\"640\" height=\"360\" preload=\"metadata\" controls=\"controls\"><source type=\"video\/mp4\" src=\"https:\/\/internacional.umh.es\/files\/2023\/09\/Voluntariado-UMH-en-Ruanda-2023.mp4?_=3\" \/><a href=\"https:\/\/internacional.umh.es\/files\/2023\/09\/Voluntariado-UMH-en-Ruanda-2023.mp4\">https:\/\/internacional.umh.es\/files\/2023\/09\/Voluntariado-UMH-en-Ruanda-2023.mp4<\/a><\/video><\/div>\n<hr>\n<h2><strong>Convocat\u00f2ries<\/strong><\/h2>\n<h4><strong>Convocat\u00f2ria 2026 \u2013 Places:<\/strong><\/h4>\n<ul>\n<li><strong>NOU (30\/01\/2026):<\/strong><a href=\"https:\/\/boumh.umh.es\/files\/2026\/01\/ES_U05500001_2026_DOCH-0000000000000000000033414.pdf\" target=\"_blank\" rel=\"noopener\">&nbsp;Llistat provisional d&#8217;admesos i exclosos<\/a>&nbsp;(<strong>(el termini per a l&#8217;esmena de sol\u00b7licituds \u00e9s del 2 al 13 de febrer<\/strong>).<\/li>\n<li><strong>(16\/12\/2025)<\/strong>:&nbsp;<a href=\"https:\/\/internacional.umh.es\/files\/2025\/12\/RR_03559_2025.pdf\" target=\"_blank\" rel=\"noopener\">Convocat\u00f2ria\u00a0&nbsp;<\/a>\u00a0de places per a participar en el XIII Programa de Voluntariat de Cooperaci\u00f3 Internacional al Desenrotllament de la UMH a Ruanda 2026. Conveni UMH-GVA\n<ul>\n<li><a href=\"https:\/\/internacional.umh.es\/files\/2025\/12\/Anexo-II.docx\">Annex II: Sol\u00b7licitud de pla\u00e7a de voluntariat en el Programa de Cooperaci\u00f3 Internacional de la UMH a Ruanda 2026<\/a><\/li>\n<\/ul>\n<\/li>\n<\/ul>\n<p>El termini de presentaci\u00f3 de sol\u00b7licituds comen\u00e7a el 17 de desembre de 2025 i\u00a0finalitza el pr\u00f2xim 20 de gener de 2026.<\/strong><\/p>\n<hr>\n<h4><strong>Convocat\u00f2ries anteriors:<\/strong><\/h4>\n<ul>\n<li><a href=\"https:\/\/internacional.umh.es\/ca\/voluntariado-en-ruanda-2023\/\">Convocat\u00f2ria estiu 2023<\/a><\/li>\n<li><a title=\"Accedeix ara a tota la informaci\u00f3 sobre la convocat\u00f2ria d'estiu de 2022\" href=\"https:\/\/internacional.umh.es\/ca\/cooperacion-y-voluntariado\/voluntariado\/voluntariado-en-ruanda\/convocatoria-verano-2022\/\">Convocat\u00f2ria estiu 2022<\/a><\/li>\n<li><a title=\"Accedeix ara a tota la informaci\u00f3 sobre la convocat\u00f2ria d'estiu de 2021\" href=\"https:\/\/internacional.umh.es\/ca\/cooperacion-i-voluntariat\/voluntariat\/voluntariat-en-ruanda\/convocat\u00f2ria-estiu-2021\/\">Convocat\u00f2ria estiu 2021<\/a><\/li>\n<li><a title=\"Accedeix ara a tota la informaci\u00f3 sobre la convocat\u00f2ria d'estiu de 2020\" href=\"https:\/\/internacional.umh.es\/ca\/cooperacion-y-voluntariado\/voluntariado\/voluntariado-en-ruanda\/convocatoria-verano-2020\/\">Convocat\u00f2ria estiu 2020<\/a><\/li>\n<li><a title=\"Accedeix ara a tota la informaci\u00f3 sobre la convocat\u00f2ria d'estiu de 2019\" href=\"https:\/\/internacional.umh.es\/ca\/cooperacion-y-voluntariado\/voluntariado\/voluntariado-en-ruanda\/convocatoria-verano-2019\/\">Convocat\u00f2ria estiu 2019<\/a><\/li>\n<li><a title=\"Accedeix ara a tota la informaci\u00f3 sobre la convocat\u00f2ria d'estiu de 2018\" href=\"https:\/\/internacional.umh.es\/ca\/cooperacion-y-voluntariado\/voluntariado\/voluntariado-en-ruanda\/convocatoria-verano-2018\/\">Convocat\u00f2ria estiu 2018<\/a><\/li>\n<\/ul>\n<hr>\n<iframe  style=\"display: block; margin: 0px auto;\"  id=\"_ytid_99623\"  width=\"480\" height=\"270\"  data-origwidth=\"480\" data-origheight=\"270\" src=\"https:\/\/www.youtube.com\/embed\/tOqq8jxtECU?enablejsapi=1&autoplay=0&cc_load_policy=0&cc_lang_pref=&iv_load_policy=1&loop=0&modestbranding=0&rel=1&fs=1&playsinline=0&autohide=2&theme=dark&color=red&controls=1&\" class=\"__youtube_prefs__  no-lazyload\" title=\"YouTube player\"  allow=\"accelerometer; autoplay; clipboard-write; encrypted-media; gyroscope; picture-in-picture\" allowfullscreen data-no-lazy=\"1\" data-skipgform_ajax_framebjll=\"\"><\/iframe>\n<iframe  style=\"display: block; margin: 0px auto;\"  id=\"_ytid_37124\"  width=\"480\" height=\"270\"  data-origwidth=\"480\" data-origheight=\"270\" src=\"https:\/\/www.youtube.com\/embed\/oQSgef9rZbI?enablejsapi=1&autoplay=0&cc_load_policy=0&cc_lang_pref=&iv_load_policy=1&loop=0&modestbranding=0&rel=1&fs=1&playsinline=0&autohide=2&theme=dark&color=red&controls=1&\" class=\"__youtube_prefs__  no-lazyload\" title=\"YouTube player\"  allow=\"accelerometer; autoplay; clipboard-write; encrypted-media; gyroscope; picture-in-picture\" allowfullscreen data-no-lazy=\"1\" data-skipgform_ajax_framebjll=\"\"><\/iframe>\n<iframe  style=\"display: block; margin: 0px auto;\"  id=\"_ytid_91841\"  width=\"480\" height=\"270\"  data-origwidth=\"480\" data-origheight=\"270\" src=\"https:\/\/www.youtube.com\/embed\/vQqPHxOR4Rc?enablejsapi=1&autoplay=0&cc_load_policy=0&cc_lang_pref=&iv_load_policy=1&loop=0&modestbranding=0&rel=1&fs=1&playsinline=0&autohide=2&theme=dark&color=red&controls=1&\" class=\"__youtube_prefs__  no-lazyload\" title=\"YouTube player\"  allow=\"accelerometer; autoplay; clipboard-write; encrypted-media; gyroscope; picture-in-picture\" allowfullscreen data-no-lazy=\"1\" data-skipgform_ajax_framebjll=\"\"><\/iframe>\n<hr>\n<h4><strong>Altres experi\u00e8ncies i testimoniatges:<\/strong><\/h4>\n<ul>\n<li><a title=\"Ho veur\u00e0s en una nova finestra\" href=\"https:\/\/radio.umh.es\/category\/programas-radio-umh-2012-2013\/igualdad\/catedra-ruanda\/\" target=\"_blank\" rel=\"noopener noreferrer\">Testimoniatges i informaci\u00f3 en l&#8217;espai radiof\u00f2nic &#8216;Ruanda, el cinqu\u00e9 campus&#8217;<\/a><\/li>\n<li><a title=\"Ho veur\u00e0s en una nova finestra\" href=\"https:\/\/internacional.umh.es\/2015\/12\/22\/lucia-asensi-voluntaria-en-rwanda-aprendi-la-importancia-de-compartir-todo-aquello-que-tengas-para-ayudar-a-alguien-que-lo-necesite\/\" target=\"_blank\" rel=\"noopener noreferrer\">Luc\u00eda Asensi, volunt\u00e0ria a Ruanda: \u201cVaig aprendre la import\u00e0ncia de compartir tot all\u00f2 que tingues per a ajudar a alg\u00fa que ho necessite\u201d<\/a><\/li>\n<li><a title=\"Ho veur\u00e0s en una nova finestra\" href=\"https:\/\/radio.umh.es\/2016\/10\/06\/la-cateda-sede-umh-en-rwanda-en-alumni-umh-6-de-octubre-de-2016\/\" target=\"_blank\" rel=\"noopener noreferrer\">Testimoniatges de Alumnis que han participat en el programa de voluntariat de la UMH a Ruanda<\/a><\/li>\n<\/ul>\n<hr>\n<h4><strong>Preguntes freq\u00fcents<\/strong><\/h4>\n<p><a title=\"Ho veur\u00e0s en una nova finestra\" href=\"https:\/\/internacional.umh.es\/files\/2017\/01\/FAQ-Programa-de-voluntariado-de-la-UMH-en-Ruanda-1.pdf\" target=\"_blank\" rel=\"noopener noreferrer\"><img loading=\"lazy\" class=\"wp-image-3989 alignleft\" title=\"Troba respostes a totes les preguntes sobre el voluntariat UMH a Ruanda\" src=\"https:\/\/internacional.umh.es\/files\/2017\/01\/faqruanda.jpg\" alt=\"FAQ Voluntariat Ruanda Preguntes freq\u00fcents bot\u00f3\" width=\"189\" height=\"71\"><\/a><\/p>\n<p style=\"text-align: left\"><a title=\"Ho veur\u00e0s en una nova finestra\" href=\"https:\/\/internacional.umh.es\/files\/2017\/01\/FAQ-Programa-de-voluntariado-de-la-UMH-en-Ruanda-1.pdf\" target=\"_blank\" rel=\"noopener noreferrer\">Document FAQ preguntes freq\u00fcents del programa de voluntariat de la UMH a Ruanda (288Kb Castell\u00e0 .pdf)<\/a><\/p>\n<p>&nbsp;<br \/>\n<strong>Contacte:<\/strong><br \/>\nServei de Relacions Internacionals, Cooperaci\u00f3 al Desenvolupament i Voluntariat<br \/>\nEdifici La G\u00e0l\u00b7lia &#8211; 1a Planta<br \/>\n<a title=\"Ho veur\u00e0s en una nova finestra\" href=\"mailto:sederuanda@umh.es\" target=\"_blank\" rel=\"noopener\">sederuanda@umh.es<\/a><br \/>\n966 65 86 83<\/p>","protected":false},"excerpt":{"rendered":"<p>L&#8217;objectiu d&#8217;aquest programa de Voluntariat de Cooperaci\u00f3 Internacional al Desenvolupament de la UMH a Ruanda \u00e9s la formaci\u00f3 del voluntariat a nivell teoricopr\u00e0ctic, i la realitzaci\u00f3 d&#8217;activitats de voluntariat en cooperaci\u00f3 al desenvolupament. Est\u00e0 destinat a tots els col\u00b7lectius de la UMH: Personal Docent i Investigador, Personal T\u00e8cnic i de Gesti\u00f3 i d&#8217;Administraci\u00f3 i Serveis, [&#8230;]<\/p>\n","protected":false},"author":3296,"featured_media":0,"parent":7283,"menu_order":4,"comment_status":"closed","ping_status":"closed","template":"","meta":{"ngg_post_thumbnail":0,"_links_to":"","_links_to_target":""},"yoast_head":"<!-- This site is optimized with the Yoast SEO plugin v17.5 - https:\/\/yoast.com\/wordpress\/plugins\/seo\/ -->\n<meta name=\"description\" content=\"El objetivo de este programa de Voluntariado en Ruanda de Cooperaci\u00f3n Internacional al Desarrollo de la UMH es la formaci\u00f3n del voluntariado.\" \/>\n<meta name=\"robots\" content=\"index, follow, max-snippet:-1, max-image-preview:large, max-video-preview:-1\" \/>\n<link rel=\"canonical\" href=\"https:\/\/internacional.umh.es\/ca\/cooperacion-y-voluntariado\/voluntariado\/voluntariado-en-ruanda\/\" \/>\n<meta property=\"og:locale\" content=\"ca_ES\" \/>\n<meta property=\"og:type\" content=\"article\" \/>\n<meta property=\"og:title\" content=\"UMH Ruanda - Internacionalitzaci\u00f3 i Cooperaci\u00f3\" \/>\n<meta property=\"og:description\" content=\"El objetivo de este programa de Voluntariado en Ruanda de Cooperaci\u00f3n Internacional al Desarrollo de la UMH es la formaci\u00f3n del voluntariado.\" \/>\n<meta property=\"og:url\" content=\"https:\/\/internacional.umh.es\/cooperacion-y-voluntariado\/voluntariado\/voluntariado-en-ruanda\/\" \/>\n<meta property=\"og:site_name\" content=\"Internacionalitzaci\u00f3 i Cooperaci\u00f3\" \/>\n<meta property=\"article:modified_time\" content=\"2026-03-06T12:41:54+00:00\" \/>\n<meta property=\"og:image\" content=\"https:\/\/internacional.umh.es\/files\/2017\/01\/faqruanda.jpg\" \/>\n<meta name=\"twitter:card\" content=\"summary_large_image\" \/>\n<meta name=\"twitter:label1\" content=\"Est. reading time\" \/>\n\t<meta name=\"twitter:data1\" content=\"3 minuts\" \/>\n<script type=\"application\/ld+json\" class=\"yoast-schema-graph\">{\"@context\":\"https:\/\/schema.org\",\"@graph\":[{\"@type\":\"WebSite\",\"@id\":\"https:\/\/internacional.umh.es\/en\/#website\",\"url\":\"https:\/\/internacional.umh.es\/en\/\",\"name\":\"Internacionalitzaci\\u00f3 i Cooperaci\\u00f3\",\"description\":\"Universitat Miguel Hern\\u00e1ndez d&#039;Elx\",\"potentialAction\":[{\"@type\":\"SearchAction\",\"target\":{\"@type\":\"EntryPoint\",\"urlTemplate\":\"https:\/\/internacional.umh.es\/en\/?s={search_term_string}\"},\"query-input\":\"required name=search_term_string\"}],\"inLanguage\":\"ca\"},{\"@type\":\"ImageObject\",\"@id\":\"https:\/\/internacional.umh.es\/cooperacion-y-voluntariado\/voluntariado\/voluntariado-en-ruanda\/#primaryimage\",\"inLanguage\":\"ca\",\"url\":\"https:\/\/internacional.umh.es\/files\/2017\/01\/faqruanda.jpg\",\"contentUrl\":\"https:\/\/internacional.umh.es\/files\/2017\/01\/faqruanda.jpg\",\"width\":146,\"height\":55,\"caption\":\"FAQ Ruanda bot\\u00f3n\"},{\"@type\":\"WebPage\",\"@id\":\"https:\/\/internacional.umh.es\/cooperacion-y-voluntariado\/voluntariado\/voluntariado-en-ruanda\/#webpage\",\"url\":\"https:\/\/internacional.umh.es\/cooperacion-y-voluntariado\/voluntariado\/voluntariado-en-ruanda\/\",\"name\":\"UMH Ruanda - Internacionalitzaci\\u00f3 i Cooperaci\\u00f3\",\"isPartOf\":{\"@id\":\"https:\/\/internacional.umh.es\/en\/#website\"},\"primaryImageOfPage\":{\"@id\":\"https:\/\/internacional.umh.es\/cooperacion-y-voluntariado\/voluntariado\/voluntariado-en-ruanda\/#primaryimage\"},\"datePublished\":\"2017-01-23T09:53:38+00:00\",\"dateModified\":\"2026-03-06T12:41:54+00:00\",\"description\":\"El objetivo de este programa de Voluntariado en Ruanda de Cooperaci\\u00f3n Internacional al Desarrollo de la UMH es la formaci\\u00f3n del voluntariado.\",\"breadcrumb\":{\"@id\":\"https:\/\/internacional.umh.es\/cooperacion-y-voluntariado\/voluntariado\/voluntariado-en-ruanda\/#breadcrumb\"},\"inLanguage\":\"ca\",\"potentialAction\":[{\"@type\":\"ReadAction\",\"target\":[\"https:\/\/internacional.umh.es\/cooperacion-y-voluntariado\/voluntariado\/voluntariado-en-ruanda\/\"]}]},{\"@type\":\"BreadcrumbList\",\"@id\":\"https:\/\/internacional.umh.es\/cooperacion-y-voluntariado\/voluntariado\/voluntariado-en-ruanda\/#breadcrumb\",\"itemListElement\":[{\"@type\":\"ListItem\",\"position\":1,\"name\":\"Home\",\"item\":\"https:\/\/internacional.umh.es\/en\/\"},{\"@type\":\"ListItem\",\"position\":2,\"name\":\"COOPERACI\\u00d3 I VOLUNTARIAT\",\"item\":\"https:\/\/internacional.umh.es\/ca\/cooperacion-y-voluntariado\/\"},{\"@type\":\"ListItem\",\"position\":3,\"name\":\"Voluntariat\",\"item\":\"https:\/\/internacional.umh.es\/ca\/cooperacion-y-voluntariado\/voluntariado\/\"},{\"@type\":\"ListItem\",\"position\":4,\"name\":\"Voluntariado en Ruanda\"}]}]}<\/script>\n<!-- \/ Yoast SEO plugin. -->","yoast_head_json":{"description":"El objetivo de este programa de Voluntariado en Ruanda de Cooperaci\u00f3n Internacional al Desarrollo de la UMH es la formaci\u00f3n del voluntariado.","robots":{"index":"index","follow":"follow","max-snippet":"max-snippet:-1","max-image-preview":"max-image-preview:large","max-video-preview":"max-video-preview:-1"},"canonical":"https:\/\/internacional.umh.es\/ca\/cooperacion-y-voluntariado\/voluntariado\/voluntariado-en-ruanda\/","og_locale":"ca_ES","og_type":"article","og_title":"UMH Ruanda - Internacionalitzaci\u00f3 i Cooperaci\u00f3","og_description":"El objetivo de este programa de Voluntariado en Ruanda de Cooperaci\u00f3n Internacional al Desarrollo de la UMH es la formaci\u00f3n del voluntariado.","og_url":"https:\/\/internacional.umh.es\/cooperacion-y-voluntariado\/voluntariado\/voluntariado-en-ruanda\/","og_site_name":"Internacionalitzaci\u00f3 i Cooperaci\u00f3","article_modified_time":"2026-03-06T12:41:54+00:00","og_image":[{"url":"https:\/\/internacional.umh.es\/files\/2017\/01\/faqruanda.jpg"}],"twitter_card":"summary_large_image","twitter_misc":{"Est. reading time":"3 minuts"},"schema":{"@context":"https:\/\/schema.org","@graph":[{"@type":"WebSite","@id":"https:\/\/internacional.umh.es\/en\/#website","url":"https:\/\/internacional.umh.es\/en\/","name":"Internacionalitzaci\u00f3 i Cooperaci\u00f3","description":"Universitat Miguel Hern\u00e1ndez d&#039;Elx","potentialAction":[{"@type":"SearchAction","target":{"@type":"EntryPoint","urlTemplate":"https:\/\/internacional.umh.es\/en\/?s={search_term_string}"},"query-input":"required name=search_term_string"}],"inLanguage":"ca"},{"@type":"ImageObject","@id":"https:\/\/internacional.umh.es\/cooperacion-y-voluntariado\/voluntariado\/voluntariado-en-ruanda\/#primaryimage","inLanguage":"ca","url":"https:\/\/internacional.umh.es\/files\/2017\/01\/faqruanda.jpg","contentUrl":"https:\/\/internacional.umh.es\/files\/2017\/01\/faqruanda.jpg","width":146,"height":55,"caption":"FAQ Ruanda bot\u00f3n"},{"@type":"WebPage","@id":"https:\/\/internacional.umh.es\/cooperacion-y-voluntariado\/voluntariado\/voluntariado-en-ruanda\/#webpage","url":"https:\/\/internacional.umh.es\/cooperacion-y-voluntariado\/voluntariado\/voluntariado-en-ruanda\/","name":"UMH Ruanda - Internacionalitzaci\u00f3 i Cooperaci\u00f3","isPartOf":{"@id":"https:\/\/internacional.umh.es\/en\/#website"},"primaryImageOfPage":{"@id":"https:\/\/internacional.umh.es\/cooperacion-y-voluntariado\/voluntariado\/voluntariado-en-ruanda\/#primaryimage"},"datePublished":"2017-01-23T09:53:38+00:00","dateModified":"2026-03-06T12:41:54+00:00","description":"El objetivo de este programa de Voluntariado en Ruanda de Cooperaci\u00f3n Internacional al Desarrollo de la UMH es la formaci\u00f3n del voluntariado.","breadcrumb":{"@id":"https:\/\/internacional.umh.es\/cooperacion-y-voluntariado\/voluntariado\/voluntariado-en-ruanda\/#breadcrumb"},"inLanguage":"ca","potentialAction":[{"@type":"ReadAction","target":["https:\/\/internacional.umh.es\/cooperacion-y-voluntariado\/voluntariado\/voluntariado-en-ruanda\/"]}]},{"@type":"BreadcrumbList","@id":"https:\/\/internacional.umh.es\/cooperacion-y-voluntariado\/voluntariado\/voluntariado-en-ruanda\/#breadcrumb","itemListElement":[{"@type":"ListItem","position":1,"name":"Home","item":"https:\/\/internacional.umh.es\/en\/"},{"@type":"ListItem","position":2,"name":"COOPERACI\u00d3 I VOLUNTARIAT","item":"https:\/\/internacional.umh.es\/ca\/cooperacion-y-voluntariado\/"},{"@type":"ListItem","position":3,"name":"Voluntariat","item":"https:\/\/internacional.umh.es\/ca\/cooperacion-y-voluntariado\/voluntariado\/"},{"@type":"ListItem","position":4,"name":"Voluntariado en Ruanda"}]}]}},"_links":{"self":[{"href":"https:\/\/internacional.umh.es\/ca\/wp-json\/wp\/v2\/pages\/3971"}],"collection":[{"href":"https:\/\/internacional.umh.es\/ca\/wp-json\/wp\/v2\/pages"}],"about":[{"href":"https:\/\/internacional.umh.es\/ca\/wp-json\/wp\/v2\/types\/page"}],"author":[{"embeddable":true,"href":"https:\/\/internacional.umh.es\/ca\/wp-json\/wp\/v2\/users\/3296"}],"replies":[{"embeddable":true,"href":"https:\/\/internacional.umh.es\/ca\/wp-json\/wp\/v2\/comments?post=3971"}],"version-history":[{"count":0,"href":"https:\/\/internacional.umh.es\/ca\/wp-json\/wp\/v2\/pages\/3971\/revisions"}],"up":[{"embeddable":true,"href":"https:\/\/internacional.umh.es\/ca\/wp-json\/wp\/v2\/pages\/7283"}],"wp:attachment":[{"href":"https:\/\/internacional.umh.es\/ca\/wp-json\/wp\/v2\/media?parent=3971"}],"curies":[{"name":"wp","href":"https:\/\/api.w.org\/{rel}","templated":true}]}}