{"id":3982,"date":"2017-01-24T10:01:18","date_gmt":"2017-01-24T09:01:18","guid":{"rendered":"http:\/\/internacional.umh.es\/?page_id=3982"},"modified":"2025-02-25T09:13:57","modified_gmt":"2025-02-25T08:13:57","slug":"cooperacion-y-voluntariado","status":"publish","type":"page","link":"https:\/\/internacional.umh.es\/ca\/cooperacion-y-voluntariado\/","title":{"rendered":"COOPERACI\u00d3 I VOLUNTARIAT"},"content":{"rendered":"<p><\/p>\n<p style=\"margin-bottom: 39px\"><iframe  style=\"display: block; margin: 0px auto;\"  id=\"_ytid_80265\"  width=\"480\" height=\"270\"  data-origwidth=\"480\" data-origheight=\"270\" src=\"https:\/\/www.youtube.com\/embed\/yrmoYrcNZCY?enablejsapi=1&autoplay=0&cc_load_policy=0&cc_lang_pref=&iv_load_policy=1&loop=0&modestbranding=0&rel=1&fs=1&playsinline=0&autohide=2&theme=dark&color=red&controls=1&\" class=\"__youtube_prefs__  no-lazyload\" title=\"YouTube player\"  allow=\"accelerometer; autoplay; clipboard-write; encrypted-media; gyroscope; picture-in-picture\" allowfullscreen data-no-lazy=\"1\" data-skipgform_ajax_framebjll=\"\"><\/iframe><\/p>\n<p style=\"text-align: justify\">La missi\u00f3 de <a title=\"Visita per a m\u00e9s informaci\u00f3 sobre cooperaci\u00f3 i voluntariat en la UMH\" href=\"https:\/\/internacional.umh.es\/ca\/conocenos\/servicio-de-relaciones-internacionales-cooperacion-al-desarrollo-y-voluntariado\/cooperacion-al-desarrollo-y-voluntariado\/\"><strong>l&#8217;\u00c0rea de Cooperaci\u00f3 al Desenvolupament i Voluntariat de la Universitat Miguel Hern\u00e1ndez<\/strong><\/a> \u00e9s promoure i canalitzar les l\u00ednies d&#8217;acci\u00f3 solid\u00e0ries que sorgeixen de la nostra comunitat universit\u00e0ria i de la societat en general, amb la finalitat d&#8217;aconseguir els objectius establits en <strong> l&#8217;Estrat\u00e8gia de Cooperaci\u00f3 Universit\u00e0ria al Desenvolupament<\/strong>, en el marc dels <a title=\"Ho veur\u00e0s en una nova finestra\" href=\"https:\/\/www.un.org\/sustainabledevelopment\/es\/objetivos-de-desarrollo-sostenible\/\" target=\"_blank\" rel=\"noopener noreferrer\"><strong>Objectius de Desenvolupament Sostenible (ODS)<\/strong><\/a> de <strong>l&#8217;Agenda 2030<\/strong> de les Nacions Unides.<\/p>\n<h3><strong>Funcions de Cooperaci\u00f3 i Voluntariat<\/strong><\/h3>\n<p>Per a aix\u00f2, l&#8217;\u00c0rea de Cooperaci\u00f3 al Desenvolupament i Voluntariat s&#8217;encarrega de:<\/p>\n<ul>\n<li style=\"text-align: justify\">Fomentar, difondre, informar i coordinar les iniciatives en els \u00e0mbits docent i d&#8217;investigaci\u00f3 desenvolupades en la UMH, destinades a fins solidaris, de just\u00edcia social, voluntariat i cooperaci\u00f3 al desenvolupament.<\/li>\n<li style=\"text-align: justify\">Facilitar als membres de la comunitat universit\u00e0ria la possibilitat d&#8217;actuar com a voluntaris en el marc del voluntariat social en el nostre entorn i en el de la cooperaci\u00f3 al desenvolupament d&#8217;altres pa\u00efsos.<\/li>\n<li style=\"text-align: justify\">Coordinar les accions i projectes de cooperaci\u00f3 al desenvolupament que es duguen a terme per membres de la comunitat universit\u00e0ria, o pels seus centres.<\/li>\n<li style=\"text-align: justify\">Sensibilitzar i formar a tots els col\u00b7lectius universitaris en temes de cooperaci\u00f3, proporcionant una formaci\u00f3 concorde a la realitat actual.<\/li>\n<li style=\"text-align: justify\">Presentar als diferents interlocutors socials i governamentals projectes de desenvolupament i formulats per la universitat amb vista a l&#8217;obtenci\u00f3 de recursos econ\u00f2mics<\/li>\n<\/ul>\n<p><\/p>","protected":false},"excerpt":{"rendered":"<p>La missi\u00f3 de l&#8217;\u00c0rea de Cooperaci\u00f3 al Desenvolupament i Voluntariat de la Universitat Miguel Hern\u00e1ndez \u00e9s promoure i canalitzar les l\u00ednies d&#8217;acci\u00f3 solid\u00e0ries que sorgeixen de la nostra comunitat universit\u00e0ria i de la societat en general, amb la finalitat d&#8217;aconseguir els objectius establits en  l&#8217;Estrat\u00e8gia de Cooperaci\u00f3 Universit\u00e0ria al Desenvolupament, en el marc dels [&#8230;]<\/p>\n","protected":false},"author":5216,"featured_media":0,"parent":0,"menu_order":5,"comment_status":"closed","ping_status":"closed","template":"","meta":{"ngg_post_thumbnail":0,"_links_to":"","_links_to_target":""},"yoast_head":"<!-- This site is optimized with the Yoast SEO plugin v17.5 - https:\/\/yoast.com\/wordpress\/plugins\/seo\/ -->\n<meta name=\"description\" content=\"El \u00c1rea de Cooperaci\u00f3n y Voluntariado UMH promueve acciones solidarias por objetivos\u00a0ESCUDE en el marco de Objetivos Desarrollo y Agenda 2030\" \/>\n<meta name=\"robots\" content=\"index, follow, max-snippet:-1, max-image-preview:large, max-video-preview:-1\" \/>\n<link rel=\"canonical\" href=\"https:\/\/internacional.umh.es\/ca\/cooperacion-y-voluntariado\/\" \/>\n<meta property=\"og:locale\" content=\"ca_ES\" \/>\n<meta property=\"og:type\" content=\"article\" \/>\n<meta property=\"og:title\" content=\"COOPERACI\u00d3 I VOLUNTARIAT - Internacionalitzaci\u00f3 i Cooperaci\u00f3\" \/>\n<meta property=\"og:description\" content=\"El \u00c1rea de Cooperaci\u00f3n y Voluntariado UMH promueve acciones solidarias por objetivos\u00a0ESCUDE en el marco de Objetivos Desarrollo y Agenda 2030\" \/>\n<meta property=\"og:url\" content=\"https:\/\/internacional.umh.es\/ca\/cooperacion-y-voluntariado\/\" \/>\n<meta property=\"og:site_name\" content=\"Internacionalitzaci\u00f3 i Cooperaci\u00f3\" \/>\n<meta property=\"article:modified_time\" content=\"2025-02-25T08:13:57+00:00\" \/>\n<meta name=\"twitter:card\" content=\"summary_large_image\" \/>\n<meta name=\"twitter:label1\" content=\"Est. reading time\" \/>\n\t<meta name=\"twitter:data1\" content=\"4 minuts\" \/>\n<script type=\"application\/ld+json\" class=\"yoast-schema-graph\">{\"@context\":\"https:\/\/schema.org\",\"@graph\":[{\"@type\":\"WebSite\",\"@id\":\"https:\/\/internacional.umh.es\/en\/#website\",\"url\":\"https:\/\/internacional.umh.es\/en\/\",\"name\":\"Internacionalitzaci\\u00f3 i Cooperaci\\u00f3\",\"description\":\"Universitat Miguel Hern\\u00e1ndez d&#039;Elx\",\"potentialAction\":[{\"@type\":\"SearchAction\",\"target\":{\"@type\":\"EntryPoint\",\"urlTemplate\":\"https:\/\/internacional.umh.es\/en\/?s={search_term_string}\"},\"query-input\":\"required name=search_term_string\"}],\"inLanguage\":\"ca\"},{\"@type\":\"WebPage\",\"@id\":\"https:\/\/internacional.umh.es\/ca\/cooperacion-y-voluntariado\/#webpage\",\"url\":\"https:\/\/internacional.umh.es\/ca\/cooperacion-y-voluntariado\/\",\"name\":\"COOPERACI\\u00d3 I VOLUNTARIAT - Internacionalitzaci\\u00f3 i Cooperaci\\u00f3\",\"isPartOf\":{\"@id\":\"https:\/\/internacional.umh.es\/en\/#website\"},\"datePublished\":\"2017-01-24T09:01:18+00:00\",\"dateModified\":\"2025-02-25T08:13:57+00:00\",\"description\":\"El \\u00c1rea de Cooperaci\\u00f3n y Voluntariado UMH promueve acciones solidarias por objetivos\\u00a0ESCUDE en el marco de Objetivos Desarrollo y Agenda 2030\",\"breadcrumb\":{\"@id\":\"https:\/\/internacional.umh.es\/ca\/cooperacion-y-voluntariado\/#breadcrumb\"},\"inLanguage\":\"ca\",\"potentialAction\":[{\"@type\":\"ReadAction\",\"target\":[\"https:\/\/internacional.umh.es\/ca\/cooperacion-y-voluntariado\/\"]}]},{\"@type\":\"BreadcrumbList\",\"@id\":\"https:\/\/internacional.umh.es\/ca\/cooperacion-y-voluntariado\/#breadcrumb\",\"itemListElement\":[{\"@type\":\"ListItem\",\"position\":1,\"name\":\"Home\",\"item\":\"https:\/\/internacional.umh.es\/en\/\"},{\"@type\":\"ListItem\",\"position\":2,\"name\":\"COOPERACI\\u00d3 I VOLUNTARIAT\"}]}]}<\/script>\n<!-- \/ Yoast SEO plugin. -->","yoast_head_json":{"description":"El \u00c1rea de Cooperaci\u00f3n y Voluntariado UMH promueve acciones solidarias por objetivos\u00a0ESCUDE en el marco de Objetivos Desarrollo y Agenda 2030","robots":{"index":"index","follow":"follow","max-snippet":"max-snippet:-1","max-image-preview":"max-image-preview:large","max-video-preview":"max-video-preview:-1"},"canonical":"https:\/\/internacional.umh.es\/ca\/cooperacion-y-voluntariado\/","og_locale":"ca_ES","og_type":"article","og_title":"COOPERACI\u00d3 I VOLUNTARIAT - Internacionalitzaci\u00f3 i Cooperaci\u00f3","og_description":"El \u00c1rea de Cooperaci\u00f3n y Voluntariado UMH promueve acciones solidarias por objetivos\u00a0ESCUDE en el marco de Objetivos Desarrollo y Agenda 2030","og_url":"https:\/\/internacional.umh.es\/ca\/cooperacion-y-voluntariado\/","og_site_name":"Internacionalitzaci\u00f3 i Cooperaci\u00f3","article_modified_time":"2025-02-25T08:13:57+00:00","twitter_card":"summary_large_image","twitter_misc":{"Est. reading time":"4 minuts"},"schema":{"@context":"https:\/\/schema.org","@graph":[{"@type":"WebSite","@id":"https:\/\/internacional.umh.es\/en\/#website","url":"https:\/\/internacional.umh.es\/en\/","name":"Internacionalitzaci\u00f3 i Cooperaci\u00f3","description":"Universitat Miguel Hern\u00e1ndez d&#039;Elx","potentialAction":[{"@type":"SearchAction","target":{"@type":"EntryPoint","urlTemplate":"https:\/\/internacional.umh.es\/en\/?s={search_term_string}"},"query-input":"required name=search_term_string"}],"inLanguage":"ca"},{"@type":"WebPage","@id":"https:\/\/internacional.umh.es\/ca\/cooperacion-y-voluntariado\/#webpage","url":"https:\/\/internacional.umh.es\/ca\/cooperacion-y-voluntariado\/","name":"COOPERACI\u00d3 I VOLUNTARIAT - Internacionalitzaci\u00f3 i Cooperaci\u00f3","isPartOf":{"@id":"https:\/\/internacional.umh.es\/en\/#website"},"datePublished":"2017-01-24T09:01:18+00:00","dateModified":"2025-02-25T08:13:57+00:00","description":"El \u00c1rea de Cooperaci\u00f3n y Voluntariado UMH promueve acciones solidarias por objetivos\u00a0ESCUDE en el marco de Objetivos Desarrollo y Agenda 2030","breadcrumb":{"@id":"https:\/\/internacional.umh.es\/ca\/cooperacion-y-voluntariado\/#breadcrumb"},"inLanguage":"ca","potentialAction":[{"@type":"ReadAction","target":["https:\/\/internacional.umh.es\/ca\/cooperacion-y-voluntariado\/"]}]},{"@type":"BreadcrumbList","@id":"https:\/\/internacional.umh.es\/ca\/cooperacion-y-voluntariado\/#breadcrumb","itemListElement":[{"@type":"ListItem","position":1,"name":"Home","item":"https:\/\/internacional.umh.es\/en\/"},{"@type":"ListItem","position":2,"name":"COOPERACI\u00d3 I VOLUNTARIAT"}]}]}},"_links":{"self":[{"href":"https:\/\/internacional.umh.es\/ca\/wp-json\/wp\/v2\/pages\/3982"}],"collection":[{"href":"https:\/\/internacional.umh.es\/ca\/wp-json\/wp\/v2\/pages"}],"about":[{"href":"https:\/\/internacional.umh.es\/ca\/wp-json\/wp\/v2\/types\/page"}],"author":[{"embeddable":true,"href":"https:\/\/internacional.umh.es\/ca\/wp-json\/wp\/v2\/users\/5216"}],"replies":[{"embeddable":true,"href":"https:\/\/internacional.umh.es\/ca\/wp-json\/wp\/v2\/comments?post=3982"}],"version-history":[{"count":0,"href":"https:\/\/internacional.umh.es\/ca\/wp-json\/wp\/v2\/pages\/3982\/revisions"}],"wp:attachment":[{"href":"https:\/\/internacional.umh.es\/ca\/wp-json\/wp\/v2\/media?parent=3982"}],"curies":[{"name":"wp","href":"https:\/\/api.w.org\/{rel}","templated":true}]}}