{"id":4043,"date":"2017-02-10T12:40:18","date_gmt":"2017-02-10T11:40:18","guid":{"rendered":"http:\/\/internacional.umh.es\/?page_id=4043"},"modified":"2022-04-01T09:19:41","modified_gmt":"2022-04-01T07:19:41","slug":"convocatoria-sicue-2016-2017","status":"publish","type":"page","link":"https:\/\/internacional.umh.es\/ca\/convocatoria-sicue-2016-2017\/","title":{"rendered":"Convocat\u00f2ria SICUE 2016\/2017"},"content":{"rendered":"<p><\/p>\n<ul>\n<li>\n<p style=\"text-align: justify\">El Vicerectorat de Relacions Internacionals de la UMH publica el<a title=\"Ho veur\u00e0s en una nova finestra\" href=\"https:\/\/internacional.umh.es\/files\/2022\/03\/RE_2016_001_10969.pdf\" target=\"_blank\" rel=\"noopener noreferrer\"><strong> llistat definitiu de beques assignades<\/strong> per a ajudar a finan\u00e7ar estades de mobilitat nacional SICUE (1,09Mb Castell\u00e0 .pdf)<\/a> durant el curs acad\u00e8mic 2016\/2017.<\/p>\n<\/li>\n<li>\n<p style=\"text-align: justify\">El Vicerectorat de Relacions Internacionals publica el <strong><a title=\"Ho veur\u00e0s en una nova finestra\" href=\"https:\/\/internacional.umh.es\/files\/2010\/09\/sicue-becas.pdf\" target=\"_blank\" rel=\"noopener noreferrer\">llistat definitiu de sol\u00b7licituds admeses i excloses i el llistat provisional d&#8217;ajudes assignades i llista d&#8217;espera (863Kb Castell\u00e0 .pdf)<\/a><\/strong> per a les beques UMH destinades a ajudar a finan\u00e7ar les estades SICUE en el curs 2016\/2017. Els estudiants podran presentar les seues al\u00b7legacions fins al dia <strong>4 de juliol<\/strong> a trav\u00e9s de Registre General o Auxiliars <strong>mitjan\u00e7ant inst\u00e0ncia &#8216;Exposa-Sol\u00b7licita&#8217;<\/strong> dirigida al Vicerector de Relacions Internacionals. En cas de dubtes, els interessats poden contactar amb <a title=\"Ho veur\u00e0s en una nova finestra\" href=\"mailto:movilidad@umh.es\" target=\"_blank\" rel=\"noopener\">movilidad@umh.es<\/a> o telefonar al 965 222 146.<\/p>\n<\/li>\n<li>\n<p style=\"text-align: justify\">El Vicerectorat de Relacions Internacionals de la Universitat Miguel Hern\u00e1ndez (UMH) d&#8217;Elx publica la <strong><a title=\"Ho veur\u00e0s en una nova finestra\" href=\"https:\/\/internacional.umh.es\/files\/2016\/05\/RE_2016_001_6570.pdf\" target=\"_blank\" rel=\"noopener noreferrer\">convocat\u00f2ria de Beques UMH per a ajudar a finan\u00e7ar les estades dels estudiants que hagen obtingut pla\u00e7a en el programa SICUE (732Kb Castell\u00e0 .pdf)<\/a><\/strong> de mobilitat nacional per al curs 2016\/2017.<\/p>\n<\/li>\n<li>\n<p style=\"text-align: justify\">El Vicerectorat de Relacions Internacionals de la Universitat Miguel Hern\u00e1ndez (UMH) d&#8217;Elx publica l&#8217;adjudicaci\u00f3 <strong><a title=\"Ho veur\u00e0s en una nova finestra\" href=\"https:\/\/internacional.umh.es\/files\/2022\/03\/RE_2016_001_5947-definitiva-tras-subasta.pdf\" target=\"_blank\" rel=\"noopener noreferrer\">de les places vacants del programa de mobilitat nacional SICUE (571Kb Castell\u00e0 .pdf)<\/a><\/strong> per al curs acad\u00e8mic 2016\/2017.<\/p>\n<\/li>\n<li>\n<p style=\"text-align: justify\"><strong>Llistat definitiu:<\/strong> El Vicerectorat de Relacions Internacionals de la Universitat Miguel Hern\u00e1ndez (UMH) d&#8217;Elx publica el <strong>llistat definitiu de places assignades en el programa de mobilitat nacional SICUE<\/strong> per al curs acad\u00e8mic 2016\/2017.<\/p>\n<\/li>\n<li>\n<p style=\"text-align: justify\">El Vicerectorat de Relacions Internacionals de la Universitat Miguel Hern\u00e1ndez (UMH) d&#8217;Elx publica el llistat provisional de <strong>sol\u00b7licituds admeses i excloses <\/strong>i, advertit l&#8217;error, corregeix el <strong>llistat provisional de places assignades de la convocat\u00f2ria SICUE 2016\/2017.<\/strong><\/p>\n<\/li>\n<\/ul>\n<p><\/p>\n<table width=\"100%\">\n<tbody>\n<tr>\n<td colspan=\"3\" width=\"689\">\n<h5 style=\"text-align: center\"><strong>CALENDARI I DOCUMENTACI\u00d3 DE LA CONVOCAT\u00d2RIA SICUE 2016\/2017<\/strong><\/h5>\n<\/td>\n<\/tr>\n<tr>\n<td style=\"text-align: center\" width=\"239\"><strong>TR\u00c0MIT<\/strong><\/td>\n<td style=\"text-align: center\" width=\"251\"><strong>TERMINI<\/strong><\/td>\n<td style=\"text-align: center\" width=\"198\"><strong>DOCUMENTACI\u00d3<\/strong><\/td>\n<\/tr>\n<tr>\n<td>Negociaci\u00f3 amb els coordinadors de l&#8217;Acord Acad\u00e8mic de reconeixement d&#8217;assignatures.<\/td>\n<td>Presentaci\u00f3 abans del 15 de juny de 2016<\/td>\n<td><strong>&#8211; <a title=\"Ho veur\u00e0s en una nova finestra\" href=\"https:\/\/internacional.umh.es\/files\/2010\/09\/ACUERDO-ACAD\u00c9MICO.docx\" target=\"_blank\" rel=\"noopener noreferrer\">Acord Acad\u00e8mic (373Kb Castell\u00e0 .docx)<\/a><\/strong><\/p>\n<p><strong>&#8211; <a title=\"Ho veur\u00e0s en una nova finestra\" href=\"https:\/\/internacional.umh.es\/files\/2010\/09\/Instrucciones-para-cumplimentar-el-Acuerdo-Acad\u00e9mico.pdf\" target=\"_*blank\" rel=\"*noopener noreferrer noopener\">Instruccions per a l&#8217;elaboraci\u00f3 de l&#8217;acord acad\u00e8mic (79,5Kb Castell\u00e0 .pdf)<\/a><\/strong><\/td>\n<\/tr>\n<tr>\n<td>Formalitzaci\u00f3 de la matr\u00edcula oficial en el centre d&#8217;origen<\/td>\n<td>En el per\u00edode oficial de matr\u00edcula de la UMH.<\/td>\n<td><strong>&nbsp;<\/strong><\/td>\n<\/tr>\n<tr>\n<td>Enviament al Servei de RRII per e-mail (<a title=\"Ho veur\u00e0s en una nova finestra\" href=\"mailto:movilidad@umh.es\" target=\"_blank\" rel=\"noopener\">movilidad@umh.es<\/a>) del certificat d&#8217;estada amb l&#8217;apartat \u201cconfirmaci\u00f3 d&#8217;arribada\u201d signat i segellat per la Universitat de dest\u00ed.<\/td>\n<td>En el moment de la incorporaci\u00f3 a la Universitat de dest\u00ed.<\/td>\n<td><strong><a title=\"Ho veur\u00e0s en una nova finestra\" href=\"https:\/\/internacional.umh.es\/files\/2010\/09\/CERTIFICADO-DE-ESTANCIA1.doc\" target=\"_blank\" rel=\"noopener noreferrer\">Certificat d&#8217;estada (63Kb Castell\u00e0 .doc)<\/a><\/strong><\/p>\n<p><strong>(apartat confirmaci\u00f3 d&#8217;arribada)<\/strong><\/td>\n<\/tr>\n<tr>\n<td>Sol\u00b7licitud de canvis a l&#8217;Acord Acad\u00e8mic de reconeixement d&#8217;assignatures.<\/td>\n<td>1 mes des de la incorporaci\u00f3 al centre de dest\u00ed.<\/td>\n<td><strong>&#8211; <a title=\"Ho veur\u00e0s en una nova finestra\" href=\"https:\/\/internacional.umh.es\/files\/2010\/09\/CAMBIOS-al-Acuerdo-Acad\u00e9mico.docx\" target=\"_blank\" rel=\"noopener noreferrer\">Canvis a l&#8217;Acord Acad\u00e8mic (373Kb Castell\u00e0 .docx).<\/a><\/strong><\/p>\n<p><a title=\"Ho veur\u00e0s en una nova finestra\" href=\"https:\/\/internacional.umh.es\/files\/2010\/09\/Instrucciones-para-cumplimentar-los-cambios-al-Acuerdo.pdf\" target=\"_blank\" rel=\"noopener noreferrer\"><strong>&#8211; Instruccions de canvis a l&#8217;Acord Acad\u00e8mic (80,7Kb .pdf)<\/strong><\/a><\/td>\n<\/tr>\n<tr>\n<td>Presentaci\u00f3 en el Servei de RRII del certificat original d&#8217;estada amb l&#8217;apartat de \u201cconfirmaci\u00f3 d&#8217;arribada\u201d i \u201cpartida\u201d signat i segellat per la Universitat de dest\u00ed.<\/td>\n<td>Finalitzada l&#8217;estada en la universitat de dest\u00ed.<\/td>\n<td>\n<p style=\"text-align: left\"><strong><a title=\"Ho veur\u00e0s en una nova finestra\" href=\"https:\/\/internacional.umh.es\/files\/2010\/09\/CERTIFICADO-DE-ESTANCIA1.doc\" target=\"_blank\" rel=\"noopener noreferrer\">Certificat d&#8217;estada (63Kb Castell\u00e0 .doc)<\/a><\/strong><\/p>\n<p><strong>(apartat confirmaci\u00f3 d&#8217;arribada i partida)<\/strong><\/td>\n<\/tr>\n<\/tbody>\n<\/table>\n<hr>\n<p style=\"text-align: justify\"><a title=\"Ho veur\u00e0s en una nova finestra\" href=\"https:\/\/internacional.umh.es\/files\/2010\/09\/sicue1617.pdf\" target=\"_blank\" rel=\"noopener noreferrer\">Convocat\u00f2ria del programa de mobilitat nacional SICUE per al curs acad\u00e8mic 2016\/2017 (9,26Mb Castell\u00e0 .pdf)<\/a><\/p>\n<h6><strong>CLAUS:<\/strong><\/h6>\n<ul>\n<li style=\"text-align: justify\">El termini de presentaci\u00f3 de sol\u00b7licituds ser\u00e0 del <strong>10 de febrer al 10 de mar\u00e7 de 2016 (tots dos inclusivament)<\/strong>.<\/li>\n<p><\/p>\n<li style=\"text-align: justify\">La sol\u00b7licitud es realitzar\u00e0 EN L\u00cdNIA a trav\u00e9s de l&#8217;acc\u00e9s personalitzat dels estudiants [ruta: Estudiant\/Informaci\u00f3 Acad\u00e8mica\/Sol\u00b7licitud Programa SICUE], podent l&#8217;estudiant seleccionar fins a un m\u00e0xim de tres opcions d&#8217;intercanvi per ordre de prefer\u00e8ncia. <strong>Realitzada la <u>sol\u00b7licitud <\/u>de participaci\u00f3 en l\u00ednia, <u>l&#8217;estudiant haur\u00e0 d&#8217;imprimir-la, signar-la i presentar-la a trav\u00e9s del Registre General<\/u> de la UMH (Edifici Rectorat) <u>o dels Registres Auxiliars<\/u> (situats en els CEGECAS) <u>juntament amb<\/u><\/strong><u> <strong>la seg\u00fcent documentaci\u00f3 dirigida al Vicerector de Relacions Internacionals<\/strong>:<\/u>\n<ol>\n<li>Fotoc\u00f2pia del DNI.<\/li>\n<li>Extracte sense validesa acad\u00e8mica de l&#8217;expedient (disponible en l&#8217;acc\u00e9s personalitzat de l&#8217;estudiant), que incloga les qualificacions obtingudes a 30 de setembre de 2015.<\/li>\n<\/ol>\n<\/li>\n<p><\/p>\n<li style=\"text-align: justify\">El llistat de places oferides i la duraci\u00f3 de les estades <strong><a title=\"Ho veur\u00e0s en una nova finestra\" href=\"https:\/\/internacional.umh.es\/files\/2010\/09\/ANEXO-II.-PLAZAS.pdf\" target=\"_blank\" rel=\"noopener noreferrer\">es poden consultar en l&#8217;ANNEX II (679Kb Castell\u00e0 .pdf)<\/a>.<\/strong> L&#8217;estada en la Universitat de dest\u00ed haur\u00e0 de tindre la mateixa duraci\u00f3 que la indicada en els Acords Bilaterals, podent ser places de mig curs o curs complet (5 \u00f3 9 mesos).<\/li>\n<p><\/p>\n<li style=\"text-align: justify\">Podran sol\u00b7licitar places de mobilitat oferides en aquesta convocat\u00f2ria els estudiants de la UMH que hagen superat en el pla d&#8217;estudis en el qual se sol\u00b7licita la mobilitat el seg\u00fcent:<br \/>\n<\/p>\n<ul>\n<li>Un m\u00ednim de 45 cr\u00e8dits i estar matriculat en 30 cr\u00e8dits m\u00e9s a 30 de setembre de 2015.<\/li>\n<li>Els estudiants procedents de trasllat hauran de tindre superats els 45 cr\u00e8dits en la UMH que \u00e9s on sol\u00b7liciten la mobilitat, a 30 de setembre de 2015.<\/li>\n<li>Queden exclosos del programa de mobilitat SICUE els plans d&#8217;estudi de m\u00e0ster i doctorat.<\/li>\n<\/ul>\n<\/li>\n<p><\/p>\n<li>Els estudiants que obtinguen pla\u00e7a SICUE podran sol\u00b7licitar subvenci\u00f3 econ\u00f2mica per part de la UMH. Aquestes convocat\u00f2ries seran publicades en els taulons oficials de la UMH i en la web de Relacions Internacionals, i en cas d&#8217;obtindre-la els estudiants <strong>hauran de superar almenys el cinquanta per cent del m\u00ednim de cr\u00e8dits a cursar en la universitat de dest\u00ed.<\/strong><\/li>\n<p><\/p>\n<li>La selecci\u00f3 dels estudiants es dur\u00e0 a terme en funci\u00f3 de la nota mitjana de qualificaci\u00f3. Per al c\u00e0lcul de les notes mitjanes es tindran en compte les qualificacions obtingudes fins al 30 de setembre de 2015.<\/li>\n<p><\/p>\n<li><strong><a title=\"Ho veur\u00e0s en una nova finestra\" href=\"https:\/\/internacional.umh.es\/files\/2010\/09\/sicue1617.pdf\" target=\"_blank\" rel=\"noopener noreferrer\">Consulta la resta de condicions en el text complet de la convocat\u00f2ria (9,26Mb Castell\u00e0 .pdf)<\/a>.<\/strong><\/li>\n<\/ul>\n<p>&nbsp;<\/p>\n<h6><strong>AV\u00cdS IMPORTANT PER A ESTUDIANTS DE MEDICINA:<\/strong><\/h6>\n<p><strong>Els estudiants de <a href=\"https:\/\/www.umh.es\/contenido\/Estudios\/:tit_g_132_M1\/datos_val.html\" title=\"Ho veur\u00e0s en una nova finestra\" rel=\"noopener\" target=\"_blank\">Grau en Medicina<\/a> no podran realitzar mobilitat en sis\u00e9 curs.<\/strong><\/p>","protected":false},"excerpt":{"rendered":"<p>El Vicerectorat de Relacions Internacionals de la UMH publica el llistat definitiu de beques assignades per a ajudar a finan\u00e7ar estades de mobilitat nacional SICUE (1,09Mb Castell\u00e0 .pdf) durant el curs acad\u00e8mic 2016\/2017.<\/p>\n<p>El Vicerectorat de Relacions Internacionals publica el llistat definitiu de sol\u00b7licituds admeses i excloses i el llistat provisional d&#8217;ajudes assignades i llista d&#8217;espera [&#8230;]<\/p>\n","protected":false},"author":3296,"featured_media":0,"parent":0,"menu_order":0,"comment_status":"closed","ping_status":"closed","template":"","meta":{"ngg_post_thumbnail":0,"_links_to":"","_links_to_target":""},"yoast_head":"<!-- This site is optimized with the Yoast SEO plugin v17.5 - https:\/\/yoast.com\/wordpress\/plugins\/seo\/ -->\n<meta name=\"description\" content=\"El Vicerrectorado de RR.II. de la UMH publica el listado definitivo de becas para financiar estancias de movilidad nacional SICUE 2016\/2017\" \/>\n<meta name=\"robots\" content=\"index, follow, max-snippet:-1, max-image-preview:large, max-video-preview:-1\" \/>\n<link rel=\"canonical\" href=\"https:\/\/internacional.umh.es\/ca\/convocatoria-sicue-2016-2017\/\" \/>\n<meta property=\"og:locale\" content=\"ca_ES\" \/>\n<meta property=\"og:type\" content=\"article\" \/>\n<meta property=\"og:title\" content=\"Convocat\u00f2ria SICUE 2016\/2017 - Internacionalitzaci\u00f3 i Cooperaci\u00f3\" \/>\n<meta property=\"og:description\" content=\"El Vicerrectorado de RR.II. de la UMH publica el listado definitivo de becas para financiar estancias de movilidad nacional SICUE 2016\/2017\" \/>\n<meta property=\"og:url\" content=\"https:\/\/internacional.umh.es\/convocatoria-sicue-2016-2017\/\" \/>\n<meta property=\"og:site_name\" content=\"Internacionalitzaci\u00f3 i Cooperaci\u00f3\" \/>\n<meta property=\"article:modified_time\" content=\"2022-04-01T07:19:41+00:00\" \/>\n<meta name=\"twitter:card\" content=\"summary_large_image\" \/>\n<meta name=\"twitter:label1\" content=\"Est. reading time\" \/>\n\t<meta name=\"twitter:data1\" content=\"4 minuts\" \/>\n<script type=\"application\/ld+json\" class=\"yoast-schema-graph\">{\"@context\":\"https:\/\/schema.org\",\"@graph\":[{\"@type\":\"WebSite\",\"@id\":\"https:\/\/internacional.umh.es\/en\/#website\",\"url\":\"https:\/\/internacional.umh.es\/en\/\",\"name\":\"Internacionalitzaci\\u00f3 i Cooperaci\\u00f3\",\"description\":\"Universitat Miguel Hern\\u00e1ndez d&#039;Elx\",\"potentialAction\":[{\"@type\":\"SearchAction\",\"target\":{\"@type\":\"EntryPoint\",\"urlTemplate\":\"https:\/\/internacional.umh.es\/en\/?s={search_term_string}\"},\"query-input\":\"required name=search_term_string\"}],\"inLanguage\":\"ca\"},{\"@type\":\"WebPage\",\"@id\":\"https:\/\/internacional.umh.es\/convocatoria-sicue-2016-2017\/#webpage\",\"url\":\"https:\/\/internacional.umh.es\/convocatoria-sicue-2016-2017\/\",\"name\":\"Convocat\\u00f2ria SICUE 2016\/2017 - Internacionalitzaci\\u00f3 i Cooperaci\\u00f3\",\"isPartOf\":{\"@id\":\"https:\/\/internacional.umh.es\/en\/#website\"},\"datePublished\":\"2017-02-10T11:40:18+00:00\",\"dateModified\":\"2022-04-01T07:19:41+00:00\",\"description\":\"El Vicerrectorado de RR.II. de la UMH publica el listado definitivo de becas para financiar estancias de movilidad nacional SICUE 2016\/2017\",\"breadcrumb\":{\"@id\":\"https:\/\/internacional.umh.es\/convocatoria-sicue-2016-2017\/#breadcrumb\"},\"inLanguage\":\"ca\",\"potentialAction\":[{\"@type\":\"ReadAction\",\"target\":[\"https:\/\/internacional.umh.es\/convocatoria-sicue-2016-2017\/\"]}]},{\"@type\":\"BreadcrumbList\",\"@id\":\"https:\/\/internacional.umh.es\/convocatoria-sicue-2016-2017\/#breadcrumb\",\"itemListElement\":[{\"@type\":\"ListItem\",\"position\":1,\"name\":\"Home\",\"item\":\"https:\/\/internacional.umh.es\/en\/\"},{\"@type\":\"ListItem\",\"position\":2,\"name\":\"Convocatoria SICUE 2016\/2017\"}]}]}<\/script>\n<!-- \/ Yoast SEO plugin. -->","yoast_head_json":{"description":"El Vicerrectorado de RR.II. de la UMH publica el listado definitivo de becas para financiar estancias de movilidad nacional SICUE 2016\/2017","robots":{"index":"index","follow":"follow","max-snippet":"max-snippet:-1","max-image-preview":"max-image-preview:large","max-video-preview":"max-video-preview:-1"},"canonical":"https:\/\/internacional.umh.es\/ca\/convocatoria-sicue-2016-2017\/","og_locale":"ca_ES","og_type":"article","og_title":"Convocat\u00f2ria SICUE 2016\/2017 - Internacionalitzaci\u00f3 i Cooperaci\u00f3","og_description":"El Vicerrectorado de RR.II. de la UMH publica el listado definitivo de becas para financiar estancias de movilidad nacional SICUE 2016\/2017","og_url":"https:\/\/internacional.umh.es\/convocatoria-sicue-2016-2017\/","og_site_name":"Internacionalitzaci\u00f3 i Cooperaci\u00f3","article_modified_time":"2022-04-01T07:19:41+00:00","twitter_card":"summary_large_image","twitter_misc":{"Est. reading time":"4 minuts"},"schema":{"@context":"https:\/\/schema.org","@graph":[{"@type":"WebSite","@id":"https:\/\/internacional.umh.es\/en\/#website","url":"https:\/\/internacional.umh.es\/en\/","name":"Internacionalitzaci\u00f3 i Cooperaci\u00f3","description":"Universitat Miguel Hern\u00e1ndez d&#039;Elx","potentialAction":[{"@type":"SearchAction","target":{"@type":"EntryPoint","urlTemplate":"https:\/\/internacional.umh.es\/en\/?s={search_term_string}"},"query-input":"required name=search_term_string"}],"inLanguage":"ca"},{"@type":"WebPage","@id":"https:\/\/internacional.umh.es\/convocatoria-sicue-2016-2017\/#webpage","url":"https:\/\/internacional.umh.es\/convocatoria-sicue-2016-2017\/","name":"Convocat\u00f2ria SICUE 2016\/2017 - Internacionalitzaci\u00f3 i Cooperaci\u00f3","isPartOf":{"@id":"https:\/\/internacional.umh.es\/en\/#website"},"datePublished":"2017-02-10T11:40:18+00:00","dateModified":"2022-04-01T07:19:41+00:00","description":"El Vicerrectorado de RR.II. de la UMH publica el listado definitivo de becas para financiar estancias de movilidad nacional SICUE 2016\/2017","breadcrumb":{"@id":"https:\/\/internacional.umh.es\/convocatoria-sicue-2016-2017\/#breadcrumb"},"inLanguage":"ca","potentialAction":[{"@type":"ReadAction","target":["https:\/\/internacional.umh.es\/convocatoria-sicue-2016-2017\/"]}]},{"@type":"BreadcrumbList","@id":"https:\/\/internacional.umh.es\/convocatoria-sicue-2016-2017\/#breadcrumb","itemListElement":[{"@type":"ListItem","position":1,"name":"Home","item":"https:\/\/internacional.umh.es\/en\/"},{"@type":"ListItem","position":2,"name":"Convocatoria SICUE 2016\/2017"}]}]}},"_links":{"self":[{"href":"https:\/\/internacional.umh.es\/ca\/wp-json\/wp\/v2\/pages\/4043"}],"collection":[{"href":"https:\/\/internacional.umh.es\/ca\/wp-json\/wp\/v2\/pages"}],"about":[{"href":"https:\/\/internacional.umh.es\/ca\/wp-json\/wp\/v2\/types\/page"}],"author":[{"embeddable":true,"href":"https:\/\/internacional.umh.es\/ca\/wp-json\/wp\/v2\/users\/3296"}],"replies":[{"embeddable":true,"href":"https:\/\/internacional.umh.es\/ca\/wp-json\/wp\/v2\/comments?post=4043"}],"version-history":[{"count":0,"href":"https:\/\/internacional.umh.es\/ca\/wp-json\/wp\/v2\/pages\/4043\/revisions"}],"wp:attachment":[{"href":"https:\/\/internacional.umh.es\/ca\/wp-json\/wp\/v2\/media?parent=4043"}],"curies":[{"name":"wp","href":"https:\/\/api.w.org\/{rel}","templated":true}]}}