{"id":434,"date":"2012-02-15T15:26:16","date_gmt":"2012-02-15T13:26:16","guid":{"rendered":"http:\/\/internacional.umh.es\/programa-destino\/"},"modified":"2026-04-01T10:33:25","modified_gmt":"2026-04-01T08:33:25","slug":"destino-pdi","status":"publish","type":"page","link":"https:\/\/internacional.umh.es\/ca\/movilidad\/pdi\/destino-pdi\/","title":{"rendered":"Programa DESTINO PDI"},"content":{"rendered":"<p><\/p>\n<p style=\"text-align: justify\"><span style=\"color: #ff0000\"><strong>NOU (01\/06\/2023):<\/strong><\/span> El Vicerectorat d&#8217;Internacionalitzaci\u00f3 i Cooperaci\u00f3 de la Universitat Miguel Hern\u00e1ndez (UMH) d&#8217;Elx publica el llistat definitiu d&#8217;ajudes per a activitats d&#8217;internacionalitzaci\u00f3 de la doc\u00e8ncia de la UMH \u2013 Destino-PDI \u2013 Doc\u00e8ncia 2023<\/p>\n<ul>\n<li><a href=\"https:\/\/internacional.umh.es\/files\/2023\/06\/Listado-definitivo-de-concesion-de-ayudas-PDI.pdf\" target=\"_blank\" rel=\"noopener\" title=\"Ho veur\u00e0s en una nova finestra\">Llistat definitiu d&#8217;ajudes per a activitats d&#8217;internacionalitzaci\u00f3 de la doc\u00e8ncia de la UMH \u2013 Destino-PDI (267Kb .pdf)<\/a><\/li>\n<\/ul>\n<hr>\n<p style=\"text-align: justify\"><strong>(09\/05\/2023):<\/strong> El Vicerectorat d&#8217;Internacionalitzaci\u00f3 i Cooperaci\u00f3 de la Universitat Miguel Hern\u00e1ndez (UMH) d&#8217;Elx publica el llistat provisional d&#8217;ajudes concedides del programa <strong> d&#8217;ajudes a la mobilitat per a activitats d&#8217;internacionalitzaci\u00f3 de la doc\u00e8ncia en la UMH\u2013 Programa DESTINO-PDI \u2013 Doc\u00e8ncia 202<\/strong><strong>3<\/strong><\/p>\n<p>Pots consultar el llistat a continuaci\u00f3:<\/p>\n<ul>\n<li><a href=\"https:\/\/internacional.umh.es\/files\/2023\/05\/Publicado-BOUMH.-listado-provisonal-ayudas-Destino-PDI-2023.pdf\" target=\"_blank\" rel=\"noopener\" title=\"Ho veur\u00e0s en una nova finestra\"><strong>Llistat provisional d&#8217;ajudes concedides (254Kb .pdf)<\/strong><\/a><\/li>\n<li><a href=\"https:\/\/internacional.umh.es\/files\/2023\/05\/Publicado-BOUMH.-LIstado-defintivo-Destino-PDI-2023.pdf\" target=\"_blank\" rel=\"noopener\" title=\"Ho veur\u00e0s en una nova finestra\"><strong>Llistat definitiu de sol\u00b7licituds admeses (230Kb .pdf)<\/strong><\/a><\/li>\n<\/ul>\n<p style=\"text-align: justify\">El termini per a presentar al\u00b7legacions ser\u00e0 fins al <strong> 18 de maig de 2023<\/strong> a trav\u00e9s de la seu electr\u00f2nica a trav\u00e9s del propi expedient electr\u00f2nic que es troba en \u00abEls meus tr\u00e0mits\/ Els meus expedients\u00bb. Punxant en \u00abDetall\u00bb de l&#8217;expedient, opci\u00f3 \u00abEsmenar\/altres tr\u00e0mits\u00bb.<\/p>\n<hr>\n<p style=\"text-align: justify\"><strong>(06\/03\/2023): <\/strong> El Vicerectorat d&#8217;Internacionalitzaci\u00f3 i Cooperaci\u00f3 de la Universitat Miguel Hern\u00e1ndez (UMH) d&#8217;Elx publica el llistat provisional de sol\u00b7licituds admeses i excloses de la convocat\u00f2ria del programa d&#8217;ajudes a la mobilitat per a activitats d&#8217;internacionalitzaci\u00f3 de la doc\u00e8ncia \u2013 Programa DESTINO-PDI Doc\u00e8ncia 2023<\/p>\n<ul>\n<li><a href=\"https:\/\/internacional.umh.es\/files\/2023\/03\/Publicado-en-BOUMH.-60435.pdf\" target=\"_blank\" title=\"Ho veur\u00e0s en una nova finestra\" rel=\"noopener\">Llistat provisional de sol\u00b7licituds admeses i excloses (281Kb .pdf)<\/a><\/li>\n<\/ul>\n<p style=\"text-align: justify\">Les persones interessades a esmenar els errors indicats o formular al\u00b7legacions poden fer-ho <b>del 6 al 17 de mar\u00e7 de 2023<\/b> a trav\u00e9s de la seu electr\u00f2nica de la UMH, el Registre General, Auxiliars dels campus.<\/p>\n<hr>\n<p style=\"text-align: justify\"><strong>(31\/01\/2023):<\/strong> El Vicerectorat d&#8217;Internacionalitzaci\u00f3 i Cooperaci\u00f3 de la Universitat Miguel Hern\u00e1ndez (UMH) d&#8217;Elx publica la convocat\u00f2ria del programa <strong> d&#8217;ajudes a la mobilitat per a activitats d&#8217;internacionalitzaci\u00f3 de la doc\u00e8ncia \u2013 Programa DESTINO-PDI Doc\u00e8ncia 2023<\/strong><\/p>\n<p>Pots consultar les bases de la convocat\u00f2ria en el seg\u00fcent enlla\u00e7:<\/p>\n<ul>\n<li><a title=\"Ho veur\u00e0s en una nova finestra\" href=\"https:\/\/internacional.umh.es\/files\/2023\/01\/Publicacion-BOUMH-resolucion-00114_2023.pdf\" target=\"_blank\" rel=\"noopener\">Text de la convocat\u00f2ria (820Kb .pdf)<\/a><\/li>\n<li><a title=\"Ho veur\u00e0s en una nova finestra\" href=\"https:\/\/internacional.umh.es\/files\/2023\/01\/Publicado-DOGV.-2023_777.pdf\" target=\"_blank\" rel=\"noopener\">Publicaci\u00f3 en el DOGV (170Kb .pdf)<\/a><\/li>\n<\/ul>\n<p>El termini de presentaci\u00f3 de sol\u00b7licituds ser\u00e0 <strong>del 30 de gener al 10 de febrer de 2023<\/strong><\/p>\n<p>Les estades d&#8217;aquesta convocat\u00f2ria hauran de realitzar-se <strong>fins al 22 de desembre de 2023<\/strong><\/p>\n<ul>\n<li><a title=\"Ho veur\u00e0s en una nova finestra\" href=\"https:\/\/internacional.umh.es\/files\/2023\/01\/Anexo-II_SOLICITUD-PDI-2023.docx\" target=\"_blank\" rel=\"noopener\">Annex II: Model de sol\u00b7licitud (92Kb Castell\u00e0 .docx)<\/a><\/li>\n<li><a title=\"Ho veur\u00e0s en una nova finestra\" href=\"https:\/\/internacional.umh.es\/files\/2023\/01\/ANEXO-III-ACUERDO-MOVIL-PDI2023.docx\" target=\"_blank\" rel=\"noopener\">Annex III: Acord de Mobilitat (94Kb Castell\u00e0 .docx)<\/a><\/li>\n<li><a title=\"Ho veur\u00e0s en una nova finestra\" href=\"https:\/\/internacional.umh.es\/files\/2023\/01\/ANEXO-IV-LISTADO-DE-PAISES-ASOCIADOS-1.pdf\" target=\"_blank\" rel=\"noopener\">Annex IV: Llistat de pa\u00efsos associats (127Kb Castell\u00e0 .pdf)<\/a><\/li>\n<\/ul>\n<p><\/p>\n<p>La documentaci\u00f3 a aportar ser\u00e0 la seg\u00fcent:<\/p>\n<ol>\n<li>Sol\u00b7licitud emplenada i signada<\/li>\n<li>Documents <strong>acreditatius<\/strong> dels m\u00e8rits al\u00b7legats.<\/li>\n<li><strong>Carta d&#8217;invitaci\u00f3<\/strong> de la instituci\u00f3 de dest\u00ed. Es podr\u00e0 aportar qualsevol document, tant en suport f\u00edsic com electr\u00f2nic, sempre que vengen subscrits per la persona autoritzada i <strong>es fa\u00e7a expressa refer\u00e8ncia al sol\u00b7licitant i a l&#8217;activitat de doc\u00e8ncia proposada.<\/strong><\/li>\n<li><strong>Acord de Mobilitat de l&#8217;Annex III<\/strong>, emplenat i signat pel sol\u00b7licitant (no es requereix la signatura de l&#8217;organitzaci\u00f3 de dest\u00ed en el moment de presentar la sol\u00b7licitud)<\/li>\n<\/ol>\n<p>&nbsp;<br \/>\n<strong>Passos a seguir per a presentar la <a href=\"https:\/\/sede.umh.es\/ca\/\" rel=\"noopener\" target=\"_blank\" title=\"Ho veur\u00e0s en una nova finestra\">sol\u00b7licitud a trav\u00e9s de la Seu Electr\u00f2nica:<\/a><\/strong><\/p>\n<ol>\n<li>Clicar a \u201c<strong>Tramitar<\/strong>\u201d.<\/li>\n<li>Introduir <strong>usuari<\/strong> i <strong>contrasenya<\/strong> de personal UMH.<\/li>\n<li>Emplenar les <strong>dades personals<\/strong> en cas de faltar alguna dada.<\/li>\n<li>Quan es carregue la \u00abInst\u00e0ncia general\u00bb, en l&#8217;apartat \u201cSol\u00b7licitud\u201d triar:<\/li>\n<p style=\"text-align: justify\">\u2013 En el camp <strong>\u201cDirigit a\u201d: el Servei de Relacions Internacionals, Cooperaci\u00f3 al Desenvolupament i Voluntariat.<\/strong><br \/>\n\u2013 En el camp \u201cExposa-Sol\u00b7licita\u201d: indicar Presente sol\u00b7licitud per a participar en la convocat\u00f2ria del Programa <strong>ajudes a la mobilitat per a activitats d&#8217;internacionalitzaci\u00f3 \u2013 \u00abPrograma DESTINO-PDI\u2013Doc\u00e8ncia 2023<\/strong>\u201d.<\/p>\n<li>Adjuntar documentaci\u00f3 requerida.<\/li>\n<li>Clicar a \u201c<strong>Presentar en Registre\u201d.<\/strong><\/li>\n<\/ol>\n<hr>\n<h4><strong>Convocat\u00f2ries anteriors<\/strong><\/h4>\n<ul>\n<li><a title=\"Accedeix ara a les novetats convocat\u00f2ria Programa DESTINO PDI UMH 2022\" href=\"https:\/\/internacional.umh.es\/ca\/destino-pdi-2022\/\">DESTINO PDI 2022<\/a><\/li>\n<li><a title=\"Accedeix ara a les novetats convocat\u00f2ria Programa DESTINO PDI UMH 2021\" href=\"https:\/\/internacional.umh.es\/ca\/destino-pdi-2020-y-2021\/\">DESTINO PDI 2021<\/a><\/li>\n<li><a title=\"Accedeix ara a les novetats convocat\u00f2ria Programa DESTINO PDI UMH 2020\" href=\"https:\/\/internacional.umh.es\/ca\/destino-pdi-2020-y-2021\/\">DESTINO PDI 2020<\/a><\/li>\n<li><a title=\"Accedeix ara a les novetats convocat\u00f2ria Programa DESTINO PDI UMH 2019\" href=\"https:\/\/internacional.umh.es\/ca\/destino-pdi-2019\/\">DESTINO PDI 2019<\/a><\/li>\n<li><a title=\"Accedeix ara a les novetats convocat\u00f2ria Programa DESTINO PDI UMH 2018\" href=\"https:\/\/internacional.umh.es\/ca\/destino-pdi-2018\/\">DESTINO PDI 2018<\/a><\/li>\n<li><a title=\"Accedeix ara a les novetats convocat\u00f2ria Programa DESTINO PDI UMH 2017\" href=\"https:\/\/internacional.umh.es\/ca\/destino-pdi-2017\/\">DESTINO PDI 2017<\/a><\/li>\n<li><a title=\"Accedeix ara a les novetats convocat\u00f2ria Programa DESTINO PDI UMH 2016\" href=\"https:\/\/internacional.umh.es\/ca\/destino-pdi-2016\/\">DESTINO PDI 2016<\/a><\/li>\n<\/ul>\n<p>&nbsp;<\/p>","protected":false},"excerpt":{"rendered":"<p>NOU (01\/06\/2023): El Vicerectorat d&#8217;Internacionalitzaci\u00f3 i Cooperaci\u00f3 de la Universitat Miguel Hern\u00e1ndez (UMH) d&#8217;Elx publica el llistat definitiu d&#8217;ajudes per a activitats d&#8217;internacionalitzaci\u00f3 de la doc\u00e8ncia de la UMH \u2013 Destino-PDI \u2013 Doc\u00e8ncia 2023<\/p>\n<p>Llistat definitiu d&#8217;ajudes per a activitats d&#8217;internacionalitzaci\u00f3 de la doc\u00e8ncia de la UMH \u2013 Destino-PDI (267Kb .pdf)<\/p>\n<p>(09\/05\/2023): El Vicerectorat d&#8217;Internacionalitzaci\u00f3 i Cooperaci\u00f3 [&#8230;]<\/p>\n","protected":false},"author":30,"featured_media":0,"parent":170,"menu_order":2,"comment_status":"closed","ping_status":"closed","template":"","meta":{"ngg_post_thumbnail":0,"_links_to":"","_links_to_target":""},"yoast_head":"<!-- This site is optimized with the Yoast SEO plugin v17.5 - https:\/\/yoast.com\/wordpress\/plugins\/seo\/ -->\n<meta name=\"description\" content=\"El Vicerrectorado de RR.II. de la UMH publica la convocatoria del programa de ayudas movilidad Programa DESTINO-PDI Docencia y Formaci\u00f3n 2022\" \/>\n<meta name=\"robots\" content=\"index, follow, max-snippet:-1, max-image-preview:large, max-video-preview:-1\" \/>\n<link rel=\"canonical\" href=\"https:\/\/internacional.umh.es\/ca\/movilidad\/pdi\/destino-pdi\/\" \/>\n<meta property=\"og:locale\" content=\"ca_ES\" \/>\n<meta property=\"og:type\" content=\"article\" \/>\n<meta property=\"og:title\" content=\"Programa DESTINO PDI - Internacionalitzaci\u00f3 i Cooperaci\u00f3\" \/>\n<meta property=\"og:description\" content=\"El Vicerrectorado de RR.II. de la UMH publica la convocatoria del programa de ayudas movilidad Programa DESTINO-PDI Docencia y Formaci\u00f3n 2022\" \/>\n<meta property=\"og:url\" content=\"https:\/\/internacional.umh.es\/movilidad\/pdi\/destino-pdi\/\" \/>\n<meta property=\"og:site_name\" content=\"Internacionalitzaci\u00f3 i Cooperaci\u00f3\" \/>\n<meta property=\"article:modified_time\" content=\"2026-04-01T08:33:25+00:00\" \/>\n<meta property=\"og:image\" content=\"https:\/\/internacional.umh.es\/files\/2026\/01\/Plantillas-Puiblicaciones-convocatorias-12-240x300.png\" \/>\n<meta name=\"twitter:card\" content=\"summary_large_image\" \/>\n<meta name=\"twitter:label1\" content=\"Est. reading time\" \/>\n\t<meta name=\"twitter:data1\" content=\"3 minuts\" \/>\n<script type=\"application\/ld+json\" class=\"yoast-schema-graph\">{\"@context\":\"https:\/\/schema.org\",\"@graph\":[{\"@type\":\"WebSite\",\"@id\":\"https:\/\/internacional.umh.es\/en\/#website\",\"url\":\"https:\/\/internacional.umh.es\/en\/\",\"name\":\"Internacionalitzaci\\u00f3 i Cooperaci\\u00f3\",\"description\":\"Universitat Miguel Hern\\u00e1ndez d&#039;Elx\",\"potentialAction\":[{\"@type\":\"SearchAction\",\"target\":{\"@type\":\"EntryPoint\",\"urlTemplate\":\"https:\/\/internacional.umh.es\/en\/?s={search_term_string}\"},\"query-input\":\"required name=search_term_string\"}],\"inLanguage\":\"ca\"},{\"@type\":\"ImageObject\",\"@id\":\"https:\/\/internacional.umh.es\/movilidad\/pdi\/destino-pdi\/#primaryimage\",\"inLanguage\":\"ca\",\"url\":\"https:\/\/internacional.umh.es\/files\/2026\/01\/Plantillas-Puiblicaciones-convocatorias-12.png\",\"contentUrl\":\"https:\/\/internacional.umh.es\/files\/2026\/01\/Plantillas-Puiblicaciones-convocatorias-12.png\",\"width\":1080,\"height\":1350},{\"@type\":\"WebPage\",\"@id\":\"https:\/\/internacional.umh.es\/movilidad\/pdi\/destino-pdi\/#webpage\",\"url\":\"https:\/\/internacional.umh.es\/movilidad\/pdi\/destino-pdi\/\",\"name\":\"Programa DESTINO PDI - Internacionalitzaci\\u00f3 i Cooperaci\\u00f3\",\"isPartOf\":{\"@id\":\"https:\/\/internacional.umh.es\/en\/#website\"},\"primaryImageOfPage\":{\"@id\":\"https:\/\/internacional.umh.es\/movilidad\/pdi\/destino-pdi\/#primaryimage\"},\"datePublished\":\"2012-02-15T13:26:16+00:00\",\"dateModified\":\"2026-04-01T08:33:25+00:00\",\"description\":\"El Vicerrectorado de RR.II. de la UMH publica la convocatoria del programa de ayudas movilidad Programa DESTINO-PDI Docencia y Formaci\\u00f3n 2022\",\"breadcrumb\":{\"@id\":\"https:\/\/internacional.umh.es\/movilidad\/pdi\/destino-pdi\/#breadcrumb\"},\"inLanguage\":\"ca\",\"potentialAction\":[{\"@type\":\"ReadAction\",\"target\":[\"https:\/\/internacional.umh.es\/movilidad\/pdi\/destino-pdi\/\"]}]},{\"@type\":\"BreadcrumbList\",\"@id\":\"https:\/\/internacional.umh.es\/movilidad\/pdi\/destino-pdi\/#breadcrumb\",\"itemListElement\":[{\"@type\":\"ListItem\",\"position\":1,\"name\":\"Home\",\"item\":\"https:\/\/internacional.umh.es\/en\/\"},{\"@type\":\"ListItem\",\"position\":2,\"name\":\"MOBILITY\",\"item\":\"https:\/\/internacional.umh.es\/en\/movilidad\/\"},{\"@type\":\"ListItem\",\"position\":3,\"name\":\"Faculty &amp; Research Personnel\",\"item\":\"https:\/\/internacional.umh.es\/en\/movilidad\/pdi\/\"},{\"@type\":\"ListItem\",\"position\":4,\"name\":\"Programa DESTINO-PDI\"}]}]}<\/script>\n<!-- \/ Yoast SEO plugin. -->","yoast_head_json":{"description":"El Vicerrectorado de RR.II. de la UMH publica la convocatoria del programa de ayudas movilidad Programa DESTINO-PDI Docencia y Formaci\u00f3n 2022","robots":{"index":"index","follow":"follow","max-snippet":"max-snippet:-1","max-image-preview":"max-image-preview:large","max-video-preview":"max-video-preview:-1"},"canonical":"https:\/\/internacional.umh.es\/ca\/movilidad\/pdi\/destino-pdi\/","og_locale":"ca_ES","og_type":"article","og_title":"Programa DESTINO PDI - Internacionalitzaci\u00f3 i Cooperaci\u00f3","og_description":"El Vicerrectorado de RR.II. de la UMH publica la convocatoria del programa de ayudas movilidad Programa DESTINO-PDI Docencia y Formaci\u00f3n 2022","og_url":"https:\/\/internacional.umh.es\/movilidad\/pdi\/destino-pdi\/","og_site_name":"Internacionalitzaci\u00f3 i Cooperaci\u00f3","article_modified_time":"2026-04-01T08:33:25+00:00","og_image":[{"url":"https:\/\/internacional.umh.es\/files\/2026\/01\/Plantillas-Puiblicaciones-convocatorias-12-240x300.png"}],"twitter_card":"summary_large_image","twitter_misc":{"Est. reading time":"3 minuts"},"schema":{"@context":"https:\/\/schema.org","@graph":[{"@type":"WebSite","@id":"https:\/\/internacional.umh.es\/en\/#website","url":"https:\/\/internacional.umh.es\/en\/","name":"Internacionalitzaci\u00f3 i Cooperaci\u00f3","description":"Universitat Miguel Hern\u00e1ndez d&#039;Elx","potentialAction":[{"@type":"SearchAction","target":{"@type":"EntryPoint","urlTemplate":"https:\/\/internacional.umh.es\/en\/?s={search_term_string}"},"query-input":"required name=search_term_string"}],"inLanguage":"ca"},{"@type":"ImageObject","@id":"https:\/\/internacional.umh.es\/movilidad\/pdi\/destino-pdi\/#primaryimage","inLanguage":"ca","url":"https:\/\/internacional.umh.es\/files\/2026\/01\/Plantillas-Puiblicaciones-convocatorias-12.png","contentUrl":"https:\/\/internacional.umh.es\/files\/2026\/01\/Plantillas-Puiblicaciones-convocatorias-12.png","width":1080,"height":1350},{"@type":"WebPage","@id":"https:\/\/internacional.umh.es\/movilidad\/pdi\/destino-pdi\/#webpage","url":"https:\/\/internacional.umh.es\/movilidad\/pdi\/destino-pdi\/","name":"Programa DESTINO PDI - Internacionalitzaci\u00f3 i Cooperaci\u00f3","isPartOf":{"@id":"https:\/\/internacional.umh.es\/en\/#website"},"primaryImageOfPage":{"@id":"https:\/\/internacional.umh.es\/movilidad\/pdi\/destino-pdi\/#primaryimage"},"datePublished":"2012-02-15T13:26:16+00:00","dateModified":"2026-04-01T08:33:25+00:00","description":"El Vicerrectorado de RR.II. de la UMH publica la convocatoria del programa de ayudas movilidad Programa DESTINO-PDI Docencia y Formaci\u00f3n 2022","breadcrumb":{"@id":"https:\/\/internacional.umh.es\/movilidad\/pdi\/destino-pdi\/#breadcrumb"},"inLanguage":"ca","potentialAction":[{"@type":"ReadAction","target":["https:\/\/internacional.umh.es\/movilidad\/pdi\/destino-pdi\/"]}]},{"@type":"BreadcrumbList","@id":"https:\/\/internacional.umh.es\/movilidad\/pdi\/destino-pdi\/#breadcrumb","itemListElement":[{"@type":"ListItem","position":1,"name":"Home","item":"https:\/\/internacional.umh.es\/en\/"},{"@type":"ListItem","position":2,"name":"MOBILITY","item":"https:\/\/internacional.umh.es\/en\/movilidad\/"},{"@type":"ListItem","position":3,"name":"Faculty &amp; Research Personnel","item":"https:\/\/internacional.umh.es\/en\/movilidad\/pdi\/"},{"@type":"ListItem","position":4,"name":"Programa DESTINO-PDI"}]}]}},"_links":{"self":[{"href":"https:\/\/internacional.umh.es\/ca\/wp-json\/wp\/v2\/pages\/434"}],"collection":[{"href":"https:\/\/internacional.umh.es\/ca\/wp-json\/wp\/v2\/pages"}],"about":[{"href":"https:\/\/internacional.umh.es\/ca\/wp-json\/wp\/v2\/types\/page"}],"author":[{"embeddable":true,"href":"https:\/\/internacional.umh.es\/ca\/wp-json\/wp\/v2\/users\/30"}],"replies":[{"embeddable":true,"href":"https:\/\/internacional.umh.es\/ca\/wp-json\/wp\/v2\/comments?post=434"}],"version-history":[{"count":0,"href":"https:\/\/internacional.umh.es\/ca\/wp-json\/wp\/v2\/pages\/434\/revisions"}],"up":[{"embeddable":true,"href":"https:\/\/internacional.umh.es\/ca\/wp-json\/wp\/v2\/pages\/170"}],"wp:attachment":[{"href":"https:\/\/internacional.umh.es\/ca\/wp-json\/wp\/v2\/media?parent=434"}],"curies":[{"name":"wp","href":"https:\/\/api.w.org\/{rel}","templated":true}]}}