{"id":43417,"date":"2026-03-30T12:39:46","date_gmt":"2026-03-30T10:39:46","guid":{"rendered":"https:\/\/internacional.umh.es\/?page_id=43417"},"modified":"2026-04-02T13:00:37","modified_gmt":"2026-04-02T11:00:37","slug":"2026-prodic-umh-networking","status":"publish","type":"page","link":"https:\/\/internacional.umh.es\/ca\/internacionalizacion\/eventos\/2026-prodic-umh-networking\/","title":{"rendered":"<span lang=\"es\">(Espa\u00f1ol) 2026 PRODIC-UMH Networking<\/span>"},"content":{"rendered":"<p class=\"qtranxs-available-languages-message qtranxs-available-languages-message-ca\">Ho sent, per\u00f2 aquesta entrada nom\u00e9s est\u00e0 disponible en <a href=\"https:\/\/internacional.umh.es\/es\/wp-json\/wp\/v2\/pages\/43417\" class=\"qtranxs-available-language-link qtranxs-available-language-link-es\" title=\"Espa\u00f1ol\">Espanyol Europeu<\/a> i <a href=\"https:\/\/internacional.umh.es\/en\/wp-json\/wp\/v2\/pages\/43417\" class=\"qtranxs-available-language-link qtranxs-available-language-link-en\" title=\"English\">Angl\u00e8s Americ\u00e0<\/a>.<\/p>","protected":false},"excerpt":{"rendered":"<p>Ho sent, per\u00f2 aquesta entrada nom\u00e9s est\u00e0 disponible en Espanyol Europeu i Angl\u00e8s Americ\u00e0.<\/p>\n","protected":false},"author":16862,"featured_media":0,"parent":15561,"menu_order":1,"comment_status":"closed","ping_status":"closed","template":"","meta":{"ngg_post_thumbnail":0,"_links_to":"","_links_to_target":""},"yoast_head":"<!-- This site is optimized with the Yoast SEO plugin v17.5 - https:\/\/yoast.com\/wordpress\/plugins\/seo\/ -->\n<meta name=\"robots\" content=\"index, follow, max-snippet:-1, max-image-preview:large, max-video-preview:-1\" \/>\n<link rel=\"canonical\" href=\"https:\/\/internacional.umh.es\/ca\/internacionalizacion\/eventos\/2026-prodic-umh-networking\/\" \/>\n<meta property=\"og:locale\" content=\"ca_ES\" \/>\n<meta property=\"og:type\" content=\"article\" \/>\n<meta property=\"og:title\" content=\"(Espa\u00f1ol) 2026 PRODIC-UMH Networking - Internacionalitzaci\u00f3 i Cooperaci\u00f3\" \/>\n<meta property=\"og:description\" content=\"Ho sent, per\u00f2 aquesta entrada nom\u00e9s est\u00e0 disponible en Espanyol Europeu i Angl\u00e8s Americ\u00e0.\" \/>\n<meta property=\"og:url\" content=\"https:\/\/internacional.umh.es\/internacionalizacion\/eventos\/2026-prodic-umh-networking\/\" \/>\n<meta property=\"og:site_name\" content=\"Internacionalitzaci\u00f3 i Cooperaci\u00f3\" \/>\n<meta property=\"article:modified_time\" content=\"2026-04-02T11:00:37+00:00\" \/>\n<meta property=\"og:image\" content=\"https:\/\/internacional.umh.es\/files\/2026\/03\/form-tamano-prodic-300x75.png\" \/>\n<meta name=\"twitter:card\" content=\"summary_large_image\" \/>\n<meta name=\"twitter:label1\" content=\"Est. reading time\" \/>\n\t<meta name=\"twitter:data1\" content=\"2 minuts\" \/>\n<script type=\"application\/ld+json\" class=\"yoast-schema-graph\">{\"@context\":\"https:\/\/schema.org\",\"@graph\":[{\"@type\":\"WebSite\",\"@id\":\"https:\/\/internacional.umh.es\/en\/#website\",\"url\":\"https:\/\/internacional.umh.es\/en\/\",\"name\":\"Internacionalitzaci\\u00f3 i Cooperaci\\u00f3\",\"description\":\"Universitat Miguel Hern\\u00e1ndez d&#039;Elx\",\"potentialAction\":[{\"@type\":\"SearchAction\",\"target\":{\"@type\":\"EntryPoint\",\"urlTemplate\":\"https:\/\/internacional.umh.es\/en\/?s={search_term_string}\"},\"query-input\":\"required name=search_term_string\"}],\"inLanguage\":\"ca\"},{\"@type\":\"ImageObject\",\"@id\":\"https:\/\/internacional.umh.es\/internacionalizacion\/eventos\/2026-prodic-umh-networking\/#primaryimage\",\"inLanguage\":\"ca\",\"url\":\"https:\/\/internacional.umh.es\/files\/2026\/03\/form-tamano-prodic.png\",\"contentUrl\":\"https:\/\/internacional.umh.es\/files\/2026\/03\/form-tamano-prodic.png\",\"width\":1600,\"height\":400},{\"@type\":\"WebPage\",\"@id\":\"https:\/\/internacional.umh.es\/internacionalizacion\/eventos\/2026-prodic-umh-networking\/#webpage\",\"url\":\"https:\/\/internacional.umh.es\/internacionalizacion\/eventos\/2026-prodic-umh-networking\/\",\"name\":\"<span lang=\\\"es\\\">(Espa\\u00f1ol) 2026 PRODIC-UMH Networking - Internacionalitzaci\\u00f3 i Cooperaci\\u00f3<\/span>\",\"isPartOf\":{\"@id\":\"https:\/\/internacional.umh.es\/en\/#website\"},\"primaryImageOfPage\":{\"@id\":\"https:\/\/internacional.umh.es\/internacionalizacion\/eventos\/2026-prodic-umh-networking\/#primaryimage\"},\"datePublished\":\"2026-03-30T10:39:46+00:00\",\"dateModified\":\"2026-04-02T11:00:37+00:00\",\"breadcrumb\":{\"@id\":\"https:\/\/internacional.umh.es\/internacionalizacion\/eventos\/2026-prodic-umh-networking\/#breadcrumb\"},\"inLanguage\":\"ca\",\"potentialAction\":[{\"@type\":\"ReadAction\",\"target\":[\"https:\/\/internacional.umh.es\/internacionalizacion\/eventos\/2026-prodic-umh-networking\/\"]}]},{\"@type\":\"BreadcrumbList\",\"@id\":\"https:\/\/internacional.umh.es\/internacionalizacion\/eventos\/2026-prodic-umh-networking\/#breadcrumb\",\"itemListElement\":[{\"@type\":\"ListItem\",\"position\":1,\"name\":\"Home\",\"item\":\"https:\/\/internacional.umh.es\/en\/\"},{\"@type\":\"ListItem\",\"position\":2,\"name\":\"INTERNATIONALIZATION\",\"item\":\"https:\/\/internacional.umh.es\/en\/internacionalizacion\/\"},{\"@type\":\"ListItem\",\"position\":3,\"name\":\"Eventos\",\"item\":\"https:\/\/internacional.umh.es\/internacionalizacion\/eventos\/\"},{\"@type\":\"ListItem\",\"position\":4,\"name\":\"2026 PRODIC-UMH Networking\"}]}]}<\/script>\n<!-- \/ Yoast SEO plugin. -->","yoast_head_json":{"robots":{"index":"index","follow":"follow","max-snippet":"max-snippet:-1","max-image-preview":"max-image-preview:large","max-video-preview":"max-video-preview:-1"},"canonical":"https:\/\/internacional.umh.es\/ca\/internacionalizacion\/eventos\/2026-prodic-umh-networking\/","og_locale":"ca_ES","og_type":"article","og_title":"(Espa\u00f1ol) 2026 PRODIC-UMH Networking - Internacionalitzaci\u00f3 i Cooperaci\u00f3","og_description":"Ho sent, per\u00f2 aquesta entrada nom\u00e9s est\u00e0 disponible en Espanyol Europeu i Angl\u00e8s Americ\u00e0.","og_url":"https:\/\/internacional.umh.es\/internacionalizacion\/eventos\/2026-prodic-umh-networking\/","og_site_name":"Internacionalitzaci\u00f3 i Cooperaci\u00f3","article_modified_time":"2026-04-02T11:00:37+00:00","og_image":[{"url":"https:\/\/internacional.umh.es\/files\/2026\/03\/form-tamano-prodic-300x75.png"}],"twitter_card":"summary_large_image","twitter_misc":{"Est. reading time":"2 minuts"},"schema":{"@context":"https:\/\/schema.org","@graph":[{"@type":"WebSite","@id":"https:\/\/internacional.umh.es\/en\/#website","url":"https:\/\/internacional.umh.es\/en\/","name":"Internacionalitzaci\u00f3 i Cooperaci\u00f3","description":"Universitat Miguel Hern\u00e1ndez d&#039;Elx","potentialAction":[{"@type":"SearchAction","target":{"@type":"EntryPoint","urlTemplate":"https:\/\/internacional.umh.es\/en\/?s={search_term_string}"},"query-input":"required name=search_term_string"}],"inLanguage":"ca"},{"@type":"ImageObject","@id":"https:\/\/internacional.umh.es\/internacionalizacion\/eventos\/2026-prodic-umh-networking\/#primaryimage","inLanguage":"ca","url":"https:\/\/internacional.umh.es\/files\/2026\/03\/form-tamano-prodic.png","contentUrl":"https:\/\/internacional.umh.es\/files\/2026\/03\/form-tamano-prodic.png","width":1600,"height":400},{"@type":"WebPage","@id":"https:\/\/internacional.umh.es\/internacionalizacion\/eventos\/2026-prodic-umh-networking\/#webpage","url":"https:\/\/internacional.umh.es\/internacionalizacion\/eventos\/2026-prodic-umh-networking\/","name":"<span lang=\"es\">(Espa\u00f1ol) 2026 PRODIC-UMH Networking - Internacionalitzaci\u00f3 i Cooperaci\u00f3<\/span>","isPartOf":{"@id":"https:\/\/internacional.umh.es\/en\/#website"},"primaryImageOfPage":{"@id":"https:\/\/internacional.umh.es\/internacionalizacion\/eventos\/2026-prodic-umh-networking\/#primaryimage"},"datePublished":"2026-03-30T10:39:46+00:00","dateModified":"2026-04-02T11:00:37+00:00","breadcrumb":{"@id":"https:\/\/internacional.umh.es\/internacionalizacion\/eventos\/2026-prodic-umh-networking\/#breadcrumb"},"inLanguage":"ca","potentialAction":[{"@type":"ReadAction","target":["https:\/\/internacional.umh.es\/internacionalizacion\/eventos\/2026-prodic-umh-networking\/"]}]},{"@type":"BreadcrumbList","@id":"https:\/\/internacional.umh.es\/internacionalizacion\/eventos\/2026-prodic-umh-networking\/#breadcrumb","itemListElement":[{"@type":"ListItem","position":1,"name":"Home","item":"https:\/\/internacional.umh.es\/en\/"},{"@type":"ListItem","position":2,"name":"INTERNATIONALIZATION","item":"https:\/\/internacional.umh.es\/en\/internacionalizacion\/"},{"@type":"ListItem","position":3,"name":"Eventos","item":"https:\/\/internacional.umh.es\/internacionalizacion\/eventos\/"},{"@type":"ListItem","position":4,"name":"2026 PRODIC-UMH Networking"}]}]}},"_links":{"self":[{"href":"https:\/\/internacional.umh.es\/ca\/wp-json\/wp\/v2\/pages\/43417"}],"collection":[{"href":"https:\/\/internacional.umh.es\/ca\/wp-json\/wp\/v2\/pages"}],"about":[{"href":"https:\/\/internacional.umh.es\/ca\/wp-json\/wp\/v2\/types\/page"}],"author":[{"embeddable":true,"href":"https:\/\/internacional.umh.es\/ca\/wp-json\/wp\/v2\/users\/16862"}],"replies":[{"embeddable":true,"href":"https:\/\/internacional.umh.es\/ca\/wp-json\/wp\/v2\/comments?post=43417"}],"version-history":[{"count":0,"href":"https:\/\/internacional.umh.es\/ca\/wp-json\/wp\/v2\/pages\/43417\/revisions"}],"up":[{"embeddable":true,"href":"https:\/\/internacional.umh.es\/ca\/wp-json\/wp\/v2\/pages\/15561"}],"wp:attachment":[{"href":"https:\/\/internacional.umh.es\/ca\/wp-json\/wp\/v2\/media?parent=43417"}],"curies":[{"name":"wp","href":"https:\/\/api.w.org\/{rel}","templated":true}]}}