{"id":6050,"date":"2018-03-16T12:24:47","date_gmt":"2018-03-16T11:24:47","guid":{"rendered":"http:\/\/internacional.umh.es\/?page_id=6050"},"modified":"2026-04-01T10:58:22","modified_gmt":"2026-04-01T08:58:22","slug":"programa-destino-pas-formacion","status":"publish","type":"page","link":"https:\/\/internacional.umh.es\/ca\/movilidad\/pas\/programa-destino-pas-formacion\/","title":{"rendered":"Programa DESTINO PTGAS FORMACI\u00d3"},"content":{"rendered":"<p><\/p>\n<p style=\"text-align: justify\"><span style=\"color: #ff0000\"><strong>NOU (10\/05\/2024):<\/strong> <\/span>El Vicerectorat d&#8217;Internacionalitzaci\u00f3 i Cooperaci\u00f3 de la Universitat Miguel Hern\u00e1ndez (UMH) d&#8217;Elx publica el llistat definitiu d&#8217;ajudes concedides de la convocat\u00f2ria de l&#8217;e ajudes a la mobilitat per a activitats d&#8217;internacionalitzaci\u00f3 \u2013 Programa DESTINO PTGAS-Formaci\u00f3 2024.<\/p>\n<p>Pots consultar el llistat a continuaci\u00f3:<\/p>\n<ul>\n<li><a href=\"https:\/\/internacional.umh.es\/files\/2024\/05\/RR_01060_2024.pdf\" target=\"_blank\" rel=\"noopener\" title=\"Ho veur\u00e0s en una nova finestra\">Llistat definitiu d&#8217;ajudes concedides (759Kb .pdf)<\/a><\/li>\n<\/ul>\n<p style=\"text-align: justify\"><span style=\"color: #ff0000\"><strong>(21\/04\/24):<\/strong><\/span> El Vicerectorat d&#8217;Internacionalitzaci\u00f3 i Cooperaci\u00f3 de la Universitat Miguel Hern\u00e1ndez (UMH) d&#8217;Elx publica el llistat provisional d&#8217;ajudes concedides de la <strong>convocat\u00f2ria de l&#8217;ajudes a la mobilitat per a activitats d&#8217;internacionalitzaci\u00f3 \u2013 Programa DESTINO PTGAS-Formaci\u00f3 2024<\/strong><\/p>\n<p>Pots consultar el llistat a continuaci\u00f3:<\/p>\n<ul>\n<li><a href=\"https:\/\/internacional.umh.es\/files\/2024\/04\/Publ.-BOUMH.-Listado-Provisional-ayudas-adjudicadas.pdf\" target=\"_blank\" rel=\"noopener\" title=\"Ho veur\u00e0s en una nova finestra\">Llistat provisional d&#8217;ajudes concedides (593Kb .pdf)<\/a><\/li>\n<\/ul>\n<p style=\"text-align: justify\">El termini per a presentar una al\u00b7legaci\u00f3 <strong>ser\u00e0 fins al 6 de maig de 2024<\/strong> a trav\u00e9s de la seu electr\u00f2nica en el propi expedient electr\u00f2nic que es troba en \u00abEls meus tr\u00e0mits\/ Els meus expedients\u00bb. Punxant en \u00abDetall\u00bb de l&#8217;expedient, opci\u00f3 \u00abEsmenar\/altres tr\u00e0mits\u00bb.<\/p>\n<p style=\"text-align: justify\"><span style=\"color: #000000\"><strong>(9\/4\/2024):<\/strong><\/span> El Vicerectorat d&#8217;Internacionalitzaci\u00f3 i Cooperaci\u00f3 de la Universitat Miguel Hern\u00e1ndez (UMH) d&#8217;Elx publica el llistat definitiu de sol\u00b7licituds admeses i excloses del programa d&#8217;ajudes a la mobilitat per a activitats d&#8217;internacionalitzaci\u00f3 \u2013 Programa DESTINO PTGAS-Formaci\u00f3 2024.<\/p>\n<ul>\n<li><a href=\"https:\/\/internacional.umh.es\/files\/2024\/04\/Publicado-BOUMH.-RR_00835_2024.pdf\" target=\"_blank\" rel=\"noopener\" title=\"Ho veur\u00e0s en una nova finestra\">Llistat definitiu de sol\u00b7licituds admeses i excloses (2,10Mb .pdf)<\/a><\/li>\n<\/ul>\n<p style=\"text-align: justify\"><strong><span style=\"color: #000000\">(07\/03\/2024):<\/span><\/strong> El Vicerectorat d&#8217;Internacionalitzaci\u00f3 i Cooperaci\u00f3 de la Universitat Miguel Hern\u00e1ndez (UMH) d&#8217;Elx publica el llistat provisional de sol\u00b7licituds admeses i excloses del programa <strong> d&#8217;ajudes a la mobilitat per a activitats d&#8217;internacionalitzaci\u00f3 \u2013 Programa DESTINO PTGAS-Formaci\u00f3 2024.<\/strong><\/p>\n<p><strong>Pots consultar el llistat a continuaci\u00f3:<\/strong><\/p>\n<ul>\n<li><a href=\"https:\/\/internacional.umh.es\/files\/2024\/03\/Publicado-en-BOUMH.-provisional-solic-admit.pdf\" target=\"_blank\" rel=\"noopener\" title=\"Ho veur\u00e0s en una nova finestra\"><strong>Llistat provisional de sol\u00b7licituds admeses i excloses (609Kb .pdf)<\/strong><\/a><\/li>\n<\/ul>\n<p style=\"text-align: justify\">El termini per a esmenar o presentar una al\u00b7legaci\u00f3 ser\u00e0 <strong> del 7 al 21 de mar\u00e7 de 2024<\/strong> a trav\u00e9s de la seu electr\u00f2nica en el propi expedient electr\u00f2nic que es troba en \u00abEls meus tr\u00e0mits\/ Els meus expedients\u00bb. Punxant en \u00abDetall\u00bb de l&#8217;expedient, opci\u00f3 \u00abEsmenar\/altres tr\u00e0mits\u00bb.<\/p>\n<p style=\"text-align: justify\"><span style=\"color: #ff0000\"><strong><span style=\"color: #000000\">(08\/02\/2024):<\/span> <\/strong><\/span>El Vicerectorat d&#8217;Internacionalitzaci\u00f3 i Cooperaci\u00f3 de la Universitat Miguel Hern\u00e1ndez (UMH) d&#8217;Elx publica la convocat\u00f2ria del programa <strong> d&#8217;ajudes a la mobilitat per a activitats d&#8217;internacionalitzaci\u00f3 de la UMH \u2013 Programa DESTINO PTGAS Formaci\u00f3 2024<\/strong><\/p>\n<p>Pots consultar les bases de la convocat\u00f2ria en el seg\u00fcent enlla\u00e7:<\/p>\n<ul>\n<li><a href=\"https:\/\/internacional.umh.es\/files\/2024\/02\/rr_00325_2024.pdf\" target=\"_blank\" rel=\"noopener\" title=\"Ho veur\u00e0s en una nova finestra\"><strong>Text de la convocat\u00f2ria (3,09Mb .pdf)<\/strong><\/a><\/li>\n<li><a href=\"https:\/\/internacional.umh.es\/files\/2024\/02\/Publicada-DOGV.-2024_1098.pdf\" target=\"_blank\" rel=\"noopener\" title=\"Ho veur\u00e0s en una nova finestra\"><strong>Publicaci\u00f3 en el DOGV (200Kb .pdf)<\/strong><\/a><\/li>\n<\/ul>\n<p>El termini de presentaci\u00f3 de sol\u00b7licituds ser\u00e0 del 13 al 26 de febrer de 2024.<\/p>\n<ul>\n<li><strong>Annex II: <a href=\"https:\/\/internacional.umh.es\/files\/2024\/02\/Anexo-II_SOLICITUD-PTGAS-2024.docx\" target=\"_blank\" rel=\"noopener\" title=\"Ho veur\u00e0s en una nova finestra\">Model de sol\u00b7licitud (107Kb .docx)<\/a><\/strong><\/li>\n<li><strong>Annex III:<a href=\"https:\/\/internacional.umh.es\/files\/2024\/02\/ANEXO-III-PAS-ACUERDO-MOVIL-1.docx\" target=\"_blank\" rel=\"noopener\" title=\"Ho veur\u00e0s en una nova finestra\"> Acord de Mobilitat (92Kb .docx)<\/a><\/strong><\/li>\n<li><strong>Annex III-b: <a href=\"https:\/\/internacional.umh.es\/files\/2024\/02\/3.b-HE-Mobility-agreement-for-training-2022-KA171_EN.docx\" target=\"_blank\" rel=\"noopener\" title=\"Ho veur\u00e0s en una nova finestra\">Acord de Mobilitat (60Kb .docx)<\/a> (per a mobilitats Erasmus de dimensi\u00f3 Internacional)<\/strong><\/li>\n<li><strong>Annex IV: <a href=\"https:\/\/internacional.umh.es\/files\/2024\/02\/ANEXO-IV-LISTADO-DE-PAISES-ASOCIADOS-1.docx\" target=\"_blank\" rel=\"noopener\" title=\"Ho veur\u00e0s en una nova finestra\">Llistat de pa\u00efsos associats (93Kb .docx) <\/a><\/strong><\/li>\n<\/ul>\n<p>La documentaci\u00f3 a aportar ser\u00e0 la seg\u00fcent:<\/p>\n<ol>\n<li>Sol\u00b7licitud emplenada i signada<\/li>\n<li>Documents <strong>acreditatius<\/strong> dels m\u00e8rits al\u00b7legats.<\/li>\n<li><strong>Carta d&#8217;invitaci\u00f3 (<a href=\"https:\/\/internacional.umh.es\/files\/2024\/02\/Modelo-Carta-invitacion.docx\" target=\"_blank\" rel=\"noopener\" title=\"Ho veur\u00e0s en una nova finestra\">Exemple en castell\u00e0 (19Kb .docx)<\/a> \/ <a href=\"https:\/\/internacional.umh.es\/files\/2024\/02\/Sample-invitation-letter-1-1.docx\" target=\"_blank\" rel=\"noopener\" title=\"Ho veur\u00e0s en una nova finestra\">Exemple en angl\u00e9s (19Kb .docx)<\/a>)<\/strong> de la instituci\u00f3 de destino. Es podr\u00e0 aportar qualsevol document, tant en suport f\u00edsic com electr\u00f2nic, sempre que vengen subscrits per la persona autoritzada i <strong>es fa\u00e7a expressa refer\u00e8ncia al sol\u00b7licitant i a l&#8217;activitat de formaci\u00f3 proposada.<\/strong><\/li>\n<li><strong>Acord de Mobilitat de l&#8217;Annex III<\/strong>, emplenat i signat pel sol\u00b7licitant (no es requereix la signatura de l&#8217;organitzaci\u00f3 de destino en el moment de presentar la sol\u00b7licitud)<\/li>\n<\/ol>\n<p>\n<strong>Passos a seguir per a presentar la <\/strong><a href=\"https:\/\/sede.umh.es\/ca\/\" data-saferedirecturl=\"https:\/\/www.google.com\/url?q=https:\/\/sede.umh.es\/&amp;source=gmail&amp;ust=1707469101531000&amp;usg=AOvVaw1b71D3KeJuFXYupcFBjAa_\" target=\"_blank\" title=\"Ho veur\u00e0s en una nova finestra\" rel=\"noopener\"><strong>sol\u00b7licitud a trav\u00e9s de la Seu Electr\u00f2nica:<\/strong><\/a><\/p>\n<ol>\n<li>Clicar a \u201c<strong>Tramitar<\/strong>\u201d.<\/li>\n<li>Introduir <strong>usuari<\/strong> i <strong>contrasenya<\/strong> de personal UMH.<\/li>\n<li>Emplenar les <strong>dades personals<\/strong> en cas de faltar alguna dada.<\/li>\n<li>Quan es carregue la \u00abInst\u00e0ncia general\u00bb, en l&#8217;apartat \u201cSol\u00b7licitud\u201d triar:<\/li>\n<\/ol>\n<p>\u2013 En el camp <strong>\u201cDirigit a\u201d: el Servei de Relacions Internacionals, Cooperaci\u00f3 al Desenvolupament i Voluntariat.<\/strong><br \/>\n\u2013 En el camp \u201cExposa-Sol\u00b7licita\u201d: indicar Presente sol\u00b7licitud per a participar en la convocat\u00f2ria del Programa <strong>ajudes a la mobilitat per a activitats d&#8217;internacionalitzaci\u00f3 \u2013 \u00abPrograma DESTINO PTGAS\u2013Formaci\u00f3 2024<\/strong>\u201d.<\/p>\n<ol>\n<li>Adjuntar documentaci\u00f3 requerida.<\/li>\n<li>Clicar a \u201c<strong>Presentar en Registre\u201d.<\/strong><\/li>\n<\/ol>\n<hr>\n<h4><strong>Convocat\u00f2ries anteriors<\/strong><\/h4>\n<ul>\n<li><a href=\"https:\/\/internacional.umh.es\/ca\/destino-pas-formacion-2023\/\">DESTINO PAS FORMACI\u00d3 2023<\/a><\/li>\n<li><a title=\"Accedeix ara a les novetats de la convocat\u00f2ria del Programa DESTINO PTGAS FORMACI\u00d3 2022\" href=\"https:\/\/internacional.umh.es\/ca\/destino-pas-formacion-2022\/\">DESTINO PTGAS FORMACI\u00d3 2022<\/a><\/li>\n<li><a title=\"Accedeix ara a les novetats de la convocat\u00f2ria del Programa DESTINO PTGAS FORMACI\u00d3 2021\" href=\"https:\/\/internacional.umh.es\/ca\/programa-destino-pas-formacion-2020-y-2021\/\">DESTINO PTGAS FORMACI\u00d3 2021<\/a><\/li>\n<li><a title=\"Accedeix ara a les novetats de la convocat\u00f2ria del Programa DESTINO PTGAS FORMACI\u00d3 2020\" href=\"https:\/\/internacional.umh.es\/ca\/programa-destino-pas-formacion-2020-y-2021\/\">DESTINO PTGAS FORMACI\u00d3 2020<\/a><\/li>\n<li><a title=\"Accedeix ara a les novetats de la convocat\u00f2ria del Programa DESTINO PTGAS FORMACI\u00d3 2019\" href=\"https:\/\/internacional.umh.es\/ca\/destino-pas-formacion-2019\/\">DESTINO PTGAS FORMACI\u00d3 2019<\/a><\/li>\n<li><a title=\"Accedeix ara a les novetats de la convocat\u00f2ria del Programa DESTINO PTGAS FORMACI\u00d3 2018\" href=\"https:\/\/internacional.umh.es\/ca\/destino-pas-formacion-2018\/\">DESTINO PTGAS FORMACI\u00d3 2018<\/a><\/li>\n<\/ul>\n<p>&nbsp;<\/p>","protected":false},"excerpt":{"rendered":"<p>NOU (10\/05\/2024): El Vicerectorat d&#8217;Internacionalitzaci\u00f3 i Cooperaci\u00f3 de la Universitat Miguel Hern\u00e1ndez (UMH) d&#8217;Elx publica el llistat definitiu d&#8217;ajudes concedides de la convocat\u00f2ria de l&#8217;e ajudes a la mobilitat per a activitats d&#8217;internacionalitzaci\u00f3 \u2013 Programa DESTINO PTGAS-Formaci\u00f3 2024.<br \/>\nPots consultar el llistat a continuaci\u00f3:<\/p>\n<p>Llistat definitiu d&#8217;ajudes concedides (759Kb .pdf)<\/p>\n<p>(21\/04\/24): El Vicerectorat d&#8217;Internacionalitzaci\u00f3 i Cooperaci\u00f3 de la [&#8230;]<\/p>\n","protected":false},"author":32,"featured_media":0,"parent":171,"menu_order":2,"comment_status":"closed","ping_status":"closed","template":"","meta":{"ngg_post_thumbnail":0,"_links_to":"","_links_to_target":""},"yoast_head":"<!-- This site is optimized with the Yoast SEO plugin v17.5 - https:\/\/yoast.com\/wordpress\/plugins\/seo\/ -->\n<meta name=\"description\" content=\"El Vicerrectorado de Cooperaci\u00f3n e Internacionalizaci\u00f3n UMH publica la convocatoria programa de ayudas al Programa DESTINO PTGAS \u2013 Formaci\u00f3n\" \/>\n<meta name=\"robots\" content=\"index, follow, max-snippet:-1, max-image-preview:large, max-video-preview:-1\" \/>\n<link rel=\"canonical\" href=\"https:\/\/internacional.umh.es\/ca\/movilidad\/pas\/programa-destino-pas-formacion\/\" \/>\n<meta property=\"og:locale\" content=\"ca_ES\" \/>\n<meta property=\"og:type\" content=\"article\" \/>\n<meta property=\"og:title\" content=\"Programa DESTINO PTGAS FORMACI\u00d3 - Internacionalitzaci\u00f3 i Cooperaci\u00f3\" \/>\n<meta property=\"og:description\" content=\"El Vicerrectorado de Cooperaci\u00f3n e Internacionalizaci\u00f3n UMH publica la convocatoria programa de ayudas al Programa DESTINO PTGAS \u2013 Formaci\u00f3n\" \/>\n<meta property=\"og:url\" content=\"https:\/\/internacional.umh.es\/movilidad\/pas\/programa-destino-pas-formacion\/\" \/>\n<meta property=\"og:site_name\" content=\"Internacionalitzaci\u00f3 i Cooperaci\u00f3\" \/>\n<meta property=\"article:modified_time\" content=\"2026-04-01T08:58:22+00:00\" \/>\n<meta property=\"og:image\" content=\"https:\/\/internacional.umh.es\/files\/2026\/01\/Plantillas-Puiblicaciones-convocatorias-13-240x300.png\" \/>\n<meta name=\"twitter:card\" content=\"summary_large_image\" \/>\n<meta name=\"twitter:label1\" content=\"Est. reading time\" \/>\n\t<meta name=\"twitter:data1\" content=\"3 minuts\" \/>\n<script type=\"application\/ld+json\" class=\"yoast-schema-graph\">{\"@context\":\"https:\/\/schema.org\",\"@graph\":[{\"@type\":\"WebSite\",\"@id\":\"https:\/\/internacional.umh.es\/en\/#website\",\"url\":\"https:\/\/internacional.umh.es\/en\/\",\"name\":\"Internacionalitzaci\\u00f3 i Cooperaci\\u00f3\",\"description\":\"Universitat Miguel Hern\\u00e1ndez d&#039;Elx\",\"potentialAction\":[{\"@type\":\"SearchAction\",\"target\":{\"@type\":\"EntryPoint\",\"urlTemplate\":\"https:\/\/internacional.umh.es\/en\/?s={search_term_string}\"},\"query-input\":\"required name=search_term_string\"}],\"inLanguage\":\"ca\"},{\"@type\":\"ImageObject\",\"@id\":\"https:\/\/internacional.umh.es\/movilidad\/pas\/programa-destino-pas-formacion\/#primaryimage\",\"inLanguage\":\"ca\",\"url\":\"https:\/\/internacional.umh.es\/files\/2026\/01\/Plantillas-Puiblicaciones-convocatorias-13.png\",\"contentUrl\":\"https:\/\/internacional.umh.es\/files\/2026\/01\/Plantillas-Puiblicaciones-convocatorias-13.png\",\"width\":1080,\"height\":1350},{\"@type\":\"WebPage\",\"@id\":\"https:\/\/internacional.umh.es\/movilidad\/pas\/programa-destino-pas-formacion\/#webpage\",\"url\":\"https:\/\/internacional.umh.es\/movilidad\/pas\/programa-destino-pas-formacion\/\",\"name\":\"Programa DESTINO PTGAS FORMACI\\u00d3 - Internacionalitzaci\\u00f3 i Cooperaci\\u00f3\",\"isPartOf\":{\"@id\":\"https:\/\/internacional.umh.es\/en\/#website\"},\"primaryImageOfPage\":{\"@id\":\"https:\/\/internacional.umh.es\/movilidad\/pas\/programa-destino-pas-formacion\/#primaryimage\"},\"datePublished\":\"2018-03-16T11:24:47+00:00\",\"dateModified\":\"2026-04-01T08:58:22+00:00\",\"description\":\"El Vicerrectorado de Cooperaci\\u00f3n e Internacionalizaci\\u00f3n UMH publica la convocatoria programa de ayudas al Programa DESTINO PTGAS \\u2013 Formaci\\u00f3n\",\"breadcrumb\":{\"@id\":\"https:\/\/internacional.umh.es\/movilidad\/pas\/programa-destino-pas-formacion\/#breadcrumb\"},\"inLanguage\":\"ca\",\"potentialAction\":[{\"@type\":\"ReadAction\",\"target\":[\"https:\/\/internacional.umh.es\/movilidad\/pas\/programa-destino-pas-formacion\/\"]}]},{\"@type\":\"BreadcrumbList\",\"@id\":\"https:\/\/internacional.umh.es\/movilidad\/pas\/programa-destino-pas-formacion\/#breadcrumb\",\"itemListElement\":[{\"@type\":\"ListItem\",\"position\":1,\"name\":\"Home\",\"item\":\"https:\/\/internacional.umh.es\/en\/\"},{\"@type\":\"ListItem\",\"position\":2,\"name\":\"MOBILITY\",\"item\":\"https:\/\/internacional.umh.es\/en\/movilidad\/\"},{\"@type\":\"ListItem\",\"position\":3,\"name\":\"PTGAS\",\"item\":\"https:\/\/internacional.umh.es\/movilidad\/pas\/\"},{\"@type\":\"ListItem\",\"position\":4,\"name\":\"Programa DESTINO PTGAS FORMACI\\u00d3N\"}]}]}<\/script>\n<!-- \/ Yoast SEO plugin. -->","yoast_head_json":{"description":"El Vicerrectorado de Cooperaci\u00f3n e Internacionalizaci\u00f3n UMH publica la convocatoria programa de ayudas al Programa DESTINO PTGAS \u2013 Formaci\u00f3n","robots":{"index":"index","follow":"follow","max-snippet":"max-snippet:-1","max-image-preview":"max-image-preview:large","max-video-preview":"max-video-preview:-1"},"canonical":"https:\/\/internacional.umh.es\/ca\/movilidad\/pas\/programa-destino-pas-formacion\/","og_locale":"ca_ES","og_type":"article","og_title":"Programa DESTINO PTGAS FORMACI\u00d3 - Internacionalitzaci\u00f3 i Cooperaci\u00f3","og_description":"El Vicerrectorado de Cooperaci\u00f3n e Internacionalizaci\u00f3n UMH publica la convocatoria programa de ayudas al Programa DESTINO PTGAS \u2013 Formaci\u00f3n","og_url":"https:\/\/internacional.umh.es\/movilidad\/pas\/programa-destino-pas-formacion\/","og_site_name":"Internacionalitzaci\u00f3 i Cooperaci\u00f3","article_modified_time":"2026-04-01T08:58:22+00:00","og_image":[{"url":"https:\/\/internacional.umh.es\/files\/2026\/01\/Plantillas-Puiblicaciones-convocatorias-13-240x300.png"}],"twitter_card":"summary_large_image","twitter_misc":{"Est. reading time":"3 minuts"},"schema":{"@context":"https:\/\/schema.org","@graph":[{"@type":"WebSite","@id":"https:\/\/internacional.umh.es\/en\/#website","url":"https:\/\/internacional.umh.es\/en\/","name":"Internacionalitzaci\u00f3 i Cooperaci\u00f3","description":"Universitat Miguel Hern\u00e1ndez d&#039;Elx","potentialAction":[{"@type":"SearchAction","target":{"@type":"EntryPoint","urlTemplate":"https:\/\/internacional.umh.es\/en\/?s={search_term_string}"},"query-input":"required name=search_term_string"}],"inLanguage":"ca"},{"@type":"ImageObject","@id":"https:\/\/internacional.umh.es\/movilidad\/pas\/programa-destino-pas-formacion\/#primaryimage","inLanguage":"ca","url":"https:\/\/internacional.umh.es\/files\/2026\/01\/Plantillas-Puiblicaciones-convocatorias-13.png","contentUrl":"https:\/\/internacional.umh.es\/files\/2026\/01\/Plantillas-Puiblicaciones-convocatorias-13.png","width":1080,"height":1350},{"@type":"WebPage","@id":"https:\/\/internacional.umh.es\/movilidad\/pas\/programa-destino-pas-formacion\/#webpage","url":"https:\/\/internacional.umh.es\/movilidad\/pas\/programa-destino-pas-formacion\/","name":"Programa DESTINO PTGAS FORMACI\u00d3 - Internacionalitzaci\u00f3 i Cooperaci\u00f3","isPartOf":{"@id":"https:\/\/internacional.umh.es\/en\/#website"},"primaryImageOfPage":{"@id":"https:\/\/internacional.umh.es\/movilidad\/pas\/programa-destino-pas-formacion\/#primaryimage"},"datePublished":"2018-03-16T11:24:47+00:00","dateModified":"2026-04-01T08:58:22+00:00","description":"El Vicerrectorado de Cooperaci\u00f3n e Internacionalizaci\u00f3n UMH publica la convocatoria programa de ayudas al Programa DESTINO PTGAS \u2013 Formaci\u00f3n","breadcrumb":{"@id":"https:\/\/internacional.umh.es\/movilidad\/pas\/programa-destino-pas-formacion\/#breadcrumb"},"inLanguage":"ca","potentialAction":[{"@type":"ReadAction","target":["https:\/\/internacional.umh.es\/movilidad\/pas\/programa-destino-pas-formacion\/"]}]},{"@type":"BreadcrumbList","@id":"https:\/\/internacional.umh.es\/movilidad\/pas\/programa-destino-pas-formacion\/#breadcrumb","itemListElement":[{"@type":"ListItem","position":1,"name":"Home","item":"https:\/\/internacional.umh.es\/en\/"},{"@type":"ListItem","position":2,"name":"MOBILITY","item":"https:\/\/internacional.umh.es\/en\/movilidad\/"},{"@type":"ListItem","position":3,"name":"PTGAS","item":"https:\/\/internacional.umh.es\/movilidad\/pas\/"},{"@type":"ListItem","position":4,"name":"Programa DESTINO PTGAS FORMACI\u00d3N"}]}]}},"_links":{"self":[{"href":"https:\/\/internacional.umh.es\/ca\/wp-json\/wp\/v2\/pages\/6050"}],"collection":[{"href":"https:\/\/internacional.umh.es\/ca\/wp-json\/wp\/v2\/pages"}],"about":[{"href":"https:\/\/internacional.umh.es\/ca\/wp-json\/wp\/v2\/types\/page"}],"author":[{"embeddable":true,"href":"https:\/\/internacional.umh.es\/ca\/wp-json\/wp\/v2\/users\/32"}],"replies":[{"embeddable":true,"href":"https:\/\/internacional.umh.es\/ca\/wp-json\/wp\/v2\/comments?post=6050"}],"version-history":[{"count":0,"href":"https:\/\/internacional.umh.es\/ca\/wp-json\/wp\/v2\/pages\/6050\/revisions"}],"up":[{"embeddable":true,"href":"https:\/\/internacional.umh.es\/ca\/wp-json\/wp\/v2\/pages\/171"}],"wp:attachment":[{"href":"https:\/\/internacional.umh.es\/ca\/wp-json\/wp\/v2\/media?parent=6050"}],"curies":[{"name":"wp","href":"https:\/\/api.w.org\/{rel}","templated":true}]}}