{"id":663,"date":"2012-06-08T14:01:44","date_gmt":"2012-06-08T12:01:44","guid":{"rendered":"http:\/\/internacional.umh.es\/acogida\/courses-in-english\/"},"modified":"2025-09-11T10:49:46","modified_gmt":"2025-09-11T08:49:46","slug":"cursos-en-ingles","status":"publish","type":"page","link":"https:\/\/internacional.umh.es\/ca\/incoming\/cursos-en-ingles\/","title":{"rendered":"Cursos en angl\u00e9s"},"content":{"rendered":"<p><span style=\"text-decoration: underline\"><strong>Convocat\u00f2ria setembre 2023<\/strong><\/span><\/p>\n<p><strong><span style=\"color: #ff0000\">NOU (12\/09\/23):<\/span> <\/strong>El <strong><a href=\"https:\/\/www.idiomasumh.es\/va\" title=\"Ho veur\u00e0s en una nova finestra\" target=\"_blank\" rel=\"noopener\">Centre d&#8217;Idiomes UMH<\/a><\/strong> ofereix cursos d&#8217;angl\u00e9s per a estudiants<em> incoming<\/em> i persones interessades, sigues o no de la Comunitat UMH.<\/p>\n<ul>\n<li><a href=\"https:\/\/www.idiomasumh.es\/es\/ingles\/cursos\/presentacion\" title=\"Ho veur\u00e0s en una nova finestra\" target=\"_blank\" rel=\"noopener\">Curs d&#8217;angl\u00e9s (millora el teu nivell)<\/a><\/li>\n<li><a href=\"https:\/\/www.idiomasumh.es\/es\/iris\/programa-iris\" title=\"Ho veur\u00e0s en una nova finestra\" target=\"_blank\" rel=\"noopener\">Curs IRIS UMH (angl\u00e9s gratu\u00eft)<\/a><\/li>\n<li><a href=\"http:\/\/bit.ly\/Ingl\u00e9sCursosEspecializado\" title=\"Ho veur\u00e0s en una nova finestra\" target=\"_blank\" rel=\"noopener\">Cursos especialitzats (business, health, engineering)<\/a><\/li>\n<li><a href=\"http:\/\/bit.ly\/PreparacionACLES\" title=\"Ho veur\u00e0s en una nova finestra\" target=\"_blank\" rel=\"noopener\">Curs de preparaci\u00f3 ex\u00e0mens ACLES<\/a><\/li>\n<li><a href=\"http:\/\/bit.ly\/Ingl\u00e9sPreparaci\u00f3nCambridge\" title=\"Ho veur\u00e0s en una nova finestra\" target=\"_blank\" rel=\"noopener\">Curs de preparaci\u00f3 ex\u00e0mens Cambridge<\/a><\/li>\n<\/ul>\n<hr>\n<p style=\"text-align: justify\">Els estudiants Incoming poden matricular-se en cursos en angl\u00e9s de diferent graus o de m\u00e0sters universitaris <strong>si s\u00f3n impartits en el mateix Campus.<\/strong><\/p>\n<p style=\"text-align: justify\"><strong>Important:<\/strong> els estudiants Incoming no se&#8217;ls permetr\u00e0 triar cursos de <a title=\"Ho veur\u00e0s en una nova finestra\" href=\"https:\/\/futuroestudiante.umh.es\/grados.html\" target=\"_blank\" rel=\"noopener\">graus universitaris<\/a> i <a title=\"Ho veur\u00e0s en una nova finestra\" href=\"https:\/\/masters.edu.umh.es\/\" target=\"_blank\" rel=\"noopener\">m\u00e0sters universitaris<\/a> al mateix temps.<\/p>\n<p style=\"text-align: justify\">Als estudiants incoming, que assistisquen a cursos de m\u00e0sters universitaris, se&#8217;ls requerir\u00e0 que certifiquen a trav\u00e9s d&#8217;un document oficial expedit per les seues universitats d&#8217;origen, que s\u00f3n necessaris per a assistir a nivells de cursos de m\u00e0sters en les seues universitats d&#8217;origen.<\/p>\n<p style=\"text-align: justify\">Els estudiants Incoming interessats a <strong> assistir a cursos en angl\u00e9s podran trobar-los en les seg\u00fcents llestes:<\/strong><\/p>\n<ul>\n<li><a href=\"https:\/\/internacional.umh.es\/files\/2023\/05\/List-of-courses-taught-in-English-at-UMH.pdf\" target=\"_blank\" rel=\"noopener\">Llista d&#8217;assignatures Curs 2022\/2023 (104Kb .pdf)<\/a><\/li>\n<li style=\"text-align: justify\"><a title=\"Ho veur\u00e0s en una nova finestra\" href=\"https:\/\/internacional.umh.es\/files\/2022\/05\/Courses-taught-in-English_21_22-V.pdf\" target=\"_blank\" rel=\"noopener\">Llista d&#8217;assignatures Curs 2021\/2022 (83Kb .pdf)<\/a><\/li>\n<\/ul>\n<p>&nbsp;<\/p>","protected":false},"excerpt":{"rendered":"<p>Convocat\u00f2ria setembre 2023<br \/>\nNOU (12\/09\/23): El Centre d&#8217;Idiomes UMH ofereix cursos d&#8217;angl\u00e9s per a estudiants incoming i persones interessades, sigues o no de la Comunitat UMH.<\/p>\n<p>Curs d&#8217;angl\u00e9s (millora el teu nivell)<br \/>\nCurs IRIS UMH (angl\u00e9s gratu\u00eft)<br \/>\nCursos especialitzats (business, health, engineering)<br \/>\nCurs de preparaci\u00f3 ex\u00e0mens ACLES<br \/>\nCurs de preparaci\u00f3 ex\u00e0mens Cambridge<\/p>\n<p>Els estudiants Incoming poden matricular-se en cursos en angl\u00e9s de [&#8230;]<\/p>\n","protected":false},"author":30,"featured_media":0,"parent":8,"menu_order":9,"comment_status":"closed","ping_status":"closed","template":"","meta":{"ngg_post_thumbnail":0,"_links_to":"","_links_to_target":""},"yoast_head":"<!-- This site is optimized with the Yoast SEO plugin v17.5 - https:\/\/yoast.com\/wordpress\/plugins\/seo\/ -->\n<meta name=\"description\" content=\"Los estudiantes incoming pueden asistir a cursos en ingl\u00e9s y asignaturas de diferentes grados o m\u00e1steres si son impartidos en el mismo campus.\" \/>\n<meta name=\"robots\" content=\"index, follow, max-snippet:-1, max-image-preview:large, max-video-preview:-1\" \/>\n<link rel=\"canonical\" href=\"https:\/\/internacional.umh.es\/ca\/incoming\/cursos-en-ingles\/\" \/>\n<meta property=\"og:locale\" content=\"ca_ES\" \/>\n<meta property=\"og:type\" content=\"article\" \/>\n<meta property=\"og:title\" content=\"Cursos en angl\u00e9s - Internacionalitzaci\u00f3 i Cooperaci\u00f3\" \/>\n<meta property=\"og:description\" content=\"Los estudiantes incoming pueden asistir a cursos en ingl\u00e9s y asignaturas de diferentes grados o m\u00e1steres si son impartidos en el mismo campus.\" \/>\n<meta property=\"og:url\" content=\"https:\/\/internacional.umh.es\/incoming\/cursos-en-ingles\/\" \/>\n<meta property=\"og:site_name\" content=\"Internacionalitzaci\u00f3 i Cooperaci\u00f3\" \/>\n<meta property=\"article:modified_time\" content=\"2025-09-11T08:49:46+00:00\" \/>\n<meta name=\"twitter:card\" content=\"summary_large_image\" \/>\n<meta name=\"twitter:label1\" content=\"Est. reading time\" \/>\n\t<meta name=\"twitter:data1\" content=\"1 minut\" \/>\n<script type=\"application\/ld+json\" class=\"yoast-schema-graph\">{\"@context\":\"https:\/\/schema.org\",\"@graph\":[{\"@type\":\"WebSite\",\"@id\":\"https:\/\/internacional.umh.es\/en\/#website\",\"url\":\"https:\/\/internacional.umh.es\/en\/\",\"name\":\"Internacionalitzaci\\u00f3 i Cooperaci\\u00f3\",\"description\":\"Universitat Miguel Hern\\u00e1ndez d&#039;Elx\",\"potentialAction\":[{\"@type\":\"SearchAction\",\"target\":{\"@type\":\"EntryPoint\",\"urlTemplate\":\"https:\/\/internacional.umh.es\/en\/?s={search_term_string}\"},\"query-input\":\"required name=search_term_string\"}],\"inLanguage\":\"ca\"},{\"@type\":\"WebPage\",\"@id\":\"https:\/\/internacional.umh.es\/incoming\/cursos-en-ingles\/#webpage\",\"url\":\"https:\/\/internacional.umh.es\/incoming\/cursos-en-ingles\/\",\"name\":\"Cursos en angl\\u00e9s - Internacionalitzaci\\u00f3 i Cooperaci\\u00f3\",\"isPartOf\":{\"@id\":\"https:\/\/internacional.umh.es\/en\/#website\"},\"datePublished\":\"2012-06-08T12:01:44+00:00\",\"dateModified\":\"2025-09-11T08:49:46+00:00\",\"description\":\"Los estudiantes incoming pueden asistir a cursos en ingl\\u00e9s y asignaturas de diferentes grados o m\\u00e1steres si son impartidos en el mismo campus.\",\"breadcrumb\":{\"@id\":\"https:\/\/internacional.umh.es\/incoming\/cursos-en-ingles\/#breadcrumb\"},\"inLanguage\":\"ca\",\"potentialAction\":[{\"@type\":\"ReadAction\",\"target\":[\"https:\/\/internacional.umh.es\/incoming\/cursos-en-ingles\/\"]}]},{\"@type\":\"BreadcrumbList\",\"@id\":\"https:\/\/internacional.umh.es\/incoming\/cursos-en-ingles\/#breadcrumb\",\"itemListElement\":[{\"@type\":\"ListItem\",\"position\":1,\"name\":\"Home\",\"item\":\"https:\/\/internacional.umh.es\/en\/\"},{\"@type\":\"ListItem\",\"position\":2,\"name\":\"INCOMING\",\"item\":\"https:\/\/internacional.umh.es\/incoming\/\"},{\"@type\":\"ListItem\",\"position\":3,\"name\":\"Cursos en ingl\\u00e9s\"}]}]}<\/script>\n<!-- \/ Yoast SEO plugin. -->","yoast_head_json":{"description":"Los estudiantes incoming pueden asistir a cursos en ingl\u00e9s y asignaturas de diferentes grados o m\u00e1steres si son impartidos en el mismo campus.","robots":{"index":"index","follow":"follow","max-snippet":"max-snippet:-1","max-image-preview":"max-image-preview:large","max-video-preview":"max-video-preview:-1"},"canonical":"https:\/\/internacional.umh.es\/ca\/incoming\/cursos-en-ingles\/","og_locale":"ca_ES","og_type":"article","og_title":"Cursos en angl\u00e9s - Internacionalitzaci\u00f3 i Cooperaci\u00f3","og_description":"Los estudiantes incoming pueden asistir a cursos en ingl\u00e9s y asignaturas de diferentes grados o m\u00e1steres si son impartidos en el mismo campus.","og_url":"https:\/\/internacional.umh.es\/incoming\/cursos-en-ingles\/","og_site_name":"Internacionalitzaci\u00f3 i Cooperaci\u00f3","article_modified_time":"2025-09-11T08:49:46+00:00","twitter_card":"summary_large_image","twitter_misc":{"Est. reading time":"1 minut"},"schema":{"@context":"https:\/\/schema.org","@graph":[{"@type":"WebSite","@id":"https:\/\/internacional.umh.es\/en\/#website","url":"https:\/\/internacional.umh.es\/en\/","name":"Internacionalitzaci\u00f3 i Cooperaci\u00f3","description":"Universitat Miguel Hern\u00e1ndez d&#039;Elx","potentialAction":[{"@type":"SearchAction","target":{"@type":"EntryPoint","urlTemplate":"https:\/\/internacional.umh.es\/en\/?s={search_term_string}"},"query-input":"required name=search_term_string"}],"inLanguage":"ca"},{"@type":"WebPage","@id":"https:\/\/internacional.umh.es\/incoming\/cursos-en-ingles\/#webpage","url":"https:\/\/internacional.umh.es\/incoming\/cursos-en-ingles\/","name":"Cursos en angl\u00e9s - Internacionalitzaci\u00f3 i Cooperaci\u00f3","isPartOf":{"@id":"https:\/\/internacional.umh.es\/en\/#website"},"datePublished":"2012-06-08T12:01:44+00:00","dateModified":"2025-09-11T08:49:46+00:00","description":"Los estudiantes incoming pueden asistir a cursos en ingl\u00e9s y asignaturas de diferentes grados o m\u00e1steres si son impartidos en el mismo campus.","breadcrumb":{"@id":"https:\/\/internacional.umh.es\/incoming\/cursos-en-ingles\/#breadcrumb"},"inLanguage":"ca","potentialAction":[{"@type":"ReadAction","target":["https:\/\/internacional.umh.es\/incoming\/cursos-en-ingles\/"]}]},{"@type":"BreadcrumbList","@id":"https:\/\/internacional.umh.es\/incoming\/cursos-en-ingles\/#breadcrumb","itemListElement":[{"@type":"ListItem","position":1,"name":"Home","item":"https:\/\/internacional.umh.es\/en\/"},{"@type":"ListItem","position":2,"name":"INCOMING","item":"https:\/\/internacional.umh.es\/incoming\/"},{"@type":"ListItem","position":3,"name":"Cursos en ingl\u00e9s"}]}]}},"_links":{"self":[{"href":"https:\/\/internacional.umh.es\/ca\/wp-json\/wp\/v2\/pages\/663"}],"collection":[{"href":"https:\/\/internacional.umh.es\/ca\/wp-json\/wp\/v2\/pages"}],"about":[{"href":"https:\/\/internacional.umh.es\/ca\/wp-json\/wp\/v2\/types\/page"}],"author":[{"embeddable":true,"href":"https:\/\/internacional.umh.es\/ca\/wp-json\/wp\/v2\/users\/30"}],"replies":[{"embeddable":true,"href":"https:\/\/internacional.umh.es\/ca\/wp-json\/wp\/v2\/comments?post=663"}],"version-history":[{"count":0,"href":"https:\/\/internacional.umh.es\/ca\/wp-json\/wp\/v2\/pages\/663\/revisions"}],"up":[{"embeddable":true,"href":"https:\/\/internacional.umh.es\/ca\/wp-json\/wp\/v2\/pages\/8"}],"wp:attachment":[{"href":"https:\/\/internacional.umh.es\/ca\/wp-json\/wp\/v2\/media?parent=663"}],"curies":[{"name":"wp","href":"https:\/\/api.w.org\/{rel}","templated":true}]}}