{"id":698,"date":"2012-07-02T09:16:10","date_gmt":"2012-07-02T07:16:10","guid":{"rendered":"http:\/\/internacional.umh.es\/presentacion\/normativas\/"},"modified":"2025-04-28T00:30:58","modified_gmt":"2025-04-27T22:30:58","slug":"normativas","status":"publish","type":"page","link":"https:\/\/internacional.umh.es\/ca\/conocenos\/normativas\/","title":{"rendered":"Normatives"},"content":{"rendered":"<p><\/p>\n<p>Normatives aplicables en el Servei de Relacions Internacionals, Cooperaci\u00f3 al Desenvolupament i Voluntariat:<\/p>\n<h3><strong>Amb car\u00e0cter general<\/strong><\/h3>\n<ul>\n<li>Constituci\u00f3 Espanyola de 1978.<\/li>\n<li>Llei 6\/2001 de 21 de desembre d&#8217;Universitats, modificada per Llei org\u00e0nica 4\/2007, de 12 d&#8217;abril.<\/li>\n<li>Decret 208\/2004 de 8 d&#8217;octubre del Consell de la Generalitat pel qual s&#8217;aproven els Estatuts de la Universitat Miguel Hern\u00e1ndez d&#8217;Elx.<\/li>\n<li>Llei 2\/2003 de 28 de gener de la Generalitat de Consells Socials de les Universitats P\u00fabliques Valencianes.<\/li>\n<li>Llei 30\/1992, de 26 de novembre, de R\u00e8gim Jur\u00eddic de les Administracions P\u00fabliques i del Procediment Administratiu Com\u00fa.<\/li>\n<li>Llei 11\/2007, de 22 de juny, d&#8217;acc\u00e9s electr\u00f2nic dels ciutadans als serveis p\u00fablics, desenvolupada per Reial decret 1671\/2009, de 6 de novembre.<\/li>\n<li>Llei org\u00e0nica 15\/1999, de 12 de desembre, de protecci\u00f3 de dades de car\u00e0cter personal, desenvolupada per Reial decret 1720\/2007, de 21 de desembre.<\/li>\n<li>Llei 38\/2003 de 17 de novembre, General de Subvencions (BOE 18 de novembre).<\/li>\n<\/ul>\n<h3><strong>Amb car\u00e0cter espec\u00edfic<\/strong><\/h3>\n<ul>\n<li>Convocat\u00f2ries nacionals anuals del programa d&#8217;aprenentatge permanent PAP\/Erasmus.<\/li>\n<li>Convocat\u00f2ria nacional SICUE.<\/li>\n<li>Ordenes del Ministeri d&#8217;Educaci\u00f3 sobre les convocat\u00f2ries del programa de subvencions a la mobilitat d&#8217;estudiants universitaris S\u00e8neca.<\/li>\n<li>Resolucions del Ministeri d&#8217;Educaci\u00f3 sobre la concessi\u00f3 d&#8217;ajudes complement\u00e0ries per a programes de mobilitat internacional.<\/li>\n<li>Resolucions de la Conselleria d&#8217;Educaci\u00f3 de la Generalitat Valenciana sobre la concessi\u00f3 d&#8217;ajudes complement\u00e0ries per a programes de mobilitat internacional.<\/li>\n<li>Resolucions de l&#8217;Ag\u00e8ncia Espanyola de Cooperaci\u00f3 Internacional sobre la concessi\u00f3 de les ajudes del Programa de Cooperaci\u00f3 Interuniversit\u00e0ria.<\/li>\n<li>Acord del Consell de Govern pel qual es crea el Programa de mesures d&#8217;impuls i reconeixement a l&#8217;activitat docent realitzada en llengua anglesa pel professorat de la UMH.<\/li>\n<li>Acords marc de Cooperaci\u00f3 amb universitats estrangeres.<\/li>\n<li>Acords espec\u00edfics d&#8217;intercanvi amb universitats estrangeres.<\/li>\n<li>Acords Bilaterals Erasmus.<\/li>\n<li>Acords Bilaterals SICUE.<\/li>\n<li>Normes d&#8217;execuci\u00f3 i funcionament del pressupost de la UMH.<\/li>\n<li><a title=\"Ho veur\u00e0s en una nova finestra\" href=\"https:\/\/internacional.umh.es\/files\/2020\/05\/RS-0260-2020-Not.-acu.-Norma.-califica-asignaturas-cursadas-progra-movilidad-internacional.pdf\" target=\"_blank\" rel=\"noopener noreferrer\">Normativa de Qualificacions per a Assignatures Cursades en el Marc d&#8217;un Programa de Mobilitat Internacional (285kb .pdf)<\/a> de la Universitat Miguel Hern\u00e1ndez d&#8217;Elx.<br \/>\n&#8211; Per a veure les TAULES DE QUALIFICACIONS per pa\u00efsos, visita:<br \/>\n<a title=\"Ho veur\u00e0s en una nova finestra\" href=\"https:\/\/www.universidades.gob.es\/equivalencia-de-notas-medias-de-estudios-universitarios-realizados-en-centros-extranjeros\/\" target=\"_blank\" rel=\"noopener\"> &#8220;Equival\u00e8ncia de notes mitjanes d&#8217;estudis universitaris realitzats en centres estrangers&#8221;<\/a><br \/>\n<a href=\"https:\/\/internacional.umh.es\/files\/2013\/11\/Modificaci%C3%B3n-Normativa-expedientes-de-movilidad.pdf\">Normativa de gesti\u00f3 d&#8217;expedients en el marc de programes de mobilitat internacional (88,4Kb Castell\u00e0 .pdf)<\/a><\/li>\n<li><a title=\"Ho veur\u00e0s en una nova finestra\" href=\"https:\/\/internacional.umh.es\/files\/2013\/03\/Dobles-Titulaciones.pdf\">Normativa per a l&#8217;establiment de Convenis de Dobles Titulacions Internacionals (285kb Castell\u00e0 .pdf)<\/a> (27\/02\/2013)<\/li>\n<li>Convocat\u00f2ries internes de programes de mobilitat.<\/li>\n<li>Protocols interns de gesti\u00f3.<\/li>\n<\/ul>\n<h3><strong>Normatives Cooperaci\u00f3 al Desenvolupament i Voluntariat<\/strong><\/h3>\n<ul>\n<li><a title=\"Ho veur\u00e0s en una nova finestra\" href=\"https:\/\/www.aecid.es\/ES\/la-aecid\/normativa\" target=\"_blank\" rel=\"noopener noreferrer\" data-saferedirecturl=\"https:\/\/www.google.com\/url?q=https:\/\/www.aecid.es\/es\/la-aecid\/normativa&amp;source=gmail&amp;ust=1600846270872000&amp;usg=AFQjCNHgz4D8ZQrNyF002LOPM9eT9FSwyg\">Normativa estatal de cooperaci\u00f3<\/a><\/li>\n<li><a title=\"Ho veur\u00e0s en una nova finestra\" href=\"https:\/\/www.aecid.es\/ES\/Paginas\/La%20AECID\/Normativa\/Lista-Normativa.aspx?enc=Y1p3d2l4MTFaZlI2VDcvRXd0aTQxZHhBZmJaNFNoenlBUzNsekVIaytxL1owM0Vjekw1b2NPbUdrMEQxcjQ5cGdoZ1VmWkNFVHJrd2ZiZlN1aC8zY2NXRW9OZTZYYnF6K3ZkU3RCamQzYW9hT0tENC9YMWMvQm1MTlRCUitrS1Y1d0xXaVN3bWhtM2pJWUlNY3NUbUFiUlF3QXZ4anh6cUZTbU9qSWFiallqYlF3RzRYaXNGVlpkTkliOVdVVGRwZjNMNDJZN3F4OW0yTitja0RkcWpsdz090\" target=\"_blank\" rel=\"noopener noreferrer\" data-saferedirecturl=\"https:\/\/www.google.com\/url?q=https:\/\/www.aecid.es\/ES\/Paginas\/La%2520AECID\/Normativa\/Lista-Normativa.aspx?enc%3DY1p3d2l4MTFaZlI2VDcvRXd0aTQxZHhBZmJaNFNoenlBUzNsekVIaytxL1owM0Vjekw1b2NPbUdrMEQxcjQ5cGdoZ1VmWkNFVHJrd2ZiZlN1aC8zY2NXRW9OZTZYYnF6K3ZkU3RCamQzYW9hT0tENC9YMWMvQm1MTlRCUitrS1Y1d0xXaVN3bWhtM2pJWUlNY3NUbUFiUlF3QXZ4anh6cUZTbU9qSWFiallqYlF3RzRYaXNGVlpkTkliOVdVVGRwZjNMNDJZN3F4OW0yTitja0RkcWpsdz090&amp;source=gmail&amp;ust=1600846270872000&amp;usg=AFQjCNE4oYi5N2EPGPlgqqZ3e802EkLfLQ\">Normativa estatal de voluntariat<\/a><\/li>\n<li><a title=\"Ho veur\u00e0s en una nova finestra\" href=\"https:\/\/participacio.gva.es\/va\/web\/cooperacion\/legislacion-autonomica\" target=\"_blank\" rel=\"noopener noreferrer\" data-saferedirecturl=\"https:\/\/www.google.com\/url?q=http:\/\/participacio.gva.es\/es\/web\/cooperacion\/legislacion-autonomica&amp;source=gmail&amp;ust=1600846270872000&amp;usg=AFQjCNFMrblWVeeup6QXqWd_hFWxceQa_Q\">Normativa auton\u00f2mica de cooperaci\u00f3<\/a><\/li>\n<li><a title=\"Ho veur\u00e0s en una nova finestra\" href=\"https:\/\/inclusio.gva.es\/va\/web\/integracion-inclusionsocial-cooperacion\/voluntariat\" target=\"_blank\" rel=\"noopener noreferrer\" data-saferedirecturl=\"https:\/\/www.google.com\/url?q=http:\/\/www.inclusio.gva.es\/es\/web\/integracion-inclusionsocial-cooperacion\/voluntariat&amp;source=gmail&amp;ust=1600846270872000&amp;usg=AFQjCNESPI1x-mKBxhwZli96xFU6xnENkw\">Normativa auton\u00f2mica voluntariat<\/a><\/li>\n<li><a title=\"Ho veur\u00e0s en una nova finestra\" href=\"https:\/\/participacio.gva.es\/va\/web\/cooperacion\/legislacion-internacional\" target=\"_blank\" rel=\"noopener noreferrer\" data-saferedirecturl=\"https:\/\/www.google.com\/url?q=http:\/\/participacio.gva.es\/es\/web\/cooperacion\/legislacion-internacional&amp;source=gmail&amp;ust=1600846270873000&amp;usg=AFQjCNHuqVMKrgBaNqLUYcjHESAUQyWfig\">Normativa internacional de cooperaci\u00f3<\/a><\/li>\n<\/ul>\n<p><\/p>","protected":false},"excerpt":{"rendered":"<p>Normatives aplicables en el Servei de Relacions Internacionals, Cooperaci\u00f3 al Desenvolupament i Voluntariat:<br \/>\nAmb car\u00e0cter general<\/p>\n<p>Constituci\u00f3 Espanyola de 1978.<br \/>\nLlei 6\/2001 de 21 de desembre d&#8217;Universitats, modificada per Llei org\u00e0nica 4\/2007, de 12 d&#8217;abril.<br \/>\nDecret 208\/2004 de 8 d&#8217;octubre del Consell de la Generalitat pel qual s&#8217;aproven els Estatuts de la Universitat Miguel Hern\u00e1ndez d&#8217;Elx.<br \/>\nLlei 2\/2003 de 28 [&#8230;]<\/p>\n","protected":false},"author":30,"featured_media":0,"parent":2517,"menu_order":8,"comment_status":"closed","ping_status":"closed","template":"","meta":{"ngg_post_thumbnail":0,"_links_to":"","_links_to_target":""},"yoast_head":"<!-- This site is optimized with the Yoast SEO plugin v17.5 - https:\/\/yoast.com\/wordpress\/plugins\/seo\/ -->\n<meta name=\"description\" content=\"Normativas aplicables en el Servicio de Relaciones Internacionales, Cooperaci\u00f3n al Desarrollo y Voluntariado UMH. Generales, espec\u00edficas y CUD\" \/>\n<meta name=\"robots\" content=\"index, follow, max-snippet:-1, max-image-preview:large, max-video-preview:-1\" \/>\n<link rel=\"canonical\" href=\"https:\/\/internacional.umh.es\/ca\/conocenos\/normativas\/\" \/>\n<meta property=\"og:locale\" content=\"ca_ES\" \/>\n<meta property=\"og:type\" content=\"article\" \/>\n<meta property=\"og:title\" content=\"Normatives - Internacionalitzaci\u00f3 i Cooperaci\u00f3\" \/>\n<meta property=\"og:description\" content=\"Normativas aplicables en el Servicio de Relaciones Internacionales, Cooperaci\u00f3n al Desarrollo y Voluntariado UMH. Generales, espec\u00edficas y CUD\" \/>\n<meta property=\"og:url\" content=\"https:\/\/internacional.umh.es\/en\/conocenos\/normativas\/\" \/>\n<meta property=\"og:site_name\" content=\"Internacionalitzaci\u00f3 i Cooperaci\u00f3\" \/>\n<meta property=\"article:modified_time\" content=\"2025-04-27T22:30:58+00:00\" \/>\n<meta name=\"twitter:card\" content=\"summary_large_image\" \/>\n<meta name=\"twitter:label1\" content=\"Est. reading time\" \/>\n\t<meta name=\"twitter:data1\" content=\"2 minuts\" \/>\n<script type=\"application\/ld+json\" class=\"yoast-schema-graph\">{\"@context\":\"https:\/\/schema.org\",\"@graph\":[{\"@type\":\"WebSite\",\"@id\":\"https:\/\/internacional.umh.es\/en\/#website\",\"url\":\"https:\/\/internacional.umh.es\/en\/\",\"name\":\"Internacionalitzaci\\u00f3 i Cooperaci\\u00f3\",\"description\":\"Universitat Miguel Hern\\u00e1ndez d&#039;Elx\",\"potentialAction\":[{\"@type\":\"SearchAction\",\"target\":{\"@type\":\"EntryPoint\",\"urlTemplate\":\"https:\/\/internacional.umh.es\/en\/?s={search_term_string}\"},\"query-input\":\"required name=search_term_string\"}],\"inLanguage\":\"ca\"},{\"@type\":\"WebPage\",\"@id\":\"https:\/\/internacional.umh.es\/en\/conocenos\/normativas\/#webpage\",\"url\":\"https:\/\/internacional.umh.es\/en\/conocenos\/normativas\/\",\"name\":\"Normatives - Internacionalitzaci\\u00f3 i Cooperaci\\u00f3\",\"isPartOf\":{\"@id\":\"https:\/\/internacional.umh.es\/en\/#website\"},\"datePublished\":\"2012-07-02T07:16:10+00:00\",\"dateModified\":\"2025-04-27T22:30:58+00:00\",\"description\":\"Normativas aplicables en el Servicio de Relaciones Internacionales, Cooperaci\\u00f3n al Desarrollo y Voluntariado UMH. Generales, espec\\u00edficas y CUD\",\"breadcrumb\":{\"@id\":\"https:\/\/internacional.umh.es\/en\/conocenos\/normativas\/#breadcrumb\"},\"inLanguage\":\"ca\",\"potentialAction\":[{\"@type\":\"ReadAction\",\"target\":[\"https:\/\/internacional.umh.es\/en\/conocenos\/normativas\/\"]}]},{\"@type\":\"BreadcrumbList\",\"@id\":\"https:\/\/internacional.umh.es\/en\/conocenos\/normativas\/#breadcrumb\",\"itemListElement\":[{\"@type\":\"ListItem\",\"position\":1,\"name\":\"Home\",\"item\":\"https:\/\/internacional.umh.es\/en\/\"},{\"@type\":\"ListItem\",\"position\":2,\"name\":\"ABOUT US\",\"item\":\"https:\/\/internacional.umh.es\/en\/conocenos\/\"},{\"@type\":\"ListItem\",\"position\":3,\"name\":\"Regulations\"}]}]}<\/script>\n<!-- \/ Yoast SEO plugin. -->","yoast_head_json":{"description":"Normativas aplicables en el Servicio de Relaciones Internacionales, Cooperaci\u00f3n al Desarrollo y Voluntariado UMH. Generales, espec\u00edficas y CUD","robots":{"index":"index","follow":"follow","max-snippet":"max-snippet:-1","max-image-preview":"max-image-preview:large","max-video-preview":"max-video-preview:-1"},"canonical":"https:\/\/internacional.umh.es\/ca\/conocenos\/normativas\/","og_locale":"ca_ES","og_type":"article","og_title":"Normatives - Internacionalitzaci\u00f3 i Cooperaci\u00f3","og_description":"Normativas aplicables en el Servicio de Relaciones Internacionales, Cooperaci\u00f3n al Desarrollo y Voluntariado UMH. Generales, espec\u00edficas y CUD","og_url":"https:\/\/internacional.umh.es\/en\/conocenos\/normativas\/","og_site_name":"Internacionalitzaci\u00f3 i Cooperaci\u00f3","article_modified_time":"2025-04-27T22:30:58+00:00","twitter_card":"summary_large_image","twitter_misc":{"Est. reading time":"2 minuts"},"schema":{"@context":"https:\/\/schema.org","@graph":[{"@type":"WebSite","@id":"https:\/\/internacional.umh.es\/en\/#website","url":"https:\/\/internacional.umh.es\/en\/","name":"Internacionalitzaci\u00f3 i Cooperaci\u00f3","description":"Universitat Miguel Hern\u00e1ndez d&#039;Elx","potentialAction":[{"@type":"SearchAction","target":{"@type":"EntryPoint","urlTemplate":"https:\/\/internacional.umh.es\/en\/?s={search_term_string}"},"query-input":"required name=search_term_string"}],"inLanguage":"ca"},{"@type":"WebPage","@id":"https:\/\/internacional.umh.es\/en\/conocenos\/normativas\/#webpage","url":"https:\/\/internacional.umh.es\/en\/conocenos\/normativas\/","name":"Normatives - Internacionalitzaci\u00f3 i Cooperaci\u00f3","isPartOf":{"@id":"https:\/\/internacional.umh.es\/en\/#website"},"datePublished":"2012-07-02T07:16:10+00:00","dateModified":"2025-04-27T22:30:58+00:00","description":"Normativas aplicables en el Servicio de Relaciones Internacionales, Cooperaci\u00f3n al Desarrollo y Voluntariado UMH. Generales, espec\u00edficas y CUD","breadcrumb":{"@id":"https:\/\/internacional.umh.es\/en\/conocenos\/normativas\/#breadcrumb"},"inLanguage":"ca","potentialAction":[{"@type":"ReadAction","target":["https:\/\/internacional.umh.es\/en\/conocenos\/normativas\/"]}]},{"@type":"BreadcrumbList","@id":"https:\/\/internacional.umh.es\/en\/conocenos\/normativas\/#breadcrumb","itemListElement":[{"@type":"ListItem","position":1,"name":"Home","item":"https:\/\/internacional.umh.es\/en\/"},{"@type":"ListItem","position":2,"name":"ABOUT US","item":"https:\/\/internacional.umh.es\/en\/conocenos\/"},{"@type":"ListItem","position":3,"name":"Regulations"}]}]}},"_links":{"self":[{"href":"https:\/\/internacional.umh.es\/ca\/wp-json\/wp\/v2\/pages\/698"}],"collection":[{"href":"https:\/\/internacional.umh.es\/ca\/wp-json\/wp\/v2\/pages"}],"about":[{"href":"https:\/\/internacional.umh.es\/ca\/wp-json\/wp\/v2\/types\/page"}],"author":[{"embeddable":true,"href":"https:\/\/internacional.umh.es\/ca\/wp-json\/wp\/v2\/users\/30"}],"replies":[{"embeddable":true,"href":"https:\/\/internacional.umh.es\/ca\/wp-json\/wp\/v2\/comments?post=698"}],"version-history":[{"count":0,"href":"https:\/\/internacional.umh.es\/ca\/wp-json\/wp\/v2\/pages\/698\/revisions"}],"up":[{"embeddable":true,"href":"https:\/\/internacional.umh.es\/ca\/wp-json\/wp\/v2\/pages\/2517"}],"wp:attachment":[{"href":"https:\/\/internacional.umh.es\/ca\/wp-json\/wp\/v2\/media?parent=698"}],"curies":[{"name":"wp","href":"https:\/\/api.w.org\/{rel}","templated":true}]}}