{"id":7280,"date":"2018-09-05T09:09:52","date_gmt":"2018-09-05T07:09:52","guid":{"rendered":"https:\/\/internacional.umh.es\/?page_id=7280"},"modified":"2024-02-05T09:27:18","modified_gmt":"2024-02-05T08:27:18","slug":"cooperacion-al-desarrollo","status":"publish","type":"page","link":"https:\/\/internacional.umh.es\/ca\/cooperacion-y-voluntariado\/cooperacion-al-desarrollo\/","title":{"rendered":"Cooperaci\u00f3 aI Desenvolupament"},"content":{"rendered":"<p><\/p>\n<p style=\"text-align: justify\"><img loading=\"lazy\" class=\" wp-image-16089 alignleft\" src=\"https:\/\/internacional.umh.es\/files\/2020\/07\/908166-bc2a30-300x300.png\" alt=\"Cooperaci\u00f3 al desenvolupament m\u00f3n mans imatge\" title=\"La cooperaci\u00f3 al desenvolupament \u00e9s un dels eixos fonamentals del Servei de Relacions Internacionals de la UMH\" width=\"212\" height=\"212\" srcset=\"https:\/\/internacional.umh.es\/files\/2020\/07\/908166-bc2a30-300x300.png 300w, https:\/\/internacional.umh.es\/files\/2020\/07\/908166-bc2a30-150x150.png 150w, https:\/\/internacional.umh.es\/files\/2020\/07\/908166-bc2a30-768x768.png 768w, https:\/\/internacional.umh.es\/files\/2020\/07\/908166-bc2a30-32x32.png 32w, https:\/\/internacional.umh.es\/files\/2020\/07\/908166-bc2a30-64x64.png 64w, https:\/\/internacional.umh.es\/files\/2020\/07\/908166-bc2a30-96x96.png 96w, https:\/\/internacional.umh.es\/files\/2020\/07\/908166-bc2a30-128x128.png 128w, https:\/\/internacional.umh.es\/files\/2020\/07\/908166-bc2a30.png 1024w\" sizes=\"(max-width: 212px) 100vw, 212px\" \/><\/a>Els projectes de cooperaci\u00f3 al desenvolupament de la <strong>Universitat Miguel Hern\u00e1ndez (UMH) <\/strong> inclouen la formaci\u00f3 vinculada al desenvolupament i la cooperaci\u00f3, igualtat de g\u00e8nere, la investigaci\u00f3 per al desenvolupament i estudis sobre el desenvolupament, la cooperaci\u00f3 interuniversit\u00e0ria i enfortiment d&#8217;institucions d&#8217;educaci\u00f3 superior en pa\u00efsos en desenvolupament, les activitats de difusi\u00f3, la sensibilitzaci\u00f3 i mobilitzaci\u00f3, i els programes d&#8217;acci\u00f3 sobre el terreny.<\/p>\n<p style=\"text-align: justify\">Aquests <strong>projectes s\u00f3n finan\u00e7ats<\/strong> fonamentalment per la pr\u00f2pia<strong> universitat<\/strong> que dota de fons propis anualment, <strong>convenis<\/strong> amb la Direcci\u00f3 General de Cooperaci\u00f3 Internacional al Desenvolupament de la Conselleria de Participaci\u00f3, Transpar\u00e8ncia, Cooperaci\u00f3 i Qualitat Democr\u00e0tica de la Generalitat Valenciana<strong>, aix\u00ed com d&#8217;altres entitats<\/strong>. D&#8217;altra banda, ens ocupem de la identificaci\u00f3 inicial, del disseny del projecte i, de la gesti\u00f3, supervisi\u00f3, difusi\u00f3, justificaci\u00f3, an\u00e0lisi i millora d&#8217;aquests.<\/p>\n<p style=\"text-align: justify\">Aquestes iniciatives s&#8217;alineen amb l&#8217;estrat\u00e8gia de cooperaci\u00f3 universit\u00e0ria al desenvolupament on es descriuen les funcions universit\u00e0ries i amb les pol\u00edtiques de la <strong> Generalitat Valenciana<\/strong> de cooperaci\u00f3 al desenvolupament sota el principi de concentraci\u00f3 d&#8217;esfor\u00e7os i coordinaci\u00f3 d&#8217;actuacions entre agents.<\/p>\n<p><a href=\"https:\/\/internacional.umh.es\/ca\/cooperacion-y-voluntariado\/cooperacion-al-desarrollo\/publicaciones\/\" target=\"_blank\" rel=\"noopener\" title=\"Coneix tota la informaci\u00f3 sobre les publicacions en cooperaci\u00f3 de la UMH\"><img loading=\"lazy\" class=\"alignnone wp-image-24916\" src=\"https:\/\/internacional.umh.es\/files\/2022\/03\/CURSO-20212022-300x150.png\" alt=\"Cooperaci\u00f3n publicaciones bot\u00f3n\" width=\"242\" height=\"121\" srcset=\"https:\/\/internacional.umh.es\/files\/2022\/03\/CURSO-20212022-300x150.png 300w, https:\/\/internacional.umh.es\/files\/2022\/03\/CURSO-20212022.png 472w\" sizes=\"(max-width: 242px) 100vw, 242px\" \/><\/a><a href=\"https:\/\/internacional.umh.es\/ca\/cooperacion-y-voluntariado\/cooperacion-al-desarrollo\/convenio-cooperacion-universitaria-al-desarrollo\/\" target=\"_blank\" rel=\"noopener\"><img loading=\"lazy\" class=\"alignnone wp-image-24913\" src=\"https:\/\/internacional.umh.es\/files\/2022\/03\/botones-web-cooperacion-300x150.png\" alt=\"Cooperaci\u00f3 convenis bot\u00f3n\" title=\"Coneix totes les novetats dels convenis de cooperaci\u00f3 de la UMH\n\" width=\"242\" height=\"121\" srcset=\"https:\/\/internacional.umh.es\/files\/2022\/03\/botones-web-cooperacion-300x150.png 300w, https:\/\/internacional.umh.es\/files\/2022\/03\/botones-web-cooperacion.png 472w\" sizes=\"(max-width: 242px) 100vw, 242px\" \/><\/a><\/p>\n<p><img loading=\"lazy\" class=\"wp-image-26120 alignleft\" src=\"https:\/\/internacional.umh.es\/files\/2022\/05\/kisspng-magnifying-glass-tehnogama-d-o-o-beograd-transpar-5ae2c3d6b35963.5228953015248107107346-150x150.png\" alt=\"Lupa imagen\" title=\"Accedeix al mapa on la UMH t\u00e9 pres\u00e8ncia en cooperaci\u00f3\" width=\"54\" height=\"54\" srcset=\"https:\/\/internacional.umh.es\/files\/2022\/05\/kisspng-magnifying-glass-tehnogama-d-o-o-beograd-transpar-5ae2c3d6b35963.5228953015248107107346-150x150.png 150w, https:\/\/internacional.umh.es\/files\/2022\/05\/kisspng-magnifying-glass-tehnogama-d-o-o-beograd-transpar-5ae2c3d6b35963.5228953015248107107346-300x300.png 300w, https:\/\/internacional.umh.es\/files\/2022\/05\/kisspng-magnifying-glass-tehnogama-d-o-o-beograd-transpar-5ae2c3d6b35963.5228953015248107107346.png 512w\" sizes=\"(max-width: 54px) 100vw, 54px\" \/><\/p>\n<p><a title=\"Ho veur\u00e0s en una nova finestra\" href=\"https:\/\/www.google.com\/maps\/d\/edit?mid=1-MeolgjNPEoMJO-z1K9Z1NQ6wOl0OlAC&amp;usp=sharing\" target=\"_blank\" rel=\"noopener\"><strong>A trav\u00e9s del mapa<\/strong><\/a> pots descobrir els projectes de cooperaci\u00f3 al desenvolupament de la UMH finan\u00e7ats a trav\u00e9s de diversos convenis:<\/p>\n<p>\n<!-- iframe plugin v.4.5 wordpress.org\/plugins\/iframe\/ -->\n<iframe src=\"https:\/\/www.google.com\/maps\/d\/embed?mid=1-MeolgjNPEoMJO-z1K9Z1NQ6wOl0OlAC&#038;ehbc=2E312F\" width=\"100%\" height=\"600\" scrolling=\"yes\" class=\"iframe-class\" frameborder=\"0\"><\/iframe>\n<br \/>\n&nbsp;<\/p>","protected":false},"excerpt":{"rendered":"<p>Els projectes de cooperaci\u00f3 al desenvolupament de la Universitat Miguel Hern\u00e1ndez (UMH)  inclouen la formaci\u00f3 vinculada al desenvolupament i la cooperaci\u00f3, igualtat de g\u00e8nere, la investigaci\u00f3 per al desenvolupament i estudis sobre el desenvolupament, la cooperaci\u00f3 interuniversit\u00e0ria i enfortiment d&#8217;institucions d&#8217;educaci\u00f3 superior en pa\u00efsos en desenvolupament, les activitats de difusi\u00f3, la sensibilitzaci\u00f3 i mobilitzaci\u00f3, [&#8230;]<\/p>\n","protected":false},"author":5216,"featured_media":0,"parent":3982,"menu_order":3,"comment_status":"closed","ping_status":"closed","template":"","meta":{"ngg_post_thumbnail":0,"_links_to":"","_links_to_target":""},"yoast_head":"<!-- This site is optimized with the Yoast SEO plugin v17.5 - https:\/\/yoast.com\/wordpress\/plugins\/seo\/ -->\n<meta name=\"description\" content=\"Los proyectos de cooperaci\u00f3n al desarrollo UMH incluyen formaci\u00f3n vinculada al desarrollo y la cooperaci\u00f3n, igualdad de g\u00e9nero e Investigaci\u00f3n\" \/>\n<meta name=\"robots\" content=\"index, follow, max-snippet:-1, max-image-preview:large, max-video-preview:-1\" \/>\n<link rel=\"canonical\" href=\"https:\/\/internacional.umh.es\/ca\/cooperacion-y-voluntariado\/cooperacion-al-desarrollo\/\" \/>\n<meta property=\"og:locale\" content=\"ca_ES\" \/>\n<meta property=\"og:type\" content=\"article\" \/>\n<meta property=\"og:title\" content=\"Cooperaci\u00f3 aI Desenvolupament - Internacionalitzaci\u00f3 i Cooperaci\u00f3\" \/>\n<meta property=\"og:description\" content=\"Los proyectos de cooperaci\u00f3n al desarrollo UMH incluyen formaci\u00f3n vinculada al desarrollo y la cooperaci\u00f3n, igualdad de g\u00e9nero e Investigaci\u00f3n\" \/>\n<meta property=\"og:url\" content=\"https:\/\/internacional.umh.es\/ca\/cooperacion-y-voluntariado\/cooperacion-al-desarrollo\/\" \/>\n<meta property=\"og:site_name\" content=\"Internacionalitzaci\u00f3 i Cooperaci\u00f3\" \/>\n<meta property=\"article:modified_time\" content=\"2024-02-05T08:27:18+00:00\" \/>\n<meta property=\"og:image\" content=\"https:\/\/internacional.umh.es\/files\/2020\/07\/908166-bc2a30-300x300.png\" \/>\n<meta name=\"twitter:card\" content=\"summary_large_image\" \/>\n<meta name=\"twitter:label1\" content=\"Est. reading time\" \/>\n\t<meta name=\"twitter:data1\" content=\"2 minuts\" \/>\n<script type=\"application\/ld+json\" class=\"yoast-schema-graph\">{\"@context\":\"https:\/\/schema.org\",\"@graph\":[{\"@type\":\"WebSite\",\"@id\":\"https:\/\/internacional.umh.es\/en\/#website\",\"url\":\"https:\/\/internacional.umh.es\/en\/\",\"name\":\"Internacionalitzaci\\u00f3 i Cooperaci\\u00f3\",\"description\":\"Universitat Miguel Hern\\u00e1ndez d&#039;Elx\",\"potentialAction\":[{\"@type\":\"SearchAction\",\"target\":{\"@type\":\"EntryPoint\",\"urlTemplate\":\"https:\/\/internacional.umh.es\/en\/?s={search_term_string}\"},\"query-input\":\"required name=search_term_string\"}],\"inLanguage\":\"ca\"},{\"@type\":\"ImageObject\",\"@id\":\"https:\/\/internacional.umh.es\/ca\/cooperacion-y-voluntariado\/cooperacion-al-desarrollo\/#primaryimage\",\"inLanguage\":\"ca\",\"url\":\"https:\/\/internacional.umh.es\/files\/2020\/07\/908166-bc2a30.png\",\"contentUrl\":\"https:\/\/internacional.umh.es\/files\/2020\/07\/908166-bc2a30.png\",\"width\":1024,\"height\":1024},{\"@type\":\"WebPage\",\"@id\":\"https:\/\/internacional.umh.es\/ca\/cooperacion-y-voluntariado\/cooperacion-al-desarrollo\/#webpage\",\"url\":\"https:\/\/internacional.umh.es\/ca\/cooperacion-y-voluntariado\/cooperacion-al-desarrollo\/\",\"name\":\"Cooperaci\\u00f3 aI Desenvolupament - Internacionalitzaci\\u00f3 i Cooperaci\\u00f3\",\"isPartOf\":{\"@id\":\"https:\/\/internacional.umh.es\/en\/#website\"},\"primaryImageOfPage\":{\"@id\":\"https:\/\/internacional.umh.es\/ca\/cooperacion-y-voluntariado\/cooperacion-al-desarrollo\/#primaryimage\"},\"datePublished\":\"2018-09-05T07:09:52+00:00\",\"dateModified\":\"2024-02-05T08:27:18+00:00\",\"description\":\"Los proyectos de cooperaci\\u00f3n al desarrollo UMH incluyen formaci\\u00f3n vinculada al desarrollo y la cooperaci\\u00f3n, igualdad de g\\u00e9nero e Investigaci\\u00f3n\",\"breadcrumb\":{\"@id\":\"https:\/\/internacional.umh.es\/ca\/cooperacion-y-voluntariado\/cooperacion-al-desarrollo\/#breadcrumb\"},\"inLanguage\":\"ca\",\"potentialAction\":[{\"@type\":\"ReadAction\",\"target\":[\"https:\/\/internacional.umh.es\/ca\/cooperacion-y-voluntariado\/cooperacion-al-desarrollo\/\"]}]},{\"@type\":\"BreadcrumbList\",\"@id\":\"https:\/\/internacional.umh.es\/ca\/cooperacion-y-voluntariado\/cooperacion-al-desarrollo\/#breadcrumb\",\"itemListElement\":[{\"@type\":\"ListItem\",\"position\":1,\"name\":\"Home\",\"item\":\"https:\/\/internacional.umh.es\/en\/\"},{\"@type\":\"ListItem\",\"position\":2,\"name\":\"COOPERACI\\u00d3 I VOLUNTARIAT\",\"item\":\"https:\/\/internacional.umh.es\/ca\/cooperacion-y-voluntariado\/\"},{\"@type\":\"ListItem\",\"position\":3,\"name\":\"Cooperaci\\u00f3 aI Desenvolupament\"}]}]}<\/script>\n<!-- \/ Yoast SEO plugin. -->","yoast_head_json":{"description":"Los proyectos de cooperaci\u00f3n al desarrollo UMH incluyen formaci\u00f3n vinculada al desarrollo y la cooperaci\u00f3n, igualdad de g\u00e9nero e Investigaci\u00f3n","robots":{"index":"index","follow":"follow","max-snippet":"max-snippet:-1","max-image-preview":"max-image-preview:large","max-video-preview":"max-video-preview:-1"},"canonical":"https:\/\/internacional.umh.es\/ca\/cooperacion-y-voluntariado\/cooperacion-al-desarrollo\/","og_locale":"ca_ES","og_type":"article","og_title":"Cooperaci\u00f3 aI Desenvolupament - Internacionalitzaci\u00f3 i Cooperaci\u00f3","og_description":"Los proyectos de cooperaci\u00f3n al desarrollo UMH incluyen formaci\u00f3n vinculada al desarrollo y la cooperaci\u00f3n, igualdad de g\u00e9nero e Investigaci\u00f3n","og_url":"https:\/\/internacional.umh.es\/ca\/cooperacion-y-voluntariado\/cooperacion-al-desarrollo\/","og_site_name":"Internacionalitzaci\u00f3 i Cooperaci\u00f3","article_modified_time":"2024-02-05T08:27:18+00:00","og_image":[{"url":"https:\/\/internacional.umh.es\/files\/2020\/07\/908166-bc2a30-300x300.png"}],"twitter_card":"summary_large_image","twitter_misc":{"Est. reading time":"2 minuts"},"schema":{"@context":"https:\/\/schema.org","@graph":[{"@type":"WebSite","@id":"https:\/\/internacional.umh.es\/en\/#website","url":"https:\/\/internacional.umh.es\/en\/","name":"Internacionalitzaci\u00f3 i Cooperaci\u00f3","description":"Universitat Miguel Hern\u00e1ndez d&#039;Elx","potentialAction":[{"@type":"SearchAction","target":{"@type":"EntryPoint","urlTemplate":"https:\/\/internacional.umh.es\/en\/?s={search_term_string}"},"query-input":"required name=search_term_string"}],"inLanguage":"ca"},{"@type":"ImageObject","@id":"https:\/\/internacional.umh.es\/ca\/cooperacion-y-voluntariado\/cooperacion-al-desarrollo\/#primaryimage","inLanguage":"ca","url":"https:\/\/internacional.umh.es\/files\/2020\/07\/908166-bc2a30.png","contentUrl":"https:\/\/internacional.umh.es\/files\/2020\/07\/908166-bc2a30.png","width":1024,"height":1024},{"@type":"WebPage","@id":"https:\/\/internacional.umh.es\/ca\/cooperacion-y-voluntariado\/cooperacion-al-desarrollo\/#webpage","url":"https:\/\/internacional.umh.es\/ca\/cooperacion-y-voluntariado\/cooperacion-al-desarrollo\/","name":"Cooperaci\u00f3 aI Desenvolupament - Internacionalitzaci\u00f3 i Cooperaci\u00f3","isPartOf":{"@id":"https:\/\/internacional.umh.es\/en\/#website"},"primaryImageOfPage":{"@id":"https:\/\/internacional.umh.es\/ca\/cooperacion-y-voluntariado\/cooperacion-al-desarrollo\/#primaryimage"},"datePublished":"2018-09-05T07:09:52+00:00","dateModified":"2024-02-05T08:27:18+00:00","description":"Los proyectos de cooperaci\u00f3n al desarrollo UMH incluyen formaci\u00f3n vinculada al desarrollo y la cooperaci\u00f3n, igualdad de g\u00e9nero e Investigaci\u00f3n","breadcrumb":{"@id":"https:\/\/internacional.umh.es\/ca\/cooperacion-y-voluntariado\/cooperacion-al-desarrollo\/#breadcrumb"},"inLanguage":"ca","potentialAction":[{"@type":"ReadAction","target":["https:\/\/internacional.umh.es\/ca\/cooperacion-y-voluntariado\/cooperacion-al-desarrollo\/"]}]},{"@type":"BreadcrumbList","@id":"https:\/\/internacional.umh.es\/ca\/cooperacion-y-voluntariado\/cooperacion-al-desarrollo\/#breadcrumb","itemListElement":[{"@type":"ListItem","position":1,"name":"Home","item":"https:\/\/internacional.umh.es\/en\/"},{"@type":"ListItem","position":2,"name":"COOPERACI\u00d3 I VOLUNTARIAT","item":"https:\/\/internacional.umh.es\/ca\/cooperacion-y-voluntariado\/"},{"@type":"ListItem","position":3,"name":"Cooperaci\u00f3 aI Desenvolupament"}]}]}},"_links":{"self":[{"href":"https:\/\/internacional.umh.es\/ca\/wp-json\/wp\/v2\/pages\/7280"}],"collection":[{"href":"https:\/\/internacional.umh.es\/ca\/wp-json\/wp\/v2\/pages"}],"about":[{"href":"https:\/\/internacional.umh.es\/ca\/wp-json\/wp\/v2\/types\/page"}],"author":[{"embeddable":true,"href":"https:\/\/internacional.umh.es\/ca\/wp-json\/wp\/v2\/users\/5216"}],"replies":[{"embeddable":true,"href":"https:\/\/internacional.umh.es\/ca\/wp-json\/wp\/v2\/comments?post=7280"}],"version-history":[{"count":0,"href":"https:\/\/internacional.umh.es\/ca\/wp-json\/wp\/v2\/pages\/7280\/revisions"}],"up":[{"embeddable":true,"href":"https:\/\/internacional.umh.es\/ca\/wp-json\/wp\/v2\/pages\/3982"}],"wp:attachment":[{"href":"https:\/\/internacional.umh.es\/ca\/wp-json\/wp\/v2\/media?parent=7280"}],"curies":[{"name":"wp","href":"https:\/\/api.w.org\/{rel}","templated":true}]}}