{"id":7283,"date":"2018-09-05T09:11:26","date_gmt":"2018-09-05T07:11:26","guid":{"rendered":"https:\/\/internacional.umh.es\/?page_id=7283"},"modified":"2024-01-22T11:16:20","modified_gmt":"2024-01-22T10:16:20","slug":"voluntariado","status":"publish","type":"page","link":"https:\/\/internacional.umh.es\/ca\/cooperacion-y-voluntariado\/voluntariado\/","title":{"rendered":"Voluntariat"},"content":{"rendered":"<p><\/p>\n<p>La <strong>UMH<\/strong> desenvolupa diverses iniciatives i projectes de voluntariat tant de car\u00e0cter nacional com internacional.<\/p>\n<p style=\"text-align: justify\">Entre elles podem destacar:<\/p>\n<ul>\n<li><strong><a href=\"https:\/\/internacional.umh.es\/ca\/cooperacion-y-voluntariado\/voluntariado\/itinerario-de-la-persona-voluntaria-en-la-umh\/\" title=\"Accedeix ara a m\u00e9s informaci\u00f3 sobre l'itinerari de la persona volunt\u00e0ria en la UMH\">Itinerari de la persona volunt\u00e0ria en la UMH<\/a><\/strong>\n<p style=\"text-align: justify\">Aquest itinerari proposat des de l&#8217;\u00c0rea de Cooperaci\u00f3 al Desenvolupament i Voluntariat de la UMH pret\u00e9n ser un proc\u00e9s d&#8217;aprenentatge experiencial, din\u00e0mic i flexible, amb diferents fites per a un aprenentatge integral dels aspectes de l&#8217;acci\u00f3 volunt\u00e0ria i la cooperaci\u00f3 internacional al desenvolupament.<\/p>\n<\/li>\n<\/ul>\n<ul>\n<li><strong><a href=\"https:\/\/internacional.umh.es\/ca\/cooperacion-y-voluntariado\/voluntariado\/voluntariado-en-ruanda\/\" title=\"Clica per a m\u00e9s detalls sobre el Voluntariat de la UMH realitzat a Ruanda\">Voluntariat UMH a Ruanda<\/a><img loading=\"lazy\" class=\"size-medium wp-image-16778 alignright\" src=\"https:\/\/internacional.umh.es\/files\/2020\/09\/DSC_0664-1-300x200.jpg\" alt=\"Formaci\u00f3 voluntariat Ruanda UMH\" title=\"Nombrosos estudiants participen en els programes de voluntariat de la UMH a Ruanda\" width=\"300\" height=\"200\" srcset=\"https:\/\/internacional.umh.es\/files\/2020\/09\/DSC_0664-1-300x200.jpg 300w, https:\/\/internacional.umh.es\/files\/2020\/09\/DSC_0664-1-768x512.jpg 768w, https:\/\/internacional.umh.es\/files\/2020\/09\/DSC_0664-1-1024x683.jpg 1024w\" sizes=\"(max-width: 300px) 100vw, 300px\" \/><\/strong>\n<p style=\"text-align: justify\">Cada mes un grup de voluntaris, compost per membres de la UMH, viatja a la nostra seu de <strong>Ruanda, situada en Nemba<\/strong> (Gakenke, North Province), romanent en la mateixa unes 4 setmanes, realitzant activitats formatives i de cooperaci\u00f3 al desenvolupament vinculades a l&#8217;educaci\u00f3 i la sanitat.<\/p>\n<\/li>\n<\/ul>\n<ul>\n<li><a href=\"https:\/\/internacional.umh.es\/ca\/programavoluntariado-cooperacioninternacional\/\" title=\"Si necessites m\u00e9s informaci\u00f3 sobre el Programa de Voluntariat en Cooperaci\u00f3 Internacional al Desenvolupament (CID) en la UMH pots veure-la en aquesta secci\u00f3\"><strong>Programa de Voluntariat en Cooperaci\u00f3 Internacional al Desenvolupament (CID) UMH<\/strong><\/a>\n<p style=\"text-align: justify\">La setmana de tornada de vacances de Setmana Santa (a partir de 26 d&#8217;abril) es publicar\u00e0 la convocat\u00f2ria de places per al Programa de Voluntariat en Cooperaci\u00f3 Internacional al Desenvolupament (CID) UMH. El programa consta de diverses fases: la primera \u00e9s la participaci\u00f3 al Campus de Cooperaci\u00f3 Internacional al Desenvolupament (24, 25 i 26 de juny de 2022); en segon lloc, la implicaci\u00f3 de voluntariat de la UMH en projectes de ONGD; i finalment sessions de formaci\u00f3 espec\u00edfica en la UMH (2 o 3 tardes\/setmana).<\/p>\n<\/li>\n<\/ul>\n<ul>\n<li><strong><a href=\"https:\/\/internacional.umh.es\/ca\/cooperacion-y-voluntariado\/voluntariado\/voluntariado-laumhteacompana\/\" title=\"Coneix ara la campanya i informaci\u00f3 al completa sobre la UMHteAcompa\u00f1a i els seus principals objectius\">#LaUMHteAcompa\u00f1a<\/a><img loading=\"lazy\" class=\"size-medium wp-image-16779 alignright\" src=\"https:\/\/internacional.umh.es\/files\/2020\/09\/UMHteAcompa\u00f1a-300x225.jpg\" alt=\"UMHteAcompa\u00f1a voluntariat\" title=\"Coneix ara la campanya i informaci\u00f3 al completa sobre la UMHteAcompa\u00f1a\" width=\"300\" height=\"225\" srcset=\"https:\/\/internacional.umh.es\/files\/2020\/09\/UMHteAcompa\u00f1a-300x225.jpg 300w, https:\/\/internacional.umh.es\/files\/2020\/09\/UMHteAcompa\u00f1a-768x576.jpg 768w, https:\/\/internacional.umh.es\/files\/2020\/09\/UMHteAcompa\u00f1a-1024x768.jpg 1024w\" sizes=\"(max-width: 300px) 100vw, 300px\" \/><\/strong>\n<p style=\"text-align: justify\">La UMH, en col\u00b7laboraci\u00f3 amb Creu Roja Espanyola, ha posat en marxa un programa de voluntariat mitjan\u00e7ant el qual, a trav\u00e9s de l&#8217;acompanyament telef\u00f2nic, es pret\u00e9n pal\u00b7liar la soledat que aquesta pand\u00e8mia est\u00e0 provocant en les persones majors durant el per\u00edode de quarantena, i en el posterior per\u00edode de recuperaci\u00f3.<\/p>\n<\/li>\n<\/ul>\n<ul>\n<li><a href=\"https:\/\/internacional.umh.es\/ca\/cooperacion-y-voluntariado\/voluntariado\/voluntariado-en-ongs\/\" title=\"La UMH col\u00b7labora en nombrosos programes de voluntariat amb diverses ONGs nacionals i internacionals\"><strong>Programes de voluntariat amb ONGs<\/strong><\/a>\n<p>L&#8217;\u00c0rea de Cooperaci\u00f3 al Desenvolupament i Voluntariat de la UMH col\u00b7labora amb ONGs donant difusi\u00f3 als seus projectes de voluntariat.<\/p>\n<\/li>\n<\/ul>\n<ul>\n<li><strong><a href=\"https:\/\/www.umhsostenible.com\/\" title=\"Visita i coneix un dels compromisos m\u00e9s importants de la UMH respecte a la sostenibilitat mediambiental i els activitats m\u00e9s rellevants en una nova finestra\" target=\"_blank\" rel=\"noopener\">Voluntariat ambiental: UMH Sostenible<\/a><\/strong>\n<p style=\"text-align: justify\">El programa de Voluntariat Ambiental pret\u00e9n augmentar la sensibilitzaci\u00f3 ambiental i millorar el medi ambient a trav\u00e9s d&#8217;actuacions puntuals en l&#8217;entorn.<\/p>\n<\/li>\n<\/ul>\n<p><\/p>","protected":false},"excerpt":{"rendered":"<p>La UMH desenvolupa diverses iniciatives i projectes de voluntariat tant de car\u00e0cter nacional com internacional.<br \/>\nEntre elles podem destacar:<\/p>\n<p>Itinerari de la persona volunt\u00e0ria en la UMH<br \/>\nAquest itinerari proposat des de l&#8217;\u00c0rea de Cooperaci\u00f3 al Desenvolupament i Voluntariat de la UMH pret\u00e9n ser un proc\u00e9s d&#8217;aprenentatge experiencial, din\u00e0mic i flexible, amb diferents fites per a un aprenentatge [&#8230;]<\/p>\n","protected":false},"author":408,"featured_media":0,"parent":3982,"menu_order":6,"comment_status":"closed","ping_status":"closed","template":"","meta":{"ngg_post_thumbnail":0,"_links_to":"","_links_to_target":""},"yoast_head":"<!-- This site is optimized with the Yoast SEO plugin v17.5 - https:\/\/yoast.com\/wordpress\/plugins\/seo\/ -->\n<meta name=\"description\" content=\"La UMH desarrolla diversas iniciativas, eventos, actividades y proyectos de voluntariado tanto de car\u00e1cter nacional como internacional\" \/>\n<meta name=\"robots\" content=\"index, follow, max-snippet:-1, max-image-preview:large, max-video-preview:-1\" \/>\n<link rel=\"canonical\" href=\"https:\/\/internacional.umh.es\/ca\/cooperacion-y-voluntariado\/voluntariado\/\" \/>\n<meta property=\"og:locale\" content=\"ca_ES\" \/>\n<meta property=\"og:type\" content=\"article\" \/>\n<meta property=\"og:title\" content=\"Voluntariat - Internacionalitzaci\u00f3 i Cooperaci\u00f3\" \/>\n<meta property=\"og:description\" content=\"La UMH desarrolla diversas iniciativas, eventos, actividades y proyectos de voluntariado tanto de car\u00e1cter nacional como internacional\" \/>\n<meta property=\"og:url\" content=\"https:\/\/internacional.umh.es\/ca\/cooperacion-y-voluntariado\/voluntariado\/\" \/>\n<meta property=\"og:site_name\" content=\"Internacionalitzaci\u00f3 i Cooperaci\u00f3\" \/>\n<meta property=\"article:modified_time\" content=\"2024-01-22T10:16:20+00:00\" \/>\n<meta property=\"og:image\" content=\"https:\/\/internacional.umh.es\/files\/2020\/09\/DSC_0664-1-300x200.jpg\" \/>\n<meta name=\"twitter:card\" content=\"summary_large_image\" \/>\n<meta name=\"twitter:label1\" content=\"Est. reading time\" \/>\n\t<meta name=\"twitter:data1\" content=\"2 minuts\" \/>\n<script type=\"application\/ld+json\" class=\"yoast-schema-graph\">{\"@context\":\"https:\/\/schema.org\",\"@graph\":[{\"@type\":\"WebSite\",\"@id\":\"https:\/\/internacional.umh.es\/en\/#website\",\"url\":\"https:\/\/internacional.umh.es\/en\/\",\"name\":\"Internacionalitzaci\\u00f3 i Cooperaci\\u00f3\",\"description\":\"Universitat Miguel Hern\\u00e1ndez d&#039;Elx\",\"potentialAction\":[{\"@type\":\"SearchAction\",\"target\":{\"@type\":\"EntryPoint\",\"urlTemplate\":\"https:\/\/internacional.umh.es\/en\/?s={search_term_string}\"},\"query-input\":\"required name=search_term_string\"}],\"inLanguage\":\"ca\"},{\"@type\":\"ImageObject\",\"@id\":\"https:\/\/internacional.umh.es\/ca\/cooperacion-y-voluntariado\/voluntariado\/#primaryimage\",\"inLanguage\":\"ca\",\"url\":\"https:\/\/internacional.umh.es\/files\/2020\/09\/DSC_0664-1.jpg\",\"contentUrl\":\"https:\/\/internacional.umh.es\/files\/2020\/09\/DSC_0664-1.jpg\",\"width\":6000,\"height\":4000,\"caption\":\"Formaci\\u00f3n voluntarios Ruanda UMH\"},{\"@type\":\"WebPage\",\"@id\":\"https:\/\/internacional.umh.es\/ca\/cooperacion-y-voluntariado\/voluntariado\/#webpage\",\"url\":\"https:\/\/internacional.umh.es\/ca\/cooperacion-y-voluntariado\/voluntariado\/\",\"name\":\"Voluntariat - Internacionalitzaci\\u00f3 i Cooperaci\\u00f3\",\"isPartOf\":{\"@id\":\"https:\/\/internacional.umh.es\/en\/#website\"},\"primaryImageOfPage\":{\"@id\":\"https:\/\/internacional.umh.es\/ca\/cooperacion-y-voluntariado\/voluntariado\/#primaryimage\"},\"datePublished\":\"2018-09-05T07:11:26+00:00\",\"dateModified\":\"2024-01-22T10:16:20+00:00\",\"description\":\"La UMH desarrolla diversas iniciativas, eventos, actividades y proyectos de voluntariado tanto de car\\u00e1cter nacional como internacional\",\"breadcrumb\":{\"@id\":\"https:\/\/internacional.umh.es\/ca\/cooperacion-y-voluntariado\/voluntariado\/#breadcrumb\"},\"inLanguage\":\"ca\",\"potentialAction\":[{\"@type\":\"ReadAction\",\"target\":[\"https:\/\/internacional.umh.es\/ca\/cooperacion-y-voluntariado\/voluntariado\/\"]}]},{\"@type\":\"BreadcrumbList\",\"@id\":\"https:\/\/internacional.umh.es\/ca\/cooperacion-y-voluntariado\/voluntariado\/#breadcrumb\",\"itemListElement\":[{\"@type\":\"ListItem\",\"position\":1,\"name\":\"Home\",\"item\":\"https:\/\/internacional.umh.es\/en\/\"},{\"@type\":\"ListItem\",\"position\":2,\"name\":\"COOPERACI\\u00d3 I VOLUNTARIAT\",\"item\":\"https:\/\/internacional.umh.es\/ca\/cooperacion-y-voluntariado\/\"},{\"@type\":\"ListItem\",\"position\":3,\"name\":\"Voluntariat\"}]}]}<\/script>\n<!-- \/ Yoast SEO plugin. -->","yoast_head_json":{"description":"La UMH desarrolla diversas iniciativas, eventos, actividades y proyectos de voluntariado tanto de car\u00e1cter nacional como internacional","robots":{"index":"index","follow":"follow","max-snippet":"max-snippet:-1","max-image-preview":"max-image-preview:large","max-video-preview":"max-video-preview:-1"},"canonical":"https:\/\/internacional.umh.es\/ca\/cooperacion-y-voluntariado\/voluntariado\/","og_locale":"ca_ES","og_type":"article","og_title":"Voluntariat - Internacionalitzaci\u00f3 i Cooperaci\u00f3","og_description":"La UMH desarrolla diversas iniciativas, eventos, actividades y proyectos de voluntariado tanto de car\u00e1cter nacional como internacional","og_url":"https:\/\/internacional.umh.es\/ca\/cooperacion-y-voluntariado\/voluntariado\/","og_site_name":"Internacionalitzaci\u00f3 i Cooperaci\u00f3","article_modified_time":"2024-01-22T10:16:20+00:00","og_image":[{"url":"https:\/\/internacional.umh.es\/files\/2020\/09\/DSC_0664-1-300x200.jpg"}],"twitter_card":"summary_large_image","twitter_misc":{"Est. reading time":"2 minuts"},"schema":{"@context":"https:\/\/schema.org","@graph":[{"@type":"WebSite","@id":"https:\/\/internacional.umh.es\/en\/#website","url":"https:\/\/internacional.umh.es\/en\/","name":"Internacionalitzaci\u00f3 i Cooperaci\u00f3","description":"Universitat Miguel Hern\u00e1ndez d&#039;Elx","potentialAction":[{"@type":"SearchAction","target":{"@type":"EntryPoint","urlTemplate":"https:\/\/internacional.umh.es\/en\/?s={search_term_string}"},"query-input":"required name=search_term_string"}],"inLanguage":"ca"},{"@type":"ImageObject","@id":"https:\/\/internacional.umh.es\/ca\/cooperacion-y-voluntariado\/voluntariado\/#primaryimage","inLanguage":"ca","url":"https:\/\/internacional.umh.es\/files\/2020\/09\/DSC_0664-1.jpg","contentUrl":"https:\/\/internacional.umh.es\/files\/2020\/09\/DSC_0664-1.jpg","width":6000,"height":4000,"caption":"Formaci\u00f3n voluntarios Ruanda UMH"},{"@type":"WebPage","@id":"https:\/\/internacional.umh.es\/ca\/cooperacion-y-voluntariado\/voluntariado\/#webpage","url":"https:\/\/internacional.umh.es\/ca\/cooperacion-y-voluntariado\/voluntariado\/","name":"Voluntariat - Internacionalitzaci\u00f3 i Cooperaci\u00f3","isPartOf":{"@id":"https:\/\/internacional.umh.es\/en\/#website"},"primaryImageOfPage":{"@id":"https:\/\/internacional.umh.es\/ca\/cooperacion-y-voluntariado\/voluntariado\/#primaryimage"},"datePublished":"2018-09-05T07:11:26+00:00","dateModified":"2024-01-22T10:16:20+00:00","description":"La UMH desarrolla diversas iniciativas, eventos, actividades y proyectos de voluntariado tanto de car\u00e1cter nacional como internacional","breadcrumb":{"@id":"https:\/\/internacional.umh.es\/ca\/cooperacion-y-voluntariado\/voluntariado\/#breadcrumb"},"inLanguage":"ca","potentialAction":[{"@type":"ReadAction","target":["https:\/\/internacional.umh.es\/ca\/cooperacion-y-voluntariado\/voluntariado\/"]}]},{"@type":"BreadcrumbList","@id":"https:\/\/internacional.umh.es\/ca\/cooperacion-y-voluntariado\/voluntariado\/#breadcrumb","itemListElement":[{"@type":"ListItem","position":1,"name":"Home","item":"https:\/\/internacional.umh.es\/en\/"},{"@type":"ListItem","position":2,"name":"COOPERACI\u00d3 I VOLUNTARIAT","item":"https:\/\/internacional.umh.es\/ca\/cooperacion-y-voluntariado\/"},{"@type":"ListItem","position":3,"name":"Voluntariat"}]}]}},"_links":{"self":[{"href":"https:\/\/internacional.umh.es\/ca\/wp-json\/wp\/v2\/pages\/7283"}],"collection":[{"href":"https:\/\/internacional.umh.es\/ca\/wp-json\/wp\/v2\/pages"}],"about":[{"href":"https:\/\/internacional.umh.es\/ca\/wp-json\/wp\/v2\/types\/page"}],"author":[{"embeddable":true,"href":"https:\/\/internacional.umh.es\/ca\/wp-json\/wp\/v2\/users\/408"}],"replies":[{"embeddable":true,"href":"https:\/\/internacional.umh.es\/ca\/wp-json\/wp\/v2\/comments?post=7283"}],"version-history":[{"count":0,"href":"https:\/\/internacional.umh.es\/ca\/wp-json\/wp\/v2\/pages\/7283\/revisions"}],"up":[{"embeddable":true,"href":"https:\/\/internacional.umh.es\/ca\/wp-json\/wp\/v2\/pages\/3982"}],"wp:attachment":[{"href":"https:\/\/internacional.umh.es\/ca\/wp-json\/wp\/v2\/media?parent=7283"}],"curies":[{"name":"wp","href":"https:\/\/api.w.org\/{rel}","templated":true}]}}