{"id":7289,"date":"2018-09-05T09:23:32","date_gmt":"2018-09-05T07:23:32","guid":{"rendered":"https:\/\/internacional.umh.es\/?page_id=7289"},"modified":"2024-01-19T13:05:24","modified_gmt":"2024-01-19T12:05:24","slug":"alianzas","status":"publish","type":"page","link":"https:\/\/internacional.umh.es\/ca\/cooperacion-y-voluntariado\/alianzas\/","title":{"rendered":"Aliances"},"content":{"rendered":"<p><\/p>\n<p style=\"text-align: justify\">La <strong>Universitat Miguel Hernandez d&#8217;Elx (UMH)<\/strong> <span class=\"JsGRdQ\">com a difusora del coneixement, impulsora de la innovaci\u00f3, el progr\u00e9s i la cooperaci\u00f3 internacional compleix un paper fonamental per a aconseguir el desenvolupament sostenible del planeta mitjan\u00e7ant la consecuci\u00f3 dels Objectius de Desenvolupament Sostenible (ODS). Per a tals fins \u00e9s necessari establir vincles i aliances amb altres entitats i organismes <a title=\"Ho veur\u00e0s en una nova finestra\" href=\"https:\/\/www.un.org\/sustainabledevelopment\/es\/globalpartnerships\/\" target=\"_blank\" rel=\"noopener noreferrer\">(ODS 17).<\/a><\/span><\/p>\n<p style=\"text-align: justify\">Les aliances de la Universitat Miguel Hern\u00e1ndez en mat\u00e8ria de cooperaci\u00f3 amb altres entitats i organismes tenen com a fi, entre altres:<\/p>\n<ul style=\"text-align: justify\">\n<li>Crear <strong>sinergies<\/strong> de treball i col\u00b7laboraci\u00f3.<\/li>\n<li>Enfortir la mobilitzaci\u00f3 de recursos interns amb la finalitat de millorar la capacitat per a recaptar ingressos fiscals i d&#8217;una altra \u00edndole.<\/li>\n<li><strong>Mobilitzar<\/strong> recursos financers addicionals de m\u00faltiples fonts per als pa\u00efsos en desenvolupament.<\/li>\n<li><strong>Augmentar<\/strong> el <strong>suport<\/strong> nacional i internacional per a realitzar activitats de creaci\u00f3 de capacitat eficaces i espec\u00edfiques als pa\u00efsos en desenvolupament a fi de recolzar els plans nacionals d&#8217;implementaci\u00f3 de tots els Objectius de Desenvolupament Sostenible (ODS).<\/li>\n<\/ul>\n<p>&nbsp;<\/p>\n<h3><strong>Aliances de la UMH amb altres entitats<\/strong><\/h3>\n<p><a href=\"http:\/\/www.adaceaalicante.org\/\" target=\"_blank\" rel=\"noopener noreferrer\"><img loading=\"lazy\" class=\"alignleft wp-image-16992 size-medium\" title=\"Accedeix a l'Associaci\u00f3 Dany Cerebral Adquirit Prov\u00edncia d'Alacant en una nova finestra\" src=\"https:\/\/internacional.umh.es\/files\/2020\/10\/LOGOS-15-300x173.png\" alt=\"Associaci\u00f3 Dany Cerebral Adquirit Prov\u00edncia d'Alacant aliances UMH logo\" width=\"300\" height=\"173\" srcset=\"https:\/\/internacional.umh.es\/files\/2020\/10\/LOGOS-15-300x173.png 300w, https:\/\/internacional.umh.es\/files\/2020\/10\/LOGOS-15.png 410w\" sizes=\"(max-width: 300px) 100vw, 300px\" \/><\/a> <a href=\"https:\/\/platavoluntariado.org\/\" target=\"_blank\" rel=\"noopener noreferrer\"><img loading=\"lazy\" class=\"alignleft wp-image-16994 size-medium\" title=\"Accedeix a la PVCV Plataforma de Voluntariat de la Comunitat Valenciana en una nova finestra\" src=\"https:\/\/internacional.umh.es\/files\/2020\/10\/LOGOS-13-300x173.png\" alt=\"PVCV Plataforma de Voluntariat de la Comunitat Valenciana aliances UMH logo\" width=\"300\" height=\"173\" srcset=\"https:\/\/internacional.umh.es\/files\/2020\/10\/LOGOS-13-300x173.png 300w, https:\/\/internacional.umh.es\/files\/2020\/10\/LOGOS-13.png 410w\" sizes=\"(max-width: 300px) 100vw, 300px\" \/><\/a> <a href=\"https:\/\/www.cvongd.org\/va\/\" target=\"_blank\" rel=\"noopener noreferrer\"><img loading=\"lazy\" class=\"alignleft wp-image-16997 size-medium\" title=\"Accedeix a la ONGD Coordinadora Valenciana en una nova finestra\" src=\"https:\/\/internacional.umh.es\/files\/2020\/10\/LOGOS-12-300x173.png\" alt=\"ONGD Coordinadora Valenciana aliances UMH logo\" width=\"300\" height=\"173\" srcset=\"https:\/\/internacional.umh.es\/files\/2020\/10\/LOGOS-12-300x173.png 300w, https:\/\/internacional.umh.es\/files\/2020\/10\/LOGOS-12.png 410w\" sizes=\"(max-width: 300px) 100vw, 300px\" \/><\/a> <a href=\"https:\/\/www2.cruzroja.es\" target=\"_blank\" rel=\"noopener noreferrer\"><img loading=\"lazy\" class=\"alignleft wp-image-17001 size-medium\" title=\"Accedeix a Creu Roja Espanyola en una nova finestra\" src=\"https:\/\/internacional.umh.es\/files\/2020\/10\/LOGOS-16-300x173.png\" alt=\"Creu Roja Espanyola aliances UMH logo\" width=\"300\" height=\"173\" srcset=\"https:\/\/internacional.umh.es\/files\/2020\/10\/LOGOS-16-300x173.png 300w, https:\/\/internacional.umh.es\/files\/2020\/10\/LOGOS-16.png 410w\" sizes=\"(max-width: 300px) 100vw, 300px\" \/><\/a><a href=\"https:\/\/fundacionvicenteferrer.org\/es\/\" target=\"_blank\" rel=\"noopener noreferrer\"><img loading=\"lazy\" class=\"alignleft wp-image-16998 size-medium\" title=\"Accedeix ara a la Fundaci\u00f3 Vicente Ferrer en una nova finestra\" src=\"https:\/\/internacional.umh.es\/files\/2020\/10\/LOGOS-11-300x173.png\" alt=\"Fundaci\u00f3 Vicente Ferrer aliances UMH logo\" width=\"300\" height=\"173\" srcset=\"https:\/\/internacional.umh.es\/files\/2020\/10\/LOGOS-11-300x173.png 300w, https:\/\/internacional.umh.es\/files\/2020\/10\/LOGOS-11.png 410w\" sizes=\"(max-width: 300px) 100vw, 300px\" \/><\/a><\/p>\n<p><a href=\"https:\/\/www.pactomundial.org\/nuestos-socios\/\" target=\"_blank\" rel=\"noopener noreferrer\"><img loading=\"lazy\" class=\"alignleft wp-image-16806 size-medium\" title=\"Accedeix a la web del Pacte Mundial Xarxa Espanyola en una nova finestra\" src=\"https:\/\/internacional.umh.es\/files\/2020\/09\/LOGOS-8-300x173.png\" alt=\"Pacte Mundial Xarxa Espanyola aliances UMH aliances UMH logo\" width=\"300\" height=\"173\" srcset=\"https:\/\/internacional.umh.es\/files\/2020\/09\/LOGOS-8-300x173.png 300w, https:\/\/internacional.umh.es\/files\/2020\/09\/LOGOS-8.png 410w\" sizes=\"(max-width: 300px) 100vw, 300px\" \/><\/a> <a href=\"https:\/\/www.vives.org\/\" target=\"_blank\" rel=\"*noopener noreferrer noopener\"><img loading=\"lazy\" class=\"alignleft wp-image-16808 size-medium\" title=\"Accedeix ara a la web de Xarxa Vives d'Universitats en una nova finestra\" src=\"https:\/\/internacional.umh.es\/files\/2020\/09\/LOGOS-7-300x173.png\" alt=\"Xarxa Vives d'Universitats logo\" width=\"300\" height=\"173\" srcset=\"https:\/\/internacional.umh.es\/files\/2020\/09\/LOGOS-7-300x173.png 300w, https:\/\/internacional.umh.es\/files\/2020\/09\/LOGOS-7.png 410w\" sizes=\"(max-width: 300px) 100vw, 300px\" \/><\/a><a href=\"https:\/\/catedraruanda.umh.es\/\" target=\"_blank\" rel=\"noopener noreferrer\"><img loading=\"lazy\" class=\"alignleft wp-image-16811 size-medium\" title=\"Visita la web de la C\u00e0tedra Ruanda de la UMH en una nova finestra\" src=\"https:\/\/internacional.umh.es\/files\/2020\/09\/LOGOS-5-300x173.png\" alt=\"C\u00e0tedra Ruanda UMH logo\" width=\"300\" height=\"173\" srcset=\"https:\/\/internacional.umh.es\/files\/2020\/09\/LOGOS-5-300x173.png 300w, https:\/\/internacional.umh.es\/files\/2020\/09\/LOGOS-5.png 410w\" sizes=\"(max-width: 300px) 100vw, 300px\" \/><\/a> <a href=\"https:\/\/internacional.umh.es\/2020\/05\/08\/catedra-de-cooperacion-y-desarrollo-sostenible-prosperidad\/\"><img loading=\"lazy\" class=\"alignleft wp-image-16812 size-medium\" title=\"Clica per m\u00e9s info sobre la C\u00e0tedra de Cooperaci\u00f3 i Desenvolupament Sostenible Prosperitat de la UMH\" src=\"https:\/\/internacional.umh.es\/files\/2020\/09\/LOGOS-4-300x173.png\" alt=\"C\u00e0tedra de Cooperaci\u00f3 i Desenvolupament Sostenible Prosperitat UMH logo\" width=\"300\" height=\"173\" srcset=\"https:\/\/internacional.umh.es\/files\/2020\/09\/LOGOS-4-300x173.png 300w, https:\/\/internacional.umh.es\/files\/2020\/09\/LOGOS-4.png 410w\" sizes=\"(max-width: 300px) 100vw, 300px\" \/><\/a> <a href=\"http:\/\/www.ocud.es\/es\/informacion-general\/que-es-la-cud.htm\" target=\"_blank\" rel=\"noopener noreferrer\"><img loading=\"lazy\" class=\"alignleft wp-image-16814 size-medium\" title=\"Visita la web de l'Observatori CUD en una nova finestra\" src=\"https:\/\/internacional.umh.es\/files\/2020\/09\/LOGOS-3-300x173.png\" alt=\"Observatori CUD logo\" width=\"300\" height=\"173\" srcset=\"https:\/\/internacional.umh.es\/files\/2020\/09\/LOGOS-3-300x173.png 300w, https:\/\/internacional.umh.es\/files\/2020\/09\/LOGOS-3.png 410w\" sizes=\"(max-width: 300px) 100vw, 300px\" \/><\/a> <a href=\"https:\/\/internacional.umh.es\/red-sanitaria-solidaria-de-alicante\/\" target=\"_blank\" rel=\"noopener noreferrer\"><img loading=\"lazy\" class=\"alignleft wp-image-16815 size-medium\" title=\"M\u00e9s informaci\u00f3 sobre la Xarxa Sanit\u00e0ria Solid\u00e0ria Alacant clicant ara\" src=\"https:\/\/internacional.umh.es\/files\/2020\/09\/LOGOS-2-300x173.png\" alt=\"Xarxa Sanit\u00e0ria Solid\u00e0ria Alacant logo\" width=\"300\" height=\"173\" srcset=\"https:\/\/internacional.umh.es\/files\/2020\/09\/LOGOS-2-300x173.png 300w, https:\/\/internacional.umh.es\/files\/2020\/09\/LOGOS-2.png 410w\" sizes=\"(max-width: 300px) 100vw, 300px\" \/><\/a> <a href=\"https:\/\/internacional.umh.es\/cooperacion-y-voluntariado\/cooperacion-al-desarrollo\/convenio-cooperacion-universitaria-al-desarrollo\/\" target=\"_blank\" rel=\"noopener noreferrer\"><img loading=\"lazy\" class=\"alignleft wp-image-16818 size-medium\" title=\"Per a m\u00e9s informaci\u00f3n sobre la Generalitat Valenciana visita la seua web en una nova finestra\" src=\"https:\/\/internacional.umh.es\/files\/2020\/09\/LOGOS-1-300x173.png\" alt=\"Generalitat Valenciana logo\" width=\"300\" height=\"173\" srcset=\"https:\/\/internacional.umh.es\/files\/2020\/09\/LOGOS-1-300x173.png 300w, https:\/\/internacional.umh.es\/files\/2020\/09\/LOGOS-1.png 410w\" sizes=\"(max-width: 300px) 100vw, 300px\" \/><\/a><\/p>\n<p><a href=\"https:\/\/internacional.umh.es\/cooperacion-y-voluntariado\/alianzas\/crue-internacionalizacion-y-cooperacion\/\"><img loading=\"lazy\" class=\"alignleft wp-image-16821 size-medium\" title=\"Accedeix a m\u00e9s informaci\u00f3 sobre Crue Universitats Espanyoles ara\" src=\"https:\/\/internacional.umh.es\/files\/2020\/09\/LOGOS-9-300x173.png\" alt=\"CRUE Universitats Espanyoles logo\" width=\"300\" height=\"173\" srcset=\"https:\/\/internacional.umh.es\/files\/2020\/09\/LOGOS-9-300x173.png 300w, https:\/\/internacional.umh.es\/files\/2020\/09\/LOGOS-9.png 410w\" sizes=\"(max-width: 300px) 100vw, 300px\" \/><\/a><\/p>","protected":false},"excerpt":{"rendered":"<p>La Universitat Miguel Hernandez d&#8217;Elx (UMH) com a difusora del coneixement, impulsora de la innovaci\u00f3, el progr\u00e9s i la cooperaci\u00f3 internacional compleix un paper fonamental per a aconseguir el desenvolupament sostenible del planeta mitjan\u00e7ant la consecuci\u00f3 dels Objectius de Desenvolupament Sostenible (ODS). Per a tals fins \u00e9s necessari establir vincles i aliances amb altres entitats [&#8230;]<\/p>\n","protected":false},"author":5216,"featured_media":0,"parent":3982,"menu_order":0,"comment_status":"closed","ping_status":"closed","template":"","meta":{"ngg_post_thumbnail":0,"_links_to":"","_links_to_target":""},"yoast_head":"<!-- This site is optimized with the Yoast SEO plugin v17.5 - https:\/\/yoast.com\/wordpress\/plugins\/seo\/ -->\n<meta name=\"description\" content=\"La UMH establece v\u00ednculos y alianzas con entidades como: Cruz Roja, Xarxa Vives, Observatorio CUD, Vicente Ferrer, CRUE, GV, ADACEA, PVCV.\" \/>\n<meta name=\"robots\" content=\"index, follow, max-snippet:-1, max-image-preview:large, max-video-preview:-1\" \/>\n<link rel=\"canonical\" href=\"https:\/\/internacional.umh.es\/ca\/cooperacion-y-voluntariado\/alianzas\/\" \/>\n<meta property=\"og:locale\" content=\"ca_ES\" \/>\n<meta property=\"og:type\" content=\"article\" \/>\n<meta property=\"og:title\" content=\"Aliances - Internacionalitzaci\u00f3 i Cooperaci\u00f3\" \/>\n<meta property=\"og:description\" content=\"La UMH establece v\u00ednculos y alianzas con entidades como: Cruz Roja, Xarxa Vives, Observatorio CUD, Vicente Ferrer, CRUE, GV, ADACEA, PVCV.\" \/>\n<meta property=\"og:url\" content=\"https:\/\/internacional.umh.es\/ca\/cooperacion-y-voluntariado\/alianzas\/\" \/>\n<meta property=\"og:site_name\" content=\"Internacionalitzaci\u00f3 i Cooperaci\u00f3\" \/>\n<meta property=\"article:modified_time\" content=\"2024-01-19T12:05:24+00:00\" \/>\n<meta property=\"og:image\" content=\"https:\/\/internacional.umh.es\/files\/2020\/10\/LOGOS-15-300x173.png\" \/>\n<meta name=\"twitter:card\" content=\"summary_large_image\" \/>\n<meta name=\"twitter:label1\" content=\"Est. reading time\" \/>\n\t<meta name=\"twitter:data1\" content=\"2 minuts\" \/>\n<script type=\"application\/ld+json\" class=\"yoast-schema-graph\">{\"@context\":\"https:\/\/schema.org\",\"@graph\":[{\"@type\":\"WebSite\",\"@id\":\"https:\/\/internacional.umh.es\/en\/#website\",\"url\":\"https:\/\/internacional.umh.es\/en\/\",\"name\":\"Internacionalitzaci\\u00f3 i Cooperaci\\u00f3\",\"description\":\"Universitat Miguel Hern\\u00e1ndez d&#039;Elx\",\"potentialAction\":[{\"@type\":\"SearchAction\",\"target\":{\"@type\":\"EntryPoint\",\"urlTemplate\":\"https:\/\/internacional.umh.es\/en\/?s={search_term_string}\"},\"query-input\":\"required name=search_term_string\"}],\"inLanguage\":\"ca\"},{\"@type\":\"ImageObject\",\"@id\":\"https:\/\/internacional.umh.es\/ca\/cooperacion-y-voluntariado\/alianzas\/#primaryimage\",\"inLanguage\":\"ca\",\"url\":\"https:\/\/internacional.umh.es\/files\/2020\/10\/LOGOS-15.png\",\"contentUrl\":\"https:\/\/internacional.umh.es\/files\/2020\/10\/LOGOS-15.png\",\"width\":410,\"height\":236,\"caption\":\"Asociaci\\u00f3n DA\\u00f1o CErebral Adquirido Provincia de Alicante logo\"},{\"@type\":\"WebPage\",\"@id\":\"https:\/\/internacional.umh.es\/ca\/cooperacion-y-voluntariado\/alianzas\/#webpage\",\"url\":\"https:\/\/internacional.umh.es\/ca\/cooperacion-y-voluntariado\/alianzas\/\",\"name\":\"Aliances - Internacionalitzaci\\u00f3 i Cooperaci\\u00f3\",\"isPartOf\":{\"@id\":\"https:\/\/internacional.umh.es\/en\/#website\"},\"primaryImageOfPage\":{\"@id\":\"https:\/\/internacional.umh.es\/ca\/cooperacion-y-voluntariado\/alianzas\/#primaryimage\"},\"datePublished\":\"2018-09-05T07:23:32+00:00\",\"dateModified\":\"2024-01-19T12:05:24+00:00\",\"description\":\"La UMH establece v\\u00ednculos y alianzas con entidades como: Cruz Roja, Xarxa Vives, Observatorio CUD, Vicente Ferrer, CRUE, GV, ADACEA, PVCV.\",\"breadcrumb\":{\"@id\":\"https:\/\/internacional.umh.es\/ca\/cooperacion-y-voluntariado\/alianzas\/#breadcrumb\"},\"inLanguage\":\"ca\",\"potentialAction\":[{\"@type\":\"ReadAction\",\"target\":[\"https:\/\/internacional.umh.es\/ca\/cooperacion-y-voluntariado\/alianzas\/\"]}]},{\"@type\":\"BreadcrumbList\",\"@id\":\"https:\/\/internacional.umh.es\/ca\/cooperacion-y-voluntariado\/alianzas\/#breadcrumb\",\"itemListElement\":[{\"@type\":\"ListItem\",\"position\":1,\"name\":\"Home\",\"item\":\"https:\/\/internacional.umh.es\/en\/\"},{\"@type\":\"ListItem\",\"position\":2,\"name\":\"COOPERACI\\u00d3 I VOLUNTARIAT\",\"item\":\"https:\/\/internacional.umh.es\/ca\/cooperacion-y-voluntariado\/\"},{\"@type\":\"ListItem\",\"position\":3,\"name\":\"Aliances\"}]}]}<\/script>\n<!-- \/ Yoast SEO plugin. -->","yoast_head_json":{"description":"La UMH establece v\u00ednculos y alianzas con entidades como: Cruz Roja, Xarxa Vives, Observatorio CUD, Vicente Ferrer, CRUE, GV, ADACEA, PVCV.","robots":{"index":"index","follow":"follow","max-snippet":"max-snippet:-1","max-image-preview":"max-image-preview:large","max-video-preview":"max-video-preview:-1"},"canonical":"https:\/\/internacional.umh.es\/ca\/cooperacion-y-voluntariado\/alianzas\/","og_locale":"ca_ES","og_type":"article","og_title":"Aliances - Internacionalitzaci\u00f3 i Cooperaci\u00f3","og_description":"La UMH establece v\u00ednculos y alianzas con entidades como: Cruz Roja, Xarxa Vives, Observatorio CUD, Vicente Ferrer, CRUE, GV, ADACEA, PVCV.","og_url":"https:\/\/internacional.umh.es\/ca\/cooperacion-y-voluntariado\/alianzas\/","og_site_name":"Internacionalitzaci\u00f3 i Cooperaci\u00f3","article_modified_time":"2024-01-19T12:05:24+00:00","og_image":[{"url":"https:\/\/internacional.umh.es\/files\/2020\/10\/LOGOS-15-300x173.png"}],"twitter_card":"summary_large_image","twitter_misc":{"Est. reading time":"2 minuts"},"schema":{"@context":"https:\/\/schema.org","@graph":[{"@type":"WebSite","@id":"https:\/\/internacional.umh.es\/en\/#website","url":"https:\/\/internacional.umh.es\/en\/","name":"Internacionalitzaci\u00f3 i Cooperaci\u00f3","description":"Universitat Miguel Hern\u00e1ndez d&#039;Elx","potentialAction":[{"@type":"SearchAction","target":{"@type":"EntryPoint","urlTemplate":"https:\/\/internacional.umh.es\/en\/?s={search_term_string}"},"query-input":"required name=search_term_string"}],"inLanguage":"ca"},{"@type":"ImageObject","@id":"https:\/\/internacional.umh.es\/ca\/cooperacion-y-voluntariado\/alianzas\/#primaryimage","inLanguage":"ca","url":"https:\/\/internacional.umh.es\/files\/2020\/10\/LOGOS-15.png","contentUrl":"https:\/\/internacional.umh.es\/files\/2020\/10\/LOGOS-15.png","width":410,"height":236,"caption":"Asociaci\u00f3n DA\u00f1o CErebral Adquirido Provincia de Alicante logo"},{"@type":"WebPage","@id":"https:\/\/internacional.umh.es\/ca\/cooperacion-y-voluntariado\/alianzas\/#webpage","url":"https:\/\/internacional.umh.es\/ca\/cooperacion-y-voluntariado\/alianzas\/","name":"Aliances - Internacionalitzaci\u00f3 i Cooperaci\u00f3","isPartOf":{"@id":"https:\/\/internacional.umh.es\/en\/#website"},"primaryImageOfPage":{"@id":"https:\/\/internacional.umh.es\/ca\/cooperacion-y-voluntariado\/alianzas\/#primaryimage"},"datePublished":"2018-09-05T07:23:32+00:00","dateModified":"2024-01-19T12:05:24+00:00","description":"La UMH establece v\u00ednculos y alianzas con entidades como: Cruz Roja, Xarxa Vives, Observatorio CUD, Vicente Ferrer, CRUE, GV, ADACEA, PVCV.","breadcrumb":{"@id":"https:\/\/internacional.umh.es\/ca\/cooperacion-y-voluntariado\/alianzas\/#breadcrumb"},"inLanguage":"ca","potentialAction":[{"@type":"ReadAction","target":["https:\/\/internacional.umh.es\/ca\/cooperacion-y-voluntariado\/alianzas\/"]}]},{"@type":"BreadcrumbList","@id":"https:\/\/internacional.umh.es\/ca\/cooperacion-y-voluntariado\/alianzas\/#breadcrumb","itemListElement":[{"@type":"ListItem","position":1,"name":"Home","item":"https:\/\/internacional.umh.es\/en\/"},{"@type":"ListItem","position":2,"name":"COOPERACI\u00d3 I VOLUNTARIAT","item":"https:\/\/internacional.umh.es\/ca\/cooperacion-y-voluntariado\/"},{"@type":"ListItem","position":3,"name":"Aliances"}]}]}},"_links":{"self":[{"href":"https:\/\/internacional.umh.es\/ca\/wp-json\/wp\/v2\/pages\/7289"}],"collection":[{"href":"https:\/\/internacional.umh.es\/ca\/wp-json\/wp\/v2\/pages"}],"about":[{"href":"https:\/\/internacional.umh.es\/ca\/wp-json\/wp\/v2\/types\/page"}],"author":[{"embeddable":true,"href":"https:\/\/internacional.umh.es\/ca\/wp-json\/wp\/v2\/users\/5216"}],"replies":[{"embeddable":true,"href":"https:\/\/internacional.umh.es\/ca\/wp-json\/wp\/v2\/comments?post=7289"}],"version-history":[{"count":0,"href":"https:\/\/internacional.umh.es\/ca\/wp-json\/wp\/v2\/pages\/7289\/revisions"}],"up":[{"embeddable":true,"href":"https:\/\/internacional.umh.es\/ca\/wp-json\/wp\/v2\/pages\/3982"}],"wp:attachment":[{"href":"https:\/\/internacional.umh.es\/ca\/wp-json\/wp\/v2\/media?parent=7289"}],"curies":[{"name":"wp","href":"https:\/\/api.w.org\/{rel}","templated":true}]}}