{"id":7292,"date":"2018-09-05T09:24:11","date_gmt":"2018-09-05T07:24:11","guid":{"rendered":"https:\/\/internacional.umh.es\/?page_id=7292"},"modified":"2024-02-05T12:27:12","modified_gmt":"2024-02-05T11:27:12","slug":"compromiso-ods","status":"publish","type":"page","link":"https:\/\/internacional.umh.es\/ca\/cooperacion-y-voluntariado\/compromiso-ods\/","title":{"rendered":"Objectius de Desenvolupament Sostenible (ODS)"},"content":{"rendered":"<p><\/p>\n<h3>Els ODS en la UMH<\/h3>\n<p><a href=\"https:\/\/view.genial.ly\/5f5b68af3c6c490cee9472da\/interactive-content-la-umh-y-los-ods\" target=\"_blank\" title=\"Ho veur\u00e0s en una nova finestra\" rel=\"noopener noreferrer\"><img loading=\"lazy\" class=\"aligncenter wp-image-16853 size-large\" title=\"Coneix a fons els 17 Objectius del Desenvolupament Sostenible ODS en la UMH\" src=\"https:\/\/internacional.umh.es\/files\/2020\/09\/Genially-ODS-1024x571.png\" alt=\"Infografia els ODS i la UMH\" width=\"1024\" height=\"571\" srcset=\"https:\/\/internacional.umh.es\/files\/2020\/09\/Genially-ODS-1024x571.png 1024w, https:\/\/internacional.umh.es\/files\/2020\/09\/Genially-ODS-300x167.png 300w, https:\/\/internacional.umh.es\/files\/2020\/09\/Genially-ODS-768x428.png 768w, https:\/\/internacional.umh.es\/files\/2020\/09\/Genially-ODS.png 1591w\" sizes=\"(max-width: 1024px) 100vw, 1024px\" \/><\/a><\/p>\n<p>Per a ampliar informaci\u00f3, a continuaci\u00f3 pots consultar seg\u00fcents <strong>fitxes resum sobre els ODS en la UMH:<\/strong><\/p>\n<ul>\n<li><a href=\"https:\/\/internacional.umh.es\/files\/2022\/05\/ODS-en-la-UMH-resumen.pdf\">Fitxa resum sobre els ODS en la UMH (752Kb .pdf)<\/a><\/li>\n<li><a title=\"Ho veur\u00e0s en una nova finestra\" href=\"https:\/\/internacional.umh.es\/files\/2018\/11\/resolucion-NU-ODS.pdf\" target=\"_blank\" rel=\"noopener noreferrer\">Resoluci\u00f3 aprovada per l&#8217;Assemblea General de Nacions Unides el 25 de setembre de 2015 (419Kb .pdf)<\/a><\/li>\n<\/ul>\n<hr>\n<h4><strong>PUBLICACIONS<\/strong><\/h4>\n<p><strong>2021<\/strong><\/p>\n<ul>\n<li><strong><a href=\"https:\/\/internacional.umh.es\/2021\/02\/17\/cerca-de-50-personas-participan-en-el-curso-online-estrategias-activas-para-la-educacion-en-ods-gamificacion-y-escape-rooms\/\" title=\"Accedeix per a con\u00e9ixer m\u00e9s informaci\u00f3\">Prop de 50 persones participen en el curs en l\u00ednia, estrat\u00e8gies actives per a l&#8217;educaci\u00f3 en ODS: Ludificaci\u00f3 i &#8220;escape rooms&#8221;<\/strong><\/a><\/li>\n<li><strong><a href=\"https:\/\/internacional.umh.es\/2021\/02\/03\/20-personas-participan-en-el-curso-de-sostenibilidad-ambiental-desde-la-vision-de-los-ods\/\" title=\"Accede para conocer m\u00e1s informaci\u00f3n\">20 persones participen en el curs de sostenibilitat ambiental des de la visi\u00f3 dels ODS de la UMH<\/strong><\/a><\/li>\n<\/ul>\n<hr>\n<p><strong>2020<\/strong><\/p>\n<ul>\n<li><a href=\"https:\/\/internacional.umh.es\/2020\/07\/17\/la-comision-ods-de-la-umh-se-reune-para-analizar-un-informe-diagnostico-y-avanzar-en-la-elaboracion-del-plan-umh-2030\/\" title=\"Accedeix per a con\u00e9ixer m\u00e9s informaci\u00f3\">La Comissi\u00f3 de ODS de la UMH es reuneix per a analitzar un informe diagn\u00f2stic i avan\u00e7ar en l&#8217;elaboraci\u00f3 del Pla UMH 2030<\/strong><\/a><\/li>\n<li><a href=\"https:\/\/internacional.umh.es\/2020\/01\/15\/primera-reunion-constitutiva-de-la-comision-de-seguimiento-de-los-ods-de-la-agenda-2030-de-las-naciones-unidas\/\" title=\"Accedeix per a con\u00e9ixer m\u00e9s informaci\u00f3\"><strong>Primera reuni\u00f3 constitutiva de la Comissi\u00f3 de Seguiment dels ODS de l&#8217;Agenda 2030 de les Nacions Unides<\/strong><\/a><\/li>\n<li><strong><a href=\"https:\/\/internacional.umh.es\/2020\/04\/28\/la-umh-entre-las-10-universidades-espanolas-con-mejor-impacto-en-relacion-a-los-objetivos-de-desarrollo-sostenible-ods\/\" title=\"Accedeix per a con\u00e9ixer m\u00e9s informaci\u00f3\">La UMH, entre les 10 universitats espanyoles amb millor impacte en relaci\u00f3 als Objectius de Desenvolupament Sostenible (ODS)<\/strong><\/a><\/li>\n<li><strong><a href=\"https:\/\/internacional.umh.es\/2020\/07\/24\/un-proyecto-de-cooperacion-de-la-umh-realiza-una-cartografia-de-los-ods-desde-el-empoderamiento-comunitario-en-guatemala\/\" title=\"Accedeix per a con\u00e9ixer m\u00e9s informaci\u00f3\">Un projecte de cooperaci\u00f3 de la UMH realitza una cartografia dels ODS des de l&#8217;apoderament comunitari a Guatemala<\/strong><\/a><\/li>\n<li><a href=\"https:\/\/internacional.umh.es\/2020\/06\/12\/15386\/\" title=\"Accedeix per a con\u00e9ixer m\u00e9s informaci\u00f3\"><strong>Taller Pla d&#8217;Acci\u00f3 d&#8217;Objectius de Desenvolupament Sostenible en la UMH<\/strong><\/a><\/li>\n<\/ul>\n<hr>\n<p><strong>2019<\/strong><\/p>\n<ul>\n<li><a href=\"https:\/\/internacional.umh.es\/2019\/04\/02\/taller-monta-tus-objetivos-en-xv-jornadas-de-promocion-de-voluntariado\/\" title=\"Accedeix per a con\u00e9ixer m\u00e9s informaci\u00f3\"><strong>La UMH realitza el taller \u00abMunta els teus objectius\u00bb en XV Jornades de promoci\u00f3 de voluntariat en la UMH<\/strong><\/a><\/li>\n<li><a href=\"https:\/\/internacional.umh.\u00e9s\/2019\/05\/23\/publicacion-del-llibre-necessitat-de-la-igualtat-de-genere-per a-transformar-el nostre-m\u00f3n\/\" title=\"Accedeix per a con\u00e9ixer m\u00e9s informaci\u00f3\"><strong>La Unitat d&#8217;Igualtat i l&#8217;\u00c0rea de Cooperaci\u00f3 al Desenvolupament i Voluntariat del Vicerectorat d&#8217;Internacionalitzaci\u00f3 i Cooperaci\u00f3 de la Universitat Miguel Hern\u00e1ndez (UMH) d&#8217;Elx han publicat el llibre \u201cNecessitat de la igualtat de g\u00e8nere per a transformar el nostre m\u00f3n\u201d<\/strong><\/a><\/li>\n<li><a href=\"https:\/\/internacional.umh.es\/2019\/03\/05\/ii-edicion-del-curso-ods-necesidad-de-la-igualdad-de-genero-para-transformar-nuestro-mundo\/\" title=\"Accedeix per a con\u00e9ixer m\u00e9s informaci\u00f3\"><strong>II Edici\u00f3 del Curs ODS: \u00abNecessitat de la igualtat de g\u00e8nere per a transformar el nostre m\u00f3n\u00bb<\/strong><\/a><\/li>\n<li><a href=\"https:\/\/internacional.umh.es\/2018\/06\/05\/las-universidades-publicas-valencianas-presentan-el-i-concurso-campana-de-comunicacion-sobre-los-ods\/\" title=\"Accedeix per a con\u00e9ixer m\u00e9s informaci\u00f3\"><strong>Les cinc universitats p\u00fabliques valencianes, entre les quals es troben la Universitat Miguel Hern\u00e1ndez, han organitzat el concurs \u00abCampanya de Comunicaci\u00f3 sobre els ODS\u00bb<\/strong><\/a><\/li>\n<li><a href=\"https:\/\/internacional.umh.es\/2018\/03\/27\/curso-el-consumo-responsable-y-su-papel-en-los-ods\/\" title=\"Accedeix per a con\u00e9ixer m\u00e9s informaci\u00f3\"><strong>Curs el consum responsable i el seu paper en els objectius de desenvolupament sostenible (ODS)<\/strong><\/a><\/li>\n<\/ul>\n<hr>\n<p><strong>2018<\/strong><\/p>\n<ul>\n<li><strong><a href=\"https:\/\/internacional.umh.es\/2018\/09\/24\/una-apuesta-local-y-nacional-por-la-consecucion-de-los-objetivos-de-desarrollo-sostenible\/\" title=\"Accede para conocer m\u00e1s informaci\u00f3n\">La UMH, una aposta local i nacional per la consecuci\u00f3 dels ODS<\/strong><\/a><\/li>\n<li><strong><a href=\"https:\/\/internacional.umh.es\/2018\/09\/05\/cursoods\/\" title=\"Accedeix per a con\u00e9ixer m\u00e9s informaci\u00f3\">El Vicerectorat d&#8217;Internacionalitzaci\u00f3 i Cooperaci\u00f3 de la Universitat Miguel Hern\u00e1ndez (UMH) d&#8217;Elx celebra aquest dijous 13 de setembre la tercera jornada del curs \u201cEls Objectius de Desenvolupament Sostenible (ODS) en els municipis valencians<\/strong><\/a><\/li>\n<li><strong><a href=\"https:\/\/internacional.umh.es\/2018\/06\/14\/curso-formativo-los-ods-en-los-municipios-valencianos\/\" title=\"Accedeix per a con\u00e9ixer m\u00e9s informaci\u00f3\">Curs formatiu: \u201cEls ODS en els municipis valencians\u201d<\/strong><\/a><\/li>\n<li><strong><a href=\"https:\/\/internacional.umh.es\/2018\/10\/15\/la-fundacion-vicente-ferrer-presenta-en-la-umh-su-labor-social-a-traves-de-los-objetivos-de-desarrollo-sostenible\/\" title=\"Accedeix per a con\u00e9ixer m\u00e9s informaci\u00f3\">La Fundaci\u00f3 Vicente Ferrer publica l&#8217;informe sobre el projecte &#8220;Un m\u00f3n, 17 reptes&#8221; que l&#8217;ONG va presentar en la Universitat Miguel Hern\u00e1ndez. Aquest projecte va ajudar a acostar els Objectius de Desenvolupament Sostenible (ODS) a la comunitat universit\u00e0ria<\/strong><\/a><\/li>\n<li><strong><a href=\"https:\/\/www.segib.org\/agenda\/conferencia-iberoamericana-sobre-los-objetivos-de-desarrollo-sostenible\/\" title=\"Accedeix per a con\u00e9ixer m\u00e9s informaci\u00f3\">L&#8217;\u00c0rea de Cooperaci\u00f3 al Desenvolupament i Voluntariat de la UMH ha participant en la Confer\u00e8ncia Iberoamericana sobre Objectius de Desenvolupament Sostenible (ODS) celebrada en la Universitat de Salamanca del 27 al 29 de juny de 2018<\/strong><\/a><\/li>\n<li><strong><a href=\"https:\/\/www.crue.org\/2018\/05\/las-universidades-acuerdan-su-contribucion-al-plan-de-accion-de-la-agenda-2030\/\" title=\"Accedeix per a con\u00e9ixer m\u00e9s informaci\u00f3\">La UMH participa en l&#8217;acord de Crue Universitats Espanyoles per a la contribuci\u00f3 al Pla d&#8217;Acci\u00f3 per a l&#8217;Agenda 2030 de l&#8217;ONU<\/strong><\/a><\/li>\n<\/ul>\n<p><\/p>","protected":false},"excerpt":{"rendered":"<p>Els ODS en la UMH<\/p>\n<p>Per a ampliar informaci\u00f3, a continuaci\u00f3 pots consultar seg\u00fcents fitxes resum sobre els ODS en la UMH:<\/p>\n<p>Fitxa resum sobre els ODS en la UMH (752Kb .pdf)<br \/>\nResoluci\u00f3 aprovada per l&#8217;Assemblea General de Nacions Unides el 25 de setembre de 2015 (419Kb .pdf)<\/p>\n<p>PUBLICACIONS<br \/>\n2021<\/p>\n<p>Prop de 50 persones participen en el curs en l\u00ednia, estrat\u00e8gies [&#8230;]<\/p>\n","protected":false},"author":4274,"featured_media":0,"parent":3982,"menu_order":5,"comment_status":"closed","ping_status":"closed","template":"","meta":{"ngg_post_thumbnail":0,"_links_to":"","_links_to_target":""},"yoast_head":"<!-- This site is optimized with the Yoast SEO plugin v17.5 - https:\/\/yoast.com\/wordpress\/plugins\/seo\/ -->\n<meta name=\"description\" content=\"En 2015 la ONU aprob\u00f3 la Agenda 2030 Desarrollo Sostenible. Cuenta con 17 Objetivos de Desarrollo Sostenible (ODS) donde participa la UMH\" \/>\n<meta name=\"robots\" content=\"index, follow, max-snippet:-1, max-image-preview:large, max-video-preview:-1\" \/>\n<link rel=\"canonical\" href=\"https:\/\/internacional.umh.es\/ca\/cooperacion-y-voluntariado\/compromiso-ods\/\" \/>\n<meta property=\"og:locale\" content=\"ca_ES\" \/>\n<meta property=\"og:type\" content=\"article\" \/>\n<meta property=\"og:title\" content=\"Objectius de Desenvolupament Sostenible (ODS) - Internacionalitzaci\u00f3 i Cooperaci\u00f3\" \/>\n<meta property=\"og:description\" content=\"En 2015 la ONU aprob\u00f3 la Agenda 2030 Desarrollo Sostenible. Cuenta con 17 Objetivos de Desarrollo Sostenible (ODS) donde participa la UMH\" \/>\n<meta property=\"og:url\" content=\"https:\/\/internacional.umh.es\/ca\/cooperacion-y-voluntariado\/compromiso-ods\/\" \/>\n<meta property=\"og:site_name\" content=\"Internacionalitzaci\u00f3 i Cooperaci\u00f3\" \/>\n<meta property=\"article:modified_time\" content=\"2024-02-05T11:27:12+00:00\" \/>\n<meta property=\"og:image\" content=\"https:\/\/internacional.umh.es\/files\/2020\/09\/Genially-ODS-1024x571.png\" \/>\n<meta name=\"twitter:card\" content=\"summary_large_image\" \/>\n<meta name=\"twitter:label1\" content=\"Est. reading time\" \/>\n\t<meta name=\"twitter:data1\" content=\"3 minuts\" \/>\n<script type=\"application\/ld+json\" class=\"yoast-schema-graph\">{\"@context\":\"https:\/\/schema.org\",\"@graph\":[{\"@type\":\"WebSite\",\"@id\":\"https:\/\/internacional.umh.es\/en\/#website\",\"url\":\"https:\/\/internacional.umh.es\/en\/\",\"name\":\"Internacionalitzaci\\u00f3 i Cooperaci\\u00f3\",\"description\":\"Universitat Miguel Hern\\u00e1ndez d&#039;Elx\",\"potentialAction\":[{\"@type\":\"SearchAction\",\"target\":{\"@type\":\"EntryPoint\",\"urlTemplate\":\"https:\/\/internacional.umh.es\/en\/?s={search_term_string}\"},\"query-input\":\"required name=search_term_string\"}],\"inLanguage\":\"ca\"},{\"@type\":\"ImageObject\",\"@id\":\"https:\/\/internacional.umh.es\/ca\/cooperacion-y-voluntariado\/compromiso-ods\/#primaryimage\",\"inLanguage\":\"ca\",\"url\":\"https:\/\/internacional.umh.es\/files\/2020\/09\/Genially-ODS.png\",\"contentUrl\":\"https:\/\/internacional.umh.es\/files\/2020\/09\/Genially-ODS.png\",\"width\":1591,\"height\":887,\"caption\":\"Genially ODS dise\\u00f1o\"},{\"@type\":\"WebPage\",\"@id\":\"https:\/\/internacional.umh.es\/ca\/cooperacion-y-voluntariado\/compromiso-ods\/#webpage\",\"url\":\"https:\/\/internacional.umh.es\/ca\/cooperacion-y-voluntariado\/compromiso-ods\/\",\"name\":\"Objectius de Desenvolupament Sostenible (ODS) - Internacionalitzaci\\u00f3 i Cooperaci\\u00f3\",\"isPartOf\":{\"@id\":\"https:\/\/internacional.umh.es\/en\/#website\"},\"primaryImageOfPage\":{\"@id\":\"https:\/\/internacional.umh.es\/ca\/cooperacion-y-voluntariado\/compromiso-ods\/#primaryimage\"},\"datePublished\":\"2018-09-05T07:24:11+00:00\",\"dateModified\":\"2024-02-05T11:27:12+00:00\",\"description\":\"En 2015 la ONU aprob\\u00f3 la Agenda 2030 Desarrollo Sostenible. Cuenta con 17 Objetivos de Desarrollo Sostenible (ODS) donde participa la UMH\",\"breadcrumb\":{\"@id\":\"https:\/\/internacional.umh.es\/ca\/cooperacion-y-voluntariado\/compromiso-ods\/#breadcrumb\"},\"inLanguage\":\"ca\",\"potentialAction\":[{\"@type\":\"ReadAction\",\"target\":[\"https:\/\/internacional.umh.es\/ca\/cooperacion-y-voluntariado\/compromiso-ods\/\"]}]},{\"@type\":\"BreadcrumbList\",\"@id\":\"https:\/\/internacional.umh.es\/ca\/cooperacion-y-voluntariado\/compromiso-ods\/#breadcrumb\",\"itemListElement\":[{\"@type\":\"ListItem\",\"position\":1,\"name\":\"Home\",\"item\":\"https:\/\/internacional.umh.es\/en\/\"},{\"@type\":\"ListItem\",\"position\":2,\"name\":\"COOPERACI\\u00d3 I VOLUNTARIAT\",\"item\":\"https:\/\/internacional.umh.es\/ca\/cooperacion-y-voluntariado\/\"},{\"@type\":\"ListItem\",\"position\":3,\"name\":\"Objectius de Desenvolupament Sostenible (ODS)\"}]}]}<\/script>\n<!-- \/ Yoast SEO plugin. -->","yoast_head_json":{"description":"En 2015 la ONU aprob\u00f3 la Agenda 2030 Desarrollo Sostenible. Cuenta con 17 Objetivos de Desarrollo Sostenible (ODS) donde participa la UMH","robots":{"index":"index","follow":"follow","max-snippet":"max-snippet:-1","max-image-preview":"max-image-preview:large","max-video-preview":"max-video-preview:-1"},"canonical":"https:\/\/internacional.umh.es\/ca\/cooperacion-y-voluntariado\/compromiso-ods\/","og_locale":"ca_ES","og_type":"article","og_title":"Objectius de Desenvolupament Sostenible (ODS) - Internacionalitzaci\u00f3 i Cooperaci\u00f3","og_description":"En 2015 la ONU aprob\u00f3 la Agenda 2030 Desarrollo Sostenible. Cuenta con 17 Objetivos de Desarrollo Sostenible (ODS) donde participa la UMH","og_url":"https:\/\/internacional.umh.es\/ca\/cooperacion-y-voluntariado\/compromiso-ods\/","og_site_name":"Internacionalitzaci\u00f3 i Cooperaci\u00f3","article_modified_time":"2024-02-05T11:27:12+00:00","og_image":[{"url":"https:\/\/internacional.umh.es\/files\/2020\/09\/Genially-ODS-1024x571.png"}],"twitter_card":"summary_large_image","twitter_misc":{"Est. reading time":"3 minuts"},"schema":{"@context":"https:\/\/schema.org","@graph":[{"@type":"WebSite","@id":"https:\/\/internacional.umh.es\/en\/#website","url":"https:\/\/internacional.umh.es\/en\/","name":"Internacionalitzaci\u00f3 i Cooperaci\u00f3","description":"Universitat Miguel Hern\u00e1ndez d&#039;Elx","potentialAction":[{"@type":"SearchAction","target":{"@type":"EntryPoint","urlTemplate":"https:\/\/internacional.umh.es\/en\/?s={search_term_string}"},"query-input":"required name=search_term_string"}],"inLanguage":"ca"},{"@type":"ImageObject","@id":"https:\/\/internacional.umh.es\/ca\/cooperacion-y-voluntariado\/compromiso-ods\/#primaryimage","inLanguage":"ca","url":"https:\/\/internacional.umh.es\/files\/2020\/09\/Genially-ODS.png","contentUrl":"https:\/\/internacional.umh.es\/files\/2020\/09\/Genially-ODS.png","width":1591,"height":887,"caption":"Genially ODS dise\u00f1o"},{"@type":"WebPage","@id":"https:\/\/internacional.umh.es\/ca\/cooperacion-y-voluntariado\/compromiso-ods\/#webpage","url":"https:\/\/internacional.umh.es\/ca\/cooperacion-y-voluntariado\/compromiso-ods\/","name":"Objectius de Desenvolupament Sostenible (ODS) - Internacionalitzaci\u00f3 i Cooperaci\u00f3","isPartOf":{"@id":"https:\/\/internacional.umh.es\/en\/#website"},"primaryImageOfPage":{"@id":"https:\/\/internacional.umh.es\/ca\/cooperacion-y-voluntariado\/compromiso-ods\/#primaryimage"},"datePublished":"2018-09-05T07:24:11+00:00","dateModified":"2024-02-05T11:27:12+00:00","description":"En 2015 la ONU aprob\u00f3 la Agenda 2030 Desarrollo Sostenible. Cuenta con 17 Objetivos de Desarrollo Sostenible (ODS) donde participa la UMH","breadcrumb":{"@id":"https:\/\/internacional.umh.es\/ca\/cooperacion-y-voluntariado\/compromiso-ods\/#breadcrumb"},"inLanguage":"ca","potentialAction":[{"@type":"ReadAction","target":["https:\/\/internacional.umh.es\/ca\/cooperacion-y-voluntariado\/compromiso-ods\/"]}]},{"@type":"BreadcrumbList","@id":"https:\/\/internacional.umh.es\/ca\/cooperacion-y-voluntariado\/compromiso-ods\/#breadcrumb","itemListElement":[{"@type":"ListItem","position":1,"name":"Home","item":"https:\/\/internacional.umh.es\/en\/"},{"@type":"ListItem","position":2,"name":"COOPERACI\u00d3 I VOLUNTARIAT","item":"https:\/\/internacional.umh.es\/ca\/cooperacion-y-voluntariado\/"},{"@type":"ListItem","position":3,"name":"Objectius de Desenvolupament Sostenible (ODS)"}]}]}},"_links":{"self":[{"href":"https:\/\/internacional.umh.es\/ca\/wp-json\/wp\/v2\/pages\/7292"}],"collection":[{"href":"https:\/\/internacional.umh.es\/ca\/wp-json\/wp\/v2\/pages"}],"about":[{"href":"https:\/\/internacional.umh.es\/ca\/wp-json\/wp\/v2\/types\/page"}],"author":[{"embeddable":true,"href":"https:\/\/internacional.umh.es\/ca\/wp-json\/wp\/v2\/users\/4274"}],"replies":[{"embeddable":true,"href":"https:\/\/internacional.umh.es\/ca\/wp-json\/wp\/v2\/comments?post=7292"}],"version-history":[{"count":0,"href":"https:\/\/internacional.umh.es\/ca\/wp-json\/wp\/v2\/pages\/7292\/revisions"}],"up":[{"embeddable":true,"href":"https:\/\/internacional.umh.es\/ca\/wp-json\/wp\/v2\/pages\/3982"}],"wp:attachment":[{"href":"https:\/\/internacional.umh.es\/ca\/wp-json\/wp\/v2\/media?parent=7292"}],"curies":[{"name":"wp","href":"https:\/\/api.w.org\/{rel}","templated":true}]}}