{"id":7589,"date":"2018-09-24T10:14:11","date_gmt":"2018-09-24T08:14:11","guid":{"rendered":"https:\/\/internacional.umh.es\/?page_id=7589"},"modified":"2024-03-22T09:42:38","modified_gmt":"2024-03-22T08:42:38","slug":"listado-de-dobles-titulaciones","status":"publish","type":"page","link":"https:\/\/internacional.umh.es\/ca\/internacionalizacion\/postgrado\/listado-de-dobles-titulaciones\/","title":{"rendered":"Dobles Titulacions"},"content":{"rendered":"<p><\/p>\n<p>A continuaci\u00f3 es detalla el llistat de <a href=\"https:\/\/internacional.umh.es\/ca\/internacionalizacion\/postgrado\/\" title=\"Conoce otros programas de postgrado ofrecidos por la UMH\">Postgraus de Dobles Titulacions d&#8217;\u00e0mbit internacional<\/a>: grau, m\u00e0ster i doctorat oferits per la UMH amb universitats estrangeres.<\/p>\n<table style=\"height: auto\" border=\"1\" width=\"100%\">\n<tbody>\n<tr>\n<td>\n<strong>DENOMINACI\u00d3<\/strong><\/td>\n<td>\n<strong>UNIVERSITAT<\/strong><\/td>\n<td>\n<strong>PA\u00cdS<\/strong><\/td>\n<td>\n<strong>TIPUS<\/strong><\/td>\n<\/tr>\n<tr>\n<td>\nDoctorat Salut P\u00fablica, Ci\u00e8ncies M\u00e8diques i Quir\u00fargiques<\/td>\n<td>\n<a href=\"http:\/\/www5.usp.br\/\" title=\"Ho veur\u00e0s en una nova finestra\" target=\"_blank\" rel=\"noopener\">Universitat de Sao Paulo<\/a><br \/>\n<a href=\"https:\/\/sigarra.up.pt\/up\/pt\/web_base.gera_pagina?p_pagina=home\" title=\"Ho veur\u00e0s en una nova finestra\" target=\"_blank\" rel=\"noopener\">Universidad de Porto<\/a><\/td>\n<td>El Brasil, Portugal<\/td>\n<td>Doctorat m\u00faltiple<\/td>\n<\/tr>\n<tr>\n<td>Programa de Doctorat en Estad\u00edstica, Optimitzaci\u00f3 i Matem\u00e0tica Aplicada<\/td>\n<td><a href=\"https:\/\/www.pucv.cl\/\" title=\"Ho veur\u00e0s en una nova finestra\" target=\"_blank\" rel=\"noopener\">Pontif\u00edcia Universitat Cat\u00f2lica de Valpara\u00edso<\/td>\n<td>Xile<\/td>\n<td>Doble Doctorat<\/td>\n<\/tr>\n<tr>\n<td>\n<div>Doctorat en Recursos i Tecnologies Agr\u00e0ries, Agroambientals i Aliment\u00e0ries<\/td>\n<td><a href=\"https:\/\/www.unifi.it\/\" title=\"Ho veur\u00e0s en una nova finestra\" target=\"_blank\" rel=\"noopener\">Universit\u00e1 Degli Studi di Firenze<\/a><\/td>\n<td>It\u00e0lia<\/td>\n<td>Doble Doctorat<\/td>\n<\/tr>\n<tr>\n<td>Doctorat en Tecnologies Industrials i de Telecomunicaci\u00f3<\/td>\n<td><a href=\"https:\/\/en.ktu.edu\/\" title=\"Ho veur\u00e0s en una nova finestra\" target=\"_blank\" rel=\"noopener\">Kaunas University of Technology<\/a><\/td>\n<td>Litu\u00e0nia<\/td>\n<td>Doble Doctorat<\/td>\n<\/tr>\n<tr>\n<td>Doctorat en Recursos i Tecnologies Agr\u00e0ries, Agroambientals i Aliment\u00e0ries<\/td>\n<td><a href=\"https:\/\/www.unison.mx\/\" title=\"Ho veur\u00e0s en una nova finestra\" target=\"_blank\" rel=\"noopener\">Universitat de Sonora<\/a><\/td>\n<td>M\u00e8xic<\/td>\n<td>Doble Doctorat<\/td>\n<\/tr>\n<tr>\n<td>Doctorat en Tecnologies Industrials i de Telecomunicaci\u00f3<\/td>\n<td><a href=\"https:\/\/www.cinvestav.mx\/\" title=\"Ho veur\u00e0s en una nova finestra\" target=\"_blank\" rel=\"noopener\">Centre d&#8217;Investigaci\u00f3 i d&#8217;Estudis Avan\u00e7ats de l&#8217;Institut Polit\u00e8cnic Nacional (CINVESTAV)<\/a><\/td>\n<td>M\u00e8xic<\/td>\n<td>Doble Doctorat<\/td>\n<\/tr>\n<tr>\n<td>Doctorat en Recursos i Tecnologies Agr\u00e0ries, Agroambientals i Aliment\u00e0ries<\/td>\n<td><a href=\"http:\/\/www.lamolina.edu.pe\/\" title=\"Ho veur\u00e0s en una nova finestra\" target=\"_blank\" rel=\"noopener\">Universitat Nacional Agr\u00e0ria La Molina Lima (5 modalitats)<\/td>\n<td>el Per\u00fa<\/td>\n<td>Doble Doctorat<\/td>\n<\/tr>\n<tr>\n<td>\n<div>Doctorat en Recursos i Tecnologies Agr\u00e0ries, Agroambientals i Aliment\u00e0ries<\/td>\n<td><a href=\"https:\/\/www.upwr.edu.pl\/en\/\" title=\"Ho veur\u00e0s en una nova finestra\" target=\"_blank\" rel=\"noopener\">Wroclaw University of Environmental and Life Sciences<\/a><\/td>\n<td>Pol\u00f2nia<\/td>\n<td>Doble Doctorat<\/td>\n<\/tr>\n<tr>\n<td>M\u00e0ster Universitari en Gesti\u00f3 de Recursos Humans, Treball i Organitzacions<\/td>\n<td><a href=\"http:\/\/www.unipa.it\/\" title=\"Ho veur\u00e0s en una nova finestra\" target=\"_blank\" rel=\"noopener\">Universit\u00e1 Degli Studi di Palermo<\/a><\/td>\n<td>It\u00e0lia<\/td>\n<td>Doble M\u00e0ster<\/td>\n<\/tr>\n<tr>\n<td>\nM\u00e0ster Universitari en Agroecologia, Desenvolupament Rural i Agroturisme<\/td>\n<td><a href=\"http:\/\/www.uady.mx\/\" title=\"Ho veur\u00e0s en una nova finestra\" target=\"_blank\" rel=\"noopener\">Universitat Aut\u00f2noma de Yucat\u00e1n<\/a><\/td>\n<td>M\u00e8xic<\/td>\n<td>Doble M\u00e0ster<\/td>\n<\/tr>\n<tr>\n<td>M\u00e0ster Universitari en Gesti\u00f3 de Recursos Humans, Treball i Organitzacions<\/td>\n<td><a href=\"http:\/\/www.utalca.cl\/link.cgi\/#\/link.cgi\/\" title=\"Ho veur\u00e0s en una nova finestra\" target=\"_blank\" rel=\"noopener\">Universitat de Talca<\/a><\/td>\n<td>Xile<\/td>\n<td>Doble M\u00e0ster<\/td>\n<\/tr>\n<\/tbody>\n<\/table>\n<p>&nbsp;<\/p>","protected":false},"excerpt":{"rendered":"<p>A continuaci\u00f3 es detalla el llistat de Postgraus de Dobles Titulacions d&#8217;\u00e0mbit internacional: grau, m\u00e0ster i doctorat oferits per la UMH amb universitats estrangeres.<\/p>\n<p>DENOMINACI\u00d3<\/p>\n<p>UNIVERSITAT<\/p>\n<p>PA\u00cdS<\/p>\n<p>TIPUS<\/p>\n<p>Doctorat Salut P\u00fablica, Ci\u00e8ncies M\u00e8diques i Quir\u00fargiques<\/p>\n<p>Universitat de Sao Paulo<br \/>\nUniversidad de Porto<br \/>\nEl Brasil, Portugal<br \/>\nDoctorat m\u00faltiple<\/p>\n<p>Programa de Doctorat en Estad\u00edstica, Optimitzaci\u00f3 i Matem\u00e0tica Aplicada<br \/>\nPontif\u00edcia Universitat Cat\u00f2lica de Valpara\u00edso<br \/>\nXile<br \/>\nDoble Doctorat<\/p>\n<p>Doctorat en Recursos i Tecnologies [&#8230;]<\/p>\n","protected":false},"author":4274,"featured_media":0,"parent":15549,"menu_order":1,"comment_status":"closed","ping_status":"closed","template":"","meta":{"ngg_post_thumbnail":0,"_links_to":"","_links_to_target":""},"yoast_head":"<!-- This site is optimized with the Yoast SEO plugin v17.5 - https:\/\/yoast.com\/wordpress\/plugins\/seo\/ -->\n<meta name=\"description\" content=\"Listado de dobles titulaciones de Grado, M\u00e1ster y Doctorado con universidades extranjeras promovidas por la Universidad Miguel Hern\u00e1ndez.\" \/>\n<meta name=\"robots\" content=\"index, follow, max-snippet:-1, max-image-preview:large, max-video-preview:-1\" \/>\n<link rel=\"canonical\" href=\"https:\/\/internacional.umh.es\/ca\/internacionalizacion\/postgrado\/listado-de-dobles-titulaciones\/\" \/>\n<meta property=\"og:locale\" content=\"ca_ES\" \/>\n<meta property=\"og:type\" content=\"article\" \/>\n<meta property=\"og:title\" content=\"Dobles Titulacions - Internacionalitzaci\u00f3 i Cooperaci\u00f3\" \/>\n<meta property=\"og:description\" content=\"Listado de dobles titulaciones de Grado, M\u00e1ster y Doctorado con universidades extranjeras promovidas por la Universidad Miguel Hern\u00e1ndez.\" \/>\n<meta property=\"og:url\" content=\"https:\/\/internacional.umh.es\/en\/internacionalizacion\/postgrado\/listado-de-dobles-titulaciones\/\" \/>\n<meta property=\"og:site_name\" content=\"Internacionalitzaci\u00f3 i Cooperaci\u00f3\" \/>\n<meta property=\"article:modified_time\" content=\"2024-03-22T08:42:38+00:00\" \/>\n<meta name=\"twitter:card\" content=\"summary_large_image\" \/>\n<meta name=\"twitter:label1\" content=\"Est. reading time\" \/>\n\t<meta name=\"twitter:data1\" content=\"1 minut\" \/>\n<script type=\"application\/ld+json\" class=\"yoast-schema-graph\">{\"@context\":\"https:\/\/schema.org\",\"@graph\":[{\"@type\":\"WebSite\",\"@id\":\"https:\/\/internacional.umh.es\/en\/#website\",\"url\":\"https:\/\/internacional.umh.es\/en\/\",\"name\":\"Internacionalitzaci\\u00f3 i Cooperaci\\u00f3\",\"description\":\"Universitat Miguel Hern\\u00e1ndez d&#039;Elx\",\"potentialAction\":[{\"@type\":\"SearchAction\",\"target\":{\"@type\":\"EntryPoint\",\"urlTemplate\":\"https:\/\/internacional.umh.es\/en\/?s={search_term_string}\"},\"query-input\":\"required name=search_term_string\"}],\"inLanguage\":\"ca\"},{\"@type\":\"WebPage\",\"@id\":\"https:\/\/internacional.umh.es\/en\/internacionalizacion\/postgrado\/listado-de-dobles-titulaciones\/#webpage\",\"url\":\"https:\/\/internacional.umh.es\/en\/internacionalizacion\/postgrado\/listado-de-dobles-titulaciones\/\",\"name\":\"Dobles Titulacions - Internacionalitzaci\\u00f3 i Cooperaci\\u00f3\",\"isPartOf\":{\"@id\":\"https:\/\/internacional.umh.es\/en\/#website\"},\"datePublished\":\"2018-09-24T08:14:11+00:00\",\"dateModified\":\"2024-03-22T08:42:38+00:00\",\"description\":\"Listado de dobles titulaciones de Grado, M\\u00e1ster y Doctorado con universidades extranjeras promovidas por la Universidad Miguel Hern\\u00e1ndez.\",\"breadcrumb\":{\"@id\":\"https:\/\/internacional.umh.es\/en\/internacionalizacion\/postgrado\/listado-de-dobles-titulaciones\/#breadcrumb\"},\"inLanguage\":\"ca\",\"potentialAction\":[{\"@type\":\"ReadAction\",\"target\":[\"https:\/\/internacional.umh.es\/en\/internacionalizacion\/postgrado\/listado-de-dobles-titulaciones\/\"]}]},{\"@type\":\"BreadcrumbList\",\"@id\":\"https:\/\/internacional.umh.es\/en\/internacionalizacion\/postgrado\/listado-de-dobles-titulaciones\/#breadcrumb\",\"itemListElement\":[{\"@type\":\"ListItem\",\"position\":1,\"name\":\"Home\",\"item\":\"https:\/\/internacional.umh.es\/en\/\"},{\"@type\":\"ListItem\",\"position\":2,\"name\":\"INTERNATIONALIZATION\",\"item\":\"https:\/\/internacional.umh.es\/en\/internacionalizacion\/\"},{\"@type\":\"ListItem\",\"position\":3,\"name\":\"Graduate\",\"item\":\"https:\/\/internacional.umh.es\/en\/internacionalizacion\/postgrado\/\"},{\"@type\":\"ListItem\",\"position\":4,\"name\":\"Dual degree programs\"}]}]}<\/script>\n<!-- \/ Yoast SEO plugin. -->","yoast_head_json":{"description":"Listado de dobles titulaciones de Grado, M\u00e1ster y Doctorado con universidades extranjeras promovidas por la Universidad Miguel Hern\u00e1ndez.","robots":{"index":"index","follow":"follow","max-snippet":"max-snippet:-1","max-image-preview":"max-image-preview:large","max-video-preview":"max-video-preview:-1"},"canonical":"https:\/\/internacional.umh.es\/ca\/internacionalizacion\/postgrado\/listado-de-dobles-titulaciones\/","og_locale":"ca_ES","og_type":"article","og_title":"Dobles Titulacions - Internacionalitzaci\u00f3 i Cooperaci\u00f3","og_description":"Listado de dobles titulaciones de Grado, M\u00e1ster y Doctorado con universidades extranjeras promovidas por la Universidad Miguel Hern\u00e1ndez.","og_url":"https:\/\/internacional.umh.es\/en\/internacionalizacion\/postgrado\/listado-de-dobles-titulaciones\/","og_site_name":"Internacionalitzaci\u00f3 i Cooperaci\u00f3","article_modified_time":"2024-03-22T08:42:38+00:00","twitter_card":"summary_large_image","twitter_misc":{"Est. reading time":"1 minut"},"schema":{"@context":"https:\/\/schema.org","@graph":[{"@type":"WebSite","@id":"https:\/\/internacional.umh.es\/en\/#website","url":"https:\/\/internacional.umh.es\/en\/","name":"Internacionalitzaci\u00f3 i Cooperaci\u00f3","description":"Universitat Miguel Hern\u00e1ndez d&#039;Elx","potentialAction":[{"@type":"SearchAction","target":{"@type":"EntryPoint","urlTemplate":"https:\/\/internacional.umh.es\/en\/?s={search_term_string}"},"query-input":"required name=search_term_string"}],"inLanguage":"ca"},{"@type":"WebPage","@id":"https:\/\/internacional.umh.es\/en\/internacionalizacion\/postgrado\/listado-de-dobles-titulaciones\/#webpage","url":"https:\/\/internacional.umh.es\/en\/internacionalizacion\/postgrado\/listado-de-dobles-titulaciones\/","name":"Dobles Titulacions - Internacionalitzaci\u00f3 i Cooperaci\u00f3","isPartOf":{"@id":"https:\/\/internacional.umh.es\/en\/#website"},"datePublished":"2018-09-24T08:14:11+00:00","dateModified":"2024-03-22T08:42:38+00:00","description":"Listado de dobles titulaciones de Grado, M\u00e1ster y Doctorado con universidades extranjeras promovidas por la Universidad Miguel Hern\u00e1ndez.","breadcrumb":{"@id":"https:\/\/internacional.umh.es\/en\/internacionalizacion\/postgrado\/listado-de-dobles-titulaciones\/#breadcrumb"},"inLanguage":"ca","potentialAction":[{"@type":"ReadAction","target":["https:\/\/internacional.umh.es\/en\/internacionalizacion\/postgrado\/listado-de-dobles-titulaciones\/"]}]},{"@type":"BreadcrumbList","@id":"https:\/\/internacional.umh.es\/en\/internacionalizacion\/postgrado\/listado-de-dobles-titulaciones\/#breadcrumb","itemListElement":[{"@type":"ListItem","position":1,"name":"Home","item":"https:\/\/internacional.umh.es\/en\/"},{"@type":"ListItem","position":2,"name":"INTERNATIONALIZATION","item":"https:\/\/internacional.umh.es\/en\/internacionalizacion\/"},{"@type":"ListItem","position":3,"name":"Graduate","item":"https:\/\/internacional.umh.es\/en\/internacionalizacion\/postgrado\/"},{"@type":"ListItem","position":4,"name":"Dual degree programs"}]}]}},"_links":{"self":[{"href":"https:\/\/internacional.umh.es\/ca\/wp-json\/wp\/v2\/pages\/7589"}],"collection":[{"href":"https:\/\/internacional.umh.es\/ca\/wp-json\/wp\/v2\/pages"}],"about":[{"href":"https:\/\/internacional.umh.es\/ca\/wp-json\/wp\/v2\/types\/page"}],"author":[{"embeddable":true,"href":"https:\/\/internacional.umh.es\/ca\/wp-json\/wp\/v2\/users\/4274"}],"replies":[{"embeddable":true,"href":"https:\/\/internacional.umh.es\/ca\/wp-json\/wp\/v2\/comments?post=7589"}],"version-history":[{"count":0,"href":"https:\/\/internacional.umh.es\/ca\/wp-json\/wp\/v2\/pages\/7589\/revisions"}],"up":[{"embeddable":true,"href":"https:\/\/internacional.umh.es\/ca\/wp-json\/wp\/v2\/pages\/15549"}],"wp:attachment":[{"href":"https:\/\/internacional.umh.es\/ca\/wp-json\/wp\/v2\/media?parent=7589"}],"curies":[{"name":"wp","href":"https:\/\/api.w.org\/{rel}","templated":true}]}}