{"id":8,"date":"2010-09-06T09:57:18","date_gmt":"2010-09-06T09:57:18","guid":{"rendered":"http:\/\/internacional.umh.es\/acogida\/"},"modified":"2026-02-06T08:49:45","modified_gmt":"2026-02-06T07:49:45","slug":"incoming","status":"publish","type":"page","link":"https:\/\/internacional.umh.es\/ca\/incoming\/","title":{"rendered":"INCOMING"},"content":{"rendered":"<p><\/p>\n<h3>JORNADES DE BIENVENIDA<\/h3>\n<p><a href=\"https:\/\/internacional.umh.es\/files\/2023\/12\/Diseno-WELCOME-DAYS-2024-1.jpg\" target=\"_blank\" rel=\"noopener\"><img loading=\"lazy\" class=\"alignleft wp-image-32630\" title=\"Si eres estudiant incoming, dest\u00ed o SICUE UMH apunta't a les jornades dels Welcome Days al gener de 2024\" src=\"https:\/\/internacional.umh.es\/files\/2023\/12\/Diseno-WELCOME-DAYS-2024-1-212x300.jpg\" alt=\"Dise\u00f1o WELCOME DAYS UMH 2024\" width=\"220\" height=\"311\" srcset=\"https:\/\/internacional.umh.es\/files\/2023\/12\/Diseno-WELCOME-DAYS-2024-1-212x300.jpg 212w, https:\/\/internacional.umh.es\/files\/2023\/12\/Diseno-WELCOME-DAYS-2024-1-724x1024.jpg 724w, https:\/\/internacional.umh.es\/files\/2023\/12\/Diseno-WELCOME-DAYS-2024-1-768x1086.jpg 768w, https:\/\/internacional.umh.es\/files\/2023\/12\/Diseno-WELCOME-DAYS-2024-1-1086x1536.jpg 1086w, https:\/\/internacional.umh.es\/files\/2023\/12\/Diseno-WELCOME-DAYS-2024-1.jpg 1414w\" sizes=\"(max-width: 220px) 100vw, 220px\" \/><\/a><br \/>\nBenvinguts i benvingudes a la Universitat Miguel Hern\u00e1ndez!<\/p>\n<p style=\"text-align: justify\">Volem donar-te la benvinguda a la UMH i per a aix\u00f2, hem preparat unes jornades en l\u00ednia en les quals et donarem tots els consells perqu\u00e8 aprofites al m\u00e0xim la teua experi\u00e8ncia amb nosaltres.<\/p>\n<p style=\"text-align: justify\">Descobreix els nostres dies de benvinguda!<br \/>\nDurant els dies <strong>30 i 31 de gener de 2024<\/strong> t&#8217;esperem des de les 12.00 h. a les 13.30 h. i des de les 10.00 h. fins a les 11.50 h. respectivament per a comen\u00e7ar a con\u00e9ixer la nostra universitat.<\/p>\n<p><strong>* Invitaci\u00f3:<\/strong> enviada per email a estudiants Incoming, Dest\u00ed i SICUE UMH.<br \/>\n<strong>* Tancament de termini:<\/strong> dimarts 17 de gener.<\/p>\n<p>Durant aquestes jornades coneixer\u00e0s:<\/p>\n<ul>\n<li>Al personal que gestiona els serveis<\/li>\n<li>Com presentar documentaci\u00f3<\/li>\n<li>Possibilitats de trobar allotjament<\/li>\n<li>Instal\u00b7lacions<\/li>\n<li>Biblioteques<\/li>\n<li>Tips de la vida universit\u00e0ria<\/li>\n<li>Oferta esportiva i de salut<\/li>\n<li>Cantines i restaurants<\/li>\n<li>Oferta cultural<\/li>\n<li>Club Erasmus<\/li>\n<li>Programa Buddy<\/li>\n<\/ul>\n<p style=\"text-align: justify\">Hem preparat trobades virtuals mitjan\u00e7ant <strong>GOOGLE MEET<\/strong> amb personal de la UMH que resoldr\u00e0 els teus dubtes i t&#8217;explicar\u00e0, de primera m\u00e0, tot el que pots fer en la nostra universitat. Estem segurs que la teua estada ac\u00ed ser\u00e0 inoblidable. Descobreix el programa d&#8217;activitats que realitzarem:<\/p>\n<ul>\n<li><a title=\"Ho veur\u00e0s en una nova finestra\" href=\"https:\/\/view.genial.ly\/657b0452cd88c000139bab3f\/presentation-welcome-days-umh-enero-2024\" target=\"_blank\" rel=\"noopener\"><strong>Programa WELCOME DAYS (Genially)<\/strong><\/a><\/li>\n<\/ul>\n<p>La programaci\u00f3 podria estar subjecta a modificacions.<\/p>\n<p><strong>PRESENTACIONS WELCOME DAYS<\/strong><\/p>\n<ul>\n<li><a title=\"Descarrega la presentaci\u00f3 de la UMH una nova finestra\" href=\"https:\/\/internacional.umh.es\/files\/2024\/01\/UMH-2024-general-info_rev.pdf\" target=\"_blank\" rel=\"noopener\">Welcome to UMH 2023\/24 (3Mb Angl\u00e9s .pdf)<\/a><\/li>\n<li><a title=\"Ho veur\u00e0s en una nova finestra\" href=\"https:\/\/cultura.umh.es\/ca\/\" target=\"_blank\" rel=\"noopener\">Oficina de Cultura, Igualtat i Diversitat<\/a><\/li>\n<li><a title=\"Descarrega la presentaci\u00f3 del Centre d'idiomes de la UMH en una nova finestra\" href=\"https:\/\/internacional.umh.es\/files\/2024\/01\/CID_Welcome-Days-enero-2024.pdf\" target=\"_blank\" rel=\"noopener\">Centre d&#8217;Idiomes UMH (1Mb Castell\u00e0 .pdf)<\/a><\/li>\n<li><a title=\"Descarrega el material de l'oferta d'esports UMH en una nova finestra\" href=\"https:\/\/internacional.umh.es\/files\/2024\/01\/PRESENTACION-DEPORTES.-CADU-CEU-TR-AADD_2024.pdf\" target=\"_blank\" rel=\"noopener\">Deportes UMH (2Mb Castell\u00e0 .pdf)<\/a><\/li>\n<li><a title=\"Ho veur\u00e0s en una nova finestra\" href=\"https:\/\/biblioteca.umh.es\/ca\/\" target=\"_blank\" rel=\"noopener\">Biblioteques UMH<\/a><\/li>\n<li><a title=\"Descarrega el material de documentaci\u00f3 en una nova finestra\" href=\"https:\/\/internacional.umh.es\/files\/2024\/01\/WELCOME-DAYS-DOCUMENTOS-Y-GESTION_2023-2024_new.pdf\" target=\"_blank\" rel=\"noopener\">Documents i Gesti\u00f3 2022-2023 (1Mb Angl\u00e9s .pdf)<\/a><\/li>\n<li><a title=\"Ho veur\u00e0s en una nova finestra\" href=\"https:\/\/drive.google.com\/file\/d\/1YcldsW_wtKCk9vAz9_7XUoLPfoldj64W\/view\" target=\"_blank\" rel=\"noopener\">Concurs &#8220;Take a Selfie&#8221; (3Mb Castell\u00e0 .pdf)<\/a><\/li>\n<\/ul>\n<hr>\n<h4><strong>JORNADES DE BIENVENIDA ANTERIORS:<\/strong><\/h4>\n<ul>\n<li><a title=\"Accedeix a tots els materials de l'edici\u00f3 dels Welcome Days de setembre en l'edici\u00f3 2022-23\" href=\"https:\/\/internacional.umh.es\/ca\/incoming-septiembre-2022-23\/\">Jornades de benvinguda 2022\/2023 (setembre)<\/a><\/li>\n<li><a title=\"Accedeix a tots els materials de l'edici\u00f3 dels Welcome Days de gener en l'edici\u00f3 2022-23\" href=\"https:\/\/internacional.umh.\u00e9s\/ca\/incoming-gener-2022-23\/\">Jornades de benvinguda 2022\/2023 (gener)<\/a><\/li>\n<li><a title=\"AAccedeix a tots els materials de l'edici\u00f3 dels Welcome Days de setembre en l'edici\u00f3n 2022-23\" href=\"https:\/\/internacional.umh.es\/ca\/incoming-22-23-septiembre\/\">Jornades de benvinguda 2022\/2023 (setembre)<\/a><\/li>\n<li><a title=\"Accedeix a tots els materials de l'edici\u00f3 dels Welcome Days de febrer en l'edici\u00f3 2021-22\" href=\"https:\/\/internacional.umh.es\/ca\/english-incoming-21-22-febrero\/\">Jornades de benvinguda 2021\/2022 (febrer)<\/a><\/li>\n<li><a title=\"Accedeix a tots els materials de l'edici\u00f3 dels Welcome Days de setembre en l'edici\u00f3 2021-22\" href=\"https:\/\/internacional.umh.es\/ca\/jornadas-de-bienvenida-2021-2022-septiembre\/\">Jornades de benvinguda 2021\/2022 (setembre)<\/a><\/li>\n<li><a title=\"Accedeix a totes les novetats i materials de l'edici\u00f3 dels Welcome Days en l'edici\u00f3 2020-2021\" href=\"https:\/\/internacional.umh.es\/ca\/jornadas-de-bienvenida-2020-2021\/\">Jornades de benvinguda 2020\/2021 (setembre)<\/a><\/li>\n<\/ul>\n<hr>\n<h5><strong>Servei de Relacions Internacionals, Cooperaci\u00f3 al Desenvolupament i Voluntariat<\/strong><\/h5>\n<p><strong>Ubicaci\u00f3<\/strong><br \/>\nUniversitat Miguel Hern\u00e1ndez<br \/>\nEdificio La G\u00e0l\u00b7lia, 1a planta<br \/>\nAvinguda de la Universitat, s\/n \u2013 03202 Elx<br \/>\nTel.: +34 966 658 710<br \/>\n<strong><a title=\"Ho veur\u00e0s en una nova finestra\" href=\"mailto:incoming@umh.es\" target=\"_blank\" rel=\"noopener\">incoming@umh.es<\/a><\/strong><br \/>\n<a title=\"Ho veur\u00e0s en una nova finestra\" href=\"https:\/\/universite.umh.es\/localizaciones\/default.htm?&amp;selT=estancias&amp;selI=E05P1058\" target=\"_blank\" rel=\"noopener\">Localitza el Servei d&#8217;RR.II. de la UMH en el mapa<\/a><\/p>\n<p><strong>Horari<\/strong><br \/>\nDe dilluns a divendres<br \/>\nDe 09.00 h. a 14.00 h.<\/p>","protected":false},"excerpt":{"rendered":"<p>JORNADES DE BIENVENIDA<\/p>\n<p>Benvinguts i benvingudes a la Universitat Miguel Hern\u00e1ndez!<br \/>\nVolem donar-te la benvinguda a la UMH i per a aix\u00f2, hem preparat unes jornades en l\u00ednia en les quals et donarem tots els consells perqu\u00e8 aprofites al m\u00e0xim la teua experi\u00e8ncia amb nosaltres.<br \/>\nDescobreix els nostres dies de benvinguda!<br \/>\nDurant els dies 30 i 31 de gener [&#8230;]<\/p>\n","protected":false},"author":30,"featured_media":0,"parent":0,"menu_order":2,"comment_status":"closed","ping_status":"closed","template":"","meta":{"ngg_post_thumbnail":0,"_links_to":"","_links_to_target":""},"yoast_head":"<!-- This site is optimized with the Yoast SEO plugin v17.5 - https:\/\/yoast.com\/wordpress\/plugins\/seo\/ -->\n<meta name=\"description\" content=\"La Semana de Bienvenida, Welcome Days, de la UMH ofrece tips para aprovechar al m\u00e1ximo tu experiencia internacional como estudiante incoming\" \/>\n<meta name=\"robots\" content=\"index, follow, max-snippet:-1, max-image-preview:large, max-video-preview:-1\" \/>\n<link rel=\"canonical\" href=\"https:\/\/internacional.umh.es\/ca\/incoming\/\" \/>\n<meta property=\"og:locale\" content=\"ca_ES\" \/>\n<meta property=\"og:type\" content=\"article\" \/>\n<meta property=\"og:title\" content=\"INCOMING - Internacionalitzaci\u00f3 i Cooperaci\u00f3\" \/>\n<meta property=\"og:description\" content=\"La Semana de Bienvenida, Welcome Days, de la UMH ofrece tips para aprovechar al m\u00e1ximo tu experiencia internacional como estudiante incoming\" \/>\n<meta property=\"og:url\" content=\"https:\/\/internacional.umh.es\/incoming\/\" \/>\n<meta property=\"og:site_name\" content=\"Internacionalitzaci\u00f3 i Cooperaci\u00f3\" \/>\n<meta property=\"article:modified_time\" content=\"2026-02-06T07:49:45+00:00\" \/>\n<meta property=\"og:image\" content=\"https:\/\/internacional.umh.es\/files\/2026\/01\/banner-web-1-300x63.png\" \/>\n<meta name=\"twitter:card\" content=\"summary_large_image\" \/>\n<meta name=\"twitter:label1\" content=\"Est. reading time\" \/>\n\t<meta name=\"twitter:data1\" content=\"2 minuts\" \/>\n<script type=\"application\/ld+json\" class=\"yoast-schema-graph\">{\"@context\":\"https:\/\/schema.org\",\"@graph\":[{\"@type\":\"WebSite\",\"@id\":\"https:\/\/internacional.umh.es\/en\/#website\",\"url\":\"https:\/\/internacional.umh.es\/en\/\",\"name\":\"Internacionalitzaci\\u00f3 i Cooperaci\\u00f3\",\"description\":\"Universitat Miguel Hern\\u00e1ndez d&#039;Elx\",\"potentialAction\":[{\"@type\":\"SearchAction\",\"target\":{\"@type\":\"EntryPoint\",\"urlTemplate\":\"https:\/\/internacional.umh.es\/en\/?s={search_term_string}\"},\"query-input\":\"required name=search_term_string\"}],\"inLanguage\":\"ca\"},{\"@type\":\"ImageObject\",\"@id\":\"https:\/\/internacional.umh.es\/incoming\/#primaryimage\",\"inLanguage\":\"ca\",\"url\":\"https:\/\/internacional.umh.es\/files\/2026\/01\/banner-web-1.png\",\"contentUrl\":\"https:\/\/internacional.umh.es\/files\/2026\/01\/banner-web-1.png\",\"width\":1920,\"height\":400},{\"@type\":\"WebPage\",\"@id\":\"https:\/\/internacional.umh.es\/incoming\/#webpage\",\"url\":\"https:\/\/internacional.umh.es\/incoming\/\",\"name\":\"INCOMING - Internacionalitzaci\\u00f3 i Cooperaci\\u00f3\",\"isPartOf\":{\"@id\":\"https:\/\/internacional.umh.es\/en\/#website\"},\"primaryImageOfPage\":{\"@id\":\"https:\/\/internacional.umh.es\/incoming\/#primaryimage\"},\"datePublished\":\"2010-09-06T09:57:18+00:00\",\"dateModified\":\"2026-02-06T07:49:45+00:00\",\"description\":\"La Semana de Bienvenida, Welcome Days, de la UMH ofrece tips para aprovechar al m\\u00e1ximo tu experiencia internacional como estudiante incoming\",\"breadcrumb\":{\"@id\":\"https:\/\/internacional.umh.es\/incoming\/#breadcrumb\"},\"inLanguage\":\"ca\",\"potentialAction\":[{\"@type\":\"ReadAction\",\"target\":[\"https:\/\/internacional.umh.es\/incoming\/\"]}]},{\"@type\":\"BreadcrumbList\",\"@id\":\"https:\/\/internacional.umh.es\/incoming\/#breadcrumb\",\"itemListElement\":[{\"@type\":\"ListItem\",\"position\":1,\"name\":\"Home\",\"item\":\"https:\/\/internacional.umh.es\/en\/\"},{\"@type\":\"ListItem\",\"position\":2,\"name\":\"INCOMING\"}]}]}<\/script>\n<!-- \/ Yoast SEO plugin. -->","yoast_head_json":{"description":"La Semana de Bienvenida, Welcome Days, de la UMH ofrece tips para aprovechar al m\u00e1ximo tu experiencia internacional como estudiante incoming","robots":{"index":"index","follow":"follow","max-snippet":"max-snippet:-1","max-image-preview":"max-image-preview:large","max-video-preview":"max-video-preview:-1"},"canonical":"https:\/\/internacional.umh.es\/ca\/incoming\/","og_locale":"ca_ES","og_type":"article","og_title":"INCOMING - Internacionalitzaci\u00f3 i Cooperaci\u00f3","og_description":"La Semana de Bienvenida, Welcome Days, de la UMH ofrece tips para aprovechar al m\u00e1ximo tu experiencia internacional como estudiante incoming","og_url":"https:\/\/internacional.umh.es\/incoming\/","og_site_name":"Internacionalitzaci\u00f3 i Cooperaci\u00f3","article_modified_time":"2026-02-06T07:49:45+00:00","og_image":[{"url":"https:\/\/internacional.umh.es\/files\/2026\/01\/banner-web-1-300x63.png"}],"twitter_card":"summary_large_image","twitter_misc":{"Est. reading time":"2 minuts"},"schema":{"@context":"https:\/\/schema.org","@graph":[{"@type":"WebSite","@id":"https:\/\/internacional.umh.es\/en\/#website","url":"https:\/\/internacional.umh.es\/en\/","name":"Internacionalitzaci\u00f3 i Cooperaci\u00f3","description":"Universitat Miguel Hern\u00e1ndez d&#039;Elx","potentialAction":[{"@type":"SearchAction","target":{"@type":"EntryPoint","urlTemplate":"https:\/\/internacional.umh.es\/en\/?s={search_term_string}"},"query-input":"required name=search_term_string"}],"inLanguage":"ca"},{"@type":"ImageObject","@id":"https:\/\/internacional.umh.es\/incoming\/#primaryimage","inLanguage":"ca","url":"https:\/\/internacional.umh.es\/files\/2026\/01\/banner-web-1.png","contentUrl":"https:\/\/internacional.umh.es\/files\/2026\/01\/banner-web-1.png","width":1920,"height":400},{"@type":"WebPage","@id":"https:\/\/internacional.umh.es\/incoming\/#webpage","url":"https:\/\/internacional.umh.es\/incoming\/","name":"INCOMING - Internacionalitzaci\u00f3 i Cooperaci\u00f3","isPartOf":{"@id":"https:\/\/internacional.umh.es\/en\/#website"},"primaryImageOfPage":{"@id":"https:\/\/internacional.umh.es\/incoming\/#primaryimage"},"datePublished":"2010-09-06T09:57:18+00:00","dateModified":"2026-02-06T07:49:45+00:00","description":"La Semana de Bienvenida, Welcome Days, de la UMH ofrece tips para aprovechar al m\u00e1ximo tu experiencia internacional como estudiante incoming","breadcrumb":{"@id":"https:\/\/internacional.umh.es\/incoming\/#breadcrumb"},"inLanguage":"ca","potentialAction":[{"@type":"ReadAction","target":["https:\/\/internacional.umh.es\/incoming\/"]}]},{"@type":"BreadcrumbList","@id":"https:\/\/internacional.umh.es\/incoming\/#breadcrumb","itemListElement":[{"@type":"ListItem","position":1,"name":"Home","item":"https:\/\/internacional.umh.es\/en\/"},{"@type":"ListItem","position":2,"name":"INCOMING"}]}]}},"_links":{"self":[{"href":"https:\/\/internacional.umh.es\/ca\/wp-json\/wp\/v2\/pages\/8"}],"collection":[{"href":"https:\/\/internacional.umh.es\/ca\/wp-json\/wp\/v2\/pages"}],"about":[{"href":"https:\/\/internacional.umh.es\/ca\/wp-json\/wp\/v2\/types\/page"}],"author":[{"embeddable":true,"href":"https:\/\/internacional.umh.es\/ca\/wp-json\/wp\/v2\/users\/30"}],"replies":[{"embeddable":true,"href":"https:\/\/internacional.umh.es\/ca\/wp-json\/wp\/v2\/comments?post=8"}],"version-history":[{"count":0,"href":"https:\/\/internacional.umh.es\/ca\/wp-json\/wp\/v2\/pages\/8\/revisions"}],"wp:attachment":[{"href":"https:\/\/internacional.umh.es\/ca\/wp-json\/wp\/v2\/media?parent=8"}],"curies":[{"name":"wp","href":"https:\/\/api.w.org\/{rel}","templated":true}]}}