{"id":80,"date":"2011-05-10T09:17:45","date_gmt":"2011-05-10T07:17:45","guid":{"rendered":"http:\/\/internacional.umh.es\/iberoamerica-santander\/"},"modified":"2019-07-23T13:15:51","modified_gmt":"2019-07-23T11:15:51","slug":"ibero","status":"publish","type":"page","link":"https:\/\/internacional.umh.es\/ca\/movilidad\/estudiantes\/destino\/ibero\/","title":{"rendered":"<span lang=\"es\">(Espa\u00f1ol) Becas Iberoam\u00e9rica &#8211; Santander<\/span>"},"content":{"rendered":"<p><\/p>\n<\/p>\n<p><\/p>","protected":false},"excerpt":{"rendered":"","protected":false},"author":30,"featured_media":0,"parent":18,"menu_order":0,"comment_status":"closed","ping_status":"closed","template":"","meta":{"ngg_post_thumbnail":0,"_links_to":"","_links_to_target":""},"yoast_head":"<!-- This site is optimized with the Yoast SEO plugin v17.5 - https:\/\/yoast.com\/wordpress\/plugins\/seo\/ -->\n<meta name=\"robots\" content=\"index, follow, max-snippet:-1, max-image-preview:large, max-video-preview:-1\" \/>\n<link rel=\"canonical\" href=\"https:\/\/internacional.umh.es\/ca\/movilidad\/estudiantes\/destino\/ibero\/\" \/>\n<meta property=\"og:locale\" content=\"ca_ES\" \/>\n<meta property=\"og:type\" content=\"article\" \/>\n<meta property=\"og:title\" content=\"Becas Iberoam\u00e9rica - Santander - Internacionalitzaci\u00f3 i Cooperaci\u00f3\" \/>\n<meta property=\"og:url\" content=\"https:\/\/internacional.umh.es\/movilidad\/estudiantes\/destino\/ibero\/\" \/>\n<meta property=\"og:site_name\" content=\"Internacionalitzaci\u00f3 i Cooperaci\u00f3\" \/>\n<meta property=\"article:modified_time\" content=\"2019-07-23T11:15:51+00:00\" \/>\n<meta property=\"og:image\" content=\"https:\/\/internacional.umh.es\/files\/2018\/09\/becas-iberoamerica-santander.png\" \/>\n<meta name=\"twitter:card\" content=\"summary_large_image\" \/>\n<meta name=\"twitter:label1\" content=\"Est. reading time\" \/>\n\t<meta name=\"twitter:data1\" content=\"21 minuts\" \/>\n<script type=\"application\/ld+json\" class=\"yoast-schema-graph\">{\"@context\":\"https:\/\/schema.org\",\"@graph\":[{\"@type\":\"WebSite\",\"@id\":\"https:\/\/internacional.umh.es\/en\/#website\",\"url\":\"https:\/\/internacional.umh.es\/en\/\",\"name\":\"Internacionalitzaci\\u00f3 i Cooperaci\\u00f3\",\"description\":\"Universitat Miguel Hern\\u00e1ndez d&#039;Elx\",\"potentialAction\":[{\"@type\":\"SearchAction\",\"target\":{\"@type\":\"EntryPoint\",\"urlTemplate\":\"https:\/\/internacional.umh.es\/en\/?s={search_term_string}\"},\"query-input\":\"required name=search_term_string\"}],\"inLanguage\":\"ca\"},{\"@type\":\"ImageObject\",\"@id\":\"https:\/\/internacional.umh.es\/movilidad\/estudiantes\/destino\/ibero\/#primaryimage\",\"inLanguage\":\"ca\",\"url\":\"https:\/\/internacional.umh.es\/files\/2018\/09\/becas-iberoamerica-santander.png\",\"contentUrl\":\"https:\/\/internacional.umh.es\/files\/2018\/09\/becas-iberoamerica-santander.png\",\"width\":297,\"height\":170},{\"@type\":\"WebPage\",\"@id\":\"https:\/\/internacional.umh.es\/movilidad\/estudiantes\/destino\/ibero\/#webpage\",\"url\":\"https:\/\/internacional.umh.es\/movilidad\/estudiantes\/destino\/ibero\/\",\"name\":\"Becas Iberoam\\u00e9rica - Santander - Internacionalitzaci\\u00f3 i Cooperaci\\u00f3\",\"isPartOf\":{\"@id\":\"https:\/\/internacional.umh.es\/en\/#website\"},\"primaryImageOfPage\":{\"@id\":\"https:\/\/internacional.umh.es\/movilidad\/estudiantes\/destino\/ibero\/#primaryimage\"},\"datePublished\":\"2011-05-10T07:17:45+00:00\",\"dateModified\":\"2019-07-23T11:15:51+00:00\",\"breadcrumb\":{\"@id\":\"https:\/\/internacional.umh.es\/movilidad\/estudiantes\/destino\/ibero\/#breadcrumb\"},\"inLanguage\":\"ca\",\"potentialAction\":[{\"@type\":\"ReadAction\",\"target\":[\"https:\/\/internacional.umh.es\/movilidad\/estudiantes\/destino\/ibero\/\"]}]},{\"@type\":\"BreadcrumbList\",\"@id\":\"https:\/\/internacional.umh.es\/movilidad\/estudiantes\/destino\/ibero\/#breadcrumb\",\"itemListElement\":[{\"@type\":\"ListItem\",\"position\":1,\"name\":\"Home\",\"item\":\"https:\/\/internacional.umh.es\/en\/\"},{\"@type\":\"ListItem\",\"position\":2,\"name\":\"MOBILITY\",\"item\":\"https:\/\/internacional.umh.es\/en\/movilidad\/\"},{\"@type\":\"ListItem\",\"position\":3,\"name\":\"Estudiantes\",\"item\":\"https:\/\/internacional.umh.es\/movilidad\/estudiantes\/\"},{\"@type\":\"ListItem\",\"position\":4,\"name\":\"Programa DESTINO\",\"item\":\"https:\/\/internacional.umh.es\/movilidad\/estudiantes\/destino\/\"},{\"@type\":\"ListItem\",\"position\":5,\"name\":\"(Espa\\u00f1ol) Becas Iberoam\\u00e9rica &#8211; Santander\"}]}]}<\/script>\n<!-- \/ Yoast SEO plugin. -->","yoast_head_json":{"robots":{"index":"index","follow":"follow","max-snippet":"max-snippet:-1","max-image-preview":"max-image-preview:large","max-video-preview":"max-video-preview:-1"},"canonical":"https:\/\/internacional.umh.es\/ca\/movilidad\/estudiantes\/destino\/ibero\/","og_locale":"ca_ES","og_type":"article","og_title":"Becas Iberoam\u00e9rica - Santander - Internacionalitzaci\u00f3 i Cooperaci\u00f3","og_url":"https:\/\/internacional.umh.es\/movilidad\/estudiantes\/destino\/ibero\/","og_site_name":"Internacionalitzaci\u00f3 i Cooperaci\u00f3","article_modified_time":"2019-07-23T11:15:51+00:00","og_image":[{"url":"https:\/\/internacional.umh.es\/files\/2018\/09\/becas-iberoamerica-santander.png"}],"twitter_card":"summary_large_image","twitter_misc":{"Est. reading time":"21 minuts"},"schema":{"@context":"https:\/\/schema.org","@graph":[{"@type":"WebSite","@id":"https:\/\/internacional.umh.es\/en\/#website","url":"https:\/\/internacional.umh.es\/en\/","name":"Internacionalitzaci\u00f3 i Cooperaci\u00f3","description":"Universitat Miguel Hern\u00e1ndez d&#039;Elx","potentialAction":[{"@type":"SearchAction","target":{"@type":"EntryPoint","urlTemplate":"https:\/\/internacional.umh.es\/en\/?s={search_term_string}"},"query-input":"required name=search_term_string"}],"inLanguage":"ca"},{"@type":"ImageObject","@id":"https:\/\/internacional.umh.es\/movilidad\/estudiantes\/destino\/ibero\/#primaryimage","inLanguage":"ca","url":"https:\/\/internacional.umh.es\/files\/2018\/09\/becas-iberoamerica-santander.png","contentUrl":"https:\/\/internacional.umh.es\/files\/2018\/09\/becas-iberoamerica-santander.png","width":297,"height":170},{"@type":"WebPage","@id":"https:\/\/internacional.umh.es\/movilidad\/estudiantes\/destino\/ibero\/#webpage","url":"https:\/\/internacional.umh.es\/movilidad\/estudiantes\/destino\/ibero\/","name":"Becas Iberoam\u00e9rica - Santander - Internacionalitzaci\u00f3 i Cooperaci\u00f3","isPartOf":{"@id":"https:\/\/internacional.umh.es\/en\/#website"},"primaryImageOfPage":{"@id":"https:\/\/internacional.umh.es\/movilidad\/estudiantes\/destino\/ibero\/#primaryimage"},"datePublished":"2011-05-10T07:17:45+00:00","dateModified":"2019-07-23T11:15:51+00:00","breadcrumb":{"@id":"https:\/\/internacional.umh.es\/movilidad\/estudiantes\/destino\/ibero\/#breadcrumb"},"inLanguage":"ca","potentialAction":[{"@type":"ReadAction","target":["https:\/\/internacional.umh.es\/movilidad\/estudiantes\/destino\/ibero\/"]}]},{"@type":"BreadcrumbList","@id":"https:\/\/internacional.umh.es\/movilidad\/estudiantes\/destino\/ibero\/#breadcrumb","itemListElement":[{"@type":"ListItem","position":1,"name":"Home","item":"https:\/\/internacional.umh.es\/en\/"},{"@type":"ListItem","position":2,"name":"MOBILITY","item":"https:\/\/internacional.umh.es\/en\/movilidad\/"},{"@type":"ListItem","position":3,"name":"Estudiantes","item":"https:\/\/internacional.umh.es\/movilidad\/estudiantes\/"},{"@type":"ListItem","position":4,"name":"Programa DESTINO","item":"https:\/\/internacional.umh.es\/movilidad\/estudiantes\/destino\/"},{"@type":"ListItem","position":5,"name":"(Espa\u00f1ol) Becas Iberoam\u00e9rica &#8211; Santander"}]}]}},"_links":{"self":[{"href":"https:\/\/internacional.umh.es\/ca\/wp-json\/wp\/v2\/pages\/80"}],"collection":[{"href":"https:\/\/internacional.umh.es\/ca\/wp-json\/wp\/v2\/pages"}],"about":[{"href":"https:\/\/internacional.umh.es\/ca\/wp-json\/wp\/v2\/types\/page"}],"author":[{"embeddable":true,"href":"https:\/\/internacional.umh.es\/ca\/wp-json\/wp\/v2\/users\/30"}],"replies":[{"embeddable":true,"href":"https:\/\/internacional.umh.es\/ca\/wp-json\/wp\/v2\/comments?post=80"}],"version-history":[{"count":0,"href":"https:\/\/internacional.umh.es\/ca\/wp-json\/wp\/v2\/pages\/80\/revisions"}],"up":[{"embeddable":true,"href":"https:\/\/internacional.umh.es\/ca\/wp-json\/wp\/v2\/pages\/18"}],"wp:attachment":[{"href":"https:\/\/internacional.umh.es\/ca\/wp-json\/wp\/v2\/media?parent=80"}],"curies":[{"name":"wp","href":"https:\/\/api.w.org\/{rel}","templated":true}]}}