{"id":8048,"date":"2018-10-25T14:55:10","date_gmt":"2018-10-25T12:55:10","guid":{"rendered":"https:\/\/internacional.umh.es\/?page_id=8048"},"modified":"2025-05-23T09:46:16","modified_gmt":"2025-05-23T07:46:16","slug":"convocatorias","status":"publish","type":"page","link":"https:\/\/internacional.umh.es\/ca\/cooperacion-y-voluntariado\/convocatorias\/","title":{"rendered":"Convocat\u00f2ries"},"content":{"rendered":"<p><\/p>\n<p style=\"text-align: justify\">La <strong>Universitat Miguel Hern\u00e1ndez d&#8217;Elx<\/strong>, en col\u00b7laboraci\u00f3 amb la <a href=\"https:\/\/inclusio.gva.es\/va\/web\/cooperacion\/\" rel=\"noopener\" target=\"_blank\" title=\"Ho veur\u00e0s en una nova finestra\">Direcci\u00f3 General de Cooperaci\u00f3 i Solidaritat<\/a> de la Generalitat <strong> Valenciana<\/strong>, dins de la seua pol\u00edtica per a contribuir a la millora del desenvolupament dels pobles m\u00e9s desfavorits, assumeix el comprom\u00eds d&#8217;alinear-se amb les estrat\u00e8gies nacionals i globals en la pol\u00edtica i programes de cooperaci\u00f3 al desenvolupament prenent com a refer\u00e8ncia <strong>l&#8217;agenda 2030.<\/strong><\/p>\n<p>A continuaci\u00f3 pots accedir a les convocat\u00f2ries posades en marxa pel Vicerectorat d&#8217;Internacionalitzaci\u00f3 i Cooperaci\u00f3:<\/p>\n<p><a title=\"Coneix tota la informaci\u00f3 sobre les ajudes\/premis per a TFG, TFM, TD i pr\u00e0ctiques sobre ODS en la UMH\" href=\"https:\/\/internacional.umh.es\/ca\/cooperacion-y-voluntariado\/convocatorias\/13821-2\/\"><\/p>\n<h3><strong>Ajudes\/Premis per a TFG, TFM, TD i pr\u00e0ctiques sobre ODS<\/strong><\/h3>\n<p><\/a><\/p>\n<p style=\"text-align: justify\">Consulta ac\u00ed les convocat\u00f2ries obertes sobre les ajudes de la UMH per a impulsar <strong>Treballs fi de grau<\/strong>, <strong>Treballs fi de m\u00e0ster i pr\u00e0ctiques<\/strong> en el marc de la promoci\u00f3 dels <strong>Objectius de Desenvolupament Sostenible<\/strong> de l&#8217;Agenda 2030 de les Nacions Unides.<\/p>\n<hr>\n<p><a title=\"Coneix alguns dels projectes d'investigaci\u00f3 sobre els ODS m\u00e9s importants de la UMH\" href=\"https:\/\/internacional.umh.es\/ca\/cooperacion-y-voluntariado\/convocatorias\/proyectos-de-investigacion-sobre-ods-2019-2020-convocatoria-finalizada\/\" rel=\"noopener noreferrer\"><\/p>\n<h3><strong>Projectes d&#8217;investigaci\u00f3 sobre ODS<\/strong><\/h3>\n<p><\/a><\/p>\n<p style=\"text-align: justify\">Consulta ac\u00ed la convocat\u00f2ria interna per a l&#8217;assignaci\u00f3 de cr\u00e8dit a <strong>projectes d&#8217;investigaci\u00f3 lligats a la Cooperaci\u00f3 Internacional al Desenvolupament, en el marc dels Objectius de Desenvolupament Sostenible<\/strong>. Aquesta convocat\u00f2ria s&#8217;emmarca en la l\u00ednia d&#8217;investigaci\u00f3 del Programa de Cooperaci\u00f3 al Desenvolupament que anualment signa la UMH amb la Generalitat Valenciana a trav\u00e9s de la Direcci\u00f3 General de Cooperaci\u00f3 Internacional al Desenvolupament de la Conselleria de Participaci\u00f3, Transpar\u00e8ncia, Cooperaci\u00f3 i Qualitat Democr\u00e0tica, d&#8217;acord amb la seua pol\u00edtica per a contribuir a la millora del desenvolupament dels pobles m\u00e9s desfavorits, i el seu comprom\u00eds d&#8217;alinear-se amb les estrat\u00e8gies nacionals i globals en la pol\u00edtica i programes de cooperaci\u00f3 al desenvolupament prenent com a refer\u00e8ncia l&#8217;Agenda 2030.<\/p>\n<hr>\n<p><a title=\"Descobreix m\u00e9s info sobre la convocat\u00f2ria de Premis Solidaris per a estudiants de la UMH\" href=\"https:\/\/internacional.umh.es\/ca\/premios-solidarios-en-los-que-participen-estudiantes-de-la-umh\/\"><\/p>\n<h3><strong>Premis solidaris en els quals participen estudiants de la UMH<\/strong><\/h3>\n<p><\/a><\/p>\n<p style=\"text-align: justify\">Convocat\u00f2ria de premis a projectes solidaris en els quals participe l&#8217;estudiantat de la UMH. L&#8217;objecte de la present convocat\u00f2ria, \u00e9s impulsar la participaci\u00f3 dels estudiants de la UMH en projectes d&#8217;entitats sense \u00e0nim de lucre.<\/p>\n<hr>\n<p><a title=\"Clica per a obtindre m\u00e9s informaci\u00f3 sobre la C\u00e0tedra de prosperitat UMH\" href=\"https:\/\/internacional.umh.es\/ca\/cooperacion-y-voluntariado\/convocatorias\/catedra-prosperidad-umh\/\" rel=\"noopener noreferrer\"><\/p>\n<h3><strong>C\u00e0tedra prosperitat UMH<\/strong><\/h3>\n<p><\/a><\/p>\n<p style=\"text-align: justify\">Consulta ac\u00ed les convocat\u00f2ries obertes i les ajudes que ofereix la <strong>C\u00e0tedra de Cooperaci\u00f3 i Desenvolupament Sostenible Prosperitat<\/strong> de la UMH.<\/p>\n<hr>\n<p><a title=\"Informa't ara sobre les convocat\u00f2ries finalitzades en la UMH\" href=\"https:\/\/internacional.umh.es\/ca\/cooperacion-y-voluntariado\/convocatorias\/master-cooperacion-al-desarrollo\/\" rel=\"noopener noreferrer\"><\/p>\n<h3><strong>Convocat\u00f2ries tancades<\/strong><\/h3>\n<p><\/a><\/p>\n<p>Consulta ac\u00ed altres convocat\u00f2ries anteriors realitzades per la UMH.<\/p>\n<hr>\n<p><a title=\"Accedeix a m\u00e9s informaci\u00f3 sobre les convocat\u00f2ries i premis d'altres institucions\" href=\"https:\/\/internacional.umh.es\/ca\/cooperacion-y-voluntariado\/convocatorias\/otras-becas\/\" rel=\"noopener noreferrer\"><\/p>\n<h3><strong>Convocat\u00f2ries i premis d&#8217;altres entitats<\/strong><\/h3>\n<p><\/a><\/p>\n<p>Consulta ac\u00ed<strong> altres convocat\u00f2ries<\/strong> de beques i premis d&#8217;entitats externes a la UMH.<\/p>\n<p><\/p>","protected":false},"excerpt":{"rendered":"<p>La Universitat Miguel Hern\u00e1ndez d&#8217;Elx, en col\u00b7laboraci\u00f3 amb la Direcci\u00f3 General de Cooperaci\u00f3 i Solidaritat de la Generalitat  Valenciana, dins de la seua pol\u00edtica per a contribuir a la millora del desenvolupament dels pobles m\u00e9s desfavorits, assumeix el comprom\u00eds d&#8217;alinear-se amb les estrat\u00e8gies nacionals i globals en la pol\u00edtica i programes de cooperaci\u00f3 al [&#8230;]<\/p>\n","protected":false},"author":4274,"featured_media":0,"parent":3982,"menu_order":1,"comment_status":"closed","ping_status":"closed","template":"","meta":{"ngg_post_thumbnail":0,"_links_to":"","_links_to_target":""},"yoast_head":"<!-- This site is optimized with the Yoast SEO plugin v17.5 - https:\/\/yoast.com\/wordpress\/plugins\/seo\/ -->\n<meta name=\"description\" content=\"La UMH desarrolla convocatorias puestas en marcha por el Vicerrectorado de Internacionalizaci\u00f3n y Cooperaci\u00f3n en sobre diversas tem\u00e1ticas.\" \/>\n<meta name=\"robots\" content=\"index, follow, max-snippet:-1, max-image-preview:large, max-video-preview:-1\" \/>\n<link rel=\"canonical\" href=\"https:\/\/internacional.umh.es\/ca\/cooperacion-y-voluntariado\/convocatorias\/\" \/>\n<meta property=\"og:locale\" content=\"ca_ES\" \/>\n<meta property=\"og:type\" content=\"article\" \/>\n<meta property=\"og:title\" content=\"Convocat\u00f2ries - Internacionalitzaci\u00f3 i Cooperaci\u00f3\" \/>\n<meta property=\"og:description\" content=\"La UMH desarrolla convocatorias puestas en marcha por el Vicerrectorado de Internacionalizaci\u00f3n y Cooperaci\u00f3n en sobre diversas tem\u00e1ticas.\" \/>\n<meta property=\"og:url\" content=\"https:\/\/internacional.umh.es\/ca\/cooperacion-y-voluntariado\/convocatorias\/\" \/>\n<meta property=\"og:site_name\" content=\"Internacionalitzaci\u00f3 i Cooperaci\u00f3\" \/>\n<meta property=\"article:modified_time\" content=\"2025-05-23T07:46:16+00:00\" \/>\n<meta name=\"twitter:card\" content=\"summary_large_image\" \/>\n<meta name=\"twitter:label1\" content=\"Est. reading time\" \/>\n\t<meta name=\"twitter:data1\" content=\"2 minuts\" \/>\n<script type=\"application\/ld+json\" class=\"yoast-schema-graph\">{\"@context\":\"https:\/\/schema.org\",\"@graph\":[{\"@type\":\"WebSite\",\"@id\":\"https:\/\/internacional.umh.es\/en\/#website\",\"url\":\"https:\/\/internacional.umh.es\/en\/\",\"name\":\"Internacionalitzaci\\u00f3 i Cooperaci\\u00f3\",\"description\":\"Universitat Miguel Hern\\u00e1ndez d&#039;Elx\",\"potentialAction\":[{\"@type\":\"SearchAction\",\"target\":{\"@type\":\"EntryPoint\",\"urlTemplate\":\"https:\/\/internacional.umh.es\/en\/?s={search_term_string}\"},\"query-input\":\"required name=search_term_string\"}],\"inLanguage\":\"ca\"},{\"@type\":\"WebPage\",\"@id\":\"https:\/\/internacional.umh.es\/ca\/cooperacion-y-voluntariado\/convocatorias\/#webpage\",\"url\":\"https:\/\/internacional.umh.es\/ca\/cooperacion-y-voluntariado\/convocatorias\/\",\"name\":\"Convocat\\u00f2ries - Internacionalitzaci\\u00f3 i Cooperaci\\u00f3\",\"isPartOf\":{\"@id\":\"https:\/\/internacional.umh.es\/en\/#website\"},\"datePublished\":\"2018-10-25T12:55:10+00:00\",\"dateModified\":\"2025-05-23T07:46:16+00:00\",\"description\":\"La UMH desarrolla convocatorias puestas en marcha por el Vicerrectorado de Internacionalizaci\\u00f3n y Cooperaci\\u00f3n en sobre diversas tem\\u00e1ticas.\",\"breadcrumb\":{\"@id\":\"https:\/\/internacional.umh.es\/ca\/cooperacion-y-voluntariado\/convocatorias\/#breadcrumb\"},\"inLanguage\":\"ca\",\"potentialAction\":[{\"@type\":\"ReadAction\",\"target\":[\"https:\/\/internacional.umh.es\/ca\/cooperacion-y-voluntariado\/convocatorias\/\"]}]},{\"@type\":\"BreadcrumbList\",\"@id\":\"https:\/\/internacional.umh.es\/ca\/cooperacion-y-voluntariado\/convocatorias\/#breadcrumb\",\"itemListElement\":[{\"@type\":\"ListItem\",\"position\":1,\"name\":\"Home\",\"item\":\"https:\/\/internacional.umh.es\/en\/\"},{\"@type\":\"ListItem\",\"position\":2,\"name\":\"COOPERACI\\u00d3 I VOLUNTARIAT\",\"item\":\"https:\/\/internacional.umh.es\/ca\/cooperacion-y-voluntariado\/\"},{\"@type\":\"ListItem\",\"position\":3,\"name\":\"Convocat\\u00f2ries\"}]}]}<\/script>\n<!-- \/ Yoast SEO plugin. -->","yoast_head_json":{"description":"La UMH desarrolla convocatorias puestas en marcha por el Vicerrectorado de Internacionalizaci\u00f3n y Cooperaci\u00f3n en sobre diversas tem\u00e1ticas.","robots":{"index":"index","follow":"follow","max-snippet":"max-snippet:-1","max-image-preview":"max-image-preview:large","max-video-preview":"max-video-preview:-1"},"canonical":"https:\/\/internacional.umh.es\/ca\/cooperacion-y-voluntariado\/convocatorias\/","og_locale":"ca_ES","og_type":"article","og_title":"Convocat\u00f2ries - Internacionalitzaci\u00f3 i Cooperaci\u00f3","og_description":"La UMH desarrolla convocatorias puestas en marcha por el Vicerrectorado de Internacionalizaci\u00f3n y Cooperaci\u00f3n en sobre diversas tem\u00e1ticas.","og_url":"https:\/\/internacional.umh.es\/ca\/cooperacion-y-voluntariado\/convocatorias\/","og_site_name":"Internacionalitzaci\u00f3 i Cooperaci\u00f3","article_modified_time":"2025-05-23T07:46:16+00:00","twitter_card":"summary_large_image","twitter_misc":{"Est. reading time":"2 minuts"},"schema":{"@context":"https:\/\/schema.org","@graph":[{"@type":"WebSite","@id":"https:\/\/internacional.umh.es\/en\/#website","url":"https:\/\/internacional.umh.es\/en\/","name":"Internacionalitzaci\u00f3 i Cooperaci\u00f3","description":"Universitat Miguel Hern\u00e1ndez d&#039;Elx","potentialAction":[{"@type":"SearchAction","target":{"@type":"EntryPoint","urlTemplate":"https:\/\/internacional.umh.es\/en\/?s={search_term_string}"},"query-input":"required name=search_term_string"}],"inLanguage":"ca"},{"@type":"WebPage","@id":"https:\/\/internacional.umh.es\/ca\/cooperacion-y-voluntariado\/convocatorias\/#webpage","url":"https:\/\/internacional.umh.es\/ca\/cooperacion-y-voluntariado\/convocatorias\/","name":"Convocat\u00f2ries - Internacionalitzaci\u00f3 i Cooperaci\u00f3","isPartOf":{"@id":"https:\/\/internacional.umh.es\/en\/#website"},"datePublished":"2018-10-25T12:55:10+00:00","dateModified":"2025-05-23T07:46:16+00:00","description":"La UMH desarrolla convocatorias puestas en marcha por el Vicerrectorado de Internacionalizaci\u00f3n y Cooperaci\u00f3n en sobre diversas tem\u00e1ticas.","breadcrumb":{"@id":"https:\/\/internacional.umh.es\/ca\/cooperacion-y-voluntariado\/convocatorias\/#breadcrumb"},"inLanguage":"ca","potentialAction":[{"@type":"ReadAction","target":["https:\/\/internacional.umh.es\/ca\/cooperacion-y-voluntariado\/convocatorias\/"]}]},{"@type":"BreadcrumbList","@id":"https:\/\/internacional.umh.es\/ca\/cooperacion-y-voluntariado\/convocatorias\/#breadcrumb","itemListElement":[{"@type":"ListItem","position":1,"name":"Home","item":"https:\/\/internacional.umh.es\/en\/"},{"@type":"ListItem","position":2,"name":"COOPERACI\u00d3 I VOLUNTARIAT","item":"https:\/\/internacional.umh.es\/ca\/cooperacion-y-voluntariado\/"},{"@type":"ListItem","position":3,"name":"Convocat\u00f2ries"}]}]}},"_links":{"self":[{"href":"https:\/\/internacional.umh.es\/ca\/wp-json\/wp\/v2\/pages\/8048"}],"collection":[{"href":"https:\/\/internacional.umh.es\/ca\/wp-json\/wp\/v2\/pages"}],"about":[{"href":"https:\/\/internacional.umh.es\/ca\/wp-json\/wp\/v2\/types\/page"}],"author":[{"embeddable":true,"href":"https:\/\/internacional.umh.es\/ca\/wp-json\/wp\/v2\/users\/4274"}],"replies":[{"embeddable":true,"href":"https:\/\/internacional.umh.es\/ca\/wp-json\/wp\/v2\/comments?post=8048"}],"version-history":[{"count":0,"href":"https:\/\/internacional.umh.es\/ca\/wp-json\/wp\/v2\/pages\/8048\/revisions"}],"up":[{"embeddable":true,"href":"https:\/\/internacional.umh.es\/ca\/wp-json\/wp\/v2\/pages\/3982"}],"wp:attachment":[{"href":"https:\/\/internacional.umh.es\/ca\/wp-json\/wp\/v2\/media?parent=8048"}],"curies":[{"name":"wp","href":"https:\/\/api.w.org\/{rel}","templated":true}]}}