{"id":886,"date":"2012-11-23T12:17:40","date_gmt":"2012-11-23T11:17:40","guid":{"rendered":"http:\/\/internacional.umh.es\/presentacion\/who\/unidad-de-internacionalizacion\/"},"modified":"2024-09-06T13:29:35","modified_gmt":"2024-09-06T11:29:35","slug":"internacionalizacion","status":"publish","type":"page","link":"https:\/\/internacional.umh.es\/ca\/conocenos\/servicio-de-relaciones-internacionales-cooperacion-al-desarrollo-y-voluntariado\/internacionalizacion\/","title":{"rendered":"Internacionalitzaci\u00f3"},"content":{"rendered":"<p><\/p>\n<p style=\"text-align: justify\">La Unitat d&#8217;Internacionalitzaci\u00f3 serveix de suport al <a href=\"https:\/\/www.umh.es\/contenido\/Universidad\/:uor_1798\/datos_val.html\" rel=\"noopener\" target=\"_blank\" title=\"Ho veur\u00e0s en una nova finestra\">Vicerectorat d&#8217;Internacionalitzaci\u00f3 i Cooperaci\u00f3<\/a> en accions estrat\u00e8giques per a potenciar la visibilitat i la projecci\u00f3 internacional de la UMH, atraure estudiants i personal docent i investigador d&#8217;universitats estrangeres de prestigi i facilitar la participaci\u00f3 de la comunitat universit\u00e0ria en <a href=\"https:\/\/internacional.umh.es\/ca\/movilidad\/\" title=\"Coneix amb detall les convocat\u00f2ries obertes per a estudiants, PDI i PAS\">programes de mobilitat internacional<\/a>.<\/p>\n<h3><strong>Funcions:<\/strong><\/h3>\n<ul>\n<li>Identificar i realitzar el seguiment d&#8217;oportunitats per a donar suport a la pol\u00edtica d&#8217;internacionalitzaci\u00f3 de la UMH.<\/li>\n<li>Coordinar les accions transversals per a l&#8217;establiment de les accions estrat\u00e8giques d&#8217;internacionalitzaci\u00f3.<\/li>\n<li>Informar i assessorar la comunitat universit\u00e0ria sobre convocat\u00f2ries i accions en l&#8217;\u00e0mbit de les relacions transnacionals, la cooperaci\u00f3 internacional i els programes acad\u00e8mics conjunts.<\/li>\n<li>Gestionar les convocat\u00f2ries d&#8217;ajudes de mobilitat internacional per al PDI i el PAS.<\/li>\n<\/ul>\n<p><\/p>\n<h4><strong>Contacte:<\/strong><\/h4>\n<ul>\n<li>Ursula Kress Mattis<\/li>\n<li>El\u00edas Poveda Guill\u00f3<\/li>\n<li>Juan Jos\u00e9 Torres Gonz\u00e1lez<\/li>\n<\/ul>\n<p><\/p>\n<h5><strong>Servei de Relacions Internacionals, Cooperaci\u00f3 al Desenvolupament i Voluntariat<\/strong><\/h5>\n<p><strong>Ubicaci\u00f3<\/strong><br \/>\nEdifici La G\u00e0l\u00b7lia, primera planta<br \/>\nUniversitat Miguel Hern\u00e1ndez d&#8217;Elx<br \/>\nAvinguda de la Universitat, s\/n \u2013 03202 Elx \u2013 Espanya<br \/>\nTel\u00e8fons: +34 96 665 8667 \/ +34 96 665 8705<br \/>\n<a href=\"mailto:internacional@umh.es\" title=\"Ho veur\u00e0s en una nova finestra\" target=\"_blank\" rel=\"noopener\">internacional@umh.es<\/a><\/p>","protected":false},"excerpt":{"rendered":"<p>La Unitat d&#8217;Internacionalitzaci\u00f3 serveix de suport al Vicerectorat d&#8217;Internacionalitzaci\u00f3 i Cooperaci\u00f3 en accions estrat\u00e8giques per a potenciar la visibilitat i la projecci\u00f3 internacional de la UMH, atraure estudiants i personal docent i investigador d&#8217;universitats estrangeres de prestigi i facilitar la participaci\u00f3 de la comunitat universit\u00e0ria en programes de mobilitat internacional.<br \/>\nFuncions:<\/p>\n<p>Identificar i realitzar el seguiment d&#8217;oportunitats [&#8230;]<\/p>\n","protected":false},"author":30,"featured_media":0,"parent":2524,"menu_order":3,"comment_status":"closed","ping_status":"closed","template":"","meta":{"ngg_post_thumbnail":0,"_links_to":"","_links_to_target":""},"yoast_head":"<!-- This site is optimized with the Yoast SEO plugin v17.5 - https:\/\/yoast.com\/wordpress\/plugins\/seo\/ -->\n<meta name=\"description\" content=\"La Unidad de Internacionalizaci\u00f3n apoya al Vicerrectorado Relaciones Internacionales en acciones de visibilidad y proyecci\u00f3n internacional\" \/>\n<meta name=\"robots\" content=\"index, follow, max-snippet:-1, max-image-preview:large, max-video-preview:-1\" \/>\n<link rel=\"canonical\" href=\"https:\/\/internacional.umh.es\/ca\/conocenos\/servicio-de-relaciones-internacionales-cooperacion-al-desarrollo-y-voluntariado\/internacionalizacion\/\" \/>\n<meta property=\"og:locale\" content=\"ca_ES\" \/>\n<meta property=\"og:type\" content=\"article\" \/>\n<meta property=\"og:title\" content=\"Internacionalitzaci\u00f3 - Internacionalitzaci\u00f3 i Cooperaci\u00f3\" \/>\n<meta property=\"og:description\" content=\"La Unidad de Internacionalizaci\u00f3n apoya al Vicerrectorado Relaciones Internacionales en acciones de visibilidad y proyecci\u00f3n internacional\" \/>\n<meta property=\"og:url\" content=\"https:\/\/internacional.umh.es\/en\/conocenos\/servicio-de-relaciones-internacionales-cooperacion-al-desarrollo-y-voluntariado\/internacionalizacion\/\" \/>\n<meta property=\"og:site_name\" content=\"Internacionalitzaci\u00f3 i Cooperaci\u00f3\" \/>\n<meta property=\"article:modified_time\" content=\"2024-09-06T11:29:35+00:00\" \/>\n<meta name=\"twitter:card\" content=\"summary_large_image\" \/>\n<meta name=\"twitter:label1\" content=\"Est. reading time\" \/>\n\t<meta name=\"twitter:data1\" content=\"1 minut\" \/>\n<script type=\"application\/ld+json\" class=\"yoast-schema-graph\">{\"@context\":\"https:\/\/schema.org\",\"@graph\":[{\"@type\":\"WebSite\",\"@id\":\"https:\/\/internacional.umh.es\/en\/#website\",\"url\":\"https:\/\/internacional.umh.es\/en\/\",\"name\":\"Internacionalitzaci\\u00f3 i Cooperaci\\u00f3\",\"description\":\"Universitat Miguel Hern\\u00e1ndez d&#039;Elx\",\"potentialAction\":[{\"@type\":\"SearchAction\",\"target\":{\"@type\":\"EntryPoint\",\"urlTemplate\":\"https:\/\/internacional.umh.es\/en\/?s={search_term_string}\"},\"query-input\":\"required name=search_term_string\"}],\"inLanguage\":\"ca\"},{\"@type\":\"WebPage\",\"@id\":\"https:\/\/internacional.umh.es\/en\/conocenos\/servicio-de-relaciones-internacionales-cooperacion-al-desarrollo-y-voluntariado\/internacionalizacion\/#webpage\",\"url\":\"https:\/\/internacional.umh.es\/en\/conocenos\/servicio-de-relaciones-internacionales-cooperacion-al-desarrollo-y-voluntariado\/internacionalizacion\/\",\"name\":\"Internacionalitzaci\\u00f3 - Internacionalitzaci\\u00f3 i Cooperaci\\u00f3\",\"isPartOf\":{\"@id\":\"https:\/\/internacional.umh.es\/en\/#website\"},\"datePublished\":\"2012-11-23T11:17:40+00:00\",\"dateModified\":\"2024-09-06T11:29:35+00:00\",\"description\":\"La Unidad de Internacionalizaci\\u00f3n apoya al Vicerrectorado Relaciones Internacionales en acciones de visibilidad y proyecci\\u00f3n internacional\",\"breadcrumb\":{\"@id\":\"https:\/\/internacional.umh.es\/en\/conocenos\/servicio-de-relaciones-internacionales-cooperacion-al-desarrollo-y-voluntariado\/internacionalizacion\/#breadcrumb\"},\"inLanguage\":\"ca\",\"potentialAction\":[{\"@type\":\"ReadAction\",\"target\":[\"https:\/\/internacional.umh.es\/en\/conocenos\/servicio-de-relaciones-internacionales-cooperacion-al-desarrollo-y-voluntariado\/internacionalizacion\/\"]}]},{\"@type\":\"BreadcrumbList\",\"@id\":\"https:\/\/internacional.umh.es\/en\/conocenos\/servicio-de-relaciones-internacionales-cooperacion-al-desarrollo-y-voluntariado\/internacionalizacion\/#breadcrumb\",\"itemListElement\":[{\"@type\":\"ListItem\",\"position\":1,\"name\":\"Home\",\"item\":\"https:\/\/internacional.umh.es\/en\/\"},{\"@type\":\"ListItem\",\"position\":2,\"name\":\"ABOUT US\",\"item\":\"https:\/\/internacional.umh.es\/en\/conocenos\/\"},{\"@type\":\"ListItem\",\"position\":3,\"name\":\"Service of International Relations and Cooperation\",\"item\":\"https:\/\/internacional.umh.es\/en\/conocenos\/servicio-de-relaciones-internacionales-cooperacion-al-desarrollo-y-voluntariado\/\"},{\"@type\":\"ListItem\",\"position\":4,\"name\":\"Internationalization\"}]}]}<\/script>\n<!-- \/ Yoast SEO plugin. -->","yoast_head_json":{"description":"La Unidad de Internacionalizaci\u00f3n apoya al Vicerrectorado Relaciones Internacionales en acciones de visibilidad y proyecci\u00f3n internacional","robots":{"index":"index","follow":"follow","max-snippet":"max-snippet:-1","max-image-preview":"max-image-preview:large","max-video-preview":"max-video-preview:-1"},"canonical":"https:\/\/internacional.umh.es\/ca\/conocenos\/servicio-de-relaciones-internacionales-cooperacion-al-desarrollo-y-voluntariado\/internacionalizacion\/","og_locale":"ca_ES","og_type":"article","og_title":"Internacionalitzaci\u00f3 - Internacionalitzaci\u00f3 i Cooperaci\u00f3","og_description":"La Unidad de Internacionalizaci\u00f3n apoya al Vicerrectorado Relaciones Internacionales en acciones de visibilidad y proyecci\u00f3n internacional","og_url":"https:\/\/internacional.umh.es\/en\/conocenos\/servicio-de-relaciones-internacionales-cooperacion-al-desarrollo-y-voluntariado\/internacionalizacion\/","og_site_name":"Internacionalitzaci\u00f3 i Cooperaci\u00f3","article_modified_time":"2024-09-06T11:29:35+00:00","twitter_card":"summary_large_image","twitter_misc":{"Est. reading time":"1 minut"},"schema":{"@context":"https:\/\/schema.org","@graph":[{"@type":"WebSite","@id":"https:\/\/internacional.umh.es\/en\/#website","url":"https:\/\/internacional.umh.es\/en\/","name":"Internacionalitzaci\u00f3 i Cooperaci\u00f3","description":"Universitat Miguel Hern\u00e1ndez d&#039;Elx","potentialAction":[{"@type":"SearchAction","target":{"@type":"EntryPoint","urlTemplate":"https:\/\/internacional.umh.es\/en\/?s={search_term_string}"},"query-input":"required name=search_term_string"}],"inLanguage":"ca"},{"@type":"WebPage","@id":"https:\/\/internacional.umh.es\/en\/conocenos\/servicio-de-relaciones-internacionales-cooperacion-al-desarrollo-y-voluntariado\/internacionalizacion\/#webpage","url":"https:\/\/internacional.umh.es\/en\/conocenos\/servicio-de-relaciones-internacionales-cooperacion-al-desarrollo-y-voluntariado\/internacionalizacion\/","name":"Internacionalitzaci\u00f3 - Internacionalitzaci\u00f3 i Cooperaci\u00f3","isPartOf":{"@id":"https:\/\/internacional.umh.es\/en\/#website"},"datePublished":"2012-11-23T11:17:40+00:00","dateModified":"2024-09-06T11:29:35+00:00","description":"La Unidad de Internacionalizaci\u00f3n apoya al Vicerrectorado Relaciones Internacionales en acciones de visibilidad y proyecci\u00f3n internacional","breadcrumb":{"@id":"https:\/\/internacional.umh.es\/en\/conocenos\/servicio-de-relaciones-internacionales-cooperacion-al-desarrollo-y-voluntariado\/internacionalizacion\/#breadcrumb"},"inLanguage":"ca","potentialAction":[{"@type":"ReadAction","target":["https:\/\/internacional.umh.es\/en\/conocenos\/servicio-de-relaciones-internacionales-cooperacion-al-desarrollo-y-voluntariado\/internacionalizacion\/"]}]},{"@type":"BreadcrumbList","@id":"https:\/\/internacional.umh.es\/en\/conocenos\/servicio-de-relaciones-internacionales-cooperacion-al-desarrollo-y-voluntariado\/internacionalizacion\/#breadcrumb","itemListElement":[{"@type":"ListItem","position":1,"name":"Home","item":"https:\/\/internacional.umh.es\/en\/"},{"@type":"ListItem","position":2,"name":"ABOUT US","item":"https:\/\/internacional.umh.es\/en\/conocenos\/"},{"@type":"ListItem","position":3,"name":"Service of International Relations and Cooperation","item":"https:\/\/internacional.umh.es\/en\/conocenos\/servicio-de-relaciones-internacionales-cooperacion-al-desarrollo-y-voluntariado\/"},{"@type":"ListItem","position":4,"name":"Internationalization"}]}]}},"_links":{"self":[{"href":"https:\/\/internacional.umh.es\/ca\/wp-json\/wp\/v2\/pages\/886"}],"collection":[{"href":"https:\/\/internacional.umh.es\/ca\/wp-json\/wp\/v2\/pages"}],"about":[{"href":"https:\/\/internacional.umh.es\/ca\/wp-json\/wp\/v2\/types\/page"}],"author":[{"embeddable":true,"href":"https:\/\/internacional.umh.es\/ca\/wp-json\/wp\/v2\/users\/30"}],"replies":[{"embeddable":true,"href":"https:\/\/internacional.umh.es\/ca\/wp-json\/wp\/v2\/comments?post=886"}],"version-history":[{"count":0,"href":"https:\/\/internacional.umh.es\/ca\/wp-json\/wp\/v2\/pages\/886\/revisions"}],"up":[{"embeddable":true,"href":"https:\/\/internacional.umh.es\/ca\/wp-json\/wp\/v2\/pages\/2524"}],"wp:attachment":[{"href":"https:\/\/internacional.umh.es\/ca\/wp-json\/wp\/v2\/media?parent=886"}],"curies":[{"name":"wp","href":"https:\/\/api.w.org\/{rel}","templated":true}]}}