{"id":9665,"date":"2019-01-21T17:15:25","date_gmt":"2019-01-21T16:15:25","guid":{"rendered":"https:\/\/internacional.umh.es\/?page_id=9665"},"modified":"2026-02-23T13:26:41","modified_gmt":"2026-02-23T12:26:41","slug":"como-solicitar-proyectos-erasmus","status":"publish","type":"page","link":"https:\/\/internacional.umh.es\/ca\/internacionalizacion\/proyectos\/como-solicitar-proyectos-erasmus\/","title":{"rendered":"Com sol\u00b7licitar Projectes Erasmus+"},"content":{"rendered":"<p><img loading=\"lazy\" class=\"wp-image-17289 alignnone\" title=\"Projectes Erasmus+ desenvolupats en la UMH\" src=\"https:\/\/internacional.umh.es\/files\/2020\/11\/logo-erasmus-plus-300x61.png\" alt=\"Erasmus+ logo\" width=\"261\" height=\"53\" srcset=\"https:\/\/internacional.umh.es\/files\/2020\/11\/logo-erasmus-plus-300x61.png 300w, https:\/\/internacional.umh.es\/files\/2020\/11\/logo-erasmus-plus-768x156.png 768w, https:\/\/internacional.umh.es\/files\/2020\/11\/logo-erasmus-plus-1024x209.png 1024w, https:\/\/internacional.umh.es\/files\/2020\/11\/logo-erasmus-plus.png 1758w\" sizes=\"(max-width: 261px) 100vw, 261px\" \/>&nbsp;<img loading=\"lazy\" class=\"wp-image-17766 alignright\" title=\"Els projectes estan cofinan\u00e7ats pel programa Erasmus+ de la Uni\u00f3 Europea\" src=\"https:\/\/internacional.umh.es\/files\/2021\/01\/logo-cofinanciado-ue-300x69.png\" alt=\"Cofinan\u00e7at pel programa Erasmus+ de la Uni\u00f3 Europea programa bot\u00f3\" width=\"232\" height=\"53\" srcset=\"https:\/\/internacional.umh.es\/files\/2021\/01\/logo-cofinanciado-ue-300x69.png 300w, https:\/\/internacional.umh.es\/files\/2021\/01\/logo-cofinanciado-ue.png 512w\" sizes=\"(max-width: 232px) 100vw, 232px\" \/><\/p>\n<p style=\"text-align: justify\">El Servei de Relacions Internacionals, Cooperaci\u00f3 al Desenvolupament i Voluntariat, que dep\u00e9n org\u00e0nicament del <a href=\"https:\/\/www.umh.es\/contenido\/Universidad\/:uor_1798\/datos_val.html\" rel=\"noopener\" title=\"Ho veur\u00e0s en una nova finestra\" target=\"_blank\">Vicerectorat de Relacions Internacionals<\/a>, centralitza la gesti\u00f3 dels projectes europeus Erasmus KA2; per aix\u00f2 ofereix els seg\u00fcents serveis:<\/p>\n<ol style=\"text-align: justify\">\n<li><strong>Informaci\u00f3 dels programes<\/strong><\/li>\n<li><strong>Suport a la preparaci\u00f3 de propostes<\/strong><\/li>\n<li><strong>Assist\u00e8ncia durant l&#8217;execuci\u00f3 del projecte<\/strong><\/li>\n<li><strong>Assist\u00e8ncia en la justificaci\u00f3 del projecte<\/strong><\/li>\n<\/ol>\n<p style=\"text-align: justify\">La Universitat pot participar com a <strong>Coordinadora o S\u00f2cia<\/strong> d&#8217;un projecte europeu juntament amb altres entitats de diferents pa\u00efsos.<\/p>\n<p style=\"text-align: justify\">Per a poder donar resposta en termini a aquestes sol\u00b7licituds \u00e9s necessari que els professors seguisquen els seg\u00fcents passos:<\/p>\n<ul>\n<li>Els professors de la Universitat interessats a realitzar un projecte contacten amb el SRICDYV, des del qual se&#8217;ls informa del programa que millor s&#8217;ajusta al seu projecte.<\/li>\n<li>Mentre es va definint el projecte \u00e9s necessari emplenar la <a href=\"https:\/\/forms.gle\/6d9241pep19ghKai9\" target=\"_blank\" title=\"Ho veur\u00e0s en una nova finestra\" rel=\"noopener\">fitxa inicial del projecte sol\u00b7licitat<\/a>. (<a href=\"https:\/\/internacional.umh.es\/files\/2023\/02\/Ficha-del-proyecto-solicitado.pdf\" target=\"_blank\" title=\"Ho veur\u00e0s en una nova finestra\" rel=\"noopener\">Fitxa completa en .pdf per a la seua consulta)<\/a><\/li>\n<li>A continuaci\u00f3, quan es dispose de totes les dades, s&#8217;ha d&#8217;emplenar la <a href=\"https:\/\/forms.gle\/4KwoXcBYqAbLRdaaA\" target=\"_blank\" title=\"Ho veur\u00e0s en una nova finestra\" rel=\"noopener\">fitxa completa<\/a> i el comprom\u00eds signat dels participants de la UMH:\n<ul>\n<li><a title=\"Desc\u00e0rrega l'arxiu en una nova finestra\" href=\"https:\/\/internacional.umh.es\/files\/2021\/03\/02_Modelo-compromiso-20210318.doc\" target=\"_blank\" rel=\"noopener noreferrer\">Desc\u00e0rrega el Model de comprom\u00eds com a participants (238Kb .docx)<\/a><\/li>\n<li><a title=\"Desc\u00e0rrega l'arxiu en una nova finestra\" href=\"https:\/\/internacional.umh.es\/files\/2021\/03\/02_Modelo-compromiso-20210318-coordinador-en-el-caso-de-cofinanciaci\u00f3n.doc\" target=\"_blank\" rel=\"noopener noreferrer\">Desc\u00e0rrega el Model de comprom\u00eds com a coordinadors (361Kb .docx)<\/a><\/li>\n<\/ul>\n<\/li>\n<\/ul>\n<p><strong>Informaci\u00f3 a tindre en compte:<\/strong><\/p>\n<ol style=\"text-align: justify\">\n<li style=\"text-align: justify\">El SRICDYV revisar\u00e0 i recaptar\u00e0 la signatura del Vicerector de Relacions Internacionals en els documents a entregar per a la <strong>Sol\u00b7licitud<\/strong> tant com soci com coordinador, s&#8217;hauran de rebre els documents per a la signatura del Vicerector de Relacions Internacionals 1 setmana abans del termini de lliurament en el SEPIE o Comissi\u00f3 Europea.<\/li>\n<li style=\"text-align: justify\">Si la sol\u00b7licitud resulta finan\u00e7ada, despr\u00e9s de la signatura del <strong>conveni de subvenci\u00f3<\/strong> ser\u00e0 necessari que el coordinador formalitze acords amb els socis del projecte que detallen els compromisos i la distribuci\u00f3 de les tasques, responsabilitats i el pressupost que acorden, una vegada conegut el pressupost concedit despr\u00e9s de l&#8217;avaluaci\u00f3 de la proposta.<\/li>\n<li style=\"text-align: justify\">L&#8217;IP haur\u00e0 d&#8217;enviar al SRICDYV el <strong>projecte definitiu<\/strong>.<\/li>\n<li style=\"text-align: justify\">El SRICDYV obrir\u00e0 <strong>centre de despesa<\/strong>, informar\u00e0 per correu electr\u00f2nic a l&#8217;IP, al Director del Departament\/Institut, al Coordinador de Campus i a l&#8217;administratiu corresponent del departament\/institut del qual depenga l&#8217;IP, al qual se li donar\u00e0 acc\u00e9s a aquest centre de despesa perqu\u00e8 impute les despeses.<\/li>\n<li style=\"text-align: justify\">El SRICDYV comunicar\u00e0 al Servei d&#8217;Informaci\u00f3 Comptable que s&#8217;est\u00e0 esperant un ingr\u00e9s de la instituci\u00f3 coordinadora.<\/li>\n<li style=\"text-align: justify\">El SRICDYV assessorar\u00e0 sobre les despeses subvencionables del projecte.<\/li>\n<li style=\"text-align: justify\">La gesti\u00f3 econ\u00f2mica dependr\u00e0 de l&#8217;administratiu del departament\/institut, signant l&#8217;IP els documents comptables.<\/li>\n<li style=\"text-align: justify\">\u00danicament, en el cas dels <strong>pagaments a personal propi<\/strong> que es realitzen hauran de portar signatura de l&#8217;IP i V\u00baB\u00ba del Vicerector de Relacions Internacionals, per aix\u00f2, l&#8217;IP haur\u00e0 d&#8217;enviar-lo al SRICDYV per a revisar i recaptar la signatura.<\/li>\n<li style=\"text-align: justify\">El SRICDYV comunicar\u00e0 els terminis perqu\u00e8 l&#8217;IP entregue els <strong>Informes intermedis i Informes de progr\u00e9s\/t\u00e8cnics) <\/strong>i sol\u00b7licitar\u00e0 una breu informaci\u00f3 per a portar un seguiment del projecte.<\/li>\n<li style=\"text-align: justify\">El SRICDYV facilitar\u00e0 els documents a entregar segons la mena de programa i altres documents necessaris per al seguiment i correcta justificaci\u00f3 dels projectes com per exemple els <strong>time sheet, n\u00f2mines, etc.<\/strong><\/li>\n<li style=\"text-align: justify\">Per a la justificaci\u00f3 dels projectes, el SRICDYV necessitar\u00e0 la <strong>mem\u00f2ria econ\u00f2mica<\/strong> amb la relaci\u00f3 de les despeses juntament amb la c\u00f2pia dels documents comptables imputats i les seues factures.<\/li>\n<li style=\"text-align: justify\">L&#8217;IP haur\u00e0 d&#8217;informar el SRICDYV de cadascun de cadascuna de les gestions que es realitze sobre el projecte aix\u00ed com els canvis que es puguen produir de la formulaci\u00f3 inicial.<\/li>\n<\/ol>\n<p>&nbsp;<\/p>","protected":false},"excerpt":{"rendered":"<p>&nbsp;<br \/>\nEl Servei de Relacions Internacionals, Cooperaci\u00f3 al Desenvolupament i Voluntariat, que dep\u00e9n org\u00e0nicament del Vicerectorat de Relacions Internacionals, centralitza la gesti\u00f3 dels projectes europeus Erasmus KA2; per aix\u00f2 ofereix els seg\u00fcents serveis:<\/p>\n<p>Informaci\u00f3 dels programes<br \/>\nSuport a la preparaci\u00f3 de propostes<br \/>\nAssist\u00e8ncia durant l&#8217;execuci\u00f3 del projecte<br \/>\nAssist\u00e8ncia en la justificaci\u00f3 del projecte<\/p>\n<p>La Universitat pot participar com a Coordinadora o [&#8230;]<\/p>\n","protected":false},"author":32,"featured_media":0,"parent":5732,"menu_order":0,"comment_status":"closed","ping_status":"closed","template":"","meta":{"ngg_post_thumbnail":0,"_links_to":"","_links_to_target":""},"yoast_head":"<!-- This site is optimized with the Yoast SEO plugin v17.5 - https:\/\/yoast.com\/wordpress\/plugins\/seo\/ -->\n<meta name=\"description\" content=\"El Servicio de Relaciones Internacionales, Cooperaci\u00f3n al Desarrollo y Voluntariado\u00a0gestiona c\u00f3mo solicitar proyectos Erasmus+ en la UMH.\" \/>\n<meta name=\"robots\" content=\"index, follow, max-snippet:-1, max-image-preview:large, max-video-preview:-1\" \/>\n<link rel=\"canonical\" href=\"https:\/\/internacional.umh.es\/ca\/internacionalizacion\/proyectos\/como-solicitar-proyectos-erasmus\/\" \/>\n<meta property=\"og:locale\" content=\"ca_ES\" \/>\n<meta property=\"og:type\" content=\"article\" \/>\n<meta property=\"og:title\" content=\"Com sol\u00b7licitar Projectes Erasmus+ - Internacionalitzaci\u00f3 i Cooperaci\u00f3\" \/>\n<meta property=\"og:description\" content=\"El Servicio de Relaciones Internacionales, Cooperaci\u00f3n al Desarrollo y Voluntariado\u00a0gestiona c\u00f3mo solicitar proyectos Erasmus+ en la UMH.\" \/>\n<meta property=\"og:url\" content=\"https:\/\/internacional.umh.es\/internacionalizacion\/proyectos\/como-solicitar-proyectos-erasmus\/\" \/>\n<meta property=\"og:site_name\" content=\"Internacionalitzaci\u00f3 i Cooperaci\u00f3\" \/>\n<meta property=\"article:modified_time\" content=\"2026-02-23T12:26:41+00:00\" \/>\n<meta property=\"og:image\" content=\"https:\/\/internacional.umh.es\/files\/2020\/11\/logo-erasmus-plus-300x61.png\" \/>\n<meta name=\"twitter:card\" content=\"summary_large_image\" \/>\n<meta name=\"twitter:label1\" content=\"Est. reading time\" \/>\n\t<meta name=\"twitter:data1\" content=\"3 minuts\" \/>\n<script type=\"application\/ld+json\" class=\"yoast-schema-graph\">{\"@context\":\"https:\/\/schema.org\",\"@graph\":[{\"@type\":\"WebSite\",\"@id\":\"https:\/\/internacional.umh.es\/en\/#website\",\"url\":\"https:\/\/internacional.umh.es\/en\/\",\"name\":\"Internacionalitzaci\\u00f3 i Cooperaci\\u00f3\",\"description\":\"Universitat Miguel Hern\\u00e1ndez d&#039;Elx\",\"potentialAction\":[{\"@type\":\"SearchAction\",\"target\":{\"@type\":\"EntryPoint\",\"urlTemplate\":\"https:\/\/internacional.umh.es\/en\/?s={search_term_string}\"},\"query-input\":\"required name=search_term_string\"}],\"inLanguage\":\"ca\"},{\"@type\":\"ImageObject\",\"@id\":\"https:\/\/internacional.umh.es\/internacionalizacion\/proyectos\/como-solicitar-proyectos-erasmus\/#primaryimage\",\"inLanguage\":\"ca\",\"url\":\"https:\/\/internacional.umh.es\/files\/2020\/11\/logo-erasmus-plus.png\",\"contentUrl\":\"https:\/\/internacional.umh.es\/files\/2020\/11\/logo-erasmus-plus.png\",\"width\":1758,\"height\":358,\"caption\":\"Logo Erasmus+\"},{\"@type\":\"WebPage\",\"@id\":\"https:\/\/internacional.umh.es\/internacionalizacion\/proyectos\/como-solicitar-proyectos-erasmus\/#webpage\",\"url\":\"https:\/\/internacional.umh.es\/internacionalizacion\/proyectos\/como-solicitar-proyectos-erasmus\/\",\"name\":\"Com sol\\u00b7licitar Projectes Erasmus+ - Internacionalitzaci\\u00f3 i Cooperaci\\u00f3\",\"isPartOf\":{\"@id\":\"https:\/\/internacional.umh.es\/en\/#website\"},\"primaryImageOfPage\":{\"@id\":\"https:\/\/internacional.umh.es\/internacionalizacion\/proyectos\/como-solicitar-proyectos-erasmus\/#primaryimage\"},\"datePublished\":\"2019-01-21T16:15:25+00:00\",\"dateModified\":\"2026-02-23T12:26:41+00:00\",\"description\":\"El Servicio de Relaciones Internacionales, Cooperaci\\u00f3n al Desarrollo y Voluntariado\\u00a0gestiona c\\u00f3mo solicitar proyectos Erasmus+ en la UMH.\",\"breadcrumb\":{\"@id\":\"https:\/\/internacional.umh.es\/internacionalizacion\/proyectos\/como-solicitar-proyectos-erasmus\/#breadcrumb\"},\"inLanguage\":\"ca\",\"potentialAction\":[{\"@type\":\"ReadAction\",\"target\":[\"https:\/\/internacional.umh.es\/internacionalizacion\/proyectos\/como-solicitar-proyectos-erasmus\/\"]}]},{\"@type\":\"BreadcrumbList\",\"@id\":\"https:\/\/internacional.umh.es\/internacionalizacion\/proyectos\/como-solicitar-proyectos-erasmus\/#breadcrumb\",\"itemListElement\":[{\"@type\":\"ListItem\",\"position\":1,\"name\":\"Home\",\"item\":\"https:\/\/internacional.umh.es\/en\/\"},{\"@type\":\"ListItem\",\"position\":2,\"name\":\"INTERNATIONALIZATION\",\"item\":\"https:\/\/internacional.umh.es\/en\/internacionalizacion\/\"},{\"@type\":\"ListItem\",\"position\":3,\"name\":\"Proyectos\",\"item\":\"https:\/\/internacional.umh.es\/internacionalizacion\/proyectos\/\"},{\"@type\":\"ListItem\",\"position\":4,\"name\":\"C\\u00f3mo solicitar Proyectos Erasmus+\"}]}]}<\/script>\n<!-- \/ Yoast SEO plugin. -->","yoast_head_json":{"description":"El Servicio de Relaciones Internacionales, Cooperaci\u00f3n al Desarrollo y Voluntariado\u00a0gestiona c\u00f3mo solicitar proyectos Erasmus+ en la UMH.","robots":{"index":"index","follow":"follow","max-snippet":"max-snippet:-1","max-image-preview":"max-image-preview:large","max-video-preview":"max-video-preview:-1"},"canonical":"https:\/\/internacional.umh.es\/ca\/internacionalizacion\/proyectos\/como-solicitar-proyectos-erasmus\/","og_locale":"ca_ES","og_type":"article","og_title":"Com sol\u00b7licitar Projectes Erasmus+ - Internacionalitzaci\u00f3 i Cooperaci\u00f3","og_description":"El Servicio de Relaciones Internacionales, Cooperaci\u00f3n al Desarrollo y Voluntariado\u00a0gestiona c\u00f3mo solicitar proyectos Erasmus+ en la UMH.","og_url":"https:\/\/internacional.umh.es\/internacionalizacion\/proyectos\/como-solicitar-proyectos-erasmus\/","og_site_name":"Internacionalitzaci\u00f3 i Cooperaci\u00f3","article_modified_time":"2026-02-23T12:26:41+00:00","og_image":[{"url":"https:\/\/internacional.umh.es\/files\/2020\/11\/logo-erasmus-plus-300x61.png"}],"twitter_card":"summary_large_image","twitter_misc":{"Est. reading time":"3 minuts"},"schema":{"@context":"https:\/\/schema.org","@graph":[{"@type":"WebSite","@id":"https:\/\/internacional.umh.es\/en\/#website","url":"https:\/\/internacional.umh.es\/en\/","name":"Internacionalitzaci\u00f3 i Cooperaci\u00f3","description":"Universitat Miguel Hern\u00e1ndez d&#039;Elx","potentialAction":[{"@type":"SearchAction","target":{"@type":"EntryPoint","urlTemplate":"https:\/\/internacional.umh.es\/en\/?s={search_term_string}"},"query-input":"required name=search_term_string"}],"inLanguage":"ca"},{"@type":"ImageObject","@id":"https:\/\/internacional.umh.es\/internacionalizacion\/proyectos\/como-solicitar-proyectos-erasmus\/#primaryimage","inLanguage":"ca","url":"https:\/\/internacional.umh.es\/files\/2020\/11\/logo-erasmus-plus.png","contentUrl":"https:\/\/internacional.umh.es\/files\/2020\/11\/logo-erasmus-plus.png","width":1758,"height":358,"caption":"Logo Erasmus+"},{"@type":"WebPage","@id":"https:\/\/internacional.umh.es\/internacionalizacion\/proyectos\/como-solicitar-proyectos-erasmus\/#webpage","url":"https:\/\/internacional.umh.es\/internacionalizacion\/proyectos\/como-solicitar-proyectos-erasmus\/","name":"Com sol\u00b7licitar Projectes Erasmus+ - Internacionalitzaci\u00f3 i Cooperaci\u00f3","isPartOf":{"@id":"https:\/\/internacional.umh.es\/en\/#website"},"primaryImageOfPage":{"@id":"https:\/\/internacional.umh.es\/internacionalizacion\/proyectos\/como-solicitar-proyectos-erasmus\/#primaryimage"},"datePublished":"2019-01-21T16:15:25+00:00","dateModified":"2026-02-23T12:26:41+00:00","description":"El Servicio de Relaciones Internacionales, Cooperaci\u00f3n al Desarrollo y Voluntariado\u00a0gestiona c\u00f3mo solicitar proyectos Erasmus+ en la UMH.","breadcrumb":{"@id":"https:\/\/internacional.umh.es\/internacionalizacion\/proyectos\/como-solicitar-proyectos-erasmus\/#breadcrumb"},"inLanguage":"ca","potentialAction":[{"@type":"ReadAction","target":["https:\/\/internacional.umh.es\/internacionalizacion\/proyectos\/como-solicitar-proyectos-erasmus\/"]}]},{"@type":"BreadcrumbList","@id":"https:\/\/internacional.umh.es\/internacionalizacion\/proyectos\/como-solicitar-proyectos-erasmus\/#breadcrumb","itemListElement":[{"@type":"ListItem","position":1,"name":"Home","item":"https:\/\/internacional.umh.es\/en\/"},{"@type":"ListItem","position":2,"name":"INTERNATIONALIZATION","item":"https:\/\/internacional.umh.es\/en\/internacionalizacion\/"},{"@type":"ListItem","position":3,"name":"Proyectos","item":"https:\/\/internacional.umh.es\/internacionalizacion\/proyectos\/"},{"@type":"ListItem","position":4,"name":"C\u00f3mo solicitar Proyectos Erasmus+"}]}]}},"_links":{"self":[{"href":"https:\/\/internacional.umh.es\/ca\/wp-json\/wp\/v2\/pages\/9665"}],"collection":[{"href":"https:\/\/internacional.umh.es\/ca\/wp-json\/wp\/v2\/pages"}],"about":[{"href":"https:\/\/internacional.umh.es\/ca\/wp-json\/wp\/v2\/types\/page"}],"author":[{"embeddable":true,"href":"https:\/\/internacional.umh.es\/ca\/wp-json\/wp\/v2\/users\/32"}],"replies":[{"embeddable":true,"href":"https:\/\/internacional.umh.es\/ca\/wp-json\/wp\/v2\/comments?post=9665"}],"version-history":[{"count":0,"href":"https:\/\/internacional.umh.es\/ca\/wp-json\/wp\/v2\/pages\/9665\/revisions"}],"up":[{"embeddable":true,"href":"https:\/\/internacional.umh.es\/ca\/wp-json\/wp\/v2\/pages\/5732"}],"wp:attachment":[{"href":"https:\/\/internacional.umh.es\/ca\/wp-json\/wp\/v2\/media?parent=9665"}],"curies":[{"name":"wp","href":"https:\/\/api.w.org\/{rel}","templated":true}]}}