{"id":10271,"date":"2019-03-28T10:15:23","date_gmt":"2019-03-28T09:15:23","guid":{"rendered":"https:\/\/internacional.umh.es\/?page_id=10271"},"modified":"2024-01-22T09:29:42","modified_gmt":"2024-01-22T08:29:42","slug":"formacion-en-voluntariado","status":"publish","type":"page","link":"https:\/\/internacional.umh.es\/en\/cooperacion-y-voluntariado\/formacion-en-voluntariado\/","title":{"rendered":"Training and Events"},"content":{"rendered":"<p><\/p>\n<p style=\"text-align: justify\">Universities play a fundamental role in the formation of socially responsible citizens, people who recognize and are committed to the issues and challenges emanating from a globalized world. Consequently, the objective of the <strong>Area of Development Cooperation and Volunteerism at the UMH<\/strong> is to facilitate university community members, especially its students, as well as society in general, with involvement in university development cooperation efforts, and participation as volunteers in its programs and in programs of other organizations from the tertiary sector.<\/p>\n<p style=\"text-align: justify\">The UMH, through its Area of Development Cooperation and Volunteerism, includes among its basic commitments that of raising awareness, not only within the university community, but also throughout its surroundings, in terms of social involvement and development cooperation. In this section, may consult all of the <strong>activities, efforts, workshops, and training efforts<\/strong> by this university\u2019s Area of Development Cooperation and Volunteerism, as well as those of foundations, associations, NGOs, and development NGOs, via which the university and non-university community alike may train with and participate in activities.<\/p>\n<p><a href=\"https:\/\/internacional.umh.es\/en\/cooperacion-y-voluntariado\/formacion-en-voluntariado\/eventos\/\" title=\"Click for further information about events in University Development Cooperation &amp; Volunterism at UMH\"><img loading=\"lazy\" class=\"wp-image-16593 alignnone\" src=\"https:\/\/internacional.umh.es\/files\/2020\/09\/COORDINADORES-DE-MOVILIDAD-1-300x300.png\" alt=\"Events in University Development Cooperation &amp; Volunterism button UMH\" title=\"Click for further information about events in University Development Cooperation &amp; Volunterism at UMH\" width=\"199\" height=\"199\" srcset=\"https:\/\/internacional.umh.es\/files\/2020\/09\/COORDINADORES-DE-MOVILIDAD-1-300x300.png 300w, https:\/\/internacional.umh.es\/files\/2020\/09\/COORDINADORES-DE-MOVILIDAD-1-150x150.png 150w, https:\/\/internacional.umh.es\/files\/2020\/09\/COORDINADORES-DE-MOVILIDAD-1-32x32.png 32w, https:\/\/internacional.umh.es\/files\/2020\/09\/COORDINADORES-DE-MOVILIDAD-1-64x64.png 64w, https:\/\/internacional.umh.es\/files\/2020\/09\/COORDINADORES-DE-MOVILIDAD-1-96x96.png 96w, https:\/\/internacional.umh.es\/files\/2020\/09\/COORDINADORES-DE-MOVILIDAD-1-128x128.png 128w, https:\/\/internacional.umh.es\/files\/2020\/09\/COORDINADORES-DE-MOVILIDAD-1.png 591w\" sizes=\"(max-width: 199px) 100vw, 199px\" \/><\/a><a href=\"https:\/\/internacional.umh.es\/en\/cooperacion-y-voluntariado\/formacion-en-voluntariado\/formacion\/\" title=\"Click for further information about training in University Development Cooperation at UMH\"><img loading=\"lazy\" class=\"wp-image-16590 alignleft\" src=\"https:\/\/internacional.umh.es\/files\/2020\/09\/COORDINADORES-DE-MOVILIDAD-300x300.png\" alt=\"Training in University Development Cooperation button UMH\" title=\"Click for further information about training in University Development Cooperation at UMH\" width=\"197\" height=\"197\" srcset=\"https:\/\/internacional.umh.es\/files\/2020\/09\/COORDINADORES-DE-MOVILIDAD-300x300.png 300w, https:\/\/internacional.umh.es\/files\/2020\/09\/COORDINADORES-DE-MOVILIDAD-150x150.png 150w, https:\/\/internacional.umh.es\/files\/2020\/09\/COORDINADORES-DE-MOVILIDAD-32x32.png 32w, https:\/\/internacional.umh.es\/files\/2020\/09\/COORDINADORES-DE-MOVILIDAD-64x64.png 64w, https:\/\/internacional.umh.es\/files\/2020\/09\/COORDINADORES-DE-MOVILIDAD-96x96.png 96w, https:\/\/internacional.umh.es\/files\/2020\/09\/COORDINADORES-DE-MOVILIDAD-128x128.png 128w, https:\/\/internacional.umh.es\/files\/2020\/09\/COORDINADORES-DE-MOVILIDAD.png 591w\" sizes=\"(max-width: 197px) 100vw, 197px\" \/><\/a><br \/>\n&nbsp;<\/p>","protected":false},"excerpt":{"rendered":"<p>Universities play a fundamental role in the formation of socially responsible citizens, people who recognize and are committed to the issues and challenges emanating from a globalized world. Consequently, the objective of the Area of Development Cooperation and Volunteerism at the UMH is to facilitate university community members, especially its students, as well as society [&#8230;]<\/p>\n","protected":false},"author":32,"featured_media":0,"parent":3982,"menu_order":4,"comment_status":"closed","ping_status":"closed","template":"","meta":{"ngg_post_thumbnail":0,"_links_to":"","_links_to_target":""},"yoast_head":"<!-- This site is optimized with the Yoast SEO plugin v17.5 - https:\/\/yoast.com\/wordpress\/plugins\/seo\/ -->\n<meta name=\"description\" content=\"El \u00c1rea de Cooperaci\u00f3n al Desarrollo y Voluntariado UMH facilita formaci\u00f3n en cooperaci\u00f3n universitaria al desarrollo y voluntariado.\" \/>\n<meta name=\"robots\" content=\"index, follow, max-snippet:-1, max-image-preview:large, max-video-preview:-1\" \/>\n<link rel=\"canonical\" href=\"https:\/\/internacional.umh.es\/en\/cooperacion-y-voluntariado\/formacion-en-voluntariado\/\" \/>\n<meta property=\"og:locale\" content=\"en_US\" \/>\n<meta property=\"og:type\" content=\"article\" \/>\n<meta property=\"og:title\" content=\"Training and Events - International Relations and Cooperation\" \/>\n<meta property=\"og:description\" content=\"El \u00c1rea de Cooperaci\u00f3n al Desarrollo y Voluntariado UMH facilita formaci\u00f3n en cooperaci\u00f3n universitaria al desarrollo y voluntariado.\" \/>\n<meta property=\"og:url\" content=\"https:\/\/internacional.umh.es\/ca\/cooperacion-y-voluntariado\/formacion-en-voluntariado\/\" \/>\n<meta property=\"og:site_name\" content=\"International Relations and Cooperation\" \/>\n<meta property=\"article:modified_time\" content=\"2024-01-22T08:29:42+00:00\" \/>\n<meta property=\"og:image\" content=\"https:\/\/internacional.umh.es\/files\/2020\/09\/COORDINADORES-DE-MOVILIDAD-1-300x300.png\" \/>\n<meta name=\"twitter:card\" content=\"summary_large_image\" \/>\n<meta name=\"twitter:label1\" content=\"Est. reading time\" \/>\n\t<meta name=\"twitter:data1\" content=\"3 minutes\" \/>\n<script type=\"application\/ld+json\" class=\"yoast-schema-graph\">{\"@context\":\"https:\/\/schema.org\",\"@graph\":[{\"@type\":\"WebSite\",\"@id\":\"https:\/\/internacional.umh.es\/en\/#website\",\"url\":\"https:\/\/internacional.umh.es\/en\/\",\"name\":\"International Relations and Cooperation\",\"description\":\"Miguel Hernandez University of Elche\",\"potentialAction\":[{\"@type\":\"SearchAction\",\"target\":{\"@type\":\"EntryPoint\",\"urlTemplate\":\"https:\/\/internacional.umh.es\/en\/?s={search_term_string}\"},\"query-input\":\"required name=search_term_string\"}],\"inLanguage\":\"en-US\"},{\"@type\":\"ImageObject\",\"@id\":\"https:\/\/internacional.umh.es\/ca\/cooperacion-y-voluntariado\/formacion-en-voluntariado\/#primaryimage\",\"inLanguage\":\"en-US\",\"url\":\"https:\/\/internacional.umh.es\/files\/2020\/09\/COORDINADORES-DE-MOVILIDAD-1.png\",\"contentUrl\":\"https:\/\/internacional.umh.es\/files\/2020\/09\/COORDINADORES-DE-MOVILIDAD-1.png\",\"width\":591,\"height\":591,\"caption\":\"Eventos CUD bot\\u00f3n UMH\"},{\"@type\":\"WebPage\",\"@id\":\"https:\/\/internacional.umh.es\/ca\/cooperacion-y-voluntariado\/formacion-en-voluntariado\/#webpage\",\"url\":\"https:\/\/internacional.umh.es\/ca\/cooperacion-y-voluntariado\/formacion-en-voluntariado\/\",\"name\":\"Training and Events - International Relations and Cooperation\",\"isPartOf\":{\"@id\":\"https:\/\/internacional.umh.es\/en\/#website\"},\"primaryImageOfPage\":{\"@id\":\"https:\/\/internacional.umh.es\/ca\/cooperacion-y-voluntariado\/formacion-en-voluntariado\/#primaryimage\"},\"datePublished\":\"2019-03-28T09:15:23+00:00\",\"dateModified\":\"2024-01-22T08:29:42+00:00\",\"description\":\"El \\u00c1rea de Cooperaci\\u00f3n al Desarrollo y Voluntariado UMH facilita formaci\\u00f3n en cooperaci\\u00f3n universitaria al desarrollo y voluntariado.\",\"breadcrumb\":{\"@id\":\"https:\/\/internacional.umh.es\/ca\/cooperacion-y-voluntariado\/formacion-en-voluntariado\/#breadcrumb\"},\"inLanguage\":\"en-US\",\"potentialAction\":[{\"@type\":\"ReadAction\",\"target\":[\"https:\/\/internacional.umh.es\/ca\/cooperacion-y-voluntariado\/formacion-en-voluntariado\/\"]}]},{\"@type\":\"BreadcrumbList\",\"@id\":\"https:\/\/internacional.umh.es\/ca\/cooperacion-y-voluntariado\/formacion-en-voluntariado\/#breadcrumb\",\"itemListElement\":[{\"@type\":\"ListItem\",\"position\":1,\"name\":\"Home\",\"item\":\"https:\/\/internacional.umh.es\/en\/\"},{\"@type\":\"ListItem\",\"position\":2,\"name\":\"COOPERACI\\u00d3 I VOLUNTARIAT\",\"item\":\"https:\/\/internacional.umh.es\/ca\/cooperacion-y-voluntariado\/\"},{\"@type\":\"ListItem\",\"position\":3,\"name\":\"Formaci\\u00f3 i esdeveniments\"}]}]}<\/script>\n<!-- \/ Yoast SEO plugin. -->","yoast_head_json":{"description":"El \u00c1rea de Cooperaci\u00f3n al Desarrollo y Voluntariado UMH facilita formaci\u00f3n en cooperaci\u00f3n universitaria al desarrollo y voluntariado.","robots":{"index":"index","follow":"follow","max-snippet":"max-snippet:-1","max-image-preview":"max-image-preview:large","max-video-preview":"max-video-preview:-1"},"canonical":"https:\/\/internacional.umh.es\/en\/cooperacion-y-voluntariado\/formacion-en-voluntariado\/","og_locale":"en_US","og_type":"article","og_title":"Training and Events - International Relations and Cooperation","og_description":"El \u00c1rea de Cooperaci\u00f3n al Desarrollo y Voluntariado UMH facilita formaci\u00f3n en cooperaci\u00f3n universitaria al desarrollo y voluntariado.","og_url":"https:\/\/internacional.umh.es\/ca\/cooperacion-y-voluntariado\/formacion-en-voluntariado\/","og_site_name":"International Relations and Cooperation","article_modified_time":"2024-01-22T08:29:42+00:00","og_image":[{"url":"https:\/\/internacional.umh.es\/files\/2020\/09\/COORDINADORES-DE-MOVILIDAD-1-300x300.png"}],"twitter_card":"summary_large_image","twitter_misc":{"Est. reading time":"3 minutes"},"schema":{"@context":"https:\/\/schema.org","@graph":[{"@type":"WebSite","@id":"https:\/\/internacional.umh.es\/en\/#website","url":"https:\/\/internacional.umh.es\/en\/","name":"International Relations and Cooperation","description":"Miguel Hernandez University of Elche","potentialAction":[{"@type":"SearchAction","target":{"@type":"EntryPoint","urlTemplate":"https:\/\/internacional.umh.es\/en\/?s={search_term_string}"},"query-input":"required name=search_term_string"}],"inLanguage":"en-US"},{"@type":"ImageObject","@id":"https:\/\/internacional.umh.es\/ca\/cooperacion-y-voluntariado\/formacion-en-voluntariado\/#primaryimage","inLanguage":"en-US","url":"https:\/\/internacional.umh.es\/files\/2020\/09\/COORDINADORES-DE-MOVILIDAD-1.png","contentUrl":"https:\/\/internacional.umh.es\/files\/2020\/09\/COORDINADORES-DE-MOVILIDAD-1.png","width":591,"height":591,"caption":"Eventos CUD bot\u00f3n UMH"},{"@type":"WebPage","@id":"https:\/\/internacional.umh.es\/ca\/cooperacion-y-voluntariado\/formacion-en-voluntariado\/#webpage","url":"https:\/\/internacional.umh.es\/ca\/cooperacion-y-voluntariado\/formacion-en-voluntariado\/","name":"Training and Events - International Relations and Cooperation","isPartOf":{"@id":"https:\/\/internacional.umh.es\/en\/#website"},"primaryImageOfPage":{"@id":"https:\/\/internacional.umh.es\/ca\/cooperacion-y-voluntariado\/formacion-en-voluntariado\/#primaryimage"},"datePublished":"2019-03-28T09:15:23+00:00","dateModified":"2024-01-22T08:29:42+00:00","description":"El \u00c1rea de Cooperaci\u00f3n al Desarrollo y Voluntariado UMH facilita formaci\u00f3n en cooperaci\u00f3n universitaria al desarrollo y voluntariado.","breadcrumb":{"@id":"https:\/\/internacional.umh.es\/ca\/cooperacion-y-voluntariado\/formacion-en-voluntariado\/#breadcrumb"},"inLanguage":"en-US","potentialAction":[{"@type":"ReadAction","target":["https:\/\/internacional.umh.es\/ca\/cooperacion-y-voluntariado\/formacion-en-voluntariado\/"]}]},{"@type":"BreadcrumbList","@id":"https:\/\/internacional.umh.es\/ca\/cooperacion-y-voluntariado\/formacion-en-voluntariado\/#breadcrumb","itemListElement":[{"@type":"ListItem","position":1,"name":"Home","item":"https:\/\/internacional.umh.es\/en\/"},{"@type":"ListItem","position":2,"name":"COOPERACI\u00d3 I VOLUNTARIAT","item":"https:\/\/internacional.umh.es\/ca\/cooperacion-y-voluntariado\/"},{"@type":"ListItem","position":3,"name":"Formaci\u00f3 i esdeveniments"}]}]}},"_links":{"self":[{"href":"https:\/\/internacional.umh.es\/en\/wp-json\/wp\/v2\/pages\/10271"}],"collection":[{"href":"https:\/\/internacional.umh.es\/en\/wp-json\/wp\/v2\/pages"}],"about":[{"href":"https:\/\/internacional.umh.es\/en\/wp-json\/wp\/v2\/types\/page"}],"author":[{"embeddable":true,"href":"https:\/\/internacional.umh.es\/en\/wp-json\/wp\/v2\/users\/32"}],"replies":[{"embeddable":true,"href":"https:\/\/internacional.umh.es\/en\/wp-json\/wp\/v2\/comments?post=10271"}],"version-history":[{"count":0,"href":"https:\/\/internacional.umh.es\/en\/wp-json\/wp\/v2\/pages\/10271\/revisions"}],"up":[{"embeddable":true,"href":"https:\/\/internacional.umh.es\/en\/wp-json\/wp\/v2\/pages\/3982"}],"wp:attachment":[{"href":"https:\/\/internacional.umh.es\/en\/wp-json\/wp\/v2\/media?parent=10271"}],"curies":[{"name":"wp","href":"https:\/\/api.w.org\/{rel}","templated":true}]}}