{"id":10403,"date":"2019-04-04T13:41:07","date_gmt":"2019-04-04T11:41:07","guid":{"rendered":"https:\/\/internacional.umh.es\/?page_id=10403"},"modified":"2023-11-17T14:36:42","modified_gmt":"2023-11-17T13:36:42","slug":"movilidad-internacional-erasmus-con-paises-asociados-ka107-2019","status":"publish","type":"page","link":"https:\/\/internacional.umh.es\/en\/movilidad\/pas\/erasmus\/movilidad-internacional-erasmus-con-paises-asociados-ka107-2019\/","title":{"rendered":"2021 International Erasmus+ mobility with partner countries (KA107)"},"content":{"rendered":"<p><a title=\"Accede a la web de la Uni\u00f3n Europea y descubre todas las novedades del programa Erasmus plus\" href=\"https:\/\/erasmus-plus.ec.europa.eu\/?etrans=es\" target=\"_blank\" rel=\"noopener\"><img loading=\"lazy\" class=\" wp-image-17289\" title=\"Consulta las convocatorias Erasmus+ para PAS de la UMH\" src=\"https:\/\/internacional.umh.es\/files\/2020\/11\/logo-erasmus-plus-300x61.png\" alt=\"Erasmus PAS logo\" width=\"285\" height=\"58\" srcset=\"https:\/\/internacional.umh.es\/files\/2020\/11\/logo-erasmus-plus-300x61.png 300w, https:\/\/internacional.umh.es\/files\/2020\/11\/logo-erasmus-plus-768x156.png 768w, https:\/\/internacional.umh.es\/files\/2020\/11\/logo-erasmus-plus-1024x209.png 1024w, https:\/\/internacional.umh.es\/files\/2020\/11\/logo-erasmus-plus.png 1758w\" sizes=\"(max-width: 285px) 100vw, 285px\" \/><\/a><img loading=\"lazy\" class=\"wp-image-17766 alignnone\" title=\"El Programa Erasmus+ de la UE cofinancia las siguientes convocatorias Erasmus+ con pa\u00edses asociados para la UMH\" src=\"https:\/\/internacional.umh.es\/files\/2021\/01\/logo-cofinanciado-ue.png\" alt=\"Logo Cofinanciado por el Programa Erasmus+ con pa\u00edses asociados Uni\u00f3n Europea\" width=\"285\" height=\"65\" srcset=\"https:\/\/internacional.umh.es\/files\/2021\/01\/logo-cofinanciado-ue.png 512w, https:\/\/internacional.umh.es\/files\/2021\/01\/logo-cofinanciado-ue-300x69.png 300w\" sizes=\"(max-width: 285px) 100vw, 285px\" \/><\/p>\n<hr>\n<p style=\"text-align: justify\"><strong><span style=\"color: #ff0000\">NEW (6 March 2023)<\/span><\/strong>: The Vice Rectorate for International Relations at the Miguel Hern\u00e1ndez University of Elche (UMH) hereby publishes the definitive list of applications accepted and those rejected from the call of the Erasmus+ international mobility program with partner countries (KA107) for Faculty &amp; Research Personnel in addition to Administrative &amp; Services Personnel during the 2022\/2023 school year. To see the list, click on the following link:<\/p>\n<ul>\n<li><a href=\"https:\/\/internacional.umh.es\/files\/2023\/03\/Publicado-en-BOUMH.-listado-definitiv.pdf\">List of applications accepted and rejected<\/a><\/li>\n<\/ul>\n<hr>\n<p style=\"text-align: justify\"><strong>(25 January 2023): <\/strong>The Vice Rectorate for International Relations at the Miguel Hern\u00e1ndez University of Elche (UMH) hereby publishes the provisional list of applications accepted and those pending corrections from the call of the Erasmus+ international mobility program with partner countries (KA107) for Faculty &amp; Research Personnel in addition to Administrative &amp; Services Personnel during the 2022\/2023 school year.<\/p>\n<ul>\n<li style=\"list-style-type: none\">&nbsp;<\/li>\n<li><a href=\"https:\/\/internacional.umh.es\/files\/2023\/01\/Publicado-BOUMH.-Listado-provi-de-solici-admitida-excluidas-y-pendie-sub.pdf\">Provisional list of applications accepted and those pending corrections<\/a>.<\/li>\n<\/ul>\n<p style=\"text-align: justify\">Individuals interested in filing claims have through February 6, 2023 to do so, either via the Electronic Office of the UMH, the General Registry, or via the auxiliary registries on the various university campuses.<\/p>\n<hr>\n<p style=\"text-align: justify\"><strong>(05\/12\/2022):<\/strong> El Vicerrectorado de Relaciones Internacionales de la Universidad Miguel Hern\u00e1ndez (UMH) de Elche convoca el<strong> programa de movilidad internacional Erasmus+ con pa\u00edses asociados (KA107) \u2013 para personal docente y personal de administraci\u00f3n y servicios durante el curso acad\u00e9mico 2022\/2023<\/strong><\/p>\n<p style=\"font-weight: 400\">Las estancias de esta convocatoria deber\u00e1n realizarse <strong>hasta el 31 de julio de 2023<\/strong><\/p>\n<p>Puedes consultar los requisitos de los participantes, los criterios de valoraci\u00f3n y el resto de informaci\u00f3n de la convocatoria en el <strong>texto completo y en su publicaci\u00f3n en el DOGV:<\/strong><\/p>\n<ul>\n<li><a href=\"https:\/\/internacional.umh.es\/files\/2022\/12\/Publicada-BOUMH.RR_03156_2022.pdf\" target=\"_blank\" rel=\"noopener\">Texto completo de la convocatoria<\/a><\/li>\n<li><a href=\"https:\/\/internacional.umh.es\/files\/2022\/12\/Publi.-DOGV.-2022_11504.pdf\" target=\"_blank\" rel=\"noopener\">Publicaci\u00f3n en DOGV<\/a><\/li>\n<\/ul>\n<p>El plazo para <strong>presentar solicitudes es hasta el 21 de diciembre de 2022<\/strong><\/p>\n<p><strong>Documentos:<\/strong><\/p>\n<ul>\n<li><a href=\"https:\/\/internacional.umh.es\/files\/2022\/12\/Modelo-de-solicitud..CONVOCATORIA-KA107-PDI-PAS-.-Proyec-2020-.docx\" target=\"_blank\" rel=\"noopener\">Modelo de solicitud<\/a><\/li>\n<li><a href=\"https:\/\/internacional.umh.es\/files\/2022\/12\/5.-HEHE-INTL-Staff-Mobility-Agreement-teaching_integr_2020_EN.docx\" target=\"_blank\" rel=\"noopener\">Staff Mobility for Teaching<\/a> (para la modalidad de docencia)<\/li>\n<li><a href=\"https:\/\/internacional.umh.es\/files\/2022\/12\/6.-HEHE-INTL-Staff-Mobility-Agreement_training_integr_2020_EN.docx\" target=\"_blank\" rel=\"noopener\">Staff Mobility for Training<\/a> (para la modalidad de formaci\u00f3n)<\/li>\n<\/ul>\n<p style=\"text-align: justify\">La solicitud junto con la documentaci\u00f3n a aportar puede presentarse <a href=\"https:\/\/sede.umh.es\/procedimientos\/instancia-general\/\" data-saferedirecturl=\"https:\/\/www.google.com\/url?q=https:\/\/sede.umh.es\/procedimientos\/instancia-general\/&amp;source=gmail&amp;ust=1670313837777000&amp;usg=AOvVaw3krupSY_CF17k3OZA-oO7C\"><strong> a trav\u00e9s de la Sede Electr\u00f3nica <\/strong><\/a>de la UMH dirigida al Servicio de Relaciones Internacionales, Cooperaci\u00f3n al Desarrollo y Voluntariado.<\/p>\n<p><\/p>","protected":false},"excerpt":{"rendered":"<p>NEW (6 March 2023): The Vice Rectorate for International Relations at the Miguel Hern\u00e1ndez University of Elche (UMH) hereby publishes the definitive list of applications accepted and those rejected from the call of the Erasmus+ international mobility program with partner countries (KA107) for Faculty &amp; Research Personnel in addition to Administrative &amp; Services Personnel during [&#8230;]<\/p>\n","protected":false},"author":32,"featured_media":0,"parent":268,"menu_order":1,"comment_status":"closed","ping_status":"closed","template":"","meta":{"ngg_post_thumbnail":0,"_links_to":"","_links_to_target":""},"yoast_head":"<!-- This site is optimized with the Yoast SEO plugin v17.5 - https:\/\/yoast.com\/wordpress\/plugins\/seo\/ -->\n<meta name=\"description\" content=\"La Universidad Miguel Hern\u00e1ndez realiza la Convocatoria de Movilidad internacional Erasmus+ con pa\u00edses asociados (KA107) Armenia y Bosnia\" \/>\n<meta name=\"robots\" content=\"index, follow, max-snippet:-1, max-image-preview:large, max-video-preview:-1\" \/>\n<link rel=\"canonical\" href=\"https:\/\/internacional.umh.es\/en\/movilidad\/pas\/erasmus\/movilidad-internacional-erasmus-con-paises-asociados-ka107-2019\/\" \/>\n<meta property=\"og:locale\" content=\"en_US\" \/>\n<meta property=\"og:type\" content=\"article\" \/>\n<meta property=\"og:title\" content=\"2021 International Erasmus+ mobility with partner countries (KA107) - International Relations and Cooperation\" \/>\n<meta property=\"og:description\" content=\"La Universidad Miguel Hern\u00e1ndez realiza la Convocatoria de Movilidad internacional Erasmus+ con pa\u00edses asociados (KA107) Armenia y Bosnia\" \/>\n<meta property=\"og:url\" content=\"https:\/\/internacional.umh.es\/movilidad\/pas\/erasmus\/movilidad-internacional-erasmus-con-paises-asociados-ka107-2019\/\" \/>\n<meta property=\"og:site_name\" content=\"International Relations and Cooperation\" \/>\n<meta property=\"article:modified_time\" content=\"2023-11-17T13:36:42+00:00\" \/>\n<meta property=\"og:image\" content=\"https:\/\/internacional.umh.es\/files\/2020\/11\/logo-erasmus-plus-300x61.png\" \/>\n<meta name=\"twitter:card\" content=\"summary_large_image\" \/>\n<meta name=\"twitter:label1\" content=\"Est. reading time\" \/>\n\t<meta name=\"twitter:data1\" content=\"3 minutes\" \/>\n<script type=\"application\/ld+json\" class=\"yoast-schema-graph\">{\"@context\":\"https:\/\/schema.org\",\"@graph\":[{\"@type\":\"WebSite\",\"@id\":\"https:\/\/internacional.umh.es\/en\/#website\",\"url\":\"https:\/\/internacional.umh.es\/en\/\",\"name\":\"International Relations and Cooperation\",\"description\":\"Miguel Hernandez University of Elche\",\"potentialAction\":[{\"@type\":\"SearchAction\",\"target\":{\"@type\":\"EntryPoint\",\"urlTemplate\":\"https:\/\/internacional.umh.es\/en\/?s={search_term_string}\"},\"query-input\":\"required name=search_term_string\"}],\"inLanguage\":\"en-US\"},{\"@type\":\"ImageObject\",\"@id\":\"https:\/\/internacional.umh.es\/movilidad\/pas\/erasmus\/movilidad-internacional-erasmus-con-paises-asociados-ka107-2019\/#primaryimage\",\"inLanguage\":\"en-US\",\"url\":\"https:\/\/internacional.umh.es\/files\/2020\/11\/logo-erasmus-plus.png\",\"contentUrl\":\"https:\/\/internacional.umh.es\/files\/2020\/11\/logo-erasmus-plus.png\",\"width\":1758,\"height\":358,\"caption\":\"Logo Erasmus+\"},{\"@type\":\"WebPage\",\"@id\":\"https:\/\/internacional.umh.es\/movilidad\/pas\/erasmus\/movilidad-internacional-erasmus-con-paises-asociados-ka107-2019\/#webpage\",\"url\":\"https:\/\/internacional.umh.es\/movilidad\/pas\/erasmus\/movilidad-internacional-erasmus-con-paises-asociados-ka107-2019\/\",\"name\":\"2021 International Erasmus+ mobility with partner countries (KA107) - International Relations and Cooperation\",\"isPartOf\":{\"@id\":\"https:\/\/internacional.umh.es\/en\/#website\"},\"primaryImageOfPage\":{\"@id\":\"https:\/\/internacional.umh.es\/movilidad\/pas\/erasmus\/movilidad-internacional-erasmus-con-paises-asociados-ka107-2019\/#primaryimage\"},\"datePublished\":\"2019-04-04T11:41:07+00:00\",\"dateModified\":\"2023-11-17T13:36:42+00:00\",\"description\":\"La Universidad Miguel Hern\\u00e1ndez realiza la Convocatoria de Movilidad internacional Erasmus+ con pa\\u00edses asociados (KA107) Armenia y Bosnia\",\"breadcrumb\":{\"@id\":\"https:\/\/internacional.umh.es\/movilidad\/pas\/erasmus\/movilidad-internacional-erasmus-con-paises-asociados-ka107-2019\/#breadcrumb\"},\"inLanguage\":\"en-US\",\"potentialAction\":[{\"@type\":\"ReadAction\",\"target\":[\"https:\/\/internacional.umh.es\/movilidad\/pas\/erasmus\/movilidad-internacional-erasmus-con-paises-asociados-ka107-2019\/\"]}]},{\"@type\":\"BreadcrumbList\",\"@id\":\"https:\/\/internacional.umh.es\/movilidad\/pas\/erasmus\/movilidad-internacional-erasmus-con-paises-asociados-ka107-2019\/#breadcrumb\",\"itemListElement\":[{\"@type\":\"ListItem\",\"position\":1,\"name\":\"Home\",\"item\":\"https:\/\/internacional.umh.es\/en\/\"},{\"@type\":\"ListItem\",\"position\":2,\"name\":\"MOBILITY\",\"item\":\"https:\/\/internacional.umh.es\/en\/movilidad\/\"},{\"@type\":\"ListItem\",\"position\":3,\"name\":\"PTGAS\",\"item\":\"https:\/\/internacional.umh.es\/movilidad\/pas\/\"},{\"@type\":\"ListItem\",\"position\":4,\"name\":\"ERASMUS PTGAS &#8211; Estancias formativas\",\"item\":\"https:\/\/internacional.umh.es\/movilidad\/pas\/erasmus\/\"},{\"@type\":\"ListItem\",\"position\":5,\"name\":\"2021 International Erasmus+ mobility with partner countries (KA107)\"}]}]}<\/script>\n<!-- \/ Yoast SEO plugin. -->","yoast_head_json":{"description":"La Universidad Miguel Hern\u00e1ndez realiza la Convocatoria de Movilidad internacional Erasmus+ con pa\u00edses asociados (KA107) Armenia y Bosnia","robots":{"index":"index","follow":"follow","max-snippet":"max-snippet:-1","max-image-preview":"max-image-preview:large","max-video-preview":"max-video-preview:-1"},"canonical":"https:\/\/internacional.umh.es\/en\/movilidad\/pas\/erasmus\/movilidad-internacional-erasmus-con-paises-asociados-ka107-2019\/","og_locale":"en_US","og_type":"article","og_title":"2021 International Erasmus+ mobility with partner countries (KA107) - International Relations and Cooperation","og_description":"La Universidad Miguel Hern\u00e1ndez realiza la Convocatoria de Movilidad internacional Erasmus+ con pa\u00edses asociados (KA107) Armenia y Bosnia","og_url":"https:\/\/internacional.umh.es\/movilidad\/pas\/erasmus\/movilidad-internacional-erasmus-con-paises-asociados-ka107-2019\/","og_site_name":"International Relations and Cooperation","article_modified_time":"2023-11-17T13:36:42+00:00","og_image":[{"url":"https:\/\/internacional.umh.es\/files\/2020\/11\/logo-erasmus-plus-300x61.png"}],"twitter_card":"summary_large_image","twitter_misc":{"Est. reading time":"3 minutes"},"schema":{"@context":"https:\/\/schema.org","@graph":[{"@type":"WebSite","@id":"https:\/\/internacional.umh.es\/en\/#website","url":"https:\/\/internacional.umh.es\/en\/","name":"International Relations and Cooperation","description":"Miguel Hernandez University of Elche","potentialAction":[{"@type":"SearchAction","target":{"@type":"EntryPoint","urlTemplate":"https:\/\/internacional.umh.es\/en\/?s={search_term_string}"},"query-input":"required name=search_term_string"}],"inLanguage":"en-US"},{"@type":"ImageObject","@id":"https:\/\/internacional.umh.es\/movilidad\/pas\/erasmus\/movilidad-internacional-erasmus-con-paises-asociados-ka107-2019\/#primaryimage","inLanguage":"en-US","url":"https:\/\/internacional.umh.es\/files\/2020\/11\/logo-erasmus-plus.png","contentUrl":"https:\/\/internacional.umh.es\/files\/2020\/11\/logo-erasmus-plus.png","width":1758,"height":358,"caption":"Logo Erasmus+"},{"@type":"WebPage","@id":"https:\/\/internacional.umh.es\/movilidad\/pas\/erasmus\/movilidad-internacional-erasmus-con-paises-asociados-ka107-2019\/#webpage","url":"https:\/\/internacional.umh.es\/movilidad\/pas\/erasmus\/movilidad-internacional-erasmus-con-paises-asociados-ka107-2019\/","name":"2021 International Erasmus+ mobility with partner countries (KA107) - International Relations and Cooperation","isPartOf":{"@id":"https:\/\/internacional.umh.es\/en\/#website"},"primaryImageOfPage":{"@id":"https:\/\/internacional.umh.es\/movilidad\/pas\/erasmus\/movilidad-internacional-erasmus-con-paises-asociados-ka107-2019\/#primaryimage"},"datePublished":"2019-04-04T11:41:07+00:00","dateModified":"2023-11-17T13:36:42+00:00","description":"La Universidad Miguel Hern\u00e1ndez realiza la Convocatoria de Movilidad internacional Erasmus+ con pa\u00edses asociados (KA107) Armenia y Bosnia","breadcrumb":{"@id":"https:\/\/internacional.umh.es\/movilidad\/pas\/erasmus\/movilidad-internacional-erasmus-con-paises-asociados-ka107-2019\/#breadcrumb"},"inLanguage":"en-US","potentialAction":[{"@type":"ReadAction","target":["https:\/\/internacional.umh.es\/movilidad\/pas\/erasmus\/movilidad-internacional-erasmus-con-paises-asociados-ka107-2019\/"]}]},{"@type":"BreadcrumbList","@id":"https:\/\/internacional.umh.es\/movilidad\/pas\/erasmus\/movilidad-internacional-erasmus-con-paises-asociados-ka107-2019\/#breadcrumb","itemListElement":[{"@type":"ListItem","position":1,"name":"Home","item":"https:\/\/internacional.umh.es\/en\/"},{"@type":"ListItem","position":2,"name":"MOBILITY","item":"https:\/\/internacional.umh.es\/en\/movilidad\/"},{"@type":"ListItem","position":3,"name":"PTGAS","item":"https:\/\/internacional.umh.es\/movilidad\/pas\/"},{"@type":"ListItem","position":4,"name":"ERASMUS PTGAS &#8211; Estancias formativas","item":"https:\/\/internacional.umh.es\/movilidad\/pas\/erasmus\/"},{"@type":"ListItem","position":5,"name":"2021 International Erasmus+ mobility with partner countries (KA107)"}]}]}},"_links":{"self":[{"href":"https:\/\/internacional.umh.es\/en\/wp-json\/wp\/v2\/pages\/10403"}],"collection":[{"href":"https:\/\/internacional.umh.es\/en\/wp-json\/wp\/v2\/pages"}],"about":[{"href":"https:\/\/internacional.umh.es\/en\/wp-json\/wp\/v2\/types\/page"}],"author":[{"embeddable":true,"href":"https:\/\/internacional.umh.es\/en\/wp-json\/wp\/v2\/users\/32"}],"replies":[{"embeddable":true,"href":"https:\/\/internacional.umh.es\/en\/wp-json\/wp\/v2\/comments?post=10403"}],"version-history":[{"count":0,"href":"https:\/\/internacional.umh.es\/en\/wp-json\/wp\/v2\/pages\/10403\/revisions"}],"up":[{"embeddable":true,"href":"https:\/\/internacional.umh.es\/en\/wp-json\/wp\/v2\/pages\/268"}],"wp:attachment":[{"href":"https:\/\/internacional.umh.es\/en\/wp-json\/wp\/v2\/media?parent=10403"}],"curies":[{"name":"wp","href":"https:\/\/api.w.org\/{rel}","templated":true}]}}