{"id":1145,"date":"2013-03-12T10:42:06","date_gmt":"2013-03-12T09:42:06","guid":{"rendered":"http:\/\/internacional.umh.es\/dobles-titulos\/"},"modified":"2022-05-17T11:35:35","modified_gmt":"2022-05-17T09:35:35","slug":"dobles-titulaciones","status":"publish","type":"page","link":"https:\/\/internacional.umh.es\/en\/internacionalizacion\/postgrado\/dobles-titulaciones\/","title":{"rendered":"Dual Degrees"},"content":{"rendered":"<p><\/p>\n<h3><a href=\"https:\/\/internacional.umh.es\/listado-de-dobles-titulaciones\/\"><strong>List<\/strong><\/a><\/h3>\n<h2 style=\"text-align: justify\"><strong>Tordesillas Doctoral College<\/strong><\/h2>\n<p><strong>UMH, up next to host the Tordesillas Group<\/strong><\/p>\n<p style=\"text-align: justify\">In November 2019, the 20th meeting of Rectors of the Tordesillas Group was held at the Fluminense Federal University in Rio de Janeiro, Brazil. &nbsp;During this event, the rector of the Miguel Hern\u00e1ndez University of Elche (UMH), Juan Jos\u00e9 Ruiz Mart\u00ednez, was named Vice President of the Tordesillas Group and a member of its Executive Commission. In 2021, Mart\u00ednez will assume the presidency of the Tordesillas Group, and the UMH will be host for the 21st meeting of the Rectors of the Tordesillas Group.<\/p>\n<p style=\"text-align: justify\">A Tordesillas Doctoral College is a free association formed by institutions from the countries that comprise the Tordesillas Group (Brazil, Portugal, and Spain) and supported by the Rectors from the Group.<\/p>\n<p><strong>UMH and the Tordesillas Group<\/strong><\/p>\n<p style=\"text-align: justify\">In its nearly 20 years of existence, the Tordesillas Group has grown, and today it is comprised of 26 universities from Brazil, 20 from Spain, and 9 from Portugal. Participation by the UMH has been very active since the creation, in July 2017, and this university\u2019s coordination of the Tordesillas Doctoral School of Public Health and History of Science.<\/p>\n<p style=\"text-align: justify\">Other participants in the doctoral college besides the UMH include the Faculty of Medicine at the University of Porto (Portugal) and the faculties of Medicine and Public Health at the University of S\u00e3o Paulo (Brazil).<\/p>\n<p><strong>Objectives<\/strong><\/p>\n<p style=\"text-align: justify\">The main purpose of the Tordesillas Group is to establish academic, cultural, and socioeconomic links among all of its members. This includes promoting multilateral cooperation activities in the fields of education, science, technology, and innovation. &nbsp;&nbsp;&nbsp;<\/p>\n<p style=\"text-align: justify\">Furthermore, one of its fundamental pillars is to establish research networks that foster mobility for investigators and give rise to projects of strategic value, oriented to the problems that affect and influence progress within the Iberian-Brazilian community.<\/p>\n<h2 style=\"text-align: justify\"><span style=\"text-align: justify\"><strong>UMH grants for students of dual degree programs<\/strong><\/span><\/h2>\n<p style=\"text-align: justify\">Enhancing the international presence of the UMH, and taking advantage of the opportunities resulting from globalization to train our students, thus improving their career prospects, as well as attracting international talent to our campuses, are among this university\u2019s priority objectives.<\/p>\n<p>Consult<strong><a href=\"https:\/\/internacional.umh.es\/movilidad\/estudiantes\/becas-umh-para-estudiantes-de-dobles-titulaciones\/\" target=\"_blank\" rel=\"noopener noreferrer\"> this page<\/a>.<\/strong><\/p>\n<div>\n<h2>Procedure for implementing dual degrees at the UMH<\/h2>\n<\/div>\n<div id=\"_mcePaste\" style=\"text-align: justify\">International exchange programs represent a significant opportunity for universities and students. In this context, the UMH aims to expand the opportunities existing at the international level through the promotion of dual undergraduate, masters, and PhD programs with foreign universities.<\/div>\n<div style=\"text-align: justify\">&nbsp;<\/div>\n<div style=\"text-align: justify\">Dual degree agreements reached by UMH must meet the conditions indicated in the &#8220;Rules for the Establishment of Agreements of International Dual Degree Programs&#8221; at the Miguel Hern\u00e1ndez University of Elche. It can be found at the following <a href=\"https:\/\/internacional.umh.es\/files\/2013\/03\/Dobles-Titulaciones.pdf\"><strong>LINK.<\/strong><\/a><\/div>\n<p style=\"text-align: start\">Agreement models for:<\/p>\n<ul style=\"text-align: start\">\n<li>Dual undergraduate degree.\n<ul>\n<li><a href=\"https:\/\/internacional.umh.es\/files\/2013\/04\/Convenio-Doble-Grado.doc\">Spanish.<\/a><\/li>\n<li>English version will be available soon.<\/li>\n<\/ul>\n<\/li>\n<li>Dual master.\n<ul>\n<li><a href=\"https:\/\/internacional.umh.es\/files\/2013\/04\/Convenio-Doble-Master.doc\">Spanish.<\/a><\/li>\n<li>English version will be available soon.<\/li>\n<\/ul>\n<\/li>\n<li>Dual undergraduate degree + master.\n<ul>\n<li><a href=\"https:\/\/internacional.umh.es\/files\/2013\/04\/Convenio-Doble-Master-con-Grado.doc\">Spanish.<\/a><\/li>\n<li>English version will be available soon.<\/li>\n<\/ul>\n<\/li>\n<li>Dual Doctorate (2011).\n<ul>\n<li><a href=\"https:\/\/internacional.umh.es\/files\/2013\/04\/Convenio-Doble-Doctorado-UMH-RD99-2011.doc\">Spanish.<\/a><\/li>\n<li>English version will be available soon.<\/li>\n<\/ul>\n<\/li>\n<li>Dual Doctorate (2007 &#8211; 2011).\n<ul>\n<li><a href=\"https:\/\/internacional.umh.es\/files\/2013\/04\/Convenio-Doble-Doctorado-UMH-RD1393-2007.doc\">Spanish.<\/a><\/li>\n<li>English version will be available soon.<\/li>\n<\/ul>\n<\/li>\n<\/ul>\n<p style=\"text-align: start\"><span style=\"text-decoration: underline\">Links of interest<\/span>:<\/p>\n<ul style=\"text-align: start\">\n<li><a href=\"https:\/\/internacional.umh.es\/files\/2013\/04\/Normativa-de-calificaciones.pdf\">Grading Regulations for Courses taken within an International Mobility Program<\/a>&nbsp;at the Miguel Hern\u00e1ndez University of Elche.<\/li>\n<li><a href=\"https:\/\/estudios.umh.es\/presentacion\/normativas\/titulos-oficiales\">Regulations for Recognition and Transfer of Credits<\/a> at the Miguel Hern\u00e1ndez University of Elche.<\/li>\n<li><a href=\"https:\/\/estudios.umh.es\/presentacion\/normativas\/titulos-oficiales\/\">Doctoral Program Regulations<\/a> at the Miguel Hern\u00e1ndez University of Elche.<\/li>\n<li><a href=\"https:\/\/otri.umh.es\/proteccion-resultados\/normativa\/\">Regulations on Industrial and Intellectual Property Rights<\/a> at the Miguel Hern\u00e1ndez University of Elche.<\/li>\n<\/ul>\n<p style=\"text-align: start\">&nbsp;<\/p>\n<p><\/p>","protected":false},"excerpt":{"rendered":"<p>List<br \/>\nTordesillas Doctoral College<br \/>\nUMH, up next to host the Tordesillas Group<br \/>\nIn November 2019, the 20th meeting of Rectors of the Tordesillas Group was held at the Fluminense Federal University in Rio de Janeiro, Brazil. &nbsp;During this event, the rector of the Miguel Hern\u00e1ndez University of Elche (UMH), Juan Jos\u00e9 Ruiz Mart\u00ednez, was named Vice President of [&#8230;]<\/p>\n","protected":false},"author":30,"featured_media":0,"parent":15549,"menu_order":2,"comment_status":"closed","ping_status":"closed","template":"","meta":{"ngg_post_thumbnail":0,"_links_to":"","_links_to_target":""},"yoast_head":"<!-- This site is optimized with the Yoast SEO plugin v17.5 - https:\/\/yoast.com\/wordpress\/plugins\/seo\/ -->\n<meta name=\"robots\" content=\"index, follow, max-snippet:-1, max-image-preview:large, max-video-preview:-1\" \/>\n<link rel=\"canonical\" href=\"https:\/\/internacional.umh.es\/en\/internacionalizacion\/postgrado\/dobles-titulaciones\/\" \/>\n<meta property=\"og:locale\" content=\"en_US\" \/>\n<meta property=\"og:type\" content=\"article\" \/>\n<meta property=\"og:title\" content=\"Dual Degrees - International Relations and Cooperation\" \/>\n<meta property=\"og:description\" content=\"List Tordesillas Doctoral College UMH, up next to host the Tordesillas Group In November 2019, the 20th meeting of Rectors of the Tordesillas Group was held at the Fluminense Federal University in Rio de Janeiro, Brazil. &nbsp;During this event, the rector of the Miguel Hern\u00e1ndez University of Elche (UMH), Juan Jos\u00e9 Ruiz Mart\u00ednez, was named Vice President of [...]\" \/>\n<meta property=\"og:url\" content=\"https:\/\/internacional.umh.es\/en\/internacionalizacion\/postgrado\/dobles-titulaciones\/\" \/>\n<meta property=\"og:site_name\" content=\"International Relations and Cooperation\" \/>\n<meta property=\"article:modified_time\" content=\"2022-05-17T09:35:35+00:00\" \/>\n<meta name=\"twitter:card\" content=\"summary_large_image\" \/>\n<meta name=\"twitter:label1\" content=\"Est. reading time\" \/>\n\t<meta name=\"twitter:data1\" content=\"4 minutes\" \/>\n<script type=\"application\/ld+json\" class=\"yoast-schema-graph\">{\"@context\":\"https:\/\/schema.org\",\"@graph\":[{\"@type\":\"WebSite\",\"@id\":\"https:\/\/internacional.umh.es\/en\/#website\",\"url\":\"https:\/\/internacional.umh.es\/en\/\",\"name\":\"International Relations and Cooperation\",\"description\":\"Miguel Hernandez University of Elche\",\"potentialAction\":[{\"@type\":\"SearchAction\",\"target\":{\"@type\":\"EntryPoint\",\"urlTemplate\":\"https:\/\/internacional.umh.es\/en\/?s={search_term_string}\"},\"query-input\":\"required name=search_term_string\"}],\"inLanguage\":\"en-US\"},{\"@type\":\"WebPage\",\"@id\":\"https:\/\/internacional.umh.es\/en\/internacionalizacion\/postgrado\/dobles-titulaciones\/#webpage\",\"url\":\"https:\/\/internacional.umh.es\/en\/internacionalizacion\/postgrado\/dobles-titulaciones\/\",\"name\":\"Dual Degrees - International Relations and Cooperation\",\"isPartOf\":{\"@id\":\"https:\/\/internacional.umh.es\/en\/#website\"},\"datePublished\":\"2013-03-12T09:42:06+00:00\",\"dateModified\":\"2022-05-17T09:35:35+00:00\",\"breadcrumb\":{\"@id\":\"https:\/\/internacional.umh.es\/en\/internacionalizacion\/postgrado\/dobles-titulaciones\/#breadcrumb\"},\"inLanguage\":\"en-US\",\"potentialAction\":[{\"@type\":\"ReadAction\",\"target\":[\"https:\/\/internacional.umh.es\/en\/internacionalizacion\/postgrado\/dobles-titulaciones\/\"]}]},{\"@type\":\"BreadcrumbList\",\"@id\":\"https:\/\/internacional.umh.es\/en\/internacionalizacion\/postgrado\/dobles-titulaciones\/#breadcrumb\",\"itemListElement\":[{\"@type\":\"ListItem\",\"position\":1,\"name\":\"Home\",\"item\":\"https:\/\/internacional.umh.es\/en\/\"},{\"@type\":\"ListItem\",\"position\":2,\"name\":\"INTERNATIONALIZATION\",\"item\":\"https:\/\/internacional.umh.es\/en\/internacionalizacion\/\"},{\"@type\":\"ListItem\",\"position\":3,\"name\":\"Graduate\",\"item\":\"https:\/\/internacional.umh.es\/en\/internacionalizacion\/postgrado\/\"},{\"@type\":\"ListItem\",\"position\":4,\"name\":\"Dual Degrees\"}]}]}<\/script>\n<!-- \/ Yoast SEO plugin. -->","yoast_head_json":{"robots":{"index":"index","follow":"follow","max-snippet":"max-snippet:-1","max-image-preview":"max-image-preview:large","max-video-preview":"max-video-preview:-1"},"canonical":"https:\/\/internacional.umh.es\/en\/internacionalizacion\/postgrado\/dobles-titulaciones\/","og_locale":"en_US","og_type":"article","og_title":"Dual Degrees - International Relations and Cooperation","og_description":"List Tordesillas Doctoral College UMH, up next to host the Tordesillas Group In November 2019, the 20th meeting of Rectors of the Tordesillas Group was held at the Fluminense Federal University in Rio de Janeiro, Brazil. &nbsp;During this event, the rector of the Miguel Hern\u00e1ndez University of Elche (UMH), Juan Jos\u00e9 Ruiz Mart\u00ednez, was named Vice President of [...]","og_url":"https:\/\/internacional.umh.es\/en\/internacionalizacion\/postgrado\/dobles-titulaciones\/","og_site_name":"International Relations and Cooperation","article_modified_time":"2022-05-17T09:35:35+00:00","twitter_card":"summary_large_image","twitter_misc":{"Est. reading time":"4 minutes"},"schema":{"@context":"https:\/\/schema.org","@graph":[{"@type":"WebSite","@id":"https:\/\/internacional.umh.es\/en\/#website","url":"https:\/\/internacional.umh.es\/en\/","name":"International Relations and Cooperation","description":"Miguel Hernandez University of Elche","potentialAction":[{"@type":"SearchAction","target":{"@type":"EntryPoint","urlTemplate":"https:\/\/internacional.umh.es\/en\/?s={search_term_string}"},"query-input":"required name=search_term_string"}],"inLanguage":"en-US"},{"@type":"WebPage","@id":"https:\/\/internacional.umh.es\/en\/internacionalizacion\/postgrado\/dobles-titulaciones\/#webpage","url":"https:\/\/internacional.umh.es\/en\/internacionalizacion\/postgrado\/dobles-titulaciones\/","name":"Dual Degrees - International Relations and Cooperation","isPartOf":{"@id":"https:\/\/internacional.umh.es\/en\/#website"},"datePublished":"2013-03-12T09:42:06+00:00","dateModified":"2022-05-17T09:35:35+00:00","breadcrumb":{"@id":"https:\/\/internacional.umh.es\/en\/internacionalizacion\/postgrado\/dobles-titulaciones\/#breadcrumb"},"inLanguage":"en-US","potentialAction":[{"@type":"ReadAction","target":["https:\/\/internacional.umh.es\/en\/internacionalizacion\/postgrado\/dobles-titulaciones\/"]}]},{"@type":"BreadcrumbList","@id":"https:\/\/internacional.umh.es\/en\/internacionalizacion\/postgrado\/dobles-titulaciones\/#breadcrumb","itemListElement":[{"@type":"ListItem","position":1,"name":"Home","item":"https:\/\/internacional.umh.es\/en\/"},{"@type":"ListItem","position":2,"name":"INTERNATIONALIZATION","item":"https:\/\/internacional.umh.es\/en\/internacionalizacion\/"},{"@type":"ListItem","position":3,"name":"Graduate","item":"https:\/\/internacional.umh.es\/en\/internacionalizacion\/postgrado\/"},{"@type":"ListItem","position":4,"name":"Dual Degrees"}]}]}},"_links":{"self":[{"href":"https:\/\/internacional.umh.es\/en\/wp-json\/wp\/v2\/pages\/1145"}],"collection":[{"href":"https:\/\/internacional.umh.es\/en\/wp-json\/wp\/v2\/pages"}],"about":[{"href":"https:\/\/internacional.umh.es\/en\/wp-json\/wp\/v2\/types\/page"}],"author":[{"embeddable":true,"href":"https:\/\/internacional.umh.es\/en\/wp-json\/wp\/v2\/users\/30"}],"replies":[{"embeddable":true,"href":"https:\/\/internacional.umh.es\/en\/wp-json\/wp\/v2\/comments?post=1145"}],"version-history":[{"count":0,"href":"https:\/\/internacional.umh.es\/en\/wp-json\/wp\/v2\/pages\/1145\/revisions"}],"up":[{"embeddable":true,"href":"https:\/\/internacional.umh.es\/en\/wp-json\/wp\/v2\/pages\/15549"}],"wp:attachment":[{"href":"https:\/\/internacional.umh.es\/en\/wp-json\/wp\/v2\/media?parent=1145"}],"curies":[{"name":"wp","href":"https:\/\/api.w.org\/{rel}","templated":true}]}}