{"id":11702,"date":"2019-06-20T12:58:13","date_gmt":"2019-06-20T10:58:13","guid":{"rendered":"http:\/\/internacional.umh.es\/?page_id=11702"},"modified":"2024-02-13T12:48:00","modified_gmt":"2024-02-13T11:48:00","slug":"voluntariado-en-ongs","status":"publish","type":"page","link":"https:\/\/internacional.umh.es\/en\/cooperacion-y-voluntariado\/voluntariado\/voluntariado-en-ongs\/","title":{"rendered":"NGOs"},"content":{"rendered":"<p class=\"qtranxs-available-languages-message qtranxs-available-languages-message-en\">Sorry, this entry is only available in <a href=\"https:\/\/internacional.umh.es\/es\/wp-json\/wp\/v2\/pages\/11702\" class=\"qtranxs-available-language-link qtranxs-available-language-link-es\" title=\"Espa\u00f1ol\">European Spanish<\/a> and <a href=\"https:\/\/internacional.umh.es\/ca\/wp-json\/wp\/v2\/pages\/11702\" class=\"qtranxs-available-language-link qtranxs-available-language-link-ca\" title=\"Valenci\u00e0\">Catalan<\/a>.<\/p>","protected":false},"excerpt":{"rendered":"<p>Sorry, this entry is only available in European Spanish and Catalan.<\/p>\n","protected":false},"author":4274,"featured_media":0,"parent":7283,"menu_order":3,"comment_status":"closed","ping_status":"closed","template":"","meta":{"ngg_post_thumbnail":0,"_links_to":"","_links_to_target":""},"yoast_head":"<!-- This site is optimized with the Yoast SEO plugin v17.5 - https:\/\/yoast.com\/wordpress\/plugins\/seo\/ -->\n<meta name=\"description\" content=\"El \u00c1rea de Cooperaci\u00f3n al Desarrollo y Voluntariado de la UMH pretende contribuir a los 17 ODS en colaboraci\u00f3n con las ONGs inter\/nacionales\" \/>\n<meta name=\"robots\" content=\"index, follow, max-snippet:-1, max-image-preview:large, max-video-preview:-1\" \/>\n<link rel=\"canonical\" href=\"https:\/\/internacional.umh.es\/en\/cooperacion-y-voluntariado\/voluntariado\/voluntariado-en-ongs\/\" \/>\n<meta property=\"og:locale\" content=\"en_US\" \/>\n<meta property=\"og:type\" content=\"article\" \/>\n<meta property=\"og:title\" content=\"ONGs - Voluntariado Universidad Miguel Hern\u00e1ndez - Global UMH\" \/>\n<meta property=\"og:description\" content=\"El \u00c1rea de Cooperaci\u00f3n al Desarrollo y Voluntariado de la UMH pretende contribuir a los 17 ODS en colaboraci\u00f3n con las ONGs inter\/nacionales\" \/>\n<meta property=\"og:url\" content=\"https:\/\/internacional.umh.es\/ca\/cooperacion-y-voluntariado\/voluntariado\/voluntariado-en-ongs\/\" \/>\n<meta property=\"og:site_name\" content=\"International Relations and Cooperation\" \/>\n<meta property=\"article:modified_time\" content=\"2024-02-13T11:48:00+00:00\" \/>\n<meta property=\"og:image\" content=\"https:\/\/internacional.umh.es\/files\/2022\/11\/313110479_138727855579872_6602175999372580833_n-300x300.jpg\" \/>\n<meta name=\"twitter:card\" content=\"summary_large_image\" \/>\n<meta name=\"twitter:label1\" content=\"Est. reading time\" \/>\n\t<meta name=\"twitter:data1\" content=\"13 minutes\" \/>\n<script type=\"application\/ld+json\" class=\"yoast-schema-graph\">{\"@context\":\"https:\/\/schema.org\",\"@graph\":[{\"@type\":\"WebSite\",\"@id\":\"https:\/\/internacional.umh.es\/en\/#website\",\"url\":\"https:\/\/internacional.umh.es\/en\/\",\"name\":\"International Relations and Cooperation\",\"description\":\"Miguel Hernandez University of Elche\",\"potentialAction\":[{\"@type\":\"SearchAction\",\"target\":{\"@type\":\"EntryPoint\",\"urlTemplate\":\"https:\/\/internacional.umh.es\/en\/?s={search_term_string}\"},\"query-input\":\"required name=search_term_string\"}],\"inLanguage\":\"en-US\"},{\"@type\":\"ImageObject\",\"@id\":\"https:\/\/internacional.umh.es\/ca\/cooperacion-y-voluntariado\/voluntariado\/voluntariado-en-ongs\/#primaryimage\",\"inLanguage\":\"en-US\",\"url\":\"https:\/\/internacional.umh.es\/files\/2022\/11\/313110479_138727855579872_6602175999372580833_n.jpg\",\"contentUrl\":\"https:\/\/internacional.umh.es\/files\/2022\/11\/313110479_138727855579872_6602175999372580833_n.jpg\",\"width\":1080,\"height\":1080,\"caption\":\"Pichiriqui dise\\u00f1o\"},{\"@type\":\"WebPage\",\"@id\":\"https:\/\/internacional.umh.es\/ca\/cooperacion-y-voluntariado\/voluntariado\/voluntariado-en-ongs\/#webpage\",\"url\":\"https:\/\/internacional.umh.es\/ca\/cooperacion-y-voluntariado\/voluntariado\/voluntariado-en-ongs\/\",\"name\":\"ONGs - Voluntariado Universidad Miguel Hern\\u00e1ndez - Global UMH\",\"isPartOf\":{\"@id\":\"https:\/\/internacional.umh.es\/en\/#website\"},\"primaryImageOfPage\":{\"@id\":\"https:\/\/internacional.umh.es\/ca\/cooperacion-y-voluntariado\/voluntariado\/voluntariado-en-ongs\/#primaryimage\"},\"datePublished\":\"2019-06-20T10:58:13+00:00\",\"dateModified\":\"2024-02-13T11:48:00+00:00\",\"description\":\"El \\u00c1rea de Cooperaci\\u00f3n al Desarrollo y Voluntariado de la UMH pretende contribuir a los 17 ODS en colaboraci\\u00f3n con las ONGs inter\/nacionales\",\"breadcrumb\":{\"@id\":\"https:\/\/internacional.umh.es\/ca\/cooperacion-y-voluntariado\/voluntariado\/voluntariado-en-ongs\/#breadcrumb\"},\"inLanguage\":\"en-US\",\"potentialAction\":[{\"@type\":\"ReadAction\",\"target\":[\"https:\/\/internacional.umh.es\/ca\/cooperacion-y-voluntariado\/voluntariado\/voluntariado-en-ongs\/\"]}]},{\"@type\":\"BreadcrumbList\",\"@id\":\"https:\/\/internacional.umh.es\/ca\/cooperacion-y-voluntariado\/voluntariado\/voluntariado-en-ongs\/#breadcrumb\",\"itemListElement\":[{\"@type\":\"ListItem\",\"position\":1,\"name\":\"Home\",\"item\":\"https:\/\/internacional.umh.es\/en\/\"},{\"@type\":\"ListItem\",\"position\":2,\"name\":\"COOPERACI\\u00d3 I VOLUNTARIAT\",\"item\":\"https:\/\/internacional.umh.es\/ca\/cooperacion-y-voluntariado\/\"},{\"@type\":\"ListItem\",\"position\":3,\"name\":\"Voluntariat\",\"item\":\"https:\/\/internacional.umh.es\/ca\/cooperacion-y-voluntariado\/voluntariado\/\"},{\"@type\":\"ListItem\",\"position\":4,\"name\":\"ONGs\"}]}]}<\/script>\n<!-- \/ Yoast SEO plugin. -->","yoast_head_json":{"description":"El \u00c1rea de Cooperaci\u00f3n al Desarrollo y Voluntariado de la UMH pretende contribuir a los 17 ODS en colaboraci\u00f3n con las ONGs inter\/nacionales","robots":{"index":"index","follow":"follow","max-snippet":"max-snippet:-1","max-image-preview":"max-image-preview:large","max-video-preview":"max-video-preview:-1"},"canonical":"https:\/\/internacional.umh.es\/en\/cooperacion-y-voluntariado\/voluntariado\/voluntariado-en-ongs\/","og_locale":"en_US","og_type":"article","og_title":"ONGs - Voluntariado Universidad Miguel Hern\u00e1ndez - Global UMH","og_description":"El \u00c1rea de Cooperaci\u00f3n al Desarrollo y Voluntariado de la UMH pretende contribuir a los 17 ODS en colaboraci\u00f3n con las ONGs inter\/nacionales","og_url":"https:\/\/internacional.umh.es\/ca\/cooperacion-y-voluntariado\/voluntariado\/voluntariado-en-ongs\/","og_site_name":"International Relations and Cooperation","article_modified_time":"2024-02-13T11:48:00+00:00","og_image":[{"url":"https:\/\/internacional.umh.es\/files\/2022\/11\/313110479_138727855579872_6602175999372580833_n-300x300.jpg"}],"twitter_card":"summary_large_image","twitter_misc":{"Est. reading time":"13 minutes"},"schema":{"@context":"https:\/\/schema.org","@graph":[{"@type":"WebSite","@id":"https:\/\/internacional.umh.es\/en\/#website","url":"https:\/\/internacional.umh.es\/en\/","name":"International Relations and Cooperation","description":"Miguel Hernandez University of Elche","potentialAction":[{"@type":"SearchAction","target":{"@type":"EntryPoint","urlTemplate":"https:\/\/internacional.umh.es\/en\/?s={search_term_string}"},"query-input":"required name=search_term_string"}],"inLanguage":"en-US"},{"@type":"ImageObject","@id":"https:\/\/internacional.umh.es\/ca\/cooperacion-y-voluntariado\/voluntariado\/voluntariado-en-ongs\/#primaryimage","inLanguage":"en-US","url":"https:\/\/internacional.umh.es\/files\/2022\/11\/313110479_138727855579872_6602175999372580833_n.jpg","contentUrl":"https:\/\/internacional.umh.es\/files\/2022\/11\/313110479_138727855579872_6602175999372580833_n.jpg","width":1080,"height":1080,"caption":"Pichiriqui dise\u00f1o"},{"@type":"WebPage","@id":"https:\/\/internacional.umh.es\/ca\/cooperacion-y-voluntariado\/voluntariado\/voluntariado-en-ongs\/#webpage","url":"https:\/\/internacional.umh.es\/ca\/cooperacion-y-voluntariado\/voluntariado\/voluntariado-en-ongs\/","name":"ONGs - Voluntariado Universidad Miguel Hern\u00e1ndez - Global UMH","isPartOf":{"@id":"https:\/\/internacional.umh.es\/en\/#website"},"primaryImageOfPage":{"@id":"https:\/\/internacional.umh.es\/ca\/cooperacion-y-voluntariado\/voluntariado\/voluntariado-en-ongs\/#primaryimage"},"datePublished":"2019-06-20T10:58:13+00:00","dateModified":"2024-02-13T11:48:00+00:00","description":"El \u00c1rea de Cooperaci\u00f3n al Desarrollo y Voluntariado de la UMH pretende contribuir a los 17 ODS en colaboraci\u00f3n con las ONGs inter\/nacionales","breadcrumb":{"@id":"https:\/\/internacional.umh.es\/ca\/cooperacion-y-voluntariado\/voluntariado\/voluntariado-en-ongs\/#breadcrumb"},"inLanguage":"en-US","potentialAction":[{"@type":"ReadAction","target":["https:\/\/internacional.umh.es\/ca\/cooperacion-y-voluntariado\/voluntariado\/voluntariado-en-ongs\/"]}]},{"@type":"BreadcrumbList","@id":"https:\/\/internacional.umh.es\/ca\/cooperacion-y-voluntariado\/voluntariado\/voluntariado-en-ongs\/#breadcrumb","itemListElement":[{"@type":"ListItem","position":1,"name":"Home","item":"https:\/\/internacional.umh.es\/en\/"},{"@type":"ListItem","position":2,"name":"COOPERACI\u00d3 I VOLUNTARIAT","item":"https:\/\/internacional.umh.es\/ca\/cooperacion-y-voluntariado\/"},{"@type":"ListItem","position":3,"name":"Voluntariat","item":"https:\/\/internacional.umh.es\/ca\/cooperacion-y-voluntariado\/voluntariado\/"},{"@type":"ListItem","position":4,"name":"ONGs"}]}]}},"_links":{"self":[{"href":"https:\/\/internacional.umh.es\/en\/wp-json\/wp\/v2\/pages\/11702"}],"collection":[{"href":"https:\/\/internacional.umh.es\/en\/wp-json\/wp\/v2\/pages"}],"about":[{"href":"https:\/\/internacional.umh.es\/en\/wp-json\/wp\/v2\/types\/page"}],"author":[{"embeddable":true,"href":"https:\/\/internacional.umh.es\/en\/wp-json\/wp\/v2\/users\/4274"}],"replies":[{"embeddable":true,"href":"https:\/\/internacional.umh.es\/en\/wp-json\/wp\/v2\/comments?post=11702"}],"version-history":[{"count":0,"href":"https:\/\/internacional.umh.es\/en\/wp-json\/wp\/v2\/pages\/11702\/revisions"}],"up":[{"embeddable":true,"href":"https:\/\/internacional.umh.es\/en\/wp-json\/wp\/v2\/pages\/7283"}],"wp:attachment":[{"href":"https:\/\/internacional.umh.es\/en\/wp-json\/wp\/v2\/media?parent=11702"}],"curies":[{"name":"wp","href":"https:\/\/api.w.org\/{rel}","templated":true}]}}