{"id":1300,"date":"2013-05-29T08:59:44","date_gmt":"2013-05-29T06:59:44","guid":{"rendered":"http:\/\/internacional.umh.es\/espanol\/"},"modified":"2015-10-29T11:10:50","modified_gmt":"2015-10-29T10:10:50","slug":"espanol-2","status":"publish","type":"page","link":"https:\/\/internacional.umh.es\/en\/espanol-2\/","title":{"rendered":"Spanish"},"content":{"rendered":"<p><strong>CURSOS DE ESPA\u00d1OL COMO LENGUA EXTRANJERA<\/strong><\/p>\n<p><strong>1\u00ba \u00a0CUATRIMESTRE 2015\/2016<\/strong><\/p>\n<p>Estos cursos tendr\u00e1n una duraci\u00f3n de 50 horas (4 horas semanales), y se impartir\u00e1n de octubre 2015 a\u00a0 enero 2015.<\/p>\n<p>Los grupos se conformar\u00e1n entre las personas matriculadas, no pudiendo ser el n\u00famero de integrantes de los mismos ni inferior a 10, ni superior a 25 personas.<\/p>\n<p><strong><u>\u00a0<\/u><\/strong><\/p>\n<p><strong><u>OFERTA DE CURSOS:<\/u><\/strong><\/p>\n<table width=\"548\">\n<tbody>\n<tr>\n<td width=\"105\"><strong>ELCHE<\/strong><\/td>\n<td width=\"104\"><\/td>\n<td width=\"66\"><\/td>\n<td width=\"132\"><\/td>\n<td width=\"76\"><\/td>\n<td width=\"66\"><\/td>\n<\/tr>\n<tr>\n<td width=\"105\"><strong>ESPA\u00d1OL<\/strong><\/td>\n<td width=\"104\"><\/td>\n<td width=\"66\"><\/td>\n<td width=\"132\"><\/td>\n<td width=\"76\"><\/td>\n<td width=\"66\"><\/td>\n<\/tr>\n<tr>\n<td width=\"105\"><\/td>\n<td width=\"104\"><\/td>\n<td width=\"66\"><\/td>\n<td width=\"132\"><\/td>\n<td width=\"76\"><strong>1\u00ba Cuatr.<\/strong><\/td>\n<td width=\"66\"><\/td>\n<\/tr>\n<tr>\n<td width=\"105\"><strong>Grupo<\/strong><\/td>\n<td width=\"104\"><strong>D\u00edas<\/strong><\/td>\n<td width=\"66\"><strong>Hora<\/strong><\/td>\n<td width=\"132\"><strong>Aula<\/strong><\/td>\n<td width=\"76\"><strong>Nivel<\/strong><\/td>\n<td width=\"66\"><strong>Plazas<\/strong><\/td>\n<\/tr>\n<tr>\n<td width=\"105\">OM00479<\/td>\n<td width=\"104\">Lunes + mi\u00e9rcoles<\/td>\n<td width=\"66\">14:00-16:00<\/td>\n<td width=\"132\">Ed. Torreblanca,<br \/>\naula 0.3<\/td>\n<td width=\"76\">B1.1<\/td>\n<td width=\"66\">20<\/td>\n<\/tr>\n<tr>\n<td width=\"105\">OM00480<\/td>\n<td width=\"104\">Lunes + mi\u00e9rcoles<\/td>\n<td width=\"66\">18:00-20:00<\/td>\n<td width=\"132\">Ed. Torreblanca,<br \/>\naula 0.2<\/td>\n<td width=\"76\">B1.2<\/td>\n<td width=\"66\">20<\/td>\n<\/tr>\n<tr>\n<td width=\"105\">OM00481<\/td>\n<td width=\"104\">Lunes + mi\u00e9rcoles<\/td>\n<td width=\"66\">16:00-18:00<\/td>\n<td width=\"132\">Ed. Torreblanca,<br \/>\naula 0.3<\/td>\n<td width=\"76\">B2.1<\/td>\n<td width=\"66\">20<\/td>\n<\/tr>\n<tr>\n<td width=\"105\"><\/td>\n<td width=\"104\"><\/td>\n<td width=\"66\"><\/td>\n<td width=\"132\"><\/td>\n<td width=\"76\"><\/td>\n<td width=\"66\"><\/td>\n<\/tr>\n<tr>\n<td width=\"105\"><\/td>\n<td width=\"104\"><\/td>\n<td width=\"66\"><\/td>\n<td width=\"132\"><\/td>\n<td width=\"76\"><\/td>\n<td width=\"66\"><\/td>\n<\/tr>\n<tr>\n<td width=\"105\"><strong>SAN JUAN<\/strong><\/td>\n<td width=\"104\"><\/td>\n<td width=\"66\"><\/td>\n<td width=\"132\"><\/td>\n<td width=\"76\"><\/td>\n<td width=\"66\"><\/td>\n<\/tr>\n<tr>\n<td width=\"105\"><strong>ESPA\u00d1OL<\/strong><\/td>\n<td width=\"104\"><\/td>\n<td width=\"66\"><\/td>\n<td width=\"132\"><\/td>\n<td width=\"76\"><\/td>\n<td width=\"66\"><\/td>\n<\/tr>\n<tr>\n<td width=\"105\"><\/td>\n<td width=\"104\"><\/td>\n<td width=\"66\"><\/td>\n<td width=\"132\"><\/td>\n<td width=\"76\"><strong>1\u00ba Cuatr.<\/strong><\/td>\n<td width=\"66\"><\/td>\n<\/tr>\n<tr>\n<td width=\"105\"><strong>Grupo<\/strong><\/td>\n<td width=\"104\"><strong>D\u00edas<\/strong><\/td>\n<td width=\"66\"><strong>Hora<\/strong><\/td>\n<td width=\"132\"><strong>Aula<\/strong><\/td>\n<td width=\"76\"><strong>Nivel<\/strong><\/td>\n<td width=\"66\"><strong>Plazas<\/strong><\/td>\n<\/tr>\n<tr>\n<td width=\"105\"><strong>\u00a0<\/strong><\/td>\n<td width=\"104\">S\u00e1bados<\/td>\n<td width=\"66\">10:00-14:00<\/td>\n<td width=\"132\">Ed. Balmis,<br \/>\naula 2<\/td>\n<td width=\"76\">B1.1<\/td>\n<td width=\"66\">20<\/td>\n<\/tr>\n<tr>\n<td width=\"105\"><strong>\u00a0<\/strong><\/td>\n<td width=\"104\">Martes + jueves<\/td>\n<td width=\"66\">19:00-21:00<\/td>\n<td width=\"132\">Ed. Balmis,<br \/>\naula 2<\/td>\n<td width=\"76\">B1.2<\/td>\n<td width=\"66\">20<\/td>\n<\/tr>\n<tr>\n<td width=\"105\"><strong>\u00a0<\/strong><\/td>\n<td width=\"104\">Martes + jueves<\/td>\n<td width=\"66\">13:00-15:00<\/td>\n<td width=\"132\">Ed. Balmis,<br \/>\naula 2<\/td>\n<td width=\"76\">B2.2<\/td>\n<td width=\"66\">20<\/td>\n<\/tr>\n<\/tbody>\n<\/table>\n<p><strong><u>\u00a0<\/u><\/strong><\/p>\n<p><strong><u>FECHAS DE INICIO Y FINALIZACI\u00d3N DE LOS CURSOS:<\/u><\/strong><\/p>\n<p>El curso de los s\u00e1bados comenzar\u00e1 el s\u00e1bado 17 de octubre 2015 y finalizar\u00e1n el 23 de enero 2016 (este \u00faltimo d\u00eda la clase ser\u00e1 de 2 horas).<\/p>\n<p>Los cursos de los lunes y mi\u00e9rcoles comenzar\u00e1n el lunes, 5 de octubre 2015 y finalizar\u00e1n el 18 de enero 2016.<\/p>\n<p>Los cursos de los martes y mi\u00e9rcoles comenzar\u00e1n el martes, 6 de octubre 2015 y finalizar\u00e1n el 19 de enero 2016.<\/p>\n<p><strong><u>D\u00cdAS NO LECTIVOS:<\/u><\/strong><\/p>\n<ul>\n<li>12 de octubre: d\u00eda de la Hispanidad<\/li>\n<li>7 de diciembre: festividad de la Constituci\u00f3n Espa\u00f1ola<\/li>\n<li>8 de diciembre: festividad Inmaculada Concepci\u00f3n<\/li>\n<li>Del 24\/12\/15 al 06\/01\/16: Navidad<\/li>\n<\/ul>\n<p><strong><u>\u00a0<\/u><\/strong><\/p>\n<p><strong><u>TARIFAS<\/u><\/strong><\/p>\n<p>&#8211;\u00a0\u00a0\u00a0\u00a0\u00a0\u00a0\u00a0\u00a0\u00a0 Comunidad universitaria UMH (Alumnos, PDI, PAS y alumni): 120 euros.<\/p>\n<p>&#8211;\u00a0\u00a0\u00a0\u00a0\u00a0\u00a0\u00a0\u00a0\u00a0 Personas ajenas a la UMH: 220 euros<\/p>\n<p><strong>\u00a0<\/strong><\/p>\n<p><strong><u>REQUISITOS PARA LA MATRICULACI\u00d3N<\/u><\/strong><\/p>\n<p>Para matricularse en los cursos los estudiantes deber\u00e1n tener conocimientos de espa\u00f1ol del nivel inmediatamente inferior al nivel del que se quieran matricular. Los interesados deber\u00e1n acreditar su nivel enviando\u00a0una copia (impresi\u00f3n de la pantalla) del resultado de la PRUEBA DE NIVEL del Instituto Cervantes obtenida, que certifique la capacitaci\u00f3n adecuada al nivel en que se inscribe a\u00a0<a href=\"mailto:apoyolinguistico@umh.es\">apoyolinguistico@umh.es<\/a>\u00a0. Para realizar la prueba de nivel del Instituto Cervantes:<\/p>\n<p><a href=\"http:\/\/ave.cervantes.es\/prueba_nivel\/registro\/test_de_clasificacion.php\">http:\/\/ave.cervantes.es\/prueba_nivel\/registro\/test_de_clasificacion.php<\/a><\/p>\n<p><u>\u00a0<\/u><\/p>\n<p><strong><u>MATRICULACI\u00d3N<\/u><\/strong><\/p>\n<p>El plazo de matriculaci\u00f3n a los cursos y pago del recibo de tasas ser\u00e1 desde el d\u00eda 18 al 30 de septiembre de 2015. (ambos inclusive) independientemente de la fecha de emisi\u00f3n del recibo y de la fecha que figura como \u00faltimo d\u00eda de pago en el mismo. \u00a0Para matricularte\u00a0<a href=\"https:\/\/universite.umh.es\/fpogestion\/aspx\/Preinscripcion\/Preinscripcion.aspx\">PINCHA AQU\u00cd<\/a>.<\/p>\n<p><strong>Ayuda<\/strong>:\u00a0<a href=\"https:\/\/internacional.umh.es\/files\/2013\/05\/Instrucciones-para-la-preinscripci\u00f3n-a-los-cursos.pdf\">Instrucciones para la preinscripci\u00f3n a los cursos<\/a><\/p>\n<p><strong><u>DEVOLUCI\u00d3N DE TASAS DE MATR\u00cdCULA<\/u><\/strong><\/p>\n<p>\u00danicamente se proceder\u00e1 a la devoluci\u00f3n del 100 % del importe de la matr\u00edcula en el caso de cancelaci\u00f3n del curso.<\/p>\n<p><strong><u>ACREDITACI\u00d3N<\/u><\/strong><\/p>\n<p>Los alumnos que hayan superado el examen final recibir\u00e1n una certificaci\u00f3n del aprovechamiento del curso. En ning\u00fan caso este documento ser\u00e1 equivalente a los otorgados por\u00a0el Instituto Cervantes, la EOI, etc. \u00a0Esta certificaci\u00f3n s\u00f3lo se consigue mediante la realizaci\u00f3n del examen libre en el centro examinador correspondiente.<\/p>\n<p><strong>\u00a0<u>INFORMACI\u00d3N<\/u><\/strong><\/p>\n<p>Servicio de Relaciones Internacionales, Cooperaci\u00f3n al Desarrollo y Voluntariado<br \/>\nAvenida de la Universidad, s\/n \u2013 03202 \u2013 Elche \u2013 Alicante \u2013 Espa\u00f1a<br \/>\nTel\u00e9fono:\u00a0+ 34 966 658 710\u00a0 Fax: + 34 966 658 705<br \/>\nE-mail:\u00a0<a href=\"mailto:apoyolinguistico@umh.es\">apoyolinguistico@umh.es<\/a><\/p>\n<p>S\u00edguenos en\u00a0<a href=\"https:\/\/www.facebook.com\/pages\/ORI-UMH\/188723034499715\"><img loading=\"lazy\" title=\"facebook\" src=\"https:\/\/internacional.umh.es\/files\/2013\/01\/facebook.png\" alt=\"\" width=\"20\" height=\"20\" \/><\/a><\/p>\n<h2><\/h2>\n<h2><\/h2>\n<p><\/p>","protected":false},"excerpt":{"rendered":"<p>CURSOS DE ESPA\u00d1OL COMO LENGUA EXTRANJERA<br \/>\n1\u00ba \u00a0CUATRIMESTRE 2015\/2016<br \/>\nEstos cursos tendr\u00e1n una duraci\u00f3n de 50 horas (4 horas semanales), y se impartir\u00e1n de octubre 2015 a\u00a0 enero 2015.<br \/>\nLos grupos se conformar\u00e1n entre las personas matriculadas, no pudiendo ser el n\u00famero de integrantes de los mismos ni inferior a 10, ni superior a 25 personas.<br \/>\n\u00a0<br \/>\nOFERTA DE CURSOS:<\/p>\n<p>ELCHE<\/p>\n<p>ESPA\u00d1OL<\/p>\n<p>1\u00ba [&#8230;]<\/p>\n","protected":false},"author":30,"featured_media":0,"parent":0,"menu_order":3,"comment_status":"closed","ping_status":"closed","template":"","meta":{"ngg_post_thumbnail":0,"_links_to":"","_links_to_target":""},"yoast_head":"<!-- This site is optimized with the Yoast SEO plugin v17.5 - https:\/\/yoast.com\/wordpress\/plugins\/seo\/ -->\n<meta name=\"robots\" content=\"index, follow, max-snippet:-1, max-image-preview:large, max-video-preview:-1\" \/>\n<link rel=\"canonical\" href=\"https:\/\/internacional.umh.es\/en\/espanol-2\/\" \/>\n<meta property=\"og:locale\" content=\"en_US\" \/>\n<meta property=\"og:type\" content=\"article\" \/>\n<meta property=\"og:title\" content=\"Espa\u00f1olSpanish - International Relations and Cooperation\" \/>\n<meta property=\"og:description\" content=\"CURSOS DE ESPA\u00d1OL COMO LENGUA EXTRANJERA 1\u00ba \u00a0CUATRIMESTRE 2015\/2016 Estos cursos tendr\u00e1n una duraci\u00f3n de 50 horas (4 horas semanales), y se impartir\u00e1n de octubre 2015 a\u00a0 enero 2015. Los grupos se conformar\u00e1n entre las personas matriculadas, no pudiendo ser el n\u00famero de integrantes de los mismos ni inferior a 10, ni superior a 25 personas. \u00a0 OFERTA DE CURSOS:  ELCHE    ESPA\u00d1OL      1\u00ba [...]\" \/>\n<meta property=\"og:url\" content=\"https:\/\/internacional.umh.es\/en\/espanol-2\/\" \/>\n<meta property=\"og:site_name\" content=\"International Relations and Cooperation\" \/>\n<meta property=\"article:modified_time\" content=\"2015-10-29T10:10:50+00:00\" \/>\n<meta property=\"og:image\" content=\"https:\/\/internacional.umh.es\/files\/2013\/01\/facebook.png\" \/>\n<meta name=\"twitter:card\" content=\"summary_large_image\" \/>\n<meta name=\"twitter:label1\" content=\"Est. reading time\" \/>\n\t<meta name=\"twitter:data1\" content=\"8 minutes\" \/>\n<script type=\"application\/ld+json\" class=\"yoast-schema-graph\">{\"@context\":\"https:\/\/schema.org\",\"@graph\":[{\"@type\":\"WebSite\",\"@id\":\"https:\/\/internacional.umh.es\/en\/#website\",\"url\":\"https:\/\/internacional.umh.es\/en\/\",\"name\":\"International Relations and Cooperation\",\"description\":\"Miguel Hernandez University of Elche\",\"potentialAction\":[{\"@type\":\"SearchAction\",\"target\":{\"@type\":\"EntryPoint\",\"urlTemplate\":\"https:\/\/internacional.umh.es\/en\/?s={search_term_string}\"},\"query-input\":\"required name=search_term_string\"}],\"inLanguage\":\"en-US\"},{\"@type\":\"ImageObject\",\"@id\":\"https:\/\/internacional.umh.es\/en\/espanol-2\/#primaryimage\",\"inLanguage\":\"en-US\",\"url\":\"https:\/\/internacional.umh.es\/files\/2013\/01\/facebook.png\",\"contentUrl\":\"https:\/\/internacional.umh.es\/files\/2013\/01\/facebook.png\",\"width\":\"16\",\"height\":\"16\",\"caption\":\"Facebook icono\"},{\"@type\":\"WebPage\",\"@id\":\"https:\/\/internacional.umh.es\/en\/espanol-2\/#webpage\",\"url\":\"https:\/\/internacional.umh.es\/en\/espanol-2\/\",\"name\":\"Espa\\u00f1olSpanish - International Relations and Cooperation\",\"isPartOf\":{\"@id\":\"https:\/\/internacional.umh.es\/en\/#website\"},\"primaryImageOfPage\":{\"@id\":\"https:\/\/internacional.umh.es\/en\/espanol-2\/#primaryimage\"},\"datePublished\":\"2013-05-29T06:59:44+00:00\",\"dateModified\":\"2015-10-29T10:10:50+00:00\",\"breadcrumb\":{\"@id\":\"https:\/\/internacional.umh.es\/en\/espanol-2\/#breadcrumb\"},\"inLanguage\":\"en-US\",\"potentialAction\":[{\"@type\":\"ReadAction\",\"target\":[\"https:\/\/internacional.umh.es\/en\/espanol-2\/\"]}]},{\"@type\":\"BreadcrumbList\",\"@id\":\"https:\/\/internacional.umh.es\/en\/espanol-2\/#breadcrumb\",\"itemListElement\":[{\"@type\":\"ListItem\",\"position\":1,\"name\":\"Home\",\"item\":\"https:\/\/internacional.umh.es\/en\/\"},{\"@type\":\"ListItem\",\"position\":2,\"name\":\"Espa\\u00f1ol\"}]}]}<\/script>\n<!-- \/ Yoast SEO plugin. -->","yoast_head_json":{"robots":{"index":"index","follow":"follow","max-snippet":"max-snippet:-1","max-image-preview":"max-image-preview:large","max-video-preview":"max-video-preview:-1"},"canonical":"https:\/\/internacional.umh.es\/en\/espanol-2\/","og_locale":"en_US","og_type":"article","og_title":"Espa\u00f1olSpanish - International Relations and Cooperation","og_description":"CURSOS DE ESPA\u00d1OL COMO LENGUA EXTRANJERA 1\u00ba \u00a0CUATRIMESTRE 2015\/2016 Estos cursos tendr\u00e1n una duraci\u00f3n de 50 horas (4 horas semanales), y se impartir\u00e1n de octubre 2015 a\u00a0 enero 2015. Los grupos se conformar\u00e1n entre las personas matriculadas, no pudiendo ser el n\u00famero de integrantes de los mismos ni inferior a 10, ni superior a 25 personas. \u00a0 OFERTA DE CURSOS:  ELCHE    ESPA\u00d1OL      1\u00ba [...]","og_url":"https:\/\/internacional.umh.es\/en\/espanol-2\/","og_site_name":"International Relations and Cooperation","article_modified_time":"2015-10-29T10:10:50+00:00","og_image":[{"url":"https:\/\/internacional.umh.es\/files\/2013\/01\/facebook.png"}],"twitter_card":"summary_large_image","twitter_misc":{"Est. reading time":"8 minutes"},"schema":{"@context":"https:\/\/schema.org","@graph":[{"@type":"WebSite","@id":"https:\/\/internacional.umh.es\/en\/#website","url":"https:\/\/internacional.umh.es\/en\/","name":"International Relations and Cooperation","description":"Miguel Hernandez University of Elche","potentialAction":[{"@type":"SearchAction","target":{"@type":"EntryPoint","urlTemplate":"https:\/\/internacional.umh.es\/en\/?s={search_term_string}"},"query-input":"required name=search_term_string"}],"inLanguage":"en-US"},{"@type":"ImageObject","@id":"https:\/\/internacional.umh.es\/en\/espanol-2\/#primaryimage","inLanguage":"en-US","url":"https:\/\/internacional.umh.es\/files\/2013\/01\/facebook.png","contentUrl":"https:\/\/internacional.umh.es\/files\/2013\/01\/facebook.png","width":"16","height":"16","caption":"Facebook icono"},{"@type":"WebPage","@id":"https:\/\/internacional.umh.es\/en\/espanol-2\/#webpage","url":"https:\/\/internacional.umh.es\/en\/espanol-2\/","name":"Espa\u00f1olSpanish - International Relations and Cooperation","isPartOf":{"@id":"https:\/\/internacional.umh.es\/en\/#website"},"primaryImageOfPage":{"@id":"https:\/\/internacional.umh.es\/en\/espanol-2\/#primaryimage"},"datePublished":"2013-05-29T06:59:44+00:00","dateModified":"2015-10-29T10:10:50+00:00","breadcrumb":{"@id":"https:\/\/internacional.umh.es\/en\/espanol-2\/#breadcrumb"},"inLanguage":"en-US","potentialAction":[{"@type":"ReadAction","target":["https:\/\/internacional.umh.es\/en\/espanol-2\/"]}]},{"@type":"BreadcrumbList","@id":"https:\/\/internacional.umh.es\/en\/espanol-2\/#breadcrumb","itemListElement":[{"@type":"ListItem","position":1,"name":"Home","item":"https:\/\/internacional.umh.es\/en\/"},{"@type":"ListItem","position":2,"name":"Espa\u00f1ol"}]}]}},"_links":{"self":[{"href":"https:\/\/internacional.umh.es\/en\/wp-json\/wp\/v2\/pages\/1300"}],"collection":[{"href":"https:\/\/internacional.umh.es\/en\/wp-json\/wp\/v2\/pages"}],"about":[{"href":"https:\/\/internacional.umh.es\/en\/wp-json\/wp\/v2\/types\/page"}],"author":[{"embeddable":true,"href":"https:\/\/internacional.umh.es\/en\/wp-json\/wp\/v2\/users\/30"}],"replies":[{"embeddable":true,"href":"https:\/\/internacional.umh.es\/en\/wp-json\/wp\/v2\/comments?post=1300"}],"version-history":[{"count":0,"href":"https:\/\/internacional.umh.es\/en\/wp-json\/wp\/v2\/pages\/1300\/revisions"}],"wp:attachment":[{"href":"https:\/\/internacional.umh.es\/en\/wp-json\/wp\/v2\/media?parent=1300"}],"curies":[{"name":"wp","href":"https:\/\/api.w.org\/{rel}","templated":true}]}}