{"id":13821,"date":"2019-11-26T14:47:58","date_gmt":"2019-11-26T13:47:58","guid":{"rendered":"https:\/\/internacional.umh.es\/?page_id=13821"},"modified":"2025-07-02T08:55:00","modified_gmt":"2025-07-02T06:55:00","slug":"ayudas-para-tfg-tfm-td-y-practicas","status":"publish","type":"page","link":"https:\/\/internacional.umh.es\/en\/cooperacion-y-voluntariado\/convocatorias\/ayudas-para-tfg-tfm-td-y-practicas\/","title":{"rendered":"Support for Final Degree Projects, Final Master\u2019s Projects and Traineeships on the SDGs"},"content":{"rendered":"<p><\/p>\n<h3><strong>2021 UMH &amp; GV DEVELOPMENT COOPERATION PROGRAM<\/strong><\/h3>\n<p><strong>FINANCIAL AID FOR MASTER&#8217;S IN DEVELOPMENT COOPERATION INTERNSHIPS<\/strong><\/p>\n<p style=\"text-align: justify\">The Vice Rectorate for International Relations at the Miguel Hern\u00e1ndez University of Elche hereby publishes the resolution that announces UMH financial aid to carry out internships in a foreign country for the joint Master\u2019s in Development Cooperation in the specialty of \u201cHealth in Developing Countries.\u201d<\/p>\n<p><strong><span style=\"color: #ff0000\">(27 September 2022):<\/span> <a href=\"https:\/\/internacional.umh.es\/files\/2022\/09\/ES_U05500001_2022_DOCH-0000000000000000000215871.pdf\" title=\"You'll see it in a new window\" target=\"_blank\" rel=\"noopener\">The  definitive list of accepted applications is available for consultation by clicking this link (206kB .pdf)<\/a><\/span><\/strong><\/p>\n<p style=\"text-align: justify\"><strong><span style=\"color: #ff0000\">(20 July 2022)<\/span>:<\/strong> Link to the call as published in the Official Gazette of the Generalitat Valenciana: <a href=\"https:\/\/dogv.gva.es\/datos\/2022\/07\/20\/pdf\/2022_6821.pdf\" title=\"You'll see it in a new window\" target=\"_blank\" rel=\"noopener\">Publication in the Gazette of the Generalitat Valenciana (172Kb .pdf)<\/a><\/p>\n<p style=\"text-align: justify\">The period for submitting applications is open July 21 \u2013 August 3, 2022.<\/p>\n<p style=\"text-align: justify\">This call is part of the 2021 University Development Cooperation of the Miguel Hern\u00e1ndez University of Elche project, which is a result of the collaboration agreement signed between the Generalitat Valenciana, through its Ministry of Participation, Transparency, Cooperation and Democratic Quality, and the Miguel Hern\u00e1ndez University of Elche.<\/p>\n<p>&nbsp;<\/p>","protected":false},"excerpt":{"rendered":"<p>2021 UMH &amp; GV DEVELOPMENT COOPERATION PROGRAM<br \/>\nFINANCIAL AID FOR MASTER&#8217;S IN DEVELOPMENT COOPERATION INTERNSHIPS<br \/>\nThe Vice Rectorate for International Relations at the Miguel Hern\u00e1ndez University of Elche hereby publishes the resolution that announces UMH financial aid to carry out internships in a foreign country for the joint Master\u2019s in Development Cooperation in the specialty of \u201cHealth [&#8230;]<\/p>\n","protected":false},"author":4274,"featured_media":0,"parent":8048,"menu_order":0,"comment_status":"closed","ping_status":"closed","template":"","meta":{"ngg_post_thumbnail":0,"_links_to":"","_links_to_target":""},"yoast_head":"<!-- This site is optimized with the Yoast SEO plugin v17.5 - https:\/\/yoast.com\/wordpress\/plugins\/seo\/ -->\n<meta name=\"description\" content=\"Ayudas UMH para realizar en el extranjero las pr\u00e1cticas externas correspondientes al M\u00e1ster Interuniversitario en Cooperaci\u00f3n al Desarrollo\" \/>\n<meta name=\"robots\" content=\"index, follow, max-snippet:-1, max-image-preview:large, max-video-preview:-1\" \/>\n<link rel=\"canonical\" href=\"https:\/\/internacional.umh.es\/en\/cooperacion-y-voluntariado\/convocatorias\/ayudas-para-tfg-tfm-td-y-practicas\/\" \/>\n<meta property=\"og:locale\" content=\"en_US\" \/>\n<meta property=\"og:type\" content=\"article\" \/>\n<meta property=\"og:title\" content=\"Support for Final Degree Projects, Final Master\u2019s Projects and Traineeships on the SDGs - International Relations and Cooperation\" \/>\n<meta property=\"og:description\" content=\"Ayudas UMH para realizar en el extranjero las pr\u00e1cticas externas correspondientes al M\u00e1ster Interuniversitario en Cooperaci\u00f3n al Desarrollo\" \/>\n<meta property=\"og:url\" content=\"https:\/\/internacional.umh.es\/ca\/cooperacion-y-voluntariado\/convocatorias\/ayudas-para-tfg-tfm-td-y-practicas\/\" \/>\n<meta property=\"og:site_name\" content=\"International Relations and Cooperation\" \/>\n<meta property=\"article:modified_time\" content=\"2025-07-02T06:55:00+00:00\" \/>\n<meta property=\"og:image\" content=\"https:\/\/internacional.umh.es\/files\/2025\/04\/Publicaciones-Instagram-49-300x300.png\" \/>\n<meta name=\"twitter:card\" content=\"summary_large_image\" \/>\n<meta name=\"twitter:label1\" content=\"Est. reading time\" \/>\n\t<meta name=\"twitter:data1\" content=\"5 minutes\" \/>\n<script type=\"application\/ld+json\" class=\"yoast-schema-graph\">{\"@context\":\"https:\/\/schema.org\",\"@graph\":[{\"@type\":\"WebSite\",\"@id\":\"https:\/\/internacional.umh.es\/en\/#website\",\"url\":\"https:\/\/internacional.umh.es\/en\/\",\"name\":\"International Relations and Cooperation\",\"description\":\"Miguel Hernandez University of Elche\",\"potentialAction\":[{\"@type\":\"SearchAction\",\"target\":{\"@type\":\"EntryPoint\",\"urlTemplate\":\"https:\/\/internacional.umh.es\/en\/?s={search_term_string}\"},\"query-input\":\"required name=search_term_string\"}],\"inLanguage\":\"en-US\"},{\"@type\":\"ImageObject\",\"@id\":\"https:\/\/internacional.umh.es\/ca\/cooperacion-y-voluntariado\/convocatorias\/ayudas-para-tfg-tfm-td-y-practicas\/#primaryimage\",\"inLanguage\":\"en-US\",\"url\":\"https:\/\/internacional.umh.es\/files\/2025\/04\/Publicaciones-Instagram-49.png\",\"contentUrl\":\"https:\/\/internacional.umh.es\/files\/2025\/04\/Publicaciones-Instagram-49.png\",\"width\":1080,\"height\":1080},{\"@type\":\"WebPage\",\"@id\":\"https:\/\/internacional.umh.es\/ca\/cooperacion-y-voluntariado\/convocatorias\/ayudas-para-tfg-tfm-td-y-practicas\/#webpage\",\"url\":\"https:\/\/internacional.umh.es\/ca\/cooperacion-y-voluntariado\/convocatorias\/ayudas-para-tfg-tfm-td-y-practicas\/\",\"name\":\"Support for Final Degree Projects, Final Master\\u2019s Projects and Traineeships on the SDGs - International Relations and Cooperation\",\"isPartOf\":{\"@id\":\"https:\/\/internacional.umh.es\/en\/#website\"},\"primaryImageOfPage\":{\"@id\":\"https:\/\/internacional.umh.es\/ca\/cooperacion-y-voluntariado\/convocatorias\/ayudas-para-tfg-tfm-td-y-practicas\/#primaryimage\"},\"datePublished\":\"2019-11-26T13:47:58+00:00\",\"dateModified\":\"2025-07-02T06:55:00+00:00\",\"description\":\"Ayudas UMH para realizar en el extranjero las pr\\u00e1cticas externas correspondientes al M\\u00e1ster Interuniversitario en Cooperaci\\u00f3n al Desarrollo\",\"breadcrumb\":{\"@id\":\"https:\/\/internacional.umh.es\/ca\/cooperacion-y-voluntariado\/convocatorias\/ayudas-para-tfg-tfm-td-y-practicas\/#breadcrumb\"},\"inLanguage\":\"en-US\",\"potentialAction\":[{\"@type\":\"ReadAction\",\"target\":[\"https:\/\/internacional.umh.es\/ca\/cooperacion-y-voluntariado\/convocatorias\/ayudas-para-tfg-tfm-td-y-practicas\/\"]}]},{\"@type\":\"BreadcrumbList\",\"@id\":\"https:\/\/internacional.umh.es\/ca\/cooperacion-y-voluntariado\/convocatorias\/ayudas-para-tfg-tfm-td-y-practicas\/#breadcrumb\",\"itemListElement\":[{\"@type\":\"ListItem\",\"position\":1,\"name\":\"Home\",\"item\":\"https:\/\/internacional.umh.es\/en\/\"},{\"@type\":\"ListItem\",\"position\":2,\"name\":\"COOPERACI\\u00d3 I VOLUNTARIAT\",\"item\":\"https:\/\/internacional.umh.es\/ca\/cooperacion-y-voluntariado\/\"},{\"@type\":\"ListItem\",\"position\":3,\"name\":\"Convocat\\u00f2ries\",\"item\":\"https:\/\/internacional.umh.es\/ca\/cooperacion-y-voluntariado\/convocatorias\/\"},{\"@type\":\"ListItem\",\"position\":4,\"name\":\"Ajudes per a TFG, TFM i pr\\u00e0ctiques sobre ODS\"}]}]}<\/script>\n<!-- \/ Yoast SEO plugin. -->","yoast_head_json":{"description":"Ayudas UMH para realizar en el extranjero las pr\u00e1cticas externas correspondientes al M\u00e1ster Interuniversitario en Cooperaci\u00f3n al Desarrollo","robots":{"index":"index","follow":"follow","max-snippet":"max-snippet:-1","max-image-preview":"max-image-preview:large","max-video-preview":"max-video-preview:-1"},"canonical":"https:\/\/internacional.umh.es\/en\/cooperacion-y-voluntariado\/convocatorias\/ayudas-para-tfg-tfm-td-y-practicas\/","og_locale":"en_US","og_type":"article","og_title":"Support for Final Degree Projects, Final Master\u2019s Projects and Traineeships on the SDGs - International Relations and Cooperation","og_description":"Ayudas UMH para realizar en el extranjero las pr\u00e1cticas externas correspondientes al M\u00e1ster Interuniversitario en Cooperaci\u00f3n al Desarrollo","og_url":"https:\/\/internacional.umh.es\/ca\/cooperacion-y-voluntariado\/convocatorias\/ayudas-para-tfg-tfm-td-y-practicas\/","og_site_name":"International Relations and Cooperation","article_modified_time":"2025-07-02T06:55:00+00:00","og_image":[{"url":"https:\/\/internacional.umh.es\/files\/2025\/04\/Publicaciones-Instagram-49-300x300.png"}],"twitter_card":"summary_large_image","twitter_misc":{"Est. reading time":"5 minutes"},"schema":{"@context":"https:\/\/schema.org","@graph":[{"@type":"WebSite","@id":"https:\/\/internacional.umh.es\/en\/#website","url":"https:\/\/internacional.umh.es\/en\/","name":"International Relations and Cooperation","description":"Miguel Hernandez University of Elche","potentialAction":[{"@type":"SearchAction","target":{"@type":"EntryPoint","urlTemplate":"https:\/\/internacional.umh.es\/en\/?s={search_term_string}"},"query-input":"required name=search_term_string"}],"inLanguage":"en-US"},{"@type":"ImageObject","@id":"https:\/\/internacional.umh.es\/ca\/cooperacion-y-voluntariado\/convocatorias\/ayudas-para-tfg-tfm-td-y-practicas\/#primaryimage","inLanguage":"en-US","url":"https:\/\/internacional.umh.es\/files\/2025\/04\/Publicaciones-Instagram-49.png","contentUrl":"https:\/\/internacional.umh.es\/files\/2025\/04\/Publicaciones-Instagram-49.png","width":1080,"height":1080},{"@type":"WebPage","@id":"https:\/\/internacional.umh.es\/ca\/cooperacion-y-voluntariado\/convocatorias\/ayudas-para-tfg-tfm-td-y-practicas\/#webpage","url":"https:\/\/internacional.umh.es\/ca\/cooperacion-y-voluntariado\/convocatorias\/ayudas-para-tfg-tfm-td-y-practicas\/","name":"Support for Final Degree Projects, Final Master\u2019s Projects and Traineeships on the SDGs - International Relations and Cooperation","isPartOf":{"@id":"https:\/\/internacional.umh.es\/en\/#website"},"primaryImageOfPage":{"@id":"https:\/\/internacional.umh.es\/ca\/cooperacion-y-voluntariado\/convocatorias\/ayudas-para-tfg-tfm-td-y-practicas\/#primaryimage"},"datePublished":"2019-11-26T13:47:58+00:00","dateModified":"2025-07-02T06:55:00+00:00","description":"Ayudas UMH para realizar en el extranjero las pr\u00e1cticas externas correspondientes al M\u00e1ster Interuniversitario en Cooperaci\u00f3n al Desarrollo","breadcrumb":{"@id":"https:\/\/internacional.umh.es\/ca\/cooperacion-y-voluntariado\/convocatorias\/ayudas-para-tfg-tfm-td-y-practicas\/#breadcrumb"},"inLanguage":"en-US","potentialAction":[{"@type":"ReadAction","target":["https:\/\/internacional.umh.es\/ca\/cooperacion-y-voluntariado\/convocatorias\/ayudas-para-tfg-tfm-td-y-practicas\/"]}]},{"@type":"BreadcrumbList","@id":"https:\/\/internacional.umh.es\/ca\/cooperacion-y-voluntariado\/convocatorias\/ayudas-para-tfg-tfm-td-y-practicas\/#breadcrumb","itemListElement":[{"@type":"ListItem","position":1,"name":"Home","item":"https:\/\/internacional.umh.es\/en\/"},{"@type":"ListItem","position":2,"name":"COOPERACI\u00d3 I VOLUNTARIAT","item":"https:\/\/internacional.umh.es\/ca\/cooperacion-y-voluntariado\/"},{"@type":"ListItem","position":3,"name":"Convocat\u00f2ries","item":"https:\/\/internacional.umh.es\/ca\/cooperacion-y-voluntariado\/convocatorias\/"},{"@type":"ListItem","position":4,"name":"Ajudes per a TFG, TFM i pr\u00e0ctiques sobre ODS"}]}]}},"_links":{"self":[{"href":"https:\/\/internacional.umh.es\/en\/wp-json\/wp\/v2\/pages\/13821"}],"collection":[{"href":"https:\/\/internacional.umh.es\/en\/wp-json\/wp\/v2\/pages"}],"about":[{"href":"https:\/\/internacional.umh.es\/en\/wp-json\/wp\/v2\/types\/page"}],"author":[{"embeddable":true,"href":"https:\/\/internacional.umh.es\/en\/wp-json\/wp\/v2\/users\/4274"}],"replies":[{"embeddable":true,"href":"https:\/\/internacional.umh.es\/en\/wp-json\/wp\/v2\/comments?post=13821"}],"version-history":[{"count":0,"href":"https:\/\/internacional.umh.es\/en\/wp-json\/wp\/v2\/pages\/13821\/revisions"}],"up":[{"embeddable":true,"href":"https:\/\/internacional.umh.es\/en\/wp-json\/wp\/v2\/pages\/8048"}],"wp:attachment":[{"href":"https:\/\/internacional.umh.es\/en\/wp-json\/wp\/v2\/media?parent=13821"}],"curies":[{"name":"wp","href":"https:\/\/api.w.org\/{rel}","templated":true}]}}