{"id":1456,"date":"2013-09-19T09:39:41","date_gmt":"2013-09-19T07:39:41","guid":{"rendered":"http:\/\/internacional.umh.es\/?page_id=1456"},"modified":"2024-04-18T13:25:41","modified_gmt":"2024-04-18T11:25:41","slug":"visado","status":"publish","type":"page","link":"https:\/\/internacional.umh.es\/en\/incoming\/welcome-office\/visado\/","title":{"rendered":"Student visas"},"content":{"rendered":"<p><img loading=\"lazy\" class=\"size-medium wp-image-26894 alignleft\" title=\"Future Erasmus students must apply for a Visa (before travelling to Spain)\" src=\"https:\/\/internacional.umh.es\/files\/2022\/06\/passport-6545010_1280-300x200.jpg\" alt=\"French Visa Passport luggage\" width=\"270\" height=\"180\" srcset=\"https:\/\/internacional.umh.es\/files\/2022\/06\/passport-6545010_1280-300x200.jpg 300w, https:\/\/internacional.umh.es\/files\/2022\/06\/passport-6545010_1280-1024x682.jpg 1024w, https:\/\/internacional.umh.es\/files\/2022\/06\/passport-6545010_1280-768x512.jpg 768w, https:\/\/internacional.umh.es\/files\/2022\/06\/passport-6545010_1280.jpg 1280w\" sizes=\"(max-width: 270px) 100vw, 270px\" \/><\/p>\n<p style=\"text-align: justify\">Foreign nationals who receive authorization to remain in Spain for periods longer than 90 days and whose sole or main purpose is to carry out any of the following non-working activities must apply for a visa before they travel to Spain and then, upon arrival to Spain, request a Foreigner Identity Card (TIE). These activities include:<\/p>\n<ul>\n<li>Completion or extension of education at an authorization educational center in Spain in a full-time program that leads to the conferral of a diploma or certificate of studies.<\/li>\n<li>Carrying out research or training activities without prejudice to the special regimen of investigators.<\/li>\n<li>Participation in a student mobility program to follow a secondary and\/or baccalaureate education program at an officially recognized teaching or scientific center.<\/li>\n<li>Carrying out non-working internships at an officially recognized organism, public or private entity, or vocational training center that is within the framework of agreement created for said purpose.<\/li>\n<li>Provision of volunteer activities within a program that pursues objectives that are general in nature.<\/li>\n<\/ul>\n<p style=\"text-align: justify\">Students from the following countries do not need a visa PROVIDED THEIR STAY DOES NOT EXCEED 90 DAYS:<\/p>\n<ul>\n<li>Europe: EU member states, Andorra, Monaco, San Marino, The Holy See.<\/li>\n<li>Americas: Argentina, Bolivia, Brazil, Canada, Chile, El Salvador, Guatemala, Honduras, Mexico, Nicaragua, Panama, Paraguay, United States, Uruguay, Venezuela.<\/li>\n<li>Others: Australia, Brunei, Israel, Japan, Malaysia, New Zealand, Singapore, South Korea.<\/li>\n<\/ul>\n<p style=\"text-align: justify\">For stays in Spain that are going to exceed 180 days, students must apply for a student visa and, once in Spain, they must request a Foreigner Identity Card (TIE) within 30 days upon their arrival.<\/p>\n<p style=\"text-align: justify\">For stays in Spain lasting between 90 and 180 days, students must apply for a student visa, but requesting a Foreigner Identity Card for studying is not necessary; in these cases, a student visa is sufficient.<\/p>\n<p style=\"text-align: justify\">Students whose country of origin does not appear in the preceding list must apply for a student visa and, once they arrive within Spain, must request a Foreigner Identity Card within 30 days upon their arrival.<\/p>\n<hr>\n<h2><strong>Visa<\/strong><\/h2>\n<p style=\"text-align: justify\">A visa is applied for exclusively at the Embassy of Spain or a diplomatic mission in the applicant\u2019s country of residence. Interested students must be aware of the time required for obtaining said visa in order to receive it on time, before beginning the trip.<\/p>\n<p style=\"text-align: justify\">Required documentation for applying for a visa includes:<\/p>\n<ul>\n<li>Visa application form, duly completed with capital letters (available at the embassy or consulate).<\/li>\n<li>Four recent passport-size photographs, adhered to each of form\u2019s four pages.<\/li>\n<li>A passport that is valid for a minimum of 120 days (original and 1 photocopy of its first three pages, along with the page that shows that it has been renewed, if necessary).<\/li>\n<li>Documentation (original and one photocopy) that accredits compliance with the following requirements:\n<ul>\n<li>Having been formally admitted and pre-registered as a student or investigator at a public or private center or establishment, authorized and\/or recognized by the relevant authorities, wherein you must study or carry out your research as a main activity, with a schedule that entails attendance and for a period of not less than 3 months, in accordance with an approved curriculum or research plan.<\/li>\n<li>Possess guaranteed economic means necessary for covering the costs of your education, as well as expenses during the stay and return home to the country of origin (through savings, credit, support from parents or tutors, etc., accredited by bank statements, fixed-term deposits, payroll receipts, etc.), or the grant nomination letter that shows the economic conditions of the grant obtained.<\/li>\n<li>Have medical insurance.<\/li>\n<li>Medical certificate by a professional authorized by either the embassy or consulate.<\/li>\n<li>Certificate of criminal record that states that the student has no criminal record.<\/li>\n<\/ul>\n<\/li>\n<\/ul>\n<p style=\"text-align: justify\">We recommended checking this list with the corresponding Embassy of Spain in case changes are made to the documents that must be submitted.<\/p>\n<p style=\"text-align: justify\">Upon arrival to Spain AND WITHIN 30 DAYS, each student must go to the <a href=\"http:\/\/www.consultor.com\/oue\/\" target=\"_blank\" title=\"You'll see it in a new window\" rel=\"noopener noreferrer\">Oficina de Extranjer\u00eda de Alicante<\/a> and present the documentation necessary for obtaining the Foreigner Identity Card.<\/p>\n<p><strong><strong>Oficina de Extranjer\u00eda<\/strong> address<\/strong>:<br \/>\nCalle de la Ebanister\u00eda, 4<br \/>\n03008 Alicante, Spain<br \/>\nTelephone: +34 965 01 93 00<br \/>\n<a href=\"http:\/\/www.consultor.com\/oue\/\" target=\"_blank\" title=\"You'll see it in a new window\" rel=\"noopener noreferrer\">consultor.com\/oue<\/a><\/p>\n<hr>\n<h3><strong>Foreigner Identity Card for studying<\/strong><\/h3>\n<p style=\"text-align: justify\">Documentation to present at the <a href=\"http:\/\/www.consultor.com\/oue\/\" target=\"_blank\" title=\"You'll see it in a new window\" rel=\"noopener noreferrer\">Oficina de Extranjer\u00eda de Alicante<\/a> includes:<\/p>\n<ol>\n<li><a href=\"https:\/\/internacional.umh.es\/files\/2013\/09\/Solicitud-estancia-en-Espa%C3%B1a.pdf\" target=\"_blank\" title=\"You'll see it in a new window\" rel=\"noopener noreferrer\">Official application form for stay in Spain, available (256Kb Spanish .pdf)<\/a>.<\/li>\n<li>Photocopy of passport.<\/li>\n<li>Photocopy of student visa (type D).<\/li>\n<li>Program enrollment letter (provided by the Centro Superior de Idiomas, S\u00f3crates, faculty, or CEDIP &#8220;Centro de Estudios de Doctorado y Posgrado&#8221;).<\/li>\n<li>Guarantee of economic means: bank statements, photocopy of credit card, traveler\u2019s checks, letter from parents presented at the consulate, grant nomination letter.<\/li>\n<li>Two color photographs against a white background.<\/li>\n<li>Healthcare guarantees, copy of insurance card.<\/li>\n<\/ol>\n<p style=\"text-align: justify\">The Oficina de Extranjer\u00eda de Alicante will issue one card for the period of the course\/program. If afterwards you continue with your studies for an additional period, you must renew the Foreigner Identity Card for studying by providing proof that you have passed the preceding course\/program and show the registration or enrollment for the subsequent course.<\/p>\n<ul>\n<li><a href=\"http:\/\/www.exteriores.gob.es\/Portal\/es\/ServiciosAlCiudadano\/InformacionParaExtranjeros\/Paginas\/Estudiar.aspx\" target=\"_blank\" rel=\"noopener noreferrer\">Further information is available at the Ministerio de Asuntos Exteriores y de Cooperaci\u00f3n<\/a><\/li>\n<\/ul>\n<p><\/p>","protected":false},"excerpt":{"rendered":"<p>Foreign nationals who receive authorization to remain in Spain for periods longer than 90 days and whose sole or main purpose is to carry out any of the following non-working activities must apply for a visa before they travel to Spain and then, upon arrival to Spain, request a Foreigner Identity Card (TIE). These activities [&#8230;]<\/p>\n","protected":false},"author":30,"featured_media":0,"parent":15497,"menu_order":5,"comment_status":"closed","ping_status":"closed","template":"","meta":{"ngg_post_thumbnail":0,"_links_to":"","_links_to_target":""},"yoast_head":"<!-- This site is optimized with the Yoast SEO plugin v17.5 - https:\/\/yoast.com\/wordpress\/plugins\/seo\/ -->\n<meta name=\"description\" content=\"Extranjeros autorizados a permanecer en Espa\u00f1a m\u00e1s de 90 d\u00edas deber\u00e1n solicitar visado antes de su viaje y posterior autorizaci\u00f3n de estancia\" \/>\n<meta name=\"robots\" content=\"index, follow, max-snippet:-1, max-image-preview:large, max-video-preview:-1\" \/>\n<link rel=\"canonical\" href=\"https:\/\/internacional.umh.es\/en\/incoming\/welcome-office\/visado\/\" \/>\n<meta property=\"og:locale\" content=\"en_US\" \/>\n<meta property=\"og:type\" content=\"article\" \/>\n<meta property=\"og:title\" content=\"Student visas - International Relations and Cooperation\" \/>\n<meta property=\"og:description\" content=\"Extranjeros autorizados a permanecer en Espa\u00f1a m\u00e1s de 90 d\u00edas deber\u00e1n solicitar visado antes de su viaje y posterior autorizaci\u00f3n de estancia\" \/>\n<meta property=\"og:url\" content=\"https:\/\/internacional.umh.es\/incoming\/welcome-office\/visado\/\" \/>\n<meta property=\"og:site_name\" content=\"International Relations and Cooperation\" \/>\n<meta property=\"article:modified_time\" content=\"2024-04-18T11:25:41+00:00\" \/>\n<meta property=\"og:image\" content=\"https:\/\/internacional.umh.es\/files\/2022\/06\/passport-6545010_1280-300x200.jpg\" \/>\n<meta name=\"twitter:card\" content=\"summary_large_image\" \/>\n<meta name=\"twitter:label1\" content=\"Est. reading time\" \/>\n\t<meta name=\"twitter:data1\" content=\"5 minutes\" \/>\n<script type=\"application\/ld+json\" class=\"yoast-schema-graph\">{\"@context\":\"https:\/\/schema.org\",\"@graph\":[{\"@type\":\"WebSite\",\"@id\":\"https:\/\/internacional.umh.es\/en\/#website\",\"url\":\"https:\/\/internacional.umh.es\/en\/\",\"name\":\"International Relations and Cooperation\",\"description\":\"Miguel Hernandez University of Elche\",\"potentialAction\":[{\"@type\":\"SearchAction\",\"target\":{\"@type\":\"EntryPoint\",\"urlTemplate\":\"https:\/\/internacional.umh.es\/en\/?s={search_term_string}\"},\"query-input\":\"required name=search_term_string\"}],\"inLanguage\":\"en-US\"},{\"@type\":\"ImageObject\",\"@id\":\"https:\/\/internacional.umh.es\/incoming\/welcome-office\/visado\/#primaryimage\",\"inLanguage\":\"en-US\",\"url\":\"https:\/\/internacional.umh.es\/files\/2022\/06\/passport-6545010_1280.jpg\",\"contentUrl\":\"https:\/\/internacional.umh.es\/files\/2022\/06\/passport-6545010_1280.jpg\",\"width\":1280,\"height\":853,\"caption\":\"Pasaporte franc\\u00e9s maleta\"},{\"@type\":\"WebPage\",\"@id\":\"https:\/\/internacional.umh.es\/incoming\/welcome-office\/visado\/#webpage\",\"url\":\"https:\/\/internacional.umh.es\/incoming\/welcome-office\/visado\/\",\"name\":\"Student visas - International Relations and Cooperation\",\"isPartOf\":{\"@id\":\"https:\/\/internacional.umh.es\/en\/#website\"},\"primaryImageOfPage\":{\"@id\":\"https:\/\/internacional.umh.es\/incoming\/welcome-office\/visado\/#primaryimage\"},\"datePublished\":\"2013-09-19T07:39:41+00:00\",\"dateModified\":\"2024-04-18T11:25:41+00:00\",\"description\":\"Extranjeros autorizados a permanecer en Espa\\u00f1a m\\u00e1s de 90 d\\u00edas deber\\u00e1n solicitar visado antes de su viaje y posterior autorizaci\\u00f3n de estancia\",\"breadcrumb\":{\"@id\":\"https:\/\/internacional.umh.es\/incoming\/welcome-office\/visado\/#breadcrumb\"},\"inLanguage\":\"en-US\",\"potentialAction\":[{\"@type\":\"ReadAction\",\"target\":[\"https:\/\/internacional.umh.es\/incoming\/welcome-office\/visado\/\"]}]},{\"@type\":\"BreadcrumbList\",\"@id\":\"https:\/\/internacional.umh.es\/incoming\/welcome-office\/visado\/#breadcrumb\",\"itemListElement\":[{\"@type\":\"ListItem\",\"position\":1,\"name\":\"Home\",\"item\":\"https:\/\/internacional.umh.es\/en\/\"},{\"@type\":\"ListItem\",\"position\":2,\"name\":\"INCOMING\",\"item\":\"https:\/\/internacional.umh.es\/incoming\/\"},{\"@type\":\"ListItem\",\"position\":3,\"name\":\"Welcome Office\",\"item\":\"https:\/\/internacional.umh.es\/incoming\/welcome-office\/\"},{\"@type\":\"ListItem\",\"position\":4,\"name\":\"Visado y autorizaci\\u00f3n de estancia\"}]}]}<\/script>\n<!-- \/ Yoast SEO plugin. -->","yoast_head_json":{"description":"Extranjeros autorizados a permanecer en Espa\u00f1a m\u00e1s de 90 d\u00edas deber\u00e1n solicitar visado antes de su viaje y posterior autorizaci\u00f3n de estancia","robots":{"index":"index","follow":"follow","max-snippet":"max-snippet:-1","max-image-preview":"max-image-preview:large","max-video-preview":"max-video-preview:-1"},"canonical":"https:\/\/internacional.umh.es\/en\/incoming\/welcome-office\/visado\/","og_locale":"en_US","og_type":"article","og_title":"Student visas - International Relations and Cooperation","og_description":"Extranjeros autorizados a permanecer en Espa\u00f1a m\u00e1s de 90 d\u00edas deber\u00e1n solicitar visado antes de su viaje y posterior autorizaci\u00f3n de estancia","og_url":"https:\/\/internacional.umh.es\/incoming\/welcome-office\/visado\/","og_site_name":"International Relations and Cooperation","article_modified_time":"2024-04-18T11:25:41+00:00","og_image":[{"url":"https:\/\/internacional.umh.es\/files\/2022\/06\/passport-6545010_1280-300x200.jpg"}],"twitter_card":"summary_large_image","twitter_misc":{"Est. reading time":"5 minutes"},"schema":{"@context":"https:\/\/schema.org","@graph":[{"@type":"WebSite","@id":"https:\/\/internacional.umh.es\/en\/#website","url":"https:\/\/internacional.umh.es\/en\/","name":"International Relations and Cooperation","description":"Miguel Hernandez University of Elche","potentialAction":[{"@type":"SearchAction","target":{"@type":"EntryPoint","urlTemplate":"https:\/\/internacional.umh.es\/en\/?s={search_term_string}"},"query-input":"required name=search_term_string"}],"inLanguage":"en-US"},{"@type":"ImageObject","@id":"https:\/\/internacional.umh.es\/incoming\/welcome-office\/visado\/#primaryimage","inLanguage":"en-US","url":"https:\/\/internacional.umh.es\/files\/2022\/06\/passport-6545010_1280.jpg","contentUrl":"https:\/\/internacional.umh.es\/files\/2022\/06\/passport-6545010_1280.jpg","width":1280,"height":853,"caption":"Pasaporte franc\u00e9s maleta"},{"@type":"WebPage","@id":"https:\/\/internacional.umh.es\/incoming\/welcome-office\/visado\/#webpage","url":"https:\/\/internacional.umh.es\/incoming\/welcome-office\/visado\/","name":"Student visas - International Relations and Cooperation","isPartOf":{"@id":"https:\/\/internacional.umh.es\/en\/#website"},"primaryImageOfPage":{"@id":"https:\/\/internacional.umh.es\/incoming\/welcome-office\/visado\/#primaryimage"},"datePublished":"2013-09-19T07:39:41+00:00","dateModified":"2024-04-18T11:25:41+00:00","description":"Extranjeros autorizados a permanecer en Espa\u00f1a m\u00e1s de 90 d\u00edas deber\u00e1n solicitar visado antes de su viaje y posterior autorizaci\u00f3n de estancia","breadcrumb":{"@id":"https:\/\/internacional.umh.es\/incoming\/welcome-office\/visado\/#breadcrumb"},"inLanguage":"en-US","potentialAction":[{"@type":"ReadAction","target":["https:\/\/internacional.umh.es\/incoming\/welcome-office\/visado\/"]}]},{"@type":"BreadcrumbList","@id":"https:\/\/internacional.umh.es\/incoming\/welcome-office\/visado\/#breadcrumb","itemListElement":[{"@type":"ListItem","position":1,"name":"Home","item":"https:\/\/internacional.umh.es\/en\/"},{"@type":"ListItem","position":2,"name":"INCOMING","item":"https:\/\/internacional.umh.es\/incoming\/"},{"@type":"ListItem","position":3,"name":"Welcome Office","item":"https:\/\/internacional.umh.es\/incoming\/welcome-office\/"},{"@type":"ListItem","position":4,"name":"Visado y autorizaci\u00f3n de estancia"}]}]}},"_links":{"self":[{"href":"https:\/\/internacional.umh.es\/en\/wp-json\/wp\/v2\/pages\/1456"}],"collection":[{"href":"https:\/\/internacional.umh.es\/en\/wp-json\/wp\/v2\/pages"}],"about":[{"href":"https:\/\/internacional.umh.es\/en\/wp-json\/wp\/v2\/types\/page"}],"author":[{"embeddable":true,"href":"https:\/\/internacional.umh.es\/en\/wp-json\/wp\/v2\/users\/30"}],"replies":[{"embeddable":true,"href":"https:\/\/internacional.umh.es\/en\/wp-json\/wp\/v2\/comments?post=1456"}],"version-history":[{"count":0,"href":"https:\/\/internacional.umh.es\/en\/wp-json\/wp\/v2\/pages\/1456\/revisions"}],"up":[{"embeddable":true,"href":"https:\/\/internacional.umh.es\/en\/wp-json\/wp\/v2\/pages\/15497"}],"wp:attachment":[{"href":"https:\/\/internacional.umh.es\/en\/wp-json\/wp\/v2\/media?parent=1456"}],"curies":[{"name":"wp","href":"https:\/\/api.w.org\/{rel}","templated":true}]}}