{"id":1477,"date":"2013-10-23T13:55:21","date_gmt":"2013-10-23T11:55:21","guid":{"rendered":"http:\/\/internacional.umh.es\/?page_id=1477"},"modified":"2023-11-23T10:42:54","modified_gmt":"2023-11-23T09:42:54","slug":"masteres-ingles","status":"publish","type":"page","link":"https:\/\/internacional.umh.es\/en\/movilidad\/pdi\/masteres-ingles\/","title":{"rendered":"UMH master\u2019s programs in English: call for support (Spanish)"},"content":{"rendered":"<p class=\"qtranxs-available-languages-message qtranxs-available-languages-message-en\">Sorry, this entry is only available in <a href=\"https:\/\/internacional.umh.es\/es\/wp-json\/wp\/v2\/pages\/1477\" class=\"qtranxs-available-language-link qtranxs-available-language-link-es\" title=\"Espa\u00f1ol\">European Spanish<\/a> and <a href=\"https:\/\/internacional.umh.es\/ca\/wp-json\/wp\/v2\/pages\/1477\" class=\"qtranxs-available-language-link qtranxs-available-language-link-ca\" title=\"Valenci\u00e0\">Catalan<\/a>.<\/p>","protected":false},"excerpt":{"rendered":"<p>Sorry, this entry is only available in European Spanish and Catalan.<\/p>\n","protected":false},"author":30,"featured_media":0,"parent":170,"menu_order":2,"comment_status":"closed","ping_status":"closed","template":"","meta":{"ngg_post_thumbnail":0,"_links_to":"","_links_to_target":""},"yoast_head":"<!-- This site is optimized with the Yoast SEO plugin v17.5 - https:\/\/yoast.com\/wordpress\/plugins\/seo\/ -->\n<meta name=\"description\" content=\"Convocatoria de ayudas para la preparaci\u00f3n de m\u00e1steres UMH en ingl\u00e9s en la Universidad Miguel Hern\u00e1ndez de Elche durante el curso acad\u00e9mico.\" \/>\n<meta name=\"robots\" content=\"index, follow, max-snippet:-1, max-image-preview:large, max-video-preview:-1\" \/>\n<link rel=\"canonical\" href=\"https:\/\/internacional.umh.es\/en\/movilidad\/pdi\/masteres-ingles\/\" \/>\n<meta property=\"og:locale\" content=\"en_US\" \/>\n<meta property=\"og:type\" content=\"article\" \/>\n<meta property=\"og:title\" content=\"UMH master\u2019s programs in English: call for support (Spanish) - International Relations and Cooperation\" \/>\n<meta property=\"og:description\" content=\"Convocatoria de ayudas para la preparaci\u00f3n de m\u00e1steres UMH en ingl\u00e9s en la Universidad Miguel Hern\u00e1ndez de Elche durante el curso acad\u00e9mico.\" \/>\n<meta property=\"og:url\" content=\"https:\/\/internacional.umh.es\/en\/movilidad\/pdi\/masteres-ingles\/\" \/>\n<meta property=\"og:site_name\" content=\"International Relations and Cooperation\" \/>\n<meta property=\"article:modified_time\" content=\"2023-11-23T09:42:54+00:00\" \/>\n<meta name=\"twitter:card\" content=\"summary_large_image\" \/>\n<meta name=\"twitter:label1\" content=\"Est. reading time\" \/>\n\t<meta name=\"twitter:data1\" content=\"6 minutes\" \/>\n<script type=\"application\/ld+json\" class=\"yoast-schema-graph\">{\"@context\":\"https:\/\/schema.org\",\"@graph\":[{\"@type\":\"WebSite\",\"@id\":\"https:\/\/internacional.umh.es\/en\/#website\",\"url\":\"https:\/\/internacional.umh.es\/en\/\",\"name\":\"International Relations and Cooperation\",\"description\":\"Miguel Hernandez University of Elche\",\"potentialAction\":[{\"@type\":\"SearchAction\",\"target\":{\"@type\":\"EntryPoint\",\"urlTemplate\":\"https:\/\/internacional.umh.es\/en\/?s={search_term_string}\"},\"query-input\":\"required name=search_term_string\"}],\"inLanguage\":\"en-US\"},{\"@type\":\"WebPage\",\"@id\":\"https:\/\/internacional.umh.es\/en\/movilidad\/pdi\/masteres-ingles\/#webpage\",\"url\":\"https:\/\/internacional.umh.es\/en\/movilidad\/pdi\/masteres-ingles\/\",\"name\":\"UMH master\\u2019s programs in English: call for support (Spanish) - International Relations and Cooperation\",\"isPartOf\":{\"@id\":\"https:\/\/internacional.umh.es\/en\/#website\"},\"datePublished\":\"2013-10-23T11:55:21+00:00\",\"dateModified\":\"2023-11-23T09:42:54+00:00\",\"description\":\"Convocatoria de ayudas para la preparaci\\u00f3n de m\\u00e1steres UMH en ingl\\u00e9s en la Universidad Miguel Hern\\u00e1ndez de Elche durante el curso acad\\u00e9mico.\",\"breadcrumb\":{\"@id\":\"https:\/\/internacional.umh.es\/en\/movilidad\/pdi\/masteres-ingles\/#breadcrumb\"},\"inLanguage\":\"en-US\",\"potentialAction\":[{\"@type\":\"ReadAction\",\"target\":[\"https:\/\/internacional.umh.es\/en\/movilidad\/pdi\/masteres-ingles\/\"]}]},{\"@type\":\"BreadcrumbList\",\"@id\":\"https:\/\/internacional.umh.es\/en\/movilidad\/pdi\/masteres-ingles\/#breadcrumb\",\"itemListElement\":[{\"@type\":\"ListItem\",\"position\":1,\"name\":\"Home\",\"item\":\"https:\/\/internacional.umh.es\/en\/\"},{\"@type\":\"ListItem\",\"position\":2,\"name\":\"MOBILITY\",\"item\":\"https:\/\/internacional.umh.es\/en\/movilidad\/\"},{\"@type\":\"ListItem\",\"position\":3,\"name\":\"Faculty &amp; Research Personnel\",\"item\":\"https:\/\/internacional.umh.es\/en\/movilidad\/pdi\/\"},{\"@type\":\"ListItem\",\"position\":4,\"name\":\"UMH master\\u2019s programs in English: call for support (Spanish)\"}]}]}<\/script>\n<!-- \/ Yoast SEO plugin. -->","yoast_head_json":{"description":"Convocatoria de ayudas para la preparaci\u00f3n de m\u00e1steres UMH en ingl\u00e9s en la Universidad Miguel Hern\u00e1ndez de Elche durante el curso acad\u00e9mico.","robots":{"index":"index","follow":"follow","max-snippet":"max-snippet:-1","max-image-preview":"max-image-preview:large","max-video-preview":"max-video-preview:-1"},"canonical":"https:\/\/internacional.umh.es\/en\/movilidad\/pdi\/masteres-ingles\/","og_locale":"en_US","og_type":"article","og_title":"UMH master\u2019s programs in English: call for support (Spanish) - International Relations and Cooperation","og_description":"Convocatoria de ayudas para la preparaci\u00f3n de m\u00e1steres UMH en ingl\u00e9s en la Universidad Miguel Hern\u00e1ndez de Elche durante el curso acad\u00e9mico.","og_url":"https:\/\/internacional.umh.es\/en\/movilidad\/pdi\/masteres-ingles\/","og_site_name":"International Relations and Cooperation","article_modified_time":"2023-11-23T09:42:54+00:00","twitter_card":"summary_large_image","twitter_misc":{"Est. reading time":"6 minutes"},"schema":{"@context":"https:\/\/schema.org","@graph":[{"@type":"WebSite","@id":"https:\/\/internacional.umh.es\/en\/#website","url":"https:\/\/internacional.umh.es\/en\/","name":"International Relations and Cooperation","description":"Miguel Hernandez University of Elche","potentialAction":[{"@type":"SearchAction","target":{"@type":"EntryPoint","urlTemplate":"https:\/\/internacional.umh.es\/en\/?s={search_term_string}"},"query-input":"required name=search_term_string"}],"inLanguage":"en-US"},{"@type":"WebPage","@id":"https:\/\/internacional.umh.es\/en\/movilidad\/pdi\/masteres-ingles\/#webpage","url":"https:\/\/internacional.umh.es\/en\/movilidad\/pdi\/masteres-ingles\/","name":"UMH master\u2019s programs in English: call for support (Spanish) - International Relations and Cooperation","isPartOf":{"@id":"https:\/\/internacional.umh.es\/en\/#website"},"datePublished":"2013-10-23T11:55:21+00:00","dateModified":"2023-11-23T09:42:54+00:00","description":"Convocatoria de ayudas para la preparaci\u00f3n de m\u00e1steres UMH en ingl\u00e9s en la Universidad Miguel Hern\u00e1ndez de Elche durante el curso acad\u00e9mico.","breadcrumb":{"@id":"https:\/\/internacional.umh.es\/en\/movilidad\/pdi\/masteres-ingles\/#breadcrumb"},"inLanguage":"en-US","potentialAction":[{"@type":"ReadAction","target":["https:\/\/internacional.umh.es\/en\/movilidad\/pdi\/masteres-ingles\/"]}]},{"@type":"BreadcrumbList","@id":"https:\/\/internacional.umh.es\/en\/movilidad\/pdi\/masteres-ingles\/#breadcrumb","itemListElement":[{"@type":"ListItem","position":1,"name":"Home","item":"https:\/\/internacional.umh.es\/en\/"},{"@type":"ListItem","position":2,"name":"MOBILITY","item":"https:\/\/internacional.umh.es\/en\/movilidad\/"},{"@type":"ListItem","position":3,"name":"Faculty &amp; Research Personnel","item":"https:\/\/internacional.umh.es\/en\/movilidad\/pdi\/"},{"@type":"ListItem","position":4,"name":"UMH master\u2019s programs in English: call for support (Spanish)"}]}]}},"_links":{"self":[{"href":"https:\/\/internacional.umh.es\/en\/wp-json\/wp\/v2\/pages\/1477"}],"collection":[{"href":"https:\/\/internacional.umh.es\/en\/wp-json\/wp\/v2\/pages"}],"about":[{"href":"https:\/\/internacional.umh.es\/en\/wp-json\/wp\/v2\/types\/page"}],"author":[{"embeddable":true,"href":"https:\/\/internacional.umh.es\/en\/wp-json\/wp\/v2\/users\/30"}],"replies":[{"embeddable":true,"href":"https:\/\/internacional.umh.es\/en\/wp-json\/wp\/v2\/comments?post=1477"}],"version-history":[{"count":0,"href":"https:\/\/internacional.umh.es\/en\/wp-json\/wp\/v2\/pages\/1477\/revisions"}],"up":[{"embeddable":true,"href":"https:\/\/internacional.umh.es\/en\/wp-json\/wp\/v2\/pages\/170"}],"wp:attachment":[{"href":"https:\/\/internacional.umh.es\/en\/wp-json\/wp\/v2\/media?parent=1477"}],"curies":[{"name":"wp","href":"https:\/\/api.w.org\/{rel}","templated":true}]}}