{"id":15558,"date":"2020-07-01T12:12:18","date_gmt":"2020-07-01T10:12:18","guid":{"rendered":"https:\/\/internacional.umh.es\/?page_id=15558"},"modified":"2022-05-13T13:52:00","modified_gmt":"2022-05-13T11:52:00","slug":"colegio-doctoral-tordesillas","status":"publish","type":"page","link":"https:\/\/internacional.umh.es\/en\/internacionalizacion\/postgrado\/colegio-doctoral-tordesillas\/","title":{"rendered":"Tordesillas Doctoral School"},"content":{"rendered":"<p class=\"qtranxs-available-languages-message qtranxs-available-languages-message-en\">Sorry, this entry is only available in <a href=\"https:\/\/internacional.umh.es\/es\/wp-json\/wp\/v2\/pages\/15558\" class=\"qtranxs-available-language-link qtranxs-available-language-link-es\" title=\"Espa\u00f1ol\">European Spanish<\/a> and <a href=\"https:\/\/internacional.umh.es\/ca\/wp-json\/wp\/v2\/pages\/15558\" class=\"qtranxs-available-language-link qtranxs-available-language-link-ca\" title=\"Valenci\u00e0\">Catalan<\/a>.<\/p>","protected":false},"excerpt":{"rendered":"<p>Sorry, this entry is only available in European Spanish and Catalan.<\/p>\n","protected":false},"author":203,"featured_media":0,"parent":15549,"menu_order":1,"comment_status":"closed","ping_status":"closed","template":"","meta":{"ngg_post_thumbnail":0,"_links_to":"","_links_to_target":""},"yoast_head":"<!-- This site is optimized with the Yoast SEO plugin v17.5 - https:\/\/yoast.com\/wordpress\/plugins\/seo\/ -->\n<meta name=\"description\" content=\"El Colegio Doctoral Tordesillas es una asociaci\u00f3n de instituciones de pa\u00edses pertenecientes al grupo Tordesillas: Brasil, Portugal y Espa\u00f1a\" \/>\n<meta name=\"robots\" content=\"index, follow, max-snippet:-1, max-image-preview:large, max-video-preview:-1\" \/>\n<link rel=\"canonical\" href=\"https:\/\/internacional.umh.es\/en\/internacionalizacion\/postgrado\/colegio-doctoral-tordesillas\/\" \/>\n<meta property=\"og:locale\" content=\"en_US\" \/>\n<meta property=\"og:type\" content=\"article\" \/>\n<meta property=\"og:title\" content=\"Tordesillas Doctoral School - International Relations and Cooperation\" \/>\n<meta property=\"og:description\" content=\"El Colegio Doctoral Tordesillas es una asociaci\u00f3n de instituciones de pa\u00edses pertenecientes al grupo Tordesillas: Brasil, Portugal y Espa\u00f1a\" \/>\n<meta property=\"og:url\" content=\"https:\/\/internacional.umh.es\/en\/internacionalizacion\/postgrado\/colegio-doctoral-tordesillas\/\" \/>\n<meta property=\"og:site_name\" content=\"International Relations and Cooperation\" \/>\n<meta property=\"article:modified_time\" content=\"2022-05-13T11:52:00+00:00\" \/>\n<meta property=\"og:image\" content=\"https:\/\/internacional.umh.es\/files\/2020\/10\/WhatsApp-Image-2020-09-14-at-10.16.25-2-300x90.jpeg\" \/>\n<meta name=\"twitter:card\" content=\"summary_large_image\" \/>\n<meta name=\"twitter:label1\" content=\"Est. reading time\" \/>\n\t<meta name=\"twitter:data1\" content=\"8 minutes\" \/>\n<script type=\"application\/ld+json\" class=\"yoast-schema-graph\">{\"@context\":\"https:\/\/schema.org\",\"@graph\":[{\"@type\":\"WebSite\",\"@id\":\"https:\/\/internacional.umh.es\/en\/#website\",\"url\":\"https:\/\/internacional.umh.es\/en\/\",\"name\":\"International Relations and Cooperation\",\"description\":\"Miguel Hernandez University of Elche\",\"potentialAction\":[{\"@type\":\"SearchAction\",\"target\":{\"@type\":\"EntryPoint\",\"urlTemplate\":\"https:\/\/internacional.umh.es\/en\/?s={search_term_string}\"},\"query-input\":\"required name=search_term_string\"}],\"inLanguage\":\"en-US\"},{\"@type\":\"ImageObject\",\"@id\":\"https:\/\/internacional.umh.es\/en\/internacionalizacion\/postgrado\/colegio-doctoral-tordesillas\/#primaryimage\",\"inLanguage\":\"en-US\",\"url\":\"https:\/\/internacional.umh.es\/files\/2020\/10\/WhatsApp-Image-2020-09-14-at-10.16.25-2.jpeg\",\"contentUrl\":\"https:\/\/internacional.umh.es\/files\/2020\/10\/WhatsApp-Image-2020-09-14-at-10.16.25-2.jpeg\",\"width\":1600,\"height\":480,\"caption\":\"Colegio Tordesillas Salud P\\u00fablica e Historia de la Ciencia logo\"},{\"@type\":\"WebPage\",\"@id\":\"https:\/\/internacional.umh.es\/en\/internacionalizacion\/postgrado\/colegio-doctoral-tordesillas\/#webpage\",\"url\":\"https:\/\/internacional.umh.es\/en\/internacionalizacion\/postgrado\/colegio-doctoral-tordesillas\/\",\"name\":\"Tordesillas Doctoral School - International Relations and Cooperation\",\"isPartOf\":{\"@id\":\"https:\/\/internacional.umh.es\/en\/#website\"},\"primaryImageOfPage\":{\"@id\":\"https:\/\/internacional.umh.es\/en\/internacionalizacion\/postgrado\/colegio-doctoral-tordesillas\/#primaryimage\"},\"datePublished\":\"2020-07-01T10:12:18+00:00\",\"dateModified\":\"2022-05-13T11:52:00+00:00\",\"description\":\"El Colegio Doctoral Tordesillas es una asociaci\\u00f3n de instituciones de pa\\u00edses pertenecientes al grupo Tordesillas: Brasil, Portugal y Espa\\u00f1a\",\"breadcrumb\":{\"@id\":\"https:\/\/internacional.umh.es\/en\/internacionalizacion\/postgrado\/colegio-doctoral-tordesillas\/#breadcrumb\"},\"inLanguage\":\"en-US\",\"potentialAction\":[{\"@type\":\"ReadAction\",\"target\":[\"https:\/\/internacional.umh.es\/en\/internacionalizacion\/postgrado\/colegio-doctoral-tordesillas\/\"]}]},{\"@type\":\"BreadcrumbList\",\"@id\":\"https:\/\/internacional.umh.es\/en\/internacionalizacion\/postgrado\/colegio-doctoral-tordesillas\/#breadcrumb\",\"itemListElement\":[{\"@type\":\"ListItem\",\"position\":1,\"name\":\"Home\",\"item\":\"https:\/\/internacional.umh.es\/en\/\"},{\"@type\":\"ListItem\",\"position\":2,\"name\":\"INTERNATIONALIZATION\",\"item\":\"https:\/\/internacional.umh.es\/en\/internacionalizacion\/\"},{\"@type\":\"ListItem\",\"position\":3,\"name\":\"Graduate\",\"item\":\"https:\/\/internacional.umh.es\/en\/internacionalizacion\/postgrado\/\"},{\"@type\":\"ListItem\",\"position\":4,\"name\":\"Tordesillas Doctoral School\"}]}]}<\/script>\n<!-- \/ Yoast SEO plugin. -->","yoast_head_json":{"description":"El Colegio Doctoral Tordesillas es una asociaci\u00f3n de instituciones de pa\u00edses pertenecientes al grupo Tordesillas: Brasil, Portugal y Espa\u00f1a","robots":{"index":"index","follow":"follow","max-snippet":"max-snippet:-1","max-image-preview":"max-image-preview:large","max-video-preview":"max-video-preview:-1"},"canonical":"https:\/\/internacional.umh.es\/en\/internacionalizacion\/postgrado\/colegio-doctoral-tordesillas\/","og_locale":"en_US","og_type":"article","og_title":"Tordesillas Doctoral School - International Relations and Cooperation","og_description":"El Colegio Doctoral Tordesillas es una asociaci\u00f3n de instituciones de pa\u00edses pertenecientes al grupo Tordesillas: Brasil, Portugal y Espa\u00f1a","og_url":"https:\/\/internacional.umh.es\/en\/internacionalizacion\/postgrado\/colegio-doctoral-tordesillas\/","og_site_name":"International Relations and Cooperation","article_modified_time":"2022-05-13T11:52:00+00:00","og_image":[{"url":"https:\/\/internacional.umh.es\/files\/2020\/10\/WhatsApp-Image-2020-09-14-at-10.16.25-2-300x90.jpeg"}],"twitter_card":"summary_large_image","twitter_misc":{"Est. reading time":"8 minutes"},"schema":{"@context":"https:\/\/schema.org","@graph":[{"@type":"WebSite","@id":"https:\/\/internacional.umh.es\/en\/#website","url":"https:\/\/internacional.umh.es\/en\/","name":"International Relations and Cooperation","description":"Miguel Hernandez University of Elche","potentialAction":[{"@type":"SearchAction","target":{"@type":"EntryPoint","urlTemplate":"https:\/\/internacional.umh.es\/en\/?s={search_term_string}"},"query-input":"required name=search_term_string"}],"inLanguage":"en-US"},{"@type":"ImageObject","@id":"https:\/\/internacional.umh.es\/en\/internacionalizacion\/postgrado\/colegio-doctoral-tordesillas\/#primaryimage","inLanguage":"en-US","url":"https:\/\/internacional.umh.es\/files\/2020\/10\/WhatsApp-Image-2020-09-14-at-10.16.25-2.jpeg","contentUrl":"https:\/\/internacional.umh.es\/files\/2020\/10\/WhatsApp-Image-2020-09-14-at-10.16.25-2.jpeg","width":1600,"height":480,"caption":"Colegio Tordesillas Salud P\u00fablica e Historia de la Ciencia logo"},{"@type":"WebPage","@id":"https:\/\/internacional.umh.es\/en\/internacionalizacion\/postgrado\/colegio-doctoral-tordesillas\/#webpage","url":"https:\/\/internacional.umh.es\/en\/internacionalizacion\/postgrado\/colegio-doctoral-tordesillas\/","name":"Tordesillas Doctoral School - International Relations and Cooperation","isPartOf":{"@id":"https:\/\/internacional.umh.es\/en\/#website"},"primaryImageOfPage":{"@id":"https:\/\/internacional.umh.es\/en\/internacionalizacion\/postgrado\/colegio-doctoral-tordesillas\/#primaryimage"},"datePublished":"2020-07-01T10:12:18+00:00","dateModified":"2022-05-13T11:52:00+00:00","description":"El Colegio Doctoral Tordesillas es una asociaci\u00f3n de instituciones de pa\u00edses pertenecientes al grupo Tordesillas: Brasil, Portugal y Espa\u00f1a","breadcrumb":{"@id":"https:\/\/internacional.umh.es\/en\/internacionalizacion\/postgrado\/colegio-doctoral-tordesillas\/#breadcrumb"},"inLanguage":"en-US","potentialAction":[{"@type":"ReadAction","target":["https:\/\/internacional.umh.es\/en\/internacionalizacion\/postgrado\/colegio-doctoral-tordesillas\/"]}]},{"@type":"BreadcrumbList","@id":"https:\/\/internacional.umh.es\/en\/internacionalizacion\/postgrado\/colegio-doctoral-tordesillas\/#breadcrumb","itemListElement":[{"@type":"ListItem","position":1,"name":"Home","item":"https:\/\/internacional.umh.es\/en\/"},{"@type":"ListItem","position":2,"name":"INTERNATIONALIZATION","item":"https:\/\/internacional.umh.es\/en\/internacionalizacion\/"},{"@type":"ListItem","position":3,"name":"Graduate","item":"https:\/\/internacional.umh.es\/en\/internacionalizacion\/postgrado\/"},{"@type":"ListItem","position":4,"name":"Tordesillas Doctoral School"}]}]}},"_links":{"self":[{"href":"https:\/\/internacional.umh.es\/en\/wp-json\/wp\/v2\/pages\/15558"}],"collection":[{"href":"https:\/\/internacional.umh.es\/en\/wp-json\/wp\/v2\/pages"}],"about":[{"href":"https:\/\/internacional.umh.es\/en\/wp-json\/wp\/v2\/types\/page"}],"author":[{"embeddable":true,"href":"https:\/\/internacional.umh.es\/en\/wp-json\/wp\/v2\/users\/203"}],"replies":[{"embeddable":true,"href":"https:\/\/internacional.umh.es\/en\/wp-json\/wp\/v2\/comments?post=15558"}],"version-history":[{"count":0,"href":"https:\/\/internacional.umh.es\/en\/wp-json\/wp\/v2\/pages\/15558\/revisions"}],"up":[{"embeddable":true,"href":"https:\/\/internacional.umh.es\/en\/wp-json\/wp\/v2\/pages\/15549"}],"wp:attachment":[{"href":"https:\/\/internacional.umh.es\/en\/wp-json\/wp\/v2\/media?parent=15558"}],"curies":[{"name":"wp","href":"https:\/\/api.w.org\/{rel}","templated":true}]}}