{"id":170,"date":"2011-07-11T13:42:15","date_gmt":"2011-07-11T11:42:15","guid":{"rendered":"http:\/\/internacional.umh.es\/pdi\/"},"modified":"2024-09-24T12:04:23","modified_gmt":"2024-09-24T10:04:23","slug":"pdi","status":"publish","type":"page","link":"https:\/\/internacional.umh.es\/en\/movilidad\/pdi\/","title":{"rendered":"Faculty &amp; Research Personnel"},"content":{"rendered":"<p><a title=\"Accede ahora a todas las novedades sobre movilidad Erasmus para PDI de la UMH\" href=\"https:\/\/internacional.umh.es\/movilidad\/pdi\/erasmus\/\"><br \/>\n<img loading=\"lazy\" class=\"alignleft wp-image-16440\" title=\"Accede ahora a todas las novedades sobre movilidad Erasmus para PDI de la UMH\" src=\"https:\/\/internacional.umh.es\/files\/2020\/08\/Copia-de-DESTINO-1.png\" alt=\"Movilidad Erasmus PDI UMH bot\u00f3n\" width=\"188\" height=\"108\" srcset=\"https:\/\/internacional.umh.es\/files\/2020\/08\/Copia-de-DESTINO-1.png 410w, https:\/\/internacional.umh.es\/files\/2020\/08\/Copia-de-DESTINO-1-300x173.png 300w\" sizes=\"(max-width: 188px) 100vw, 188px\" \/><\/a> <a title=\"Accede ahora a todas las novedades sobre el Programa Destino para PDI de la UMH\" href=\"https:\/\/internacional.umh.es\/movilidad\/pdi\/destino-pdi\/\"><img loading=\"lazy\" class=\"alignleft wp-image-16439\" title=\"Accede ahora a todas las novedades sobre el Programa Destino para PDI de la UMH\" src=\"https:\/\/internacional.umh.es\/files\/2020\/08\/Copia-de-DESTINO-2.png\" alt=\"Programa Destino PDI UMH bot\u00f3n\" width=\"187\" height=\"108\" srcset=\"https:\/\/internacional.umh.es\/files\/2020\/08\/Copia-de-DESTINO-2.png 410w, https:\/\/internacional.umh.es\/files\/2020\/08\/Copia-de-DESTINO-2-300x173.png 300w\" sizes=\"(max-width: 187px) 100vw, 187px\" \/><\/a><a href=\"https:\/\/internacional.umh.es\/movilidad\/pdi\/erasmus\/movilidad-internacional-erasmus-con-paises-no-asociados-ka171\/\"><img loading=\"lazy\" class=\"alignnone wp-image-33886\" src=\"https:\/\/internacional.umh.es\/files\/2024\/03\/botones-web-2-300x171.png\" alt=\"\" width=\"189\" height=\"108\" srcset=\"https:\/\/internacional.umh.es\/files\/2024\/03\/botones-web-2-300x171.png 300w, https:\/\/internacional.umh.es\/files\/2024\/03\/botones-web-2.png 413w\" sizes=\"(max-width: 189px) 100vw, 189px\" \/><\/a><\/p>\n<p>&nbsp;<\/p>\n<hr>\n<p style=\"text-align: justify\"><a title=\"Accede ahora a la convocatoria de ayudas en la oferta de M\u00e1steres UMH en ingl\u00e9s\" href=\"https:\/\/internacional.umh.es\/movilidad\/pdi\/masteres-ingles\/\"><img loading=\"lazy\" class=\"alignnone size-thumbnail wp-image-16451\" title=\"Accede ahora a la convocatoria de ayudas en la oferta de M\u00e1steres UMH en ingl\u00e9s\" src=\"https:\/\/internacional.umh.es\/files\/2020\/08\/COORDINADORES-DE-MOVILIDAD-17-150x150.png\" alt=\"M\u00e1steres en ingl\u00e9s UMH ayudas bot\u00f3n\" width=\"150\" height=\"150\" srcset=\"https:\/\/internacional.umh.es\/files\/2020\/08\/COORDINADORES-DE-MOVILIDAD-17-150x150.png 150w, https:\/\/internacional.umh.es\/files\/2020\/08\/COORDINADORES-DE-MOVILIDAD-17-300x300.png 300w, https:\/\/internacional.umh.es\/files\/2020\/08\/COORDINADORES-DE-MOVILIDAD-17-32x32.png 32w, https:\/\/internacional.umh.es\/files\/2020\/08\/COORDINADORES-DE-MOVILIDAD-17-64x64.png 64w, https:\/\/internacional.umh.es\/files\/2020\/08\/COORDINADORES-DE-MOVILIDAD-17-96x96.png 96w, https:\/\/internacional.umh.es\/files\/2020\/08\/COORDINADORES-DE-MOVILIDAD-17-128x128.png 128w, https:\/\/internacional.umh.es\/files\/2020\/08\/COORDINADORES-DE-MOVILIDAD-17.png 591w\" sizes=\"(max-width: 150px) 100vw, 150px\" \/><\/a>&nbsp; &nbsp; &nbsp;<a title=\"Accede a todas las novedades sobre el Personal visitante de la UMH\" href=\"https:\/\/internacional.umh.es\/movilidad\/pdi\/personal-visitante-umh\/\"><img loading=\"lazy\" class=\"alignnone wp-image-16446 size-thumbnail\" title=\"Accede a todas las novedades sobre el Personal visitante de la UMH\" src=\"https:\/\/internacional.umh.es\/files\/2020\/08\/COORDINADORES-DE-MOVILIDAD-19-150x150.png\" alt=\"Personal visitante UMH bot\u00f3n\" width=\"150\" height=\"150\" srcset=\"https:\/\/internacional.umh.es\/files\/2020\/08\/COORDINADORES-DE-MOVILIDAD-19-150x150.png 150w, https:\/\/internacional.umh.es\/files\/2020\/08\/COORDINADORES-DE-MOVILIDAD-19-300x300.png 300w, https:\/\/internacional.umh.es\/files\/2020\/08\/COORDINADORES-DE-MOVILIDAD-19-32x32.png 32w, https:\/\/internacional.umh.es\/files\/2020\/08\/COORDINADORES-DE-MOVILIDAD-19-64x64.png 64w, https:\/\/internacional.umh.es\/files\/2020\/08\/COORDINADORES-DE-MOVILIDAD-19-96x96.png 96w, https:\/\/internacional.umh.es\/files\/2020\/08\/COORDINADORES-DE-MOVILIDAD-19-128x128.png 128w, https:\/\/internacional.umh.es\/files\/2020\/08\/COORDINADORES-DE-MOVILIDAD-19.png 591w\" sizes=\"(max-width: 150px) 100vw, 150px\" \/><\/a> &nbsp; &nbsp; &nbsp;&nbsp;<a title=\"Conoce los objetivos del Programa de Docencia en ingl\u00e9s en la UMH\" href=\"https:\/\/internacional.umh.es\/movilidad\/pdi\/docencia-en-ingles\/\"><img loading=\"lazy\" class=\"alignnone size-thumbnail wp-image-16448\" title=\"Conoce los objetivos del Programa de Docencia en ingl\u00e9s en la UMH\" src=\"https:\/\/internacional.umh.es\/files\/2020\/08\/COORDINADORES-DE-MOVILIDAD-18-150x150.png\" alt=\"Impulso docencia ingl\u00e9s UMH bot\u00f3n\" width=\"150\" height=\"150\" srcset=\"https:\/\/internacional.umh.es\/files\/2020\/08\/COORDINADORES-DE-MOVILIDAD-18-150x150.png 150w, https:\/\/internacional.umh.es\/files\/2020\/08\/COORDINADORES-DE-MOVILIDAD-18-300x300.png 300w, https:\/\/internacional.umh.es\/files\/2020\/08\/COORDINADORES-DE-MOVILIDAD-18-32x32.png 32w, https:\/\/internacional.umh.es\/files\/2020\/08\/COORDINADORES-DE-MOVILIDAD-18-64x64.png 64w, https:\/\/internacional.umh.es\/files\/2020\/08\/COORDINADORES-DE-MOVILIDAD-18-96x96.png 96w, https:\/\/internacional.umh.es\/files\/2020\/08\/COORDINADORES-DE-MOVILIDAD-18-128x128.png 128w, https:\/\/internacional.umh.es\/files\/2020\/08\/COORDINADORES-DE-MOVILIDAD-18.png 591w\" sizes=\"(max-width: 150px) 100vw, 150px\" \/><\/a>&nbsp; &nbsp; &nbsp; &nbsp;<a title=\"Accede a todas las novedades acerca de las Semanas Internacionales para PAS y PDI de la UMH\" href=\"https:\/\/internacional.umh.es\/movilidad\/pas\/international-weeks\"><img loading=\"lazy\" class=\"alignnone wp-image-16454 size-thumbnail\" title=\"Accede a todas las novedades acerca de las Semanas Internacionales para PAS y PDI de la UMH\" src=\"https:\/\/internacional.umh.es\/files\/2020\/08\/COORDINADORES-DE-MOVILIDAD-21-150x150.png\" alt=\"Semanas Internacionales UMH bot\u00f3n\" width=\"150\" height=\"150\" srcset=\"https:\/\/internacional.umh.es\/files\/2020\/08\/COORDINADORES-DE-MOVILIDAD-21-150x150.png 150w, https:\/\/internacional.umh.es\/files\/2020\/08\/COORDINADORES-DE-MOVILIDAD-21-300x300.png 300w, https:\/\/internacional.umh.es\/files\/2020\/08\/COORDINADORES-DE-MOVILIDAD-21-32x32.png 32w, https:\/\/internacional.umh.es\/files\/2020\/08\/COORDINADORES-DE-MOVILIDAD-21-64x64.png 64w, https:\/\/internacional.umh.es\/files\/2020\/08\/COORDINADORES-DE-MOVILIDAD-21-96x96.png 96w, https:\/\/internacional.umh.es\/files\/2020\/08\/COORDINADORES-DE-MOVILIDAD-21-128x128.png 128w, https:\/\/internacional.umh.es\/files\/2020\/08\/COORDINADORES-DE-MOVILIDAD-21.png 591w\" sizes=\"(max-width: 150px) 100vw, 150px\" \/><\/a><\/p>\n<p>&nbsp;<\/p>","protected":false},"excerpt":{"rendered":"<p>&nbsp;<\/p>\n<p>&nbsp; &nbsp; &nbsp; &nbsp; &nbsp; &nbsp;&nbsp;&nbsp; &nbsp; &nbsp; &nbsp;<br \/>\n&nbsp;<\/p>\n","protected":false},"author":30,"featured_media":0,"parent":2481,"menu_order":3,"comment_status":"closed","ping_status":"closed","template":"","meta":{"ngg_post_thumbnail":0,"_links_to":"","_links_to_target":""},"yoast_head":"<!-- This site is optimized with the Yoast SEO plugin v17.5 - https:\/\/yoast.com\/wordpress\/plugins\/seo\/ -->\n<meta name=\"description\" content=\"Novedades sobre movilidad Erasmus, Destino, M\u00e1steres en ingl\u00e9s, Personal visitante, Impulso docencia y semanas internacionales PDI de la UMH\" \/>\n<meta name=\"robots\" content=\"index, follow, max-snippet:-1, max-image-preview:large, max-video-preview:-1\" \/>\n<link rel=\"canonical\" href=\"https:\/\/internacional.umh.es\/en\/movilidad\/pdi\/\" \/>\n<meta property=\"og:locale\" content=\"en_US\" \/>\n<meta property=\"og:type\" content=\"article\" \/>\n<meta property=\"og:title\" content=\"Faculty &amp; Research Personnel - International Relations and Cooperation\" \/>\n<meta property=\"og:description\" content=\"Novedades sobre movilidad Erasmus, Destino, M\u00e1steres en ingl\u00e9s, Personal visitante, Impulso docencia y semanas internacionales PDI de la UMH\" \/>\n<meta property=\"og:url\" content=\"https:\/\/internacional.umh.es\/en\/movilidad\/pdi\/\" \/>\n<meta property=\"og:site_name\" content=\"International Relations and Cooperation\" \/>\n<meta property=\"article:modified_time\" content=\"2024-09-24T10:04:23+00:00\" \/>\n<meta property=\"og:image\" content=\"https:\/\/internacional.umh.es\/files\/2020\/08\/Copia-de-DESTINO-1.png\" \/>\n<meta name=\"twitter:card\" content=\"summary_large_image\" \/>\n<script type=\"application\/ld+json\" class=\"yoast-schema-graph\">{\"@context\":\"https:\/\/schema.org\",\"@graph\":[{\"@type\":\"WebSite\",\"@id\":\"https:\/\/internacional.umh.es\/en\/#website\",\"url\":\"https:\/\/internacional.umh.es\/en\/\",\"name\":\"International Relations and Cooperation\",\"description\":\"Miguel Hernandez University of Elche\",\"potentialAction\":[{\"@type\":\"SearchAction\",\"target\":{\"@type\":\"EntryPoint\",\"urlTemplate\":\"https:\/\/internacional.umh.es\/en\/?s={search_term_string}\"},\"query-input\":\"required name=search_term_string\"}],\"inLanguage\":\"en-US\"},{\"@type\":\"ImageObject\",\"@id\":\"https:\/\/internacional.umh.es\/en\/movilidad\/pdi\/#primaryimage\",\"inLanguage\":\"en-US\",\"url\":\"https:\/\/internacional.umh.es\/files\/2020\/08\/Copia-de-DESTINO-1.png\",\"contentUrl\":\"https:\/\/internacional.umh.es\/files\/2020\/08\/Copia-de-DESTINO-1.png\",\"width\":410,\"height\":236,\"caption\":\"Movilidad Erasmus PDI UMH bot\\u00f3n\"},{\"@type\":\"WebPage\",\"@id\":\"https:\/\/internacional.umh.es\/en\/movilidad\/pdi\/#webpage\",\"url\":\"https:\/\/internacional.umh.es\/en\/movilidad\/pdi\/\",\"name\":\"Faculty &amp; Research Personnel - International Relations and Cooperation\",\"isPartOf\":{\"@id\":\"https:\/\/internacional.umh.es\/en\/#website\"},\"primaryImageOfPage\":{\"@id\":\"https:\/\/internacional.umh.es\/en\/movilidad\/pdi\/#primaryimage\"},\"datePublished\":\"2011-07-11T11:42:15+00:00\",\"dateModified\":\"2024-09-24T10:04:23+00:00\",\"description\":\"Novedades sobre movilidad Erasmus, Destino, M\\u00e1steres en ingl\\u00e9s, Personal visitante, Impulso docencia y semanas internacionales PDI de la UMH\",\"breadcrumb\":{\"@id\":\"https:\/\/internacional.umh.es\/en\/movilidad\/pdi\/#breadcrumb\"},\"inLanguage\":\"en-US\",\"potentialAction\":[{\"@type\":\"ReadAction\",\"target\":[\"https:\/\/internacional.umh.es\/en\/movilidad\/pdi\/\"]}]},{\"@type\":\"BreadcrumbList\",\"@id\":\"https:\/\/internacional.umh.es\/en\/movilidad\/pdi\/#breadcrumb\",\"itemListElement\":[{\"@type\":\"ListItem\",\"position\":1,\"name\":\"Home\",\"item\":\"https:\/\/internacional.umh.es\/en\/\"},{\"@type\":\"ListItem\",\"position\":2,\"name\":\"MOBILITY\",\"item\":\"https:\/\/internacional.umh.es\/en\/movilidad\/\"},{\"@type\":\"ListItem\",\"position\":3,\"name\":\"Faculty &amp; Research Personnel\"}]}]}<\/script>\n<!-- \/ Yoast SEO plugin. -->","yoast_head_json":{"description":"Novedades sobre movilidad Erasmus, Destino, M\u00e1steres en ingl\u00e9s, Personal visitante, Impulso docencia y semanas internacionales PDI de la UMH","robots":{"index":"index","follow":"follow","max-snippet":"max-snippet:-1","max-image-preview":"max-image-preview:large","max-video-preview":"max-video-preview:-1"},"canonical":"https:\/\/internacional.umh.es\/en\/movilidad\/pdi\/","og_locale":"en_US","og_type":"article","og_title":"Faculty &amp; Research Personnel - International Relations and Cooperation","og_description":"Novedades sobre movilidad Erasmus, Destino, M\u00e1steres en ingl\u00e9s, Personal visitante, Impulso docencia y semanas internacionales PDI de la UMH","og_url":"https:\/\/internacional.umh.es\/en\/movilidad\/pdi\/","og_site_name":"International Relations and Cooperation","article_modified_time":"2024-09-24T10:04:23+00:00","og_image":[{"url":"https:\/\/internacional.umh.es\/files\/2020\/08\/Copia-de-DESTINO-1.png"}],"twitter_card":"summary_large_image","schema":{"@context":"https:\/\/schema.org","@graph":[{"@type":"WebSite","@id":"https:\/\/internacional.umh.es\/en\/#website","url":"https:\/\/internacional.umh.es\/en\/","name":"International Relations and Cooperation","description":"Miguel Hernandez University of Elche","potentialAction":[{"@type":"SearchAction","target":{"@type":"EntryPoint","urlTemplate":"https:\/\/internacional.umh.es\/en\/?s={search_term_string}"},"query-input":"required name=search_term_string"}],"inLanguage":"en-US"},{"@type":"ImageObject","@id":"https:\/\/internacional.umh.es\/en\/movilidad\/pdi\/#primaryimage","inLanguage":"en-US","url":"https:\/\/internacional.umh.es\/files\/2020\/08\/Copia-de-DESTINO-1.png","contentUrl":"https:\/\/internacional.umh.es\/files\/2020\/08\/Copia-de-DESTINO-1.png","width":410,"height":236,"caption":"Movilidad Erasmus PDI UMH bot\u00f3n"},{"@type":"WebPage","@id":"https:\/\/internacional.umh.es\/en\/movilidad\/pdi\/#webpage","url":"https:\/\/internacional.umh.es\/en\/movilidad\/pdi\/","name":"Faculty &amp; Research Personnel - International Relations and Cooperation","isPartOf":{"@id":"https:\/\/internacional.umh.es\/en\/#website"},"primaryImageOfPage":{"@id":"https:\/\/internacional.umh.es\/en\/movilidad\/pdi\/#primaryimage"},"datePublished":"2011-07-11T11:42:15+00:00","dateModified":"2024-09-24T10:04:23+00:00","description":"Novedades sobre movilidad Erasmus, Destino, M\u00e1steres en ingl\u00e9s, Personal visitante, Impulso docencia y semanas internacionales PDI de la UMH","breadcrumb":{"@id":"https:\/\/internacional.umh.es\/en\/movilidad\/pdi\/#breadcrumb"},"inLanguage":"en-US","potentialAction":[{"@type":"ReadAction","target":["https:\/\/internacional.umh.es\/en\/movilidad\/pdi\/"]}]},{"@type":"BreadcrumbList","@id":"https:\/\/internacional.umh.es\/en\/movilidad\/pdi\/#breadcrumb","itemListElement":[{"@type":"ListItem","position":1,"name":"Home","item":"https:\/\/internacional.umh.es\/en\/"},{"@type":"ListItem","position":2,"name":"MOBILITY","item":"https:\/\/internacional.umh.es\/en\/movilidad\/"},{"@type":"ListItem","position":3,"name":"Faculty &amp; Research Personnel"}]}]}},"_links":{"self":[{"href":"https:\/\/internacional.umh.es\/en\/wp-json\/wp\/v2\/pages\/170"}],"collection":[{"href":"https:\/\/internacional.umh.es\/en\/wp-json\/wp\/v2\/pages"}],"about":[{"href":"https:\/\/internacional.umh.es\/en\/wp-json\/wp\/v2\/types\/page"}],"author":[{"embeddable":true,"href":"https:\/\/internacional.umh.es\/en\/wp-json\/wp\/v2\/users\/30"}],"replies":[{"embeddable":true,"href":"https:\/\/internacional.umh.es\/en\/wp-json\/wp\/v2\/comments?post=170"}],"version-history":[{"count":0,"href":"https:\/\/internacional.umh.es\/en\/wp-json\/wp\/v2\/pages\/170\/revisions"}],"up":[{"embeddable":true,"href":"https:\/\/internacional.umh.es\/en\/wp-json\/wp\/v2\/pages\/2481"}],"wp:attachment":[{"href":"https:\/\/internacional.umh.es\/en\/wp-json\/wp\/v2\/media?parent=170"}],"curies":[{"name":"wp","href":"https:\/\/api.w.org\/{rel}","templated":true}]}}