{"id":17646,"date":"2020-12-15T11:09:41","date_gmt":"2020-12-15T10:09:41","guid":{"rendered":"https:\/\/internacional.umh.es\/?page_id=17646"},"modified":"2026-03-20T12:35:57","modified_gmt":"2026-03-20T11:35:57","slug":"formacion","status":"publish","type":"page","link":"https:\/\/internacional.umh.es\/en\/cooperacion-y-voluntariado\/formacion-en-voluntariado\/formacion\/","title":{"rendered":"Training"},"content":{"rendered":"<p><\/p>\n<h3><strong><a href=\"https:\/\/internacional.umh.es\/files\/2026\/03\/NUEVO-FORMATO-Instagram-y-Facebook-26.png\"><img loading=\"lazy\" class=\"size-medium wp-image-43216 alignleft\" src=\"https:\/\/internacional.umh.es\/files\/2026\/03\/NUEVO-FORMATO-Instagram-y-Facebook-26-240x300.png\" alt=\"\" width=\"240\" height=\"300\" srcset=\"https:\/\/internacional.umh.es\/files\/2026\/03\/NUEVO-FORMATO-Instagram-y-Facebook-26-240x300.png 240w, https:\/\/internacional.umh.es\/files\/2026\/03\/NUEVO-FORMATO-Instagram-y-Facebook-26-819x1024.png 819w, https:\/\/internacional.umh.es\/files\/2026\/03\/NUEVO-FORMATO-Instagram-y-Facebook-26-768x960.png 768w, https:\/\/internacional.umh.es\/files\/2026\/03\/NUEVO-FORMATO-Instagram-y-Facebook-26.png 1080w\" sizes=\"(max-width: 240px) 100vw, 240px\" \/><\/a>BASIC TRAINING IN VOLUNTEERING EDITION 6<\/strong><\/h3>\n<p style=\"text-align: justify\">The Service of International Relations and Cooperation at the Miguel Hern\u00e1ndez University of Elche has set in motion the sixth edition of Basic Training on Volunteering. This event is taking place virtually (online) March 25 &amp; 26 (2026) from 11 a.m. &#8211; 2 p.m. and then again on March 27 (2025) from 11:30 a.m. to 1:30 p.m. Central European Time.<\/p>\n<p style=\"text-align: justify\">Individuals interested have until March 23, 2026, to register. By taking part in this training, they learn what volunteering entails, discover the areas where they can volunteer, and understand the rights and responsibilities of volunteers.<\/p>\n<p style=\"text-align: justify\">To register, go to the link (<a href=\"http:\/\/universite.umh.es\/fpogestion\/aspx\/Preinscripcion\/Preinscripcion.aspx\">http:\/\/universite.umh.es\/fpogestion\/aspx\/Preinscripcion\/Preinscripcion.aspx<\/a>). Then, follow these steps as follows: In <em>Tipo de ense\u00f1anza<\/em>, choose <em>COOPERACI\u00d3N AL DESARROLLO Y VOLUNTARIADO<\/em>; and in <em>Ense\u00f1anza<\/em>, choose <em>VI Edici\u00f3n Formaci\u00f3n B\u00e1sica en Voluntariado<\/em>. Individuals who attend may receive 0.6 Transversal Credits.<\/p>\n<p style=\"text-align: justify\">To consult the complete program, <a href=\"https:\/\/internacional.umh.es\/files\/2026\/03\/PROGRAMA-FBV-VI-Edicion.pdf\">click this link<\/a>.<\/p>\n<p style=\"text-align: justify\">This action is part of the UMH University Development Cooperation Program that is funded in part by the Direcci\u00f3n General de Inclusi\u00f3n y Cooperaci\u00f3n al Desarrollo, by the First Vice President, and the Ministry of Social Services, Family, and Infancy at the Generalitat Valenciana.<\/p>\n<hr>\n<p><strong><a href=\"https:\/\/internacional.umh.es\/cursos-de-formacion-de-voluntariado-anteriores\/\">Previous editions of Basic Training in Volunteering<\/a><\/strong><\/p>\n<p style=\"text-align: justify\">&nbsp;<\/p>\n<p><\/p>","protected":false},"excerpt":{"rendered":"<p>BASIC TRAINING IN VOLUNTEERING EDITION 6<br \/>\nThe Service of International Relations and Cooperation at the Miguel Hern\u00e1ndez University of Elche has set in motion the sixth edition of Basic Training on Volunteering. This event is taking place virtually (online) March 25 &amp; 26 (2026) from 11 a.m. &#8211; 2 p.m. and then again on March 27 [&#8230;]<\/p>\n","protected":false},"author":5216,"featured_media":0,"parent":10271,"menu_order":0,"comment_status":"closed","ping_status":"closed","template":"","meta":{"ngg_post_thumbnail":0,"_links_to":"","_links_to_target":""},"yoast_head":"<!-- This site is optimized with the Yoast SEO plugin v17.5 - https:\/\/yoast.com\/wordpress\/plugins\/seo\/ -->\n<meta name=\"description\" content=\"El \u00c1rea de Cooperaci\u00f3n al Desarrollo y Voluntariado de la UMH ha puesto en marcha la 4\u00aa edici\u00f3n de la \u00abFormaci\u00f3n b\u00e1sica en voluntariado\u00bb.\" \/>\n<meta name=\"robots\" content=\"index, follow, max-snippet:-1, max-image-preview:large, max-video-preview:-1\" \/>\n<link rel=\"canonical\" href=\"https:\/\/internacional.umh.es\/en\/cooperacion-y-voluntariado\/formacion-en-voluntariado\/formacion\/\" \/>\n<meta property=\"og:locale\" content=\"en_US\" \/>\n<meta property=\"og:type\" content=\"article\" \/>\n<meta property=\"og:title\" content=\"Training - International Relations and Cooperation\" \/>\n<meta property=\"og:description\" content=\"El \u00c1rea de Cooperaci\u00f3n al Desarrollo y Voluntariado de la UMH ha puesto en marcha la 4\u00aa edici\u00f3n de la \u00abFormaci\u00f3n b\u00e1sica en voluntariado\u00bb.\" \/>\n<meta property=\"og:url\" content=\"https:\/\/internacional.umh.es\/cooperacion-y-voluntariado\/formacion-en-voluntariado\/formacion\/\" \/>\n<meta property=\"og:site_name\" content=\"International Relations and Cooperation\" \/>\n<meta property=\"article:modified_time\" content=\"2026-03-20T11:35:57+00:00\" \/>\n<meta property=\"og:image\" content=\"https:\/\/internacional.umh.es\/files\/2026\/03\/NUEVO-FORMATO-Instagram-y-Facebook-26-240x300.png\" \/>\n<meta name=\"twitter:card\" content=\"summary_large_image\" \/>\n<meta name=\"twitter:label1\" content=\"Est. reading time\" \/>\n\t<meta name=\"twitter:data1\" content=\"10 minutes\" \/>\n<script type=\"application\/ld+json\" class=\"yoast-schema-graph\">{\"@context\":\"https:\/\/schema.org\",\"@graph\":[{\"@type\":\"WebSite\",\"@id\":\"https:\/\/internacional.umh.es\/en\/#website\",\"url\":\"https:\/\/internacional.umh.es\/en\/\",\"name\":\"International Relations and Cooperation\",\"description\":\"Miguel Hernandez University of Elche\",\"potentialAction\":[{\"@type\":\"SearchAction\",\"target\":{\"@type\":\"EntryPoint\",\"urlTemplate\":\"https:\/\/internacional.umh.es\/en\/?s={search_term_string}\"},\"query-input\":\"required name=search_term_string\"}],\"inLanguage\":\"en-US\"},{\"@type\":\"ImageObject\",\"@id\":\"https:\/\/internacional.umh.es\/cooperacion-y-voluntariado\/formacion-en-voluntariado\/formacion\/#primaryimage\",\"inLanguage\":\"en-US\",\"url\":\"https:\/\/internacional.umh.es\/files\/2026\/03\/NUEVO-FORMATO-Instagram-y-Facebook-26.png\",\"contentUrl\":\"https:\/\/internacional.umh.es\/files\/2026\/03\/NUEVO-FORMATO-Instagram-y-Facebook-26.png\",\"width\":1080,\"height\":1350},{\"@type\":\"WebPage\",\"@id\":\"https:\/\/internacional.umh.es\/cooperacion-y-voluntariado\/formacion-en-voluntariado\/formacion\/#webpage\",\"url\":\"https:\/\/internacional.umh.es\/cooperacion-y-voluntariado\/formacion-en-voluntariado\/formacion\/\",\"name\":\"Training - International Relations and Cooperation\",\"isPartOf\":{\"@id\":\"https:\/\/internacional.umh.es\/en\/#website\"},\"primaryImageOfPage\":{\"@id\":\"https:\/\/internacional.umh.es\/cooperacion-y-voluntariado\/formacion-en-voluntariado\/formacion\/#primaryimage\"},\"datePublished\":\"2020-12-15T10:09:41+00:00\",\"dateModified\":\"2026-03-20T11:35:57+00:00\",\"description\":\"El \\u00c1rea de Cooperaci\\u00f3n al Desarrollo y Voluntariado de la UMH ha puesto en marcha la 4\\u00aa edici\\u00f3n de la \\u00abFormaci\\u00f3n b\\u00e1sica en voluntariado\\u00bb.\",\"breadcrumb\":{\"@id\":\"https:\/\/internacional.umh.es\/cooperacion-y-voluntariado\/formacion-en-voluntariado\/formacion\/#breadcrumb\"},\"inLanguage\":\"en-US\",\"potentialAction\":[{\"@type\":\"ReadAction\",\"target\":[\"https:\/\/internacional.umh.es\/cooperacion-y-voluntariado\/formacion-en-voluntariado\/formacion\/\"]}]},{\"@type\":\"BreadcrumbList\",\"@id\":\"https:\/\/internacional.umh.es\/cooperacion-y-voluntariado\/formacion-en-voluntariado\/formacion\/#breadcrumb\",\"itemListElement\":[{\"@type\":\"ListItem\",\"position\":1,\"name\":\"Home\",\"item\":\"https:\/\/internacional.umh.es\/en\/\"},{\"@type\":\"ListItem\",\"position\":2,\"name\":\"COOPERACI\\u00d3 I VOLUNTARIAT\",\"item\":\"https:\/\/internacional.umh.es\/ca\/cooperacion-y-voluntariado\/\"},{\"@type\":\"ListItem\",\"position\":3,\"name\":\"Formaci\\u00f3 i esdeveniments\",\"item\":\"https:\/\/internacional.umh.es\/ca\/cooperacion-y-voluntariado\/formacion-en-voluntariado\/\"},{\"@type\":\"ListItem\",\"position\":4,\"name\":\"Formaci\\u00f3n\"}]}]}<\/script>\n<!-- \/ Yoast SEO plugin. -->","yoast_head_json":{"description":"El \u00c1rea de Cooperaci\u00f3n al Desarrollo y Voluntariado de la UMH ha puesto en marcha la 4\u00aa edici\u00f3n de la \u00abFormaci\u00f3n b\u00e1sica en voluntariado\u00bb.","robots":{"index":"index","follow":"follow","max-snippet":"max-snippet:-1","max-image-preview":"max-image-preview:large","max-video-preview":"max-video-preview:-1"},"canonical":"https:\/\/internacional.umh.es\/en\/cooperacion-y-voluntariado\/formacion-en-voluntariado\/formacion\/","og_locale":"en_US","og_type":"article","og_title":"Training - International Relations and Cooperation","og_description":"El \u00c1rea de Cooperaci\u00f3n al Desarrollo y Voluntariado de la UMH ha puesto en marcha la 4\u00aa edici\u00f3n de la \u00abFormaci\u00f3n b\u00e1sica en voluntariado\u00bb.","og_url":"https:\/\/internacional.umh.es\/cooperacion-y-voluntariado\/formacion-en-voluntariado\/formacion\/","og_site_name":"International Relations and Cooperation","article_modified_time":"2026-03-20T11:35:57+00:00","og_image":[{"url":"https:\/\/internacional.umh.es\/files\/2026\/03\/NUEVO-FORMATO-Instagram-y-Facebook-26-240x300.png"}],"twitter_card":"summary_large_image","twitter_misc":{"Est. reading time":"10 minutes"},"schema":{"@context":"https:\/\/schema.org","@graph":[{"@type":"WebSite","@id":"https:\/\/internacional.umh.es\/en\/#website","url":"https:\/\/internacional.umh.es\/en\/","name":"International Relations and Cooperation","description":"Miguel Hernandez University of Elche","potentialAction":[{"@type":"SearchAction","target":{"@type":"EntryPoint","urlTemplate":"https:\/\/internacional.umh.es\/en\/?s={search_term_string}"},"query-input":"required name=search_term_string"}],"inLanguage":"en-US"},{"@type":"ImageObject","@id":"https:\/\/internacional.umh.es\/cooperacion-y-voluntariado\/formacion-en-voluntariado\/formacion\/#primaryimage","inLanguage":"en-US","url":"https:\/\/internacional.umh.es\/files\/2026\/03\/NUEVO-FORMATO-Instagram-y-Facebook-26.png","contentUrl":"https:\/\/internacional.umh.es\/files\/2026\/03\/NUEVO-FORMATO-Instagram-y-Facebook-26.png","width":1080,"height":1350},{"@type":"WebPage","@id":"https:\/\/internacional.umh.es\/cooperacion-y-voluntariado\/formacion-en-voluntariado\/formacion\/#webpage","url":"https:\/\/internacional.umh.es\/cooperacion-y-voluntariado\/formacion-en-voluntariado\/formacion\/","name":"Training - International Relations and Cooperation","isPartOf":{"@id":"https:\/\/internacional.umh.es\/en\/#website"},"primaryImageOfPage":{"@id":"https:\/\/internacional.umh.es\/cooperacion-y-voluntariado\/formacion-en-voluntariado\/formacion\/#primaryimage"},"datePublished":"2020-12-15T10:09:41+00:00","dateModified":"2026-03-20T11:35:57+00:00","description":"El \u00c1rea de Cooperaci\u00f3n al Desarrollo y Voluntariado de la UMH ha puesto en marcha la 4\u00aa edici\u00f3n de la \u00abFormaci\u00f3n b\u00e1sica en voluntariado\u00bb.","breadcrumb":{"@id":"https:\/\/internacional.umh.es\/cooperacion-y-voluntariado\/formacion-en-voluntariado\/formacion\/#breadcrumb"},"inLanguage":"en-US","potentialAction":[{"@type":"ReadAction","target":["https:\/\/internacional.umh.es\/cooperacion-y-voluntariado\/formacion-en-voluntariado\/formacion\/"]}]},{"@type":"BreadcrumbList","@id":"https:\/\/internacional.umh.es\/cooperacion-y-voluntariado\/formacion-en-voluntariado\/formacion\/#breadcrumb","itemListElement":[{"@type":"ListItem","position":1,"name":"Home","item":"https:\/\/internacional.umh.es\/en\/"},{"@type":"ListItem","position":2,"name":"COOPERACI\u00d3 I VOLUNTARIAT","item":"https:\/\/internacional.umh.es\/ca\/cooperacion-y-voluntariado\/"},{"@type":"ListItem","position":3,"name":"Formaci\u00f3 i esdeveniments","item":"https:\/\/internacional.umh.es\/ca\/cooperacion-y-voluntariado\/formacion-en-voluntariado\/"},{"@type":"ListItem","position":4,"name":"Formaci\u00f3n"}]}]}},"_links":{"self":[{"href":"https:\/\/internacional.umh.es\/en\/wp-json\/wp\/v2\/pages\/17646"}],"collection":[{"href":"https:\/\/internacional.umh.es\/en\/wp-json\/wp\/v2\/pages"}],"about":[{"href":"https:\/\/internacional.umh.es\/en\/wp-json\/wp\/v2\/types\/page"}],"author":[{"embeddable":true,"href":"https:\/\/internacional.umh.es\/en\/wp-json\/wp\/v2\/users\/5216"}],"replies":[{"embeddable":true,"href":"https:\/\/internacional.umh.es\/en\/wp-json\/wp\/v2\/comments?post=17646"}],"version-history":[{"count":0,"href":"https:\/\/internacional.umh.es\/en\/wp-json\/wp\/v2\/pages\/17646\/revisions"}],"up":[{"embeddable":true,"href":"https:\/\/internacional.umh.es\/en\/wp-json\/wp\/v2\/pages\/10271"}],"wp:attachment":[{"href":"https:\/\/internacional.umh.es\/en\/wp-json\/wp\/v2\/media?parent=17646"}],"curies":[{"name":"wp","href":"https:\/\/api.w.org\/{rel}","templated":true}]}}